{"id":16222,"date":"2026-04-06T23:39:55","date_gmt":"2026-04-06T22:39:55","guid":{"rendered":"https:\/\/grillcentrum.shop\/gree\/produkt\/fotel-wiszacy-dwuosobowy-kokon-kosz-ogrodowy-hustawka-de-lux-maxi\/"},"modified":"2026-04-11T02:22:40","modified_gmt":"2026-04-11T01:22:40","slug":"fotel-wiszacy-dwuosobowy-kokon-kosz-ogrodowy-hustawka-de-lux-maxi","status":"publish","type":"product","link":"https:\/\/tivrano.shop\/grill\/produkt\/fotel-wiszacy-dwuosobowy-kokon-kosz-ogrodowy-hustawka-de-lux-maxi\/","title":{"rendered":"Fotel wisz\u0105cy DWUOSOBOWY kokon kosz ogrodowy hu\u015btawka DE LUX MAXI"},"content":{"rendered":"<div style=\"font-family: Arial, sans-serif; line-height: 1.6; color: #333; padding: 20px; clear: both; display: block; width: 100%; float: none; position: static; overflow: hidden;\">\n<div style=\"clear: both; display: block; margin: 10px 0;\">\n<div style=\"clear: both; display: block; margin: 10px 0;\">\n<div style=\"clear: both; display: block; margin: 10px 0;\">\n<div  style=\"max-width:1015px;max-height:994px\">\n<div style=\"clear: both; display: block; margin: 10px 0;\">\n<div style=\"clear: both; width: 100%; display: block; margin: 20px 0; padding: 0; float: none; position: static; text-align: center;\"><img decoding=\"async\"  src=\"https:\/\/a.allegroimg.com\/original\/11d4f1\/e95abc6c41848e217f7e0dc76ee1\/Fotel-wiszacy-DWUOSOBOWY-kokon-kosz-ogrodowy-hustawka-DE-LUX-MAXI\" srcset=\"https:\/\/a.allegroimg.com\/original\/11d4f1\/e95abc6c41848e217f7e0dc76ee1\/Fotel-wiszacy-DWUOSOBOWY-kokon-kosz-ogrodowy-hustawka-DE-LUX-MAXI 360w,https:\/\/a.allegroimg.com\/original\/11d4f1\/e95abc6c41848e217f7e0dc76ee1\/Fotel-wiszacy-DWUOSOBOWY-kokon-kosz-ogrodowy-hustawka-DE-LUX-MAXI 720w,https:\/\/a.allegroimg.com\/original\/11d4f1\/e95abc6c41848e217f7e0dc76ee1\/Fotel-wiszacy-DWUOSOBOWY-kokon-kosz-ogrodowy-hustawka-DE-LUX-MAXI 1015w,https:\/\/a.allegroimg.com\/original\/11d4f1\/e95abc6c41848e217f7e0dc76ee1\/Fotel-wiszacy-DWUOSOBOWY-kokon-kosz-ogrodowy-hustawka-DE-LUX-MAXI 1015w\" sizes=\"(min-width: 1200px) 560px, (min-width: 992px) 50vw, 100vw\" width=\"1015px\" alt=\"Fotel wisz\u0105cy DWUOSOBOWY kokon kosz ogrodowy hu\u015btawka DE LUX MAXI\" style=\"max-width: 100%; height: auto; display: block; margin: 0 auto;\"><\/div>\n<\/div>\n<\/div>\n<\/div>\n<\/div>\n<div style=\"clear: both; display: block; margin: 10px 0;\">\n<div style=\"clear: both; display: block; margin: 10px 0;\">\n<h1>Super cena na allegro ! Najlepsza sprawdzona jako\u015b\u0107<\/h1>\n<h1>Fotel wisz\u0105cy dwuosobowy maxi 135 cm szeroki z poduszkami.<\/h1>\n<p style=\"margin: 15px 0; line-height: 1.8; clear: both; display: block; width: 100%; float: none; position: static;\">Fotel dwuosobowy,&nbsp;hu\u015btawka, kosz, kt\u00f3ry idealnie sprawdzi si\u0119 w ogrodzie, na tarasie lub w domu.<\/p>\n<p style=\"margin: 15px 0; line-height: 1.8; clear: both; display: block; width: 100%; float: none; position: static;\">Du\u017ca komfortowa stabilna konstrukcja oraz bardzo wygodna dzi\u0119ki mi\u0119kkim poduszkom. Nowoczesny design sprawi \u017ce fotel odmieni tw\u00f3j ogr\u00f3d lub wn\u0119trze.&nbsp; Dzi\u0119ki stalowej, stabilnej konstrukcji zapewnia bezpiecze\u0144stwo, a wykonany z elastycznej plecionki kosz i du\u017ce, niezwykle mi\u0119kkie poduszki daj\u0105 maksymalny komfort i wygod\u0119.<\/p>\n<h2>KOLOR KOSZA:<\/h2>\n<ul style=\"margin: 15px 0; padding-left: 20px; clear: both; display: block; width: 100%; float: none; position: static;\">\n<li style=\"margin: 5px 0; padding: 2px 0; clear: both; display: list-item; float: none; position: static;\"><b>BRAZOWY lub CZARNY<\/b><\/li>\n<\/ul>\n<h3 style=\"color: #2c5aa0; font-size: 18px; margin: 30px 0 15px 0; font-weight: bold; clear: both; display: block; width: 100%; float: none; position: static;\">PODUSZKI szare be\u017cowe niebieski<\/h3>\n<h3 style=\"color: #2c5aa0; font-size: 18px; margin: 30px 0 15px 0; font-weight: bold; clear: both; display: block; width: 100%; float: none; position: static;\">kolor podaj w wiadomosci<\/h3>\n<\/div>\n<\/div>\n<\/div>\n<div style=\"clear: both; display: block; margin: 10px 0;\">\n<div style=\"clear: both; display: block; margin: 10px 0;\">\n<div style=\"clear: both; display: block; margin: 10px 0;\">\n<div  style=\"max-width:967px;max-height:701px\">\n<div style=\"clear: both; display: block; margin: 10px 0;\">\n<div style=\"clear: both; width: 100%; display: block; margin: 20px 0; padding: 0; float: none; position: static; text-align: center;\"><img decoding=\"async\"  src=\"https:\/\/a.allegroimg.com\/original\/111683\/974a917c4054bc015ad9241c8f52\/Fotel-wiszacy-DWUOSOBOWY-kokon-kosz-ogrodowy-hustawka-DE-LUX-MAXI-Obciazenie-maksymalne-200-kg\" srcset=\"https:\/\/a.allegroimg.com\/original\/111683\/974a917c4054bc015ad9241c8f52\/Fotel-wiszacy-DWUOSOBOWY-kokon-kosz-ogrodowy-hustawka-DE-LUX-MAXI-Obciazenie-maksymalne-200-kg 360w,https:\/\/a.allegroimg.com\/original\/111683\/974a917c4054bc015ad9241c8f52\/Fotel-wiszacy-DWUOSOBOWY-kokon-kosz-ogrodowy-hustawka-DE-LUX-MAXI-Obciazenie-maksymalne-200-kg 720w,https:\/\/a.allegroimg.com\/original\/111683\/974a917c4054bc015ad9241c8f52\/Fotel-wiszacy-DWUOSOBOWY-kokon-kosz-ogrodowy-hustawka-DE-LUX-MAXI-Obciazenie-maksymalne-200-kg 967w,https:\/\/a.allegroimg.com\/original\/111683\/974a917c4054bc015ad9241c8f52\/Fotel-wiszacy-DWUOSOBOWY-kokon-kosz-ogrodowy-hustawka-DE-LUX-MAXI-Obciazenie-maksymalne-200-kg 967w\" sizes=\"(min-width: 1200px) 560px, (min-width: 992px) 50vw, 100vw\" width=\"967px\" alt=\"Fotel wisz\u0105cy DWUOSOBOWY kokon kosz ogrodowy hu\u015btawka DE LUX MAXI Obci\u0105\u017cenie maksymalne 200 kg\" style=\"max-width: 100%; height: auto; display: block; margin: 0 auto;\"><\/div>\n<\/div>\n<\/div>\n<\/div>\n<\/div>\n<div style=\"clear: both; display: block; margin: 10px 0;\">\n<div style=\"clear: both; display: block; margin: 10px 0;\">\n<ul style=\"margin: 15px 0; padding-left: 20px; clear: both; display: block; width: 100%; float: none; position: static;\">\n<li style=\"margin: 5px 0; padding: 2px 0; clear: both; display: list-item; float: none; position: static;\"><b>OPIS PRODUKTU:<\/b><\/li>\n<li style=\"margin: 5px 0; padding: 2px 0; clear: both; display: list-item; float: none; position: static;\">kosz wykonany z tworzywa sztucznego jest lekki i wytrzyma\u0142y na warunki atmosferyczne<\/li>\n<li style=\"margin: 5px 0; padding: 2px 0; clear: both; display: list-item; float: none; position: static;\">kosz r\u0119cznie opleciony;<\/li>\n<li style=\"margin: 5px 0; padding: 2px 0; clear: both; display: list-item; float: none; position: static;\">pikowana poduszka wykonana z impregnowanego materia\u0142u oraz dwa zag\u0142\u00f3wki ROZPINANA MOZNA PRA\u0106<\/li>\n<li style=\"margin: 5px 0; padding: 2px 0; clear: both; display: list-item; float: none; position: static;\">stabilna stalowa rama malowana proszkowo<\/li>\n<li style=\"margin: 5px 0; padding: 2px 0; clear: both; display: list-item; float: none; position: static;\">wzmocnienie ramy przy podstawie<\/li>\n<li style=\"margin: 5px 0; padding: 2px 0; clear: both; display: list-item; float: none; position: static;\">stela\u017c W KOLO\u017bE KOSZA<\/li>\n<li style=\"margin: 5px 0; padding: 2px 0; clear: both; display: list-item; float: none; position: static;\"><b>DANE TECHNICZNE :<\/b><\/li>\n<li style=\"margin: 5px 0; padding: 2px 0; clear: both; display: list-item; float: none; position: static;\"><b>producent: LEVITO<\/b><\/li>\n<li style=\"margin: 5px 0; padding: 2px 0; clear: both; display: list-item; float: none; position: static;\"><b>model: levito 151A<\/b><\/li>\n<li style=\"margin: 5px 0; padding: 2px 0; clear: both; display: list-item; float: none; position: static;\">sk\u0142ad zestawu: stela\u017c, kosz, poduszka du\u017ca i dwie poduszki ma\u0142e<\/li>\n<li style=\"margin: 5px 0; padding: 2px 0; clear: both; display: list-item; float: none; position: static;\">wysoko\u015b\u0107 stela\u017ca: 195 cm<\/li>\n<li style=\"margin: 5px 0; padding: 2px 0; clear: both; display: list-item; float: none; position: static;\">\u015brednica podstawy: 120 cm<\/li>\n<li style=\"margin: 5px 0; padding: 2px 0; clear: both; display: list-item; float: none; position: static;\">wymiary kosza: szer. 135 x wys.115 x g\u0142.75<\/li>\n<li style=\"margin: 5px 0; padding: 2px 0; clear: both; display: list-item; float: none; position: static;\">maksymalne obci\u0105\u017cenie: 220 kg<\/li>\n<\/ul>\n<\/div>\n<\/div>\n<\/div>\n<div style=\"clear: both; display: block; margin: 10px 0;\">\n<div style=\"clear: both; display: block; margin: 10px 0;\">\n<div style=\"clear: both; display: block; margin: 10px 0;\">\n<div  style=\"max-width:1081px;max-height:1010px\">\n<div style=\"clear: both; display: block; margin: 10px 0;\">\n<div style=\"clear: both; width: 100%; display: block; margin: 20px 0; padding: 0; float: none; position: static; text-align: center;\"><img decoding=\"async\"  src=\"https:\/\/a.allegroimg.com\/original\/11eadb\/61d9df7d4a9cbf5f0d94d0ae2564\/Fotel-wiszacy-DWUOSOBOWY-kokon-kosz-ogrodowy-hustawka-DE-LUX-MAXI-Producent-nieznany-producent\" srcset=\"https:\/\/a.allegroimg.com\/original\/11eadb\/61d9df7d4a9cbf5f0d94d0ae2564\/Fotel-wiszacy-DWUOSOBOWY-kokon-kosz-ogrodowy-hustawka-DE-LUX-MAXI-Producent-nieznany-producent 360w,https:\/\/a.allegroimg.com\/original\/11eadb\/61d9df7d4a9cbf5f0d94d0ae2564\/Fotel-wiszacy-DWUOSOBOWY-kokon-kosz-ogrodowy-hustawka-DE-LUX-MAXI-Producent-nieznany-producent 720w,https:\/\/a.allegroimg.com\/original\/11eadb\/61d9df7d4a9cbf5f0d94d0ae2564\/Fotel-wiszacy-DWUOSOBOWY-kokon-kosz-ogrodowy-hustawka-DE-LUX-MAXI-Producent-nieznany-producent 1024w,https:\/\/a.allegroimg.com\/original\/11eadb\/61d9df7d4a9cbf5f0d94d0ae2564\/Fotel-wiszacy-DWUOSOBOWY-kokon-kosz-ogrodowy-hustawka-DE-LUX-MAXI-Producent-nieznany-producent 1081w,https:\/\/a.allegroimg.com\/original\/11eadb\/61d9df7d4a9cbf5f0d94d0ae2564\/Fotel-wiszacy-DWUOSOBOWY-kokon-kosz-ogrodowy-hustawka-DE-LUX-MAXI-Producent-nieznany-producent 1081w\" sizes=\"(min-width: 1200px) 560px, (min-width: 992px) 50vw, 100vw\" width=\"1081px\" alt=\"Fotel wisz\u0105cy DWUOSOBOWY kokon kosz ogrodowy hu\u015btawka DE LUX MAXI Producent nieznany producent\" style=\"max-width: 100%; height: auto; display: block; margin: 0 auto;\"><\/div>\n<\/div>\n<\/div>\n<\/div>\n<\/div>\n<div style=\"clear: both; display: block; margin: 10px 0;\">\n<div style=\"clear: both; display: block; margin: 10px 0;\">\n<div  style=\"max-width:1045px;max-height:837px\">\n<div style=\"clear: both; display: block; margin: 10px 0;\">\n<div style=\"clear: both; width: 100%; display: block; margin: 20px 0; padding: 0; float: none; position: static; text-align: center;\"><img decoding=\"async\"  src=\"https:\/\/a.allegroimg.com\/original\/111e30\/316bc9594b89a88caa59bf33f239\/Fotel-wiszacy-DWUOSOBOWY-kokon-kosz-ogrodowy-hustawka-DE-LUX-MAXI-Srednica-szerokosc-siedziska-240-cm\" srcset=\"https:\/\/a.allegroimg.com\/original\/111e30\/316bc9594b89a88caa59bf33f239\/Fotel-wiszacy-DWUOSOBOWY-kokon-kosz-ogrodowy-hustawka-DE-LUX-MAXI-Srednica-szerokosc-siedziska-240-cm 360w,https:\/\/a.allegroimg.com\/original\/111e30\/316bc9594b89a88caa59bf33f239\/Fotel-wiszacy-DWUOSOBOWY-kokon-kosz-ogrodowy-hustawka-DE-LUX-MAXI-Srednica-szerokosc-siedziska-240-cm 720w,https:\/\/a.allegroimg.com\/original\/111e30\/316bc9594b89a88caa59bf33f239\/Fotel-wiszacy-DWUOSOBOWY-kokon-kosz-ogrodowy-hustawka-DE-LUX-MAXI-Srednica-szerokosc-siedziska-240-cm 1024w,https:\/\/a.allegroimg.com\/original\/111e30\/316bc9594b89a88caa59bf33f239\/Fotel-wiszacy-DWUOSOBOWY-kokon-kosz-ogrodowy-hustawka-DE-LUX-MAXI-Srednica-szerokosc-siedziska-240-cm 1045w,https:\/\/a.allegroimg.com\/original\/111e30\/316bc9594b89a88caa59bf33f239\/Fotel-wiszacy-DWUOSOBOWY-kokon-kosz-ogrodowy-hustawka-DE-LUX-MAXI-Srednica-szerokosc-siedziska-240-cm 1045w\" sizes=\"(min-width: 1200px) 560px, (min-width: 992px) 50vw, 100vw\" width=\"1045px\" alt=\"Fotel wisz\u0105cy DWUOSOBOWY kokon kosz ogrodowy hu\u015btawka DE LUX MAXI \u015arednica\/szeroko\u015b\u0107 siedziska 240 cm\" style=\"max-width: 100%; height: auto; display: block; margin: 0 auto;\"><\/div>\n<\/div>\n<\/div>\n<\/div>\n<\/div>\n<\/div>\n<div style=\"clear: both; display: block; margin: 10px 0;\">\n<div style=\"clear: both; display: block; margin: 10px 0;\">\n<div style=\"clear: both; display: block; margin: 10px 0;\">\n<div  style=\"max-width:1192px;max-height:1038px\">\n<div style=\"clear: both; display: block; margin: 10px 0;\">\n<div style=\"clear: both; width: 100%; display: block; margin: 20px 0; padding: 0; float: none; position: static; text-align: center;\"><img decoding=\"async\"  src=\"https:\/\/a.allegroimg.com\/original\/11d3ab\/a1369e9041bb99590c172e98be5e\/Fotel-wiszacy-DWUOSOBOWY-kokon-kosz-ogrodowy-hustawka-DE-LUX-MAXI-Kolor-brazowy\" srcset=\"https:\/\/a.allegroimg.com\/original\/11d3ab\/a1369e9041bb99590c172e98be5e\/Fotel-wiszacy-DWUOSOBOWY-kokon-kosz-ogrodowy-hustawka-DE-LUX-MAXI-Kolor-brazowy 360w,https:\/\/a.allegroimg.com\/original\/11d3ab\/a1369e9041bb99590c172e98be5e\/Fotel-wiszacy-DWUOSOBOWY-kokon-kosz-ogrodowy-hustawka-DE-LUX-MAXI-Kolor-brazowy 720w,https:\/\/a.allegroimg.com\/original\/11d3ab\/a1369e9041bb99590c172e98be5e\/Fotel-wiszacy-DWUOSOBOWY-kokon-kosz-ogrodowy-hustawka-DE-LUX-MAXI-Kolor-brazowy 1024w,https:\/\/a.allegroimg.com\/original\/11d3ab\/a1369e9041bb99590c172e98be5e\/Fotel-wiszacy-DWUOSOBOWY-kokon-kosz-ogrodowy-hustawka-DE-LUX-MAXI-Kolor-brazowy 1192w,https:\/\/a.allegroimg.com\/original\/11d3ab\/a1369e9041bb99590c172e98be5e\/Fotel-wiszacy-DWUOSOBOWY-kokon-kosz-ogrodowy-hustawka-DE-LUX-MAXI-Kolor-brazowy 1192w\" sizes=\"(min-width: 1200px) 560px, (min-width: 992px) 50vw, 100vw\" width=\"1192px\" alt=\"Fotel wisz\u0105cy DWUOSOBOWY kokon kosz ogrodowy hu\u015btawka DE LUX MAXI Kolor br\u0105zowy\" style=\"max-width: 100%; height: auto; display: block; margin: 0 auto;\"><\/div>\n<\/div>\n<\/div>\n<\/div>\n<\/div>\n<div style=\"clear: both; display: block; margin: 10px 0;\">\n<div style=\"clear: both; display: block; margin: 10px 0;\">\n<div  style=\"max-width:1063px;max-height:1038px\">\n<div style=\"clear: both; display: block; margin: 10px 0;\">\n<div style=\"clear: both; width: 100%; display: block; margin: 20px 0; padding: 0; float: none; position: static; text-align: center;\"><img decoding=\"async\"  src=\"https:\/\/a.allegroimg.com\/original\/115b21\/ec20461b4b55a747472e176f3151\/Fotel-wiszacy-DWUOSOBOWY-kokon-kosz-ogrodowy-hustawka-DE-LUX-MAXI-Rodzaj-fotel-wiszacy-wolnostojacy\" srcset=\"https:\/\/a.allegroimg.com\/original\/115b21\/ec20461b4b55a747472e176f3151\/Fotel-wiszacy-DWUOSOBOWY-kokon-kosz-ogrodowy-hustawka-DE-LUX-MAXI-Rodzaj-fotel-wiszacy-wolnostojacy 360w,https:\/\/a.allegroimg.com\/original\/115b21\/ec20461b4b55a747472e176f3151\/Fotel-wiszacy-DWUOSOBOWY-kokon-kosz-ogrodowy-hustawka-DE-LUX-MAXI-Rodzaj-fotel-wiszacy-wolnostojacy 720w,https:\/\/a.allegroimg.com\/original\/115b21\/ec20461b4b55a747472e176f3151\/Fotel-wiszacy-DWUOSOBOWY-kokon-kosz-ogrodowy-hustawka-DE-LUX-MAXI-Rodzaj-fotel-wiszacy-wolnostojacy 1024w,https:\/\/a.allegroimg.com\/original\/115b21\/ec20461b4b55a747472e176f3151\/Fotel-wiszacy-DWUOSOBOWY-kokon-kosz-ogrodowy-hustawka-DE-LUX-MAXI-Rodzaj-fotel-wiszacy-wolnostojacy 1063w,https:\/\/a.allegroimg.com\/original\/115b21\/ec20461b4b55a747472e176f3151\/Fotel-wiszacy-DWUOSOBOWY-kokon-kosz-ogrodowy-hustawka-DE-LUX-MAXI-Rodzaj-fotel-wiszacy-wolnostojacy 1063w\" sizes=\"(min-width: 1200px) 560px, (min-width: 992px) 50vw, 100vw\" width=\"1063px\" alt=\"Fotel wisz\u0105cy DWUOSOBOWY kokon kosz ogrodowy hu\u015btawka DE LUX MAXI Rodzaj fotel wisz\u0105cy wolnostoj\u0105cy\" style=\"max-width: 100%; height: auto; display: block; margin: 0 auto;\"><\/div>\n<\/div>\n<\/div>\n<\/div>\n<\/div>\n<\/div>\n<\/div>\n<\/div>\n<\/div>\n<div style=\"clear: both; display: block; margin: 10px 0;\">\n","protected":false},"excerpt":{"rendered":"<p>Super cena na allegro ! Najlepsza sprawdzona jako\u015b\u0107<\/p>\n<p>Fotel wisz\u0105cy dwuosobowy maxi 135 cm szeroki z poduszkami.<\/p>\n<p>Fotel dwuosobowy,&nbsp;hu\u015btawka, kosz, kt\u00f3ry idealnie sprawdzi si\u0119 w ogrodzie, na tarasie lub w domu.<\/p>\n<p>Du\u017ca komfortowa stabilna konstrukcja oraz bardzo wygodna dzi\u0119ki mi\u0119kkim poduszkom. Nowoczesny design sprawi \u017ce fotel odmieni tw\u00f3j ogr\u00f3d lub wn\u0119trze.&nbsp; Dzi\u0119ki stalowej, stabilnej konstrukcji zapewnia bezpiecze\u0144stwo, a wykonany z elastycznej plecionki kosz i du\u017ce, niezwykle mi\u0119kkie poduszki daj\u0105 maksymalny komfort i wygod\u0119.<\/p>\n<p>KOLOR KOSZA:<\/p>\n<p>BRAZOWY lub CZARNY<\/p>\n","protected":false},"featured_media":16223,"template":"","meta":{"_uag_custom_page_level_css":""},"product_brand":[],"product_cat":[549,542,541],"product_tag":[],"class_list":{"0":"post-16222","1":"product","2":"type-product","3":"status-publish","4":"has-post-thumbnail","6":"product_cat-fotele-wiszace","7":"product_cat-meble-ogrodowe","8":"product_cat-ogrod","9":"product_shipping_class-transport-na-paletach","11":"first","12":"instock","13":"sale","14":"shipping-taxable","15":"purchasable","16":"product-type-simple"},"uagb_featured_image_src":{"full":["https:\/\/tivrano.shop\/grill\/wp-content\/uploads\/2026\/04\/allegro-image-16222.jpg",1015,994,false],"thumbnail":["https:\/\/tivrano.shop\/grill\/wp-content\/uploads\/2026\/04\/allegro-image-16222-150x150.jpg",150,150,true],"medium":["https:\/\/tivrano.shop\/grill\/wp-content\/uploads\/2026\/04\/allegro-image-16222-300x294.jpg",300,294,true],"medium_large":["https:\/\/tivrano.shop\/grill\/wp-content\/uploads\/2026\/04\/allegro-image-16222-768x752.jpg",768,752,true],"large":["https:\/\/tivrano.shop\/grill\/wp-content\/uploads\/2026\/04\/allegro-image-16222.jpg",1015,994,false],"1536x1536":["https:\/\/tivrano.shop\/grill\/wp-content\/uploads\/2026\/04\/allegro-image-16222.jpg",1015,994,false],"2048x2048":["https:\/\/tivrano.shop\/grill\/wp-content\/uploads\/2026\/04\/allegro-image-16222.jpg",1015,994,false],"woocommerce_thumbnail":["https:\/\/tivrano.shop\/grill\/wp-content\/uploads\/2026\/04\/allegro-image-16222-300x300.jpg",300,300,true],"woocommerce_single":["https:\/\/tivrano.shop\/grill\/wp-content\/uploads\/2026\/04\/allegro-image-16222-600x588.jpg",600,588,true],"woocommerce_gallery_thumbnail":["https:\/\/tivrano.shop\/grill\/wp-content\/uploads\/2026\/04\/allegro-image-16222-100x100.jpg",100,100,true]},"uagb_author_info":{"display_name":"admin","author_link":"https:\/\/tivrano.shop\/grill\/author\/"},"uagb_comment_info":0,"uagb_excerpt":"Super cena na allegro ! Najlepsza sprawdzona jako\u015b\u0107 Fotel wisz\u0105cy dwuosobowy maxi 135 cm szeroki z poduszkami. Fotel dwuosobowy,&nbsp;hu\u015btawka, kosz, kt\u00f3ry idealnie sprawdzi si\u0119 w ogrodzie, na tarasie lub w domu. Du\u017ca komfortowa stabilna konstrukcja oraz bardzo wygodna dzi\u0119ki mi\u0119kkim poduszkom. Nowoczesny design sprawi \u017ce fotel odmieni tw\u00f3j ogr\u00f3d lub wn\u0119trze.&nbsp; Dzi\u0119ki stalowej, stabilnej konstrukcji&hellip;","_links":{"self":[{"href":"https:\/\/tivrano.shop\/grill\/wp-json\/wp\/v2\/product\/16222","targetHints":{"allow":["GET"]}}],"collection":[{"href":"https:\/\/tivrano.shop\/grill\/wp-json\/wp\/v2\/product"}],"about":[{"href":"https:\/\/tivrano.shop\/grill\/wp-json\/wp\/v2\/types\/product"}],"wp:featuredmedia":[{"embeddable":true,"href":"https:\/\/tivrano.shop\/grill\/wp-json\/wp\/v2\/media\/16223"}],"wp:attachment":[{"href":"https:\/\/tivrano.shop\/grill\/wp-json\/wp\/v2\/media?parent=16222"}],"wp:term":[{"taxonomy":"product_brand","embeddable":true,"href":"https:\/\/tivrano.shop\/grill\/wp-json\/wp\/v2\/product_brand?post=16222"},{"taxonomy":"product_cat","embeddable":true,"href":"https:\/\/tivrano.shop\/grill\/wp-json\/wp\/v2\/product_cat?post=16222"},{"taxonomy":"product_tag","embeddable":true,"href":"https:\/\/tivrano.shop\/grill\/wp-json\/wp\/v2\/product_tag?post=16222"}],"curies":[{"name":"wp","href":"https:\/\/api.w.org\/{rel}","templated":true}]}}