{"id":16179,"date":"2026-04-06T19:54:46","date_gmt":"2026-04-06T18:54:46","guid":{"rendered":"https:\/\/grillcentrum.shop\/gree\/produkt\/fotel-wiszacy-2-osobowy-hustawka-lilia-corciano\/"},"modified":"2026-04-11T02:22:39","modified_gmt":"2026-04-11T01:22:39","slug":"fotel-wiszacy-2-osobowy-hustawka-lilia-corciano","status":"publish","type":"product","link":"https:\/\/tivrano.shop\/grill\/produkt\/fotel-wiszacy-2-osobowy-hustawka-lilia-corciano\/","title":{"rendered":"FOTEL WISZ\u0104CY 2 OSOBOWY HU\u015aTAWKA LILIA CORCIANO"},"content":{"rendered":"<div style=\"font-family: Arial, sans-serif; line-height: 1.6; color: #333; padding: 20px; clear: both; display: block; width: 100%; float: none; position: static; overflow: hidden;\">\n<div style=\"clear: both; display: block; margin: 10px 0;\">\n<div style=\"clear: both; display: block; margin: 10px 0;\">\n<div style=\"clear: both; display: block; margin: 10px 0;\">\n<div  style=\"max-width:1897px;max-height:2560px\">\n<div style=\"clear: both; display: block; margin: 10px 0;\">\n<div style=\"clear: both; width: 100%; display: block; margin: 20px 0; padding: 0; float: none; position: static; text-align: center;\"><img decoding=\"async\"  src=\"https:\/\/a.allegroimg.com\/original\/111748\/d1fb67c84d8ebb239c51705bc213\/FOTEL-WISZACY-2-OSOBOWY-HUSTAWKA-LILIA-CORCIANO\" srcset=\"https:\/\/a.allegroimg.com\/original\/111748\/d1fb67c84d8ebb239c51705bc213\/FOTEL-WISZACY-2-OSOBOWY-HUSTAWKA-LILIA-CORCIANO 266w,https:\/\/a.allegroimg.com\/original\/111748\/d1fb67c84d8ebb239c51705bc213\/FOTEL-WISZACY-2-OSOBOWY-HUSTAWKA-LILIA-CORCIANO 533w,https:\/\/a.allegroimg.com\/original\/111748\/d1fb67c84d8ebb239c51705bc213\/FOTEL-WISZACY-2-OSOBOWY-HUSTAWKA-LILIA-CORCIANO 758w,https:\/\/a.allegroimg.com\/original\/111748\/d1fb67c84d8ebb239c51705bc213\/FOTEL-WISZACY-2-OSOBOWY-HUSTAWKA-LILIA-CORCIANO 1067w,https:\/\/a.allegroimg.com\/original\/111748\/d1fb67c84d8ebb239c51705bc213\/FOTEL-WISZACY-2-OSOBOWY-HUSTAWKA-LILIA-CORCIANO 1897w\" sizes=\"100vw\" width=\"1897px\" alt=\"FOTEL WISZ\u0104CY 2 OSOBOWY HU\u015aTAWKA LILIA CORCIANO\" style=\"max-width: 100%; height: auto; display: block; margin: 0 auto;\"><\/div>\n<\/div>\n<\/div>\n<\/div>\n<\/div>\n<\/div>\n<div style=\"clear: both; display: block; margin: 10px 0;\">\n<div style=\"clear: both; display: block; margin: 10px 0;\">\n<div style=\"clear: both; display: block; margin: 10px 0;\">\n<h2>FOTEL WISZ\u0104CY 2 OSOBOWY HU\u015aTAWKA LILIA CORCIANO<\/h2>\n<h2>PARAMETRY<\/h2>\n<ul style=\"margin: 15px 0; padding-left: 20px; clear: both; display: block; width: 100%; float: none; position: static;\">\n<li style=\"margin: 5px 0; padding: 2px 0; clear: both; display: list-item; float: none; position: static;\">marka &#8211; <b>Corciano\u00a9<\/b><\/li>\n<li style=\"margin: 5px 0; padding: 2px 0; clear: both; display: list-item; float: none; position: static;\">model &#8211; <b>fotel wisz\u0105cy MooN\u00a9<\/b><\/li>\n<li style=\"margin: 5px 0; padding: 2px 0; clear: both; display: list-item; float: none; position: static;\">ilo\u015b\u0107 os\u00f3b &#8211; <b>2 osoby<\/b><\/li>\n<li style=\"margin: 5px 0; padding: 2px 0; clear: both; display: list-item; float: none; position: static;\">w zestawie &#8211; <b>stela\u017c, kosz, hak, du\u017ca poducha na siedzisko, 2 ja\u015bki wi\u0105zane<\/b><\/li>\n<li style=\"margin: 5px 0; padding: 2px 0; clear: both; display: list-item; float: none; position: static;\">materia\u0142 konstrukcji &#8211; <b>stal<\/b><\/li>\n<li style=\"margin: 5px 0; padding: 2px 0; clear: both; display: list-item; float: none; position: static;\">materia\u0142 fotela &#8211;<b> splot technorattanowy\/PE<\/b><\/li>\n<li style=\"margin: 5px 0; padding: 2px 0; clear: both; display: list-item; float: none; position: static;\">materia\u0142 poduszki &#8211;&nbsp;<b>100% poliester<\/b><\/li>\n<li style=\"margin: 5px 0; padding: 2px 0; clear: both; display: list-item; float: none; position: static;\">kolor poduch &#8211; <b>szary<\/b><\/li>\n<li style=\"margin: 5px 0; padding: 2px 0; clear: both; display: list-item; float: none; position: static;\">wysoko\u015b\u0107 stela\u017cu &#8211;<b>&nbsp;201 cm<\/b><\/li>\n<li style=\"margin: 5px 0; padding: 2px 0; clear: both; display: list-item; float: none; position: static;\">wymiar fotela &#8211;&nbsp;<b>133 x 120 x 68 cm<\/b><\/li>\n<li style=\"margin: 5px 0; padding: 2px 0; clear: both; display: list-item; float: none; position: static;\">Ud\u017awig &#8211;<b> 200 kg<\/b><\/li>\n<\/ul>\n<\/div>\n<\/div>\n<div style=\"clear: both; display: block; margin: 10px 0;\">\n<div style=\"clear: both; display: block; margin: 10px 0;\">\n<div  style=\"max-width:2481px;max-height:1797px\">\n<div style=\"clear: both; display: block; margin: 10px 0;\">\n<div style=\"clear: both; width: 100%; display: block; margin: 20px 0; padding: 0; float: none; position: static; text-align: center;\"><img decoding=\"async\"  src=\"https:\/\/a.allegroimg.com\/original\/11da48\/0b85950b43b2949f8fdfaed36faa\/FOTEL-WISZACY-2-OSOBOWY-HUSTAWKA-LILIA-CORCIANO-Producent-Corciano\" srcset=\"https:\/\/a.allegroimg.com\/original\/11da48\/0b85950b43b2949f8fdfaed36faa\/FOTEL-WISZACY-2-OSOBOWY-HUSTAWKA-LILIA-CORCIANO-Producent-Corciano 360w,https:\/\/a.allegroimg.com\/original\/11da48\/0b85950b43b2949f8fdfaed36faa\/FOTEL-WISZACY-2-OSOBOWY-HUSTAWKA-LILIA-CORCIANO-Producent-Corciano 720w,https:\/\/a.allegroimg.com\/original\/11da48\/0b85950b43b2949f8fdfaed36faa\/FOTEL-WISZACY-2-OSOBOWY-HUSTAWKA-LILIA-CORCIANO-Producent-Corciano 1024w,https:\/\/a.allegroimg.com\/original\/11da48\/0b85950b43b2949f8fdfaed36faa\/FOTEL-WISZACY-2-OSOBOWY-HUSTAWKA-LILIA-CORCIANO-Producent-Corciano 1440w,https:\/\/a.allegroimg.com\/original\/11da48\/0b85950b43b2949f8fdfaed36faa\/FOTEL-WISZACY-2-OSOBOWY-HUSTAWKA-LILIA-CORCIANO-Producent-Corciano 2481w\" sizes=\"(min-width: 1200px) 560px, (min-width: 992px) 50vw, 100vw\" width=\"2481px\" alt=\"FOTEL WISZ\u0104CY 2 OSOBOWY HU\u015aTAWKA LILIA CORCIANO Producent Corciano\" style=\"max-width: 100%; height: auto; display: block; margin: 0 auto;\"><\/div>\n<\/div>\n<\/div>\n<\/div>\n<\/div>\n<\/div>\n<div style=\"clear: both; display: block; margin: 10px 0;\">\n<div style=\"clear: both; display: block; margin: 10px 0;\">\n<div style=\"clear: both; display: block; margin: 10px 0;\">\n<div  style=\"max-width:2367px;max-height:828px\">\n<div style=\"clear: both; display: block; margin: 10px 0;\">\n<div style=\"clear: both; width: 100%; display: block; margin: 20px 0; padding: 0; float: none; position: static; text-align: center;\"><img decoding=\"async\"  src=\"https:\/\/a.allegroimg.com\/original\/119ba7\/410634e7427fb33a3683f2fcc1d7\/FOTEL-WISZACY-2-OSOBOWY-HUSTAWKA-LILIA-CORCIANO-Obciazenie-maksymalne-200-kg\" srcset=\"https:\/\/a.allegroimg.com\/original\/119ba7\/410634e7427fb33a3683f2fcc1d7\/FOTEL-WISZACY-2-OSOBOWY-HUSTAWKA-LILIA-CORCIANO-Obciazenie-maksymalne-200-kg 360w,https:\/\/a.allegroimg.com\/original\/119ba7\/410634e7427fb33a3683f2fcc1d7\/FOTEL-WISZACY-2-OSOBOWY-HUSTAWKA-LILIA-CORCIANO-Obciazenie-maksymalne-200-kg 720w,https:\/\/a.allegroimg.com\/original\/119ba7\/410634e7427fb33a3683f2fcc1d7\/FOTEL-WISZACY-2-OSOBOWY-HUSTAWKA-LILIA-CORCIANO-Obciazenie-maksymalne-200-kg 1024w,https:\/\/a.allegroimg.com\/original\/119ba7\/410634e7427fb33a3683f2fcc1d7\/FOTEL-WISZACY-2-OSOBOWY-HUSTAWKA-LILIA-CORCIANO-Obciazenie-maksymalne-200-kg 1440w,https:\/\/a.allegroimg.com\/original\/119ba7\/410634e7427fb33a3683f2fcc1d7\/FOTEL-WISZACY-2-OSOBOWY-HUSTAWKA-LILIA-CORCIANO-Obciazenie-maksymalne-200-kg 2367w\" sizes=\"100vw\" width=\"2367px\" alt=\"FOTEL WISZ\u0104CY 2 OSOBOWY HU\u015aTAWKA LILIA CORCIANO Obci\u0105\u017cenie maksymalne 200 kg\" style=\"max-width: 100%; height: auto; display: block; margin: 0 auto;\"><\/div>\n<\/div>\n<\/div>\n<\/div>\n<\/div>\n<\/div>\n<div style=\"clear: both; display: block; margin: 10px 0;\">\n<div style=\"clear: both; display: block; margin: 10px 0;\">\n<div style=\"clear: both; display: block; margin: 10px 0;\">\n<h2>Fotel wisz\u0105cy MooN\u00a9 marki Corciano\u00a9, to najnowszy projekt, kt\u00f3ry znajdzie swoje praktyczne zastosowanie w aran\u017cacji ogrodu i tarasu.<\/h2>\n<p style=\"margin: 15px 0; line-height: 1.8; clear: both; display: block; width: 100%; float: none; position: static;\">Produkt cechuje si\u0119 <b>nowoczesnym designem<\/b> we wzornictwie ogrodowym. Idealnie sprawdzi si\u0119 jako <b>forma wypoczynku<\/b>.&nbsp; Fotel wisz\u0105cy MooN\u00a9, to najnowszy projekt, kt\u00f3ry znajdzie swoje praktyczne zastosowanie <b>w aran\u017cacji ogrodu i tarasu<\/b>. <b>\u015ar\u00f3dziemnomorski styl<\/b> i najmodniejsze w tym sezonie kolory czerni i antracytu zach\u0119c\u0105 jeszcze bardziej do letniego wypoczynku we dwoje.<\/p>\n<p style=\"margin: 15px 0; line-height: 1.8; clear: both; display: block; width: 100%; float: none; position: static;\">Romantyczny zestaw dostarczy Wam mn\u00f3stwo rozkoszy, a przy tym jest<b> \u0142atwy w czyszczeniu i prosty w mocowaniu<\/b>.<b> Konstrukcja stalowa<\/b> zapewnia <b>bezpiecze\u0144stwo<\/b> i du\u017c\u0105 wytrzyma\u0142o\u015b\u0107. Fotel znosi ud\u017awig <b>do 200 kg.<\/b> Trwa\u0142y materia\u0142 poduch, kt\u00f3ry jednocze\u015bnie jest<b> delikatny w dotyku,<\/b> to zdecydowanie wielka zaleta tego produktu.&nbsp;<\/p>\n<p style=\"margin: 15px 0; line-height: 1.8; clear: both; display: block; width: 100%; float: none; position: static;\">Stonowane<b> kolory z najnowszej palety barw<\/b> koj\u0105 oko w du\u017cym i ma\u0142ym wn\u0119trzu ogrodowym. Corciano\u00a9 nada si\u0119 pod <b>altan\u0119, na taras czy szeroki balkon<\/b>. Materia\u0142y s\u0105 odporne na dzia\u0142anie promieni s\u0142onecznych UV, przez co kolory zachowuj\u0105 sw\u00f3j wygl\u0105d na d\u0142ugo. W zestawie znajduj\u0105 si\u0119 poduszki, stela\u017c, hak oraz<b> kosz ze splotu technorattanu.<\/b><\/p>\n<\/div>\n<\/div>\n<div style=\"clear: both; display: block; margin: 10px 0;\">\n<div style=\"clear: both; display: block; margin: 10px 0;\">\n<div  style=\"max-width:2324px;max-height:2073px\">\n<div style=\"clear: both; display: block; margin: 10px 0;\">\n<div style=\"clear: both; width: 100%; display: block; margin: 20px 0; padding: 0; float: none; position: static; text-align: center;\"><img decoding=\"async\"  src=\"https:\/\/a.allegroimg.com\/original\/111793\/2478d3d74fd4b95716aaf77ab4b7\/FOTEL-WISZACY-2-OSOBOWY-HUSTAWKA-LILIA-CORCIANO-Rodzaj-fotel-wiszacy-wolnostojacy\" srcset=\"https:\/\/a.allegroimg.com\/original\/111793\/2478d3d74fd4b95716aaf77ab4b7\/FOTEL-WISZACY-2-OSOBOWY-HUSTAWKA-LILIA-CORCIANO-Rodzaj-fotel-wiszacy-wolnostojacy 360w,https:\/\/a.allegroimg.com\/original\/111793\/2478d3d74fd4b95716aaf77ab4b7\/FOTEL-WISZACY-2-OSOBOWY-HUSTAWKA-LILIA-CORCIANO-Rodzaj-fotel-wiszacy-wolnostojacy 720w,https:\/\/a.allegroimg.com\/original\/111793\/2478d3d74fd4b95716aaf77ab4b7\/FOTEL-WISZACY-2-OSOBOWY-HUSTAWKA-LILIA-CORCIANO-Rodzaj-fotel-wiszacy-wolnostojacy 1024w,https:\/\/a.allegroimg.com\/original\/111793\/2478d3d74fd4b95716aaf77ab4b7\/FOTEL-WISZACY-2-OSOBOWY-HUSTAWKA-LILIA-CORCIANO-Rodzaj-fotel-wiszacy-wolnostojacy 1440w,https:\/\/a.allegroimg.com\/original\/111793\/2478d3d74fd4b95716aaf77ab4b7\/FOTEL-WISZACY-2-OSOBOWY-HUSTAWKA-LILIA-CORCIANO-Rodzaj-fotel-wiszacy-wolnostojacy 2324w\" sizes=\"(min-width: 1200px) 560px, (min-width: 992px) 50vw, 100vw\" width=\"2324px\" alt=\"FOTEL WISZ\u0104CY 2 OSOBOWY HU\u015aTAWKA LILIA CORCIANO Rodzaj fotel wisz\u0105cy wolnostoj\u0105cy\" style=\"max-width: 100%; height: auto; display: block; margin: 0 auto;\"><\/div>\n<\/div>\n<\/div>\n<\/div>\n<\/div>\n<\/div>\n<div style=\"clear: both; display: block; margin: 10px 0;\">\n<div style=\"clear: both; display: block; margin: 10px 0;\">\n<div style=\"clear: both; display: block; margin: 10px 0;\">\n<div  style=\"max-width:2073px;max-height:1382px\">\n<div style=\"clear: both; display: block; margin: 10px 0;\">\n<div style=\"clear: both; width: 100%; display: block; margin: 20px 0; padding: 0; float: none; position: static; text-align: center;\"><img decoding=\"async\"  src=\"https:\/\/a.allegroimg.com\/original\/11d35b\/50d0f6cb4dbdb17b5ba29cd6a98f\/FOTEL-WISZACY-2-OSOBOWY-HUSTAWKA-LILIA-CORCIANO-Kolor-czarny\" srcset=\"https:\/\/a.allegroimg.com\/original\/11d35b\/50d0f6cb4dbdb17b5ba29cd6a98f\/FOTEL-WISZACY-2-OSOBOWY-HUSTAWKA-LILIA-CORCIANO-Kolor-czarny 360w,https:\/\/a.allegroimg.com\/original\/11d35b\/50d0f6cb4dbdb17b5ba29cd6a98f\/FOTEL-WISZACY-2-OSOBOWY-HUSTAWKA-LILIA-CORCIANO-Kolor-czarny 720w,https:\/\/a.allegroimg.com\/original\/11d35b\/50d0f6cb4dbdb17b5ba29cd6a98f\/FOTEL-WISZACY-2-OSOBOWY-HUSTAWKA-LILIA-CORCIANO-Kolor-czarny 1024w,https:\/\/a.allegroimg.com\/original\/11d35b\/50d0f6cb4dbdb17b5ba29cd6a98f\/FOTEL-WISZACY-2-OSOBOWY-HUSTAWKA-LILIA-CORCIANO-Kolor-czarny 1440w,https:\/\/a.allegroimg.com\/original\/11d35b\/50d0f6cb4dbdb17b5ba29cd6a98f\/FOTEL-WISZACY-2-OSOBOWY-HUSTAWKA-LILIA-CORCIANO-Kolor-czarny 2073w\" sizes=\"100vw\" width=\"2073px\" alt=\"FOTEL WISZ\u0104CY 2 OSOBOWY HU\u015aTAWKA LILIA CORCIANO Kolor czarny\" style=\"max-width: 100%; height: auto; display: block; margin: 0 auto;\"><\/div>\n<\/div>\n<\/div>\n<\/div>\n<\/div>\n<\/div>\n<div style=\"clear: both; display: block; margin: 10px 0;\">\n<div style=\"clear: both; display: block; margin: 10px 0;\">\n<div style=\"clear: both; display: block; margin: 10px 0;\">\n<div  style=\"max-width:2367px;max-height:828px\">\n<div style=\"clear: both; display: block; margin: 10px 0;\">\n<div style=\"clear: both; width: 100%; display: block; margin: 20px 0; padding: 0; float: none; position: static; text-align: center;\"><img decoding=\"async\"  src=\"https:\/\/a.allegroimg.com\/original\/119ba7\/410634e7427fb33a3683f2fcc1d7\/FOTEL-WISZACY-2-OSOBOWY-HUSTAWKA-LILIA-CORCIANO-Obciazenie-maksymalne-200-kg\" srcset=\"https:\/\/a.allegroimg.com\/original\/119ba7\/410634e7427fb33a3683f2fcc1d7\/FOTEL-WISZACY-2-OSOBOWY-HUSTAWKA-LILIA-CORCIANO-Obciazenie-maksymalne-200-kg 360w,https:\/\/a.allegroimg.com\/original\/119ba7\/410634e7427fb33a3683f2fcc1d7\/FOTEL-WISZACY-2-OSOBOWY-HUSTAWKA-LILIA-CORCIANO-Obciazenie-maksymalne-200-kg 720w,https:\/\/a.allegroimg.com\/original\/119ba7\/410634e7427fb33a3683f2fcc1d7\/FOTEL-WISZACY-2-OSOBOWY-HUSTAWKA-LILIA-CORCIANO-Obciazenie-maksymalne-200-kg 1024w,https:\/\/a.allegroimg.com\/original\/119ba7\/410634e7427fb33a3683f2fcc1d7\/FOTEL-WISZACY-2-OSOBOWY-HUSTAWKA-LILIA-CORCIANO-Obciazenie-maksymalne-200-kg 1440w,https:\/\/a.allegroimg.com\/original\/119ba7\/410634e7427fb33a3683f2fcc1d7\/FOTEL-WISZACY-2-OSOBOWY-HUSTAWKA-LILIA-CORCIANO-Obciazenie-maksymalne-200-kg 2367w\" sizes=\"100vw\" width=\"2367px\" alt=\"FOTEL WISZ\u0104CY 2 OSOBOWY HU\u015aTAWKA LILIA CORCIANO Obci\u0105\u017cenie maksymalne 200 kg\" style=\"max-width: 100%; height: auto; display: block; margin: 0 auto;\"><\/div>\n<\/div>\n<\/div>\n<\/div>\n<\/div>\n<\/div>\n<div style=\"clear: both; display: block; margin: 10px 0;\">\n<div style=\"clear: both; display: block; margin: 10px 0;\">\n<div style=\"clear: both; display: block; margin: 10px 0;\">\n<div  style=\"max-width:1897px;max-height:2560px\">\n<div style=\"clear: both; display: block; margin: 10px 0;\">\n<div style=\"clear: both; width: 100%; display: block; margin: 20px 0; padding: 0; float: none; position: static; text-align: center;\"><img decoding=\"async\"  src=\"https:\/\/a.allegroimg.com\/original\/111748\/d1fb67c84d8ebb239c51705bc213\/FOTEL-WISZACY-2-OSOBOWY-HUSTAWKA-LILIA-CORCIANO\" srcset=\"https:\/\/a.allegroimg.com\/original\/111748\/d1fb67c84d8ebb239c51705bc213\/FOTEL-WISZACY-2-OSOBOWY-HUSTAWKA-LILIA-CORCIANO 266w,https:\/\/a.allegroimg.com\/original\/111748\/d1fb67c84d8ebb239c51705bc213\/FOTEL-WISZACY-2-OSOBOWY-HUSTAWKA-LILIA-CORCIANO 533w,https:\/\/a.allegroimg.com\/original\/111748\/d1fb67c84d8ebb239c51705bc213\/FOTEL-WISZACY-2-OSOBOWY-HUSTAWKA-LILIA-CORCIANO 758w,https:\/\/a.allegroimg.com\/original\/111748\/d1fb67c84d8ebb239c51705bc213\/FOTEL-WISZACY-2-OSOBOWY-HUSTAWKA-LILIA-CORCIANO 1067w,https:\/\/a.allegroimg.com\/original\/111748\/d1fb67c84d8ebb239c51705bc213\/FOTEL-WISZACY-2-OSOBOWY-HUSTAWKA-LILIA-CORCIANO 1897w\" sizes=\"100vw\" width=\"1897px\" alt=\"FOTEL WISZ\u0104CY 2 OSOBOWY HU\u015aTAWKA LILIA CORCIANO\" style=\"max-width: 100%; height: auto; display: block; margin: 0 auto;\"><\/div>\n<\/div>\n<\/div>\n<\/div>\n<\/div>\n<\/div>\n<\/div>\n<\/div>\n<\/div>\n<div style=\"clear: both; display: block; margin: 10px 0;\">\n","protected":false},"excerpt":{"rendered":"<p>FOTEL WISZ\u0104CY 2 OSOBOWY HU\u015aTAWKA LILIA CORCIANO<\/p>\n<p>PARAMETRY<\/p>\n<p>marka &#8211; Corciano\u00a9<\/p>\n<p>model &#8211; fotel wisz\u0105cy MooN\u00a9<\/p>\n<p>ilo\u015b\u0107 os\u00f3b &#8211; 2 osoby<\/p>\n<p>w zestawie &#8211; stela\u017c, kosz, hak, du\u017ca poducha na siedzisko, 2 ja\u015bki wi\u0105zane<\/p>\n<p>materia\u0142 konstrukcji &#8211; stal<\/p>\n<p>materia\u0142 fotela &#8211; splot technorattanowy\/PE<\/p>\n","protected":false},"featured_media":16180,"template":"","meta":{"_uag_custom_page_level_css":""},"product_brand":[970],"product_cat":[549,542,541],"product_tag":[],"class_list":{"0":"post-16179","1":"product","2":"type-product","3":"status-publish","4":"has-post-thumbnail","6":"product_brand-corciano","7":"product_cat-fotele-wiszace","8":"product_cat-meble-ogrodowe","9":"product_cat-ogrod","10":"product_shipping_class-transport-na-paletach","12":"first","13":"instock","14":"sale","15":"shipping-taxable","16":"purchasable","17":"product-type-simple"},"uagb_featured_image_src":{"full":["https:\/\/tivrano.shop\/grill\/wp-content\/uploads\/2026\/04\/allegro-image-16179.jpg",1897,2560,false],"thumbnail":["https:\/\/tivrano.shop\/grill\/wp-content\/uploads\/2026\/04\/allegro-image-16179-150x150.jpg",150,150,true],"medium":["https:\/\/tivrano.shop\/grill\/wp-content\/uploads\/2026\/04\/allegro-image-16179-222x300.jpg",222,300,true],"medium_large":["https:\/\/tivrano.shop\/grill\/wp-content\/uploads\/2026\/04\/allegro-image-16179-768x1036.jpg",768,1036,true],"large":["https:\/\/tivrano.shop\/grill\/wp-content\/uploads\/2026\/04\/allegro-image-16179-759x1024.jpg",759,1024,true],"1536x1536":["https:\/\/tivrano.shop\/grill\/wp-content\/uploads\/2026\/04\/allegro-image-16179-1138x1536.jpg",1138,1536,true],"2048x2048":["https:\/\/tivrano.shop\/grill\/wp-content\/uploads\/2026\/04\/allegro-image-16179-1518x2048.jpg",1518,2048,true],"woocommerce_thumbnail":["https:\/\/tivrano.shop\/grill\/wp-content\/uploads\/2026\/04\/allegro-image-16179-300x300.jpg",300,300,true],"woocommerce_single":["https:\/\/tivrano.shop\/grill\/wp-content\/uploads\/2026\/04\/allegro-image-16179-600x810.jpg",600,810,true],"woocommerce_gallery_thumbnail":["https:\/\/tivrano.shop\/grill\/wp-content\/uploads\/2026\/04\/allegro-image-16179-100x100.jpg",100,100,true]},"uagb_author_info":{"display_name":"admin","author_link":"https:\/\/tivrano.shop\/grill\/author\/"},"uagb_comment_info":0,"uagb_excerpt":"FOTEL WISZ\u0104CY 2 OSOBOWY HU\u015aTAWKA LILIA CORCIANO PARAMETRY marka - Corciano\u00a9 model - fotel wisz\u0105cy MooN\u00a9 ilo\u015b\u0107 os\u00f3b - 2 osoby w zestawie - stela\u017c, kosz, hak, du\u017ca poducha na siedzisko, 2 ja\u015bki wi\u0105zane materia\u0142 konstrukcji - stal materia\u0142 fotela - splot technorattanowy\/PE","_links":{"self":[{"href":"https:\/\/tivrano.shop\/grill\/wp-json\/wp\/v2\/product\/16179","targetHints":{"allow":["GET"]}}],"collection":[{"href":"https:\/\/tivrano.shop\/grill\/wp-json\/wp\/v2\/product"}],"about":[{"href":"https:\/\/tivrano.shop\/grill\/wp-json\/wp\/v2\/types\/product"}],"wp:featuredmedia":[{"embeddable":true,"href":"https:\/\/tivrano.shop\/grill\/wp-json\/wp\/v2\/media\/16180"}],"wp:attachment":[{"href":"https:\/\/tivrano.shop\/grill\/wp-json\/wp\/v2\/media?parent=16179"}],"wp:term":[{"taxonomy":"product_brand","embeddable":true,"href":"https:\/\/tivrano.shop\/grill\/wp-json\/wp\/v2\/product_brand?post=16179"},{"taxonomy":"product_cat","embeddable":true,"href":"https:\/\/tivrano.shop\/grill\/wp-json\/wp\/v2\/product_cat?post=16179"},{"taxonomy":"product_tag","embeddable":true,"href":"https:\/\/tivrano.shop\/grill\/wp-json\/wp\/v2\/product_tag?post=16179"}],"curies":[{"name":"wp","href":"https:\/\/api.w.org\/{rel}","templated":true}]}}