{"id":16111,"date":"2026-04-06T19:54:04","date_gmt":"2026-04-06T18:54:04","guid":{"rendered":"https:\/\/grillcentrum.shop\/gree\/produkt\/potenza-hustawka-ogrodowa-dla-dzieci-stelaz-metalowy-ocynkowany-polski\/"},"modified":"2026-04-11T02:22:36","modified_gmt":"2026-04-11T01:22:36","slug":"potenza-hustawka-ogrodowa-dla-dzieci-stelaz-metalowy-ocynkowany-polski","status":"publish","type":"product","link":"https:\/\/tivrano.shop\/grill\/produkt\/potenza-hustawka-ogrodowa-dla-dzieci-stelaz-metalowy-ocynkowany-polski\/","title":{"rendered":"POTENZA Hu\u015btawka ogrodowa dla dzieci stela\u017c metalowy OCYNKOWANY POLSKI"},"content":{"rendered":"<div style=\"font-family: Arial, sans-serif; line-height: 1.6; color: #333; padding: 20px; clear: both; display: block; width: 100%; float: none; position: static; overflow: hidden;\">\n<div style=\"clear: both; display: block; margin: 10px 0;\">\n<div style=\"clear: both; display: block; margin: 10px 0;\">\n<div style=\"clear: both; display: block; margin: 10px 0;\">\n<div  style=\"max-width:1440px;max-height:461px\">\n<div style=\"clear: both; display: block; margin: 10px 0;\">\n<div style=\"clear: both; width: 100%; display: block; margin: 20px 0; padding: 0; float: none; position: static; text-align: center;\"><img decoding=\"async\"  src=\"https:\/\/a.allegroimg.com\/original\/11962c\/7a8030094aa78d99cfdfc3f81e0f\" srcset=\"https:\/\/a.allegroimg.com\/original\/11962c\/7a8030094aa78d99cfdfc3f81e0f 360w,https:\/\/a.allegroimg.com\/original\/11962c\/7a8030094aa78d99cfdfc3f81e0f 720w,https:\/\/a.allegroimg.com\/original\/11962c\/7a8030094aa78d99cfdfc3f81e0f 1024w,https:\/\/a.allegroimg.com\/original\/11962c\/7a8030094aa78d99cfdfc3f81e0f 1440w,https:\/\/a.allegroimg.com\/original\/11962c\/7a8030094aa78d99cfdfc3f81e0f 1440w\" sizes=\"100vw\" width=\"1440px\" alt=\"\" style=\"max-width: 100%; height: auto; display: block; margin: 0 auto;\"><\/div>\n<\/div>\n<\/div>\n<\/div>\n<\/div>\n<\/div>\n<div style=\"clear: both; display: block; margin: 10px 0;\">\n<div style=\"clear: both; display: block; margin: 10px 0;\">\n<div style=\"clear: both; display: block; margin: 10px 0;\">\n<div  style=\"max-width:2000px;max-height:2000px\">\n<div style=\"clear: both; display: block; margin: 10px 0;\">\n<div style=\"clear: both; width: 100%; display: block; margin: 20px 0; padding: 0; float: none; position: static; text-align: center;\"><img decoding=\"async\"  src=\"https:\/\/a.allegroimg.com\/original\/119ca0\/c197ffcd4815b41aae3142ec5727\/POTENZA-Hustawka-ogrodowa-dla-dzieci-stelaz-metalowy-OCYNKOWANY-POLSKI\" srcset=\"https:\/\/a.allegroimg.com\/original\/119ca0\/c197ffcd4815b41aae3142ec5727\/POTENZA-Hustawka-ogrodowa-dla-dzieci-stelaz-metalowy-OCYNKOWANY-POLSKI 360w,https:\/\/a.allegroimg.com\/original\/119ca0\/c197ffcd4815b41aae3142ec5727\/POTENZA-Hustawka-ogrodowa-dla-dzieci-stelaz-metalowy-OCYNKOWANY-POLSKI 720w,https:\/\/a.allegroimg.com\/original\/119ca0\/c197ffcd4815b41aae3142ec5727\/POTENZA-Hustawka-ogrodowa-dla-dzieci-stelaz-metalowy-OCYNKOWANY-POLSKI 1024w,https:\/\/a.allegroimg.com\/original\/119ca0\/c197ffcd4815b41aae3142ec5727\/POTENZA-Hustawka-ogrodowa-dla-dzieci-stelaz-metalowy-OCYNKOWANY-POLSKI 1440w,https:\/\/a.allegroimg.com\/original\/119ca0\/c197ffcd4815b41aae3142ec5727\/POTENZA-Hustawka-ogrodowa-dla-dzieci-stelaz-metalowy-OCYNKOWANY-POLSKI 2000w\" sizes=\"(min-width: 1200px) 560px, (min-width: 992px) 50vw, 100vw\" width=\"2000px\" alt=\"POTENZA Hu\u015btawka ogrodowa dla dzieci stela\u017c metalowy OCYNKOWANY POLSKI\" style=\"max-width: 100%; height: auto; display: block; margin: 0 auto;\"><\/div>\n<\/div>\n<\/div>\n<\/div>\n<\/div>\n<div style=\"clear: both; display: block; margin: 10px 0;\">\n<div style=\"clear: both; display: block; margin: 10px 0;\">\n<h1>POTENZA &#8211; Hu\u015btawka ogrodowa stalowa grafitowo-szara<\/h1>\n<h3 style=\"color: #2c5aa0; font-size: 18px; margin: 30px 0 15px 0; font-weight: bold; clear: both; display: block; width: 100%; float: none; position: static;\">\u2757POLSKI PRODUKT\u2757<\/h3>\n<p style=\"margin: 15px 0; line-height: 1.8; clear: both; display: block; width: 100%; float: none; position: static;\">Dwustanowiskowa hu\u015btawka ogrodowa z mo\u017cliwo\u015bci\u0105 rozwieszenia hamaka, dzi\u0119ki hakom do\u0142\u0105czonym do stela\u017ca.<\/p>\n<p style=\"margin: 15px 0; line-height: 1.8; clear: both; display: block; width: 100%; float: none; position: static;\">Na hu\u015btawce ogrodowej z powodzeniem mo\u017cesz zawiesi\u0107 hu\u015btawk\u0119, bocianie gniazdo, fotel wisz\u0105cy czy krzese\u0142ko.<\/p>\n<p style=\"margin: 15px 0; line-height: 1.8; clear: both; display: block; width: 100%; float: none; position: static;\">Hu\u015btawka mo\u017ce sta\u0107 si\u0119 miejscem zabaw dla dzieci i miejscem odpoczynku dla doros\u0142ych.<\/p>\n<p style=\"margin: 15px 0; line-height: 1.8; clear: both; display: block; width: 100%; float: none; position: static;\">Stela\u017c hu\u015btawki zosta\u0142 wykonany z profilu <b>50x50x2 mm<\/b>. Hu\u015btawka ma usztywnienia, kt\u00f3re stabilizuj\u0105 ca\u0142\u0105 konstrukcj\u0119 stela\u017ca.<\/p>\n<h3 style=\"color: #2c5aa0; font-size: 18px; margin: 30px 0 15px 0; font-weight: bold; clear: both; display: block; width: 100%; float: none; position: static;\">Produkt wysy\u0142any jest w dw\u00f3ch paczkach<\/h3>\n<h2>Uwaga! W sk\u0142ad zestawu nie wchodz\u0105 przedmioty zawieszone na hu\u015btawce.<\/h2>\n<h2>Sk\u0142ad oferty:<\/h2>\n<ul style=\"margin: 15px 0; padding-left: 20px; clear: both; display: block; width: 100%; float: none; position: static;\">\n<li style=\"margin: 5px 0; padding: 2px 0; clear: both; display: list-item; float: none; position: static;\">stela\u017c hu\u015btawki<\/li>\n<li style=\"margin: 5px 0; padding: 2px 0; clear: both; display: list-item; float: none; position: static;\">2x hak do zawieszenia hamaka<\/li>\n<li style=\"margin: 5px 0; padding: 2px 0; clear: both; display: list-item; float: none; position: static;\">4x hak hu\u015btawkowy z karabi\u0144czykiem do zawieszenia hu\u015btawki, bocianiego gniazda itp.<\/li>\n<li style=\"margin: 5px 0; padding: 2px 0; clear: both; display: list-item; float: none; position: static;\">zestaw monta\u017cowy potrzebny do z\u0142o\u017cenia stela\u017ca<\/li>\n<li style=\"margin: 5px 0; padding: 2px 0; clear: both; display: list-item; float: none; position: static;\">czytelna instrukcja monta\u017cu<\/li>\n<\/ul>\n<\/div>\n<\/div>\n<\/div>\n<div style=\"clear: both; display: block; margin: 10px 0;\">\n<div style=\"clear: both; display: block; margin: 10px 0;\">\n<div style=\"clear: both; display: block; margin: 10px 0;\">\n<div  style=\"max-width:2048px;max-height:2560px\">\n<div style=\"clear: both; display: block; margin: 10px 0;\">\n<div style=\"clear: both; width: 100%; display: block; margin: 20px 0; padding: 0; float: none; position: static; text-align: center;\"><img decoding=\"async\"  src=\"https:\/\/a.allegroimg.com\/original\/112988\/48fefb134def9efcd50b86df658e\/POTENZA-Hustawka-ogrodowa-dla-dzieci-stelaz-metalowy-OCYNKOWANY-POLSKI-Kolor-szary\" srcset=\"https:\/\/a.allegroimg.com\/original\/112988\/48fefb134def9efcd50b86df658e\/POTENZA-Hustawka-ogrodowa-dla-dzieci-stelaz-metalowy-OCYNKOWANY-POLSKI-Kolor-szary 288w,https:\/\/a.allegroimg.com\/original\/112988\/48fefb134def9efcd50b86df658e\/POTENZA-Hustawka-ogrodowa-dla-dzieci-stelaz-metalowy-OCYNKOWANY-POLSKI-Kolor-szary 576w,https:\/\/a.allegroimg.com\/original\/112988\/48fefb134def9efcd50b86df658e\/POTENZA-Hustawka-ogrodowa-dla-dzieci-stelaz-metalowy-OCYNKOWANY-POLSKI-Kolor-szary 819w,https:\/\/a.allegroimg.com\/original\/112988\/48fefb134def9efcd50b86df658e\/POTENZA-Hustawka-ogrodowa-dla-dzieci-stelaz-metalowy-OCYNKOWANY-POLSKI-Kolor-szary 1152w,https:\/\/a.allegroimg.com\/original\/112988\/48fefb134def9efcd50b86df658e\/POTENZA-Hustawka-ogrodowa-dla-dzieci-stelaz-metalowy-OCYNKOWANY-POLSKI-Kolor-szary 2048w\" sizes=\"(min-width: 1200px) 560px, (min-width: 992px) 50vw, 100vw\" width=\"2048px\" alt=\"POTENZA Hu\u015btawka ogrodowa dla dzieci stela\u017c metalowy OCYNKOWANY POLSKI Kolor szary\" style=\"max-width: 100%; height: auto; display: block; margin: 0 auto;\"><\/div>\n<\/div>\n<\/div>\n<\/div>\n<\/div>\n<div style=\"clear: both; display: block; margin: 10px 0;\">\n<div style=\"clear: both; display: block; margin: 10px 0;\">\n<h1>R\u00f3\u017cnica mi\u0119dzy profilem nieocynkowanym a ocynkowanym ogniowo<\/h1>\n<p style=\"margin: 15px 0; line-height: 1.8; clear: both; display: block; width: 100%; float: none; position: static;\">Ocynkowanie ogniowe to proces, kt\u00f3ry zapewnia wyj\u0105tkow\u0105 odporno\u015b\u0107 na korozj\u0119, dzi\u0119ki czemu profile ocynkowane zachowuj\u0105 swoje w\u0142a\u015bciwo\u015bci przez d\u0142ugie lata, nawet w trudnych warunkach atmosferycznych. W przeciwie\u0144stwie do profili nieocynkowanych, profile ocynkowane s\u0105 chronione zar\u00f3wno z zewn\u0105trz, jak i wewn\u0105trz. To oznacza, \u017ce ocynk skutecznie zabezpiecza ca\u0142\u0105 powierzchni\u0119 profilu, zapewniaj\u0105c pe\u0142n\u0105 ochron\u0119 przed korozj\u0105.<\/p>\n<p style=\"margin: 15px 0; line-height: 1.8; clear: both; display: block; width: 100%; float: none; position: static;\">Rozwi\u0105za\u0144 tego typu pr\u00f3\u017cno szuka\u0107 u konkurencji \u2013 <b>profile ocynkowane ogniowo<\/b>, kt\u00f3re oferujemy, to gwarancja najwy\u017cszej jako\u015bci i trwa\u0142o\u015bci, co czyni je doskona\u0142ym wyborem.<\/p>\n<p style=\"margin: 15px 0; line-height: 1.8; clear: both; display: block; width: 100%; float: none; position: static;\">Po\u0142\u0105czenie ocynku ogniowego wraz z warstw\u0105 lakieru proszkowego zapewnia skuteczn\u0105 ochron\u0119 antykorozyjn\u0105.<\/p>\n<p style=\"margin: 15px 0; line-height: 1.8; clear: both; display: block; width: 100%; float: none; position: static;\">Na zdj\u0119ciu obok wida\u0107 wyra\u017an\u0105 r\u00f3\u017cnic\u0119 mi\u0119dzy profilem ocynkowanym a nieocynkowanym. Profile ocynkowane to pewno\u015b\u0107, \u017ce produkt b\u0119dzie bezproblemowy przez d\u0142ugie lata.<\/p>\n<\/div>\n<\/div>\n<\/div>\n<div style=\"clear: both; display: block; margin: 10px 0;\">\n<div style=\"clear: both; display: block; margin: 10px 0;\">\n<div style=\"clear: both; display: block; margin: 10px 0;\">\n<div  style=\"max-width:1794px;max-height:2560px\">\n<div style=\"clear: both; display: block; margin: 10px 0;\">\n<div style=\"clear: both; width: 100%; display: block; margin: 20px 0; padding: 0; float: none; position: static; text-align: center;\"><img decoding=\"async\"  src=\"https:\/\/a.allegroimg.com\/original\/11bcc8\/288204a6402dbcf0babc5e9fec15\/POTENZA-Hustawka-ogrodowa-dla-dzieci-stelaz-metalowy-OCYNKOWANY-POLSKI-EAN-GTIN-5907543785942\" srcset=\"https:\/\/a.allegroimg.com\/original\/11bcc8\/288204a6402dbcf0babc5e9fec15\/POTENZA-Hustawka-ogrodowa-dla-dzieci-stelaz-metalowy-OCYNKOWANY-POLSKI-EAN-GTIN-5907543785942 252w,https:\/\/a.allegroimg.com\/original\/11bcc8\/288204a6402dbcf0babc5e9fec15\/POTENZA-Hustawka-ogrodowa-dla-dzieci-stelaz-metalowy-OCYNKOWANY-POLSKI-EAN-GTIN-5907543785942 504w,https:\/\/a.allegroimg.com\/original\/11bcc8\/288204a6402dbcf0babc5e9fec15\/POTENZA-Hustawka-ogrodowa-dla-dzieci-stelaz-metalowy-OCYNKOWANY-POLSKI-EAN-GTIN-5907543785942 717w,https:\/\/a.allegroimg.com\/original\/11bcc8\/288204a6402dbcf0babc5e9fec15\/POTENZA-Hustawka-ogrodowa-dla-dzieci-stelaz-metalowy-OCYNKOWANY-POLSKI-EAN-GTIN-5907543785942 1009w,https:\/\/a.allegroimg.com\/original\/11bcc8\/288204a6402dbcf0babc5e9fec15\/POTENZA-Hustawka-ogrodowa-dla-dzieci-stelaz-metalowy-OCYNKOWANY-POLSKI-EAN-GTIN-5907543785942 1794w\" sizes=\"(min-width: 1200px) 560px, (min-width: 992px) 50vw, 100vw\" width=\"1794px\" alt=\"POTENZA Hu\u015btawka ogrodowa dla dzieci stela\u017c metalowy OCYNKOWANY POLSKI EAN (GTIN) 5907543785942\" style=\"max-width: 100%; height: auto; display: block; margin: 0 auto;\"><\/div>\n<\/div>\n<\/div>\n<\/div>\n<\/div>\n<div style=\"clear: both; display: block; margin: 10px 0;\">\n<div style=\"clear: both; display: block; margin: 10px 0;\">\n<h1>Usztywnienia stela\u017ca<\/h1>\n<p style=\"margin: 15px 0; line-height: 1.8; clear: both; display: block; width: 100%; float: none; position: static;\">\n","protected":false},"excerpt":{"rendered":"<p>POTENZA &#8211; Hu\u015btawka ogrodowa stalowa grafitowo-szara<\/p>\n<p>\u2757POLSKI PRODUKT\u2757<\/p>\n<p>Dwustanowiskowa hu\u015btawka ogrodowa z mo\u017cliwo\u015bci\u0105 rozwieszenia hamaka, dzi\u0119ki hakom do\u0142\u0105czonym do stela\u017ca.<\/p>\n<p>Na hu\u015btawce ogrodowej z powodzeniem mo\u017cesz zawiesi\u0107 hu\u015btawk\u0119, bocianie gniazdo, fotel wisz\u0105cy czy krzese\u0142ko.<\/p>\n<p>Hu\u015btawka mo\u017ce sta\u0107 si\u0119 miejscem zabaw dla dzieci i miejscem odpoczynku dla doros\u0142ych.<\/p>\n<p>Stela\u017c hu\u015btawki zosta\u0142 wykonany z profilu 50x50x2 mm. Hu\u015btawka ma usztywnienia, kt\u00f3re stabilizuj\u0105 ca\u0142\u0105 konstrukcj\u0119 stela\u017ca.<\/p>\n<p>Produkt wysy\u0142any jest w dw\u00f3ch paczkach<\/p>\n","protected":false},"featured_media":16112,"template":"","meta":{"_uag_custom_page_level_css":""},"product_brand":[966],"product_cat":[885,542,541],"product_tag":[],"class_list":{"0":"post-16111","1":"product","2":"type-product","3":"status-publish","4":"has-post-thumbnail","6":"product_brand-potenza","7":"product_cat-hustawki","8":"product_cat-meble-ogrodowe","9":"product_cat-ogrod","10":"product_shipping_class-transport-na-paletach","12":"first","13":"instock","14":"sale","15":"shipping-taxable","16":"purchasable","17":"product-type-simple"},"uagb_featured_image_src":{"full":["https:\/\/tivrano.shop\/grill\/wp-content\/uploads\/2026\/04\/allegro-image-16111.jpg",2000,2000,false],"thumbnail":["https:\/\/tivrano.shop\/grill\/wp-content\/uploads\/2026\/04\/allegro-image-16111-150x150.jpg",150,150,true],"medium":["https:\/\/tivrano.shop\/grill\/wp-content\/uploads\/2026\/04\/allegro-image-16111-300x300.jpg",300,300,true],"medium_large":["https:\/\/tivrano.shop\/grill\/wp-content\/uploads\/2026\/04\/allegro-image-16111-768x768.jpg",768,768,true],"large":["https:\/\/tivrano.shop\/grill\/wp-content\/uploads\/2026\/04\/allegro-image-16111-1024x1024.jpg",1024,1024,true],"1536x1536":["https:\/\/tivrano.shop\/grill\/wp-content\/uploads\/2026\/04\/allegro-image-16111-1536x1536.jpg",1536,1536,true],"2048x2048":["https:\/\/tivrano.shop\/grill\/wp-content\/uploads\/2026\/04\/allegro-image-16111.jpg",2000,2000,false],"woocommerce_thumbnail":["https:\/\/tivrano.shop\/grill\/wp-content\/uploads\/2026\/04\/allegro-image-16111-300x300.jpg",300,300,true],"woocommerce_single":["https:\/\/tivrano.shop\/grill\/wp-content\/uploads\/2026\/04\/allegro-image-16111-600x600.jpg",600,600,true],"woocommerce_gallery_thumbnail":["https:\/\/tivrano.shop\/grill\/wp-content\/uploads\/2026\/04\/allegro-image-16111-100x100.jpg",100,100,true]},"uagb_author_info":{"display_name":"admin","author_link":"https:\/\/tivrano.shop\/grill\/author\/"},"uagb_comment_info":0,"uagb_excerpt":"POTENZA - Hu\u015btawka ogrodowa stalowa grafitowo-szara \u2757POLSKI PRODUKT\u2757 Dwustanowiskowa hu\u015btawka ogrodowa z mo\u017cliwo\u015bci\u0105 rozwieszenia hamaka, dzi\u0119ki hakom do\u0142\u0105czonym do stela\u017ca. Na hu\u015btawce ogrodowej z powodzeniem mo\u017cesz zawiesi\u0107 hu\u015btawk\u0119, bocianie gniazdo, fotel wisz\u0105cy czy krzese\u0142ko. Hu\u015btawka mo\u017ce sta\u0107 si\u0119 miejscem zabaw dla dzieci i miejscem odpoczynku dla doros\u0142ych. Stela\u017c hu\u015btawki zosta\u0142 wykonany z profilu 50x50x2 mm.&hellip;","_links":{"self":[{"href":"https:\/\/tivrano.shop\/grill\/wp-json\/wp\/v2\/product\/16111","targetHints":{"allow":["GET"]}}],"collection":[{"href":"https:\/\/tivrano.shop\/grill\/wp-json\/wp\/v2\/product"}],"about":[{"href":"https:\/\/tivrano.shop\/grill\/wp-json\/wp\/v2\/types\/product"}],"wp:featuredmedia":[{"embeddable":true,"href":"https:\/\/tivrano.shop\/grill\/wp-json\/wp\/v2\/media\/16112"}],"wp:attachment":[{"href":"https:\/\/tivrano.shop\/grill\/wp-json\/wp\/v2\/media?parent=16111"}],"wp:term":[{"taxonomy":"product_brand","embeddable":true,"href":"https:\/\/tivrano.shop\/grill\/wp-json\/wp\/v2\/product_brand?post=16111"},{"taxonomy":"product_cat","embeddable":true,"href":"https:\/\/tivrano.shop\/grill\/wp-json\/wp\/v2\/product_cat?post=16111"},{"taxonomy":"product_tag","embeddable":true,"href":"https:\/\/tivrano.shop\/grill\/wp-json\/wp\/v2\/product_tag?post=16111"}],"curies":[{"name":"wp","href":"https:\/\/api.w.org\/{rel}","templated":true}]}}