{"id":16085,"date":"2026-04-06T19:53:44","date_gmt":"2026-04-06T18:53:44","guid":{"rendered":"https:\/\/grillcentrum.shop\/gree\/produkt\/altana-ogrodowa-drewniana-rimo-39-x-45-m-z-dwupoziomowym-metalowym-dachem-i-hakiem-sufitowym\/"},"modified":"2026-04-11T02:22:35","modified_gmt":"2026-04-11T01:22:35","slug":"altana-ogrodowa-drewniana-rimo-39-x-45-m-z-dwupoziomowym-metalowym-dachem-i-hakiem-sufitowym","status":"publish","type":"product","link":"https:\/\/tivrano.shop\/grill\/produkt\/altana-ogrodowa-drewniana-rimo-39-x-45-m-z-dwupoziomowym-metalowym-dachem-i-hakiem-sufitowym\/","title":{"rendered":"Altana Ogrodowa Drewniana RIMO 3,9 x 4,5 m z Dwupoziomowym Metalowym Dachem i Hakiem Sufitowym"},"content":{"rendered":"<div style=\"font-family: Arial, sans-serif; line-height: 1.6; color: #333; padding: 20px; clear: both; display: block; width: 100%; float: none; position: static; overflow: hidden;\">\n<div style=\"clear: both; display: block; margin: 10px 0;\">\n<div style=\"clear: both; display: block; margin: 10px 0;\">\n<div style=\"clear: both; display: block; margin: 10px 0;\">\n<h1>Altana ogrodowa drewniana 3,9m x 4,5m z antracytowym dachem<\/h1>\n<p style=\"margin: 15px 0; line-height: 1.8; clear: both; display: block; width: 100%; float: none; position: static;\">Rozszerz swoj\u0105 przestrze\u0144 \u017cyciow\u0105, wprowadzaj\u0105c wn\u0119trze na zewn\u0105trz i stw\u00f3rz oaz\u0119 na koniec dnia, kt\u00f3ra jest idealnym miejscem do rozrywki dla rodziny i przyjaci\u00f3\u0142. Ta altana o wymiarach 390x450cm od wiod\u0105cego na \u015bwiecie gotowego do monta\u017cu producenta konstrukcji zewn\u0119trznych, Sunjoy, tworzy idealne otoczenie zewn\u0119trzne na spotkanie o ka\u017cdej porze roku. Sp\u0119d\u017a wszystkie cztery pory roku ciesz\u0105c si\u0119 zadaszonym obszarem na \u015bwie\u017cym powietrzu pod altan\u0105 z ram\u0105 z drewna cedrowego z solidnym blatem dachowym ze stali malowanej proszkowo, kt\u00f3ry przetrwa pr\u00f3b\u0119 czasu. 2-poziomowy dach zapewnia odpowiedni\u0105 ilo\u015b\u0107 przep\u0142ywu powietrza, jednocze\u015bnie utrzymuj\u0105c okazjonaln\u0105 niepogod\u0119 na dystans. Ustaw nastr\u00f3j, zawieszaj\u0105c \u017cyrandol z wbudowanego haka sufitowego, aby uzyska\u0107 funkcjonalne \u015bwiat\u0142o i odrobin\u0119 eleganckiego designu. Dzi\u0119ki prostym, \u0142atwym do wykonania instrukcjom monta\u017cu wkr\u00f3tce b\u0119dziesz si\u0119 relaksowa\u0107 w swojej ulubionej nowej przestrzeni \u017cyciowej na \u015bwie\u017cym powietrzu i przez wiele lat.<\/p>\n<\/div>\n<\/div>\n<\/div>\n<div style=\"clear: both; display: block; margin: 10px 0;\">\n<div style=\"clear: both; display: block; margin: 10px 0;\">\n<div style=\"clear: both; display: block; margin: 10px 0;\">\n<div  style=\"max-width:2560px;max-height:2559px\">\n<div style=\"clear: both; display: block; margin: 10px 0;\">\n<div style=\"clear: both; width: 100%; display: block; margin: 20px 0; padding: 0; float: none; position: static; text-align: center;\"><img decoding=\"async\"  src=\"https:\/\/a.allegroimg.com\/original\/11513e\/de8b94494c87b6dad5821c679ac3\/Altana-Ogrodowa-Drewniana-RIMO-3-9-x-4-5-m-z-Dwupoziomowym-Metalowym-Dachem-i-Hakiem-Sufitowym-Waga-produktu-z-opakowaniem-jednostkowym-199-kg\" srcset=\"https:\/\/a.allegroimg.com\/original\/11513e\/de8b94494c87b6dad5821c679ac3\/Altana-Ogrodowa-Drewniana-RIMO-3-9-x-4-5-m-z-Dwupoziomowym-Metalowym-Dachem-i-Hakiem-Sufitowym-Waga-produktu-z-opakowaniem-jednostkowym-199-kg 360w,https:\/\/a.allegroimg.com\/original\/11513e\/de8b94494c87b6dad5821c679ac3\/Altana-Ogrodowa-Drewniana-RIMO-3-9-x-4-5-m-z-Dwupoziomowym-Metalowym-Dachem-i-Hakiem-Sufitowym-Waga-produktu-z-opakowaniem-jednostkowym-199-kg 720w,https:\/\/a.allegroimg.com\/original\/11513e\/de8b94494c87b6dad5821c679ac3\/Altana-Ogrodowa-Drewniana-RIMO-3-9-x-4-5-m-z-Dwupoziomowym-Metalowym-Dachem-i-Hakiem-Sufitowym-Waga-produktu-z-opakowaniem-jednostkowym-199-kg 1024w,https:\/\/a.allegroimg.com\/original\/11513e\/de8b94494c87b6dad5821c679ac3\/Altana-Ogrodowa-Drewniana-RIMO-3-9-x-4-5-m-z-Dwupoziomowym-Metalowym-Dachem-i-Hakiem-Sufitowym-Waga-produktu-z-opakowaniem-jednostkowym-199-kg 1440w,https:\/\/a.allegroimg.com\/original\/11513e\/de8b94494c87b6dad5821c679ac3\/Altana-Ogrodowa-Drewniana-RIMO-3-9-x-4-5-m-z-Dwupoziomowym-Metalowym-Dachem-i-Hakiem-Sufitowym-Waga-produktu-z-opakowaniem-jednostkowym-199-kg 2560w\" sizes=\"100vw\" width=\"2560px\" alt=\"Altana Ogrodowa Drewniana RIMO 3,9 x 4,5 m z Dwupoziomowym Metalowym Dachem i Hakiem Sufitowym Waga produktu z opakowaniem jednostkowym 199 kg\" style=\"max-width: 100%; height: auto; display: block; margin: 0 auto;\"><\/div>\n<\/div>\n<\/div>\n<\/div>\n<\/div>\n<\/div>\n<div style=\"clear: both; display: block; margin: 10px 0;\">\n<div style=\"clear: both; display: block; margin: 10px 0;\">\n<div style=\"clear: both; display: block; margin: 10px 0;\">\n<div  style=\"max-width:2000px;max-height:2000px\">\n<div style=\"clear: both; display: block; margin: 10px 0;\">\n<div style=\"clear: both; width: 100%; display: block; margin: 20px 0; padding: 0; float: none; position: static; text-align: center;\"><img decoding=\"async\"  src=\"https:\/\/a.allegroimg.com\/original\/119eb9\/4e969eb441fa99c3e8e304084412\" srcset=\"https:\/\/a.allegroimg.com\/original\/119eb9\/4e969eb441fa99c3e8e304084412 360w,https:\/\/a.allegroimg.com\/original\/119eb9\/4e969eb441fa99c3e8e304084412 720w,https:\/\/a.allegroimg.com\/original\/119eb9\/4e969eb441fa99c3e8e304084412 1024w,https:\/\/a.allegroimg.com\/original\/119eb9\/4e969eb441fa99c3e8e304084412 1440w,https:\/\/a.allegroimg.com\/original\/119eb9\/4e969eb441fa99c3e8e304084412 2000w\" sizes=\"(min-width: 1200px) 560px, (min-width: 992px) 50vw, 100vw\" width=\"2000px\" alt=\"\" style=\"max-width: 100%; height: auto; display: block; margin: 0 auto;\"><\/div>\n<\/div>\n<\/div>\n<\/div>\n<\/div>\n<div style=\"clear: both; display: block; margin: 10px 0;\">\n<div style=\"clear: both; display: block; margin: 10px 0;\">\n<h1>Specyfikacja<\/h1>\n<p style=\"margin: 15px 0; line-height: 1.8; clear: both; display: block; width: 100%; float: none; position: static;\"><b>Wymiar produktu: <\/b>3.9M.L x 4.5M.W x 3.195M.H<\/p>\n<p style=\"margin: 15px 0; line-height: 1.8; clear: both; display: block; width: 100%; float: none; position: static;\"><b>Wewn\u0105trz Wymiar s\u0142upka do s\u0142upka: <\/b>3.6M.L x 4.2M.W x 3.195M.H<\/p>\n<p style=\"margin: 15px 0; line-height: 1.8; clear: both; display: block; width: 100%; float: none; position: static;\"><b>Wymiar s\u0142upka: <\/b>11.6CM x 11.6CM<\/p>\n<p style=\"margin: 15px 0; line-height: 1.8; clear: both; display: block; width: 100%; float: none; position: static;\"><b>Uziom do Otwarcia Poziomego:<\/b> 1.98M<\/p>\n<p style=\"margin: 15px 0; line-height: 1.8; clear: both; display: block; width: 100%; float: none; position: static;\"><b>Odporno\u015b\u0107 na Wiatr:<\/b> 50MPH<\/p>\n<p style=\"margin: 15px 0; line-height: 1.8; clear: both; display: block; width: 100%; float: none; position: static;\"><b>Obci\u0105\u017cenie \u015bniegiem: <\/b>80kg\/m2<\/p>\n<p style=\"margin: 15px 0; line-height: 1.8; clear: both; display: block; width: 100%; float: none; position: static;\"><b>Waga produktu: <\/b>199.1KG<\/p>\n<p style=\"margin: 15px 0; line-height: 1.8; clear: both; display: block; width: 100%; float: none; position: static;\"><b>Forma: <\/b>Prostok\u0105tna<\/p>\n<p style=\"margin: 15px 0; line-height: 1.8; clear: both; display: block; width: 100%; float: none; position: static;\"><b>Materia\u0142: <\/b>Rama: Drewno cedrowe Dach: Stal<\/p>\n<\/div>\n<\/div>\n<\/div>\n<div style=\"clear: both; display: block; margin: 10px 0;\">\n<div style=\"clear: both; display: block; margin: 10px 0;\">\n<div style=\"clear: both; display: block; margin: 10px 0;\">\n<div  style=\"max-width:1024px;max-height:683px\">\n<div style=\"clear: both; display: block; margin: 10px 0;\">\n<div style=\"clear: both; width: 100%; display: block; margin: 20px 0; padding: 0; float: none; position: static; text-align: center;\"><img decoding=\"async\"  src=\"https:\/\/a.allegroimg.com\/original\/11ecd5\/ef9529dd4dbda3f600c3efb174d8\/Altana-Ogrodowa-Drewniana-RIMO-3-9-x-4-5-m-z-Dwupoziomowym-Metalowym-Dachem-i-Hakiem-Sufitowym-Wysokosc-calkowita-319-cm\" srcset=\"https:\/\/a.allegroimg.com\/original\/11ecd5\/ef9529dd4dbda3f600c3efb174d8\/Altana-Ogrodowa-Drewniana-RIMO-3-9-x-4-5-m-z-Dwupoziomowym-Metalowym-Dachem-i-Hakiem-Sufitowym-Wysokosc-calkowita-319-cm 360w,https:\/\/a.allegroimg.com\/original\/11ecd5\/ef9529dd4dbda3f600c3efb174d8\/Altana-Ogrodowa-Drewniana-RIMO-3-9-x-4-5-m-z-Dwupoziomowym-Metalowym-Dachem-i-Hakiem-Sufitowym-Wysokosc-calkowita-319-cm 720w,https:\/\/a.allegroimg.com\/original\/11ecd5\/ef9529dd4dbda3f600c3efb174d8\/Altana-Ogrodowa-Drewniana-RIMO-3-9-x-4-5-m-z-Dwupoziomowym-Metalowym-Dachem-i-Hakiem-Sufitowym-Wysokosc-calkowita-319-cm 1024w,https:\/\/a.allegroimg.com\/original\/11ecd5\/ef9529dd4dbda3f600c3efb174d8\/Altana-Ogrodowa-Drewniana-RIMO-3-9-x-4-5-m-z-Dwupoziomowym-Metalowym-Dachem-i-Hakiem-Sufitowym-Wysokosc-calkowita-319-cm 1024w\" sizes=\"(min-width: 1200px) 560px, (min-width: 992px) 50vw, 100vw\" width=\"1024px\" alt=\"Altana Ogrodowa Drewniana RIMO 3,9 x 4,5 m z Dwupoziomowym Metalowym Dachem i Hakiem Sufitowym Wysoko\u015b\u0107 ca\u0142kowita 319 cm\" style=\"max-width: 100%; height: auto; display: block; margin: 0 auto;\"><\/div>\n<\/div>\n<\/div>\n<\/div>\n<\/div>\n<div style=\"clear: both; display: block; margin: 10px 0;\">\n<div style=\"clear: both; display: block; margin: 10px 0;\">\n<h1>Wentylowany 2-poziomowy top<\/h1>\n<p style=\"margin: 15px 0; line-height: 1.8; clear: both; display: block; width: 100%; float: none; position: static;\">Wentylowany 2-poziomowy stalowy blat zapewnia os\u0142on\u0119 przed szkodliwym promieniowaniem UV, jednocze\u015bnie umo\u017cliwiaj\u0105c swobodne przepuszczanie wiatru, zach\u0119caj\u0105c do cyrkulacji powietrza i tworz\u0105c wygodny i otwarty obszar dla Twojej przyjemno\u015bci.<\/p>\n<\/div>\n<\/div>\n<\/div>\n<div style=\"clear: both; display: block; margin: 10px 0;\">\n<div style=\"clear: both; display: block; margin: 10px 0;\">\n<div style=\"clear: both; display: block; margin: 10px 0;\">\n<div  style=\"max-width:1024px;max-height:683px\">\n<div style=\"clear: both; display: block; margin: 10px 0;\">\n<div style=\"clear: both; width: 100%; display: block; margin: 20px 0; padding: 0; float: none; position: static; text-align: center;\"><img decoding=\"async\"  src=\"https:\/\/a.allegroimg.com\/original\/118f21\/16972cc74d28bd0aedcbe6662ef7\/Altana-Ogrodowa-Drewniana-RIMO-3-9-x-4-5-m-z-Dwupoziomowym-Metalowym-Dachem-i-Hakiem-Sufitowym-Wysokosc-wejscia-198-cm\" srcset=\"https:\/\/a.allegroimg.com\/original\/118f21\/16972cc74d28bd0aedcbe6662ef7\/Altana-Ogrodowa-Drewniana-RIMO-3-9-x-4-5-m-z-Dwupoziomowym-Metalowym-Dachem-i-Hakiem-Sufitowym-Wysokosc-wejscia-198-cm 360w,https:\/\/a.allegroimg.com\/original\/118f21\/16972cc74d28bd0aedcbe6662ef7\/Altana-Ogrodowa-Drewniana-RIMO-3-9-x-4-5-m-z-Dwupoziomowym-Metalowym-Dachem-i-Hakiem-Sufitowym-Wysokosc-wejscia-198-cm 720w,https:\/\/a.allegroimg.com\/original\/118f21\/16972cc74d28bd0aedcbe6662ef7\/Altana-Ogrodowa-Drewniana-RIMO-3-9-x-4-5-m-z-Dwupoziomowym-Metalowym-Dachem-i-Hakiem-Sufitowym-Wysokosc-wejscia-198-cm 1024w,https:\/\/a.allegroimg.com\/original\/118f21\/16972cc74d28bd0aedcbe6662ef7\/Altana-Ogrodowa-Drewniana-RIMO-3-9-x-4-5-m-z-Dwupoziomowym-Metalowym-Dachem-i-Hakiem-Sufitowym-Wysokosc-wejscia-198-cm 1024w\" sizes=\"(min-width: 1200px) 560px, (min-width: 992px) 50vw, 100vw\" width=\"1024px\" alt=\"Altana Ogrodowa Drewniana RIMO 3,9 x 4,5 m z Dwupoziomowym Metalowym Dachem i Hakiem Sufitowym Wysoko\u015b\u0107 wej\u015bcia 198 cm\" style=\"max-width: 100%; height: auto; display: block; margin: 0 auto;\"><\/div>\n<\/div>\n<\/div>\n<\/div>\n<\/div>\n<div style=\"clear: both; display: block; margin: 10px 0;\">\n<div style=\"clear: both; display: block; margin: 10px 0;\">\n<h1>Wbudowany system Dual Rail<\/h1>\n<p style=\"margin: 15px 0; line-height: 1.8; clear: both; display: block; width: 100%; float: none; position: static;\">Wbudowany system podw\u00f3jnych szyn u\u0142atwia zawieszenie siatki siatkowej i zas\u0142on (siatka i zas\u0142ony NIE s\u0105 do\u0142\u0105czone).<\/p>\n<\/div>\n<\/div>\n<\/div>\n<div style=\"clear: both; display: block; margin: 10px 0;\">\n<div style=\"clear: both; display: block; margin: 10px 0;\">\n<div style=\"clear: both; display: block; margin: 10px 0;\">\n<div  style=\"max-width:1024px;max-height:683px\">\n<div style=\"clear: both; display: block; margin: 10px 0;\">\n<div style=\"clear: both; width: 100%; display: block; margin: 20px 0; padding: 0; float: none; position: static; text-align: center;\"><img decoding=\"async\"  src=\"https:\/\/a.allegroimg.com\/original\/116990\/09a84a8d43bb9fe22d2760b8c87c\/Altana-Ogrodowa-Drewniana-RIMO-3-9-x-4-5-m-z-Dwupoziomowym-Metalowym-Dachem-i-Hakiem-Sufitowym-Dlugosc-calkowita-450-cm\" srcset=\"https:\/\/a.allegroimg.com\/original\/116990\/09a84a8d43bb9fe22d2760b8c87c\/Altana-Ogrodowa-Drewniana-RIMO-3-9-x-4-5-m-z-Dwupoziomowym-Metalowym-Dachem-i-Hakiem-Sufitowym-Dlugosc-calkowita-450-cm 360w,https:\/\/a.allegroimg.com\/original\/116990\/09a84a8d43bb9fe22d2760b8c87c\/Altana-Ogrodowa-Drewniana-RIMO-3-9-x-4-5-m-z-Dwupoziomowym-Metalowym-Dachem-i-Hakiem-Sufitowym-Dlugosc-calkowita-450-cm 720w,https:\/\/a.allegroimg.com\/original\/116990\/09a84a8d43bb9fe22d2760b8c87c\/Altana-Ogrodowa-Drewniana-RIMO-3-9-x-4-5-m-z-Dwupoziomowym-Metalowym-Dachem-i-Hakiem-Sufitowym-Dlugosc-calkowita-450-cm 1024w,https:\/\/a.allegroimg.com\/original\/116990\/09a84a8d43bb9fe22d2760b8c87c\/Altana-Ogrodowa-Drewniana-RIMO-3-9-x-4-5-m-z-Dwupoziomowym-Metalowym-Dachem-i-Hakiem-Sufitowym-Dlugosc-calkowita-450-cm 1024w\" sizes=\"(min-width: 1200px) 560px, (min-width: 992px) 50vw, 100vw\" width=\"1024px\" alt=\"Altana Ogrodowa Drewniana RIMO 3,9 x 4,5 m z Dwupoziomowym Metalowym Dachem i Hakiem Sufitowym D\u0142ugo\u015b\u0107 ca\u0142kowita 450 cm\" style=\"max-width: 100%; height: auto; display: block; margin: 0 auto;\"><\/div>\n<\/div>\n<\/div>\n<\/div>\n<\/div>\n<div style=\"clear: both; display: block; margin: 10px 0;\">\n<div style=\"clear: both; display: block; margin: 10px 0;\">\n<h1>Hak sufitowy w zestawie<\/h1>\n<p style=\"margin: 15px 0; line-height: 1.8; clear: both; display: block; width: 100%; float: none; position: static;\">Wbudowany wysokiej jako\u015bci i solidny hak sufitowy do \u0142atwego podwieszania ulubionego \u017cyrandola lub innych bit\u00f3w d\u00e9cor, aby stworzy\u0107 idealne o\u015bwietlone miejsce spotka\u0144 dla rodziny i przyjaci\u00f3\u0142.<\/p>\n<\/div>\n<\/div>\n<\/div>\n<div style=\"clear: both; display: block; margin: 10px 0;\">\n<div style=\"clear: both; display: block; margin: 10px 0;\">\n<div style=\"clear: both; display: block; margin: 10px 0;\">\n<div  style=\"max-width:1024px;max-height:683px\">\n<div style=\"clear: both; display: block; margin: 10px 0;\">\n<div style=\"clear: both; width: 100%; display: block; margin: 20px 0; padding: 0; float: none; position: static; text-align: center;\"><img decoding=\"async\"  src=\"https:\/\/a.allegroimg.com\/original\/11cbfb\/5b41b25a449d860a64fb62e9d393\/Altana-Ogrodowa-Drewniana-RIMO-3-9-x-4-5-m-z-Dwupoziomowym-Metalowym-Dachem-i-Hakiem-Sufitowym-Rodzaj-altana\" srcset=\"https:\/\/a.allegroimg.com\/original\/11cbfb\/5b41b25a449d860a64fb62e9d393\/Altana-Ogrodowa-Drewniana-RIMO-3-9-x-4-5-m-z-Dwupoziomowym-Metalowym-Dachem-i-Hakiem-Sufitowym-Rodzaj-altana 360w,https:\/\/a.allegroimg.com\/original\/11cbfb\/5b41b25a449d860a64fb62e9d393\/Altana-Ogrodowa-Drewniana-RIMO-3-9-x-4-5-m-z-Dwupoziomowym-Metalowym-Dachem-i-Hakiem-Sufitowym-Rodzaj-altana 720w,https:\/\/a.allegroimg.com\/original\/11cbfb\/5b41b25a449d860a64fb62e9d393\/Altana-Ogrodowa-Drewniana-RIMO-3-9-x-4-5-m-z-Dwupoziomowym-Metalowym-Dachem-i-Hakiem-Sufitowym-Rodzaj-altana 1024w,https:\/\/a.allegroimg.com\/original\/11cbfb\/5b41b25a449d860a64fb62e9d393\/Altana-Ogrodowa-Drewniana-RIMO-3-9-x-4-5-m-z-Dwupoziomowym-Metalowym-Dachem-i-Hakiem-Sufitowym-Rodzaj-altana 1024w\" sizes=\"(min-width: 1200px) 560px, (min-width: 992px) 50vw, 100vw\" width=\"1024px\" alt=\"Altana Ogrodowa Drewniana RIMO 3,9 x 4,5 m z Dwupoziomowym Metalowym Dachem i Hakiem Sufitowym Rodzaj altana\" style=\"max-width: 100%; height: auto; display: block; margin: 0 auto;\"><\/div>\n<\/div>\n<\/div>\n<\/div>\n<\/div>\n<div style=\"clear: both; display: block; margin: 10px 0;\">\n<div style=\"clear: both; display: block; margin: 10px 0;\">\n<h1>Wytrzyma\u0142y dach ze stali antracytowej<\/h1>\n<p style=\"margin: 15px 0; line-height: 1.8; clear: both; display: block; width: 100%; float: none; position: static;\">Odpocznij spokojnie pod tym wytrzyma\u0142ym antracytowym stalowym dachem, kt\u00f3ry wytrzyma \u017cywio\u0142y przez wiele sezon\u00f3w. S\u0142o\u0144ce, deszcz lub \u015bnieg, Ty i Twoje wyposa\u017cenie patio b\u0119dziecie chronieni pod t\u0105 altan\u0105 z twardym dachem.<\/p>\n<\/div>\n<\/div>\n<\/div>\n<\/div>\n<\/div>\n<\/div>\n<div style=\"clear: both; display: block; margin: 10px 0;\">\n","protected":false},"excerpt":{"rendered":"<p>Altana ogrodowa drewniana 3,9m x 4,5m z antracytowym dachem<\/p>\n","protected":false},"featured_media":16086,"template":"","meta":{"_uag_custom_page_level_css":""},"product_brand":[],"product_cat":[946,891,541],"product_tag":[],"class_list":{"0":"post-16085","1":"product","2":"type-product","3":"status-publish","4":"has-post-thumbnail","6":"product_cat-altany-wiaty-zadaszenia","7":"product_cat-architektura-ogrodowa","8":"product_cat-ogrod","9":"product_shipping_class-transport-na-paletach","11":"first","12":"instock","13":"sale","14":"shipping-taxable","15":"purchasable","16":"product-type-simple"},"uagb_featured_image_src":{"full":["https:\/\/tivrano.shop\/grill\/wp-content\/uploads\/2026\/04\/allegro-image-16085.jpg",1024,683,false],"thumbnail":["https:\/\/tivrano.shop\/grill\/wp-content\/uploads\/2026\/04\/allegro-image-16085-150x150.jpg",150,150,true],"medium":["https:\/\/tivrano.shop\/grill\/wp-content\/uploads\/2026\/04\/allegro-image-16085-300x200.jpg",300,200,true],"medium_large":["https:\/\/tivrano.shop\/grill\/wp-content\/uploads\/2026\/04\/allegro-image-16085-768x512.jpg",768,512,true],"large":["https:\/\/tivrano.shop\/grill\/wp-content\/uploads\/2026\/04\/allegro-image-16085.jpg",1024,683,false],"1536x1536":["https:\/\/tivrano.shop\/grill\/wp-content\/uploads\/2026\/04\/allegro-image-16085.jpg",1024,683,false],"2048x2048":["https:\/\/tivrano.shop\/grill\/wp-content\/uploads\/2026\/04\/allegro-image-16085.jpg",1024,683,false],"woocommerce_thumbnail":["https:\/\/tivrano.shop\/grill\/wp-content\/uploads\/2026\/04\/allegro-image-16085-300x300.jpg",300,300,true],"woocommerce_single":["https:\/\/tivrano.shop\/grill\/wp-content\/uploads\/2026\/04\/allegro-image-16085-600x400.jpg",600,400,true],"woocommerce_gallery_thumbnail":["https:\/\/tivrano.shop\/grill\/wp-content\/uploads\/2026\/04\/allegro-image-16085-100x100.jpg",100,100,true]},"uagb_author_info":{"display_name":"admin","author_link":"https:\/\/tivrano.shop\/grill\/author\/"},"uagb_comment_info":0,"uagb_excerpt":"Altana ogrodowa drewniana 3,9m x 4,5m z antracytowym dachem","_links":{"self":[{"href":"https:\/\/tivrano.shop\/grill\/wp-json\/wp\/v2\/product\/16085","targetHints":{"allow":["GET"]}}],"collection":[{"href":"https:\/\/tivrano.shop\/grill\/wp-json\/wp\/v2\/product"}],"about":[{"href":"https:\/\/tivrano.shop\/grill\/wp-json\/wp\/v2\/types\/product"}],"wp:featuredmedia":[{"embeddable":true,"href":"https:\/\/tivrano.shop\/grill\/wp-json\/wp\/v2\/media\/16086"}],"wp:attachment":[{"href":"https:\/\/tivrano.shop\/grill\/wp-json\/wp\/v2\/media?parent=16085"}],"wp:term":[{"taxonomy":"product_brand","embeddable":true,"href":"https:\/\/tivrano.shop\/grill\/wp-json\/wp\/v2\/product_brand?post=16085"},{"taxonomy":"product_cat","embeddable":true,"href":"https:\/\/tivrano.shop\/grill\/wp-json\/wp\/v2\/product_cat?post=16085"},{"taxonomy":"product_tag","embeddable":true,"href":"https:\/\/tivrano.shop\/grill\/wp-json\/wp\/v2\/product_tag?post=16085"}],"curies":[{"name":"wp","href":"https:\/\/api.w.org\/{rel}","templated":true}]}}