{"id":16083,"date":"2026-04-06T19:53:43","date_gmt":"2026-04-06T18:53:43","guid":{"rendered":"https:\/\/grillcentrum.shop\/gree\/produkt\/pergola-tarasowa-zadaszenie-altana-sprint-plus-3x3-antracyt-pawilon-rolety\/"},"modified":"2026-04-11T02:22:35","modified_gmt":"2026-04-11T01:22:35","slug":"pergola-tarasowa-zadaszenie-altana-sprint-plus-3x3-antracyt-pawilon-rolety","status":"publish","type":"product","link":"https:\/\/tivrano.shop\/grill\/produkt\/pergola-tarasowa-zadaszenie-altana-sprint-plus-3x3-antracyt-pawilon-rolety\/","title":{"rendered":"Pergola Tarasowa Zadaszenie Altana SPRINT PLUS 3&#215;3 Antracyt Pawilon Rolety"},"content":{"rendered":"<div style=\"font-family: Arial, sans-serif; line-height: 1.6; color: #333; padding: 20px; clear: both; display: block; width: 100%; float: none; position: static; overflow: hidden;\">\n<div style=\"clear: both; display: block; margin: 10px 0;\">\n<div style=\"clear: both; display: block; margin: 10px 0;\">\n<div style=\"clear: both; display: block; margin: 10px 0;\">\n<h1>Pergola Tarasowa Zadaszenie na Ogr\u00f3d SPRINT PLUS 3&#215;3 Antracyt z roletami<\/h1>\n<p style=\"margin: 15px 0; line-height: 1.8; clear: both; display: block; width: 100%; float: none; position: static;\">005420<\/p>\n<\/div>\n<\/div>\n<\/div>\n<div style=\"clear: both; display: block; margin: 10px 0;\">\n<div style=\"clear: both; display: block; margin: 10px 0;\">\n<div style=\"clear: both; display: block; margin: 10px 0;\">\n<div  style=\"max-width:1200px;max-height:1189px\">\n<div style=\"clear: both; display: block; margin: 10px 0;\">\n<div style=\"clear: both; width: 100%; display: block; margin: 20px 0; padding: 0; float: none; position: static; text-align: center;\"><img decoding=\"async\"  src=\"https:\/\/a.allegroimg.com\/original\/115949\/5f4d1d8f4e28a2fce51c06833cd1\/Pergola-Tarasowa-Zadaszenie-Altana-SPRINT-PLUS-3x3-Antracyt-Pawilon-Rolety-Kod-producenta-005420\" srcset=\"https:\/\/a.allegroimg.com\/original\/115949\/5f4d1d8f4e28a2fce51c06833cd1\/Pergola-Tarasowa-Zadaszenie-Altana-SPRINT-PLUS-3x3-Antracyt-Pawilon-Rolety-Kod-producenta-005420 360w,https:\/\/a.allegroimg.com\/original\/115949\/5f4d1d8f4e28a2fce51c06833cd1\/Pergola-Tarasowa-Zadaszenie-Altana-SPRINT-PLUS-3x3-Antracyt-Pawilon-Rolety-Kod-producenta-005420 720w,https:\/\/a.allegroimg.com\/original\/115949\/5f4d1d8f4e28a2fce51c06833cd1\/Pergola-Tarasowa-Zadaszenie-Altana-SPRINT-PLUS-3x3-Antracyt-Pawilon-Rolety-Kod-producenta-005420 1024w,https:\/\/a.allegroimg.com\/original\/115949\/5f4d1d8f4e28a2fce51c06833cd1\/Pergola-Tarasowa-Zadaszenie-Altana-SPRINT-PLUS-3x3-Antracyt-Pawilon-Rolety-Kod-producenta-005420 1200w,https:\/\/a.allegroimg.com\/original\/115949\/5f4d1d8f4e28a2fce51c06833cd1\/Pergola-Tarasowa-Zadaszenie-Altana-SPRINT-PLUS-3x3-Antracyt-Pawilon-Rolety-Kod-producenta-005420 1200w\" sizes=\"(min-width: 1200px) 560px, (min-width: 992px) 50vw, 100vw\" width=\"1200px\" alt=\"Pergola Tarasowa Zadaszenie Altana SPRINT PLUS 3x3 Antracyt Pawilon Rolety Kod producenta 005420\" style=\"max-width: 100%; height: auto; display: block; margin: 0 auto;\"><\/div>\n<\/div>\n<\/div>\n<\/div>\n<\/div>\n<div style=\"clear: both; display: block; margin: 10px 0;\">\n<div style=\"clear: both; display: block; margin: 10px 0;\">\n<p style=\"margin: 15px 0; line-height: 1.8; clear: both; display: block; width: 100%; float: none; position: static;\">Marzysz o doskona\u0142ym miejscu do wypoczynku na \u015bwie\u017cym powietrzu?<\/p>\n<p style=\"margin: 15px 0; line-height: 1.8; clear: both; display: block; width: 100%; float: none; position: static;\"><b>Pergola ogrodowa<\/b>&nbsp;marki&nbsp;<b>Hardmaister<\/b>&nbsp;zapewnia skuteczn\u0105 ochron\u0119 przed szkodliwym&nbsp;<b>promieniowaniem UV<\/b>&nbsp;i&nbsp;<b>lekkimi opadami deszczu<\/b>. Dzi\u0119ki zastosowaniu wodoodpornego materia\u0142u dachowego, mo\u017cesz korzysta\u0107 z przestrzeni zewn\u0119trznej nawet w mniej sprzyjaj\u0105cych warunkach pogodowych. Jest to idealne rozwi\u0105zanie na upalne dni, kt\u00f3re pozwala na komfortowy wypoczynek w cieniu, jednocze\u015bnie ciesz\u0105c si\u0119 otoczeniem natury.<\/p>\n<p style=\"margin: 15px 0; line-height: 1.8; clear: both; display: block; width: 100%; float: none; position: static;\">Seria Plus dodatkowo oferuje 4 rolety chroni\u0105ce Twoj\u0105 prywatno\u015b\u0107 lub dodatkow\u0105 os\u0142on\u0119 przed wiatrem i deszczem.<\/p>\n<\/div>\n<\/div>\n<\/div>\n<div style=\"clear: both; display: block; margin: 10px 0;\">\n<div style=\"clear: both; display: block; margin: 10px 0;\">\n<div style=\"clear: both; display: block; margin: 10px 0;\">\n<div  style=\"max-width:1200px;max-height:1189px\">\n<div style=\"clear: both; display: block; margin: 10px 0;\">\n<div style=\"clear: both; width: 100%; display: block; margin: 20px 0; padding: 0; float: none; position: static; text-align: center;\"><img decoding=\"async\"  src=\"https:\/\/a.allegroimg.com\/original\/118104\/17d64e764fb88c6ca98bfa921364\/Pergola-Tarasowa-Zadaszenie-Altana-SPRINT-PLUS-3x3-Antracyt-Pawilon-Rolety-EAN-GTIN-5905529992711\" srcset=\"https:\/\/a.allegroimg.com\/original\/118104\/17d64e764fb88c6ca98bfa921364\/Pergola-Tarasowa-Zadaszenie-Altana-SPRINT-PLUS-3x3-Antracyt-Pawilon-Rolety-EAN-GTIN-5905529992711 360w,https:\/\/a.allegroimg.com\/original\/118104\/17d64e764fb88c6ca98bfa921364\/Pergola-Tarasowa-Zadaszenie-Altana-SPRINT-PLUS-3x3-Antracyt-Pawilon-Rolety-EAN-GTIN-5905529992711 720w,https:\/\/a.allegroimg.com\/original\/118104\/17d64e764fb88c6ca98bfa921364\/Pergola-Tarasowa-Zadaszenie-Altana-SPRINT-PLUS-3x3-Antracyt-Pawilon-Rolety-EAN-GTIN-5905529992711 1024w,https:\/\/a.allegroimg.com\/original\/118104\/17d64e764fb88c6ca98bfa921364\/Pergola-Tarasowa-Zadaszenie-Altana-SPRINT-PLUS-3x3-Antracyt-Pawilon-Rolety-EAN-GTIN-5905529992711 1200w,https:\/\/a.allegroimg.com\/original\/118104\/17d64e764fb88c6ca98bfa921364\/Pergola-Tarasowa-Zadaszenie-Altana-SPRINT-PLUS-3x3-Antracyt-Pawilon-Rolety-EAN-GTIN-5905529992711 1200w\" sizes=\"(min-width: 1200px) 560px, (min-width: 992px) 50vw, 100vw\" width=\"1200px\" alt=\"Pergola Tarasowa Zadaszenie Altana SPRINT PLUS 3x3 Antracyt Pawilon Rolety EAN (GTIN) 5905529992711\" style=\"max-width: 100%; height: auto; display: block; margin: 0 auto;\"><\/div>\n<\/div>\n<\/div>\n<\/div>\n<\/div>\n<div style=\"clear: both; display: block; margin: 10px 0;\">\n<div style=\"clear: both; display: block; margin: 10px 0;\">\n<h3 style=\"color: #2c5aa0; font-size: 18px; margin: 30px 0 15px 0; font-weight: bold; clear: both; display: block; width: 100%; float: none; position: static;\">WYMIARY:<\/h3>\n<ul style=\"margin: 15px 0; padding-left: 20px; clear: both; display: block; width: 100%; float: none; position: static;\">\n<li style=\"margin: 5px 0; padding: 2px 0; clear: both; display: list-item; float: none; position: static;\">G\u0142\u0119boko\u015b\u0107: 290cm<\/li>\n<li style=\"margin: 5px 0; padding: 2px 0; clear: both; display: list-item; float: none; position: static;\">Szeroko\u015b\u0107:&nbsp;290cm<\/li>\n<li style=\"margin: 5px 0; padding: 2px 0; clear: both; display: list-item; float: none; position: static;\">Wysoko\u015b\u0107:&nbsp;228cm<\/li>\n<\/ul>\n<\/div>\n<\/div>\n<\/div>\n<div style=\"clear: both; display: block; margin: 10px 0;\">\n<div style=\"clear: both; display: block; margin: 10px 0;\">\n<div style=\"clear: both; display: block; margin: 10px 0;\">\n<div  style=\"max-width:1200px;max-height:900px\">\n<div style=\"clear: both; display: block; margin: 10px 0;\">\n<div style=\"clear: both; width: 100%; display: block; margin: 20px 0; padding: 0; float: none; position: static; text-align: center;\"><img decoding=\"async\"  src=\"https:\/\/a.allegroimg.com\/original\/117f20\/4727b45a4292befa1ca0a07755c6\/Pergola-Tarasowa-Zadaszenie-Altana-SPRINT-PLUS-3x3-Antracyt-Pawilon-Rolety-Producent-HardMaister\" srcset=\"https:\/\/a.allegroimg.com\/original\/117f20\/4727b45a4292befa1ca0a07755c6\/Pergola-Tarasowa-Zadaszenie-Altana-SPRINT-PLUS-3x3-Antracyt-Pawilon-Rolety-Producent-HardMaister 360w,https:\/\/a.allegroimg.com\/original\/117f20\/4727b45a4292befa1ca0a07755c6\/Pergola-Tarasowa-Zadaszenie-Altana-SPRINT-PLUS-3x3-Antracyt-Pawilon-Rolety-Producent-HardMaister 720w,https:\/\/a.allegroimg.com\/original\/117f20\/4727b45a4292befa1ca0a07755c6\/Pergola-Tarasowa-Zadaszenie-Altana-SPRINT-PLUS-3x3-Antracyt-Pawilon-Rolety-Producent-HardMaister 1024w,https:\/\/a.allegroimg.com\/original\/117f20\/4727b45a4292befa1ca0a07755c6\/Pergola-Tarasowa-Zadaszenie-Altana-SPRINT-PLUS-3x3-Antracyt-Pawilon-Rolety-Producent-HardMaister 1200w,https:\/\/a.allegroimg.com\/original\/117f20\/4727b45a4292befa1ca0a07755c6\/Pergola-Tarasowa-Zadaszenie-Altana-SPRINT-PLUS-3x3-Antracyt-Pawilon-Rolety-Producent-HardMaister 1200w\" sizes=\"(min-width: 1200px) 560px, (min-width: 992px) 50vw, 100vw\" width=\"1200px\" alt=\"Pergola Tarasowa Zadaszenie Altana SPRINT PLUS 3x3 Antracyt Pawilon Rolety Producent HardMaister\" style=\"max-width: 100%; height: auto; display: block; margin: 0 auto;\"><\/div>\n<\/div>\n<\/div>\n<\/div>\n<\/div>\n<div style=\"clear: both; display: block; margin: 10px 0;\">\n<div style=\"clear: both; display: block; margin: 10px 0;\">\n<h3 style=\"color: #2c5aa0; font-size: 18px; margin: 30px 0 15px 0; font-weight: bold; clear: both; display: block; width: 100%; float: none; position: static;\">CECHY PRODUKTU:<\/h3>\n<ul style=\"margin: 15px 0; padding-left: 20px; clear: both; display: block; width: 100%; float: none; position: static;\">\n<li style=\"margin: 5px 0; padding: 2px 0; clear: both; display: list-item; float: none; position: static;\">Konstrukcja <b>pergoli<\/b>&nbsp;wykonana jest ze stali<\/li>\n<li style=\"margin: 5px 0; padding: 2px 0; clear: both; display: list-item; float: none; position: static;\">Wiata zabezpieczona jest przed korozj\u0105 malowaniem proszkowym<\/li>\n<li style=\"margin: 5px 0; padding: 2px 0; clear: both; display: list-item; float: none; position: static;\">Stabilno\u015b\u0107 zadaszenia zachowana jest dzi\u0119ki solidnemu wykonaniu ramy,<\/li>\n<li style=\"margin: 5px 0; padding: 2px 0; clear: both; display: list-item; float: none; position: static;\">Wymiar profilu ramy &#8211; 60x60mm, grubo\u015b\u0107 0,9mm,<\/li>\n<li style=\"margin: 5px 0; padding: 2px 0; clear: both; display: list-item; float: none; position: static;\">Wymiar profilu dachu &#8211; 60x30mm, grubo\u015b\u0107 0,7mm<\/li>\n<li style=\"margin: 5px 0; padding: 2px 0; clear: both; display: list-item; float: none; position: static;\">Rurki stalowe o \u015brednicy ?18mm, grubo\u015b\u0107 0,5mm<\/li>\n<li style=\"margin: 5px 0; padding: 2px 0; clear: both; display: list-item; float: none; position: static;\">Tkanina na dachu: 300 g\/m?<\/li>\n<li style=\"margin: 5px 0; padding: 2px 0; clear: both; display: list-item; float: none; position: static;\">Materia\u0142 z kt\u00f3rego wykonany jest dach to poliester z pow\u0142ok\u0105 PVC i jest wodoodporny<\/li>\n<li style=\"margin: 5px 0; padding: 2px 0; clear: both; display: list-item; float: none; position: static;\">Wysoka ochrona przed promieniowaniem UV<\/li>\n<li style=\"margin: 5px 0; padding: 2px 0; clear: both; display: list-item; float: none; position: static;\">W komplecie znajduj\u0105 si\u0119 4szt rolet 1,2m<\/li>\n<li style=\"margin: 5px 0; padding: 2px 0; clear: both; display: list-item; float: none; position: static;\">Rolety wykonane s\u0105 z tkaniny poliestrowej o gramaturze 160gms<\/li>\n<\/ul>\n<\/div>\n<\/div>\n<\/div>\n<div style=\"clear: both; display: block; margin: 10px 0;\">\n<div style=\"clear: both; display: block; margin: 10px 0;\">\n<div style=\"clear: both; display: block; margin: 10px 0;\">\n<div  style=\"max-width:1200px;max-height:900px\">\n<div style=\"clear: both; display: block; margin: 10px 0;\">\n<div style=\"clear: both; width: 100%; display: block; margin: 20px 0; padding: 0; float: none; position: static; text-align: center;\"><img decoding=\"async\"  src=\"https:\/\/a.allegroimg.com\/original\/11ab32\/9dfd73264f4e80e7fdf6dd7e2593\/Pergola-Tarasowa-Zadaszenie-Altana-SPRINT-PLUS-3x3-Antracyt-Pawilon-Rolety-Rodzaj-zadaszenie\" srcset=\"https:\/\/a.allegroimg.com\/original\/11ab32\/9dfd73264f4e80e7fdf6dd7e2593\/Pergola-Tarasowa-Zadaszenie-Altana-SPRINT-PLUS-3x3-Antracyt-Pawilon-Rolety-Rodzaj-zadaszenie 360w,https:\/\/a.allegroimg.com\/original\/11ab32\/9dfd73264f4e80e7fdf6dd7e2593\/Pergola-Tarasowa-Zadaszenie-Altana-SPRINT-PLUS-3x3-Antracyt-Pawilon-Rolety-Rodzaj-zadaszenie 720w,https:\/\/a.allegroimg.com\/original\/11ab32\/9dfd73264f4e80e7fdf6dd7e2593\/Pergola-Tarasowa-Zadaszenie-Altana-SPRINT-PLUS-3x3-Antracyt-Pawilon-Rolety-Rodzaj-zadaszenie 1024w,https:\/\/a.allegroimg.com\/original\/11ab32\/9dfd73264f4e80e7fdf6dd7e2593\/Pergola-Tarasowa-Zadaszenie-Altana-SPRINT-PLUS-3x3-Antracyt-Pawilon-Rolety-Rodzaj-zadaszenie 1200w,https:\/\/a.allegroimg.com\/original\/11ab32\/9dfd73264f4e80e7fdf6dd7e2593\/Pergola-Tarasowa-Zadaszenie-Altana-SPRINT-PLUS-3x3-Antracyt-Pawilon-Rolety-Rodzaj-zadaszenie 1200w\" sizes=\"(min-width: 1200px) 560px, (min-width: 992px) 50vw, 100vw\" width=\"1200px\" alt=\"Pergola Tarasowa Zadaszenie Altana SPRINT PLUS 3x3 Antracyt Pawilon Rolety Rodzaj zadaszenie\" style=\"max-width: 100%; height: auto; display: block; margin: 0 auto;\"><\/div>\n<\/div>\n<\/div>\n<\/div>\n<\/div>\n<div style=\"clear: both; display: block; margin: 10px 0;\">\n<div style=\"clear: both; display: block; margin: 10px 0;\">\n<h3 style=\"color: #2c5aa0; font-size: 18px; margin: 30px 0 15px 0; font-weight: bold; clear: both; display: block; width: 100%; float: none; position: static;\">Rozwijana roleta<\/h3>\n<p style=\"margin: 15px 0; line-height: 1.8; clear: both; display: block; width: 100%; float: none; position: static;\">System rolet regulowanych &#8211; w zestawie 4 szt, kt\u00f3re umo\u017cliwi\u0105 Tobie zyskanie dodatkowej strefy prywatno\u015bci lub ochrony przed warunkami atmosferycznymi.<\/p>\n<\/div>\n<\/div>\n<\/div>\n<div style=\"clear: both; display: block; margin: 10px 0;\">\n<div style=\"clear: both; display: block; margin: 10px 0;\">\n<div style=\"clear: both; display: block; margin: 10px 0;\">\n<div  style=\"max-width:1200px;max-height:900px\">\n<div style=\"clear: both; display: block; margin: 10px 0;\">\n<div style=\"clear: both; width: 100%; display: block; margin: 20px 0; padding: 0; float: none; position: static; text-align: center;\"><img decoding=\"async\"  src=\"https:\/\/a.allegroimg.com\/original\/112a4a\/a4a2ef4d479296e510021e69a345\/Pergola-Tarasowa-Zadaszenie-Altana-SPRINT-PLUS-3x3-Antracyt-Pawilon-Rolety-Typ-wolnostojace\" srcset=\"https:\/\/a.allegroimg.com\/original\/112a4a\/a4a2ef4d479296e510021e69a345\/Pergola-Tarasowa-Zadaszenie-Altana-SPRINT-PLUS-3x3-Antracyt-Pawilon-Rolety-Typ-wolnostojace 360w,https:\/\/a.allegroimg.com\/original\/112a4a\/a4a2ef4d479296e510021e69a345\/Pergola-Tarasowa-Zadaszenie-Altana-SPRINT-PLUS-3x3-Antracyt-Pawilon-Rolety-Typ-wolnostojace 720w,https:\/\/a.allegroimg.com\/original\/112a4a\/a4a2ef4d479296e510021e69a345\/Pergola-Tarasowa-Zadaszenie-Altana-SPRINT-PLUS-3x3-Antracyt-Pawilon-Rolety-Typ-wolnostojace 1024w,https:\/\/a.allegroimg.com\/original\/112a4a\/a4a2ef4d479296e510021e69a345\/Pergola-Tarasowa-Zadaszenie-Altana-SPRINT-PLUS-3x3-Antracyt-Pawilon-Rolety-Typ-wolnostojace 1200w,https:\/\/a.allegroimg.com\/original\/112a4a\/a4a2ef4d479296e510021e69a345\/Pergola-Tarasowa-Zadaszenie-Altana-SPRINT-PLUS-3x3-Antracyt-Pawilon-Rolety-Typ-wolnostojace 1200w\" sizes=\"(min-width: 1200px) 560px, (min-width: 992px) 50vw, 100vw\" width=\"1200px\" alt=\"Pergola Tarasowa Zadaszenie Altana SPRINT PLUS 3x3 Antracyt Pawilon Rolety Typ wolnostoj\u0105ce\" style=\"max-width: 100%; height: auto; display: block; margin: 0 auto;\"><\/div>\n<\/div>\n<\/div>\n<\/div>\n<\/div>\n<div style=\"clear: both; display: block; margin: 10px 0;\">\n<div style=\"clear: both; display: block; margin: 10px 0;\">\n<h3 style=\"color: #2c5aa0; font-size: 18px; margin: 30px 0 15px 0; font-weight: bold; clear: both; display: block; width: 100%; float: none; position: static;\">System Zadaszenia<\/h3>\n<p style=\"margin: 15px 0; line-height: 1.8; clear: both; display: block; width: 100%; float: none; position: static;\">W razie potrzeby chroni przed s\u0142o\u0144cem i opadami atmosferycznymi. Dzi\u0119ki &#8222;\u017cabkowemu&#8221; systemowi w szybki spos\u00f3b zwiniesz os\u0142on\u0119. Praktyczny i szybki system zarz\u0105dzania systemem zadaszenia Pergoli Sprint od Hardmaister.<\/p>\n<\/div>\n<\/div>\n<\/div>\n<div style=\"clear: both; display: block; margin: 10px 0;\">\n<div style=\"clear: both; display: block; margin: 10px 0;\">\n<div style=\"clear: both; display: block; margin: 10px 0;\">\n<div  style=\"max-width:1200px;max-height:900px\">\n<div style=\"clear: both; display: block; margin: 10px 0;\">\n<div style=\"clear: both; width: 100%; display: block; margin: 20px 0; padding: 0; float: none; position: static; text-align: center;\"><img decoding=\"async\"  src=\"https:\/\/a.allegroimg.com\/original\/1190d5\/0381a8454ca587fcace408c21eea\/Pergola-Tarasowa-Zadaszenie-Altana-SPRINT-PLUS-3x3-Antracyt-Pawilon-Rolety-Szerokosc-calkowita-290-cm\" srcset=\"https:\/\/a.allegroimg.com\/original\/1190d5\/0381a8454ca587fcace408c21eea\/Pergola-Tarasowa-Zadaszenie-Altana-SPRINT-PLUS-3x3-Antracyt-Pawilon-Rolety-Szerokosc-calkowita-290-cm 360w,https:\/\/a.allegroimg.com\/original\/1190d5\/0381a8454ca587fcace408c21eea\/Pergola-Tarasowa-Zadaszenie-Altana-SPRINT-PLUS-3x3-Antracyt-Pawilon-Rolety-Szerokosc-calkowita-290-cm 720w,https:\/\/a.allegroimg.com\/original\/1190d5\/0381a8454ca587fcace408c21eea\/Pergola-Tarasowa-Zadaszenie-Altana-SPRINT-PLUS-3x3-Antracyt-Pawilon-Rolety-Szerokosc-calkowita-290-cm 1024w,https:\/\/a.allegroimg.com\/original\/1190d5\/0381a8454ca587fcace408c21eea\/Pergola-Tarasowa-Zadaszenie-Altana-SPRINT-PLUS-3x3-Antracyt-Pawilon-Rolety-Szerokosc-calkowita-290-cm 1200w,https:\/\/a.allegroimg.com\/original\/1190d5\/0381a8454ca587fcace408c21eea\/Pergola-Tarasowa-Zadaszenie-Altana-SPRINT-PLUS-3x3-Antracyt-Pawilon-Rolety-Szerokosc-calkowita-290-cm 1200w\" sizes=\"(min-width: 1200px) 560px, (min-width: 992px) 50vw, 100vw\" width=\"1200px\" alt=\"Pergola Tarasowa Zadaszenie Altana SPRINT PLUS 3x3 Antracyt Pawilon Rolety Szeroko\u015b\u0107 ca\u0142kowita 290 cm\" style=\"max-width: 100%; height: auto; display: block; margin: 0 auto;\"><\/div>\n<\/div>\n<\/div>\n<\/div>\n<\/div>\n<div style=\"clear: both; display: block; margin: 10px 0;\">\n<div style=\"clear: both; display: block; margin: 10px 0;\">\n<h3 style=\"color: #2c5aa0; font-size: 18px; margin: 30px 0 15px 0; font-weight: bold; clear: both; display: block; width: 100%; float: none; position: static;\">Estetyczne Wykonanie<\/h3>\n<p style=\"margin: 15px 0; line-height: 1.8; clear: both; display: block; width: 100%; float: none; position: static;\">Po zwini\u0119ciu dachu, materia\u0142 zabezpieczysz dedykowanymi mocowaniami. Dzi\u0119ki temu zabiegowi Twoja pergola b\u0119dzie cieszy\u0142a oko w ka\u017cdej sytuacji.<\/p>\n<\/div>\n<\/div>\n<\/div>\n<div style=\"clear: both; display: block; margin: 10px 0;\">\n<div style=\"clear: both; display: block; margin: 10px 0;\">\n<div style=\"clear: both; display: block; margin: 10px 0;\">\n<div  style=\"max-width:1200px;max-height:874px\">\n<div style=\"clear: both; display: block; margin: 10px 0;\">\n<div style=\"clear: both; width: 100%; display: block; margin: 20px 0; padding: 0; float: none; position: static; text-align: center;\"><img decoding=\"async\"  src=\"https:\/\/a.allegroimg.com\/original\/111c79\/2ac5c08f490d9c6efa90572f8059\/Pergola-Tarasowa-Zadaszenie-Altana-SPRINT-PLUS-3x3-Antracyt-Pawilon-Rolety-Kolor-szary\" srcset=\"https:\/\/a.allegroimg.com\/original\/111c79\/2ac5c08f490d9c6efa90572f8059\/Pergola-Tarasowa-Zadaszenie-Altana-SPRINT-PLUS-3x3-Antracyt-Pawilon-Rolety-Kolor-szary 360w,https:\/\/a.allegroimg.com\/original\/111c79\/2ac5c08f490d9c6efa90572f8059\/Pergola-Tarasowa-Zadaszenie-Altana-SPRINT-PLUS-3x3-Antracyt-Pawilon-Rolety-Kolor-szary 720w,https:\/\/a.allegroimg.com\/original\/111c79\/2ac5c08f490d9c6efa90572f8059\/Pergola-Tarasowa-Zadaszenie-Altana-SPRINT-PLUS-3x3-Antracyt-Pawilon-Rolety-Kolor-szary 1024w,https:\/\/a.allegroimg.com\/original\/111c79\/2ac5c08f490d9c6efa90572f8059\/Pergola-Tarasowa-Zadaszenie-Altana-SPRINT-PLUS-3x3-Antracyt-Pawilon-Rolety-Kolor-szary 1200w,https:\/\/a.allegroimg.com\/original\/111c79\/2ac5c08f490d9c6efa90572f8059\/Pergola-Tarasowa-Zadaszenie-Altana-SPRINT-PLUS-3x3-Antracyt-Pawilon-Rolety-Kolor-szary 1200w\" sizes=\"(min-width: 1200px) 560px, (min-width: 992px) 50vw, 100vw\" width=\"1200px\" alt=\"Pergola Tarasowa Zadaszenie Altana SPRINT PLUS 3x3 Antracyt Pawilon Rolety Kolor szary\" style=\"max-width: 100%; height: auto; display: block; margin: 0 auto;\"><\/div>\n<\/div>\n<\/div>\n<\/div>\n<\/div>\n<div style=\"clear: both; display: block; margin: 10px 0;\">\n<div style=\"clear: both; display: block; margin: 10px 0;\">\n<h3 style=\"color: #2c5aa0; font-size: 18px; margin: 30px 0 15px 0; font-weight: bold; clear: both; display: block; width: 100%; float: none; position: static;\">Wytrzyma\u0142a konstrukcja<\/h3>\n<p style=\"margin: 15px 0; line-height: 1.8; clear: both; display: block; width: 100%; float: none; position: static;\">Ca\u0142o\u015b\u0107 wykonania ze stali, po\u0142\u0105czona ze sob\u0105 wytrzyma\u0142ymi nitami do\u0142\u0105czonymi do zestawu. Gwarancja trwa\u0142o\u015bci na lata podczas sp\u0119dzania czasu pod pergol\u0105 ogrodow\u0105.<\/p>\n<\/div>\n<\/div>\n<\/div>\n<div style=\"clear: both; display: block; margin: 10px 0;\">\n<div style=\"clear: both; display: block; margin: 10px 0;\">\n<div style=\"clear: both; display: block; margin: 10px 0;\">\n<div  style=\"max-width:1200px;max-height:900px\">\n<div style=\"clear: both; display: block; margin: 10px 0;\">\n<div style=\"clear: both; width: 100%; display: block; margin: 20px 0; padding: 0; float: none; position: static; text-align: center;\"><img decoding=\"async\"  src=\"https:\/\/a.allegroimg.com\/original\/11fdb7\/7d650d63494c92331e48993eed4b\/Pergola-Tarasowa-Zadaszenie-Altana-SPRINT-PLUS-3x3-Antracyt-Pawilon-Rolety-Dlugosc-calkowita-290-cm\" srcset=\"https:\/\/a.allegroimg.com\/original\/11fdb7\/7d650d63494c92331e48993eed4b\/Pergola-Tarasowa-Zadaszenie-Altana-SPRINT-PLUS-3x3-Antracyt-Pawilon-Rolety-Dlugosc-calkowita-290-cm 360w,https:\/\/a.allegroimg.com\/original\/11fdb7\/7d650d63494c92331e48993eed4b\/Pergola-Tarasowa-Zadaszenie-Altana-SPRINT-PLUS-3x3-Antracyt-Pawilon-Rolety-Dlugosc-calkowita-290-cm 720w,https:\/\/a.allegroimg.com\/original\/11fdb7\/7d650d63494c92331e48993eed4b\/Pergola-Tarasowa-Zadaszenie-Altana-SPRINT-PLUS-3x3-Antracyt-Pawilon-Rolety-Dlugosc-calkowita-290-cm 1024w,https:\/\/a.allegroimg.com\/original\/11fdb7\/7d650d63494c92331e48993eed4b\/Pergola-Tarasowa-Zadaszenie-Altana-SPRINT-PLUS-3x3-Antracyt-Pawilon-Rolety-Dlugosc-calkowita-290-cm 1200w,https:\/\/a.allegroimg.com\/original\/11fdb7\/7d650d63494c92331e48993eed4b\/Pergola-Tarasowa-Zadaszenie-Altana-SPRINT-PLUS-3x3-Antracyt-Pawilon-Rolety-Dlugosc-calkowita-290-cm 1200w\" sizes=\"(min-width: 1200px) 560px, (min-width: 992px) 50vw, 100vw\" width=\"1200px\" alt=\"Pergola Tarasowa Zadaszenie Altana SPRINT PLUS 3x3 Antracyt Pawilon Rolety D\u0142ugo\u015b\u0107 ca\u0142kowita 290 cm\" style=\"max-width: 100%; height: auto; display: block; margin: 0 auto;\"><\/div>\n<\/div>\n<\/div>\n<\/div>\n<\/div>\n<div style=\"clear: both; display: block; margin: 10px 0;\">\n<div style=\"clear: both; display: block; margin: 10px 0;\">\n<h3 style=\"color: #2c5aa0; font-size: 18px; margin: 30px 0 15px 0; font-weight: bold; clear: both; display: block; width: 100%; float: none; position: static;\">\n","protected":false},"excerpt":{"rendered":"<p>Pergola Tarasowa Zadaszenie na Ogr\u00f3d SPRINT PLUS 3&#215;3 Antracyt z roletami<\/p>\n<p>005420<\/p>\n<p>Marzysz o doskona\u0142ym miejscu do wypoczynku na \u015bwie\u017cym powietrzu?<\/p>\n<p>Pergola ogrodowa&nbsp;marki&nbsp;Hardmaister&nbsp;zapewnia skuteczn\u0105 ochron\u0119 przed szkodliwym&nbsp;promieniowaniem UV&nbsp;i&nbsp;lekkimi opadami deszczu. Dzi\u0119ki zastosowaniu wodoodpornego materia\u0142u dachowego, mo\u017cesz korzysta\u0107 z przestrzeni zewn\u0119trznej nawet w mniej sprzyjaj\u0105cych warunkach pogodowych. Jest to idealne rozwi\u0105zanie na upalne dni, kt\u00f3re pozwala na komfortowy wypoczynek w cieniu, jednocze\u015bnie ciesz\u0105c si\u0119 otoczeniem natury.<\/p>\n","protected":false},"featured_media":16084,"template":"","meta":{"_uag_custom_page_level_css":""},"product_brand":[972],"product_cat":[946,891,541],"product_tag":[],"class_list":{"0":"post-16083","1":"product","2":"type-product","3":"status-publish","4":"has-post-thumbnail","6":"product_brand-hardmaister","7":"product_cat-altany-wiaty-zadaszenia","8":"product_cat-architektura-ogrodowa","9":"product_cat-ogrod","11":"first","12":"instock","13":"sale","14":"shipping-taxable","15":"purchasable","16":"product-type-simple"},"uagb_featured_image_src":{"full":["https:\/\/tivrano.shop\/grill\/wp-content\/uploads\/2026\/04\/allegro-image-16083.jpg",1500,1500,false],"thumbnail":["https:\/\/tivrano.shop\/grill\/wp-content\/uploads\/2026\/04\/allegro-image-16083-150x150.jpg",150,150,true],"medium":["https:\/\/tivrano.shop\/grill\/wp-content\/uploads\/2026\/04\/allegro-image-16083-300x300.jpg",300,300,true],"medium_large":["https:\/\/tivrano.shop\/grill\/wp-content\/uploads\/2026\/04\/allegro-image-16083-768x768.jpg",768,768,true],"large":["https:\/\/tivrano.shop\/grill\/wp-content\/uploads\/2026\/04\/allegro-image-16083-1024x1024.jpg",1024,1024,true],"1536x1536":["https:\/\/tivrano.shop\/grill\/wp-content\/uploads\/2026\/04\/allegro-image-16083.jpg",1500,1500,false],"2048x2048":["https:\/\/tivrano.shop\/grill\/wp-content\/uploads\/2026\/04\/allegro-image-16083.jpg",1500,1500,false],"woocommerce_thumbnail":["https:\/\/tivrano.shop\/grill\/wp-content\/uploads\/2026\/04\/allegro-image-16083-300x300.jpg",300,300,true],"woocommerce_single":["https:\/\/tivrano.shop\/grill\/wp-content\/uploads\/2026\/04\/allegro-image-16083-600x600.jpg",600,600,true],"woocommerce_gallery_thumbnail":["https:\/\/tivrano.shop\/grill\/wp-content\/uploads\/2026\/04\/allegro-image-16083-100x100.jpg",100,100,true]},"uagb_author_info":{"display_name":"admin","author_link":"https:\/\/tivrano.shop\/grill\/author\/"},"uagb_comment_info":0,"uagb_excerpt":"Pergola Tarasowa Zadaszenie na Ogr\u00f3d SPRINT PLUS 3x3 Antracyt z roletami 005420 Marzysz o doskona\u0142ym miejscu do wypoczynku na \u015bwie\u017cym powietrzu? Pergola ogrodowa&nbsp;marki&nbsp;Hardmaister&nbsp;zapewnia skuteczn\u0105 ochron\u0119 przed szkodliwym&nbsp;promieniowaniem UV&nbsp;i&nbsp;lekkimi opadami deszczu. Dzi\u0119ki zastosowaniu wodoodpornego materia\u0142u dachowego, mo\u017cesz korzysta\u0107 z przestrzeni zewn\u0119trznej nawet w mniej sprzyjaj\u0105cych warunkach pogodowych. Jest to idealne rozwi\u0105zanie na upalne dni, kt\u00f3re pozwala&hellip;","_links":{"self":[{"href":"https:\/\/tivrano.shop\/grill\/wp-json\/wp\/v2\/product\/16083","targetHints":{"allow":["GET"]}}],"collection":[{"href":"https:\/\/tivrano.shop\/grill\/wp-json\/wp\/v2\/product"}],"about":[{"href":"https:\/\/tivrano.shop\/grill\/wp-json\/wp\/v2\/types\/product"}],"wp:featuredmedia":[{"embeddable":true,"href":"https:\/\/tivrano.shop\/grill\/wp-json\/wp\/v2\/media\/16084"}],"wp:attachment":[{"href":"https:\/\/tivrano.shop\/grill\/wp-json\/wp\/v2\/media?parent=16083"}],"wp:term":[{"taxonomy":"product_brand","embeddable":true,"href":"https:\/\/tivrano.shop\/grill\/wp-json\/wp\/v2\/product_brand?post=16083"},{"taxonomy":"product_cat","embeddable":true,"href":"https:\/\/tivrano.shop\/grill\/wp-json\/wp\/v2\/product_cat?post=16083"},{"taxonomy":"product_tag","embeddable":true,"href":"https:\/\/tivrano.shop\/grill\/wp-json\/wp\/v2\/product_tag?post=16083"}],"curies":[{"name":"wp","href":"https:\/\/api.w.org\/{rel}","templated":true}]}}