{"id":16079,"date":"2026-04-06T19:53:42","date_gmt":"2026-04-06T18:53:42","guid":{"rendered":"https:\/\/grillcentrum.shop\/gree\/produkt\/pergola-ogrodowa-2x3-m-pergola-tarasowa-wiata-stal-lamele-altana\/"},"modified":"2026-04-11T02:22:35","modified_gmt":"2026-04-11T01:22:35","slug":"pergola-ogrodowa-2x3-m-pergola-tarasowa-wiata-stal-lamele-altana","status":"publish","type":"product","link":"https:\/\/tivrano.shop\/grill\/produkt\/pergola-ogrodowa-2x3-m-pergola-tarasowa-wiata-stal-lamele-altana\/","title":{"rendered":"PERGOLA OGRODOWA 2&#215;3 m PERGOLA TARASOWA WIATA STAL LAMELE ALTANA"},"content":{"rendered":"<div style=\"font-family: Arial, sans-serif; line-height: 1.6; color: #333; padding: 20px; clear: both; display: block; width: 100%; float: none; position: static; overflow: hidden;\">\n<div style=\"clear: both; display: block; margin: 10px 0;\">\n<div style=\"clear: both; display: block; margin: 10px 0;\">\n<div style=\"clear: both; display: block; margin: 10px 0;\">\n<h1>Pergola drewniana tarasowa 2&#215;3 m marki Sunjoy<\/h1>\n<\/div>\n<\/div>\n<\/div>\n<div style=\"clear: both; display: block; margin: 10px 0;\">\n<div style=\"clear: both; display: block; margin: 10px 0;\">\n<div style=\"clear: both; display: block; margin: 10px 0;\">\n<div  style=\"max-width:1600px;max-height:1600px\">\n<div style=\"clear: both; display: block; margin: 10px 0;\">\n<div style=\"clear: both; width: 100%; display: block; margin: 20px 0; padding: 0; float: none; position: static; text-align: center;\"><img decoding=\"async\"  src=\"https:\/\/a.allegroimg.com\/original\/11a384\/3ebed0284b62ab4e8d8bfdc16a7e\/PERGOLA-OGRODOWA-2x3-m-PERGOLA-TARASOWA-WIATA-STAL-LAMELE-ALTANA\" srcset=\"https:\/\/a.allegroimg.com\/original\/11a384\/3ebed0284b62ab4e8d8bfdc16a7e\/PERGOLA-OGRODOWA-2x3-m-PERGOLA-TARASOWA-WIATA-STAL-LAMELE-ALTANA 360w,https:\/\/a.allegroimg.com\/original\/11a384\/3ebed0284b62ab4e8d8bfdc16a7e\/PERGOLA-OGRODOWA-2x3-m-PERGOLA-TARASOWA-WIATA-STAL-LAMELE-ALTANA 720w,https:\/\/a.allegroimg.com\/original\/11a384\/3ebed0284b62ab4e8d8bfdc16a7e\/PERGOLA-OGRODOWA-2x3-m-PERGOLA-TARASOWA-WIATA-STAL-LAMELE-ALTANA 1024w,https:\/\/a.allegroimg.com\/original\/11a384\/3ebed0284b62ab4e8d8bfdc16a7e\/PERGOLA-OGRODOWA-2x3-m-PERGOLA-TARASOWA-WIATA-STAL-LAMELE-ALTANA 1440w,https:\/\/a.allegroimg.com\/original\/11a384\/3ebed0284b62ab4e8d8bfdc16a7e\/PERGOLA-OGRODOWA-2x3-m-PERGOLA-TARASOWA-WIATA-STAL-LAMELE-ALTANA 1600w\" sizes=\"100vw\" width=\"1600px\" alt=\"PERGOLA OGRODOWA 2x3 m PERGOLA TARASOWA WIATA STAL LAMELE ALTANA\" style=\"max-width: 100%; height: auto; display: block; margin: 0 auto;\"><\/div>\n<\/div>\n<\/div>\n<\/div>\n<\/div>\n<\/div>\n<div style=\"clear: both; display: block; margin: 10px 0;\">\n<div style=\"clear: both; display: block; margin: 10px 0;\">\n<div style=\"clear: both; display: block; margin: 10px 0;\">\n<h3 style=\"color: #2c5aa0; font-size: 18px; margin: 30px 0 15px 0; font-weight: bold; clear: both; display: block; width: 100%; float: none; position: static;\">Pergola MARAO &#8211; 313cm x 191cm marki Sunjoy<\/h3>\n<\/div>\n<\/div>\n<div style=\"clear: both; display: block; margin: 10px 0;\">\n<div style=\"clear: both; display: block; margin: 10px 0;\">\n<div  style=\"max-width:937px;max-height:283px\">\n<div style=\"clear: both; display: block; margin: 10px 0;\">\n<div style=\"clear: both; width: 100%; display: block; margin: 20px 0; padding: 0; float: none; position: static; text-align: center;\"><img decoding=\"async\"  src=\"https:\/\/a.allegroimg.com\/original\/11fd38\/b941adf048e59151ddb847ba7438\/PERGOLA-OGRODOWA-2x3-m-PERGOLA-TARASOWA-WIATA-STAL-LAMELE-ALTANA-Typ-wolnostojace\" srcset=\"https:\/\/a.allegroimg.com\/original\/11fd38\/b941adf048e59151ddb847ba7438\/PERGOLA-OGRODOWA-2x3-m-PERGOLA-TARASOWA-WIATA-STAL-LAMELE-ALTANA-Typ-wolnostojace 360w,https:\/\/a.allegroimg.com\/original\/11fd38\/b941adf048e59151ddb847ba7438\/PERGOLA-OGRODOWA-2x3-m-PERGOLA-TARASOWA-WIATA-STAL-LAMELE-ALTANA-Typ-wolnostojace 720w,https:\/\/a.allegroimg.com\/original\/11fd38\/b941adf048e59151ddb847ba7438\/PERGOLA-OGRODOWA-2x3-m-PERGOLA-TARASOWA-WIATA-STAL-LAMELE-ALTANA-Typ-wolnostojace 937w,https:\/\/a.allegroimg.com\/original\/11fd38\/b941adf048e59151ddb847ba7438\/PERGOLA-OGRODOWA-2x3-m-PERGOLA-TARASOWA-WIATA-STAL-LAMELE-ALTANA-Typ-wolnostojace 937w\" sizes=\"(min-width: 1200px) 560px, (min-width: 992px) 50vw, 100vw\" width=\"937px\" alt=\"PERGOLA OGRODOWA 2x3 m PERGOLA TARASOWA WIATA STAL LAMELE ALTANA Typ wolnostoj\u0105ce\" style=\"max-width: 100%; height: auto; display: block; margin: 0 auto;\"><\/div>\n<\/div>\n<\/div>\n<\/div>\n<\/div>\n<\/div>\n<div style=\"clear: both; display: block; margin: 10px 0;\">\n<div style=\"clear: both; display: block; margin: 10px 0;\">\n<div style=\"clear: both; display: block; margin: 10px 0;\">\n<p style=\"margin: 15px 0; line-height: 1.8; clear: both; display: block; width: 100%; float: none; position: static;\">Czy chcia\u0142by\u015b mie\u0107 eleganckie zadaszenie na zewn\u0105trz, pod kt\u00f3rym mo\u017cesz sp\u0119dza\u0107 czas na \u015bwie\u017cym powietrzu z przyjaci\u00f3\u0142mi i rodzin\u0105 ? Wsp\u00f3\u0142czesna pergola o wymiarach 313 x 191 cm posiada atrakcyjn\u0105 stalow\u0105 ram\u0119 malowan\u0105 proszkowo na kolor czarny odporn\u0105 na rdz\u0119 oraz lamele wykonane z drewna cedrowego. Dzi\u0119ki \u0142atwym do wykonania instrukcjom monta\u017cu szybko zrelaksujesz si\u0119 w swoim nowym ulubionym miejscu na zewn\u0105trz.<\/p>\n<\/div>\n<\/div>\n<\/div>\n<div style=\"clear: both; display: block; margin: 10px 0;\">\n<div style=\"clear: both; display: block; margin: 10px 0;\">\n<div style=\"clear: both; display: block; margin: 10px 0;\">\n<p style=\"margin: 15px 0; line-height: 1.8; clear: both; display: block; width: 100%; float: none; position: static;\">Pergola posiada w stela\u017cu g\u00f3rnym zintegrowany hak na kt\u00f3rym mo\u017cemy swobodnie zawie\u015b\u0107 siedzisko, lamp\u0119 lub jak\u0105kolwiek inn\u0105 ozdob\u0119, kt\u00f3ra doda pi\u0119kna naszej nowej architekturze ogrodowej.<\/p>\n<\/div>\n<\/div>\n<\/div>\n<div style=\"clear: both; display: block; margin: 10px 0;\">\n<div style=\"clear: both; display: block; margin: 10px 0;\">\n<div style=\"clear: both; display: block; margin: 10px 0;\">\n<p style=\"margin: 15px 0; line-height: 1.8; clear: both; display: block; width: 100%; float: none; position: static;\">Pergola posiada z trzech stron ozdobne lamele, kt\u00f3re zapewni\u0105 Pa\u0144stwu odrobin\u0119 prywatno\u015bci na swoim ogrodzie lub te\u017c tarasie.&nbsp; Zadaszenie nale\u017cy ustawi\u0107 na wypoziomowanym gruncie . Do z\u0142o\u017cenia pergoli potrzebne b\u0119d\u0105 minimum dwie osoby z powodu gabaryt\u00f3w produktu.<\/p>\n<\/div>\n<\/div>\n<\/div>\n<div style=\"clear: both; display: block; margin: 10px 0;\">\n<div style=\"clear: both; display: block; margin: 10px 0;\">\n<div style=\"clear: both; display: block; margin: 10px 0;\">\n<ul style=\"margin: 15px 0; padding-left: 20px; clear: both; display: block; width: 100%; float: none; position: static;\">\n<li style=\"margin: 5px 0; padding: 2px 0; clear: both; display: list-item; float: none; position: static;\">wymiary ca\u0142kowite 313 d\u0142. x 191 szer. x 223 cm wys.<\/li>\n<li style=\"margin: 5px 0; padding: 2px 0; clear: both; display: list-item; float: none; position: static;\">waga produktu : <b>180 kg<\/b><\/li>\n<li style=\"margin: 5px 0; padding: 2px 0; clear: both; display: list-item; float: none; position: static;\">waga wraz z opakowaniem : 230 kg<\/li>\n<li style=\"margin: 5px 0; padding: 2px 0; clear: both; display: list-item; float: none; position: static;\">szeroko\u015b\u0107 s\u0142upk\u00f3w ( tzw. n\u00f3g ) : 9,8 cm<\/li>\n<li style=\"margin: 5px 0; padding: 2px 0; clear: both; display: list-item; float: none; position: static;\">wysoko\u015b\u0107 przej\u015bcia : 211 cm<\/li>\n<li style=\"margin: 5px 0; padding: 2px 0; clear: both; display: list-item; float: none; position: static;\">d\u0142ugo\u015b\u0107 mi\u0119dzy s\u0142upkami : 285 cm<\/li>\n<li style=\"margin: 5px 0; padding: 2px 0; clear: both; display: list-item; float: none; position: static;\">szeroko\u015b\u0107 mi\u0119dzy s\u0142upkami : 163 cm<\/li>\n<li style=\"margin: 5px 0; padding: 2px 0; clear: both; display: list-item; float: none; position: static;\">wymiary palety : 228x92x43.5 cm<\/li>\n<li style=\"margin: 5px 0; padding: 2px 0; clear: both; display: list-item; float: none; position: static;\">drewno cedrowe<\/li>\n<li style=\"margin: 5px 0; padding: 2px 0; clear: both; display: list-item; float: none; position: static;\">stal malowana proszkowo<\/li>\n<li style=\"margin: 5px 0; padding: 2px 0; clear: both; display: list-item; float: none; position: static;\">zintegrowany hak<\/li>\n<li style=\"margin: 5px 0; padding: 2px 0; clear: both; display: list-item; float: none; position: static;\">stabilna i mocna konstrukcja<\/li>\n<\/ul>\n<\/div>\n<\/div>\n<div style=\"clear: both; display: block; margin: 10px 0;\">\n<div style=\"clear: both; display: block; margin: 10px 0;\">\n<div  style=\"max-width:1400px;max-height:1400px\">\n<div style=\"clear: both; display: block; margin: 10px 0;\">\n<div style=\"clear: both; width: 100%; display: block; margin: 20px 0; padding: 0; float: none; position: static; text-align: center;\"><img decoding=\"async\"  src=\"https:\/\/a.allegroimg.com\/original\/114668\/458b13dc405b81829154182ad90e\/PERGOLA-OGRODOWA-2x3-m-PERGOLA-TARASOWA-WIATA-STAL-LAMELE-ALTANA-Dlugosc-calkowita-313-cm\" srcset=\"https:\/\/a.allegroimg.com\/original\/114668\/458b13dc405b81829154182ad90e\/PERGOLA-OGRODOWA-2x3-m-PERGOLA-TARASOWA-WIATA-STAL-LAMELE-ALTANA-Dlugosc-calkowita-313-cm 359w,https:\/\/a.allegroimg.com\/original\/114668\/458b13dc405b81829154182ad90e\/PERGOLA-OGRODOWA-2x3-m-PERGOLA-TARASOWA-WIATA-STAL-LAMELE-ALTANA-Dlugosc-calkowita-313-cm 719w,https:\/\/a.allegroimg.com\/original\/114668\/458b13dc405b81829154182ad90e\/PERGOLA-OGRODOWA-2x3-m-PERGOLA-TARASOWA-WIATA-STAL-LAMELE-ALTANA-Dlugosc-calkowita-313-cm 1024w,https:\/\/a.allegroimg.com\/original\/114668\/458b13dc405b81829154182ad90e\/PERGOLA-OGRODOWA-2x3-m-PERGOLA-TARASOWA-WIATA-STAL-LAMELE-ALTANA-Dlugosc-calkowita-313-cm 1400w,https:\/\/a.allegroimg.com\/original\/114668\/458b13dc405b81829154182ad90e\/PERGOLA-OGRODOWA-2x3-m-PERGOLA-TARASOWA-WIATA-STAL-LAMELE-ALTANA-Dlugosc-calkowita-313-cm 1400w\" sizes=\"(min-width: 1200px) 560px, (min-width: 992px) 50vw, 100vw\" width=\"1400px\" alt=\"PERGOLA OGRODOWA 2x3 m PERGOLA TARASOWA WIATA STAL LAMELE ALTANA D\u0142ugo\u015b\u0107 ca\u0142kowita 313 cm\" style=\"max-width: 100%; height: auto; display: block; margin: 0 auto;\"><\/div>\n<\/div>\n<\/div>\n<\/div>\n<\/div>\n<\/div>\n<div style=\"clear: both; display: block; margin: 10px 0;\">\n<div style=\"clear: both; display: block; margin: 10px 0;\">\n<div style=\"clear: both; display: block; margin: 10px 0;\">\n<div  style=\"max-width:1400px;max-height:1400px\">\n<div style=\"clear: both; display: block; margin: 10px 0;\">\n<div style=\"clear: both; width: 100%; display: block; margin: 20px 0; padding: 0; float: none; position: static; text-align: center;\"><img decoding=\"async\"  src=\"https:\/\/a.allegroimg.com\/original\/11a864\/14f66a77417aa68412d5583e56a6\/PERGOLA-OGRODOWA-2x3-m-PERGOLA-TARASOWA-WIATA-STAL-LAMELE-ALTANA-Producent-nieznany-producent\" srcset=\"https:\/\/a.allegroimg.com\/original\/11a864\/14f66a77417aa68412d5583e56a6\/PERGOLA-OGRODOWA-2x3-m-PERGOLA-TARASOWA-WIATA-STAL-LAMELE-ALTANA-Producent-nieznany-producent 359w,https:\/\/a.allegroimg.com\/original\/11a864\/14f66a77417aa68412d5583e56a6\/PERGOLA-OGRODOWA-2x3-m-PERGOLA-TARASOWA-WIATA-STAL-LAMELE-ALTANA-Producent-nieznany-producent 719w,https:\/\/a.allegroimg.com\/original\/11a864\/14f66a77417aa68412d5583e56a6\/PERGOLA-OGRODOWA-2x3-m-PERGOLA-TARASOWA-WIATA-STAL-LAMELE-ALTANA-Producent-nieznany-producent 1024w,https:\/\/a.allegroimg.com\/original\/11a864\/14f66a77417aa68412d5583e56a6\/PERGOLA-OGRODOWA-2x3-m-PERGOLA-TARASOWA-WIATA-STAL-LAMELE-ALTANA-Producent-nieznany-producent 1400w,https:\/\/a.allegroimg.com\/original\/11a864\/14f66a77417aa68412d5583e56a6\/PERGOLA-OGRODOWA-2x3-m-PERGOLA-TARASOWA-WIATA-STAL-LAMELE-ALTANA-Producent-nieznany-producent 1400w\" sizes=\"100vw\" width=\"1400px\" alt=\"PERGOLA OGRODOWA 2x3 m PERGOLA TARASOWA WIATA STAL LAMELE ALTANA Producent nieznany producent\" style=\"max-width: 100%; height: auto; display: block; margin: 0 auto;\"><\/div>\n<\/div>\n<\/div>\n<\/div>\n<\/div>\n<\/div>\n<div style=\"clear: both; display: block; margin: 10px 0;\">\n<div style=\"clear: both; display: block; margin: 10px 0;\">\n<div style=\"clear: both; display: block; margin: 10px 0;\">\n<div  style=\"max-width:1200px;max-height:1200px\">\n<div style=\"clear: both; display: block; margin: 10px 0;\">\n<div style=\"clear: both; width: 100%; display: block; margin: 20px 0; padding: 0; float: none; position: static; text-align: center;\"><img decoding=\"async\"  src=\"https:\/\/a.allegroimg.com\/original\/11cd24\/39c7c04f42da92e7c69bacca61a3\/PERGOLA-OGRODOWA-2x3-m-PERGOLA-TARASOWA-WIATA-STAL-LAMELE-ALTANA-Material-dominujacy-drewno\" srcset=\"https:\/\/a.allegroimg.com\/original\/11cd24\/39c7c04f42da92e7c69bacca61a3\/PERGOLA-OGRODOWA-2x3-m-PERGOLA-TARASOWA-WIATA-STAL-LAMELE-ALTANA-Material-dominujacy-drewno 360w,https:\/\/a.allegroimg.com\/original\/11cd24\/39c7c04f42da92e7c69bacca61a3\/PERGOLA-OGRODOWA-2x3-m-PERGOLA-TARASOWA-WIATA-STAL-LAMELE-ALTANA-Material-dominujacy-drewno 720w,https:\/\/a.allegroimg.com\/original\/11cd24\/39c7c04f42da92e7c69bacca61a3\/PERGOLA-OGRODOWA-2x3-m-PERGOLA-TARASOWA-WIATA-STAL-LAMELE-ALTANA-Material-dominujacy-drewno 1024w,https:\/\/a.allegroimg.com\/original\/11cd24\/39c7c04f42da92e7c69bacca61a3\/PERGOLA-OGRODOWA-2x3-m-PERGOLA-TARASOWA-WIATA-STAL-LAMELE-ALTANA-Material-dominujacy-drewno 1200w,https:\/\/a.allegroimg.com\/original\/11cd24\/39c7c04f42da92e7c69bacca61a3\/PERGOLA-OGRODOWA-2x3-m-PERGOLA-TARASOWA-WIATA-STAL-LAMELE-ALTANA-Material-dominujacy-drewno 1200w\" sizes=\"100vw\" width=\"1200px\" alt=\"PERGOLA OGRODOWA 2x3 m PERGOLA TARASOWA WIATA STAL LAMELE ALTANA Materia\u0142 dominuj\u0105cy drewno\" style=\"max-width: 100%; height: auto; display: block; margin: 0 auto;\"><\/div>\n<\/div>\n<\/div>\n<\/div>\n<\/div>\n<\/div>\n<div style=\"clear: both; display: block; margin: 10px 0;\">\n<div style=\"clear: both; display: block; margin: 10px 0;\">\n<div style=\"clear: both; display: block; margin: 10px 0;\">\n<div  style=\"max-width:800px;max-height:800px\">\n<div style=\"clear: both; display: block; margin: 10px 0;\">\n<div style=\"clear: both; width: 100%; display: block; margin: 20px 0; padding: 0; float: none; position: static; text-align: center;\"><img decoding=\"async\"  src=\"https:\/\/a.allegroimg.com\/original\/11e209\/212461a94bf6bb3f94029a9c1b08\/PERGOLA-OGRODOWA-2x3-m-PERGOLA-TARASOWA-WIATA-STAL-LAMELE-ALTANA-Kod-producenta-A106008000\" srcset=\"https:\/\/a.allegroimg.com\/original\/11e209\/212461a94bf6bb3f94029a9c1b08\/PERGOLA-OGRODOWA-2x3-m-PERGOLA-TARASOWA-WIATA-STAL-LAMELE-ALTANA-Kod-producenta-A106008000 360w,https:\/\/a.allegroimg.com\/original\/11e209\/212461a94bf6bb3f94029a9c1b08\/PERGOLA-OGRODOWA-2x3-m-PERGOLA-TARASOWA-WIATA-STAL-LAMELE-ALTANA-Kod-producenta-A106008000 720w,https:\/\/a.allegroimg.com\/original\/11e209\/212461a94bf6bb3f94029a9c1b08\/PERGOLA-OGRODOWA-2x3-m-PERGOLA-TARASOWA-WIATA-STAL-LAMELE-ALTANA-Kod-producenta-A106008000 800w,https:\/\/a.allegroimg.com\/original\/11e209\/212461a94bf6bb3f94029a9c1b08\/PERGOLA-OGRODOWA-2x3-m-PERGOLA-TARASOWA-WIATA-STAL-LAMELE-ALTANA-Kod-producenta-A106008000 800w\" sizes=\"(min-width: 1200px) 560px, (min-width: 992px) 50vw, 100vw\" width=\"800px\" alt=\"PERGOLA OGRODOWA 2x3 m PERGOLA TARASOWA WIATA STAL LAMELE ALTANA Kod producenta A106008000\" style=\"max-width: 100%; height: auto; display: block; margin: 0 auto;\"><\/div>\n<\/div>\n<\/div>\n<\/div>\n<\/div>\n<div style=\"clear: both; display: block; margin: 10px 0;\">\n<div style=\"clear: both; display: block; margin: 10px 0;\">\n<div  style=\"max-width:1200px;max-height:1200px\">\n<div style=\"clear: both; display: block; margin: 10px 0;\">\n<div style=\"clear: both; width: 100%; display: block; margin: 20px 0; padding: 0; float: none; position: static; text-align: center;\"><img decoding=\"async\"  src=\"https:\/\/a.allegroimg.com\/original\/111f90\/402d843f46309b40fe8a5e8bcbce\/PERGOLA-OGRODOWA-2x3-m-PERGOLA-TARASOWA-WIATA-STAL-LAMELE-ALTANA-Rodzaj-altana\" srcset=\"https:\/\/a.allegroimg.com\/original\/111f90\/402d843f46309b40fe8a5e8bcbce\/PERGOLA-OGRODOWA-2x3-m-PERGOLA-TARASOWA-WIATA-STAL-LAMELE-ALTANA-Rodzaj-altana 360w,https:\/\/a.allegroimg.com\/original\/111f90\/402d843f46309b40fe8a5e8bcbce\/PERGOLA-OGRODOWA-2x3-m-PERGOLA-TARASOWA-WIATA-STAL-LAMELE-ALTANA-Rodzaj-altana 720w,https:\/\/a.allegroimg.com\/original\/111f90\/402d843f46309b40fe8a5e8bcbce\/PERGOLA-OGRODOWA-2x3-m-PERGOLA-TARASOWA-WIATA-STAL-LAMELE-ALTANA-Rodzaj-altana 1024w,https:\/\/a.allegroimg.com\/original\/111f90\/402d843f46309b40fe8a5e8bcbce\/PERGOLA-OGRODOWA-2x3-m-PERGOLA-TARASOWA-WIATA-STAL-LAMELE-ALTANA-Rodzaj-altana 1200w,https:\/\/a.allegroimg.com\/original\/111f90\/402d843f46309b40fe8a5e8bcbce\/PERGOLA-OGRODOWA-2x3-m-PERGOLA-TARASOWA-WIATA-STAL-LAMELE-ALTANA-Rodzaj-altana 1200w\" sizes=\"(min-width: 1200px) 560px, (min-width: 992px) 50vw, 100vw\" width=\"1200px\" alt=\"PERGOLA OGRODOWA 2x3 m PERGOLA TARASOWA WIATA STAL LAMELE ALTANA Rodzaj altana\" style=\"max-width: 100%; height: auto; display: block; margin: 0 auto;\"><\/div>\n<\/div>\n<\/div>\n<\/div>\n<\/div>\n<\/div>\n<div style=\"clear: both; display: block; margin: 10px 0;\">\n<div style=\"clear: both; display: block; margin: 10px 0;\">\n<div style=\"clear: both; display: block; margin: 10px 0;\">\n<div  style=\"max-width:1200px;max-height:1200px\">\n<div style=\"clear: both; display: block; margin: 10px 0;\">\n<div style=\"clear: both; width: 100%; display: block; margin: 20px 0; padding: 0; float: none; position: static; text-align: center;\"><img decoding=\"async\"  src=\"https:\/\/a.allegroimg.com\/original\/11f970\/ae0ac689430f9f451191c82975a9\/PERGOLA-OGRODOWA-2x3-m-PERGOLA-TARASOWA-WIATA-STAL-LAMELE-ALTANA-Wysokosc-calkowita-223-cm\" srcset=\"https:\/\/a.allegroimg.com\/original\/11f970\/ae0ac689430f9f451191c82975a9\/PERGOLA-OGRODOWA-2x3-m-PERGOLA-TARASOWA-WIATA-STAL-LAMELE-ALTANA-Wysokosc-calkowita-223-cm 360w,https:\/\/a.allegroimg.com\/original\/11f970\/ae0ac689430f9f451191c82975a9\/PERGOLA-OGRODOWA-2x3-m-PERGOLA-TARASOWA-WIATA-STAL-LAMELE-ALTANA-Wysokosc-calkowita-223-cm 720w,https:\/\/a.allegroimg.com\/original\/11f970\/ae0ac689430f9f451191c82975a9\/PERGOLA-OGRODOWA-2x3-m-PERGOLA-TARASOWA-WIATA-STAL-LAMELE-ALTANA-Wysokosc-calkowita-223-cm 1024w,https:\/\/a.allegroimg.com\/original\/11f970\/ae0ac689430f9f451191c82975a9\/PERGOLA-OGRODOWA-2x3-m-PERGOLA-TARASOWA-WIATA-STAL-LAMELE-ALTANA-Wysokosc-calkowita-223-cm 1200w,https:\/\/a.allegroimg.com\/original\/11f970\/ae0ac689430f9f451191c82975a9\/PERGOLA-OGRODOWA-2x3-m-PERGOLA-TARASOWA-WIATA-STAL-LAMELE-ALTANA-Wysokosc-calkowita-223-cm 1200w\" sizes=\"100vw\" width=\"1200px\" alt=\"PERGOLA OGRODOWA 2x3 m PERGOLA TARASOWA WIATA STAL LAMELE ALTANA Wysoko\u015b\u0107 ca\u0142kowita 223 cm\" style=\"max-width: 100%; height: auto; display: block; margin: 0 auto;\"><\/div>\n<\/div>\n<\/div>\n<\/div>\n<\/div>\n<\/div>\n<div style=\"clear: both; display: block; margin: 10px 0;\">\n<div style=\"clear: both; display: block; margin: 10px 0;\">\n<div style=\"clear: both; display: block; margin: 10px 0;\">\n<div  style=\"max-width:980px;max-height:785px\">\n<div style=\"clear: both; display: block; margin: 10px 0;\">\n<div style=\"clear: both; width: 100%; display: block; margin: 20px 0; padding: 0; float: none; position: static; text-align: center;\"><img decoding=\"async\"  src=\"https:\/\/a.allegroimg.com\/original\/1158b0\/24f07a694435a607257a9673870f\/PERGOLA-OGRODOWA-2x3-m-PERGOLA-TARASOWA-WIATA-STAL-LAMELE-ALTANA-EAN-GTIN-0047793313580\" srcset=\"https:\/\/a.allegroimg.com\/original\/1158b0\/24f07a694435a607257a9673870f\/PERGOLA-OGRODOWA-2x3-m-PERGOLA-TARASOWA-WIATA-STAL-LAMELE-ALTANA-EAN-GTIN-0047793313580 360w,https:\/\/a.allegroimg.com\/original\/1158b0\/24f07a694435a607257a9673870f\/PERGOLA-OGRODOWA-2x3-m-PERGOLA-TARASOWA-WIATA-STAL-LAMELE-ALTANA-EAN-GTIN-0047793313580 720w,https:\/\/a.allegroimg.com\/original\/1158b0\/24f07a694435a607257a9673870f\/PERGOLA-OGRODOWA-2x3-m-PERGOLA-TARASOWA-WIATA-STAL-LAMELE-ALTANA-EAN-GTIN-0047793313580 980w,https:\/\/a.allegroimg.com\/original\/1158b0\/24f07a694435a607257a9673870f\/PERGOLA-OGRODOWA-2x3-m-PERGOLA-TARASOWA-WIATA-STAL-LAMELE-ALTANA-EAN-GTIN-0047793313580 980w\" sizes=\"100vw\" width=\"980px\" alt=\"PERGOLA OGRODOWA 2x3 m PERGOLA TARASOWA WIATA STAL LAMELE ALTANA EAN (GTIN) 0047793313580\" style=\"max-width: 100%; height: auto; display: block; margin: 0 auto;\"><\/div>\n<\/div>\n<\/div>\n<\/div>\n<\/div>\n<\/div>\n<div style=\"clear: both; display: block; margin: 10px 0;\">\n<div style=\"clear: both; display: block; margin: 10px 0;\">\n<div style=\"clear: both; display: block; margin: 10px 0;\">\n<div  style=\"max-width:756px;max-height:595px\">\n<div style=\"clear: both; display: block; margin: 10px 0;\">\n<div style=\"clear: both; width: 100%; display: block; margin: 20px 0; padding: 0; float: none; position: static; text-align: center;\"><img decoding=\"async\"  src=\"https:\/\/a.allegroimg.com\/original\/11ee3c\/e03fd5d7423b964c6a99c6da1da3\/PERGOLA-OGRODOWA-2x3-m-PERGOLA-TARASOWA-WIATA-STAL-LAMELE-ALTANA-Szerokosc-calkowita-191-cm\" srcset=\"https:\/\/a.allegroimg.com\/original\/11ee3c\/e03fd5d7423b964c6a99c6da1da3\/PERGOLA-OGRODOWA-2x3-m-PERGOLA-TARASOWA-WIATA-STAL-LAMELE-ALTANA-Szerokosc-calkowita-191-cm 360w,https:\/\/a.allegroimg.com\/original\/11ee3c\/e03fd5d7423b964c6a99c6da1da3\/PERGOLA-OGRODOWA-2x3-m-PERGOLA-TARASOWA-WIATA-STAL-LAMELE-ALTANA-Szerokosc-calkowita-191-cm 720w,https:\/\/a.allegroimg.com\/original\/11ee3c\/e03fd5d7423b964c6a99c6da1da3\/PERGOLA-OGRODOWA-2x3-m-PERGOLA-TARASOWA-WIATA-STAL-LAMELE-ALTANA-Szerokosc-calkowita-191-cm 756w,https:\/\/a.allegroimg.com\/original\/11ee3c\/e03fd5d7423b964c6a99c6da1da3\/PERGOLA-OGRODOWA-2x3-m-PERGOLA-TARASOWA-WIATA-STAL-LAMELE-ALTANA-Szerokosc-calkowita-191-cm 756w\" sizes=\"100vw\" width=\"756px\" alt=\"PERGOLA OGRODOWA 2x3 m PERGOLA TARASOWA WIATA STAL LAMELE ALTANA Szeroko\u015b\u0107 ca\u0142kowita 191 cm\" style=\"max-width: 100%; height: auto; display: block; margin: 0 auto;\"><\/div>\n<\/div>\n<\/div>\n<\/div>\n<\/div>\n<\/div>\n<\/div>\n<\/div>\n<\/div>\n<div style=\"clear: both; display: block; margin: 10px 0;\">\n","protected":false},"excerpt":{"rendered":"<p>Pergola drewniana tarasowa 2&#215;3 m marki Sunjoy<\/p>\n<p>Pergola MARAO &#8211; 313cm x 191cm marki Sunjoy<\/p>\n<p>Czy chcia\u0142by\u015b mie\u0107 eleganckie zadaszenie na zewn\u0105trz, pod kt\u00f3rym mo\u017cesz sp\u0119dza\u0107 czas na \u015bwie\u017cym powietrzu z przyjaci\u00f3\u0142mi i rodzin\u0105 ? Wsp\u00f3\u0142czesna pergola o wymiarach 313 x 191 cm posiada atrakcyjn\u0105 stalow\u0105 ram\u0119 malowan\u0105 proszkowo na kolor czarny odporn\u0105 na rdz\u0119 oraz lamele wykonane z drewna cedrowego. Dzi\u0119ki \u0142atwym do wykonania instrukcjom monta\u017cu szybko zrelaksujesz si\u0119 w swoim nowym ulubionym miejscu na zewn\u0105trz.<\/p>\n","protected":false},"featured_media":16080,"template":"","meta":{"_uag_custom_page_level_css":""},"product_brand":[],"product_cat":[946,891,541],"product_tag":[],"class_list":{"0":"post-16079","1":"product","2":"type-product","3":"status-publish","4":"has-post-thumbnail","6":"product_cat-altany-wiaty-zadaszenia","7":"product_cat-architektura-ogrodowa","8":"product_cat-ogrod","9":"product_shipping_class-transport-na-paletach","11":"first","12":"instock","13":"sale","14":"shipping-taxable","15":"purchasable","16":"product-type-simple"},"uagb_featured_image_src":{"full":["https:\/\/tivrano.shop\/grill\/wp-content\/uploads\/2026\/04\/allegro-image-16079.jpg",1600,1600,false],"thumbnail":["https:\/\/tivrano.shop\/grill\/wp-content\/uploads\/2026\/04\/allegro-image-16079-150x150.jpg",150,150,true],"medium":["https:\/\/tivrano.shop\/grill\/wp-content\/uploads\/2026\/04\/allegro-image-16079-300x300.jpg",300,300,true],"medium_large":["https:\/\/tivrano.shop\/grill\/wp-content\/uploads\/2026\/04\/allegro-image-16079-768x768.jpg",768,768,true],"large":["https:\/\/tivrano.shop\/grill\/wp-content\/uploads\/2026\/04\/allegro-image-16079-1024x1024.jpg",1024,1024,true],"1536x1536":["https:\/\/tivrano.shop\/grill\/wp-content\/uploads\/2026\/04\/allegro-image-16079-1536x1536.jpg",1536,1536,true],"2048x2048":["https:\/\/tivrano.shop\/grill\/wp-content\/uploads\/2026\/04\/allegro-image-16079.jpg",1600,1600,false],"woocommerce_thumbnail":["https:\/\/tivrano.shop\/grill\/wp-content\/uploads\/2026\/04\/allegro-image-16079-300x300.jpg",300,300,true],"woocommerce_single":["https:\/\/tivrano.shop\/grill\/wp-content\/uploads\/2026\/04\/allegro-image-16079-600x600.jpg",600,600,true],"woocommerce_gallery_thumbnail":["https:\/\/tivrano.shop\/grill\/wp-content\/uploads\/2026\/04\/allegro-image-16079-100x100.jpg",100,100,true]},"uagb_author_info":{"display_name":"admin","author_link":"https:\/\/tivrano.shop\/grill\/author\/"},"uagb_comment_info":0,"uagb_excerpt":"Pergola drewniana tarasowa 2x3 m marki Sunjoy Pergola MARAO - 313cm x 191cm marki Sunjoy Czy chcia\u0142by\u015b mie\u0107 eleganckie zadaszenie na zewn\u0105trz, pod kt\u00f3rym mo\u017cesz sp\u0119dza\u0107 czas na \u015bwie\u017cym powietrzu z przyjaci\u00f3\u0142mi i rodzin\u0105 ? Wsp\u00f3\u0142czesna pergola o wymiarach 313 x 191 cm posiada atrakcyjn\u0105 stalow\u0105 ram\u0119 malowan\u0105 proszkowo na kolor czarny odporn\u0105 na rdz\u0119&hellip;","_links":{"self":[{"href":"https:\/\/tivrano.shop\/grill\/wp-json\/wp\/v2\/product\/16079","targetHints":{"allow":["GET"]}}],"collection":[{"href":"https:\/\/tivrano.shop\/grill\/wp-json\/wp\/v2\/product"}],"about":[{"href":"https:\/\/tivrano.shop\/grill\/wp-json\/wp\/v2\/types\/product"}],"wp:featuredmedia":[{"embeddable":true,"href":"https:\/\/tivrano.shop\/grill\/wp-json\/wp\/v2\/media\/16080"}],"wp:attachment":[{"href":"https:\/\/tivrano.shop\/grill\/wp-json\/wp\/v2\/media?parent=16079"}],"wp:term":[{"taxonomy":"product_brand","embeddable":true,"href":"https:\/\/tivrano.shop\/grill\/wp-json\/wp\/v2\/product_brand?post=16079"},{"taxonomy":"product_cat","embeddable":true,"href":"https:\/\/tivrano.shop\/grill\/wp-json\/wp\/v2\/product_cat?post=16079"},{"taxonomy":"product_tag","embeddable":true,"href":"https:\/\/tivrano.shop\/grill\/wp-json\/wp\/v2\/product_tag?post=16079"}],"curies":[{"name":"wp","href":"https:\/\/api.w.org\/{rel}","templated":true}]}}