{"id":16075,"date":"2026-04-06T19:53:40","date_gmt":"2026-04-06T18:53:40","guid":{"rendered":"https:\/\/grillcentrum.shop\/gree\/produkt\/eggi-395-m-x-395-m-osmiokatna-drewniana-altana-ogrodowa-z-hakiem-sufitowym\/"},"modified":"2026-04-11T02:22:35","modified_gmt":"2026-04-11T01:22:35","slug":"eggi-395-m-x-395-m-osmiokatna-drewniana-altana-ogrodowa-z-hakiem-sufitowym","status":"publish","type":"product","link":"https:\/\/tivrano.shop\/grill\/produkt\/eggi-395-m-x-395-m-osmiokatna-drewniana-altana-ogrodowa-z-hakiem-sufitowym\/","title":{"rendered":"EGGI 3,95 m x 3,95 m O\u015bmiok\u0105tna Drewniana Altana Ogrodowa z Hakiem Sufitowym"},"content":{"rendered":"<div style=\"font-family: Arial, sans-serif; line-height: 1.6; color: #333; padding: 20px; clear: both; display: block; width: 100%; float: none; position: static; overflow: hidden;\">\n<div style=\"clear: both; display: block; margin: 10px 0;\">\n<div style=\"clear: both; display: block; margin: 10px 0;\">\n<div style=\"clear: both; display: block; margin: 10px 0;\">\n<h1>Altana tarasowa z drewna o\u015bmiok\u0105ta EGGI 3.95m x 3.95m z hakiem sufitowym<\/h1>\n<p style=\"margin: 15px 0; line-height: 1.8; clear: both; display: block; width: 100%; float: none; position: static;\">Rozszerz swoj\u0105 przestrze\u0144 \u017cyciow\u0105, wprowadzaj\u0105c wn\u0119trze na zewn\u0105trz i tworz\u0105c oaz\u0119 na koniec dnia, kt\u00f3ra jest idealnym miejscem do rozrywki dla rodziny i przyjaci\u00f3\u0142. Ta o\u015bmiok\u0105tna 8-no\u017cna altana o wymiarach 3.95 m x 3.95 m autorstwa wiod\u0105cego na \u015bwiecie gotowego do monta\u017cu producenta konstrukcji zewn\u0119trznych, Sunjoy, tworzy idealne ustawienie na zewn\u0105trz o ka\u017cdej porze roku. Sp\u0119d\u017a wszystkie cztery pory roku ciesz\u0105c si\u0119 zadaszonym miejscem na zewn\u0105trz pod ram\u0105 z drewna cedrowego z solidnym dachem ze stali malowanej proszkowo, kt\u00f3ry przetrwa pr\u00f3b\u0119 czasu. 2-poziomowa konstrukcja dachu zapewnia odpowiedni\u0105 ilo\u015b\u0107 przep\u0142ywu powietrza, jednocze\u015bnie utrzymuj\u0105c okazjonaln\u0105 niepogod\u0119 na dystans. Ustaw nastr\u00f3j, zawieszaj\u0105c \u017cyrandol z wbudowanego haka sufitowego, aby uzyska\u0107 funkcjonalne \u015bwiat\u0142o i wysoki design. Dzi\u0119ki prostym, \u0142atwym do wykonania instrukcjom monta\u017cu b\u0119dziesz relaksowa\u0107 si\u0119 z wybranym napojem w swojej ulubionej nowej przestrzeni \u017cyciowej na \u015bwie\u017cym powietrzu przez wiele lat.<\/p>\n<\/div>\n<\/div>\n<\/div>\n<div style=\"clear: both; display: block; margin: 10px 0;\">\n<div style=\"clear: both; display: block; margin: 10px 0;\">\n<div style=\"clear: both; display: block; margin: 10px 0;\">\n<div  style=\"max-width:1024px;max-height:1024px\">\n<div style=\"clear: both; display: block; margin: 10px 0;\">\n<div style=\"clear: both; width: 100%; display: block; margin: 20px 0; padding: 0; float: none; position: static; text-align: center;\"><img decoding=\"async\"  src=\"https:\/\/a.allegroimg.com\/original\/119186\/67858ead49fcb53230ec152dd69c\/EGGI-3-95-m-x-3-95-m-Osmiokatna-Drewniana-Altana-Ogrodowa-z-Hakiem-Sufitowym-Stan-opakowania-oryginalne\" srcset=\"https:\/\/a.allegroimg.com\/original\/119186\/67858ead49fcb53230ec152dd69c\/EGGI-3-95-m-x-3-95-m-Osmiokatna-Drewniana-Altana-Ogrodowa-z-Hakiem-Sufitowym-Stan-opakowania-oryginalne 360w,https:\/\/a.allegroimg.com\/original\/119186\/67858ead49fcb53230ec152dd69c\/EGGI-3-95-m-x-3-95-m-Osmiokatna-Drewniana-Altana-Ogrodowa-z-Hakiem-Sufitowym-Stan-opakowania-oryginalne 720w,https:\/\/a.allegroimg.com\/original\/119186\/67858ead49fcb53230ec152dd69c\/EGGI-3-95-m-x-3-95-m-Osmiokatna-Drewniana-Altana-Ogrodowa-z-Hakiem-Sufitowym-Stan-opakowania-oryginalne 1024w,https:\/\/a.allegroimg.com\/original\/119186\/67858ead49fcb53230ec152dd69c\/EGGI-3-95-m-x-3-95-m-Osmiokatna-Drewniana-Altana-Ogrodowa-z-Hakiem-Sufitowym-Stan-opakowania-oryginalne 1024w\" sizes=\"100vw\" width=\"1024px\" alt=\"EGGI 3,95 m x 3,95 m O\u015bmiok\u0105tna Drewniana Altana Ogrodowa z Hakiem Sufitowym Stan opakowania oryginalne\" style=\"max-width: 100%; height: auto; display: block; margin: 0 auto;\"><\/div>\n<\/div>\n<\/div>\n<\/div>\n<\/div>\n<\/div>\n<div style=\"clear: both; display: block; margin: 10px 0;\">\n<div style=\"clear: both; display: block; margin: 10px 0;\">\n<div style=\"clear: both; display: block; margin: 10px 0;\">\n<div  style=\"max-width:2000px;max-height:2000px\">\n<div style=\"clear: both; display: block; margin: 10px 0;\">\n<div style=\"clear: both; width: 100%; display: block; margin: 20px 0; padding: 0; float: none; position: static; text-align: center;\"><img decoding=\"async\"  src=\"https:\/\/a.allegroimg.com\/original\/1141da\/33819d7a4f8e97ff15531d1d56a1\/EGGI-3-95-m-x-3-95-m-Osmiokatna-Drewniana-Altana-Ogrodowa-z-Hakiem-Sufitowym-Kolor-brazowy\" srcset=\"https:\/\/a.allegroimg.com\/original\/1141da\/33819d7a4f8e97ff15531d1d56a1\/EGGI-3-95-m-x-3-95-m-Osmiokatna-Drewniana-Altana-Ogrodowa-z-Hakiem-Sufitowym-Kolor-brazowy 360w,https:\/\/a.allegroimg.com\/original\/1141da\/33819d7a4f8e97ff15531d1d56a1\/EGGI-3-95-m-x-3-95-m-Osmiokatna-Drewniana-Altana-Ogrodowa-z-Hakiem-Sufitowym-Kolor-brazowy 720w,https:\/\/a.allegroimg.com\/original\/1141da\/33819d7a4f8e97ff15531d1d56a1\/EGGI-3-95-m-x-3-95-m-Osmiokatna-Drewniana-Altana-Ogrodowa-z-Hakiem-Sufitowym-Kolor-brazowy 1024w,https:\/\/a.allegroimg.com\/original\/1141da\/33819d7a4f8e97ff15531d1d56a1\/EGGI-3-95-m-x-3-95-m-Osmiokatna-Drewniana-Altana-Ogrodowa-z-Hakiem-Sufitowym-Kolor-brazowy 1440w,https:\/\/a.allegroimg.com\/original\/1141da\/33819d7a4f8e97ff15531d1d56a1\/EGGI-3-95-m-x-3-95-m-Osmiokatna-Drewniana-Altana-Ogrodowa-z-Hakiem-Sufitowym-Kolor-brazowy 2000w\" sizes=\"(min-width: 1200px) 560px, (min-width: 992px) 50vw, 100vw\" width=\"2000px\" alt=\"EGGI 3,95 m x 3,95 m O\u015bmiok\u0105tna Drewniana Altana Ogrodowa z Hakiem Sufitowym Kolor br\u0105zowy\" style=\"max-width: 100%; height: auto; display: block; margin: 0 auto;\"><\/div>\n<\/div>\n<\/div>\n<\/div>\n<\/div>\n<div style=\"clear: both; display: block; margin: 10px 0;\">\n<div style=\"clear: both; display: block; margin: 10px 0;\">\n<h1>Informacje o produkcie:<\/h1>\n<p style=\"margin: 15px 0; line-height: 1.8; clear: both; display: block; width: 100%; float: none; position: static;\">Dach stalowy malowany proszkowo w kolorze <b>antracyt<\/b><\/p>\n<p style=\"margin: 15px 0; line-height: 1.8; clear: both; display: block; width: 100%; float: none; position: static;\">Rama z drewna cedrowego<\/p>\n<p style=\"margin: 15px 0; line-height: 1.8; clear: both; display: block; width: 100%; float: none; position: static;\">Dach wentylacyjny &#8211; dwupoziomowy<\/p>\n<p style=\"margin: 15px 0; line-height: 1.8; clear: both; display: block; width: 100%; float: none; position: static;\">Tak zwane nogi o grubo\u015bci <b>0.145 cm<\/b><\/p>\n<p style=\"margin: 15px 0; line-height: 1.8; clear: both; display: block; width: 100%; float: none; position: static;\">Odporny na dzia\u0142anie warunk\u00f3w atmosferycznych<\/p>\n<p style=\"margin: 15px 0; line-height: 1.8; clear: both; display: block; width: 100%; float: none; position: static;\">Obci\u0105\u017cenie \u015bniegiem: 80kg\/m2<\/p>\n<p style=\"margin: 15px 0; line-height: 1.8; clear: both; display: block; width: 100%; float: none; position: static;\">Rozmiar altany: 3.95 x 3.95 m<\/p>\n<p style=\"margin: 15px 0; line-height: 1.8; clear: both; display: block; width: 100%; float: none; position: static;\">Odleg\u0142o\u015b\u0107 wewn\u0119trzna od nogi do n\u00f3g : 1.32 x 1.32 m<\/p>\n<p style=\"margin: 15px 0; line-height: 1.8; clear: both; display: block; width: 100%; float: none; position: static;\">\u015arednica ca\u0142kowita: 3.95 mm<\/p>\n<p style=\"margin: 15px 0; line-height: 1.8; clear: both; display: block; width: 100%; float: none; position: static;\">\u015arednica wewn\u0119trzna (od wewn\u0119trznej strony n\u00f3\u017cek) : 3.66 mm<\/p>\n<p style=\"margin: 15px 0; line-height: 1.8; clear: both; display: block; width: 100%; float: none; position: static;\">Wysoko\u015b\u0107 ca\u0142kowita: 3.18 m<\/p>\n<p style=\"margin: 15px 0; line-height: 1.8; clear: both; display: block; width: 100%; float: none; position: static;\">Wysoko\u015b\u0107 wej\u015bcia: 2.06 m<\/p>\n<p style=\"margin: 15px 0; line-height: 1.8; clear: both; display: block; width: 100%; float: none; position: static;\">Waga: <b>189 kg<\/b><\/p>\n<p style=\"margin: 15px 0; line-height: 1.8; clear: both; display: block; width: 100%; float: none; position: static;\">Kolor : <b>antracytowy<\/b><\/p>\n<\/div>\n<\/div>\n<\/div>\n<div style=\"clear: both; display: block; margin: 10px 0;\">\n<div style=\"clear: both; display: block; margin: 10px 0;\">\n<div style=\"clear: both; display: block; margin: 10px 0;\">\n<div  style=\"max-width:1024px;max-height:1024px\">\n<div style=\"clear: both; display: block; margin: 10px 0;\">\n<div style=\"clear: both; width: 100%; display: block; margin: 20px 0; padding: 0; float: none; position: static; text-align: center;\"><img decoding=\"async\"  src=\"https:\/\/a.allegroimg.com\/original\/118b8e\/bc1389f34347af10500729d712f5\/EGGI-3-95-m-x-3-95-m-Osmiokatna-Drewniana-Altana-Ogrodowa-z-Hakiem-Sufitowym-Wysokosc-calkowita-315-cm\" srcset=\"https:\/\/a.allegroimg.com\/original\/118b8e\/bc1389f34347af10500729d712f5\/EGGI-3-95-m-x-3-95-m-Osmiokatna-Drewniana-Altana-Ogrodowa-z-Hakiem-Sufitowym-Wysokosc-calkowita-315-cm 360w,https:\/\/a.allegroimg.com\/original\/118b8e\/bc1389f34347af10500729d712f5\/EGGI-3-95-m-x-3-95-m-Osmiokatna-Drewniana-Altana-Ogrodowa-z-Hakiem-Sufitowym-Wysokosc-calkowita-315-cm 720w,https:\/\/a.allegroimg.com\/original\/118b8e\/bc1389f34347af10500729d712f5\/EGGI-3-95-m-x-3-95-m-Osmiokatna-Drewniana-Altana-Ogrodowa-z-Hakiem-Sufitowym-Wysokosc-calkowita-315-cm 1024w,https:\/\/a.allegroimg.com\/original\/118b8e\/bc1389f34347af10500729d712f5\/EGGI-3-95-m-x-3-95-m-Osmiokatna-Drewniana-Altana-Ogrodowa-z-Hakiem-Sufitowym-Wysokosc-calkowita-315-cm 1024w\" sizes=\"(min-width: 1200px) 560px, (min-width: 992px) 50vw, 100vw\" width=\"1024px\" alt=\"EGGI 3,95 m x 3,95 m O\u015bmiok\u0105tna Drewniana Altana Ogrodowa z Hakiem Sufitowym Wysoko\u015b\u0107 ca\u0142kowita 315 cm\" style=\"max-width: 100%; height: auto; display: block; margin: 0 auto;\"><\/div>\n<\/div>\n<\/div>\n<\/div>\n<\/div>\n<div style=\"clear: both; display: block; margin: 10px 0;\">\n<div style=\"clear: both; display: block; margin: 10px 0;\">\n<h1>Wentylowany 2-poziomowy top<\/h1>\n<p style=\"margin: 15px 0; line-height: 1.8; clear: both; display: block; width: 100%; float: none; position: static;\">Wentylowany 2-poziomowy stalowy blat zapewnia ochron\u0119 przed szkodliwym promieniowaniem UV, jednocze\u015bnie umo\u017cliwiaj\u0105c swobodne przepuszczanie wiatru, zach\u0119caj\u0105c do cyrkulacji powietrza i tworz\u0105c wygodn\u0105 i otwart\u0105 przestrze\u0144 na zewn\u0105trz dla Twojej przyjemno\u015bci.<\/p>\n<\/div>\n<\/div>\n<\/div>\n<div style=\"clear: both; display: block; margin: 10px 0;\">\n<div style=\"clear: both; display: block; margin: 10px 0;\">\n<div style=\"clear: both; display: block; margin: 10px 0;\">\n<div  style=\"max-width:1024px;max-height:1024px\">\n<div style=\"clear: both; display: block; margin: 10px 0;\">\n<div style=\"clear: both; width: 100%; display: block; margin: 20px 0; padding: 0; float: none; position: static; text-align: center;\"><img decoding=\"async\"  src=\"https:\/\/a.allegroimg.com\/original\/11b3d0\/a1eaad414afa984443ba21077246\/EGGI-3-95-m-x-3-95-m-Osmiokatna-Drewniana-Altana-Ogrodowa-z-Hakiem-Sufitowym-Producent-nieznany-producent\" srcset=\"https:\/\/a.allegroimg.com\/original\/11b3d0\/a1eaad414afa984443ba21077246\/EGGI-3-95-m-x-3-95-m-Osmiokatna-Drewniana-Altana-Ogrodowa-z-Hakiem-Sufitowym-Producent-nieznany-producent 360w,https:\/\/a.allegroimg.com\/original\/11b3d0\/a1eaad414afa984443ba21077246\/EGGI-3-95-m-x-3-95-m-Osmiokatna-Drewniana-Altana-Ogrodowa-z-Hakiem-Sufitowym-Producent-nieznany-producent 720w,https:\/\/a.allegroimg.com\/original\/11b3d0\/a1eaad414afa984443ba21077246\/EGGI-3-95-m-x-3-95-m-Osmiokatna-Drewniana-Altana-Ogrodowa-z-Hakiem-Sufitowym-Producent-nieznany-producent 1024w,https:\/\/a.allegroimg.com\/original\/11b3d0\/a1eaad414afa984443ba21077246\/EGGI-3-95-m-x-3-95-m-Osmiokatna-Drewniana-Altana-Ogrodowa-z-Hakiem-Sufitowym-Producent-nieznany-producent 1024w\" sizes=\"(min-width: 1200px) 560px, (min-width: 992px) 50vw, 100vw\" width=\"1024px\" alt=\"EGGI 3,95 m x 3,95 m O\u015bmiok\u0105tna Drewniana Altana Ogrodowa z Hakiem Sufitowym Producent nieznany producent\" style=\"max-width: 100%; height: auto; display: block; margin: 0 auto;\"><\/div>\n<\/div>\n<\/div>\n<\/div>\n<\/div>\n<div style=\"clear: both; display: block; margin: 10px 0;\">\n<div style=\"clear: both; display: block; margin: 10px 0;\">\n<h1>Roz\u015bwietl swoje patio na \u015bwie\u017cym powietrzu<\/h1>\n<p style=\"margin: 15px 0; line-height: 1.8; clear: both; display: block; width: 100%; float: none; position: static;\">Wbudowany wysokiej jako\u015bci i solidny hak sufitowy w zestawie do \u0142atwego zawieszenia ulubionego \u017cyrandola lub innych element\u00f3w d\u00e9cor, aby stworzy\u0107 idealne o\u015bwietlone miejsce spotka\u0144 dla rodziny i przyjaci\u00f3\u0142.<\/p>\n<\/div>\n<\/div>\n<\/div>\n<div style=\"clear: both; display: block; margin: 10px 0;\">\n<div style=\"clear: both; display: block; margin: 10px 0;\">\n<div style=\"clear: both; display: block; margin: 10px 0;\">\n<div  style=\"max-width:1024px;max-height:1024px\">\n<div style=\"clear: both; display: block; margin: 10px 0;\">\n<div style=\"clear: both; width: 100%; display: block; margin: 20px 0; padding: 0; float: none; position: static; text-align: center;\"><img decoding=\"async\"  src=\"https:\/\/a.allegroimg.com\/original\/117ae3\/279379db4cde83045b9d149ff111\/EGGI-3-95-m-x-3-95-m-Osmiokatna-Drewniana-Altana-Ogrodowa-z-Hakiem-Sufitowym-Dlugosc-calkowita-400-cm\" srcset=\"https:\/\/a.allegroimg.com\/original\/117ae3\/279379db4cde83045b9d149ff111\/EGGI-3-95-m-x-3-95-m-Osmiokatna-Drewniana-Altana-Ogrodowa-z-Hakiem-Sufitowym-Dlugosc-calkowita-400-cm 360w,https:\/\/a.allegroimg.com\/original\/117ae3\/279379db4cde83045b9d149ff111\/EGGI-3-95-m-x-3-95-m-Osmiokatna-Drewniana-Altana-Ogrodowa-z-Hakiem-Sufitowym-Dlugosc-calkowita-400-cm 720w,https:\/\/a.allegroimg.com\/original\/117ae3\/279379db4cde83045b9d149ff111\/EGGI-3-95-m-x-3-95-m-Osmiokatna-Drewniana-Altana-Ogrodowa-z-Hakiem-Sufitowym-Dlugosc-calkowita-400-cm 1024w,https:\/\/a.allegroimg.com\/original\/117ae3\/279379db4cde83045b9d149ff111\/EGGI-3-95-m-x-3-95-m-Osmiokatna-Drewniana-Altana-Ogrodowa-z-Hakiem-Sufitowym-Dlugosc-calkowita-400-cm 1024w\" sizes=\"(min-width: 1200px) 560px, (min-width: 992px) 50vw, 100vw\" width=\"1024px\" alt=\"EGGI 3,95 m x 3,95 m O\u015bmiok\u0105tna Drewniana Altana Ogrodowa z Hakiem Sufitowym D\u0142ugo\u015b\u0107 ca\u0142kowita 400 cm\" style=\"max-width: 100%; height: auto; display: block; margin: 0 auto;\"><\/div>\n<\/div>\n<\/div>\n<\/div>\n<\/div>\n<div style=\"clear: both; display: block; margin: 10px 0;\">\n<div style=\"clear: both; display: block; margin: 10px 0;\">\n<h1>System podw\u00f3jnych szyn<\/h1>\n<p style=\"margin: 15px 0; line-height: 1.8; clear: both; display: block; width: 100%; float: none; position: static;\">Wbudowany system podw\u00f3jnych szyn u\u0142atwia zawieszenie siatki siatkowej i zas\u0142on (siatka i zas\u0142ony NIE s\u0105 do\u0142\u0105czone).<\/p>\n<\/div>\n<\/div>\n<\/div>\n<div style=\"clear: both; display: block; margin: 10px 0;\">\n<div style=\"clear: both; display: block; margin: 10px 0;\">\n<div style=\"clear: both; display: block; margin: 10px 0;\">\n<div  style=\"max-width:1024px;max-height:1024px\">\n<div style=\"clear: both; display: block; margin: 10px 0;\">\n<div style=\"clear: both; width: 100%; display: block; margin: 20px 0; padding: 0; float: none; position: static; text-align: center;\"><img decoding=\"async\"  src=\"https:\/\/a.allegroimg.com\/original\/1132aa\/fbb4c4f44b42839ecf44dfbbf1fa\/EGGI-3-95-m-x-3-95-m-Osmiokatna-Drewniana-Altana-Ogrodowa-z-Hakiem-Sufitowym-Szerokosc-calkowita-400-cm\" srcset=\"https:\/\/a.allegroimg.com\/original\/1132aa\/fbb4c4f44b42839ecf44dfbbf1fa\/EGGI-3-95-m-x-3-95-m-Osmiokatna-Drewniana-Altana-Ogrodowa-z-Hakiem-Sufitowym-Szerokosc-calkowita-400-cm 360w,https:\/\/a.allegroimg.com\/original\/1132aa\/fbb4c4f44b42839ecf44dfbbf1fa\/EGGI-3-95-m-x-3-95-m-Osmiokatna-Drewniana-Altana-Ogrodowa-z-Hakiem-Sufitowym-Szerokosc-calkowita-400-cm 720w,https:\/\/a.allegroimg.com\/original\/1132aa\/fbb4c4f44b42839ecf44dfbbf1fa\/EGGI-3-95-m-x-3-95-m-Osmiokatna-Drewniana-Altana-Ogrodowa-z-Hakiem-Sufitowym-Szerokosc-calkowita-400-cm 1024w,https:\/\/a.allegroimg.com\/original\/1132aa\/fbb4c4f44b42839ecf44dfbbf1fa\/EGGI-3-95-m-x-3-95-m-Osmiokatna-Drewniana-Altana-Ogrodowa-z-Hakiem-Sufitowym-Szerokosc-calkowita-400-cm 1024w\" sizes=\"(min-width: 1200px) 560px, (min-width: 992px) 50vw, 100vw\" width=\"1024px\" alt=\"EGGI 3,95 m x 3,95 m O\u015bmiok\u0105tna Drewniana Altana Ogrodowa z Hakiem Sufitowym Szeroko\u015b\u0107 ca\u0142kowita 400 cm\" style=\"max-width: 100%; height: auto; display: block; margin: 0 auto;\"><\/div>\n<\/div>\n<\/div>\n<\/div>\n<\/div>\n<div style=\"clear: both; display: block; margin: 10px 0;\">\n<div style=\"clear: both; display: block; margin: 10px 0;\">\n<h1>Wytrzyma\u0142y dach ze stali antracytowej<\/h1>\n<p style=\"margin: 15px 0; line-height: 1.8; clear: both; display: block; width: 100%; float: none; position: static;\">Odpocznij spokojnie pod tym wytrzyma\u0142ym czarnym stalowym dachem, kt\u00f3ry wytrzyma \u017cywio\u0142y przez wiele sezon\u00f3w. S\u0142o\u0144ce, deszcz lub \u015bnieg, Ty i Twoje meble tarasowe b\u0119dziecie chronieni pod tym solidnym dachem z twardego blatu.<\/p>\n<\/div>\n<\/div>\n<\/div>\n<div style=\"clear: both; display: block; margin: 10px 0;\">\n<div style=\"clear: both; display: block; margin: 10px 0;\">\n<div style=\"clear: both; display: block; margin: 10px 0;\">\n<div  style=\"max-width:1024px;max-height:1024px\">\n<div style=\"clear: both; display: block; margin: 10px 0;\">\n<div style=\"clear: both; width: 100%; display: block; margin: 20px 0; padding: 0; float: none; position: static; text-align: center;\"><img decoding=\"async\"  src=\"https:\/\/a.allegroimg.com\/original\/11e774\/eb774c6f408db1c96930e28e8762\/EGGI-3-95-m-x-3-95-m-Osmiokatna-Drewniana-Altana-Ogrodowa-z-Hakiem-Sufitowym-Kod-producenta-A102007903\" srcset=\"https:\/\/a.allegroimg.com\/original\/11e774\/eb774c6f408db1c96930e28e8762\/EGGI-3-95-m-x-3-95-m-Osmiokatna-Drewniana-Altana-Ogrodowa-z-Hakiem-Sufitowym-Kod-producenta-A102007903 360w,https:\/\/a.allegroimg.com\/original\/11e774\/eb774c6f408db1c96930e28e8762\/EGGI-3-95-m-x-3-95-m-Osmiokatna-Drewniana-Altana-Ogrodowa-z-Hakiem-Sufitowym-Kod-producenta-A102007903 720w,https:\/\/a.allegroimg.com\/original\/11e774\/eb774c6f408db1c96930e28e8762\/EGGI-3-95-m-x-3-95-m-Osmiokatna-Drewniana-Altana-Ogrodowa-z-Hakiem-Sufitowym-Kod-producenta-A102007903 1024w,https:\/\/a.allegroimg.com\/original\/11e774\/eb774c6f408db1c96930e28e8762\/EGGI-3-95-m-x-3-95-m-Osmiokatna-Drewniana-Altana-Ogrodowa-z-Hakiem-Sufitowym-Kod-producenta-A102007903 1024w\" sizes=\"(min-width: 1200px) 560px, (min-width: 992px) 50vw, 100vw\" width=\"1024px\" alt=\"EGGI 3,95 m x 3,95 m O\u015bmiok\u0105tna Drewniana Altana Ogrodowa z Hakiem Sufitowym Kod producenta A102007903\" style=\"max-width: 100%; height: auto; display: block; margin: 0 auto;\"><\/div>\n<\/div>\n<\/div>\n<\/div>\n<\/div>\n<div style=\"clear: both; display: block; margin: 10px 0;\">\n<div style=\"clear: both; display: block; margin: 10px 0;\">\n<h1>Minimalistyczny i Stylowy Design<\/h1>\n<p style=\"margin: 15px 0; line-height: 1.8; clear: both; display: block; width: 100%; float: none; position: static;\">Unikalna o\u015bmiok\u0105tna konstrukcja doskonale sprawdza si\u0119 w estetyce ogrodu i dodaje efektowny element wizualny do ka\u017cdego patio lub przestrzeni zewn\u0119trznej. Du\u017cy rozmiar 3.95 m x 3.95 m zapewnia wi\u0119cej miejsca do rozrywki dla rodziny i przyjaci\u00f3\u0142.<\/p>\n<\/div>\n<\/div>\n<\/div>\n<\/div>\n<\/div>\n<\/div>\n<div style=\"clear: both; display: block; margin: 10px 0;\">\n","protected":false},"excerpt":{"rendered":"<p>Altana tarasowa z drewna o\u015bmiok\u0105ta EGGI 3.95m x 3.95m z hakiem sufitowym<\/p>\n","protected":false},"featured_media":16076,"template":"","meta":{"_uag_custom_page_level_css":""},"product_brand":[],"product_cat":[946,891,541],"product_tag":[],"class_list":{"0":"post-16075","1":"product","2":"type-product","3":"status-publish","4":"has-post-thumbnail","6":"product_cat-altany-wiaty-zadaszenia","7":"product_cat-architektura-ogrodowa","8":"product_cat-ogrod","9":"product_shipping_class-transport-na-paletach","11":"first","12":"instock","13":"sale","14":"shipping-taxable","15":"purchasable","16":"product-type-simple"},"uagb_featured_image_src":{"full":["https:\/\/tivrano.shop\/grill\/wp-content\/uploads\/2026\/04\/allegro-image-16075.jpg",1024,1024,false],"thumbnail":["https:\/\/tivrano.shop\/grill\/wp-content\/uploads\/2026\/04\/allegro-image-16075-150x150.jpg",150,150,true],"medium":["https:\/\/tivrano.shop\/grill\/wp-content\/uploads\/2026\/04\/allegro-image-16075-300x300.jpg",300,300,true],"medium_large":["https:\/\/tivrano.shop\/grill\/wp-content\/uploads\/2026\/04\/allegro-image-16075-768x768.jpg",768,768,true],"large":["https:\/\/tivrano.shop\/grill\/wp-content\/uploads\/2026\/04\/allegro-image-16075.jpg",1024,1024,false],"1536x1536":["https:\/\/tivrano.shop\/grill\/wp-content\/uploads\/2026\/04\/allegro-image-16075.jpg",1024,1024,false],"2048x2048":["https:\/\/tivrano.shop\/grill\/wp-content\/uploads\/2026\/04\/allegro-image-16075.jpg",1024,1024,false],"woocommerce_thumbnail":["https:\/\/tivrano.shop\/grill\/wp-content\/uploads\/2026\/04\/allegro-image-16075-300x300.jpg",300,300,true],"woocommerce_single":["https:\/\/tivrano.shop\/grill\/wp-content\/uploads\/2026\/04\/allegro-image-16075-600x600.jpg",600,600,true],"woocommerce_gallery_thumbnail":["https:\/\/tivrano.shop\/grill\/wp-content\/uploads\/2026\/04\/allegro-image-16075-100x100.jpg",100,100,true]},"uagb_author_info":{"display_name":"admin","author_link":"https:\/\/tivrano.shop\/grill\/author\/"},"uagb_comment_info":0,"uagb_excerpt":"Altana tarasowa z drewna o\u015bmiok\u0105ta EGGI 3.95m x 3.95m z hakiem sufitowym","_links":{"self":[{"href":"https:\/\/tivrano.shop\/grill\/wp-json\/wp\/v2\/product\/16075","targetHints":{"allow":["GET"]}}],"collection":[{"href":"https:\/\/tivrano.shop\/grill\/wp-json\/wp\/v2\/product"}],"about":[{"href":"https:\/\/tivrano.shop\/grill\/wp-json\/wp\/v2\/types\/product"}],"wp:featuredmedia":[{"embeddable":true,"href":"https:\/\/tivrano.shop\/grill\/wp-json\/wp\/v2\/media\/16076"}],"wp:attachment":[{"href":"https:\/\/tivrano.shop\/grill\/wp-json\/wp\/v2\/media?parent=16075"}],"wp:term":[{"taxonomy":"product_brand","embeddable":true,"href":"https:\/\/tivrano.shop\/grill\/wp-json\/wp\/v2\/product_brand?post=16075"},{"taxonomy":"product_cat","embeddable":true,"href":"https:\/\/tivrano.shop\/grill\/wp-json\/wp\/v2\/product_cat?post=16075"},{"taxonomy":"product_tag","embeddable":true,"href":"https:\/\/tivrano.shop\/grill\/wp-json\/wp\/v2\/product_tag?post=16075"}],"curies":[{"name":"wp","href":"https:\/\/api.w.org\/{rel}","templated":true}]}}