{"id":16073,"date":"2026-04-06T19:53:39","date_gmt":"2026-04-06T18:53:39","guid":{"rendered":"https:\/\/grillcentrum.shop\/gree\/produkt\/altana-ogrodowa-drewniana-todi-335m-x-399m-z-dachem-dwuspadowym-i-hakiem-sufitowym\/"},"modified":"2026-04-11T02:22:35","modified_gmt":"2026-04-11T01:22:35","slug":"altana-ogrodowa-drewniana-todi-335m-x-399m-z-dachem-dwuspadowym-i-hakiem-sufitowym","status":"publish","type":"product","link":"https:\/\/tivrano.shop\/grill\/produkt\/altana-ogrodowa-drewniana-todi-335m-x-399m-z-dachem-dwuspadowym-i-hakiem-sufitowym\/","title":{"rendered":"Altana Ogrodowa Drewniana TODI 3,35m x 3,99m z Dachem Dwuspadowym i Hakiem Sufitowym"},"content":{"rendered":"<div style=\"font-family: Arial, sans-serif; line-height: 1.6; color: #333; padding: 20px; clear: both; display: block; width: 100%; float: none; position: static; overflow: hidden;\">\n<div style=\"clear: both; display: block; margin: 10px 0;\">\n<div style=\"clear: both; display: block; margin: 10px 0;\">\n<div style=\"clear: both; display: block; margin: 10px 0;\">\n<h1>TODI 3,35m x 3,99m FSC 100% altana z ram\u0105 z cedru i antracytowym stalowym dachem dwuspadowym z twardego materia\u0142u<\/h1>\n<p style=\"margin: 15px 0; line-height: 1.8; clear: both; display: block; width: 100%; float: none; position: static;\">Powi\u0119ksz swoj\u0105 przestrze\u0144 \u017cyciow\u0105, przenosz\u0105c wn\u0119trze na zewn\u0105trz i tworz\u0105c w ten spos\u00f3b oaz\u0119 spokoju, b\u0119d\u0105c\u0105 idealnym miejscem do spotka\u0144 z rodzin\u0105 i przyjaci\u00f3\u0142mi. Ta o\u015bmiok\u0105tna altana o wymiarach 3,95 m x 3,95 m i 8 nogach, zaprojektowana przez wiod\u0105cego na \u015bwiecie producenta gotowych do monta\u017cu konstrukcji ogrodowych, Sunjoy, stworzy idealne miejsce do wypoczynku na \u015bwie\u017cym powietrzu o ka\u017cdej porze roku. Sp\u0119d\u017a wszystkie cztery pory roku, ciesz\u0105c si\u0119 zadaszonym miejscem na \u015bwie\u017cym powietrzu, pod konstrukcj\u0105 z drewna cedrowego i solidnym, malowanym proszkowo stalowym dachem, kt\u00f3ry przetrwa pr\u00f3b\u0119 czasu. Dwupoziomowa konstrukcja dachu zapewnia odpowiedni\u0105 cyrkulacj\u0119 powietrza, chroni\u0105c jednocze\u015bnie przed niesprzyjaj\u0105cymi warunkami pogodowymi. Stw\u00f3rz odpowiedni nastr\u00f3j, zawieszaj\u0105c \u017cyrandol na wbudowanym haku sufitowym. Zapewnisz sobie funkcjonalne \u015bwiat\u0142o i wysoki poziom designu. Dzi\u0119ki prostym i \u0142atwym do na\u015bladowania instrukcjom monta\u017cu b\u0119dziesz m\u00f3g\u0142 przez wiele lat relaksowa\u0107 si\u0119 z wybranym napojem w swojej nowej ulubionej przestrzeni na \u015bwie\u017cym powietrzu.<\/p>\n<\/div>\n<\/div>\n<\/div>\n<div style=\"clear: both; display: block; margin: 10px 0;\">\n<div style=\"clear: both; display: block; margin: 10px 0;\">\n<div style=\"clear: both; display: block; margin: 10px 0;\">\n<div  style=\"max-width:1737px;max-height:1738px\">\n<div style=\"clear: both; display: block; margin: 10px 0;\">\n<div style=\"clear: both; width: 100%; display: block; margin: 20px 0; padding: 0; float: none; position: static; text-align: center;\"><img decoding=\"async\"  src=\"https:\/\/a.allegroimg.com\/original\/114c1d\/fac6ac914fb1a57282c39d1d14b5\/Altana-Ogrodowa-Drewniana-TODI-3-35m-x-3-99m-z-Dachem-Dwuspadowym-i-Hakiem-Sufitowym-EAN-GTIN-4262376580012\" srcset=\"https:\/\/a.allegroimg.com\/original\/114c1d\/fac6ac914fb1a57282c39d1d14b5\/Altana-Ogrodowa-Drewniana-TODI-3-35m-x-3-99m-z-Dachem-Dwuspadowym-i-Hakiem-Sufitowym-EAN-GTIN-4262376580012 359w,https:\/\/a.allegroimg.com\/original\/114c1d\/fac6ac914fb1a57282c39d1d14b5\/Altana-Ogrodowa-Drewniana-TODI-3-35m-x-3-99m-z-Dachem-Dwuspadowym-i-Hakiem-Sufitowym-EAN-GTIN-4262376580012 719w,https:\/\/a.allegroimg.com\/original\/114c1d\/fac6ac914fb1a57282c39d1d14b5\/Altana-Ogrodowa-Drewniana-TODI-3-35m-x-3-99m-z-Dachem-Dwuspadowym-i-Hakiem-Sufitowym-EAN-GTIN-4262376580012 1023w,https:\/\/a.allegroimg.com\/original\/114c1d\/fac6ac914fb1a57282c39d1d14b5\/Altana-Ogrodowa-Drewniana-TODI-3-35m-x-3-99m-z-Dachem-Dwuspadowym-i-Hakiem-Sufitowym-EAN-GTIN-4262376580012 1439w,https:\/\/a.allegroimg.com\/original\/114c1d\/fac6ac914fb1a57282c39d1d14b5\/Altana-Ogrodowa-Drewniana-TODI-3-35m-x-3-99m-z-Dachem-Dwuspadowym-i-Hakiem-Sufitowym-EAN-GTIN-4262376580012 1737w\" sizes=\"100vw\" width=\"1737px\" alt=\"Altana Ogrodowa Drewniana TODI 3,35m x 3,99m z Dachem Dwuspadowym i Hakiem Sufitowym EAN (GTIN) 4262376580012\" style=\"max-width: 100%; height: auto; display: block; margin: 0 auto;\"><\/div>\n<\/div>\n<\/div>\n<\/div>\n<\/div>\n<\/div>\n<div style=\"clear: both; display: block; margin: 10px 0;\">\n<div style=\"clear: both; display: block; margin: 10px 0;\">\n<div style=\"clear: both; display: block; margin: 10px 0;\">\n<div  style=\"max-width:2000px;max-height:2000px\">\n<div style=\"clear: both; display: block; margin: 10px 0;\">\n<div style=\"clear: both; width: 100%; display: block; margin: 20px 0; padding: 0; float: none; position: static; text-align: center;\"><img decoding=\"async\"  src=\"https:\/\/a.allegroimg.com\/original\/115d32\/64b51e0a45b19bb89a2adfa96d1c\/Altana-Ogrodowa-Drewniana-TODI-3-35m-x-3-99m-z-Dachem-Dwuspadowym-i-Hakiem-Sufitowym-Rodzaj-altana\" srcset=\"https:\/\/a.allegroimg.com\/original\/115d32\/64b51e0a45b19bb89a2adfa96d1c\/Altana-Ogrodowa-Drewniana-TODI-3-35m-x-3-99m-z-Dachem-Dwuspadowym-i-Hakiem-Sufitowym-Rodzaj-altana 360w,https:\/\/a.allegroimg.com\/original\/115d32\/64b51e0a45b19bb89a2adfa96d1c\/Altana-Ogrodowa-Drewniana-TODI-3-35m-x-3-99m-z-Dachem-Dwuspadowym-i-Hakiem-Sufitowym-Rodzaj-altana 720w,https:\/\/a.allegroimg.com\/original\/115d32\/64b51e0a45b19bb89a2adfa96d1c\/Altana-Ogrodowa-Drewniana-TODI-3-35m-x-3-99m-z-Dachem-Dwuspadowym-i-Hakiem-Sufitowym-Rodzaj-altana 1024w,https:\/\/a.allegroimg.com\/original\/115d32\/64b51e0a45b19bb89a2adfa96d1c\/Altana-Ogrodowa-Drewniana-TODI-3-35m-x-3-99m-z-Dachem-Dwuspadowym-i-Hakiem-Sufitowym-Rodzaj-altana 1440w,https:\/\/a.allegroimg.com\/original\/115d32\/64b51e0a45b19bb89a2adfa96d1c\/Altana-Ogrodowa-Drewniana-TODI-3-35m-x-3-99m-z-Dachem-Dwuspadowym-i-Hakiem-Sufitowym-Rodzaj-altana 2000w\" sizes=\"(min-width: 1200px) 560px, (min-width: 992px) 50vw, 100vw\" width=\"2000px\" alt=\"Altana Ogrodowa Drewniana TODI 3,35m x 3,99m z Dachem Dwuspadowym i Hakiem Sufitowym Rodzaj altana\" style=\"max-width: 100%; height: auto; display: block; margin: 0 auto;\"><\/div>\n<\/div>\n<\/div>\n<\/div>\n<\/div>\n<div style=\"clear: both; display: block; margin: 10px 0;\">\n<div style=\"clear: both; display: block; margin: 10px 0;\">\n<h1>Rama z drewna cedrowego Premium<\/h1>\n<p style=\"margin: 15px 0; line-height: 1.8; clear: both; display: block; width: 100%; float: none; position: static;\">Rama i s\u0142upki wykonane s\u0105 z najwy\u017cszej jako\u015bci cedru, co zapewnia wi\u0119ksz\u0105 wytrzyma\u0142o\u015b\u0107, stabilno\u015b\u0107 oraz odporno\u015b\u0107 na gnicie i owady. Dwuwarstwowe belki zapewniaj\u0105ce dwukrotnie lepsze wsparcie i d\u0142u\u017csz\u0105 \u017cywotno\u015b\u0107. Naturalne pi\u0119kno drewna dodaje uroku i trwa\u0142o\u015bci, dzi\u0119ki czemu altana ta na d\u0142ugo stanie si\u0119 centralnym punktem Twojej przestrzeni na \u015bwie\u017cym powietrzu.<\/p>\n<\/div>\n<\/div>\n<\/div>\n<div style=\"clear: both; display: block; margin: 10px 0;\">\n<div style=\"clear: both; display: block; margin: 10px 0;\">\n<div style=\"clear: both; display: block; margin: 10px 0;\">\n<div  style=\"max-width:2000px;max-height:2000px\">\n<div style=\"clear: both; display: block; margin: 10px 0;\">\n<div style=\"clear: both; width: 100%; display: block; margin: 20px 0; padding: 0; float: none; position: static; text-align: center;\"><img decoding=\"async\"  src=\"https:\/\/a.allegroimg.com\/original\/11c661\/7757d818426abe98d178fbac6753\/Altana-Ogrodowa-Drewniana-TODI-3-35m-x-3-99m-z-Dachem-Dwuspadowym-i-Hakiem-Sufitowym-Szerokosc-calkowita-335-cm\" srcset=\"https:\/\/a.allegroimg.com\/original\/11c661\/7757d818426abe98d178fbac6753\/Altana-Ogrodowa-Drewniana-TODI-3-35m-x-3-99m-z-Dachem-Dwuspadowym-i-Hakiem-Sufitowym-Szerokosc-calkowita-335-cm 360w,https:\/\/a.allegroimg.com\/original\/11c661\/7757d818426abe98d178fbac6753\/Altana-Ogrodowa-Drewniana-TODI-3-35m-x-3-99m-z-Dachem-Dwuspadowym-i-Hakiem-Sufitowym-Szerokosc-calkowita-335-cm 720w,https:\/\/a.allegroimg.com\/original\/11c661\/7757d818426abe98d178fbac6753\/Altana-Ogrodowa-Drewniana-TODI-3-35m-x-3-99m-z-Dachem-Dwuspadowym-i-Hakiem-Sufitowym-Szerokosc-calkowita-335-cm 1024w,https:\/\/a.allegroimg.com\/original\/11c661\/7757d818426abe98d178fbac6753\/Altana-Ogrodowa-Drewniana-TODI-3-35m-x-3-99m-z-Dachem-Dwuspadowym-i-Hakiem-Sufitowym-Szerokosc-calkowita-335-cm 1440w,https:\/\/a.allegroimg.com\/original\/11c661\/7757d818426abe98d178fbac6753\/Altana-Ogrodowa-Drewniana-TODI-3-35m-x-3-99m-z-Dachem-Dwuspadowym-i-Hakiem-Sufitowym-Szerokosc-calkowita-335-cm 2000w\" sizes=\"(min-width: 1200px) 560px, (min-width: 992px) 50vw, 100vw\" width=\"2000px\" alt=\"Altana Ogrodowa Drewniana TODI 3,35m x 3,99m z Dachem Dwuspadowym i Hakiem Sufitowym Szeroko\u015b\u0107 ca\u0142kowita 335 cm\" style=\"max-width: 100%; height: auto; display: block; margin: 0 auto;\"><\/div>\n<\/div>\n<\/div>\n<\/div>\n<\/div>\n<div style=\"clear: both; display: block; margin: 10px 0;\">\n<div style=\"clear: both; display: block; margin: 10px 0;\">\n<h1>Solidna konstrukcja wsporcza tr\u00f3jk\u0105ta<\/h1>\n<p style=\"margin: 15px 0; line-height: 1.8; clear: both; display: block; width: 100%; float: none; position: static;\">Klasyczny dwuspadowy dach zapewnia odpowiedni\u0105 cyrkulacj\u0119 powietrza, a jednocze\u015bnie chroni przed niesprzyjaj\u0105c\u0105 pogod\u0105. Solidna tr\u00f3jk\u0105tna konstrukcja wsporcza zosta\u0142a zaprojektowana tak, aby zwi\u0119kszy\u0107 stabilno\u015b\u0107 i trwa\u0142o\u015b\u0107, dzi\u0119ki czemu przetrwa pr\u00f3b\u0119 czasu.<\/p>\n<\/div>\n<\/div>\n<\/div>\n<div style=\"clear: both; display: block; margin: 10px 0;\">\n<div style=\"clear: both; display: block; margin: 10px 0;\">\n<div style=\"clear: both; display: block; margin: 10px 0;\">\n<div  style=\"max-width:2000px;max-height:2000px\">\n<div style=\"clear: both; display: block; margin: 10px 0;\">\n<div style=\"clear: both; width: 100%; display: block; margin: 20px 0; padding: 0; float: none; position: static; text-align: center;\"><img decoding=\"async\"  src=\"https:\/\/a.allegroimg.com\/original\/11bccc\/e92973e54b8d92c9c7ac8ed1a2f7\/Altana-Ogrodowa-Drewniana-TODI-3-35m-x-3-99m-z-Dachem-Dwuspadowym-i-Hakiem-Sufitowym-Wysokosc-calkowita-291-cm\" srcset=\"https:\/\/a.allegroimg.com\/original\/11bccc\/e92973e54b8d92c9c7ac8ed1a2f7\/Altana-Ogrodowa-Drewniana-TODI-3-35m-x-3-99m-z-Dachem-Dwuspadowym-i-Hakiem-Sufitowym-Wysokosc-calkowita-291-cm 360w,https:\/\/a.allegroimg.com\/original\/11bccc\/e92973e54b8d92c9c7ac8ed1a2f7\/Altana-Ogrodowa-Drewniana-TODI-3-35m-x-3-99m-z-Dachem-Dwuspadowym-i-Hakiem-Sufitowym-Wysokosc-calkowita-291-cm 720w,https:\/\/a.allegroimg.com\/original\/11bccc\/e92973e54b8d92c9c7ac8ed1a2f7\/Altana-Ogrodowa-Drewniana-TODI-3-35m-x-3-99m-z-Dachem-Dwuspadowym-i-Hakiem-Sufitowym-Wysokosc-calkowita-291-cm 1024w,https:\/\/a.allegroimg.com\/original\/11bccc\/e92973e54b8d92c9c7ac8ed1a2f7\/Altana-Ogrodowa-Drewniana-TODI-3-35m-x-3-99m-z-Dachem-Dwuspadowym-i-Hakiem-Sufitowym-Wysokosc-calkowita-291-cm 1440w,https:\/\/a.allegroimg.com\/original\/11bccc\/e92973e54b8d92c9c7ac8ed1a2f7\/Altana-Ogrodowa-Drewniana-TODI-3-35m-x-3-99m-z-Dachem-Dwuspadowym-i-Hakiem-Sufitowym-Wysokosc-calkowita-291-cm 2000w\" sizes=\"(min-width: 1200px) 560px, (min-width: 992px) 50vw, 100vw\" width=\"2000px\" alt=\"Altana Ogrodowa Drewniana TODI 3,35m x 3,99m z Dachem Dwuspadowym i Hakiem Sufitowym Wysoko\u015b\u0107 ca\u0142kowita 291 cm\" style=\"max-width: 100%; height: auto; display: block; margin: 0 auto;\"><\/div>\n<\/div>\n<\/div>\n<\/div>\n<\/div>\n<div style=\"clear: both; display: block; margin: 10px 0;\">\n<div style=\"clear: both; display: block; margin: 10px 0;\">\n<h1>Hak sufitowy w zestawie<\/h1>\n<p style=\"margin: 15px 0; line-height: 1.8; clear: both; display: block; width: 100%; float: none; position: static;\">Wbudowany, wysokiej jako\u015bci, wytrzyma\u0142y hak sufitowy umo\u017cliwia \u0142atwe zawieszenie ulubionego \u017cyrandola (brak w zestawie) lub innych element\u00f3w dekoracyjnych, tworz\u0105c idealne, o\u015bwietlone miejsce spotka\u0144 z rodzin\u0105 i przyjaci\u00f3\u0142mi.<\/p>\n<\/div>\n<\/div>\n<\/div>\n<div style=\"clear: both; display: block; margin: 10px 0;\">\n<div style=\"clear: both; display: block; margin: 10px 0;\">\n<div style=\"clear: both; display: block; margin: 10px 0;\">\n<div  style=\"max-width:2000px;max-height:2000px\">\n<div style=\"clear: both; display: block; margin: 10px 0;\">\n<div style=\"clear: both; width: 100%; display: block; margin: 20px 0; padding: 0; float: none; position: static; text-align: center;\"><img decoding=\"async\"  src=\"https:\/\/a.allegroimg.com\/original\/1142a2\/a7fad754430ebf9be36ffc72fbe0\/Altana-Ogrodowa-Drewniana-TODI-3-35m-x-3-99m-z-Dachem-Dwuspadowym-i-Hakiem-Sufitowym\" srcset=\"https:\/\/a.allegroimg.com\/original\/1142a2\/a7fad754430ebf9be36ffc72fbe0\/Altana-Ogrodowa-Drewniana-TODI-3-35m-x-3-99m-z-Dachem-Dwuspadowym-i-Hakiem-Sufitowym 360w,https:\/\/a.allegroimg.com\/original\/1142a2\/a7fad754430ebf9be36ffc72fbe0\/Altana-Ogrodowa-Drewniana-TODI-3-35m-x-3-99m-z-Dachem-Dwuspadowym-i-Hakiem-Sufitowym 720w,https:\/\/a.allegroimg.com\/original\/1142a2\/a7fad754430ebf9be36ffc72fbe0\/Altana-Ogrodowa-Drewniana-TODI-3-35m-x-3-99m-z-Dachem-Dwuspadowym-i-Hakiem-Sufitowym 1024w,https:\/\/a.allegroimg.com\/original\/1142a2\/a7fad754430ebf9be36ffc72fbe0\/Altana-Ogrodowa-Drewniana-TODI-3-35m-x-3-99m-z-Dachem-Dwuspadowym-i-Hakiem-Sufitowym 1440w,https:\/\/a.allegroimg.com\/original\/1142a2\/a7fad754430ebf9be36ffc72fbe0\/Altana-Ogrodowa-Drewniana-TODI-3-35m-x-3-99m-z-Dachem-Dwuspadowym-i-Hakiem-Sufitowym 2000w\" sizes=\"(min-width: 1200px) 560px, (min-width: 992px) 50vw, 100vw\" width=\"2000px\" alt=\"Altana Ogrodowa Drewniana TODI 3,35m x 3,99m z Dachem Dwuspadowym i Hakiem Sufitowym\" style=\"max-width: 100%; height: auto; display: block; margin: 0 auto;\"><\/div>\n<\/div>\n<\/div>\n<\/div>\n<\/div>\n<div style=\"clear: both; display: block; margin: 10px 0;\">\n<div style=\"clear: both; display: block; margin: 10px 0;\">\n<h1>Zr\u00f3wnowa\u017cony projekt nachylenia dachu<\/h1>\n<p style=\"margin: 15px 0; line-height: 1.8; clear: both; display: block; width: 100%; float: none; position: static;\">Trwa\u0142y, dwuspadowy dach ze stali malowanej proszkowo zapewnia cie\u0144, chroni\u0105c przed upa\u0142em i zapobiega przedostawaniu si\u0119 wody. Zr\u00f3wnowa\u017cony kszta\u0142t dachu pozwala na szybki odp\u0142yw wody, zapobiegaj\u0105c gromadzeniu si\u0119 wody deszczowej i redukuj\u0105c nacisk \u015bniegu.<\/p>\n<\/div>\n<\/div>\n<\/div>\n<\/div>\n<\/div>\n<\/div>\n<div style=\"clear: both; display: block; margin: 10px 0;\">\n","protected":false},"excerpt":{"rendered":"<p>TODI 3,35m x 3,99m FSC 100% altana z ram\u0105 z cedru i antracytowym stalowym dachem dwuspadowym z twardego materia\u0142u<\/p>\n","protected":false},"featured_media":16074,"template":"","meta":{"_uag_custom_page_level_css":""},"product_brand":[],"product_cat":[946,891,541],"product_tag":[],"class_list":{"0":"post-16073","1":"product","2":"type-product","3":"status-publish","4":"has-post-thumbnail","6":"product_cat-altany-wiaty-zadaszenia","7":"product_cat-architektura-ogrodowa","8":"product_cat-ogrod","9":"product_shipping_class-transport-na-paletach","11":"first","12":"instock","13":"sale","14":"shipping-taxable","15":"purchasable","16":"product-type-simple"},"uagb_featured_image_src":{"full":["https:\/\/tivrano.shop\/grill\/wp-content\/uploads\/2026\/04\/allegro-image-16073.jpg",2000,2000,false],"thumbnail":["https:\/\/tivrano.shop\/grill\/wp-content\/uploads\/2026\/04\/allegro-image-16073-150x150.jpg",150,150,true],"medium":["https:\/\/tivrano.shop\/grill\/wp-content\/uploads\/2026\/04\/allegro-image-16073-300x300.jpg",300,300,true],"medium_large":["https:\/\/tivrano.shop\/grill\/wp-content\/uploads\/2026\/04\/allegro-image-16073-768x768.jpg",768,768,true],"large":["https:\/\/tivrano.shop\/grill\/wp-content\/uploads\/2026\/04\/allegro-image-16073-1024x1024.jpg",1024,1024,true],"1536x1536":["https:\/\/tivrano.shop\/grill\/wp-content\/uploads\/2026\/04\/allegro-image-16073-1536x1536.jpg",1536,1536,true],"2048x2048":["https:\/\/tivrano.shop\/grill\/wp-content\/uploads\/2026\/04\/allegro-image-16073.jpg",2000,2000,false],"woocommerce_thumbnail":["https:\/\/tivrano.shop\/grill\/wp-content\/uploads\/2026\/04\/allegro-image-16073-300x300.jpg",300,300,true],"woocommerce_single":["https:\/\/tivrano.shop\/grill\/wp-content\/uploads\/2026\/04\/allegro-image-16073-600x600.jpg",600,600,true],"woocommerce_gallery_thumbnail":["https:\/\/tivrano.shop\/grill\/wp-content\/uploads\/2026\/04\/allegro-image-16073-100x100.jpg",100,100,true]},"uagb_author_info":{"display_name":"admin","author_link":"https:\/\/tivrano.shop\/grill\/author\/"},"uagb_comment_info":0,"uagb_excerpt":"TODI 3,35m x 3,99m FSC 100% altana z ram\u0105 z cedru i antracytowym stalowym dachem dwuspadowym z twardego materia\u0142u","_links":{"self":[{"href":"https:\/\/tivrano.shop\/grill\/wp-json\/wp\/v2\/product\/16073","targetHints":{"allow":["GET"]}}],"collection":[{"href":"https:\/\/tivrano.shop\/grill\/wp-json\/wp\/v2\/product"}],"about":[{"href":"https:\/\/tivrano.shop\/grill\/wp-json\/wp\/v2\/types\/product"}],"wp:featuredmedia":[{"embeddable":true,"href":"https:\/\/tivrano.shop\/grill\/wp-json\/wp\/v2\/media\/16074"}],"wp:attachment":[{"href":"https:\/\/tivrano.shop\/grill\/wp-json\/wp\/v2\/media?parent=16073"}],"wp:term":[{"taxonomy":"product_brand","embeddable":true,"href":"https:\/\/tivrano.shop\/grill\/wp-json\/wp\/v2\/product_brand?post=16073"},{"taxonomy":"product_cat","embeddable":true,"href":"https:\/\/tivrano.shop\/grill\/wp-json\/wp\/v2\/product_cat?post=16073"},{"taxonomy":"product_tag","embeddable":true,"href":"https:\/\/tivrano.shop\/grill\/wp-json\/wp\/v2\/product_tag?post=16073"}],"curies":[{"name":"wp","href":"https:\/\/api.w.org\/{rel}","templated":true}]}}