{"id":16071,"date":"2026-04-06T19:53:38","date_gmt":"2026-04-06T18:53:38","guid":{"rendered":"https:\/\/grillcentrum.shop\/gree\/produkt\/pergola-aluminiowa-3x3-m-bioklimatyczna\/"},"modified":"2026-04-11T02:22:35","modified_gmt":"2026-04-11T01:22:35","slug":"pergola-aluminiowa-3x3-m-bioklimatyczna","status":"publish","type":"product","link":"https:\/\/tivrano.shop\/grill\/produkt\/pergola-aluminiowa-3x3-m-bioklimatyczna\/","title":{"rendered":"PERGOLA ALUMINIOWA 3&#215;3 m BIOKLIMATYCZNA"},"content":{"rendered":"<div style=\"font-family: Arial, sans-serif; line-height: 1.6; color: #333; padding: 20px; clear: both; display: block; width: 100%; float: none; position: static; overflow: hidden;\">\n<div style=\"clear: both; display: block; margin: 10px 0;\">\n<div style=\"clear: both; display: block; margin: 10px 0;\">\n<div style=\"clear: both; display: block; margin: 10px 0;\">\n<h2>Nowoczesne zadaszenie tarasu | Dach regulowany | Antracyt<\/h2>\n<\/div>\n<\/div>\n<\/div>\n<div style=\"clear: both; display: block; margin: 10px 0;\">\n<div style=\"clear: both; display: block; margin: 10px 0;\">\n<div style=\"clear: both; display: block; margin: 10px 0;\">\n<p style=\"margin: 15px 0; line-height: 1.8; clear: both; display: block; width: 100%; float: none; position: static;\">Szukasz trwa\u0142ego, eleganckiego i funkcjonalnego zadaszenia do ogrodu lub na taras? Ta nowoczesna pergola aluminiowa 3&#215;3 m wolnostoj\u0105ca to rozwi\u0105zanie klasy PREMIUM, kt\u00f3re zapewni Ci komfort wypoczynku niezale\u017cnie od pogody.<\/p>\n<p style=\"margin: 15px 0; line-height: 1.8; clear: both; display: block; width: 100%; float: none; position: static;\">Stw\u00f3rz w\u0142asn\u0105 stref\u0119 relaksu \u2013 w cieniu, przewiewie lub pe\u0142nym s\u0142o\u0144cu. Ty decydujesz.<\/p>\n<\/div>\n<\/div>\n<\/div>\n<div style=\"clear: both; display: block; margin: 10px 0;\">\n<div style=\"clear: both; display: block; margin: 10px 0;\">\n<div style=\"clear: both; display: block; margin: 10px 0;\">\n<div  style=\"max-width:1024px;max-height:1024px\">\n<div style=\"clear: both; display: block; margin: 10px 0;\">\n<div style=\"clear: both; width: 100%; display: block; margin: 20px 0; padding: 0; float: none; position: static; text-align: center;\"><img decoding=\"async\"  src=\"https:\/\/a.allegroimg.com\/original\/116e48\/cf8322434742aade86f4826303c3\/PERGOLA-ALUMINIOWA-3x3-m-BIOKLIMATYCZNA-Wysokosc-calkowita-230-cm\" srcset=\"https:\/\/a.allegroimg.com\/original\/116e48\/cf8322434742aade86f4826303c3\/PERGOLA-ALUMINIOWA-3x3-m-BIOKLIMATYCZNA-Wysokosc-calkowita-230-cm 360w,https:\/\/a.allegroimg.com\/original\/116e48\/cf8322434742aade86f4826303c3\/PERGOLA-ALUMINIOWA-3x3-m-BIOKLIMATYCZNA-Wysokosc-calkowita-230-cm 720w,https:\/\/a.allegroimg.com\/original\/116e48\/cf8322434742aade86f4826303c3\/PERGOLA-ALUMINIOWA-3x3-m-BIOKLIMATYCZNA-Wysokosc-calkowita-230-cm 1024w,https:\/\/a.allegroimg.com\/original\/116e48\/cf8322434742aade86f4826303c3\/PERGOLA-ALUMINIOWA-3x3-m-BIOKLIMATYCZNA-Wysokosc-calkowita-230-cm 1024w\" sizes=\"100vw\" width=\"1024px\" alt=\"PERGOLA ALUMINIOWA 3x3 m BIOKLIMATYCZNA Wysoko\u015b\u0107 ca\u0142kowita 230 cm\" style=\"max-width: 100%; height: auto; display: block; margin: 0 auto;\"><\/div>\n<\/div>\n<\/div>\n<\/div>\n<\/div>\n<\/div>\n<div style=\"clear: both; display: block; margin: 10px 0;\">\n<div style=\"clear: both; display: block; margin: 10px 0;\">\n<div style=\"clear: both; display: block; margin: 10px 0;\">\n<div  style=\"max-width:1406px;max-height:1242px\">\n<div style=\"clear: both; display: block; margin: 10px 0;\">\n<div style=\"clear: both; width: 100%; display: block; margin: 20px 0; padding: 0; float: none; position: static; text-align: center;\"><img decoding=\"async\"  src=\"https:\/\/a.allegroimg.com\/original\/11b673\/1e9354d64ba3840a6c8f8611321e\/PERGOLA-ALUMINIOWA-3x3-m-BIOKLIMATYCZNA-Kod-producenta-30762\" srcset=\"https:\/\/a.allegroimg.com\/original\/11b673\/1e9354d64ba3840a6c8f8611321e\/PERGOLA-ALUMINIOWA-3x3-m-BIOKLIMATYCZNA-Kod-producenta-30762 360w,https:\/\/a.allegroimg.com\/original\/11b673\/1e9354d64ba3840a6c8f8611321e\/PERGOLA-ALUMINIOWA-3x3-m-BIOKLIMATYCZNA-Kod-producenta-30762 720w,https:\/\/a.allegroimg.com\/original\/11b673\/1e9354d64ba3840a6c8f8611321e\/PERGOLA-ALUMINIOWA-3x3-m-BIOKLIMATYCZNA-Kod-producenta-30762 1024w,https:\/\/a.allegroimg.com\/original\/11b673\/1e9354d64ba3840a6c8f8611321e\/PERGOLA-ALUMINIOWA-3x3-m-BIOKLIMATYCZNA-Kod-producenta-30762 1406w,https:\/\/a.allegroimg.com\/original\/11b673\/1e9354d64ba3840a6c8f8611321e\/PERGOLA-ALUMINIOWA-3x3-m-BIOKLIMATYCZNA-Kod-producenta-30762 1406w\" sizes=\"(min-width: 1200px) 560px, (min-width: 992px) 50vw, 100vw\" width=\"1406px\" alt=\"PERGOLA ALUMINIOWA 3x3 m BIOKLIMATYCZNA Kod producenta 30762\" style=\"max-width: 100%; height: auto; display: block; margin: 0 auto;\"><\/div>\n<\/div>\n<\/div>\n<\/div>\n<\/div>\n<div style=\"clear: both; display: block; margin: 10px 0;\">\n<div style=\"clear: both; display: block; margin: 10px 0;\">\n<h2>\u2705 Dach bioklimatyczny \u2013 pe\u0142na kontrola nad pogod\u0105<\/h2>\n<p style=\"margin: 15px 0; line-height: 1.8; clear: both; display: block; width: 100%; float: none; position: static;\">Nowoczesne, regulowane lamele pozwalaj\u0105:<\/p>\n<p style=\"margin: 15px 0; line-height: 1.8; clear: both; display: block; width: 100%; float: none; position: static;\">\u2714 kontrolowa\u0107 ilo\u015b\u0107 \u015bwiat\u0142a<\/p>\n<p style=\"margin: 15px 0; line-height: 1.8; clear: both; display: block; width: 100%; float: none; position: static;\">\u2714 zapewni\u0107 naturaln\u0105 wentylacj\u0119<\/p>\n<p style=\"margin: 15px 0; line-height: 1.8; clear: both; display: block; width: 100%; float: none; position: static;\">\u2714 chroni\u0107 przed deszczem<\/p>\n<p style=\"margin: 15px 0; line-height: 1.8; clear: both; display: block; width: 100%; float: none; position: static;\">\u2714 stworzy\u0107 przyjemny cie\u0144 w upalne dni<\/p>\n<p style=\"margin: 15px 0; line-height: 1.8; clear: both; display: block; width: 100%; float: none; position: static;\">Sterowanie odbywa si\u0119 r\u0119cznie za pomoc\u0105 wygodnej korbki \u2013 bez silnika, bez elektryki, bez dodatkowych koszt\u00f3w.<\/p>\n<p style=\"margin: 15px 0; line-height: 1.8; clear: both; display: block; width: 100%; float: none; position: static;\">Po ca\u0142kowitym zamkni\u0119ciu lamele tworz\u0105 szczelne zadaszenie, a zintegrowany system odprowadzania wody skutecznie chroni przestrze\u0144 pod pergol\u0105<\/p>\n<\/div>\n<\/div>\n<\/div>\n<div style=\"clear: both; display: block; margin: 10px 0;\">\n<div style=\"clear: both; display: block; margin: 10px 0;\">\n<div style=\"clear: both; display: block; margin: 10px 0;\">\n<h2>Solidna konstrukcja z aluminium \u2013 inwestycja na lata<\/h2>\n<p style=\"margin: 15px 0; line-height: 1.8; clear: both; display: block; width: 100%; float: none; position: static;\">Pergola wykonana jest z wysokiej jako\u015bci aluminium malowanego proszkowo:<\/p>\n<p style=\"margin: 15px 0; line-height: 1.8; clear: both; display: block; width: 100%; float: none; position: static;\">\u2714 odporno\u015b\u0107 na korozj\u0119<\/p>\n<p style=\"margin: 15px 0; line-height: 1.8; clear: both; display: block; width: 100%; float: none; position: static;\">\u2714 odporno\u015b\u0107 na promieniowanie UV<\/p>\n<p style=\"margin: 15px 0; line-height: 1.8; clear: both; display: block; width: 100%; float: none; position: static;\">\u2714 odporno\u015b\u0107 na zmienne warunki atmosferyczne<\/p>\n<p style=\"margin: 15px 0; line-height: 1.8; clear: both; display: block; width: 100%; float: none; position: static;\">\u2714 stabilna i bezpieczna konstrukcja<\/p>\n<p style=\"margin: 15px 0; line-height: 1.8; clear: both; display: block; width: 100%; float: none; position: static;\">To doskona\u0142y wyb\u00f3r dla os\u00f3b szukaj\u0105cych ca\u0142orocznej pergoli aluminiowej.<\/p>\n<h2>Wysoka odporno\u015b\u0107 na wiatr \u2013 klasa 6<\/h2>\n<p style=\"margin: 15px 0; line-height: 1.8; clear: both; display: block; width: 100%; float: none; position: static;\">Konstrukcja spe\u0142nia norm\u0119 odporno\u015bci na wiatr klasy 6-Wytrzymuje pr\u0119dko\u015b\u0107 wiatru nie przekraczaj\u0105ca39-49 kmh , co oznacza:<\/p>\n<p style=\"margin: 15px 0; line-height: 1.8; clear: both; display: block; width: 100%; float: none; position: static;\">\u2714 stabilno\u015b\u0107 nawet przy silniejszych podmuchach<\/p>\n<p style=\"margin: 15px 0; line-height: 1.8; clear: both; display: block; width: 100%; float: none; position: static;\">\u2714 bezpiecze\u0144stwo u\u017cytkowania<\/p>\n<p style=\"margin: 15px 0; line-height: 1.8; clear: both; display: block; width: 100%; float: none; position: static;\">\u2714 solidno\u015b\u0107 potwierdzon\u0105 parametrami<\/p>\n<p style=\"margin: 15px 0; line-height: 1.8; clear: both; display: block; width: 100%; float: none; position: static;\">\u2714 Grubo\u015b\u0107 profila aluminiowego z kt\u00f3rej jest wykonana belka to 1,5 mm , pi\u00f3ra: 1,0mm<\/p>\n<p style=\"margin: 15px 0; line-height: 1.8; clear: both; display: block; width: 100%; float: none; position: static;\">\u2714 Wytrzyma\u0142o\u015b\u0107 na obci\u0105\u017cenie \u015bniegiem: do 80 kg<\/p>\n<\/div>\n<\/div>\n<div style=\"clear: both; display: block; margin: 10px 0;\">\n<div style=\"clear: both; display: block; margin: 10px 0;\">\n<div  style=\"max-width:2000px;max-height:1334px\">\n<div style=\"clear: both; display: block; margin: 10px 0;\">\n<div style=\"clear: both; width: 100%; display: block; margin: 20px 0; padding: 0; float: none; position: static; text-align: center;\"><img decoding=\"async\"  src=\"https:\/\/a.allegroimg.com\/original\/11ad0b\/7f52798843a19ae68f9f8191f31f\/PERGOLA-ALUMINIOWA-3x3-m-BIOKLIMATYCZNA-Producent-nieznany-producent\" srcset=\"https:\/\/a.allegroimg.com\/original\/11ad0b\/7f52798843a19ae68f9f8191f31f\/PERGOLA-ALUMINIOWA-3x3-m-BIOKLIMATYCZNA-Producent-nieznany-producent 360w,https:\/\/a.allegroimg.com\/original\/11ad0b\/7f52798843a19ae68f9f8191f31f\/PERGOLA-ALUMINIOWA-3x3-m-BIOKLIMATYCZNA-Producent-nieznany-producent 720w,https:\/\/a.allegroimg.com\/original\/11ad0b\/7f52798843a19ae68f9f8191f31f\/PERGOLA-ALUMINIOWA-3x3-m-BIOKLIMATYCZNA-Producent-nieznany-producent 1024w,https:\/\/a.allegroimg.com\/original\/11ad0b\/7f52798843a19ae68f9f8191f31f\/PERGOLA-ALUMINIOWA-3x3-m-BIOKLIMATYCZNA-Producent-nieznany-producent 1440w,https:\/\/a.allegroimg.com\/original\/11ad0b\/7f52798843a19ae68f9f8191f31f\/PERGOLA-ALUMINIOWA-3x3-m-BIOKLIMATYCZNA-Producent-nieznany-producent 2000w\" sizes=\"(min-width: 1200px) 560px, (min-width: 992px) 50vw, 100vw\" width=\"2000px\" alt=\"PERGOLA ALUMINIOWA 3x3 m BIOKLIMATYCZNA Producent nieznany producent\" style=\"max-width: 100%; height: auto; display: block; margin: 0 auto;\"><\/div>\n<\/div>\n<\/div>\n<\/div>\n<\/div>\n<\/div>\n<div style=\"clear: both; display: block; margin: 10px 0;\">\n<div style=\"clear: both; display: block; margin: 10px 0;\">\n<div style=\"clear: both; display: block; margin: 10px 0;\">\n<div  style=\"max-width:1024px;max-height:1024px\">\n<div style=\"clear: both; display: block; margin: 10px 0;\">\n<div style=\"clear: both; width: 100%; display: block; margin: 20px 0; padding: 0; float: none; position: static; text-align: center;\"><img decoding=\"async\"  src=\"https:\/\/a.allegroimg.com\/original\/119bf2\/143990644b30ae124b8978267343\/PERGOLA-ALUMINIOWA-3x3-m-BIOKLIMATYCZNA-Material-dominujacy-aluminium\" srcset=\"https:\/\/a.allegroimg.com\/original\/119bf2\/143990644b30ae124b8978267343\/PERGOLA-ALUMINIOWA-3x3-m-BIOKLIMATYCZNA-Material-dominujacy-aluminium 360w,https:\/\/a.allegroimg.com\/original\/119bf2\/143990644b30ae124b8978267343\/PERGOLA-ALUMINIOWA-3x3-m-BIOKLIMATYCZNA-Material-dominujacy-aluminium 720w,https:\/\/a.allegroimg.com\/original\/119bf2\/143990644b30ae124b8978267343\/PERGOLA-ALUMINIOWA-3x3-m-BIOKLIMATYCZNA-Material-dominujacy-aluminium 1024w,https:\/\/a.allegroimg.com\/original\/119bf2\/143990644b30ae124b8978267343\/PERGOLA-ALUMINIOWA-3x3-m-BIOKLIMATYCZNA-Material-dominujacy-aluminium 1024w\" sizes=\"(min-width: 1200px) 560px, (min-width: 992px) 50vw, 100vw\" width=\"1024px\" alt=\"PERGOLA ALUMINIOWA 3x3 m BIOKLIMATYCZNA Materia\u0142 dominuj\u0105cy aluminium\" style=\"max-width: 100%; height: auto; display: block; margin: 0 auto;\"><\/div>\n<\/div>\n<\/div>\n<\/div>\n<\/div>\n<div style=\"clear: both; display: block; margin: 10px 0;\">\n<div style=\"clear: both; display: block; margin: 10px 0;\">\n<h2>Uniwersalne zastosowanie<\/h2>\n<p style=\"margin: 15px 0; line-height: 1.8; clear: both; display: block; width: 100%; float: none; position: static;\">Pergola mo\u017ce pe\u0142ni\u0107 funkcj\u0119:<\/p>\n<p style=\"margin: 15px 0; line-height: 1.8; clear: both; display: block; width: 100%; float: none; position: static;\">\u2714 strefy relaksu w ogrodzie \u2714 jadalni tarasowej \u2714 zadaszenia przy basenie lub jacuzzi \u2714 eleganckiej wiaty \u2714 nowoczesnej przestrzeni wypoczynkowej przy domu<\/p>\n<p style=\"margin: 15px 0; line-height: 1.8; clear: both; display: block; width: 100%; float: none; position: static;\">Mo\u017cliwo\u015b\u0107 rozbudowy o: \u2013 rolety boczne \u2013 przeszklenia \u2013 o\u015bwietlenie LED \u2013 promienniki ciep\u0142a<\/p>\n<\/div>\n<\/div>\n<\/div>\n<div style=\"clear: both; display: block; margin: 10px 0;\">\n<div style=\"clear: both; display: block; margin: 10px 0;\">\n<div style=\"clear: both; display: block; margin: 10px 0;\">\n<h2>Nowoczesny design \u2013 kolor antracyt&nbsp;<\/h2>\n<p style=\"margin: 15px 0; line-height: 1.8; clear: both; display: block; width: 100%; float: none; position: static;\">Minimalistyczna forma i elegancki antracyt idealnie komponuj\u0105 si\u0119 z:<\/p>\n<p style=\"margin: 15px 0; line-height: 1.8; clear: both; display: block; width: 100%; float: none; position: static;\">\u2714 nowoczesn\u0105 architektur\u0105&nbsp;<\/p>\n<p style=\"margin: 15px 0; line-height: 1.8; clear: both; display: block; width: 100%; float: none; position: static;\">\u2714 domami jednorodzinnymi&nbsp;<\/p>\n<p style=\"margin: 15px 0; line-height: 1.8; clear: both; display: block; width: 100%; float: none; position: static;\">\u2714 tarasami i ogrodami w stylu modern<\/p>\n<p style=\"margin: 15px 0; line-height: 1.8; clear: both; display: block; width: 100%; float: none; position: static;\">Pergola nie tylko chroni \u2013 ale podnosi presti\u017c ca\u0142ej posesji.<\/p>\n<h2>&nbsp;Wymiary<\/h2>\n<p style=\"margin: 15px 0; line-height: 1.8; clear: both; display: block; width: 100%; float: none; position: static;\">3 x 3 x 2,3 m<\/p>\n<p style=\"margin: 15px 0; line-height: 1.8; clear: both; display: block; width: 100%; float: none; position: static;\">Idealny rozmiar do stworzenia komfortowej strefy wypoczynkowej.<\/p>\n<\/div>\n<\/div>\n<div style=\"clear: both; display: block; margin: 10px 0;\">\n<div style=\"clear: both; display: block; margin: 10px 0;\">\n<div  style=\"max-width:1406px;max-height:1242px\">\n<div style=\"clear: both; display: block; margin: 10px 0;\">\n<div style=\"clear: both; width: 100%; display: block; margin: 20px 0; padding: 0; float: none; position: static; text-align: center;\"><img decoding=\"async\"  src=\"https:\/\/a.allegroimg.com\/original\/11b673\/1e9354d64ba3840a6c8f8611321e\/PERGOLA-ALUMINIOWA-3x3-m-BIOKLIMATYCZNA-Kod-producenta-30762\" srcset=\"https:\/\/a.allegroimg.com\/original\/11b673\/1e9354d64ba3840a6c8f8611321e\/PERGOLA-ALUMINIOWA-3x3-m-BIOKLIMATYCZNA-Kod-producenta-30762 360w,https:\/\/a.allegroimg.com\/original\/11b673\/1e9354d64ba3840a6c8f8611321e\/PERGOLA-ALUMINIOWA-3x3-m-BIOKLIMATYCZNA-Kod-producenta-30762 720w,https:\/\/a.allegroimg.com\/original\/11b673\/1e9354d64ba3840a6c8f8611321e\/PERGOLA-ALUMINIOWA-3x3-m-BIOKLIMATYCZNA-Kod-producenta-30762 1024w,https:\/\/a.allegroimg.com\/original\/11b673\/1e9354d64ba3840a6c8f8611321e\/PERGOLA-ALUMINIOWA-3x3-m-BIOKLIMATYCZNA-Kod-producenta-30762 1406w,https:\/\/a.allegroimg.com\/original\/11b673\/1e9354d64ba3840a6c8f8611321e\/PERGOLA-ALUMINIOWA-3x3-m-BIOKLIMATYCZNA-Kod-producenta-30762 1406w\" sizes=\"(min-width: 1200px) 560px, (min-width: 992px) 50vw, 100vw\" width=\"1406px\" alt=\"PERGOLA ALUMINIOWA 3x3 m BIOKLIMATYCZNA Kod producenta 30762\" style=\"max-width: 100%; height: auto; display: block; margin: 0 auto;\"><\/div>\n<\/div>\n<\/div>\n<\/div>\n<\/div>\n<\/div>\n<div style=\"clear: both; display: block; margin: 10px 0;\">\n<div style=\"clear: both; display: block; margin: 10px 0;\">\n<div style=\"clear: both; display: block; margin: 10px 0;\">\n<div  style=\"max-width:1024px;max-height:1024px\">\n<div style=\"clear: both; display: block; margin: 10px 0;\">\n<div style=\"clear: both; width: 100%; display: block; margin: 20px 0; padding: 0; float: none; position: static; text-align: center;\"><img decoding=\"async\"  src=\"https:\/\/a.allegroimg.com\/original\/114de1\/26c5b1364be2bdff88c9381ab218\/PERGOLA-ALUMINIOWA-3x3-m-BIOKLIMATYCZNA\" srcset=\"https:\/\/a.allegroimg.com\/original\/114de1\/26c5b1364be2bdff88c9381ab218\/PERGOLA-ALUMINIOWA-3x3-m-BIOKLIMATYCZNA 360w,https:\/\/a.allegroimg.com\/original\/114de1\/26c5b1364be2bdff88c9381ab218\/PERGOLA-ALUMINIOWA-3x3-m-BIOKLIMATYCZNA 720w,https:\/\/a.allegroimg.com\/original\/114de1\/26c5b1364be2bdff88c9381ab218\/PERGOLA-ALUMINIOWA-3x3-m-BIOKLIMATYCZNA 1024w,https:\/\/a.allegroimg.com\/original\/114de1\/26c5b1364be2bdff88c9381ab218\/PERGOLA-ALUMINIOWA-3x3-m-BIOKLIMATYCZNA 1024w\" sizes=\"(min-width: 1200px) 560px, (min-width: 992px) 50vw, 100vw\" width=\"1024px\" alt=\"PERGOLA ALUMINIOWA 3x3 m BIOKLIMATYCZNA\" style=\"max-width: 100%; height: auto; display: block; margin: 0 auto;\"><\/div>\n<\/div>\n<\/div>\n<\/div>\n<\/div>\n<div style=\"clear: both; display: block; margin: 10px 0;\">\n<div style=\"clear: both; display: block; margin: 10px 0;\">\n<h1>Najwa\u017cniejsze zalety w skr\u00f3cie:<\/h1>\n<p style=\"margin: 15px 0; line-height: 1.8; clear: both; display: block; width: 100%; float: none; position: static;\">\u2714 pergola ogrodowa aluminiowa 3&#215;3 m wolnostoj\u0105ca<\/p>\n<p style=\"margin: 15px 0; line-height: 1.8; clear: both; display: block; width: 100%; float: none; position: static;\">\u2714 dach bioklimatyczny z r\u0119czn\u0105 regulacj\u0105<\/p>\n<p style=\"margin: 15px 0; line-height: 1.8; clear: both; display: block; width: 100%; float: none; position: static;\">\u2714 aluminium malowane proszkowo<\/p>\n<p style=\"margin: 15px 0; line-height: 1.8; clear: both; display: block; width: 100%; float: none; position: static;\">\u2714 kolor antracyt RAL 7016<\/p>\n<p style=\"margin: 15px 0; line-height: 1.8; clear: both; display: block; width: 100%; float: none; position: static;\">\u2714 odporno\u015b\u0107 na wiatr \u2013 klasa 6<\/p>\n<p style=\"margin: 15px 0; line-height: 1.8; clear: both; display: block; width: 100%; float: none; position: static;\">\u2714 system odprowadzania wody<\/p>\n<p style=\"margin: 15px 0; line-height: 1.8; clear: both; display: block; width: 100%; float: none; position: static;\">\u2714 nowoczesny, elegancki design<\/p>\n<p style=\"margin: 15px 0; line-height: 1.8; clear: both; display: block; width: 100%; float: none; position: static;\">\u2714 trwa\u0142o\u015b\u0107 na lata<\/p>\n<\/div>\n<\/div>\n<\/div>\n<div style=\"clear: both; display: block; margin: 10px 0;\">\n<div style=\"clear: both; display: block; margin: 10px 0;\">\n<div style=\"clear: both; display: block; margin: 10px 0;\">\n<h2>Dlaczego warto wybra\u0107 ten model?<\/h2>\n<p style=\"margin: 15px 0; line-height: 1.8; clear: both; display: block; width: 100%; float: none; position: static;\">To idealne rozwi\u0105zanie dla os\u00f3b, kt\u00f3re chc\u0105 po\u0142\u0105czy\u0107: \u2013 funkcjonalno\u015b\u0107 \u2013 trwa\u0142o\u015b\u0107 \u2013 nowoczesny wygl\u0105d \u2013 atrakcyjn\u0105 cen\u0119<\/p>\n<p style=\"margin: 15px 0; line-height: 1.8; clear: both; display: block; width: 100%; float: none; position: static;\">Zamie\u0144 sw\u00f3j taras w komfortow\u0105 przestrze\u0144 wypoczynkow\u0105 i korzystaj z ogrodu bez wzgl\u0119du na pogod\u0119.<\/p>\n<\/div>\n<\/div>\n<\/div>\n<div style=\"clear: both; display: block; margin: 10px 0;\">\n<div style=\"clear: both; display: block; margin: 10px 0;\">\n<div style=\"clear: both; display: block; margin: 10px 0;\">\n<h3 style=\"color: #2c5aa0; font-size: 18px; margin: 30px 0 15px 0; font-weight: bold; clear: both; display: block; width: 100%; float: none; position: static;\">POSIADAMY INNE WYMIARY ORAZ WARIANTY PERGOLI W SWOJEJ OFERCIE<\/h3>\n<h3 style=\"color: #2c5aa0; font-size: 18px; margin: 30px 0 15px 0; font-weight: bold; clear: both; display: block; width: 100%; float: none; position: static;\">MO\u017bLIWA DOSTAWA PO NASZEJ STRONIE PO UPRZEDNIEJ KONSULTACJI<\/h3>\n<\/div>\n<\/div>\n<\/div>\n<\/div>\n<\/div>\n<\/div>\n<div style=\"clear: both; display: block; margin: 10px 0;\">\n","protected":false},"excerpt":{"rendered":"<p>Nowoczesne zadaszenie tarasu | Dach regulowany | Antracyt<\/p>\n<p>Szukasz trwa\u0142ego, eleganckiego i funkcjonalnego zadaszenia do ogrodu lub na taras? Ta nowoczesna pergola aluminiowa 3&#215;3 m wolnostoj\u0105ca to rozwi\u0105zanie klasy PREMIUM, kt\u00f3re zapewni Ci komfort wypoczynku niezale\u017cnie od pogody.<\/p>\n<p>Stw\u00f3rz w\u0142asn\u0105 stref\u0119 relaksu \u2013 w cieniu, przewiewie lub pe\u0142nym s\u0142o\u0144cu. Ty decydujesz.<\/p>\n<p>\u2705 Dach bioklimatyczny \u2013 pe\u0142na kontrola nad pogod\u0105<\/p>\n<p>Nowoczesne, regulowane lamele pozwalaj\u0105:<\/p>\n<p>\u2714 kontrolowa\u0107 ilo\u015b\u0107 \u015bwiat\u0142a<\/p>\n<p>\u2714 zapewni\u0107 naturaln\u0105 wentylacj\u0119<\/p>\n<p>\u2714 chroni\u0107 przed deszczem<\/p>\n","protected":false},"featured_media":16072,"template":"","meta":{"_uag_custom_page_level_css":""},"product_brand":[],"product_cat":[946,891,541],"product_tag":[],"class_list":{"0":"post-16071","1":"product","2":"type-product","3":"status-publish","4":"has-post-thumbnail","6":"product_cat-altany-wiaty-zadaszenia","7":"product_cat-architektura-ogrodowa","8":"product_cat-ogrod","10":"first","11":"instock","12":"sale","13":"shipping-taxable","14":"purchasable","15":"product-type-simple"},"uagb_featured_image_src":{"full":["https:\/\/tivrano.shop\/grill\/wp-content\/uploads\/2026\/04\/allegro-image-16071.jpg",1024,1024,false],"thumbnail":["https:\/\/tivrano.shop\/grill\/wp-content\/uploads\/2026\/04\/allegro-image-16071-150x150.jpg",150,150,true],"medium":["https:\/\/tivrano.shop\/grill\/wp-content\/uploads\/2026\/04\/allegro-image-16071-300x300.jpg",300,300,true],"medium_large":["https:\/\/tivrano.shop\/grill\/wp-content\/uploads\/2026\/04\/allegro-image-16071-768x768.jpg",768,768,true],"large":["https:\/\/tivrano.shop\/grill\/wp-content\/uploads\/2026\/04\/allegro-image-16071.jpg",1024,1024,false],"1536x1536":["https:\/\/tivrano.shop\/grill\/wp-content\/uploads\/2026\/04\/allegro-image-16071.jpg",1024,1024,false],"2048x2048":["https:\/\/tivrano.shop\/grill\/wp-content\/uploads\/2026\/04\/allegro-image-16071.jpg",1024,1024,false],"woocommerce_thumbnail":["https:\/\/tivrano.shop\/grill\/wp-content\/uploads\/2026\/04\/allegro-image-16071-300x300.jpg",300,300,true],"woocommerce_single":["https:\/\/tivrano.shop\/grill\/wp-content\/uploads\/2026\/04\/allegro-image-16071-600x600.jpg",600,600,true],"woocommerce_gallery_thumbnail":["https:\/\/tivrano.shop\/grill\/wp-content\/uploads\/2026\/04\/allegro-image-16071-100x100.jpg",100,100,true]},"uagb_author_info":{"display_name":"admin","author_link":"https:\/\/tivrano.shop\/grill\/author\/"},"uagb_comment_info":0,"uagb_excerpt":"Nowoczesne zadaszenie tarasu | Dach regulowany | Antracyt Szukasz trwa\u0142ego, eleganckiego i funkcjonalnego zadaszenia do ogrodu lub na taras? Ta nowoczesna pergola aluminiowa 3x3 m wolnostoj\u0105ca to rozwi\u0105zanie klasy PREMIUM, kt\u00f3re zapewni Ci komfort wypoczynku niezale\u017cnie od pogody. Stw\u00f3rz w\u0142asn\u0105 stref\u0119 relaksu \u2013 w cieniu, przewiewie lub pe\u0142nym s\u0142o\u0144cu. Ty decydujesz. \u2705 Dach bioklimatyczny \u2013&hellip;","_links":{"self":[{"href":"https:\/\/tivrano.shop\/grill\/wp-json\/wp\/v2\/product\/16071","targetHints":{"allow":["GET"]}}],"collection":[{"href":"https:\/\/tivrano.shop\/grill\/wp-json\/wp\/v2\/product"}],"about":[{"href":"https:\/\/tivrano.shop\/grill\/wp-json\/wp\/v2\/types\/product"}],"wp:featuredmedia":[{"embeddable":true,"href":"https:\/\/tivrano.shop\/grill\/wp-json\/wp\/v2\/media\/16072"}],"wp:attachment":[{"href":"https:\/\/tivrano.shop\/grill\/wp-json\/wp\/v2\/media?parent=16071"}],"wp:term":[{"taxonomy":"product_brand","embeddable":true,"href":"https:\/\/tivrano.shop\/grill\/wp-json\/wp\/v2\/product_brand?post=16071"},{"taxonomy":"product_cat","embeddable":true,"href":"https:\/\/tivrano.shop\/grill\/wp-json\/wp\/v2\/product_cat?post=16071"},{"taxonomy":"product_tag","embeddable":true,"href":"https:\/\/tivrano.shop\/grill\/wp-json\/wp\/v2\/product_tag?post=16071"}],"curies":[{"name":"wp","href":"https:\/\/api.w.org\/{rel}","templated":true}]}}