{"id":16039,"date":"2026-04-06T05:55:38","date_gmt":"2026-04-06T04:55:38","guid":{"rendered":"https:\/\/grillcentrum.shop\/gree\/produkt\/basen-stelazowy-ogrodowy-owalny-rodzinny-427x250x100cm-bestway-10w1\/"},"modified":"2026-04-11T02:22:34","modified_gmt":"2026-04-11T01:22:34","slug":"basen-stelazowy-ogrodowy-owalny-rodzinny-427x250x100cm-bestway-10w1","status":"publish","type":"product","link":"https:\/\/tivrano.shop\/grill\/produkt\/basen-stelazowy-ogrodowy-owalny-rodzinny-427x250x100cm-bestway-10w1\/","title":{"rendered":"BASEN STELA\u017bOWY OGRODOWY OWALNY RODZINNY 427x250x100cm Bestway 10w1"},"content":{"rendered":"<div style=\"font-family: Arial, sans-serif; line-height: 1.6; color: #333; padding: 20px; clear: both; display: block; width: 100%; float: none; position: static; overflow: hidden;\">\n<div style=\"clear: both; display: block; margin: 10px 0;\">\n<div style=\"clear: both; display: block; margin: 10px 0;\">\n<div style=\"clear: both; display: block; margin: 10px 0;\">\n<h1>Basen ogrodowy stela\u017cowy Power Steel 427 x 250 x 100 cm \u2605\u2605\u2605\u2605\u2605 Zestaw 11w1<\/h1>\n<p style=\"margin: 15px 0; line-height: 1.8; clear: both; display: block; width: 100%; float: none; position: static;\">Nr katalogowy BESTWAY \u00ae <b>56620<\/b><\/p>\n<\/div>\n<\/div>\n<\/div>\n<div style=\"clear: both; display: block; margin: 10px 0;\">\n<div style=\"clear: both; display: block; margin: 10px 0;\">\n<div style=\"clear: both; display: block; margin: 10px 0;\">\n<div  style=\"max-width:2500px;max-height:2500px\">\n<div style=\"clear: both; display: block; margin: 10px 0;\">\n<div style=\"clear: both; width: 100%; display: block; margin: 20px 0; padding: 0; float: none; position: static; text-align: center;\"><img decoding=\"async\"  src=\"https:\/\/a.allegroimg.com\/original\/11349f\/2a1796cc4974a100ffb5fd875d31\/BASEN-STELAZOWY-OGRODOWY-OWALNY-RODZINNY-427x250x100cm-Bestway-10w1\" srcset=\"https:\/\/a.allegroimg.com\/original\/11349f\/2a1796cc4974a100ffb5fd875d31\/BASEN-STELAZOWY-OGRODOWY-OWALNY-RODZINNY-427x250x100cm-Bestway-10w1 360w,https:\/\/a.allegroimg.com\/original\/11349f\/2a1796cc4974a100ffb5fd875d31\/BASEN-STELAZOWY-OGRODOWY-OWALNY-RODZINNY-427x250x100cm-Bestway-10w1 720w,https:\/\/a.allegroimg.com\/original\/11349f\/2a1796cc4974a100ffb5fd875d31\/BASEN-STELAZOWY-OGRODOWY-OWALNY-RODZINNY-427x250x100cm-Bestway-10w1 1024w,https:\/\/a.allegroimg.com\/original\/11349f\/2a1796cc4974a100ffb5fd875d31\/BASEN-STELAZOWY-OGRODOWY-OWALNY-RODZINNY-427x250x100cm-Bestway-10w1 1440w,https:\/\/a.allegroimg.com\/original\/11349f\/2a1796cc4974a100ffb5fd875d31\/BASEN-STELAZOWY-OGRODOWY-OWALNY-RODZINNY-427x250x100cm-Bestway-10w1 2500w\" sizes=\"100vw\" width=\"2500px\" alt=\"BASEN STELA\u017bOWY OGRODOWY OWALNY RODZINNY 427x250x100cm Bestway 10w1\" style=\"max-width: 100%; height: auto; display: block; margin: 0 auto;\"><\/div>\n<\/div>\n<\/div>\n<\/div>\n<\/div>\n<\/div>\n<div style=\"clear: both; display: block; margin: 10px 0;\">\n<div style=\"clear: both; display: block; margin: 10px 0;\">\n<div style=\"clear: both; display: block; margin: 10px 0;\">\n<h1>\u2605\u2605\u2605 Idealny basen do Twojego ogrodu \u2605\u2605\u2605<\/h1>\n<p style=\"margin: 15px 0; line-height: 1.8; clear: both; display: block; width: 100%; float: none; position: static;\">\u2605 Je\u015bli potrzebujesz du\u017cego,<b> niezawodnego basenu<\/b>,- to idealny wyb\u00f3r dla Ciebie!<\/p>\n<p style=\"margin: 15px 0; line-height: 1.8; clear: both; display: block; width: 100%; float: none; position: static;\"><b>\u2605&nbsp;<\/b>Gotowy&nbsp;<b>zestaw z kompletnym wyposa\u017ceniem \u2013<\/b>&nbsp;nie musisz sam szuka\u0107 wszystkich element\u00f3w.<\/p>\n<p style=\"margin: 15px 0; line-height: 1.8; clear: both; display: block; width: 100%; float: none; position: static;\">\u2605 Kupuj\u0105c basen Bestway z<b>&nbsp;dedykowanymi akcesoriami<\/b>&nbsp;masz pewno\u015b\u0107, \u017ce otrzymasz najwy\u017csz\u0105 jako\u015b\u0107 i wszystko b\u0119dzie do siebie pasowa\u0107<b>.<\/b><\/p>\n<\/div>\n<\/div>\n<\/div>\n<div style=\"clear: both; display: block; margin: 10px 0;\">\n<div style=\"clear: both; display: block; margin: 10px 0;\">\n<div style=\"clear: both; display: block; margin: 10px 0;\">\n<div  style=\"max-width:2500px;max-height:1667px\">\n<div style=\"clear: both; display: block; margin: 10px 0;\">\n<div style=\"clear: both; width: 100%; display: block; margin: 20px 0; padding: 0; float: none; position: static; text-align: center;\"><img decoding=\"async\"  src=\"https:\/\/a.allegroimg.com\/original\/113256\/8a6f920443b8b2a99e5f52f2aa3b\/BASEN-STELAZOWY-OGRODOWY-OWALNY-RODZINNY-427x250x100cm-Bestway-10w1-Wysokosc-100-cm\" srcset=\"https:\/\/a.allegroimg.com\/original\/113256\/8a6f920443b8b2a99e5f52f2aa3b\/BASEN-STELAZOWY-OGRODOWY-OWALNY-RODZINNY-427x250x100cm-Bestway-10w1-Wysokosc-100-cm 360w,https:\/\/a.allegroimg.com\/original\/113256\/8a6f920443b8b2a99e5f52f2aa3b\/BASEN-STELAZOWY-OGRODOWY-OWALNY-RODZINNY-427x250x100cm-Bestway-10w1-Wysokosc-100-cm 720w,https:\/\/a.allegroimg.com\/original\/113256\/8a6f920443b8b2a99e5f52f2aa3b\/BASEN-STELAZOWY-OGRODOWY-OWALNY-RODZINNY-427x250x100cm-Bestway-10w1-Wysokosc-100-cm 1024w,https:\/\/a.allegroimg.com\/original\/113256\/8a6f920443b8b2a99e5f52f2aa3b\/BASEN-STELAZOWY-OGRODOWY-OWALNY-RODZINNY-427x250x100cm-Bestway-10w1-Wysokosc-100-cm 1440w,https:\/\/a.allegroimg.com\/original\/113256\/8a6f920443b8b2a99e5f52f2aa3b\/BASEN-STELAZOWY-OGRODOWY-OWALNY-RODZINNY-427x250x100cm-Bestway-10w1-Wysokosc-100-cm 2500w\" sizes=\"100vw\" width=\"2500px\" alt=\"BASEN STELA\u017bOWY OGRODOWY OWALNY RODZINNY 427x250x100cm Bestway 10w1 Wysoko\u015b\u0107 100 cm\" style=\"max-width: 100%; height: auto; display: block; margin: 0 auto;\"><\/div>\n<\/div>\n<\/div>\n<\/div>\n<\/div>\n<\/div>\n<div style=\"clear: both; display: block; margin: 10px 0;\">\n<div style=\"clear: both; display: block; margin: 10px 0;\">\n<div style=\"clear: both; display: block; margin: 10px 0;\">\n<h1>ZAWARTO\u015a\u0106 ZESTAWU<\/h1>\n<ol>\n<li style=\"margin: 5px 0; padding: 2px 0; clear: both; display: list-item; float: none; position: static;\"><b>Basen stela\u017cowy 427 x 250 x 100&nbsp;cm.<\/b><\/li>\n<li style=\"margin: 5px 0; padding: 2px 0; clear: both; display: list-item; float: none; position: static;\"><b>Pompa filtruj\u0105ca<\/b><\/li>\n<li style=\"margin: 5px 0; padding: 2px 0; clear: both; display: list-item; float: none; position: static;\"><b>Filtr do pompy typ II<\/b><\/li>\n<li style=\"margin: 5px 0; padding: 2px 0; clear: both; display: list-item; float: none; position: static;\"><b>Bezpieczna drabinka<\/b><\/li>\n<li style=\"margin: 5px 0; padding: 2px 0; clear: both; display: list-item; float: none; position: static;\"><b>Sitka do pompy<\/b><\/li>\n<li style=\"margin: 5px 0; padding: 2px 0; clear: both; display: list-item; float: none; position: static;\"><b>Zaciski do pompy<\/b><\/li>\n<li style=\"margin: 5px 0; padding: 2px 0; clear: both; display: list-item; float: none; position: static;\"><b>W\u0119\u017ce do pompy<\/b><\/li>\n<li style=\"margin: 5px 0; padding: 2px 0; clear: both; display: list-item; float: none; position: static;\"><b>\u0141atka naprawcza<\/b><\/li>\n<li style=\"margin: 5px 0; padding: 2px 0; clear: both; display: list-item; float: none; position: static;\"><b>Instrukcja w j\u0119zyku polskim<\/b><\/li>\n<li style=\"margin: 5px 0; padding: 2px 0; clear: both; display: list-item; float: none; position: static;\"><b>Przewodnik &#8211; do pobrania w aukcji<\/b><\/li>\n<\/ol>\n<\/div>\n<\/div>\n<\/div>\n<div style=\"clear: both; display: block; margin: 10px 0;\">\n<div style=\"clear: both; display: block; margin: 10px 0;\">\n<div style=\"clear: both; display: block; margin: 10px 0;\">\n<div  style=\"max-width:2500px;max-height:913px\">\n<div style=\"clear: both; display: block; margin: 10px 0;\">\n<div style=\"clear: both; width: 100%; display: block; margin: 20px 0; padding: 0; float: none; position: static; text-align: center;\"><img decoding=\"async\"  src=\"https:\/\/a.allegroimg.com\/original\/113e1d\/810647354e54af8871047b307f65\/BASEN-STELAZOWY-OGRODOWY-OWALNY-RODZINNY-427x250x100cm-Bestway-10w1-Marka-Bestway\" srcset=\"https:\/\/a.allegroimg.com\/original\/113e1d\/810647354e54af8871047b307f65\/BASEN-STELAZOWY-OGRODOWY-OWALNY-RODZINNY-427x250x100cm-Bestway-10w1-Marka-Bestway 360w,https:\/\/a.allegroimg.com\/original\/113e1d\/810647354e54af8871047b307f65\/BASEN-STELAZOWY-OGRODOWY-OWALNY-RODZINNY-427x250x100cm-Bestway-10w1-Marka-Bestway 720w,https:\/\/a.allegroimg.com\/original\/113e1d\/810647354e54af8871047b307f65\/BASEN-STELAZOWY-OGRODOWY-OWALNY-RODZINNY-427x250x100cm-Bestway-10w1-Marka-Bestway 1024w,https:\/\/a.allegroimg.com\/original\/113e1d\/810647354e54af8871047b307f65\/BASEN-STELAZOWY-OGRODOWY-OWALNY-RODZINNY-427x250x100cm-Bestway-10w1-Marka-Bestway 1440w,https:\/\/a.allegroimg.com\/original\/113e1d\/810647354e54af8871047b307f65\/BASEN-STELAZOWY-OGRODOWY-OWALNY-RODZINNY-427x250x100cm-Bestway-10w1-Marka-Bestway 2500w\" sizes=\"100vw\" width=\"2500px\" alt=\"BASEN STELA\u017bOWY OGRODOWY OWALNY RODZINNY 427x250x100cm Bestway 10w1 Marka Bestway\" style=\"max-width: 100%; height: auto; display: block; margin: 0 auto;\"><\/div>\n<\/div>\n<\/div>\n<\/div>\n<\/div>\n<\/div>\n<div style=\"clear: both; display: block; margin: 10px 0;\">\n<div style=\"clear: both; display: block; margin: 10px 0;\">\n<div style=\"clear: both; display: block; margin: 10px 0;\">\n<h1>\n","protected":false},"excerpt":{"rendered":"<p>Basen ogrodowy stela\u017cowy Power Steel 427 x 250 x 100 cm \u2605\u2605\u2605\u2605\u2605 Zestaw 11w1<\/p>\n<p>Nr katalogowy BESTWAY \u00ae 56620<\/p>\n<p>\u2605\u2605\u2605 Idealny basen do Twojego ogrodu \u2605\u2605\u2605<\/p>\n<p>\u2605 Je\u015bli potrzebujesz du\u017cego, niezawodnego basenu,- to idealny wyb\u00f3r dla Ciebie!<\/p>\n<p>\u2605&nbsp;Gotowy&nbsp;zestaw z kompletnym wyposa\u017ceniem \u2013&nbsp;nie musisz sam szuka\u0107 wszystkich element\u00f3w.<\/p>\n<p>\u2605 Kupuj\u0105c basen Bestway z&nbsp;dedykowanymi akcesoriami&nbsp;masz pewno\u015b\u0107, \u017ce otrzymasz najwy\u017csz\u0105 jako\u015b\u0107 i wszystko b\u0119dzie do siebie pasowa\u0107.<\/p>\n<p>ZAWARTO\u015a\u0106 ZESTAWU<\/p>\n<p>Basen stela\u017cowy 427 x 250 x 100&nbsp;cm.<\/p>\n","protected":false},"featured_media":16040,"template":"","meta":{"_uag_custom_page_level_css":""},"product_brand":[912],"product_cat":[914,913,541],"product_tag":[],"class_list":{"0":"post-16039","1":"product","2":"type-product","3":"status-publish","4":"has-post-thumbnail","6":"product_brand-bestway","7":"product_cat-baseny","8":"product_cat-baseny-i-akcesoria","9":"product_cat-ogrod","11":"first","12":"instock","13":"sale","14":"shipping-taxable","15":"purchasable","16":"product-type-simple"},"uagb_featured_image_src":{"full":["https:\/\/tivrano.shop\/grill\/wp-content\/uploads\/2026\/04\/allegro-image-16039.jpg",2500,2500,false],"thumbnail":["https:\/\/tivrano.shop\/grill\/wp-content\/uploads\/2026\/04\/allegro-image-16039-150x150.jpg",150,150,true],"medium":["https:\/\/tivrano.shop\/grill\/wp-content\/uploads\/2026\/04\/allegro-image-16039-300x300.jpg",300,300,true],"medium_large":["https:\/\/tivrano.shop\/grill\/wp-content\/uploads\/2026\/04\/allegro-image-16039-768x768.jpg",768,768,true],"large":["https:\/\/tivrano.shop\/grill\/wp-content\/uploads\/2026\/04\/allegro-image-16039-1024x1024.jpg",1024,1024,true],"1536x1536":["https:\/\/tivrano.shop\/grill\/wp-content\/uploads\/2026\/04\/allegro-image-16039-1536x1536.jpg",1536,1536,true],"2048x2048":["https:\/\/tivrano.shop\/grill\/wp-content\/uploads\/2026\/04\/allegro-image-16039-2048x2048.jpg",2048,2048,true],"woocommerce_thumbnail":["https:\/\/tivrano.shop\/grill\/wp-content\/uploads\/2026\/04\/allegro-image-16039-300x300.jpg",300,300,true],"woocommerce_single":["https:\/\/tivrano.shop\/grill\/wp-content\/uploads\/2026\/04\/allegro-image-16039-600x600.jpg",600,600,true],"woocommerce_gallery_thumbnail":["https:\/\/tivrano.shop\/grill\/wp-content\/uploads\/2026\/04\/allegro-image-16039-100x100.jpg",100,100,true]},"uagb_author_info":{"display_name":"admin","author_link":"https:\/\/tivrano.shop\/grill\/author\/"},"uagb_comment_info":0,"uagb_excerpt":"Basen ogrodowy stela\u017cowy Power Steel 427 x 250 x 100 cm \u2605\u2605\u2605\u2605\u2605 Zestaw 11w1 Nr katalogowy BESTWAY \u00ae 56620 \u2605\u2605\u2605 Idealny basen do Twojego ogrodu \u2605\u2605\u2605 \u2605 Je\u015bli potrzebujesz du\u017cego, niezawodnego basenu,- to idealny wyb\u00f3r dla Ciebie! \u2605&nbsp;Gotowy&nbsp;zestaw z kompletnym wyposa\u017ceniem \u2013&nbsp;nie musisz sam szuka\u0107 wszystkich element\u00f3w. \u2605 Kupuj\u0105c basen Bestway z&nbsp;dedykowanymi akcesoriami&nbsp;masz pewno\u015b\u0107, \u017ce&hellip;","_links":{"self":[{"href":"https:\/\/tivrano.shop\/grill\/wp-json\/wp\/v2\/product\/16039","targetHints":{"allow":["GET"]}}],"collection":[{"href":"https:\/\/tivrano.shop\/grill\/wp-json\/wp\/v2\/product"}],"about":[{"href":"https:\/\/tivrano.shop\/grill\/wp-json\/wp\/v2\/types\/product"}],"wp:featuredmedia":[{"embeddable":true,"href":"https:\/\/tivrano.shop\/grill\/wp-json\/wp\/v2\/media\/16040"}],"wp:attachment":[{"href":"https:\/\/tivrano.shop\/grill\/wp-json\/wp\/v2\/media?parent=16039"}],"wp:term":[{"taxonomy":"product_brand","embeddable":true,"href":"https:\/\/tivrano.shop\/grill\/wp-json\/wp\/v2\/product_brand?post=16039"},{"taxonomy":"product_cat","embeddable":true,"href":"https:\/\/tivrano.shop\/grill\/wp-json\/wp\/v2\/product_cat?post=16039"},{"taxonomy":"product_tag","embeddable":true,"href":"https:\/\/tivrano.shop\/grill\/wp-json\/wp\/v2\/product_tag?post=16039"}],"curies":[{"name":"wp","href":"https:\/\/api.w.org\/{rel}","templated":true}]}}