{"id":16031,"date":"2026-04-06T05:55:30","date_gmt":"2026-04-06T04:55:30","guid":{"rendered":"https:\/\/grillcentrum.shop\/gree\/produkt\/basen-stelazowy-ogrodowy-366x122-cm-bestway-56420-stelaz-i-niecka\/"},"modified":"2026-04-11T02:22:34","modified_gmt":"2026-04-11T01:22:34","slug":"basen-stelazowy-ogrodowy-366x122-cm-bestway-56420-stelaz-i-niecka","status":"publish","type":"product","link":"https:\/\/tivrano.shop\/grill\/produkt\/basen-stelazowy-ogrodowy-366x122-cm-bestway-56420-stelaz-i-niecka\/","title":{"rendered":"Basen stela\u017cowy ogrodowy 366&#215;122 cm Bestway 56420 STELA\u017b I NIECKA"},"content":{"rendered":"<div style=\"font-family: Arial, sans-serif; line-height: 1.6; color: #333; padding: 20px; clear: both; display: block; width: 100%; float: none; position: static; overflow: hidden;\">\n<div style=\"clear: both; display: block; margin: 10px 0;\">\n<div style=\"clear: both; display: block; margin: 10px 0;\">\n<div style=\"clear: both; display: block; margin: 10px 0;\">\n<h1>BASEN 366&#215;122 cm BESTWAY 56420<\/h1>\n<p style=\"margin: 15px 0; line-height: 1.8; clear: both; display: block; width: 100%; float: none; position: static;\">Z takim basenem b\u0119dziesz z niecierpliwo\u015bci\u0105 czeka\u0107 na upa\u0142y. Mo\u017cesz cieszy\u0107 si\u0119 nim sam albo zaprosi\u0107 znajomych do wodnej zabawy. Jego rozmiary zapewni\u0105 swobod\u0119 osobom doros\u0142ym, a dzieciom pozwol\u0105 si\u0119 poczu\u0107 prawie jak w pe\u0142nowymiarowym basenie.<\/p>\n<p style=\"margin: 15px 0; line-height: 1.8; clear: both; display: block; width: 100%; float: none; position: static;\">\u015acianki basenu wykonane zosta\u0142y z 3-warstwowego, wytrzyma\u0142ego materia\u0142u \u0142\u0105cz\u0105cego PVC i siatk\u0119, tworz\u0105c trwa\u0142y materia\u0142 DuraPlus, kt\u00f3ry jest wzmocniony w celu zwi\u0119kszenia wytrzyma\u0142o\u015bci i odporno\u015bci na przebicie. Mocna, odporna na korozj\u0119 i powstawanie rdzy rama wyposa\u017cona zosta\u0142a w trwa\u0142e \u0142\u0105czniki.<\/p>\n<h2>Specyfikacja:<\/h2>\n<ul style=\"margin: 15px 0; padding-left: 20px; clear: both; display: block; width: 100%; float: none; position: static;\">\n<li style=\"margin: 5px 0; padding: 2px 0; clear: both; display: list-item; float: none; position: static;\"><b>WYSOKO\u015a\u0106<\/b>: 122 cm<\/li>\n<li style=\"margin: 5px 0; padding: 2px 0; clear: both; display: list-item; float: none; position: static;\"><b>\u015aREDNICA<\/b>: 366 cm<\/li>\n<li style=\"margin: 5px 0; padding: 2px 0; clear: both; display: list-item; float: none; position: static;\"><b>ZALECANE WYPE\u0141NIENIE<\/b>: 90 %<\/li>\n<li style=\"margin: 5px 0; padding: 2px 0; clear: both; display: list-item; float: none; position: static;\"><b>POJEMNO\u015a\u0106<\/b>: 10250 litr\u00f3w<\/li>\n<li style=\"margin: 5px 0; padding: 2px 0; clear: both; display: list-item; float: none; position: static;\"><b>KOLOR<\/b>: jasny szary<\/li>\n<li style=\"margin: 5px 0; padding: 2px 0; clear: both; display: list-item; float: none; position: static;\"><b>\u015aCIANKI BASENU<\/b>: DuraPlus &#8211; tr\u00f3jwarstwowe PVC<\/li>\n<\/ul>\n<h2>ZESTAW ZAWIERA POSZYCIE ORAZ STELA\u017b<\/h2>\n<\/div>\n<\/div>\n<div style=\"clear: both; display: block; margin: 10px 0;\">\n<div style=\"clear: both; display: block; margin: 10px 0;\">\n<div  style=\"max-width:2560px;max-height:1706px\">\n<div style=\"clear: both; display: block; margin: 10px 0;\">\n<div style=\"clear: both; width: 100%; display: block; margin: 20px 0; padding: 0; float: none; position: static; text-align: center;\"><img decoding=\"async\"  src=\"https:\/\/a.allegroimg.com\/original\/1175e0\/c7a3ea9649fd9a9388bf4578f9ae\/Basen-stelazowy-ogrodowy-366x122-cm-Bestway-56420-STELAZ-I-NIECKA\" srcset=\"https:\/\/a.allegroimg.com\/original\/1175e0\/c7a3ea9649fd9a9388bf4578f9ae\/Basen-stelazowy-ogrodowy-366x122-cm-Bestway-56420-STELAZ-I-NIECKA 360w,https:\/\/a.allegroimg.com\/original\/1175e0\/c7a3ea9649fd9a9388bf4578f9ae\/Basen-stelazowy-ogrodowy-366x122-cm-Bestway-56420-STELAZ-I-NIECKA 720w,https:\/\/a.allegroimg.com\/original\/1175e0\/c7a3ea9649fd9a9388bf4578f9ae\/Basen-stelazowy-ogrodowy-366x122-cm-Bestway-56420-STELAZ-I-NIECKA 1024w,https:\/\/a.allegroimg.com\/original\/1175e0\/c7a3ea9649fd9a9388bf4578f9ae\/Basen-stelazowy-ogrodowy-366x122-cm-Bestway-56420-STELAZ-I-NIECKA 1440w,https:\/\/a.allegroimg.com\/original\/1175e0\/c7a3ea9649fd9a9388bf4578f9ae\/Basen-stelazowy-ogrodowy-366x122-cm-Bestway-56420-STELAZ-I-NIECKA 2560w\" sizes=\"(min-width: 1200px) 560px, (min-width: 992px) 50vw, 100vw\" width=\"2560px\" alt=\"Basen stela\u017cowy ogrodowy 366x122 cm Bestway 56420 STELA\u017b I NIECKA\" style=\"max-width: 100%; height: auto; display: block; margin: 0 auto;\"><\/div>\n<\/div>\n<\/div>\n<\/div>\n<\/div>\n<\/div>\n<div style=\"clear: both; display: block; margin: 10px 0;\">\n<div style=\"clear: both; display: block; margin: 10px 0;\">\n<div style=\"clear: both; display: block; margin: 10px 0;\">\n<div  style=\"max-width:1500px;max-height:1500px\">\n<div style=\"clear: both; display: block; margin: 10px 0;\">\n<div style=\"clear: both; width: 100%; display: block; margin: 20px 0; padding: 0; float: none; position: static; text-align: center;\"><img decoding=\"async\"  src=\"https:\/\/a.allegroimg.com\/original\/11b8cd\/43106f99425e802f64074acffdd0\/Basen-stelazowy-ogrodowy-366x122-cm-Bestway-56420-STELAZ-I-NIECKA-Marka-Bestway\" srcset=\"https:\/\/a.allegroimg.com\/original\/11b8cd\/43106f99425e802f64074acffdd0\/Basen-stelazowy-ogrodowy-366x122-cm-Bestway-56420-STELAZ-I-NIECKA-Marka-Bestway 360w,https:\/\/a.allegroimg.com\/original\/11b8cd\/43106f99425e802f64074acffdd0\/Basen-stelazowy-ogrodowy-366x122-cm-Bestway-56420-STELAZ-I-NIECKA-Marka-Bestway 720w,https:\/\/a.allegroimg.com\/original\/11b8cd\/43106f99425e802f64074acffdd0\/Basen-stelazowy-ogrodowy-366x122-cm-Bestway-56420-STELAZ-I-NIECKA-Marka-Bestway 1024w,https:\/\/a.allegroimg.com\/original\/11b8cd\/43106f99425e802f64074acffdd0\/Basen-stelazowy-ogrodowy-366x122-cm-Bestway-56420-STELAZ-I-NIECKA-Marka-Bestway 1440w,https:\/\/a.allegroimg.com\/original\/11b8cd\/43106f99425e802f64074acffdd0\/Basen-stelazowy-ogrodowy-366x122-cm-Bestway-56420-STELAZ-I-NIECKA-Marka-Bestway 1500w\" sizes=\"100vw\" width=\"1500px\" alt=\"Basen stela\u017cowy ogrodowy 366x122 cm Bestway 56420 STELA\u017b I NIECKA Marka Bestway\" style=\"max-width: 100%; height: auto; display: block; margin: 0 auto;\"><\/div>\n<\/div>\n<\/div>\n<\/div>\n<\/div>\n<\/div>\n<\/div>\n<\/div>\n<\/div>\n<div style=\"clear: both; display: block; margin: 10px 0;\">\n","protected":false},"excerpt":{"rendered":"<p>BASEN 366&#215;122 cm BESTWAY 56420<\/p>\n<p>Z takim basenem b\u0119dziesz z niecierpliwo\u015bci\u0105 czeka\u0107 na upa\u0142y. Mo\u017cesz cieszy\u0107 si\u0119 nim sam albo zaprosi\u0107 znajomych do wodnej zabawy. Jego rozmiary zapewni\u0105 swobod\u0119 osobom doros\u0142ym, a dzieciom pozwol\u0105 si\u0119 poczu\u0107 prawie jak w pe\u0142nowymiarowym basenie.<\/p>\n","protected":false},"featured_media":16032,"template":"","meta":{"_uag_custom_page_level_css":""},"product_brand":[912],"product_cat":[914,913,541],"product_tag":[],"class_list":{"0":"post-16031","1":"product","2":"type-product","3":"status-publish","4":"has-post-thumbnail","6":"product_brand-bestway","7":"product_cat-baseny","8":"product_cat-baseny-i-akcesoria","9":"product_cat-ogrod","11":"first","12":"instock","13":"sale","14":"shipping-taxable","15":"purchasable","16":"product-type-simple"},"uagb_featured_image_src":{"full":["https:\/\/tivrano.shop\/grill\/wp-content\/uploads\/2026\/04\/allegro-image-16031.jpg",2560,1706,false],"thumbnail":["https:\/\/tivrano.shop\/grill\/wp-content\/uploads\/2026\/04\/allegro-image-16031-150x150.jpg",150,150,true],"medium":["https:\/\/tivrano.shop\/grill\/wp-content\/uploads\/2026\/04\/allegro-image-16031-300x200.jpg",300,200,true],"medium_large":["https:\/\/tivrano.shop\/grill\/wp-content\/uploads\/2026\/04\/allegro-image-16031-768x512.jpg",768,512,true],"large":["https:\/\/tivrano.shop\/grill\/wp-content\/uploads\/2026\/04\/allegro-image-16031-1024x682.jpg",1024,682,true],"1536x1536":["https:\/\/tivrano.shop\/grill\/wp-content\/uploads\/2026\/04\/allegro-image-16031-1536x1024.jpg",1536,1024,true],"2048x2048":["https:\/\/tivrano.shop\/grill\/wp-content\/uploads\/2026\/04\/allegro-image-16031-2048x1365.jpg",2048,1365,true],"woocommerce_thumbnail":["https:\/\/tivrano.shop\/grill\/wp-content\/uploads\/2026\/04\/allegro-image-16031-300x300.jpg",300,300,true],"woocommerce_single":["https:\/\/tivrano.shop\/grill\/wp-content\/uploads\/2026\/04\/allegro-image-16031-600x400.jpg",600,400,true],"woocommerce_gallery_thumbnail":["https:\/\/tivrano.shop\/grill\/wp-content\/uploads\/2026\/04\/allegro-image-16031-100x100.jpg",100,100,true]},"uagb_author_info":{"display_name":"admin","author_link":"https:\/\/tivrano.shop\/grill\/author\/"},"uagb_comment_info":0,"uagb_excerpt":"BASEN 366x122 cm BESTWAY 56420 Z takim basenem b\u0119dziesz z niecierpliwo\u015bci\u0105 czeka\u0107 na upa\u0142y. Mo\u017cesz cieszy\u0107 si\u0119 nim sam albo zaprosi\u0107 znajomych do wodnej zabawy. Jego rozmiary zapewni\u0105 swobod\u0119 osobom doros\u0142ym, a dzieciom pozwol\u0105 si\u0119 poczu\u0107 prawie jak w pe\u0142nowymiarowym basenie.","_links":{"self":[{"href":"https:\/\/tivrano.shop\/grill\/wp-json\/wp\/v2\/product\/16031","targetHints":{"allow":["GET"]}}],"collection":[{"href":"https:\/\/tivrano.shop\/grill\/wp-json\/wp\/v2\/product"}],"about":[{"href":"https:\/\/tivrano.shop\/grill\/wp-json\/wp\/v2\/types\/product"}],"wp:featuredmedia":[{"embeddable":true,"href":"https:\/\/tivrano.shop\/grill\/wp-json\/wp\/v2\/media\/16032"}],"wp:attachment":[{"href":"https:\/\/tivrano.shop\/grill\/wp-json\/wp\/v2\/media?parent=16031"}],"wp:term":[{"taxonomy":"product_brand","embeddable":true,"href":"https:\/\/tivrano.shop\/grill\/wp-json\/wp\/v2\/product_brand?post=16031"},{"taxonomy":"product_cat","embeddable":true,"href":"https:\/\/tivrano.shop\/grill\/wp-json\/wp\/v2\/product_cat?post=16031"},{"taxonomy":"product_tag","embeddable":true,"href":"https:\/\/tivrano.shop\/grill\/wp-json\/wp\/v2\/product_tag?post=16031"}],"curies":[{"name":"wp","href":"https:\/\/api.w.org\/{rel}","templated":true}]}}