{"id":16015,"date":"2026-04-06T05:54:41","date_gmt":"2026-04-06T04:54:41","guid":{"rendered":"https:\/\/grillcentrum.shop\/gree\/produkt\/pasu-3m-x-3m-altana-ogrodowa-z-antracytowym-stalowym-dachem\/"},"modified":"2026-04-11T02:22:35","modified_gmt":"2026-04-11T01:22:35","slug":"pasu-3m-x-3m-altana-ogrodowa-z-antracytowym-stalowym-dachem","status":"publish","type":"product","link":"https:\/\/tivrano.shop\/grill\/produkt\/pasu-3m-x-3m-altana-ogrodowa-z-antracytowym-stalowym-dachem\/","title":{"rendered":"PASU 3m x 3m Altana Ogrodowa z Antracytowym Stalowym Dachem"},"content":{"rendered":"<div style=\"font-family: Arial, sans-serif; line-height: 1.6; color: #333; padding: 20px; clear: both; display: block; width: 100%; float: none; position: static; overflow: hidden;\">\n<div style=\"clear: both; display: block; margin: 10px 0;\">\n<div style=\"clear: both; display: block; margin: 10px 0;\">\n<div style=\"clear: both; display: block; margin: 10px 0;\">\n<h1>ALTANA Hardtop ze stali dachowej PASU 3m x 3m antracytowa<\/h1>\n<p style=\"margin: 15px 0; line-height: 1.8; clear: both; display: block; width: 100%; float: none; position: static;\">Natychmiast stw\u00f3rz miejsce spotka\u0144 na \u015bwie\u017cym powietrzu dla rodziny i przyjaci\u00f3\u0142 z dala od ra\u017c\u0105cego s\u0142o\u0144ca. Ta 2-poziomowa altana dachowa o wymiarach 3 m X 3 m autorstwa wiod\u0105cego na \u015bwiecie gotowego do monta\u017cu producenta konstrukcji zewn\u0119trznych, Sunjoy, tworzy doskona\u0142e ustawienie na zewn\u0105trz o ka\u017cdej porze roku. Zachowaj ch\u0142\u00f3d w cieniu pod wytrzyma\u0142ym stalowym dachem i ram\u0105. Dzi\u0119ki prostym, \u0142atwym do wykonania instrukcjom monta\u017cu w mgnieniu oka odpoczniesz w swojej ulubionej nowej przestrzeni \u017cyciowej na \u015bwie\u017cym powietrzu.<\/p>\n<\/div>\n<\/div>\n<\/div>\n<div style=\"clear: both; display: block; margin: 10px 0;\">\n<div style=\"clear: both; display: block; margin: 10px 0;\">\n<div style=\"clear: both; display: block; margin: 10px 0;\">\n<div  style=\"max-width:1024px;max-height:1024px\">\n<div style=\"clear: both; display: block; margin: 10px 0;\">\n<div style=\"clear: both; width: 100%; display: block; margin: 20px 0; padding: 0; float: none; position: static; text-align: center;\"><img decoding=\"async\"  src=\"https:\/\/a.allegroimg.com\/original\/110053\/b819157643bbbc013add5a3ee2fc\/PASU-3m-x-3m-Altana-Ogrodowa-z-Antracytowym-Stalowym-Dachem-Kod-producenta-A102026900\" srcset=\"https:\/\/a.allegroimg.com\/original\/110053\/b819157643bbbc013add5a3ee2fc\/PASU-3m-x-3m-Altana-Ogrodowa-z-Antracytowym-Stalowym-Dachem-Kod-producenta-A102026900 360w,https:\/\/a.allegroimg.com\/original\/110053\/b819157643bbbc013add5a3ee2fc\/PASU-3m-x-3m-Altana-Ogrodowa-z-Antracytowym-Stalowym-Dachem-Kod-producenta-A102026900 720w,https:\/\/a.allegroimg.com\/original\/110053\/b819157643bbbc013add5a3ee2fc\/PASU-3m-x-3m-Altana-Ogrodowa-z-Antracytowym-Stalowym-Dachem-Kod-producenta-A102026900 1024w,https:\/\/a.allegroimg.com\/original\/110053\/b819157643bbbc013add5a3ee2fc\/PASU-3m-x-3m-Altana-Ogrodowa-z-Antracytowym-Stalowym-Dachem-Kod-producenta-A102026900 1024w\" sizes=\"100vw\" width=\"1024px\" alt=\"PASU 3m x 3m Altana Ogrodowa z Antracytowym Stalowym Dachem Kod producenta A102026900\" style=\"max-width: 100%; height: auto; display: block; margin: 0 auto;\"><\/div>\n<\/div>\n<\/div>\n<\/div>\n<\/div>\n<\/div>\n<div style=\"clear: both; display: block; margin: 10px 0;\">\n<div style=\"clear: both; display: block; margin: 10px 0;\">\n<div style=\"clear: both; display: block; margin: 10px 0;\">\n<div  style=\"max-width:2000px;max-height:2000px\">\n<div style=\"clear: both; display: block; margin: 10px 0;\">\n<div style=\"clear: both; width: 100%; display: block; margin: 20px 0; padding: 0; float: none; position: static; text-align: center;\"><img decoding=\"async\"  src=\"https:\/\/a.allegroimg.com\/original\/11a72f\/4e27e60a417baa39e08a30c6c2f9\/PASU-3m-x-3m-Altana-Ogrodowa-z-Antracytowym-Stalowym-Dachem-Producent-nieznany-producent\" srcset=\"https:\/\/a.allegroimg.com\/original\/11a72f\/4e27e60a417baa39e08a30c6c2f9\/PASU-3m-x-3m-Altana-Ogrodowa-z-Antracytowym-Stalowym-Dachem-Producent-nieznany-producent 360w,https:\/\/a.allegroimg.com\/original\/11a72f\/4e27e60a417baa39e08a30c6c2f9\/PASU-3m-x-3m-Altana-Ogrodowa-z-Antracytowym-Stalowym-Dachem-Producent-nieznany-producent 720w,https:\/\/a.allegroimg.com\/original\/11a72f\/4e27e60a417baa39e08a30c6c2f9\/PASU-3m-x-3m-Altana-Ogrodowa-z-Antracytowym-Stalowym-Dachem-Producent-nieznany-producent 1024w,https:\/\/a.allegroimg.com\/original\/11a72f\/4e27e60a417baa39e08a30c6c2f9\/PASU-3m-x-3m-Altana-Ogrodowa-z-Antracytowym-Stalowym-Dachem-Producent-nieznany-producent 1440w,https:\/\/a.allegroimg.com\/original\/11a72f\/4e27e60a417baa39e08a30c6c2f9\/PASU-3m-x-3m-Altana-Ogrodowa-z-Antracytowym-Stalowym-Dachem-Producent-nieznany-producent 2000w\" sizes=\"(min-width: 1200px) 560px, (min-width: 992px) 50vw, 100vw\" width=\"2000px\" alt=\"PASU 3m x 3m Altana Ogrodowa z Antracytowym Stalowym Dachem Producent nieznany producent\" style=\"max-width: 100%; height: auto; display: block; margin: 0 auto;\"><\/div>\n<\/div>\n<\/div>\n<\/div>\n<\/div>\n<div style=\"clear: both; display: block; margin: 10px 0;\">\n<div style=\"clear: both; display: block; margin: 10px 0;\">\n<h1>Informacje o produkcie<\/h1>\n<p style=\"margin: 15px 0; line-height: 1.8; clear: both; display: block; width: 100%; float: none; position: static;\">Mocny dach stalowy malowany proszkowo w kolorze antracyt<\/p>\n<p style=\"margin: 15px 0; line-height: 1.8; clear: both; display: block; width: 100%; float: none; position: static;\">Rama konstrukcji stalowej , malowana proszkowo , cz\u0119\u015b\u0107 imituj\u0105ca drewno<\/p>\n<p style=\"margin: 15px 0; line-height: 1.8; clear: both; display: block; width: 100%; float: none; position: static;\">Dwupoziomowy dach wentylacyjny<\/p>\n<p style=\"margin: 15px 0; line-height: 1.8; clear: both; display: block; width: 100%; float: none; position: static;\">S\u0142upki o grubo\u015bci 0.08m<\/p>\n<p style=\"margin: 15px 0; line-height: 1.8; clear: both; display: block; width: 100%; float: none; position: static;\">Odporno\u015b\u0107 na wiatr i niekorzystne warunki atmosferyczne<\/p>\n<p style=\"margin: 15px 0; line-height: 1.8; clear: both; display: block; width: 100%; float: none; position: static;\">Obci\u0105\u017cenie \u015bniegiem: 110kg\/m2<\/p>\n<p style=\"margin: 15px 0; line-height: 1.8; clear: both; display: block; width: 100%; float: none; position: static;\">Ca\u0142kowity wymiar altany (dach) : 3m x 3m<\/p>\n<p style=\"margin: 15px 0; line-height: 1.8; clear: both; display: block; width: 100%; float: none; position: static;\">Odleg\u0142o\u015b\u0107 wewn\u0119trzna od s\u0142upka do s\u0142upka : 2.54 x 2.54 m<\/p>\n<p style=\"margin: 15px 0; line-height: 1.8; clear: both; display: block; width: 100%; float: none; position: static;\">Odleg\u0142o\u015b\u0107 zewn\u0119trzna od s\u0142upka do s\u0142upka : 2.70 x 2.70 m<\/p>\n<p style=\"margin: 15px 0; line-height: 1.8; clear: both; display: block; width: 100%; float: none; position: static;\">Wysoko\u015b\u0107 ca\u0142kowita: 2.945 m<\/p>\n<p style=\"margin: 15px 0; line-height: 1.8; clear: both; display: block; width: 100%; float: none; position: static;\">Wysoko\u015b\u0107 przej\u015bcia: 2 m<\/p>\n<p style=\"margin: 15px 0; line-height: 1.8; clear: both; display: block; width: 100%; float: none; position: static;\">Waga: 128 kg<\/p>\n<\/div>\n<\/div>\n<\/div>\n<div style=\"clear: both; display: block; margin: 10px 0;\">\n<div style=\"clear: both; display: block; margin: 10px 0;\">\n<div style=\"clear: both; display: block; margin: 10px 0;\">\n<div  style=\"max-width:2000px;max-height:2000px\">\n<div style=\"clear: both; display: block; margin: 10px 0;\">\n<div style=\"clear: both; width: 100%; display: block; margin: 20px 0; padding: 0; float: none; position: static; text-align: center;\"><img decoding=\"async\"  src=\"https:\/\/a.allegroimg.com\/original\/11ac05\/d85c0a8d4b68b413a687eaa7c8d6\/PASU-3m-x-3m-Altana-Ogrodowa-z-Antracytowym-Stalowym-Dachem-Szerokosc-calkowita-300-cm\" srcset=\"https:\/\/a.allegroimg.com\/original\/11ac05\/d85c0a8d4b68b413a687eaa7c8d6\/PASU-3m-x-3m-Altana-Ogrodowa-z-Antracytowym-Stalowym-Dachem-Szerokosc-calkowita-300-cm 360w,https:\/\/a.allegroimg.com\/original\/11ac05\/d85c0a8d4b68b413a687eaa7c8d6\/PASU-3m-x-3m-Altana-Ogrodowa-z-Antracytowym-Stalowym-Dachem-Szerokosc-calkowita-300-cm 720w,https:\/\/a.allegroimg.com\/original\/11ac05\/d85c0a8d4b68b413a687eaa7c8d6\/PASU-3m-x-3m-Altana-Ogrodowa-z-Antracytowym-Stalowym-Dachem-Szerokosc-calkowita-300-cm 1024w,https:\/\/a.allegroimg.com\/original\/11ac05\/d85c0a8d4b68b413a687eaa7c8d6\/PASU-3m-x-3m-Altana-Ogrodowa-z-Antracytowym-Stalowym-Dachem-Szerokosc-calkowita-300-cm 1440w,https:\/\/a.allegroimg.com\/original\/11ac05\/d85c0a8d4b68b413a687eaa7c8d6\/PASU-3m-x-3m-Altana-Ogrodowa-z-Antracytowym-Stalowym-Dachem-Szerokosc-calkowita-300-cm 2000w\" sizes=\"(min-width: 1200px) 560px, (min-width: 992px) 50vw, 100vw\" width=\"2000px\" alt=\"PASU 3m x 3m Altana Ogrodowa z Antracytowym Stalowym Dachem Szeroko\u015b\u0107 ca\u0142kowita 300 cm\" style=\"max-width: 100%; height: auto; display: block; margin: 0 auto;\"><\/div>\n<\/div>\n<\/div>\n<\/div>\n<\/div>\n<div style=\"clear: both; display: block; margin: 10px 0;\">\n<div style=\"clear: both; display: block; margin: 10px 0;\">\n<h1>Wentylowany 2-poziomowy top<\/h1>\n<p style=\"margin: 15px 0; line-height: 1.8; clear: both; display: block; width: 100%; float: none; position: static;\">Wentylowany 2-poziomowy stalowy blat zapewnia bezpiecze\u0144stwo przed szkodliwym promieniowaniem UV, jednocze\u015bnie umo\u017cliwiaj\u0105c swobodne przepuszczanie wiatru, zach\u0119caj\u0105c do cyrkulacji powietrza i tworz\u0105c wygodn\u0105 i otwart\u0105 przestrze\u0144 na zewn\u0105trz dla Twojej przyjemno\u015bci.<\/p>\n<\/div>\n<\/div>\n<\/div>\n<div style=\"clear: both; display: block; margin: 10px 0;\">\n<div style=\"clear: both; display: block; margin: 10px 0;\">\n<div style=\"clear: both; display: block; margin: 10px 0;\">\n<div  style=\"max-width:2000px;max-height:2000px\">\n<div style=\"clear: both; display: block; margin: 10px 0;\">\n<div style=\"clear: both; width: 100%; display: block; margin: 20px 0; padding: 0; float: none; position: static; text-align: center;\"><img decoding=\"async\"  src=\"https:\/\/a.allegroimg.com\/original\/11a9f9\/4864d0314acbbd4dfeaf3a3c2c97\/PASU-3m-x-3m-Altana-Ogrodowa-z-Antracytowym-Stalowym-Dachem-Rodzaj-altana\" srcset=\"https:\/\/a.allegroimg.com\/original\/11a9f9\/4864d0314acbbd4dfeaf3a3c2c97\/PASU-3m-x-3m-Altana-Ogrodowa-z-Antracytowym-Stalowym-Dachem-Rodzaj-altana 360w,https:\/\/a.allegroimg.com\/original\/11a9f9\/4864d0314acbbd4dfeaf3a3c2c97\/PASU-3m-x-3m-Altana-Ogrodowa-z-Antracytowym-Stalowym-Dachem-Rodzaj-altana 720w,https:\/\/a.allegroimg.com\/original\/11a9f9\/4864d0314acbbd4dfeaf3a3c2c97\/PASU-3m-x-3m-Altana-Ogrodowa-z-Antracytowym-Stalowym-Dachem-Rodzaj-altana 1024w,https:\/\/a.allegroimg.com\/original\/11a9f9\/4864d0314acbbd4dfeaf3a3c2c97\/PASU-3m-x-3m-Altana-Ogrodowa-z-Antracytowym-Stalowym-Dachem-Rodzaj-altana 1440w,https:\/\/a.allegroimg.com\/original\/11a9f9\/4864d0314acbbd4dfeaf3a3c2c97\/PASU-3m-x-3m-Altana-Ogrodowa-z-Antracytowym-Stalowym-Dachem-Rodzaj-altana 2000w\" sizes=\"(min-width: 1200px) 560px, (min-width: 992px) 50vw, 100vw\" width=\"2000px\" alt=\"PASU 3m x 3m Altana Ogrodowa z Antracytowym Stalowym Dachem Rodzaj altana\" style=\"max-width: 100%; height: auto; display: block; margin: 0 auto;\"><\/div>\n<\/div>\n<\/div>\n<\/div>\n<\/div>\n<div style=\"clear: both; display: block; margin: 10px 0;\">\n<div style=\"clear: both; display: block; margin: 10px 0;\">\n<h1>Solidna stalowa rama malowana proszkowo<\/h1>\n<p style=\"margin: 15px 0; line-height: 1.8; clear: both; display: block; width: 100%; float: none; position: static;\">Solidne cz\u0119\u015bci ramy ze stali malowanej proszkowo s\u0105 produkowane z precyzj\u0105, a wysokiej jako\u015bci materia\u0142 zapewnia d\u0142ugotrwa\u0142e i trwa\u0142e u\u017cytkowanie, zapewniaj\u0105c niezawodne schronienie podczas imprez i aktywno\u015bci na \u015bwie\u017cym powietrzu.<\/p>\n<\/div>\n<\/div>\n<\/div>\n<div style=\"clear: both; display: block; margin: 10px 0;\">\n<div style=\"clear: both; display: block; margin: 10px 0;\">\n<div style=\"clear: both; display: block; margin: 10px 0;\">\n<div  style=\"max-width:2000px;max-height:2000px\">\n<div style=\"clear: both; display: block; margin: 10px 0;\">\n<div style=\"clear: both; width: 100%; display: block; margin: 20px 0; padding: 0; float: none; position: static; text-align: center;\"><img decoding=\"async\"  src=\"https:\/\/a.allegroimg.com\/original\/116eba\/bce792f54089be92e889bc1566ff\/PASU-3m-x-3m-Altana-Ogrodowa-z-Antracytowym-Stalowym-Dachem-Dlugosc-calkowita-300-cm\" srcset=\"https:\/\/a.allegroimg.com\/original\/116eba\/bce792f54089be92e889bc1566ff\/PASU-3m-x-3m-Altana-Ogrodowa-z-Antracytowym-Stalowym-Dachem-Dlugosc-calkowita-300-cm 360w,https:\/\/a.allegroimg.com\/original\/116eba\/bce792f54089be92e889bc1566ff\/PASU-3m-x-3m-Altana-Ogrodowa-z-Antracytowym-Stalowym-Dachem-Dlugosc-calkowita-300-cm 720w,https:\/\/a.allegroimg.com\/original\/116eba\/bce792f54089be92e889bc1566ff\/PASU-3m-x-3m-Altana-Ogrodowa-z-Antracytowym-Stalowym-Dachem-Dlugosc-calkowita-300-cm 1024w,https:\/\/a.allegroimg.com\/original\/116eba\/bce792f54089be92e889bc1566ff\/PASU-3m-x-3m-Altana-Ogrodowa-z-Antracytowym-Stalowym-Dachem-Dlugosc-calkowita-300-cm 1440w,https:\/\/a.allegroimg.com\/original\/116eba\/bce792f54089be92e889bc1566ff\/PASU-3m-x-3m-Altana-Ogrodowa-z-Antracytowym-Stalowym-Dachem-Dlugosc-calkowita-300-cm 2000w\" sizes=\"(min-width: 1200px) 560px, (min-width: 992px) 50vw, 100vw\" width=\"2000px\" alt=\"PASU 3m x 3m Altana Ogrodowa z Antracytowym Stalowym Dachem D\u0142ugo\u015b\u0107 ca\u0142kowita 300 cm\" style=\"max-width: 100%; height: auto; display: block; margin: 0 auto;\"><\/div>\n<\/div>\n<\/div>\n<\/div>\n<\/div>\n<div style=\"clear: both; display: block; margin: 10px 0;\">\n<div style=\"clear: both; display: block; margin: 10px 0;\">\n<h1>Wbudowany system Dual Rail<\/h1>\n<p style=\"margin: 15px 0; line-height: 1.8; clear: both; display: block; width: 100%; float: none; position: static;\">Wbudowany system podw\u00f3jnych szyn u\u0142atwia zawieszenie siatki siatkowej i zas\u0142on (siatka i zas\u0142ony NIE s\u0105 do\u0142\u0105czone).<\/p>\n<\/div>\n<\/div>\n<\/div>\n<div style=\"clear: both; display: block; margin: 10px 0;\">\n<div style=\"clear: both; display: block; margin: 10px 0;\">\n<div style=\"clear: both; display: block; margin: 10px 0;\">\n<div  style=\"max-width:2000px;max-height:2000px\">\n<div style=\"clear: both; display: block; margin: 10px 0;\">\n<div style=\"clear: both; width: 100%; display: block; margin: 20px 0; padding: 0; float: none; position: static; text-align: center;\"><img decoding=\"async\"  src=\"https:\/\/a.allegroimg.com\/original\/119b1a\/1631e51d47c39ced296fe67dd8ab\/PASU-3m-x-3m-Altana-Ogrodowa-z-Antracytowym-Stalowym-Dachem-Wysokosc-calkowita-294-cm\" srcset=\"https:\/\/a.allegroimg.com\/original\/119b1a\/1631e51d47c39ced296fe67dd8ab\/PASU-3m-x-3m-Altana-Ogrodowa-z-Antracytowym-Stalowym-Dachem-Wysokosc-calkowita-294-cm 360w,https:\/\/a.allegroimg.com\/original\/119b1a\/1631e51d47c39ced296fe67dd8ab\/PASU-3m-x-3m-Altana-Ogrodowa-z-Antracytowym-Stalowym-Dachem-Wysokosc-calkowita-294-cm 720w,https:\/\/a.allegroimg.com\/original\/119b1a\/1631e51d47c39ced296fe67dd8ab\/PASU-3m-x-3m-Altana-Ogrodowa-z-Antracytowym-Stalowym-Dachem-Wysokosc-calkowita-294-cm 1024w,https:\/\/a.allegroimg.com\/original\/119b1a\/1631e51d47c39ced296fe67dd8ab\/PASU-3m-x-3m-Altana-Ogrodowa-z-Antracytowym-Stalowym-Dachem-Wysokosc-calkowita-294-cm 1440w,https:\/\/a.allegroimg.com\/original\/119b1a\/1631e51d47c39ced296fe67dd8ab\/PASU-3m-x-3m-Altana-Ogrodowa-z-Antracytowym-Stalowym-Dachem-Wysokosc-calkowita-294-cm 2000w\" sizes=\"(min-width: 1200px) 560px, (min-width: 992px) 50vw, 100vw\" width=\"2000px\" alt=\"PASU 3m x 3m Altana Ogrodowa z Antracytowym Stalowym Dachem Wysoko\u015b\u0107 ca\u0142kowita 294 cm\" style=\"max-width: 100%; height: auto; display: block; margin: 0 auto;\"><\/div>\n<\/div>\n<\/div>\n<\/div>\n<\/div>\n<div style=\"clear: both; display: block; margin: 10px 0;\">\n<div style=\"clear: both; display: block; margin: 10px 0;\">\n<h1>Hak sufitowy w zestawie<\/h1>\n<p style=\"margin: 15px 0; line-height: 1.8; clear: both; display: block; width: 100%; float: none; position: static;\">Wbudowany wysokiej jako\u015bci i solidny hak sufitowy jest do\u0142\u0105czony do \u0142atwego zawieszenia ulubionego \u017cyrandola lub innego d\u00e9coru, aby stworzy\u0107 idealne o\u015bwietlone miejsce spotka\u0144 dla rodziny i przyjaci\u00f3\u0142.<\/p>\n<\/div>\n<\/div>\n<\/div>\n<div style=\"clear: both; display: block; margin: 10px 0;\">\n<div style=\"clear: both; display: block; margin: 10px 0;\">\n<div style=\"clear: both; display: block; margin: 10px 0;\">\n<div  style=\"max-width:2000px;max-height:2000px\">\n<div style=\"clear: both; display: block; margin: 10px 0;\">\n<div style=\"clear: both; width: 100%; display: block; margin: 20px 0; padding: 0; float: none; position: static; text-align: center;\"><img decoding=\"async\"  src=\"https:\/\/a.allegroimg.com\/original\/119cc3\/e75b6e5e47e6be9050fac7b9082e\/PASU-3m-x-3m-Altana-Ogrodowa-z-Antracytowym-Stalowym-Dachem-Wysokosc-wejscia-200-cm\" srcset=\"https:\/\/a.allegroimg.com\/original\/119cc3\/e75b6e5e47e6be9050fac7b9082e\/PASU-3m-x-3m-Altana-Ogrodowa-z-Antracytowym-Stalowym-Dachem-Wysokosc-wejscia-200-cm 360w,https:\/\/a.allegroimg.com\/original\/119cc3\/e75b6e5e47e6be9050fac7b9082e\/PASU-3m-x-3m-Altana-Ogrodowa-z-Antracytowym-Stalowym-Dachem-Wysokosc-wejscia-200-cm 720w,https:\/\/a.allegroimg.com\/original\/119cc3\/e75b6e5e47e6be9050fac7b9082e\/PASU-3m-x-3m-Altana-Ogrodowa-z-Antracytowym-Stalowym-Dachem-Wysokosc-wejscia-200-cm 1024w,https:\/\/a.allegroimg.com\/original\/119cc3\/e75b6e5e47e6be9050fac7b9082e\/PASU-3m-x-3m-Altana-Ogrodowa-z-Antracytowym-Stalowym-Dachem-Wysokosc-wejscia-200-cm 1440w,https:\/\/a.allegroimg.com\/original\/119cc3\/e75b6e5e47e6be9050fac7b9082e\/PASU-3m-x-3m-Altana-Ogrodowa-z-Antracytowym-Stalowym-Dachem-Wysokosc-wejscia-200-cm 2000w\" sizes=\"(min-width: 1200px) 560px, (min-width: 992px) 50vw, 100vw\" width=\"2000px\" alt=\"PASU 3m x 3m Altana Ogrodowa z Antracytowym Stalowym Dachem Wysoko\u015b\u0107 wej\u015bcia 200 cm\" style=\"max-width: 100%; height: auto; display: block; margin: 0 auto;\"><\/div>\n<\/div>\n<\/div>\n<\/div>\n<\/div>\n<div style=\"clear: both; display: block; margin: 10px 0;\">\n<div style=\"clear: both; display: block; margin: 10px 0;\">\n<h1>Wyko\u0144czenie wi\u0105zki Heat-Transfer<\/h1>\n<p style=\"margin: 15px 0; line-height: 1.8; clear: both; display: block; width: 100%; float: none; position: static;\">Belka poprzeczna posiada najwy\u017cszej jako\u015bci pow\u0142ok\u0119 termotransferow\u0105, zapewniaj\u0105c\u0105 naturalny wygl\u0105d drewnopodobny o zwi\u0119kszonej trwa\u0142o\u015bci i odporno\u015bci na blakni\u0119cie.<\/p>\n<\/div>\n<\/div>\n<\/div>\n<\/div>\n<\/div>\n<\/div>\n<div style=\"clear: both; display: block; margin: 10px 0;\">\n","protected":false},"excerpt":{"rendered":"<p>ALTANA Hardtop ze stali dachowej PASU 3m x 3m antracytowa<\/p>\n","protected":false},"featured_media":16016,"template":"","meta":{"_uag_custom_page_level_css":""},"product_brand":[],"product_cat":[946,891,541],"product_tag":[],"class_list":{"0":"post-16015","1":"product","2":"type-product","3":"status-publish","4":"has-post-thumbnail","6":"product_cat-altany-wiaty-zadaszenia","7":"product_cat-architektura-ogrodowa","8":"product_cat-ogrod","10":"first","11":"instock","12":"sale","13":"shipping-taxable","14":"purchasable","15":"product-type-simple"},"uagb_featured_image_src":{"full":["https:\/\/tivrano.shop\/grill\/wp-content\/uploads\/2026\/04\/allegro-image-16015.jpg",1024,1024,false],"thumbnail":["https:\/\/tivrano.shop\/grill\/wp-content\/uploads\/2026\/04\/allegro-image-16015-150x150.jpg",150,150,true],"medium":["https:\/\/tivrano.shop\/grill\/wp-content\/uploads\/2026\/04\/allegro-image-16015-300x300.jpg",300,300,true],"medium_large":["https:\/\/tivrano.shop\/grill\/wp-content\/uploads\/2026\/04\/allegro-image-16015-768x768.jpg",768,768,true],"large":["https:\/\/tivrano.shop\/grill\/wp-content\/uploads\/2026\/04\/allegro-image-16015.jpg",1024,1024,false],"1536x1536":["https:\/\/tivrano.shop\/grill\/wp-content\/uploads\/2026\/04\/allegro-image-16015.jpg",1024,1024,false],"2048x2048":["https:\/\/tivrano.shop\/grill\/wp-content\/uploads\/2026\/04\/allegro-image-16015.jpg",1024,1024,false],"woocommerce_thumbnail":["https:\/\/tivrano.shop\/grill\/wp-content\/uploads\/2026\/04\/allegro-image-16015-300x300.jpg",300,300,true],"woocommerce_single":["https:\/\/tivrano.shop\/grill\/wp-content\/uploads\/2026\/04\/allegro-image-16015-600x600.jpg",600,600,true],"woocommerce_gallery_thumbnail":["https:\/\/tivrano.shop\/grill\/wp-content\/uploads\/2026\/04\/allegro-image-16015-100x100.jpg",100,100,true]},"uagb_author_info":{"display_name":"admin","author_link":"https:\/\/tivrano.shop\/grill\/author\/"},"uagb_comment_info":0,"uagb_excerpt":"ALTANA Hardtop ze stali dachowej PASU 3m x 3m antracytowa","_links":{"self":[{"href":"https:\/\/tivrano.shop\/grill\/wp-json\/wp\/v2\/product\/16015","targetHints":{"allow":["GET"]}}],"collection":[{"href":"https:\/\/tivrano.shop\/grill\/wp-json\/wp\/v2\/product"}],"about":[{"href":"https:\/\/tivrano.shop\/grill\/wp-json\/wp\/v2\/types\/product"}],"wp:featuredmedia":[{"embeddable":true,"href":"https:\/\/tivrano.shop\/grill\/wp-json\/wp\/v2\/media\/16016"}],"wp:attachment":[{"href":"https:\/\/tivrano.shop\/grill\/wp-json\/wp\/v2\/media?parent=16015"}],"wp:term":[{"taxonomy":"product_brand","embeddable":true,"href":"https:\/\/tivrano.shop\/grill\/wp-json\/wp\/v2\/product_brand?post=16015"},{"taxonomy":"product_cat","embeddable":true,"href":"https:\/\/tivrano.shop\/grill\/wp-json\/wp\/v2\/product_cat?post=16015"},{"taxonomy":"product_tag","embeddable":true,"href":"https:\/\/tivrano.shop\/grill\/wp-json\/wp\/v2\/product_tag?post=16015"}],"curies":[{"name":"wp","href":"https:\/\/api.w.org\/{rel}","templated":true}]}}