{"id":16013,"date":"2026-04-06T05:54:40","date_gmt":"2026-04-06T04:54:40","guid":{"rendered":"https:\/\/grillcentrum.shop\/gree\/produkt\/wiata-garazowa-310x495cm-carport\/"},"modified":"2026-04-11T02:22:35","modified_gmt":"2026-04-11T01:22:35","slug":"wiata-garazowa-310x495cm-carport","status":"publish","type":"product","link":"https:\/\/tivrano.shop\/grill\/produkt\/wiata-garazowa-310x495cm-carport\/","title":{"rendered":"Wiata gara\u017cowa 310x495cm Carport"},"content":{"rendered":"<div style=\"font-family: Arial, sans-serif; line-height: 1.6; color: #333; padding: 20px; clear: both; display: block; width: 100%; float: none; position: static; overflow: hidden;\">\n<div style=\"clear: both; display: block; margin: 10px 0;\">\n<div style=\"clear: both; display: block; margin: 10px 0;\">\n<div style=\"clear: both; display: block; margin: 10px 0;\">\n<div  style=\"max-width:1901px;max-height:1329px\">\n<div style=\"clear: both; display: block; margin: 10px 0;\">\n<div style=\"clear: both; width: 100%; display: block; margin: 20px 0; padding: 0; float: none; position: static; text-align: center;\"><img decoding=\"async\"  src=\"https:\/\/a.allegroimg.com\/original\/11a60c\/d6be83cd412c9f067417414a5c5e\/Wiata-garazowa-310x495cm-Carport\" srcset=\"https:\/\/a.allegroimg.com\/original\/11a60c\/d6be83cd412c9f067417414a5c5e\/Wiata-garazowa-310x495cm-Carport 360w,https:\/\/a.allegroimg.com\/original\/11a60c\/d6be83cd412c9f067417414a5c5e\/Wiata-garazowa-310x495cm-Carport 720w,https:\/\/a.allegroimg.com\/original\/11a60c\/d6be83cd412c9f067417414a5c5e\/Wiata-garazowa-310x495cm-Carport 1024w,https:\/\/a.allegroimg.com\/original\/11a60c\/d6be83cd412c9f067417414a5c5e\/Wiata-garazowa-310x495cm-Carport 1440w,https:\/\/a.allegroimg.com\/original\/11a60c\/d6be83cd412c9f067417414a5c5e\/Wiata-garazowa-310x495cm-Carport 1901w\" sizes=\"100vw\" width=\"1901px\" alt=\"Wiata gara\u017cowa 310x495cm Carport\" style=\"max-width: 100%; height: auto; display: block; margin: 0 auto;\"><\/div>\n<\/div>\n<\/div>\n<\/div>\n<\/div>\n<\/div>\n<div style=\"clear: both; display: block; margin: 10px 0;\">\n<div style=\"clear: both; display: block; margin: 10px 0;\">\n<div style=\"clear: both; display: block; margin: 10px 0;\">\n<p style=\"margin: 15px 0; line-height: 1.8; clear: both; display: block; width: 100%; float: none; position: static;\">Wiaty gara\u017cowe naszej firmy przede wszystkim s\u0142u\u017c\u0105 jako ochrona przed deszczem dla samochodu. Wiata gara\u017cowa jest idealnym miejscem dla samochodu, gdy nie mo\u017cna postawi\u0107 gara\u017cu lub nie ma miejsca na budynek gara\u017cowy.<\/p>\n<p style=\"margin: 15px 0; line-height: 1.8; clear: both; display: block; width: 100%; float: none; position: static;\">Wiata gara\u017cowa posiada znak FSC.<\/p>\n<\/div>\n<\/div>\n<\/div>\n<div style=\"clear: both; display: block; margin: 10px 0;\">\n<div style=\"clear: both; display: block; margin: 10px 0;\">\n<div style=\"clear: both; display: block; margin: 10px 0;\">\n<h3 style=\"color: #2c5aa0; font-size: 18px; margin: 30px 0 15px 0; font-weight: bold; clear: both; display: block; width: 100%; float: none; position: static;\">Wymiary wiaty gara\u017cowej nr art. 20007:<\/h3>\n<p style=\"margin: 15px 0; line-height: 1.8; clear: both; display: block; width: 100%; float: none; position: static;\">Wysoko\u015b\u0107 wjazdu: ok. <b>210 cm<\/b><\/p>\n<p style=\"margin: 15px 0; line-height: 1.8; clear: both; display: block; width: 100%; float: none; position: static;\">Wysoko\u015b\u0107 ca\u0142kowita: ok. <b>230 cm<\/b><\/p>\n<p style=\"margin: 15px 0; line-height: 1.8; clear: both; display: block; width: 100%; float: none; position: static;\">Szeroko\u015b\u0107 wjazdu: ok.<b> 250 cm<\/b><\/p>\n<p style=\"margin: 15px 0; line-height: 1.8; clear: both; display: block; width: 100%; float: none; position: static;\">Szeroko\u015b\u0107 ca\u0142kowita: ok. <b>300 cm<\/b><\/p>\n<p style=\"margin: 15px 0; line-height: 1.8; clear: both; display: block; width: 100%; float: none; position: static;\">D\u0142ugo\u015b\u0107 ok. <b>500 cm<\/b><\/p>\n<p style=\"margin: 15px 0; line-height: 1.8; clear: both; display: block; width: 100%; float: none; position: static;\">Odst\u0119py pomi\u0119dzy s\u0142upami: <b>181 cm<\/b><\/p>\n<\/div>\n<\/div>\n<div style=\"clear: both; display: block; margin: 10px 0;\">\n<div style=\"clear: both; display: block; margin: 10px 0;\">\n<div  style=\"max-width:2095px;max-height:1316px\">\n<div style=\"clear: both; display: block; margin: 10px 0;\">\n<div style=\"clear: both; width: 100%; display: block; margin: 20px 0; padding: 0; float: none; position: static; text-align: center;\"><img decoding=\"async\"  src=\"https:\/\/a.allegroimg.com\/original\/11594b\/35e6ce044a278292cb7793977f54\/Wiata-garazowa-310x495cm-Carport-Material-dominujacy-drewno\" srcset=\"https:\/\/a.allegroimg.com\/original\/11594b\/35e6ce044a278292cb7793977f54\/Wiata-garazowa-310x495cm-Carport-Material-dominujacy-drewno 360w,https:\/\/a.allegroimg.com\/original\/11594b\/35e6ce044a278292cb7793977f54\/Wiata-garazowa-310x495cm-Carport-Material-dominujacy-drewno 720w,https:\/\/a.allegroimg.com\/original\/11594b\/35e6ce044a278292cb7793977f54\/Wiata-garazowa-310x495cm-Carport-Material-dominujacy-drewno 1024w,https:\/\/a.allegroimg.com\/original\/11594b\/35e6ce044a278292cb7793977f54\/Wiata-garazowa-310x495cm-Carport-Material-dominujacy-drewno 1440w,https:\/\/a.allegroimg.com\/original\/11594b\/35e6ce044a278292cb7793977f54\/Wiata-garazowa-310x495cm-Carport-Material-dominujacy-drewno 2095w\" sizes=\"(min-width: 1200px) 560px, (min-width: 992px) 50vw, 100vw\" width=\"2095px\" alt=\"Wiata gara\u017cowa 310x495cm Carport Materia\u0142 dominuj\u0105cy drewno\" style=\"max-width: 100%; height: auto; display: block; margin: 0 auto;\"><\/div>\n<\/div>\n<\/div>\n<\/div>\n<\/div>\n<\/div>\n<div style=\"clear: both; display: block; margin: 10px 0;\">\n<div style=\"clear: both; display: block; margin: 10px 0;\">\n<div style=\"clear: both; display: block; margin: 10px 0;\">\n<h1>Rzut fundament\u00f3w<\/h1>\n<\/div>\n<\/div>\n<\/div>\n<div style=\"clear: both; display: block; margin: 10px 0;\">\n<div style=\"clear: both; display: block; margin: 10px 0;\">\n<div style=\"clear: both; display: block; margin: 10px 0;\">\n<div  style=\"max-width:1548px;max-height:1548px\">\n<div style=\"clear: both; display: block; margin: 10px 0;\">\n<div style=\"clear: both; width: 100%; display: block; margin: 20px 0; padding: 0; float: none; position: static; text-align: center;\"><img decoding=\"async\"  src=\"https:\/\/a.allegroimg.com\/original\/11a8d0\/85df58434ef58981b98c4a3366da\/Wiata-garazowa-310x495cm-Carport-Rodzaj-wiata\" srcset=\"https:\/\/a.allegroimg.com\/original\/11a8d0\/85df58434ef58981b98c4a3366da\/Wiata-garazowa-310x495cm-Carport-Rodzaj-wiata 360w,https:\/\/a.allegroimg.com\/original\/11a8d0\/85df58434ef58981b98c4a3366da\/Wiata-garazowa-310x495cm-Carport-Rodzaj-wiata 720w,https:\/\/a.allegroimg.com\/original\/11a8d0\/85df58434ef58981b98c4a3366da\/Wiata-garazowa-310x495cm-Carport-Rodzaj-wiata 1024w,https:\/\/a.allegroimg.com\/original\/11a8d0\/85df58434ef58981b98c4a3366da\/Wiata-garazowa-310x495cm-Carport-Rodzaj-wiata 1440w,https:\/\/a.allegroimg.com\/original\/11a8d0\/85df58434ef58981b98c4a3366da\/Wiata-garazowa-310x495cm-Carport-Rodzaj-wiata 1548w\" sizes=\"100vw\" width=\"1548px\" alt=\"Wiata gara\u017cowa 310x495cm Carport Rodzaj wiata\" style=\"max-width: 100%; height: auto; display: block; margin: 0 auto;\"><\/div>\n<\/div>\n<\/div>\n<\/div>\n<\/div>\n<\/div>\n<div style=\"clear: both; display: block; margin: 10px 0;\">\n<div style=\"clear: both; display: block; margin: 10px 0;\">\n<div style=\"clear: both; display: block; margin: 10px 0;\">\n<h3 style=\"color: #2c5aa0; font-size: 18px; margin: 30px 0 15px 0; font-weight: bold; clear: both; display: block; width: 100%; float: none; position: static;\">Materia\u0142:<\/h3>\n<p style=\"margin: 15px 0; line-height: 1.8; clear: both; display: block; width: 100%; float: none; position: static;\">Konstrukcja: sosna\/\u015bwierk (FSC), zaimpregnowane ci\u015bnieniowo.<\/p>\n<p style=\"margin: 15px 0; line-height: 1.8; clear: both; display: block; width: 100%; float: none; position: static;\">S\u0142upy: 88x88mm<\/p>\n<p style=\"margin: 15px 0; line-height: 1.8; clear: both; display: block; width: 100%; float: none; position: static;\">Wi\u0105zary: gotowe, zmontowane &#8211; belka dolna no\u015bna 28x118mm, belka g\u00f3rna: 28x88mm<\/p>\n<p style=\"margin: 15px 0; line-height: 1.8; clear: both; display: block; width: 100%; float: none; position: static;\">Belka siod\u0142owa: 38x118mm<\/p>\n<p style=\"margin: 15px 0; line-height: 1.8; clear: both; display: block; width: 100%; float: none; position: static;\">Kontr\u0142aty: 35x45mm<\/p>\n<h3 style=\"color: #2c5aa0; font-size: 18px; margin: 30px 0 15px 0; font-weight: bold; clear: both; display: block; width: 100%; float: none; position: static;\">Zadaszenie:<\/h3>\n<p style=\"margin: 15px 0; line-height: 1.8; clear: both; display: block; width: 100%; float: none; position: static;\">P\u0142yta falista PCW &#8211; grubo\u015b\u0107 1,2 mm &#8211; kolor grafitowy. Na g\u00f3rze zamocowany jest dodatkowy g\u0119sior, kt\u00f3ry zapobiega dostawaniu si\u0119 wody.<\/p>\n<h3 style=\"color: #2c5aa0; font-size: 18px; margin: 30px 0 15px 0; font-weight: bold; clear: both; display: block; width: 100%; float: none; position: static;\">Zestaw zawiera:<\/h3>\n<p style=\"margin: 15px 0; line-height: 1.8; clear: both; display: block; width: 100%; float: none; position: static;\">-wszystkie elementy konstrukcyjne<\/p>\n<p style=\"margin: 15px 0; line-height: 1.8; clear: both; display: block; width: 100%; float: none; position: static;\">-p\u0142yty dachowe<\/p>\n<p style=\"margin: 15px 0; line-height: 1.8; clear: both; display: block; width: 100%; float: none; position: static;\">-wszystkie elementy monta\u017cowe (\u015bruby, wkr\u0119ty, k\u0105towniki itp.)<\/p>\n<p style=\"margin: 15px 0; line-height: 1.8; clear: both; display: block; width: 100%; float: none; position: static;\">-instrukcj\u0119 monta\u017cu w j. polskim<\/p>\n<h3 style=\"color: #2c5aa0; font-size: 18px; margin: 30px 0 15px 0; font-weight: bold; clear: both; display: block; width: 100%; float: none; position: static;\">Zestaw nie zawiera:<\/h3>\n<p style=\"margin: 15px 0; line-height: 1.8; clear: both; display: block; width: 100%; float: none; position: static;\">-metalowych kotew do mocowania konstrukcji w gruncie. (dost\u0119pne na osobnych naszych aukcajch)<\/p>\n<\/div>\n<\/div>\n<\/div>\n<div style=\"clear: both; display: block; margin: 10px 0;\">\n<div style=\"clear: both; display: block; margin: 10px 0;\">\n<div style=\"clear: both; display: block; margin: 10px 0;\">\n<p style=\"margin: 15px 0; line-height: 1.8; clear: both; display: block; width: 100%; float: none; position: static;\">Informujemy, i\u017c drewno z kt\u00f3rego wykonujemy nasze produkty nie jest drewnem suszonym. Jest to \u015bwie\u017ce drewno iglaste, kt\u00f3re po obr\u00f3bce jest poddane impregnacji ci\u015bnieniowej. Impregnacja ci\u015bnieniowa ma zapewni\u0107 ochron\u0119 drewna przed ple\u015bni\u0105 i grzybem, natomiast nie chroni przed utrat\u0105 koloru.<\/p>\n<p style=\"margin: 15px 0; line-height: 1.8; clear: both; display: block; width: 100%; float: none; position: static;\">Chcemy poinformowa\u0107 r\u00f3wnie\u017c, \u017ce mo\u017ce si\u0119 zdarzy\u0107, \u017ce dostarczone drewno b\u0119dzie oznacza\u0142o si\u0119 wi\u0119ksz\u0105 wilgotno\u015bci\u0105. Wynika to z faktu, i\u017c elementy mog\u0105 by\u0107 zaimpregnowane, a nast\u0119pnie spakowane. Z powod\u00f3w technologicznych nie mo\u017cemy r\u00f3wnie\u017c trzyma\u0107 materia\u0142u w zamkni\u0119tym pomieszczeniu, wi\u0119c drewno mo\u017ce by\u0107 r\u00f3wnie\u017c mokre od warunk\u00f3w atmosferycznych.<\/p>\n<p style=\"margin: 15px 0; line-height: 1.8; clear: both; display: block; width: 100%; float: none; position: static;\">Zach\u0119camy jednocze\u015bnie do zapoznania si\u0119 z naszymi warunkami gwarancji, kt\u00f3re s\u0105 dost\u0119pne w za\u0142\u0105cznikach do naszego sklepu.<\/p>\n<\/div>\n<\/div>\n<\/div>\n<div style=\"clear: both; display: block; margin: 10px 0;\">\n<div style=\"clear: both; display: block; margin: 10px 0;\">\n<div style=\"clear: both; display: block; margin: 10px 0;\">\n<p style=\"margin: 15px 0; line-height: 1.8; clear: both; display: block; width: 100%; float: none; position: static;\">Nasze wiaty to:<\/p>\n<ul style=\"margin: 15px 0; padding-left: 20px; clear: both; display: block; width: 100%; float: none; position: static;\">\n<li style=\"margin: 5px 0; padding: 2px 0; clear: both; display: list-item; float: none; position: static;\"><b>impregnacja ci\u015bnieniowa wszystkich element\u00f3w drewnianych:<\/b> du\u017cy przekr\u00f3j s\u0142up\u00f3w: 9 x 9 cm<\/li>\n<li style=\"margin: 5px 0; padding: 2px 0; clear: both; display: list-item; float: none; position: static;\"><b>odpowiednia wytrzyma\u0142o\u015b\u0107 dachu:<\/b> prosty monta\u017c i budowa dzi\u0119ki przygotowanym elementom<\/li>\n<li style=\"margin: 5px 0; padding: 2px 0; clear: both; display: list-item; float: none; position: static;\"><b>wszystkie elementy monta\u017cowe w zestawie produktu:<\/b> prosta, prowadz\u0105ca przez ka\u017cdy etap instrukcja monta\u017cu<\/li>\n<li style=\"margin: 5px 0; padding: 2px 0; clear: both; display: list-item; float: none; position: static;\"><b>wyliczenia wytrzyma\u0142o\u015bciowe dla ka\u017cdej z wiat (75 kg\/m2):<\/b> masywna konstrukcja dachu (belki: 30 x 120 mm)<\/li>\n<\/ul>\n<p style=\"margin: 15px 0; line-height: 1.8; clear: both; display: block; width: 100%; float: none; position: static;\">Jest to <b>prosta, solidna wiata gara\u017cowa.<\/b><\/p>\n<p style=\"margin: 15px 0; line-height: 1.8; clear: both; display: block; width: 100%; float: none; position: static;\">Spe\u0142nia ona wszystkie podstawowe funkcje wiaty gara\u017cowej. Mi\u0119dzy s\u0142upami (rozstaw s\u0142up\u00f3w 181cm) wstawi\u0107 mo\u017cna p\u0142ot os\u0142onowy, kt\u00f3ry s\u0105 dost\u0119pne na naszych innych aukcjach oraz na naszej stronie internetowej.<\/p>\n<\/div>\n<\/div>\n<\/div>\n<div style=\"clear: both; display: block; margin: 10px 0;\">\n<div style=\"clear: both; display: block; margin: 10px 0;\">\n<div style=\"clear: both; display: block; margin: 10px 0;\">\n<h3 style=\"color: #2c5aa0; font-size: 18px; margin: 30px 0 15px 0; font-weight: bold; clear: both; display: block; width: 100%; float: none; position: static;\">DETALE<\/h3>\n<\/div>\n<\/div>\n<\/div>\n<div style=\"clear: both; display: block; margin: 10px 0;\">\n<div style=\"clear: both; display: block; margin: 10px 0;\">\n<div style=\"clear: both; display: block; margin: 10px 0;\">\n<div  style=\"max-width:1772px;max-height:1772px\">\n<div style=\"clear: both; display: block; margin: 10px 0;\">\n<div style=\"clear: both; width: 100%; display: block; margin: 20px 0; padding: 0; float: none; position: static; text-align: center;\"><img decoding=\"async\"  src=\"https:\/\/a.allegroimg.com\/original\/11d11d\/8911a3034f5b8eb243361929cbe4\/Wiata-garazowa-310x495cm-Carport-Producent-nieznany-producent\" srcset=\"https:\/\/a.allegroimg.com\/original\/11d11d\/8911a3034f5b8eb243361929cbe4\/Wiata-garazowa-310x495cm-Carport-Producent-nieznany-producent 360w,https:\/\/a.allegroimg.com\/original\/11d11d\/8911a3034f5b8eb243361929cbe4\/Wiata-garazowa-310x495cm-Carport-Producent-nieznany-producent 720w,https:\/\/a.allegroimg.com\/original\/11d11d\/8911a3034f5b8eb243361929cbe4\/Wiata-garazowa-310x495cm-Carport-Producent-nieznany-producent 1023w,https:\/\/a.allegroimg.com\/original\/11d11d\/8911a3034f5b8eb243361929cbe4\/Wiata-garazowa-310x495cm-Carport-Producent-nieznany-producent 1440w,https:\/\/a.allegroimg.com\/original\/11d11d\/8911a3034f5b8eb243361929cbe4\/Wiata-garazowa-310x495cm-Carport-Producent-nieznany-producent 1772w\" sizes=\"100vw\" width=\"1772px\" alt=\"Wiata gara\u017cowa 310x495cm Carport Producent nieznany producent\" style=\"max-width: 100%; height: auto; display: block; margin: 0 auto;\"><\/div>\n<\/div>\n<\/div>\n<\/div>\n<\/div>\n<\/div>\n<div style=\"clear: both; display: block; margin: 10px 0;\">\n<div style=\"clear: both; display: block; margin: 10px 0;\">\n<div style=\"clear: both; display: block; margin: 10px 0;\">\n<h1>TRANSPORT<\/h1>\n<p style=\"margin: 15px 0; line-height: 1.8; clear: both; display: block; width: 100%; float: none; position: static;\">Transport na terenie ca\u0142ej Polski.&nbsp;<b>Transport w tej ofercie jest darmowy.<\/b><\/p>\n<h3 style=\"color: #2c5aa0; font-size: 18px; margin: 30px 0 15px 0; font-weight: bold; clear: both; display: block; width: 100%; float: none; position: static;\">UWAGA!!! Transport wiat odbywa si\u0119 w systemie transportu bezpo\u015bredniego. Samoch\u00f3d dostawczy (zazwyczaj BUS) \u0142aduje si\u0119 u nas i bezpo\u015brednio jedzie do klienta, wi\u0119c mo\u017cna ustali\u0107 dok\u0142adnie dzie\u0144 i mniej wi\u0119cej godzin\u0119 roz\u0142adunku towaru.<\/h3>\n<h3 style=\"color: #2c5aa0; font-size: 18px; margin: 30px 0 15px 0; font-weight: bold; clear: both; display: block; width: 100%; float: none; position: static;\">Towar do klient\u00f3w dostarczamy firmami transportowymi zewn\u0119trznymi, dlatego te\u017c nie ma mo\u017cliwo\u015bci zap\u0142aty za wiat\u0119 kierowcy przy odbiorze.<\/h3>\n<h1>ROZ\u0141ADUNEK<\/h1>\n<p style=\"margin: 15px 0; line-height: 1.8; clear: both; display: block; width: 100%; float: none; position: static;\">S\u0105 dwie opcje roz\u0142adunku towaru:<\/p>\n<ol>\n<li style=\"margin: 5px 0; padding: 2px 0; clear: both; display: list-item; float: none; position: static;\"><b>Samodzielne<\/b> &#8211; kierowca nie pomaga przy roz\u0142adunku. Prosimy o zorganizowanie dw\u00f3ch-trzech os\u00f3b, kt\u00f3re b\u0119d\u0105 mog\u0142y wiat\u0119 roz\u0142adowa\u0107 z samochodu.<b> <\/b><b>Wiat\u0119 mo\u017cna z auta roz\u0142adowa\u0107 element po elemencie. Nie trzeba d\u017awiga\u0107 ca\u0142ej paczki.<\/b><\/li>\n<li style=\"margin: 5px 0; padding: 2px 0; clear: both; display: list-item; float: none; position: static;\"><b>Dodatkowa us\u0142uga &#8211; roz\u0142adunek przez kierowc\u0119 &#8211; opcja dodatkowo p\u0142atna 200,00 z\u0142 (prosimy zaznaczy\u0107 t\u0119 opcj\u0119 po zakupie).&nbsp;<\/b>Towar zostanie roz\u0142adowany maksymalnie do 3m od miejsca gdzie mo\u017ce wjecha\u0107 samochodem.<\/li>\n<\/ol>\n<p style=\"margin: 15px 0; line-height: 1.8; clear: both; display: block; width: 100%; float: none; position: static;\">Wymiary paczki:3 x 1,2 x 0,5Waga: 300kg<\/p>\n<\/div>\n<\/div>\n<\/div>\n<\/div>\n<\/div>\n<\/div>\n<div style=\"clear: both; display: block; margin: 10px 0;\">\n","protected":false},"excerpt":{"rendered":"<p>Wiaty gara\u017cowe naszej firmy przede wszystkim s\u0142u\u017c\u0105 jako ochrona przed deszczem dla samochodu. Wiata gara\u017cowa jest idealnym miejscem dla samochodu, gdy nie mo\u017cna postawi\u0107 gara\u017cu lub nie ma miejsca na budynek gara\u017cowy.<\/p>\n<p>Wiata gara\u017cowa posiada znak FSC.<\/p>\n<p>Wymiary wiaty gara\u017cowej nr art. 20007:<\/p>\n<p>Wysoko\u015b\u0107 wjazdu: ok. 210 cm<\/p>\n<p>Wysoko\u015b\u0107 ca\u0142kowita: ok. 230 cm<\/p>\n<p>Szeroko\u015b\u0107 wjazdu: ok. 250 cm<\/p>\n<p>Szeroko\u015b\u0107 ca\u0142kowita: ok. 300 cm<\/p>\n<p>D\u0142ugo\u015b\u0107 ok. 500 cm<\/p>\n","protected":false},"featured_media":16014,"template":"","meta":{"_uag_custom_page_level_css":""},"product_brand":[],"product_cat":[946,891,541],"product_tag":[],"class_list":{"0":"post-16013","1":"product","2":"type-product","3":"status-publish","4":"has-post-thumbnail","6":"product_cat-altany-wiaty-zadaszenia","7":"product_cat-architektura-ogrodowa","8":"product_cat-ogrod","10":"first","11":"instock","12":"sale","13":"shipping-taxable","14":"purchasable","15":"product-type-simple"},"uagb_featured_image_src":{"full":["https:\/\/tivrano.shop\/grill\/wp-content\/uploads\/2026\/04\/allegro-image-16013.jpg",1901,1329,false],"thumbnail":["https:\/\/tivrano.shop\/grill\/wp-content\/uploads\/2026\/04\/allegro-image-16013-150x150.jpg",150,150,true],"medium":["https:\/\/tivrano.shop\/grill\/wp-content\/uploads\/2026\/04\/allegro-image-16013-300x210.jpg",300,210,true],"medium_large":["https:\/\/tivrano.shop\/grill\/wp-content\/uploads\/2026\/04\/allegro-image-16013-768x537.jpg",768,537,true],"large":["https:\/\/tivrano.shop\/grill\/wp-content\/uploads\/2026\/04\/allegro-image-16013-1024x716.jpg",1024,716,true],"1536x1536":["https:\/\/tivrano.shop\/grill\/wp-content\/uploads\/2026\/04\/allegro-image-16013-1536x1074.jpg",1536,1074,true],"2048x2048":["https:\/\/tivrano.shop\/grill\/wp-content\/uploads\/2026\/04\/allegro-image-16013.jpg",1901,1329,false],"woocommerce_thumbnail":["https:\/\/tivrano.shop\/grill\/wp-content\/uploads\/2026\/04\/allegro-image-16013-300x300.jpg",300,300,true],"woocommerce_single":["https:\/\/tivrano.shop\/grill\/wp-content\/uploads\/2026\/04\/allegro-image-16013-600x419.jpg",600,419,true],"woocommerce_gallery_thumbnail":["https:\/\/tivrano.shop\/grill\/wp-content\/uploads\/2026\/04\/allegro-image-16013-100x100.jpg",100,100,true]},"uagb_author_info":{"display_name":"admin","author_link":"https:\/\/tivrano.shop\/grill\/author\/"},"uagb_comment_info":0,"uagb_excerpt":"Wiaty gara\u017cowe naszej firmy przede wszystkim s\u0142u\u017c\u0105 jako ochrona przed deszczem dla samochodu. Wiata gara\u017cowa jest idealnym miejscem dla samochodu, gdy nie mo\u017cna postawi\u0107 gara\u017cu lub nie ma miejsca na budynek gara\u017cowy. Wiata gara\u017cowa posiada znak FSC. Wymiary wiaty gara\u017cowej nr art. 20007: Wysoko\u015b\u0107 wjazdu: ok. 210 cm Wysoko\u015b\u0107 ca\u0142kowita: ok. 230 cm Szeroko\u015b\u0107 wjazdu:&hellip;","_links":{"self":[{"href":"https:\/\/tivrano.shop\/grill\/wp-json\/wp\/v2\/product\/16013","targetHints":{"allow":["GET"]}}],"collection":[{"href":"https:\/\/tivrano.shop\/grill\/wp-json\/wp\/v2\/product"}],"about":[{"href":"https:\/\/tivrano.shop\/grill\/wp-json\/wp\/v2\/types\/product"}],"wp:featuredmedia":[{"embeddable":true,"href":"https:\/\/tivrano.shop\/grill\/wp-json\/wp\/v2\/media\/16014"}],"wp:attachment":[{"href":"https:\/\/tivrano.shop\/grill\/wp-json\/wp\/v2\/media?parent=16013"}],"wp:term":[{"taxonomy":"product_brand","embeddable":true,"href":"https:\/\/tivrano.shop\/grill\/wp-json\/wp\/v2\/product_brand?post=16013"},{"taxonomy":"product_cat","embeddable":true,"href":"https:\/\/tivrano.shop\/grill\/wp-json\/wp\/v2\/product_cat?post=16013"},{"taxonomy":"product_tag","embeddable":true,"href":"https:\/\/tivrano.shop\/grill\/wp-json\/wp\/v2\/product_tag?post=16013"}],"curies":[{"name":"wp","href":"https:\/\/api.w.org\/{rel}","templated":true}]}}