{"id":15995,"date":"2026-04-06T05:53:24","date_gmt":"2026-04-06T04:53:24","guid":{"rendered":"https:\/\/grillcentrum.shop\/gree\/produkt\/robot-koszacy-mova-lidax-ultra-800-lidar-ai-vision-aplikacja\/"},"modified":"2026-04-11T02:22:33","modified_gmt":"2026-04-11T01:22:33","slug":"robot-koszacy-mova-lidax-ultra-800-lidar-ai-vision-aplikacja","status":"publish","type":"product","link":"https:\/\/tivrano.shop\/grill\/produkt\/robot-koszacy-mova-lidax-ultra-800-lidar-ai-vision-aplikacja\/","title":{"rendered":"Robot Kosz\u0105cy MOVA LiDAX Ultra 800 LiDAR Ai Vision Aplikacja"},"content":{"rendered":"<div style=\"font-family: Arial, sans-serif; line-height: 1.6; color: #333; padding: 20px; clear: both; display: block; width: 100%; float: none; position: static; overflow: hidden;\">\n<div style=\"clear: both; display: block; margin: 10px 0;\">\n<div style=\"clear: both; display: block; margin: 10px 0;\">\n<div style=\"clear: both; display: block; margin: 10px 0;\">\n<p style=\"margin: 15px 0; line-height: 1.8; clear: both; display: block; width: 100%; float: none; position: static;\">\n<\/div>\n<\/div>\n<\/div>\n<div style=\"clear: both; display: block; margin: 10px 0;\">\n<div style=\"clear: both; display: block; margin: 10px 0;\">\n<div style=\"clear: both; display: block; margin: 10px 0;\">\n<h2>Robot kosz\u0105cy MOVA LiDAX Ultra 800<\/h2>\n<p style=\"margin: 15px 0; line-height: 1.8; clear: both; display: block; width: 100%; float: none; position: static;\">MOVA LiDAX Ultra 800 to robot kosz\u0105cy nowej generacji, zaprojektowany do precyzyjnej i w pe\u0142ni autonomicznej piel\u0119gnacji trawnik\u00f3w o powierzchni do 800 m?. Model ten \u0142\u0105czy technologi\u0119 UltraView 2.0, wykorzystuj\u0105c\u0105 360\u00b0 3D LiDAR i system wizyjny AI Vision, z wygod\u0105 konfiguracji bez przewod\u00f3w ograniczaj\u0105cych i bez stacji RTK. Dzi\u0119ki centymetrowej precyzji pozycjonowania urz\u0105dzenie porusza si\u0119 p\u0142ynnie i stabilnie nawet w z\u0142o\u017conych ogrodach, oferuj\u0105c wydajno\u015b\u0107 do 800 m2 dziennie w trybie standardowym lub do 1200 m2 dziennie w trybie efektywnym.<\/p>\n<h2>UltraView 2.0 \u2013 pe\u0142ne widzenie 3D<\/h2>\n<p style=\"margin: 15px 0; line-height: 1.8; clear: both; display: block; width: 100%; float: none; position: static;\">Robot wykorzystuje system UltraView 2.0, kt\u00f3ry \u0142\u0105czy skanowanie przestrzeni 360\u00b0 za pomoc\u0105 3D LiDAR z systemem wizyjnym AI Vision. Rozwi\u0105zanie to umo\u017cliwia tworzenie szczeg\u00f3\u0142owych map ogrodu oraz dok\u0142adne rozpoznawanie otoczenia. Dzi\u0119ki temu LiDAX Ultra 800 zachowuje stabilno\u015b\u0107 nawigacji i precyzyjne pozycjonowanie zar\u00f3wno w dzie\u0144, jak i w nocy.<\/p>\n<h2>Bezprzewodowa konfiguracja i szybkie mapowanie terenu<\/h2>\n<p style=\"margin: 15px 0; line-height: 1.8; clear: both; display: block; width: 100%; float: none; position: static;\">LiDAX Ultra 800 nie wymaga instalacji przewod\u00f3w ograniczaj\u0105cych ani stacji RTK. Dzi\u0119ki wsparciu AI wystarczy uruchomi\u0107 proces mapowania, aby robot samodzielnie zidentyfikowa\u0142 granice trawnika i przygotowa\u0142 jego map\u0119 z dok\u0142adno\u015bci\u0105 pozycjonowania do centymetra. Taki spos\u00f3b konfiguracji sprawia, \u017ce nawet je\u015bli zmieni si\u0119 uk\u0142ad ogrodu, ponowne dostosowanie pracy robota odb\u0119dzie si\u0119 wyj\u0105tkowo sprawnie.<\/p>\n<\/div>\n<\/div>\n<div style=\"clear: both; display: block; margin: 10px 0;\">\n<div style=\"clear: both; display: block; margin: 10px 0;\">\n<div  style=\"max-width:800px;max-height:800px\">\n<div style=\"clear: both; display: block; margin: 10px 0;\">\n<div style=\"clear: both; width: 100%; display: block; margin: 20px 0; padding: 0; float: none; position: static; text-align: center;\"><img decoding=\"async\"  src=\"https:\/\/a.allegroimg.com\/original\/119295\/6872c33f456f971f4062436b06e0\/Robot-Koszacy-MOVA-LiDAX-Ultra-800-LiDAR-Ai-Vision-Aplikacja\" srcset=\"https:\/\/a.allegroimg.com\/original\/119295\/6872c33f456f971f4062436b06e0\/Robot-Koszacy-MOVA-LiDAX-Ultra-800-LiDAR-Ai-Vision-Aplikacja 360w,https:\/\/a.allegroimg.com\/original\/119295\/6872c33f456f971f4062436b06e0\/Robot-Koszacy-MOVA-LiDAX-Ultra-800-LiDAR-Ai-Vision-Aplikacja 720w,https:\/\/a.allegroimg.com\/original\/119295\/6872c33f456f971f4062436b06e0\/Robot-Koszacy-MOVA-LiDAX-Ultra-800-LiDAR-Ai-Vision-Aplikacja 800w,https:\/\/a.allegroimg.com\/original\/119295\/6872c33f456f971f4062436b06e0\/Robot-Koszacy-MOVA-LiDAX-Ultra-800-LiDAR-Ai-Vision-Aplikacja 800w\" sizes=\"(min-width: 1200px) 560px, (min-width: 992px) 50vw, 100vw\" width=\"800px\" alt=\"Robot Kosz\u0105cy MOVA LiDAX Ultra 800 LiDAR Ai Vision Aplikacja\" style=\"max-width: 100%; height: auto; display: block; margin: 0 auto;\"><\/div>\n<\/div>\n<\/div>\n<\/div>\n<\/div>\n<\/div>\n<div style=\"clear: both; display: block; margin: 10px 0;\">\n<div style=\"clear: both; display: block; margin: 10px 0;\">\n<div style=\"clear: both; display: block; margin: 10px 0;\">\n<h2>Pe\u0142na kontrola w Twoich r\u0119kach<\/h2>\n<p style=\"margin: 15px 0; line-height: 1.8; clear: both; display: block; width: 100%; float: none; position: static;\">LiDAX Ultra 800 obs\u0142uguje dwie niezale\u017cne mapy terenu, co umo\u017cliwia na przyk\u0142ad wygodne zarz\u0105dzanie ogrodem frontowym i tylnym. Mo\u017cesz te\u017c wydziela\u0107 r\u00f3\u017cne strefy koszenia (do 150) i dostosowywa\u0107 ustawienia oddzielnie dla ka\u017cdej z nich, wyznacza\u0107 obszary wykluczone (takie jak baseny, piaskownice czy rabaty kwiatowe) i definiowa\u0107 \u015bcie\u017cki przejazdowe, dzi\u0119ki kt\u00f3rym robot b\u0119dzie sprawnie przemieszcza\u0142 si\u0119 mi\u0119dzy okre\u015blonymi cz\u0119\u015bciami trawnika.<\/p>\n<h2>Uporz\u0105dkowane koszenie w schemacie U-Shape<\/h2>\n<p style=\"margin: 15px 0; line-height: 1.8; clear: both; display: block; width: 100%; float: none; position: static;\">Robot inteligentnie planuje trasy w kszta\u0142cie litery U, dzi\u0119ki czemu zapewnia r\u00f3wnomierne pokrycie powierzchni trawnika i estetyczny efekt wizualny. Co wi\u0119cej, w przypadku niskiego poziomu na\u0142adowania urz\u0105dzenie automatycznie wraca do stacji dokuj\u0105cej, a po uzupe\u0142nieniu energii wznawia koszenie dok\u0142adnie od miejsca, w kt\u00f3rym przerwa\u0142o. Dzi\u0119ki temu zachowuje ci\u0105g\u0142o\u015b\u0107 pracy \u2013 nie musisz pami\u0119ta\u0107 o jego \u0142adowaniu!<\/p>\n<\/div>\n<\/div>\n<div style=\"clear: both; display: block; margin: 10px 0;\">\n<div style=\"clear: both; display: block; margin: 10px 0;\">\n<div  style=\"max-width:1000px;max-height:637px\">\n<div style=\"clear: both; display: block; margin: 10px 0;\">\n<div style=\"clear: both; width: 100%; display: block; margin: 20px 0; padding: 0; float: none; position: static; text-align: center;\"><img decoding=\"async\"  src=\"https:\/\/a.allegroimg.com\/original\/111b6c\/c2e46abd4f05a42dee30ad9382e5\" srcset=\"https:\/\/a.allegroimg.com\/original\/111b6c\/c2e46abd4f05a42dee30ad9382e5 360w,https:\/\/a.allegroimg.com\/original\/111b6c\/c2e46abd4f05a42dee30ad9382e5 720w,https:\/\/a.allegroimg.com\/original\/111b6c\/c2e46abd4f05a42dee30ad9382e5 1000w,https:\/\/a.allegroimg.com\/original\/111b6c\/c2e46abd4f05a42dee30ad9382e5 1000w\" sizes=\"(min-width: 1200px) 560px, (min-width: 992px) 50vw, 100vw\" width=\"1000px\" alt=\"\" style=\"max-width: 100%; height: auto; display: block; margin: 0 auto;\"><\/div>\n<\/div>\n<\/div>\n<\/div>\n<\/div>\n<\/div>\n<div style=\"clear: both; display: block; margin: 10px 0;\">\n<div style=\"clear: both; display: block; margin: 10px 0;\">\n<div style=\"clear: both; display: block; margin: 10px 0;\">\n<h2>UltraTrim 1.0 \u2013 precyzja koszenia przy kraw\u0119dziach<\/h2>\n<p style=\"margin: 15px 0; line-height: 1.8; clear: both; display: block; width: 100%; float: none; position: static;\">Zastosowany system UltraTrim 1.0 z ruchomym dyskiem tn\u0105cym umo\u017cliwia dok\u0142adne koszenie na obrze\u017cach trawnika. Mechanizm automatycznie dopasowuje pozycj\u0119 ostrza, aby zminimalizowa\u0107 liczb\u0119 pomini\u0119tych miejsc i utrzyma\u0107 margines przy kraw\u0119dziach poni\u017cej 5 cm. Z kolei na r\u00f3wnych przej\u015bciach mi\u0119dzy traw\u0105 a inn\u0105 powierzchni\u0105 robot mo\u017ce kosi\u0107 wzd\u0142u\u017c samej granicy, co przek\u0142ada si\u0119 na wyj\u0105tkowo estetyczny efekt.<\/p>\n<h2>Regulacja wysoko\u015bci i dok\u0142adno\u015b\u0107 nawet na nier\u00f3wnym terenie<\/h2>\n<p style=\"margin: 15px 0; line-height: 1.8; clear: both; display: block; width: 100%; float: none; position: static;\">Wysoko\u015b\u0107 koszenia mo\u017cna wygodnie regulowa\u0107 z poziomu aplikacji w zakresie od 3 do 10 cm, co pozwala \u0142atwo dopasowa\u0107 wygl\u0105d trawnika do swoich preferencji. Ponadto adaptacyjny mechanizm Floating Cutting System automatycznie dostosowuje po\u0142o\u017cenie ostrza do nier\u00f3wno\u015bci terenu, zapewniaj\u0105c r\u00f3wnomierne ci\u0119cie i sp\u00f3jny efekt wizualny na ca\u0142ej powierzchni.<\/p>\n<\/div>\n<\/div>\n<div style=\"clear: both; display: block; margin: 10px 0;\">\n<div style=\"clear: both; display: block; margin: 10px 0;\">\n<div  style=\"max-width:1000px;max-height:637px\">\n<div style=\"clear: both; display: block; margin: 10px 0;\">\n<div style=\"clear: both; width: 100%; display: block; margin: 20px 0; padding: 0; float: none; position: static; text-align: center;\"><img decoding=\"async\"  src=\"https:\/\/a.allegroimg.com\/original\/1113d8\/107969ff47d6bcb5e3553d9c856e\/Robot-Koszacy-MOVA-LiDAX-Ultra-800-LiDAR-Ai-Vision-Aplikacja-Zawiera-baterie-tak\" srcset=\"https:\/\/a.allegroimg.com\/original\/1113d8\/107969ff47d6bcb5e3553d9c856e\/Robot-Koszacy-MOVA-LiDAX-Ultra-800-LiDAR-Ai-Vision-Aplikacja-Zawiera-baterie-tak 360w,https:\/\/a.allegroimg.com\/original\/1113d8\/107969ff47d6bcb5e3553d9c856e\/Robot-Koszacy-MOVA-LiDAX-Ultra-800-LiDAR-Ai-Vision-Aplikacja-Zawiera-baterie-tak 720w,https:\/\/a.allegroimg.com\/original\/1113d8\/107969ff47d6bcb5e3553d9c856e\/Robot-Koszacy-MOVA-LiDAX-Ultra-800-LiDAR-Ai-Vision-Aplikacja-Zawiera-baterie-tak 1000w,https:\/\/a.allegroimg.com\/original\/1113d8\/107969ff47d6bcb5e3553d9c856e\/Robot-Koszacy-MOVA-LiDAX-Ultra-800-LiDAR-Ai-Vision-Aplikacja-Zawiera-baterie-tak 1000w\" sizes=\"(min-width: 1200px) 560px, (min-width: 992px) 50vw, 100vw\" width=\"1000px\" alt=\"Robot Kosz\u0105cy MOVA LiDAX Ultra 800 LiDAR Ai Vision Aplikacja Zawiera baterie tak\" style=\"max-width: 100%; height: auto; display: block; margin: 0 auto;\"><\/div>\n<\/div>\n<\/div>\n<\/div>\n<\/div>\n<\/div>\n<div style=\"clear: both; display: block; margin: 10px 0;\">\n<div style=\"clear: both; display: block; margin: 10px 0;\">\n<div style=\"clear: both; display: block; margin: 10px 0;\">\n<h2>Sprawdzi si\u0119 w trudnym terenie<\/h2>\n<p style=\"margin: 15px 0; line-height: 1.8; clear: both; display: block; width: 100%; float: none; position: static;\">LiDAX Ultra 800 zosta\u0142 zaprojektowany z my\u015bl\u0105 o pracy w wymagaj\u0105cym \u015brodowisku. Jego tylny nap\u0119d i ko\u0142a terenowe zapewniaj\u0105 dobr\u0105 przyczepno\u015b\u0107, umo\u017cliwiaj\u0105c prac\u0119 na nachyleniach do 45% (24\u00b0) i pokonywanie przeszk\u00f3d o wysoko\u015bci do 4 cm. Robot bez problemu przeje\u017cd\u017ca te\u017c przez w\u0105skie przej\u015bcia (o szeroko\u015bci od 60 cm), zachowuj\u0105c stabilno\u015b\u0107 i p\u0142ynno\u015b\u0107 ruchu. Nie obawiaj si\u0119, \u017ce gdzie\u015b si\u0119 zaklinuje!<\/p>\n<h2>Wykrywanie przeszk\u00f3d, spok\u00f3j i bezpiecze\u0144stwo<\/h2>\n<p style=\"margin: 15px 0; line-height: 1.8; clear: both; display: block; width: 100%; float: none; position: static;\">Dzi\u0119ki wykorzystaniu danych chmur punkt\u00f3w 3D i systemu wizyjnego AI robot rozpoznaje i omija ponad 300 typ\u00f3w przeszk\u00f3d, w tym meble ogrodowe, narz\u0119dzia, drobne elementy czy zabawki, a tak\u017ce ludzi i zwierz\u0119ta (takie jak psy, koty, je\u017ce). Dost\u0119pne s\u0105 r\u00f3wnie\u017c tryby przyjazne zwierzakom, kt\u00f3re zwi\u0119kszaj\u0105 bezpiecze\u0144stwo poprzez spowolnienie pracy, omijanie wyznaczonych stref, w kt\u00f3rych przebywaj\u0105 czworonogi, oraz mo\u017cliwo\u015b\u0107 wstrzymania koszenia w okre\u015blonych godzinach. Do tego dochodzi ciche dzia\u0142anie \u2013 urz\u0105dzenie generuje ha\u0142as na poziomie zaledwie oko\u0142o 57 dB, dzi\u0119ki czemu nie zak\u0142\u00f3ca spokoju domownik\u00f3w czy s\u0105siad\u00f3w.<\/p>\n<\/div>\n<\/div>\n<div style=\"clear: both; display: block; margin: 10px 0;\">\n<div style=\"clear: both; display: block; margin: 10px 0;\">\n<div  style=\"max-width:1000px;max-height:637px\">\n<div style=\"clear: both; display: block; margin: 10px 0;\">\n<div style=\"clear: both; width: 100%; display: block; margin: 20px 0; padding: 0; float: none; position: static; text-align: center;\"><img decoding=\"async\"  src=\"https:\/\/a.allegroimg.com\/original\/11e339\/646e14da479a9c2932ec46ad1b8e\/Robot-Koszacy-MOVA-LiDAX-Ultra-800-LiDAR-Ai-Vision-Aplikacja-Certyfikaty-zgodnosci-CE\" srcset=\"https:\/\/a.allegroimg.com\/original\/11e339\/646e14da479a9c2932ec46ad1b8e\/Robot-Koszacy-MOVA-LiDAX-Ultra-800-LiDAR-Ai-Vision-Aplikacja-Certyfikaty-zgodnosci-CE 360w,https:\/\/a.allegroimg.com\/original\/11e339\/646e14da479a9c2932ec46ad1b8e\/Robot-Koszacy-MOVA-LiDAX-Ultra-800-LiDAR-Ai-Vision-Aplikacja-Certyfikaty-zgodnosci-CE 720w,https:\/\/a.allegroimg.com\/original\/11e339\/646e14da479a9c2932ec46ad1b8e\/Robot-Koszacy-MOVA-LiDAX-Ultra-800-LiDAR-Ai-Vision-Aplikacja-Certyfikaty-zgodnosci-CE 1000w,https:\/\/a.allegroimg.com\/original\/11e339\/646e14da479a9c2932ec46ad1b8e\/Robot-Koszacy-MOVA-LiDAX-Ultra-800-LiDAR-Ai-Vision-Aplikacja-Certyfikaty-zgodnosci-CE 1000w\" sizes=\"(min-width: 1200px) 560px, (min-width: 992px) 50vw, 100vw\" width=\"1000px\" alt=\"Robot Kosz\u0105cy MOVA LiDAX Ultra 800 LiDAR Ai Vision Aplikacja Certyfikaty zgodno\u015bci CE\" style=\"max-width: 100%; height: auto; display: block; margin: 0 auto;\"><\/div>\n<\/div>\n<\/div>\n<\/div>\n<\/div>\n<\/div>\n<div style=\"clear: both; display: block; margin: 10px 0;\">\n<div style=\"clear: both; display: block; margin: 10px 0;\">\n<div style=\"clear: both; display: block; margin: 10px 0;\">\n<h2>Koszenie dopasowane do Twoich potrzeb<\/h2>\n<p style=\"margin: 15px 0; line-height: 1.8; clear: both; display: block; width: 100%; float: none; position: static;\">Aplikacja MOVAhome oferuje kilka tryb\u00f3w pracy, kt\u00f3re pozwalaj\u0105 dostosowa\u0107 dzia\u0142anie robota do indywidualnych potrzeb. Dost\u0119pne opcje to koszenie ca\u0142ego obszaru, strefowe, przy kraw\u0119dziach, punktowe i r\u0119czne, kt\u00f3re pozwala samodzielnie sterowa\u0107 urz\u0105dzeniem. Mo\u017cesz te\u017c wybiera\u0107 spo\u015br\u00f3d dw\u00f3ch tryb\u00f3w efektywno\u015bci \u2013 wydajny sprawdzi si\u0119 na co dzie\u0144, a standardowy zapewnia wi\u0119ksz\u0105 precyzj\u0119. Istnieje r\u00f3wnie\u017c mo\u017cliwo\u015b\u0107 zaplanowania oddzielnych harmonogram\u00f3w pracy na sezon wiosenno-letni i jesienno-zimowy, aby uwzgl\u0119dni\u0107 zmienne tempo wzrostu trawy w ci\u0105gu roku. A je\u015bli chcesz nada\u0107 swojemu trawnikowi ciekawszy charakter, wypr\u00f3buj dost\u0119pne w aplikacji wzory koszenia, takie jak serca czy kwadraty.<\/p>\n<h2>Inteligentna reakcja na pogod\u0119 i prosta konserwacja<\/h2>\n<p style=\"margin: 15px 0; line-height: 1.8; clear: both; display: block; width: 100%; float: none; position: static;\">Robot analizuje warunki pogodowe i automatycznie wstrzymuje koszenie w niesprzyjaj\u0105cych sytuacjach, takich jak deszcz czy \u015bnieg. W tego typu warunkach pozostaje w stacji \u0142aduj\u0105cej, a gdy pogoda si\u0119 poprawi, samodzielnie wznawia prac\u0119. Takie rozwi\u0105zanie chroni zar\u00f3wno trawnik, jak i komponenty urz\u0105dzenia. Konserwacja robota r\u00f3wnie\u017c nie sprawi Ci problemu. Dzi\u0119ki klasie szczelno\u015bci IPX6 mo\u017cliwe jest bezpieczne op\u0142ukanie jego obudowy i spodu wod\u0105, co u\u0142atwia usuwanie resztek trawy i bie\u017c\u0105c\u0105 konserwacj\u0119. Ponadto funkcja Easy Clean pozwala ustawi\u0107 w aplikacji punkty czyszczenia \u2013 wystarczy dotkni\u0119cie, aby LiDAX Ultra 800 automatycznie do nich dojecha\u0142. Nie musisz samodzielnie go przenosi\u0107!<\/p>\n<h2>TrueGuard \u2013 stra\u017cnik Twojego ogrodu<\/h2>\n<p style=\"margin: 15px 0; line-height: 1.8; clear: both; display: block; width: 100%; float: none; position: static;\">System TrueGuard pozwala wykorzysta\u0107 robota do monitorowania otoczenia posesji. LiDAX Ultra 800 oferuje podgl\u0105d wideo na \u017cywo oraz tryb patrolowania poza godzinami koszenia, a w przypadku wykrycia aktywno\u015bci cz\u0142owieka generuje odpowiedni alert. Dodatkowo zabezpieczenie antykradzie\u017cowe uruchamia alarm po podniesieniu robota i wy\u015bwietla ostrze\u017cenie w aplikacji. W oddzielnej sprzeda\u017cy dost\u0119pny jest te\u017c modu\u0142 MOVA Link, kt\u00f3ry umo\u017cliwia \u015bledzenie lokalizacji GPS urz\u0105dzenia, a je\u015bli opu\u015bci ono wyznaczony obszar, natychmiast wysy\u0142a powiadomienie.<\/p>\n<\/div>\n<\/div>\n<div style=\"clear: both; display: block; margin: 10px 0;\">\n<div style=\"clear: both; display: block; margin: 10px 0;\">\n<div  style=\"max-width:1000px;max-height:637px\">\n<div style=\"clear: both; display: block; margin: 10px 0;\">\n<div style=\"clear: both; width: 100%; display: block; margin: 20px 0; padding: 0; float: none; position: static; text-align: center;\"><img decoding=\"async\"  src=\"https:\/\/a.allegroimg.com\/original\/114ad5\/b77b9c304aff8680e7a8cef08bc7\/Robot-Koszacy-MOVA-LiDAX-Ultra-800-LiDAR-Ai-Vision-Aplikacja-Waga-produktu-z-opakowaniem-jednostkowym-36-741-kg\" srcset=\"https:\/\/a.allegroimg.com\/original\/114ad5\/b77b9c304aff8680e7a8cef08bc7\/Robot-Koszacy-MOVA-LiDAX-Ultra-800-LiDAR-Ai-Vision-Aplikacja-Waga-produktu-z-opakowaniem-jednostkowym-36-741-kg 360w,https:\/\/a.allegroimg.com\/original\/114ad5\/b77b9c304aff8680e7a8cef08bc7\/Robot-Koszacy-MOVA-LiDAX-Ultra-800-LiDAR-Ai-Vision-Aplikacja-Waga-produktu-z-opakowaniem-jednostkowym-36-741-kg 720w,https:\/\/a.allegroimg.com\/original\/114ad5\/b77b9c304aff8680e7a8cef08bc7\/Robot-Koszacy-MOVA-LiDAX-Ultra-800-LiDAR-Ai-Vision-Aplikacja-Waga-produktu-z-opakowaniem-jednostkowym-36-741-kg 1000w,https:\/\/a.allegroimg.com\/original\/114ad5\/b77b9c304aff8680e7a8cef08bc7\/Robot-Koszacy-MOVA-LiDAX-Ultra-800-LiDAR-Ai-Vision-Aplikacja-Waga-produktu-z-opakowaniem-jednostkowym-36-741-kg 1000w\" sizes=\"(min-width: 1200px) 560px, (min-width: 992px) 50vw, 100vw\" width=\"1000px\" alt=\"Robot Kosz\u0105cy MOVA LiDAX Ultra 800 LiDAR Ai Vision Aplikacja Waga produktu z opakowaniem jednostkowym 36.741 kg\" style=\"max-width: 100%; height: auto; display: block; margin: 0 auto;\"><\/div>\n<\/div>\n<\/div>\n<\/div>\n<\/div>\n<\/div>\n<div style=\"clear: both; display: block; margin: 10px 0;\">\n<div style=\"clear: both; display: block; margin: 10px 0;\">\n<div style=\"clear: both; display: block; margin: 10px 0;\">\n<h2>Specyfikacja produktu&nbsp;Robot kosz\u0105cy MOVA LiDAX Ultra 800<\/h2>\n<p style=\"margin: 15px 0; line-height: 1.8; clear: both; display: block; width: 100%; float: none; position: static;\">Dane fizyczne<\/p>\n<ul style=\"margin: 15px 0; padding-left: 20px; clear: both; display: block; width: 100%; float: none; position: static;\">\n<li style=\"margin: 5px 0; padding: 2px 0; clear: both; display: list-item; float: none; position: static;\"><b>Rodzaj kosiarki:<\/b> Robot kosz\u0105cy<\/li>\n<li style=\"margin: 5px 0; padding: 2px 0; clear: both; display: list-item; float: none; position: static;\"><b>Regulacja wysoko\u015bci koszenia:<\/b> Tak<\/li>\n<li style=\"margin: 5px 0; padding: 2px 0; clear: both; display: list-item; float: none; position: static;\"><b>Kolor:<\/b> Szary<\/li>\n<li style=\"margin: 5px 0; padding: 2px 0; clear: both; display: list-item; float: none; position: static;\"><b>W zestawie:<\/b> Stacja dokuj\u0105ca i p\u0142yta podstawy Zasilacz Szczoteczka do czyszczenia \u015aruby x8 Klucz imbusowy Zapasowe ostrza i \u015bruby x9 \u015arubokr\u0119t Instrukcja obs\u0142ugi Skr\u00f3cona instrukcja obs\u0142ugi \u015aciereczka bezpy\u0142owa<\/li>\n<\/ul>\n<p style=\"margin: 15px 0; line-height: 1.8; clear: both; display: block; width: 100%; float: none; position: static;\">Dane podstawowe<\/p>\n<ul style=\"margin: 15px 0; padding-left: 20px; clear: both; display: block; width: 100%; float: none; position: static;\">\n<li style=\"margin: 5px 0; padding: 2px 0; clear: both; display: list-item; float: none; position: static;\"><b>Zalecana powierzchnia [m2]:<\/b> 800 m2<\/li>\n<li style=\"margin: 5px 0; padding: 2px 0; clear: both; display: list-item; float: none; position: static;\"><b>Szeroko\u015b\u0107 koszenia [mm]:<\/b> 200 mm<\/li>\n<li style=\"margin: 5px 0; padding: 2px 0; clear: both; display: list-item; float: none; position: static;\"><b>Sterowanie smartfonem:<\/b> Tak<\/li>\n<li style=\"margin: 5px 0; padding: 2px 0; clear: both; display: list-item; float: none; position: static;\"><b>Aplikacja do sterowania:<\/b> Tak<\/li>\n<li style=\"margin: 5px 0; padding: 2px 0; clear: both; display: list-item; float: none; position: static;\"><b>Poziom ha\u0142asu [dB]:<\/b> 57 dB<\/li>\n<li style=\"margin: 5px 0; padding: 2px 0; clear: both; display: list-item; float: none; position: static;\"><b>Harmonogram pracy:<\/b> Podw\u00f3jne harmonogramy sezonowe<\/li>\n<li style=\"margin: 5px 0; padding: 2px 0; clear: both; display: list-item; float: none; position: static;\"><b>Maksymalne nachylenie terenu:<\/b> 45% (24\u00b0)<\/li>\n<li style=\"margin: 5px 0; padding: 2px 0; clear: both; display: list-item; float: none; position: static;\"><b>System koszenia:<\/b> 20 cm szerokie, 3-10 cm wysokie<\/li>\n<li style=\"margin: 5px 0; padding: 2px 0; clear: both; display: list-item; float: none; position: static;\"><b>Klasa szczelno\u015bci:<\/b> IPX6<\/li>\n<li style=\"margin: 5px 0; padding: 2px 0; clear: both; display: list-item; float: none; position: static;\"><b>Typ akumulatora:<\/b> 4 Ah<\/li>\n<li style=\"margin: 5px 0; padding: 2px 0; clear: both; display: list-item; float: none; position: static;\"><b>Inne:<\/b> Ci\u0105g\u0142o\u015b\u0107 koszenia Sterowanie za pomoc\u0105 przycisk\u00f3w, pokr\u0119t\u0142a i aplikacji Nat\u0119\u017cenie pr\u0105du \u0142adowania: 3 A Dok\u0142adne koszenie na obrze\u017cach trawnika<\/li>\n<li style=\"margin: 5px 0; padding: 2px 0; clear: both; display: list-item; float: none; position: static;\"><b>Wydajno\u015b\u0107 koszenia:<\/b> Tryb standardowy: 800m2 na 24h \/ tryb wydajny: 1200m2 na 24h<\/li>\n<li style=\"margin: 5px 0; padding: 2px 0; clear: both; display: list-item; float: none; position: static;\"><b>Tryby pracy:<\/b> 5 tryb\u00f3w pracy<\/li>\n<li style=\"margin: 5px 0; padding: 2px 0; clear: both; display: list-item; float: none; position: static;\"><b>Funkcje:<\/b> Automatyczne mapowanie ogrodu Obs\u0142uga dw\u00f3ch map (Dual Map) Zarz\u0105dzanie strefami i obszarami no-go \u015acie\u017cki przejazdowe mi\u0119dzy strefami Planowanie trasy koszenia w kszta\u0142cie litery U Koszenie przy kraw\u0119dziach Niestandardowe wzory koszenia Automatyczne wstrzymanie pracy przy niesprzyjaj\u0105cych warunkach pogodowych Animal Activity Zones System bezpiecze\u0144stwa TrueGuard\u2122<\/li>\n<li style=\"margin: 5px 0; padding: 2px 0; clear: both; display: list-item; float: none; position: static;\"><b>Nawigacja i pozycjonowanie:<\/b> UltraView\u2122 2.0 (360\u00b0 3D LiDAR i AI Vision)<\/li>\n<\/ul>\n<\/div>\n<\/div>\n<\/div>\n<\/div>\n<\/div>\n<\/div>\n<div style=\"clear: both; display: block; margin: 10px 0;\">\n","protected":false},"excerpt":{"rendered":"<p>Robot kosz\u0105cy MOVA LiDAX Ultra 800<\/p>\n","protected":false},"featured_media":15996,"template":"","meta":{"_uag_custom_page_level_css":""},"product_brand":[964],"product_cat":[867,866,541,920],"product_tag":[],"class_list":{"0":"post-15995","1":"product","2":"type-product","3":"status-publish","4":"has-post-thumbnail","6":"product_brand-mova","7":"product_cat-kosiarki","8":"product_cat-narzedzia-ogrodnicze","9":"product_cat-ogrod","10":"product_cat-roboty-koszace","12":"first","13":"instock","14":"sale","15":"shipping-taxable","16":"purchasable","17":"product-type-simple"},"uagb_featured_image_src":{"full":["https:\/\/tivrano.shop\/grill\/wp-content\/uploads\/2026\/04\/allegro-image-15995.jpg",800,800,false],"thumbnail":["https:\/\/tivrano.shop\/grill\/wp-content\/uploads\/2026\/04\/allegro-image-15995-150x150.jpg",150,150,true],"medium":["https:\/\/tivrano.shop\/grill\/wp-content\/uploads\/2026\/04\/allegro-image-15995-300x300.jpg",300,300,true],"medium_large":["https:\/\/tivrano.shop\/grill\/wp-content\/uploads\/2026\/04\/allegro-image-15995-768x768.jpg",768,768,true],"large":["https:\/\/tivrano.shop\/grill\/wp-content\/uploads\/2026\/04\/allegro-image-15995.jpg",800,800,false],"1536x1536":["https:\/\/tivrano.shop\/grill\/wp-content\/uploads\/2026\/04\/allegro-image-15995.jpg",800,800,false],"2048x2048":["https:\/\/tivrano.shop\/grill\/wp-content\/uploads\/2026\/04\/allegro-image-15995.jpg",800,800,false],"woocommerce_thumbnail":["https:\/\/tivrano.shop\/grill\/wp-content\/uploads\/2026\/04\/allegro-image-15995-300x300.jpg",300,300,true],"woocommerce_single":["https:\/\/tivrano.shop\/grill\/wp-content\/uploads\/2026\/04\/allegro-image-15995-600x600.jpg",600,600,true],"woocommerce_gallery_thumbnail":["https:\/\/tivrano.shop\/grill\/wp-content\/uploads\/2026\/04\/allegro-image-15995-100x100.jpg",100,100,true]},"uagb_author_info":{"display_name":"admin","author_link":"https:\/\/tivrano.shop\/grill\/author\/"},"uagb_comment_info":0,"uagb_excerpt":"Robot kosz\u0105cy MOVA LiDAX Ultra 800","_links":{"self":[{"href":"https:\/\/tivrano.shop\/grill\/wp-json\/wp\/v2\/product\/15995","targetHints":{"allow":["GET"]}}],"collection":[{"href":"https:\/\/tivrano.shop\/grill\/wp-json\/wp\/v2\/product"}],"about":[{"href":"https:\/\/tivrano.shop\/grill\/wp-json\/wp\/v2\/types\/product"}],"wp:featuredmedia":[{"embeddable":true,"href":"https:\/\/tivrano.shop\/grill\/wp-json\/wp\/v2\/media\/15996"}],"wp:attachment":[{"href":"https:\/\/tivrano.shop\/grill\/wp-json\/wp\/v2\/media?parent=15995"}],"wp:term":[{"taxonomy":"product_brand","embeddable":true,"href":"https:\/\/tivrano.shop\/grill\/wp-json\/wp\/v2\/product_brand?post=15995"},{"taxonomy":"product_cat","embeddable":true,"href":"https:\/\/tivrano.shop\/grill\/wp-json\/wp\/v2\/product_cat?post=15995"},{"taxonomy":"product_tag","embeddable":true,"href":"https:\/\/tivrano.shop\/grill\/wp-json\/wp\/v2\/product_tag?post=15995"}],"curies":[{"name":"wp","href":"https:\/\/api.w.org\/{rel}","templated":true}]}}