{"id":15981,"date":"2026-04-06T05:53:18","date_gmt":"2026-04-06T04:53:18","guid":{"rendered":"https:\/\/grillcentrum.shop\/gree\/produkt\/basen-ogrodowy-stelazowy-450-x-220-x-84-cm-intex-28273\/"},"modified":"2026-04-11T02:22:32","modified_gmt":"2026-04-11T01:22:32","slug":"basen-ogrodowy-stelazowy-450-x-220-x-84-cm-intex-28273","status":"publish","type":"product","link":"https:\/\/tivrano.shop\/grill\/produkt\/basen-ogrodowy-stelazowy-450-x-220-x-84-cm-intex-28273\/","title":{"rendered":"Basen ogrodowy stela\u017cowy 450 x 220 x 84 cm INTEX 28273"},"content":{"rendered":"<div style=\"font-family: Arial, sans-serif; line-height: 1.6; color: #333; padding: 20px; clear: both; display: block; width: 100%; float: none; position: static; overflow: hidden;\">\n<div style=\"clear: both; display: block; margin: 10px 0;\">\n<div style=\"clear: both; display: block; margin: 10px 0;\">\n<div style=\"clear: both; display: block; margin: 10px 0;\">\n<p style=\"margin: 15px 0; line-height: 1.8; clear: both; display: block; width: 100%; float: none; position: static;\">Basen stela\u017cowy prostok\u0105tny 450 x 220 x 84 cm<br \/>\nINTEX 28273<\/p>\n<p style=\"margin: 15px 0; line-height: 1.8; clear: both; display: block; width: 100%; float: none; position: static;\"> Przygotuj si\u0119 na upalne lato ?<br \/>\n Korzystaj z gor\u0105cej pogody w zaciszu w\u0142asnego ogr\u00f3dka.<br \/>\n Basen jest \u0142atwy w monta\u017cu. Sam przygotujesz go bez u\u017cycia narz\u0119dzi w kilka chwil.<br \/>\n Kupuj\u0105c prezentowany basen INTEX masz pewno\u015b\u0107, \u017ce produkt jest nowy, oryginalny i bezpieczny<\/p>\n<p style=\"margin: 15px 0; line-height: 1.8; clear: both; display: block; width: 100%; float: none; position: static;\">\nZawarto\u015b\u0107 zestawu:<\/p>\n<p style=\"margin: 15px 0; line-height: 1.8; clear: both; display: block; width: 100%; float: none; position: static;\">Basen stela\u017cowy 450 x 220 x 84 cm<br \/>\nZa\u015blepki otwor\u00f3w na pomp\u0119<br \/>\n\u0141atka naprawcza<br \/>\nInstrukcja w j\u0119zyku polskim<br \/>\nPrzewodnik &#8211; do pobrania w aukcji<\/p>\n<p style=\"margin: 15px 0; line-height: 1.8; clear: both; display: block; width: 100%; float: none; position: static;\">\nKUPUJ U AUTORYZOWANEGO SPRZEDAWCY<br \/>\nZyskujesz:<\/p>\n<p style=\"margin: 15px 0; line-height: 1.8; clear: both; display: block; width: 100%; float: none; position: static;\">serwis gwarancyjny i pogwarancyjny,<br \/>\ndost\u0119p do najbogatszego wyboru akcesori\u00f3w,<br \/>\npomoc wyspecjalizowanego personelu,<br \/>\ninformacje i sprawdzone porady dotycz\u0105ce u\u017cytkowania,<br \/>\nzawsze nowe i najwy\u017cszej jako\u015bci produkty<\/p>\n<p style=\"margin: 15px 0; line-height: 1.8; clear: both; display: block; width: 100%; float: none; position: static;\"> 15 lat do\u015bwiadczenia na rynku! ?<br \/>\n Ponad 2 mln obs\u0142u\u017conych klient\u00f3w ?<br \/>\n oznacza to, \u017ce statystycznie co najmniej jeden z Twoich s\u0105siad\u00f3w kupi\u0142 u nas basen ogrodowy lub akcesoria basenowe.<\/p>\n<p style=\"margin: 15px 0; line-height: 1.8; clear: both; display: block; width: 100%; float: none; position: static;\">\nNajwy\u017csza jako\u015b\u0107 wykonania<\/p>\n<p style=\"margin: 15px 0; line-height: 1.8; clear: both; display: block; width: 100%; float: none; position: static;\">Wytrzyma\u0142y 3 warstwowy materia\u0142 PVC<br \/>\nWzmocnienie z nylonowej siatki pomi\u0119dzy warstwami<br \/>\nPow\u0142oka odporna na przebicia<br \/>\nWn\u0119trze imituj\u0105ce mozaik\u0119 w kolorze bia\u0142o-niebieskim<\/p>\n<p style=\"margin: 15px 0; line-height: 1.8; clear: both; display: block; width: 100%; float: none; position: static;\">Basen gotowy w 3 szybkich krokach:<\/p>\n<p style=\"margin: 15px 0; line-height: 1.8; clear: both; display: block; width: 100%; float: none; position: static;\">Rozwi\u0144 pow\u0142ok\u0119,<br \/>\nZ\u0142\u00f3\u017c stela\u017c- bez u\u017cycia narz\u0119dzi<br \/>\nNalej wod\u0119 &#8211; gotowe!<\/p>\n<p style=\"margin: 15px 0; line-height: 1.8; clear: both; display: block; width: 100%; float: none; position: static;\">Teraz roz\u0142o\u017cenie tak du\u017cego basenu zajmie Ci kilka chwil<\/p>\n<p style=\"margin: 15px 0; line-height: 1.8; clear: both; display: block; width: 100%; float: none; position: static;\">\nDane techniczne:<\/p>\n<p style=\"margin: 15px 0; line-height: 1.8; clear: both; display: block; width: 100%; float: none; position: static;\">Wymiary basenu 450 x 220 x 84 cm<br \/>\nWaga basenu 39,2 kg<br \/>\nZalecane wype\u0142nienie wod\u0105 90 %<br \/>\nPojemno\u015b\u0107 7 127 litr\u00f3w<\/p>\n<p style=\"margin: 15px 0; line-height: 1.8; clear: both; display: block; width: 100%; float: none; position: static;\">\n  Spraw by to lato by\u0142o pe\u0142ne cudownych wra\u017ce\u0144!  ?<\/p>\n<\/div>\n<\/div>\n<\/div>\n<div style=\"clear: both; display: block; margin: 10px 0;\">\n<div style=\"clear: both; display: block; margin: 10px 0;\">\n<div style=\"clear: both; display: block; margin: 10px 0;\">\n<div  style=\"max-width:1500px;max-height:1500px\">\n<div style=\"clear: both; display: block; margin: 10px 0;\">\n<div style=\"clear: both; width: 100%; display: block; margin: 20px 0; padding: 0; float: none; position: static; text-align: center;\"><img decoding=\"async\"  src=\"https:\/\/a.allegroimg.com\/original\/110a22\/c0553b5e4fb791162d2b9801d81e\/Basen-ogrodowy-stelazowy-450-x-220-x-84-cm-INTEX-28273\" srcset=\"https:\/\/a.allegroimg.com\/original\/110a22\/c0553b5e4fb791162d2b9801d81e\/Basen-ogrodowy-stelazowy-450-x-220-x-84-cm-INTEX-28273 360w,https:\/\/a.allegroimg.com\/original\/110a22\/c0553b5e4fb791162d2b9801d81e\/Basen-ogrodowy-stelazowy-450-x-220-x-84-cm-INTEX-28273 720w,https:\/\/a.allegroimg.com\/original\/110a22\/c0553b5e4fb791162d2b9801d81e\/Basen-ogrodowy-stelazowy-450-x-220-x-84-cm-INTEX-28273 1024w,https:\/\/a.allegroimg.com\/original\/110a22\/c0553b5e4fb791162d2b9801d81e\/Basen-ogrodowy-stelazowy-450-x-220-x-84-cm-INTEX-28273 1440w,https:\/\/a.allegroimg.com\/original\/110a22\/c0553b5e4fb791162d2b9801d81e\/Basen-ogrodowy-stelazowy-450-x-220-x-84-cm-INTEX-28273 1500w\" sizes=\"(min-width: 1200px) 560px, (min-width: 992px) 50vw, 100vw\" width=\"1500px\" alt=\"Basen ogrodowy stela\u017cowy 450 x 220 x 84 cm INTEX 28273\" style=\"max-width: 100%; height: auto; display: block; margin: 0 auto;\"><\/div>\n<\/div>\n<\/div>\n<\/div>\n<\/div>\n<div style=\"clear: both; display: block; margin: 10px 0;\">\n<div style=\"clear: both; display: block; margin: 10px 0;\">\n<div  style=\"max-width:1080px;max-height:810px\">\n<div style=\"clear: both; display: block; margin: 10px 0;\">\n<div style=\"clear: both; width: 100%; display: block; margin: 20px 0; padding: 0; float: none; position: static; text-align: center;\"><img decoding=\"async\"  src=\"https:\/\/a.allegroimg.com\/original\/117aa7\/5e82b5ca431da6f12a2fb62d9ec7\/Basen-ogrodowy-stelazowy-450-x-220-x-84-cm-INTEX-28273-Marka-Intex\" srcset=\"https:\/\/a.allegroimg.com\/original\/117aa7\/5e82b5ca431da6f12a2fb62d9ec7\/Basen-ogrodowy-stelazowy-450-x-220-x-84-cm-INTEX-28273-Marka-Intex 360w,https:\/\/a.allegroimg.com\/original\/117aa7\/5e82b5ca431da6f12a2fb62d9ec7\/Basen-ogrodowy-stelazowy-450-x-220-x-84-cm-INTEX-28273-Marka-Intex 720w,https:\/\/a.allegroimg.com\/original\/117aa7\/5e82b5ca431da6f12a2fb62d9ec7\/Basen-ogrodowy-stelazowy-450-x-220-x-84-cm-INTEX-28273-Marka-Intex 1024w,https:\/\/a.allegroimg.com\/original\/117aa7\/5e82b5ca431da6f12a2fb62d9ec7\/Basen-ogrodowy-stelazowy-450-x-220-x-84-cm-INTEX-28273-Marka-Intex 1080w,https:\/\/a.allegroimg.com\/original\/117aa7\/5e82b5ca431da6f12a2fb62d9ec7\/Basen-ogrodowy-stelazowy-450-x-220-x-84-cm-INTEX-28273-Marka-Intex 1080w\" sizes=\"(min-width: 1200px) 560px, (min-width: 992px) 50vw, 100vw\" width=\"1080px\" alt=\"Basen ogrodowy stela\u017cowy 450 x 220 x 84 cm INTEX 28273 Marka Intex\" style=\"max-width: 100%; height: auto; display: block; margin: 0 auto;\"><\/div>\n<\/div>\n<\/div>\n<\/div>\n<\/div>\n<\/div>\n<div style=\"clear: both; display: block; margin: 10px 0;\">\n<div style=\"clear: both; display: block; margin: 10px 0;\">\n<div style=\"clear: both; display: block; margin: 10px 0;\">\n<div  style=\"max-width:1500px;max-height:1071px\">\n<div style=\"clear: both; display: block; margin: 10px 0;\">\n<div style=\"clear: both; width: 100%; display: block; margin: 20px 0; padding: 0; float: none; position: static; text-align: center;\"><img decoding=\"async\"  src=\"https:\/\/a.allegroimg.com\/original\/110aaa\/644790584488ab6bc39ba6022f1f\/Basen-ogrodowy-stelazowy-450-x-220-x-84-cm-INTEX-28273-Wysokosc-84-cm\" srcset=\"https:\/\/a.allegroimg.com\/original\/110aaa\/644790584488ab6bc39ba6022f1f\/Basen-ogrodowy-stelazowy-450-x-220-x-84-cm-INTEX-28273-Wysokosc-84-cm 360w,https:\/\/a.allegroimg.com\/original\/110aaa\/644790584488ab6bc39ba6022f1f\/Basen-ogrodowy-stelazowy-450-x-220-x-84-cm-INTEX-28273-Wysokosc-84-cm 720w,https:\/\/a.allegroimg.com\/original\/110aaa\/644790584488ab6bc39ba6022f1f\/Basen-ogrodowy-stelazowy-450-x-220-x-84-cm-INTEX-28273-Wysokosc-84-cm 1024w,https:\/\/a.allegroimg.com\/original\/110aaa\/644790584488ab6bc39ba6022f1f\/Basen-ogrodowy-stelazowy-450-x-220-x-84-cm-INTEX-28273-Wysokosc-84-cm 1440w,https:\/\/a.allegroimg.com\/original\/110aaa\/644790584488ab6bc39ba6022f1f\/Basen-ogrodowy-stelazowy-450-x-220-x-84-cm-INTEX-28273-Wysokosc-84-cm 1500w\" sizes=\"(min-width: 1200px) 560px, (min-width: 992px) 50vw, 100vw\" width=\"1500px\" alt=\"Basen ogrodowy stela\u017cowy 450 x 220 x 84 cm INTEX 28273 Wysoko\u015b\u0107 84 cm\" style=\"max-width: 100%; height: auto; display: block; margin: 0 auto;\"><\/div>\n<\/div>\n<\/div>\n<\/div>\n<\/div>\n<div style=\"clear: both; display: block; margin: 10px 0;\">\n<div style=\"clear: both; display: block; margin: 10px 0;\">\n<div  style=\"max-width:1500px;max-height:844px\">\n<div style=\"clear: both; display: block; margin: 10px 0;\">\n<div style=\"clear: both; width: 100%; display: block; margin: 20px 0; padding: 0; float: none; position: static; text-align: center;\"><img decoding=\"async\"  src=\"https:\/\/a.allegroimg.com\/original\/116f1d\/d495dfc947d5806fabf9a3df5e70\/Basen-ogrodowy-stelazowy-450-x-220-x-84-cm-INTEX-28273-Pojemnosc-7127-l\" srcset=\"https:\/\/a.allegroimg.com\/original\/116f1d\/d495dfc947d5806fabf9a3df5e70\/Basen-ogrodowy-stelazowy-450-x-220-x-84-cm-INTEX-28273-Pojemnosc-7127-l 360w,https:\/\/a.allegroimg.com\/original\/116f1d\/d495dfc947d5806fabf9a3df5e70\/Basen-ogrodowy-stelazowy-450-x-220-x-84-cm-INTEX-28273-Pojemnosc-7127-l 720w,https:\/\/a.allegroimg.com\/original\/116f1d\/d495dfc947d5806fabf9a3df5e70\/Basen-ogrodowy-stelazowy-450-x-220-x-84-cm-INTEX-28273-Pojemnosc-7127-l 1024w,https:\/\/a.allegroimg.com\/original\/116f1d\/d495dfc947d5806fabf9a3df5e70\/Basen-ogrodowy-stelazowy-450-x-220-x-84-cm-INTEX-28273-Pojemnosc-7127-l 1440w,https:\/\/a.allegroimg.com\/original\/116f1d\/d495dfc947d5806fabf9a3df5e70\/Basen-ogrodowy-stelazowy-450-x-220-x-84-cm-INTEX-28273-Pojemnosc-7127-l 1500w\" sizes=\"(min-width: 1200px) 560px, (min-width: 992px) 50vw, 100vw\" width=\"1500px\" alt=\"Basen ogrodowy stela\u017cowy 450 x 220 x 84 cm INTEX 28273 Pojemno\u015b\u0107 7127 l\" style=\"max-width: 100%; height: auto; display: block; margin: 0 auto;\"><\/div>\n<\/div>\n<\/div>\n<\/div>\n<\/div>\n<\/div>\n<\/div>\n<\/div>\n<\/div>\n<div style=\"clear: both; display: block; margin: 10px 0;\">\n","protected":false},"excerpt":{"rendered":"<p>Basen stela\u017cowy prostok\u0105tny 450 x 220 x 84 cm<\/p>\n<p>INTEX 28273<\/p>\n<p>Przygotuj si\u0119 na upalne lato ?<\/p>\n<p>Korzystaj z gor\u0105cej pogody w zaciszu w\u0142asnego ogr\u00f3dka.<\/p>\n<p>Basen jest \u0142atwy w monta\u017cu. Sam przygotujesz go bez u\u017cycia narz\u0119dzi w kilka chwil.<\/p>\n<p>Kupuj\u0105c prezentowany basen INTEX masz pewno\u015b\u0107, \u017ce produkt jest nowy, oryginalny i bezpieczny<\/p>\n<p>Zawarto\u015b\u0107 zestawu:<\/p>\n<p>Basen stela\u017cowy 450 x 220 x 84 cm<\/p>\n","protected":false},"featured_media":15982,"template":"","meta":{"_uag_custom_page_level_css":""},"product_brand":[961],"product_cat":[914,913,541],"product_tag":[],"class_list":{"0":"post-15981","1":"product","2":"type-product","3":"status-publish","4":"has-post-thumbnail","6":"product_brand-intex","7":"product_cat-baseny","8":"product_cat-baseny-i-akcesoria","9":"product_cat-ogrod","11":"first","12":"instock","13":"sale","14":"shipping-taxable","15":"purchasable","16":"product-type-simple"},"uagb_featured_image_src":{"full":["https:\/\/tivrano.shop\/grill\/wp-content\/uploads\/2026\/04\/allegro-image-15981.jpg",1500,1500,false],"thumbnail":["https:\/\/tivrano.shop\/grill\/wp-content\/uploads\/2026\/04\/allegro-image-15981-150x150.jpg",150,150,true],"medium":["https:\/\/tivrano.shop\/grill\/wp-content\/uploads\/2026\/04\/allegro-image-15981-300x300.jpg",300,300,true],"medium_large":["https:\/\/tivrano.shop\/grill\/wp-content\/uploads\/2026\/04\/allegro-image-15981-768x768.jpg",768,768,true],"large":["https:\/\/tivrano.shop\/grill\/wp-content\/uploads\/2026\/04\/allegro-image-15981-1024x1024.jpg",1024,1024,true],"1536x1536":["https:\/\/tivrano.shop\/grill\/wp-content\/uploads\/2026\/04\/allegro-image-15981.jpg",1500,1500,false],"2048x2048":["https:\/\/tivrano.shop\/grill\/wp-content\/uploads\/2026\/04\/allegro-image-15981.jpg",1500,1500,false],"woocommerce_thumbnail":["https:\/\/tivrano.shop\/grill\/wp-content\/uploads\/2026\/04\/allegro-image-15981-300x300.jpg",300,300,true],"woocommerce_single":["https:\/\/tivrano.shop\/grill\/wp-content\/uploads\/2026\/04\/allegro-image-15981-600x600.jpg",600,600,true],"woocommerce_gallery_thumbnail":["https:\/\/tivrano.shop\/grill\/wp-content\/uploads\/2026\/04\/allegro-image-15981-100x100.jpg",100,100,true]},"uagb_author_info":{"display_name":"admin","author_link":"https:\/\/tivrano.shop\/grill\/author\/"},"uagb_comment_info":0,"uagb_excerpt":"Basen stela\u017cowy prostok\u0105tny 450 x 220 x 84 cm INTEX 28273 Przygotuj si\u0119 na upalne lato ? Korzystaj z gor\u0105cej pogody w zaciszu w\u0142asnego ogr\u00f3dka. Basen jest \u0142atwy w monta\u017cu. Sam przygotujesz go bez u\u017cycia narz\u0119dzi w kilka chwil. Kupuj\u0105c prezentowany basen INTEX masz pewno\u015b\u0107, \u017ce produkt jest nowy, oryginalny i bezpieczny Zawarto\u015b\u0107 zestawu: Basen&hellip;","_links":{"self":[{"href":"https:\/\/tivrano.shop\/grill\/wp-json\/wp\/v2\/product\/15981","targetHints":{"allow":["GET"]}}],"collection":[{"href":"https:\/\/tivrano.shop\/grill\/wp-json\/wp\/v2\/product"}],"about":[{"href":"https:\/\/tivrano.shop\/grill\/wp-json\/wp\/v2\/types\/product"}],"wp:featuredmedia":[{"embeddable":true,"href":"https:\/\/tivrano.shop\/grill\/wp-json\/wp\/v2\/media\/15982"}],"wp:attachment":[{"href":"https:\/\/tivrano.shop\/grill\/wp-json\/wp\/v2\/media?parent=15981"}],"wp:term":[{"taxonomy":"product_brand","embeddable":true,"href":"https:\/\/tivrano.shop\/grill\/wp-json\/wp\/v2\/product_brand?post=15981"},{"taxonomy":"product_cat","embeddable":true,"href":"https:\/\/tivrano.shop\/grill\/wp-json\/wp\/v2\/product_cat?post=15981"},{"taxonomy":"product_tag","embeddable":true,"href":"https:\/\/tivrano.shop\/grill\/wp-json\/wp\/v2\/product_tag?post=15981"}],"curies":[{"name":"wp","href":"https:\/\/api.w.org\/{rel}","templated":true}]}}