{"id":15979,"date":"2026-04-06T05:53:17","date_gmt":"2026-04-06T04:53:17","guid":{"rendered":"https:\/\/grillcentrum.shop\/gree\/produkt\/kosiarka-spalinowa-nac-ls50-196-hs-ng-z-napedem\/"},"modified":"2026-04-11T02:22:32","modified_gmt":"2026-04-11T01:22:32","slug":"kosiarka-spalinowa-nac-ls50-196-hs-ng-z-napedem","status":"publish","type":"product","link":"https:\/\/tivrano.shop\/grill\/produkt\/kosiarka-spalinowa-nac-ls50-196-hs-ng-z-napedem\/","title":{"rendered":"Kosiarka spalinowa NAC LS50-196-HS-NG z nap\u0119dem"},"content":{"rendered":"<div style=\"font-family: Arial, sans-serif; line-height: 1.6; color: #333; padding: 20px; clear: both; display: block; width: 100%; float: none; position: static; overflow: hidden;\">\n<div style=\"clear: both; display: block; margin: 10px 0;\">\n<div style=\"clear: both; display: block; margin: 10px 0;\">\n<div style=\"clear: both; display: block; margin: 10px 0;\">\n<h2>Kosiarka spalinowa z nap\u0119dem NAC LS50-196-HS-NG<\/h2>\n<p style=\"margin: 15px 0; line-height: 1.8; clear: both; display: block; width: 100%; float: none; position: static;\"><b>Kosiarka spalinowa NAC LS50-196-HS-NG wyposa\u017cona jest w nowoczesny, g\u00f3rnozaworowy, silnik o du\u017cej pojemno\u015bci pojemno\u015bci 196 cm 3 o maksymalnym momencie obrotowym 10,5 Nm<\/b> z \u017celiwn\u0105 tulej\u0105 cylindra, charakteryzuj\u0105cy si\u0119 bezawaryjno\u015bci\u0105 i oszcz\u0119dno\u015bci\u0105 w spalaniu.<\/p>\n<p style=\"margin: 15px 0; line-height: 1.8; clear: both; display: block; width: 100%; float: none; position: static;\"><b>Du\u017ce \u0142o\u017cyskowane tylne ko\u0142a o \u015brednicy 25 cm<\/b> zmniejszaj\u0105 opory toczenia i u\u0142atwiaj\u0105 prowadzenie kosiarki. \u015arednicy k\u00f3\u0142 przednich 18 cm.<\/p>\n<p style=\"margin: 15px 0; line-height: 1.8; clear: both; display: block; width: 100%; float: none; position: static;\"><b>Wygodny uchwyt centralnej regulacji wysoko\u015bci<\/b> koszenia pozwala \u0142atwo ustawi\u0107 po\u017c\u0105dan\u0105 wysoko\u015b\u0107 koszenia w siedmiostopniowym zakresie od 25 mm do 75 mm<\/p>\n<p style=\"margin: 15px 0; line-height: 1.8; clear: both; display: block; width: 100%; float: none; position: static;\"><b>Stalowa obudowa<\/b> zapewnia trwa\u0142o\u015b\u0107 i odporno\u015b\u0107 na uszkodzenia.<\/p>\n<p style=\"margin: 15px 0; line-height: 1.8; clear: both; display: block; width: 100%; float: none; position: static;\"><b>Kosz o pojemno\u015bci 60 litr\u00f3w z plastikow\u0105 pokryw\u0105 przeciwpy\u0142ow\u0105 oraz wska\u017anikiem zape\u0142nienia jest idealnie dobrany do wielko\u015bci kosiarki.<\/b> Nawet po zape\u0142nieniu kosiarka nie traci mocy i \u0142atwo si\u0119 j\u0105 prowadzi.<\/p>\n<p style=\"margin: 15px 0; line-height: 1.8; clear: both; display: block; width: 100%; float: none; position: static;\"><b>Ergonomiczne r\u0105czki<\/b> u\u0142atwiaj\u0105 sterowanie kosiark\u0105, a ich mi\u0119kkie wyko\u0144czenie zapewnia zapewnia komfort podczas koszenia.<\/p>\n<p style=\"margin: 15px 0; line-height: 1.8; clear: both; display: block; width: 100%; float: none; position: static;\"><b>Kosiarka wyposa\u017cona jest w system mycia obudowy<\/b>, kt\u00f3ry pozwala w prosty i szybki spos\u00f3b umy\u0107 wewn\u0119trzn\u0105 obudow\u0119 kosiarki- wystarczy pod\u0142\u0105czy\u0107 w\u0105\u017c ogrodowy z wod\u0105 do szybkoz\u0142\u0105cza na obudowie oraz uruchomi\u0107 kosiark\u0119.<\/p>\n<p style=\"margin: 15px 0; line-height: 1.8; clear: both; display: block; width: 100%; float: none; position: static;\"><b>Kosiarka posiada funkcj\u0119 mielenia<\/b>, dzi\u0119ki kt\u00f3rej skoszona trawa naprowadzana jest w stref\u0119 dzia\u0142ania no\u017ca. W ten spos\u00f3b po wielokrotnym rozdrobnieniu bardzo ma\u0142e \u017ad\u017ab\u0142a trawy zostaj\u0105 r\u00f3wnomiernie rozrzucone na powierzchni\u0119 trawnika, gdzie ulegaj\u0105 rozk\u0142adowi i wracaj\u0105 do obiegu jako naw\u00f3z.<\/p>\n<h3 style=\"color: #2c5aa0; font-size: 18px; margin: 30px 0 15px 0; font-weight: bold; clear: both; display: block; width: 100%; float: none; position: static;\">Kosiarka posiada 5 funkcji, dzi\u0119ki kt\u00f3rym koszenie trawnika b\u0119dzie prostsze:<\/h3>\n<ul style=\"margin: 15px 0; padding-left: 20px; clear: both; display: block; width: 100%; float: none; position: static;\">\n<li style=\"margin: 5px 0; padding: 2px 0; clear: both; display: list-item; float: none; position: static;\">nap\u0119d \u2013 u\u0142atwia prowadzenie kosiarki, nie trzeba u\u017cywa\u0107 si\u0142y do pchania<\/li>\n<li style=\"margin: 5px 0; padding: 2px 0; clear: both; display: list-item; float: none; position: static;\">wyrzut tylny \u2013 skoszona trawa wyrzucana jest pod nogi, koszenie bez u\u017cycia kosza<\/li>\n<li style=\"margin: 5px 0; padding: 2px 0; clear: both; display: list-item; float: none; position: static;\">wyrzut do kosza \u2013 skoszona trawa wyrzucana jest do kosza, nie trzeba jej zgrabia\u0107<\/li>\n<li style=\"margin: 5px 0; padding: 2px 0; clear: both; display: list-item; float: none; position: static;\">wyrzut boczny \u2013 skoszona trawa wyrzucana jest na bok przez specjaln\u0105 rynn\u0119 do wyrzutu bocznego<\/li>\n<li style=\"margin: 5px 0; padding: 2px 0; clear: both; display: list-item; float: none; position: static;\">mielenie (mulczowanie) \u2013 skoszona trawa pozostaje na trawniku, jest rozdrobniona i mo\u017ce s\u0142u\u017cy\u0107 jako naturalny naw\u00f3z. Nie trzeba jej grabi\u0107.<\/li>\n<\/ul>\n<p style=\"margin: 15px 0; line-height: 1.8; clear: both; display: block; width: 100%; float: none; position: static;\">Parametry techniczne:<\/p>\n<ul style=\"margin: 15px 0; padding-left: 20px; clear: both; display: block; width: 100%; float: none; position: static;\">\n<li style=\"margin: 5px 0; padding: 2px 0; clear: both; display: list-item; float: none; position: static;\">silnik: NAC, OHV, czterosuwowy, g\u00f3rnozaworowy<\/li>\n<li style=\"margin: 5px 0; padding: 2px 0; clear: both; display: list-item; float: none; position: static;\">pojemno\u015b\u0107 skokowa silnika: 196 cm 3<\/li>\n<li style=\"margin: 5px 0; padding: 2px 0; clear: both; display: list-item; float: none; position: static;\">maksymalny moment obrotowy: 10,5 Nm przy 2800 obr\/min<\/li>\n<li style=\"margin: 5px 0; padding: 2px 0; clear: both; display: list-item; float: none; position: static;\">moc znamionowa maszyny: 3,6 kW przy 2800 obr\/min<\/li>\n<li style=\"margin: 5px 0; padding: 2px 0; clear: both; display: list-item; float: none; position: static;\">rodzaj paliwa: benzyna bezo\u0142owiowa 95 Pb<\/li>\n<li style=\"margin: 5px 0; padding: 2px 0; clear: both; display: list-item; float: none; position: static;\">pojemno\u015b\u0107 zbiornika paliwa: 0,8 litra<\/li>\n<li style=\"margin: 5px 0; padding: 2px 0; clear: both; display: list-item; float: none; position: static;\">pojemno\u015b\u0107 miski olejowej: 0,6 litra<\/li>\n<li style=\"margin: 5px 0; padding: 2px 0; clear: both; display: list-item; float: none; position: static;\">szeroko\u015b\u0107 koszenia: 51 cm<\/li>\n<li style=\"margin: 5px 0; padding: 2px 0; clear: both; display: list-item; float: none; position: static;\">regulacja wysoko\u015bci koszenia: centralna, siedmiostopniowa<\/li>\n<li style=\"margin: 5px 0; padding: 2px 0; clear: both; display: list-item; float: none; position: static;\">zakres regulacji wysoko\u015bci koszenia: 25 \u2013 75 mm<\/li>\n<li style=\"margin: 5px 0; padding: 2px 0; clear: both; display: list-item; float: none; position: static;\">pojemno\u015b\u0107 kosza: 60 litr\u00f3w<\/li>\n<li style=\"margin: 5px 0; padding: 2px 0; clear: both; display: list-item; float: none; position: static;\">rodzaj kosza: siatkowy z plastikow\u0105 pokryw\u0105 przeciwpy\u0142ow\u0105<\/li>\n<li style=\"margin: 5px 0; padding: 2px 0; clear: both; display: list-item; float: none; position: static;\">\u015brednica k\u00f3\u0142 przednich: 18 cm<\/li>\n<li style=\"margin: 5px 0; padding: 2px 0; clear: both; display: list-item; float: none; position: static;\">\u015brednica k\u00f3\u0142 tylnych: 25 cm<\/li>\n<li style=\"margin: 5px 0; padding: 2px 0; clear: both; display: list-item; float: none; position: static;\">ko\u0142a na \u0142o\u017cyskach kulkowych<\/li>\n<li style=\"margin: 5px 0; padding: 2px 0; clear: both; display: list-item; float: none; position: static;\">funkcje: nap\u0119d, wyrzut do kosza, wyrzut tylny, wyrzut boczny, mielenie (mulczowanie)<\/li>\n<li style=\"margin: 5px 0; padding: 2px 0; clear: both; display: list-item; float: none; position: static;\">mi\u0119kkie wyko\u0144czenie r\u0105czki<\/li>\n<li style=\"margin: 5px 0; padding: 2px 0; clear: both; display: list-item; float: none; position: static;\">rozruch r\u0119czny<\/li>\n<li style=\"margin: 5px 0; padding: 2px 0; clear: both; display: list-item; float: none; position: static;\">waga: 37,3 kg<\/li>\n<\/ul>\n<p style=\"margin: 15px 0; line-height: 1.8; clear: both; display: block; width: 100%; float: none; position: static;\">W zestawie znajduj\u0105 si\u0119:<\/p>\n<ul style=\"margin: 15px 0; padding-left: 20px; clear: both; display: block; width: 100%; float: none; position: static;\">\n<li style=\"margin: 5px 0; padding: 2px 0; clear: both; display: list-item; float: none; position: static;\">kosiarka spalinowa<\/li>\n<li style=\"margin: 5px 0; padding: 2px 0; clear: both; display: list-item; float: none; position: static;\">oryginalny n\u00f3\u017c<\/li>\n<li style=\"margin: 5px 0; padding: 2px 0; clear: both; display: list-item; float: none; position: static;\">kosz na traw\u0119<\/li>\n<li style=\"margin: 5px 0; padding: 2px 0; clear: both; display: list-item; float: none; position: static;\">przystawka do funkcji mulczowania<\/li>\n<li style=\"margin: 5px 0; padding: 2px 0; clear: both; display: list-item; float: none; position: static;\">akcesoria do monta\u017cu i obs\u0142ugi kosiarki<\/li>\n<li style=\"margin: 5px 0; padding: 2px 0; clear: both; display: list-item; float: none; position: static;\">oryginalna karta gwarancyjna<\/li>\n<li style=\"margin: 5px 0; padding: 2px 0; clear: both; display: list-item; float: none; position: static;\">instrukcja obs\u0142ugi w j\u0119zyku polskim<\/li>\n<\/ul>\n<h3 style=\"color: #2c5aa0; font-size: 18px; margin: 30px 0 15px 0; font-weight: bold; clear: both; display: block; width: 100%; float: none; position: static;\">Przed uruchomieniem kosiarki nale\u017cy wla\u0107 olej silnikowy oraz paliwo.<\/h3>\n<h3 style=\"color: #2c5aa0; font-size: 18px; margin: 30px 0 15px 0; font-weight: bold; clear: both; display: block; width: 100%; float: none; position: static;\">Pierwsza wymiana oleju powinna nast\u0105pi\u0107 po 5 godzinach pracy, ka\u017cda nast\u0119pna po 20-25 godzinach pracy.<\/h3>\n<\/div>\n<\/div>\n<\/div>\n<div style=\"clear: both; display: block; margin: 10px 0;\">\n<div style=\"clear: both; display: block; margin: 10px 0;\">\n<div style=\"clear: both; display: block; margin: 10px 0;\">\n<div  style=\"max-width:1600px;max-height:1194px\">\n<div style=\"clear: both; display: block; margin: 10px 0;\">\n<div style=\"clear: both; width: 100%; display: block; margin: 20px 0; padding: 0; float: none; position: static; text-align: center;\"><img decoding=\"async\"  src=\"https:\/\/a.allegroimg.com\/original\/11133a\/2954bcef4e429ba0af62a48a2780\/Kosiarka-spalinowa-NAC-LS50-196-HS-NG-z-napedem\" srcset=\"https:\/\/a.allegroimg.com\/original\/11133a\/2954bcef4e429ba0af62a48a2780\/Kosiarka-spalinowa-NAC-LS50-196-HS-NG-z-napedem 360w,https:\/\/a.allegroimg.com\/original\/11133a\/2954bcef4e429ba0af62a48a2780\/Kosiarka-spalinowa-NAC-LS50-196-HS-NG-z-napedem 720w,https:\/\/a.allegroimg.com\/original\/11133a\/2954bcef4e429ba0af62a48a2780\/Kosiarka-spalinowa-NAC-LS50-196-HS-NG-z-napedem 1024w,https:\/\/a.allegroimg.com\/original\/11133a\/2954bcef4e429ba0af62a48a2780\/Kosiarka-spalinowa-NAC-LS50-196-HS-NG-z-napedem 1440w,https:\/\/a.allegroimg.com\/original\/11133a\/2954bcef4e429ba0af62a48a2780\/Kosiarka-spalinowa-NAC-LS50-196-HS-NG-z-napedem 1600w\" sizes=\"100vw\" width=\"1600px\" alt=\"Kosiarka spalinowa NAC LS50-196-HS-NG z nap\u0119dem\" style=\"max-width: 100%; height: auto; display: block; margin: 0 auto;\"><\/div>\n<\/div>\n<\/div>\n<\/div>\n<\/div>\n<\/div>\n<\/div>\n<\/div>\n<\/div>\n<div style=\"clear: both; display: block; margin: 10px 0;\">\n","protected":false},"excerpt":{"rendered":"<p>Kosiarka spalinowa z nap\u0119dem NAC LS50-196-HS-NG<\/p>\n<p>Kosiarka spalinowa NAC LS50-196-HS-NG wyposa\u017cona jest w nowoczesny, g\u00f3rnozaworowy, silnik o du\u017cej pojemno\u015bci pojemno\u015bci 196 cm 3 o maksymalnym momencie obrotowym 10,5 Nm z \u017celiwn\u0105 tulej\u0105 cylindra, charakteryzuj\u0105cy si\u0119 bezawaryjno\u015bci\u0105 i oszcz\u0119dno\u015bci\u0105 w spalaniu.<\/p>\n<p>Du\u017ce \u0142o\u017cyskowane tylne ko\u0142a o \u015brednicy 25 cm zmniejszaj\u0105 opory toczenia i u\u0142atwiaj\u0105 prowadzenie kosiarki. \u015arednicy k\u00f3\u0142 przednich 18 cm.<\/p>\n","protected":false},"featured_media":15980,"template":"","meta":{"_uag_custom_page_level_css":""},"product_brand":[869],"product_cat":[867,868,866,541],"product_tag":[],"class_list":{"0":"post-15979","1":"product","2":"type-product","3":"status-publish","4":"has-post-thumbnail","6":"product_brand-nac","7":"product_cat-kosiarki","8":"product_cat-kosiarki-spalinowe","9":"product_cat-narzedzia-ogrodnicze","10":"product_cat-ogrod","12":"first","13":"instock","14":"sale","15":"shipping-taxable","16":"purchasable","17":"product-type-simple"},"uagb_featured_image_src":{"full":["https:\/\/tivrano.shop\/grill\/wp-content\/uploads\/2026\/04\/allegro-image-15979.jpg",1600,1194,false],"thumbnail":["https:\/\/tivrano.shop\/grill\/wp-content\/uploads\/2026\/04\/allegro-image-15979-150x150.jpg",150,150,true],"medium":["https:\/\/tivrano.shop\/grill\/wp-content\/uploads\/2026\/04\/allegro-image-15979-300x224.jpg",300,224,true],"medium_large":["https:\/\/tivrano.shop\/grill\/wp-content\/uploads\/2026\/04\/allegro-image-15979-768x573.jpg",768,573,true],"large":["https:\/\/tivrano.shop\/grill\/wp-content\/uploads\/2026\/04\/allegro-image-15979-1024x764.jpg",1024,764,true],"1536x1536":["https:\/\/tivrano.shop\/grill\/wp-content\/uploads\/2026\/04\/allegro-image-15979-1536x1146.jpg",1536,1146,true],"2048x2048":["https:\/\/tivrano.shop\/grill\/wp-content\/uploads\/2026\/04\/allegro-image-15979.jpg",1600,1194,false],"woocommerce_thumbnail":["https:\/\/tivrano.shop\/grill\/wp-content\/uploads\/2026\/04\/allegro-image-15979-300x300.jpg",300,300,true],"woocommerce_single":["https:\/\/tivrano.shop\/grill\/wp-content\/uploads\/2026\/04\/allegro-image-15979-600x448.jpg",600,448,true],"woocommerce_gallery_thumbnail":["https:\/\/tivrano.shop\/grill\/wp-content\/uploads\/2026\/04\/allegro-image-15979-100x100.jpg",100,100,true]},"uagb_author_info":{"display_name":"admin","author_link":"https:\/\/tivrano.shop\/grill\/author\/"},"uagb_comment_info":0,"uagb_excerpt":"Kosiarka spalinowa z nap\u0119dem NAC LS50-196-HS-NG Kosiarka spalinowa NAC LS50-196-HS-NG wyposa\u017cona jest w nowoczesny, g\u00f3rnozaworowy, silnik o du\u017cej pojemno\u015bci pojemno\u015bci 196 cm 3 o maksymalnym momencie obrotowym 10,5 Nm z \u017celiwn\u0105 tulej\u0105 cylindra, charakteryzuj\u0105cy si\u0119 bezawaryjno\u015bci\u0105 i oszcz\u0119dno\u015bci\u0105 w spalaniu. Du\u017ce \u0142o\u017cyskowane tylne ko\u0142a o \u015brednicy 25 cm zmniejszaj\u0105 opory toczenia i u\u0142atwiaj\u0105 prowadzenie kosiarki.&hellip;","_links":{"self":[{"href":"https:\/\/tivrano.shop\/grill\/wp-json\/wp\/v2\/product\/15979","targetHints":{"allow":["GET"]}}],"collection":[{"href":"https:\/\/tivrano.shop\/grill\/wp-json\/wp\/v2\/product"}],"about":[{"href":"https:\/\/tivrano.shop\/grill\/wp-json\/wp\/v2\/types\/product"}],"wp:featuredmedia":[{"embeddable":true,"href":"https:\/\/tivrano.shop\/grill\/wp-json\/wp\/v2\/media\/15980"}],"wp:attachment":[{"href":"https:\/\/tivrano.shop\/grill\/wp-json\/wp\/v2\/media?parent=15979"}],"wp:term":[{"taxonomy":"product_brand","embeddable":true,"href":"https:\/\/tivrano.shop\/grill\/wp-json\/wp\/v2\/product_brand?post=15979"},{"taxonomy":"product_cat","embeddable":true,"href":"https:\/\/tivrano.shop\/grill\/wp-json\/wp\/v2\/product_cat?post=15979"},{"taxonomy":"product_tag","embeddable":true,"href":"https:\/\/tivrano.shop\/grill\/wp-json\/wp\/v2\/product_tag?post=15979"}],"curies":[{"name":"wp","href":"https:\/\/api.w.org\/{rel}","templated":true}]}}