{"id":15967,"date":"2026-04-06T05:53:09","date_gmt":"2026-04-06T04:53:09","guid":{"rendered":"https:\/\/grillcentrum.shop\/gree\/produkt\/domek-narzedziowy-ogrodowy-szopa-schowek-garaz-metalowy-196x195x184\/"},"modified":"2026-04-11T02:22:32","modified_gmt":"2026-04-11T01:22:32","slug":"domek-narzedziowy-ogrodowy-szopa-schowek-garaz-metalowy-196x195x184","status":"publish","type":"product","link":"https:\/\/tivrano.shop\/grill\/produkt\/domek-narzedziowy-ogrodowy-szopa-schowek-garaz-metalowy-196x195x184\/","title":{"rendered":"DOMEK narz\u0119dziowy ogrodowy szopa schowek gara\u017c metalowy 196x195x184"},"content":{"rendered":"<div style=\"font-family: Arial, sans-serif; line-height: 1.6; color: #333; padding: 20px; clear: both; display: block; width: 100%; float: none; position: static; overflow: hidden;\">\n<div style=\"clear: both; display: block; margin: 10px 0;\">\n<div style=\"clear: both; display: block; margin: 10px 0;\">\n<div style=\"clear: both; display: block; margin: 10px 0;\">\n<h1>DOMEK narz\u0119dziowy ogrodowy szopa schowek gara\u017c metalowy 196x195x184<\/h1>\n<\/div>\n<\/div>\n<\/div>\n<div style=\"clear: both; display: block; margin: 10px 0;\">\n<div style=\"clear: both; display: block; margin: 10px 0;\">\n<div style=\"clear: both; display: block; margin: 10px 0;\">\n<h2>Domek narz\u0119dziowy ogrodowy \u2013 trwa\u0142e i funkcjonalne rozwi\u0105zanie do Twojego ogrodu!<\/h2>\n<p style=\"margin: 15px 0; line-height: 1.8; clear: both; display: block; width: 100%; float: none; position: static;\">Warsztat | szopka | schowek<\/p>\n<p style=\"margin: 15px 0; line-height: 1.8; clear: both; display: block; width: 100%; float: none; position: static;\">Metalowy domek narz\u0119dziowy to doskona\u0142e miejsce do przechowywania narz\u0119dzi, sprz\u0119tu ogrodowego, mebli czy innych przedmiot\u00f3w. Trwa\u0142y i odporny na warunki atmosferyczne, \u015bwietnie wpasuje si\u0119 w ka\u017cd\u0105 przestrze\u0144 dzi\u0119ki nowoczesnemu designowi i uniwersalnej kolorystyce.<\/p>\n<\/div>\n<\/div>\n<div style=\"clear: both; display: block; margin: 10px 0;\">\n<div style=\"clear: both; display: block; margin: 10px 0;\">\n<div  style=\"max-width:2560px;max-height:2560px\">\n<div style=\"clear: both; display: block; margin: 10px 0;\">\n<div style=\"clear: both; width: 100%; display: block; margin: 20px 0; padding: 0; float: none; position: static; text-align: center;\"><img decoding=\"async\"  src=\"https:\/\/a.allegroimg.com\/original\/11cfb2\/6659fef646db9e48e9ae113f7521\/DOMEK-narzedziowy-ogrodowy-szopa-schowek-garaz-metalowy-196x195x184-Stan-opakowania-oryginalne\" srcset=\"https:\/\/a.allegroimg.com\/original\/11cfb2\/6659fef646db9e48e9ae113f7521\/DOMEK-narzedziowy-ogrodowy-szopa-schowek-garaz-metalowy-196x195x184-Stan-opakowania-oryginalne 360w,https:\/\/a.allegroimg.com\/original\/11cfb2\/6659fef646db9e48e9ae113f7521\/DOMEK-narzedziowy-ogrodowy-szopa-schowek-garaz-metalowy-196x195x184-Stan-opakowania-oryginalne 720w,https:\/\/a.allegroimg.com\/original\/11cfb2\/6659fef646db9e48e9ae113f7521\/DOMEK-narzedziowy-ogrodowy-szopa-schowek-garaz-metalowy-196x195x184-Stan-opakowania-oryginalne 1024w,https:\/\/a.allegroimg.com\/original\/11cfb2\/6659fef646db9e48e9ae113f7521\/DOMEK-narzedziowy-ogrodowy-szopa-schowek-garaz-metalowy-196x195x184-Stan-opakowania-oryginalne 1440w,https:\/\/a.allegroimg.com\/original\/11cfb2\/6659fef646db9e48e9ae113f7521\/DOMEK-narzedziowy-ogrodowy-szopa-schowek-garaz-metalowy-196x195x184-Stan-opakowania-oryginalne 2560w\" sizes=\"(min-width: 1200px) 560px, (min-width: 992px) 50vw, 100vw\" width=\"2560px\" alt=\"DOMEK narz\u0119dziowy ogrodowy szopa schowek gara\u017c metalowy 196x195x184 Stan opakowania oryginalne\" style=\"max-width: 100%; height: auto; display: block; margin: 0 auto;\"><\/div>\n<\/div>\n<\/div>\n<\/div>\n<\/div>\n<\/div>\n<div style=\"clear: both; display: block; margin: 10px 0;\">\n<div style=\"clear: both; display: block; margin: 10px 0;\">\n<div style=\"clear: both; display: block; margin: 10px 0;\">\n<h2>Zalety produktu:<\/h2>\n<ul style=\"margin: 15px 0; padding-left: 20px; clear: both; display: block; width: 100%; float: none; position: static;\">\n<li style=\"margin: 5px 0; padding: 2px 0; clear: both; display: list-item; float: none; position: static;\"><b>Wytrzyma\u0142a konstrukcja<\/b>&nbsp;: Wykonany z ocynkowanej stali z dodatkowymi zabezpieczeniami, odporny na wiatr, \u015bnieg i promieniowanie UV.<\/li>\n<li style=\"margin: 5px 0; padding: 2px 0; clear: both; display: list-item; float: none; position: static;\"><b>\u0141atwo\u015b\u0107 u\u017cytkowania<\/b>: 2 przesuwne drzwi<\/li>\n<li style=\"margin: 5px 0; padding: 2px 0; clear: both; display: list-item; float: none; position: static;\"><b>Wentylacja<\/b>: 4 otwory wentylacyjne zapewniaj\u0105 odpowiedni przep\u0142yw powietrza, co zapobiega wilgoci i ple\u015bni.<\/li>\n<li style=\"margin: 5px 0; padding: 2px 0; clear: both; display: list-item; float: none; position: static;\"><b>\u0141atwy monta\u017c<\/b>&nbsp;\ufffd\ufe0f: Prosta konstrukcja umo\u017cliwia samodzielne z\u0142o\u017cenie domku bez potrzeby zatrudniania specjalisty.<\/li>\n<li style=\"margin: 5px 0; padding: 2px 0; clear: both; display: list-item; float: none; position: static;\"><b><br \/>\n","protected":false},"excerpt":{"rendered":"<p>DOMEK narz\u0119dziowy ogrodowy szopa schowek gara\u017c metalowy 196x195x184<\/p>\n<p>Domek narz\u0119dziowy ogrodowy \u2013 trwa\u0142e i funkcjonalne rozwi\u0105zanie do Twojego ogrodu!<\/p>\n<p>Warsztat | szopka | schowek<\/p>\n<p>Metalowy domek narz\u0119dziowy to doskona\u0142e miejsce do przechowywania narz\u0119dzi, sprz\u0119tu ogrodowego, mebli czy innych przedmiot\u00f3w. Trwa\u0142y i odporny na warunki atmosferyczne, \u015bwietnie wpasuje si\u0119 w ka\u017cd\u0105 przestrze\u0144 dzi\u0119ki nowoczesnemu designowi i uniwersalnej kolorystyce.<\/p>\n<p>Zalety produktu:<\/p>\n","protected":false},"featured_media":15968,"template":"","meta":{"_uag_custom_page_level_css":""},"product_brand":[959],"product_cat":[891,938,541],"product_tag":[],"class_list":{"0":"post-15967","1":"product","2":"type-product","3":"status-publish","4":"has-post-thumbnail","6":"product_brand-bauhus","7":"product_cat-architektura-ogrodowa","8":"product_cat-domki","9":"product_cat-ogrod","11":"first","12":"instock","13":"sale","14":"shipping-taxable","15":"purchasable","16":"product-type-simple"},"uagb_featured_image_src":{"full":["https:\/\/tivrano.shop\/grill\/wp-content\/uploads\/2026\/04\/allegro-image-15967.jpg",2048,2048,false],"thumbnail":["https:\/\/tivrano.shop\/grill\/wp-content\/uploads\/2026\/04\/allegro-image-15967-150x150.jpg",150,150,true],"medium":["https:\/\/tivrano.shop\/grill\/wp-content\/uploads\/2026\/04\/allegro-image-15967-300x300.jpg",300,300,true],"medium_large":["https:\/\/tivrano.shop\/grill\/wp-content\/uploads\/2026\/04\/allegro-image-15967-768x768.jpg",768,768,true],"large":["https:\/\/tivrano.shop\/grill\/wp-content\/uploads\/2026\/04\/allegro-image-15967-1024x1024.jpg",1024,1024,true],"1536x1536":["https:\/\/tivrano.shop\/grill\/wp-content\/uploads\/2026\/04\/allegro-image-15967-1536x1536.jpg",1536,1536,true],"2048x2048":["https:\/\/tivrano.shop\/grill\/wp-content\/uploads\/2026\/04\/allegro-image-15967.jpg",2048,2048,false],"woocommerce_thumbnail":["https:\/\/tivrano.shop\/grill\/wp-content\/uploads\/2026\/04\/allegro-image-15967-300x300.jpg",300,300,true],"woocommerce_single":["https:\/\/tivrano.shop\/grill\/wp-content\/uploads\/2026\/04\/allegro-image-15967-600x600.jpg",600,600,true],"woocommerce_gallery_thumbnail":["https:\/\/tivrano.shop\/grill\/wp-content\/uploads\/2026\/04\/allegro-image-15967-100x100.jpg",100,100,true]},"uagb_author_info":{"display_name":"admin","author_link":"https:\/\/tivrano.shop\/grill\/author\/"},"uagb_comment_info":0,"uagb_excerpt":"DOMEK narz\u0119dziowy ogrodowy szopa schowek gara\u017c metalowy 196x195x184 Domek narz\u0119dziowy ogrodowy \u2013 trwa\u0142e i funkcjonalne rozwi\u0105zanie do Twojego ogrodu! Warsztat | szopka | schowek Metalowy domek narz\u0119dziowy to doskona\u0142e miejsce do przechowywania narz\u0119dzi, sprz\u0119tu ogrodowego, mebli czy innych przedmiot\u00f3w. Trwa\u0142y i odporny na warunki atmosferyczne, \u015bwietnie wpasuje si\u0119 w ka\u017cd\u0105 przestrze\u0144 dzi\u0119ki nowoczesnemu designowi i&hellip;","_links":{"self":[{"href":"https:\/\/tivrano.shop\/grill\/wp-json\/wp\/v2\/product\/15967","targetHints":{"allow":["GET"]}}],"collection":[{"href":"https:\/\/tivrano.shop\/grill\/wp-json\/wp\/v2\/product"}],"about":[{"href":"https:\/\/tivrano.shop\/grill\/wp-json\/wp\/v2\/types\/product"}],"wp:featuredmedia":[{"embeddable":true,"href":"https:\/\/tivrano.shop\/grill\/wp-json\/wp\/v2\/media\/15968"}],"wp:attachment":[{"href":"https:\/\/tivrano.shop\/grill\/wp-json\/wp\/v2\/media?parent=15967"}],"wp:term":[{"taxonomy":"product_brand","embeddable":true,"href":"https:\/\/tivrano.shop\/grill\/wp-json\/wp\/v2\/product_brand?post=15967"},{"taxonomy":"product_cat","embeddable":true,"href":"https:\/\/tivrano.shop\/grill\/wp-json\/wp\/v2\/product_cat?post=15967"},{"taxonomy":"product_tag","embeddable":true,"href":"https:\/\/tivrano.shop\/grill\/wp-json\/wp\/v2\/product_tag?post=15967"}],"curies":[{"name":"wp","href":"https:\/\/api.w.org\/{rel}","templated":true}]}}