{"id":15949,"date":"2026-04-06T05:52:55","date_gmt":"2026-04-06T04:52:55","guid":{"rendered":"https:\/\/grillcentrum.shop\/gree\/produkt\/piaskownica-zamykana-drewniana-impregnowana-z-lawkami-bardzo-duza-160x160cm\/"},"modified":"2026-04-11T02:22:31","modified_gmt":"2026-04-11T01:22:31","slug":"piaskownica-zamykana-drewniana-impregnowana-z-lawkami-bardzo-duza-160x160cm","status":"publish","type":"product","link":"https:\/\/tivrano.shop\/grill\/produkt\/piaskownica-zamykana-drewniana-impregnowana-z-lawkami-bardzo-duza-160x160cm\/","title":{"rendered":"PIASKOWNICA ZAMYKANA DREWNIANA IMPREGNOWANA Z \u0141AWKAMI BARDZO DU\u017bA 160x160cm"},"content":{"rendered":"<div style=\"font-family: Arial, sans-serif; line-height: 1.6; color: #333; padding: 20px; clear: both; display: block; width: 100%; float: none; position: static; overflow: hidden;\">\n<div style=\"clear: both; display: block; margin: 10px 0;\">\n<div style=\"clear: both; display: block; margin: 10px 0;\">\n<div style=\"clear: both; display: block; margin: 10px 0;\">\n<h1>PIASKOWNICA ZAMYKANA DREWNIANA IMPREGNOWANA Z \u0141AWKAMI BARDZO DU\u017bA 160x160cm<\/h1>\n<\/div>\n<\/div>\n<\/div>\n<div style=\"clear: both; display: block; margin: 10px 0;\">\n<div style=\"clear: both; display: block; margin: 10px 0;\">\n<div style=\"clear: both; display: block; margin: 10px 0;\">\n<div  style=\"max-width:2048px;max-height:178px\">\n<div style=\"clear: both; display: block; margin: 10px 0;\">\n<div style=\"clear: both; width: 100%; display: block; margin: 20px 0; padding: 0; float: none; position: static; text-align: center;\"><img decoding=\"async\"  src=\"https:\/\/a.allegroimg.com\/original\/11233a\/16686d9c4de1bf105c7310ca72be\" srcset=\"https:\/\/a.allegroimg.com\/original\/11233a\/16686d9c4de1bf105c7310ca72be 360w,https:\/\/a.allegroimg.com\/original\/11233a\/16686d9c4de1bf105c7310ca72be 720w,https:\/\/a.allegroimg.com\/original\/11233a\/16686d9c4de1bf105c7310ca72be 1024w,https:\/\/a.allegroimg.com\/original\/11233a\/16686d9c4de1bf105c7310ca72be 1440w,https:\/\/a.allegroimg.com\/original\/11233a\/16686d9c4de1bf105c7310ca72be 2048w\" sizes=\"100vw\" width=\"2048px\" alt=\"\" style=\"max-width: 100%; height: auto; display: block; margin: 0 auto;\"><\/div>\n<\/div>\n<\/div>\n<\/div>\n<\/div>\n<\/div>\n<div style=\"clear: both; display: block; margin: 10px 0;\">\n<div style=\"clear: both; display: block; margin: 10px 0;\">\n<div style=\"clear: both; display: block; margin: 10px 0;\">\n<p style=\"margin: 15px 0; line-height: 1.8; clear: both; display: block; width: 100%; float: none; position: static;\"><b>\u27be\u27be\u27beOferta Producenta<\/b><b>\u27be\u27be\u27be<\/b><\/p>\n<h3 style=\"color: #2c5aa0; font-size: 18px; margin: 30px 0 15px 0; font-weight: bold; clear: both; display: block; width: 100%; float: none; position: static;\">\u2b50\ufe0f\u0141atwy monta\u017c dzi\u0119ki NAWIERCONYM OTWOROM\u2b50\ufe0f<\/h3>\n<h3 style=\"color: #2c5aa0; font-size: 18px; margin: 30px 0 15px 0; font-weight: bold; clear: both; display: block; width: 100%; float: none; position: static;\">\u2b50\ufe0f\u2b50\ufe0f OSZCZ\u0118D\u0179 SOBIE CZAS I NERWY\u2b50\ufe0f\u2b50\ufe0f<\/h3>\n<\/div>\n<\/div>\n<\/div>\n<div style=\"clear: both; display: block; margin: 10px 0;\">\n<div style=\"clear: both; display: block; margin: 10px 0;\">\n<div style=\"clear: both; display: block; margin: 10px 0;\">\n<div  style=\"max-width:2048px;max-height:603px\">\n<div style=\"clear: both; display: block; margin: 10px 0;\">\n<div style=\"clear: both; width: 100%; display: block; margin: 20px 0; padding: 0; float: none; position: static; text-align: center;\"><img decoding=\"async\"  src=\"https:\/\/a.allegroimg.com\/original\/113ca8\/e4f3072c46fe9aaa7aa131f70165\/PIASKOWNICA-ZAMYKANA-DREWNIANA-IMPREGNOWANA-Z-LAWKAMI-BARDZO-DUZA-160x160cm-Marka-SunWood\" srcset=\"https:\/\/a.allegroimg.com\/original\/113ca8\/e4f3072c46fe9aaa7aa131f70165\/PIASKOWNICA-ZAMYKANA-DREWNIANA-IMPREGNOWANA-Z-LAWKAMI-BARDZO-DUZA-160x160cm-Marka-SunWood 360w,https:\/\/a.allegroimg.com\/original\/113ca8\/e4f3072c46fe9aaa7aa131f70165\/PIASKOWNICA-ZAMYKANA-DREWNIANA-IMPREGNOWANA-Z-LAWKAMI-BARDZO-DUZA-160x160cm-Marka-SunWood 720w,https:\/\/a.allegroimg.com\/original\/113ca8\/e4f3072c46fe9aaa7aa131f70165\/PIASKOWNICA-ZAMYKANA-DREWNIANA-IMPREGNOWANA-Z-LAWKAMI-BARDZO-DUZA-160x160cm-Marka-SunWood 1024w,https:\/\/a.allegroimg.com\/original\/113ca8\/e4f3072c46fe9aaa7aa131f70165\/PIASKOWNICA-ZAMYKANA-DREWNIANA-IMPREGNOWANA-Z-LAWKAMI-BARDZO-DUZA-160x160cm-Marka-SunWood 1440w,https:\/\/a.allegroimg.com\/original\/113ca8\/e4f3072c46fe9aaa7aa131f70165\/PIASKOWNICA-ZAMYKANA-DREWNIANA-IMPREGNOWANA-Z-LAWKAMI-BARDZO-DUZA-160x160cm-Marka-SunWood 2048w\" sizes=\"100vw\" width=\"2048px\" alt=\"PIASKOWNICA ZAMYKANA DREWNIANA IMPREGNOWANA Z \u0141AWKAMI BARDZO DU\u017bA 160x160cm Marka SunWood\" style=\"max-width: 100%; height: auto; display: block; margin: 0 auto;\"><\/div>\n<\/div>\n<\/div>\n<\/div>\n<\/div>\n<\/div>\n<div style=\"clear: both; display: block; margin: 10px 0;\">\n<div style=\"clear: both; display: block; margin: 10px 0;\">\n<div style=\"clear: both; display: block; margin: 10px 0;\">\n<p style=\"margin: 15px 0; line-height: 1.8; clear: both; display: block; width: 100%; float: none; position: static;\">\u2757\ufe0f\u2757\ufe0f\u2757\ufe0fNasze Piaskownice to <b>produkt klasy PREMIUM<\/b>. Dopracowana w ka\u017cdym szczeg\u00f3le tak aby zabawa w niej by\u0142a <b>BEZPIECZNA<\/b> i sta\u0142a si\u0119 prawdziw\u0105 <b>PRZYJEMNO\u015aCI\u0104<\/b>.\u2757\ufe0f\u2757\ufe0f\u2757\ufe0f<\/p>\n<h2>\u2600\ufe0fPodaruj Swojemu Dziecku U\u015bmiech, Rado\u015b\u0107 i \u015awietn\u0105 Zabaw\u0119 Na \u015awie\u017cym Powietrzu, a Sobie Chwile Wytchnienia i Spokoju\u2600\ufe0f<\/h2>\n<\/div>\n<\/div>\n<\/div>\n<div style=\"clear: both; display: block; margin: 10px 0;\">\n<div style=\"clear: both; display: block; margin: 10px 0;\">\n<div style=\"clear: both; display: block; margin: 10px 0;\">\n<div  style=\"max-width:1280px;max-height:519px\">\n<div style=\"clear: both; display: block; margin: 10px 0;\">\n<div style=\"clear: both; width: 100%; display: block; margin: 20px 0; padding: 0; float: none; position: static; text-align: center;\"><img decoding=\"async\"  src=\"https:\/\/a.allegroimg.com\/original\/11e13b\/c358e820425a85642217fbfe3479\/PIASKOWNICA-ZAMYKANA-DREWNIANA-IMPREGNOWANA-Z-LAWKAMI-BARDZO-DUZA-160x160cm-Rodzaj-drewniana\" srcset=\"https:\/\/a.allegroimg.com\/original\/11e13b\/c358e820425a85642217fbfe3479\/PIASKOWNICA-ZAMYKANA-DREWNIANA-IMPREGNOWANA-Z-LAWKAMI-BARDZO-DUZA-160x160cm-Rodzaj-drewniana 360w,https:\/\/a.allegroimg.com\/original\/11e13b\/c358e820425a85642217fbfe3479\/PIASKOWNICA-ZAMYKANA-DREWNIANA-IMPREGNOWANA-Z-LAWKAMI-BARDZO-DUZA-160x160cm-Rodzaj-drewniana 720w,https:\/\/a.allegroimg.com\/original\/11e13b\/c358e820425a85642217fbfe3479\/PIASKOWNICA-ZAMYKANA-DREWNIANA-IMPREGNOWANA-Z-LAWKAMI-BARDZO-DUZA-160x160cm-Rodzaj-drewniana 1024w,https:\/\/a.allegroimg.com\/original\/11e13b\/c358e820425a85642217fbfe3479\/PIASKOWNICA-ZAMYKANA-DREWNIANA-IMPREGNOWANA-Z-LAWKAMI-BARDZO-DUZA-160x160cm-Rodzaj-drewniana 1280w,https:\/\/a.allegroimg.com\/original\/11e13b\/c358e820425a85642217fbfe3479\/PIASKOWNICA-ZAMYKANA-DREWNIANA-IMPREGNOWANA-Z-LAWKAMI-BARDZO-DUZA-160x160cm-Rodzaj-drewniana 1280w\" sizes=\"100vw\" width=\"1280px\" alt=\"PIASKOWNICA ZAMYKANA DREWNIANA IMPREGNOWANA Z \u0141AWKAMI BARDZO DU\u017bA 160x160cm Rodzaj drewniana\" style=\"max-width: 100%; height: auto; display: block; margin: 0 auto;\"><\/div>\n<\/div>\n<\/div>\n<\/div>\n<\/div>\n<\/div>\n<div style=\"clear: both; display: block; margin: 10px 0;\">\n<div style=\"clear: both; display: block; margin: 10px 0;\">\n<div style=\"clear: both; display: block; margin: 10px 0;\">\n<div  style=\"max-width:2048px;max-height:178px\">\n<div style=\"clear: both; display: block; margin: 10px 0;\">\n<div style=\"clear: both; width: 100%; display: block; margin: 20px 0; padding: 0; float: none; position: static; text-align: center;\"><img decoding=\"async\"  src=\"https:\/\/a.allegroimg.com\/original\/11233a\/16686d9c4de1bf105c7310ca72be\" srcset=\"https:\/\/a.allegroimg.com\/original\/11233a\/16686d9c4de1bf105c7310ca72be 360w,https:\/\/a.allegroimg.com\/original\/11233a\/16686d9c4de1bf105c7310ca72be 720w,https:\/\/a.allegroimg.com\/original\/11233a\/16686d9c4de1bf105c7310ca72be 1024w,https:\/\/a.allegroimg.com\/original\/11233a\/16686d9c4de1bf105c7310ca72be 1440w,https:\/\/a.allegroimg.com\/original\/11233a\/16686d9c4de1bf105c7310ca72be 2048w\" sizes=\"100vw\" width=\"2048px\" alt=\"\" style=\"max-width: 100%; height: auto; display: block; margin: 0 auto;\"><\/div>\n<\/div>\n<\/div>\n<\/div>\n<\/div>\n<\/div>\n<div style=\"clear: both; display: block; margin: 10px 0;\">\n<div style=\"clear: both; display: block; margin: 10px 0;\">\n<div style=\"clear: both; display: block; margin: 10px 0;\">\n<h1>\u2b50\ufe0fDlaczego warto kupi\u0107 u nas?<\/h1>\n<\/div>\n<\/div>\n<\/div>\n<div style=\"clear: both; display: block; margin: 10px 0;\">\n<div style=\"clear: both; display: block; margin: 10px 0;\">\n<div style=\"clear: both; display: block; margin: 10px 0;\">\n<div  style=\"max-width:2560px;max-height:2560px\">\n<div style=\"clear: both; display: block; margin: 10px 0;\">\n<div style=\"clear: both; width: 100%; display: block; margin: 20px 0; padding: 0; float: none; position: static; text-align: center;\"><img decoding=\"async\"  src=\"https:\/\/a.allegroimg.com\/original\/114c10\/9189e7a54cdfb68c9e29f2c2e14f\/PIASKOWNICA-ZAMYKANA-DREWNIANA-IMPREGNOWANA-Z-LAWKAMI-BARDZO-DUZA-160x160cm-Kod-producenta-Piaskownica-160-Zamykana-Impregnowana\" srcset=\"https:\/\/a.allegroimg.com\/original\/114c10\/9189e7a54cdfb68c9e29f2c2e14f\/PIASKOWNICA-ZAMYKANA-DREWNIANA-IMPREGNOWANA-Z-LAWKAMI-BARDZO-DUZA-160x160cm-Kod-producenta-Piaskownica-160-Zamykana-Impregnowana 360w,https:\/\/a.allegroimg.com\/original\/114c10\/9189e7a54cdfb68c9e29f2c2e14f\/PIASKOWNICA-ZAMYKANA-DREWNIANA-IMPREGNOWANA-Z-LAWKAMI-BARDZO-DUZA-160x160cm-Kod-producenta-Piaskownica-160-Zamykana-Impregnowana 720w,https:\/\/a.allegroimg.com\/original\/114c10\/9189e7a54cdfb68c9e29f2c2e14f\/PIASKOWNICA-ZAMYKANA-DREWNIANA-IMPREGNOWANA-Z-LAWKAMI-BARDZO-DUZA-160x160cm-Kod-producenta-Piaskownica-160-Zamykana-Impregnowana 1024w,https:\/\/a.allegroimg.com\/original\/114c10\/9189e7a54cdfb68c9e29f2c2e14f\/PIASKOWNICA-ZAMYKANA-DREWNIANA-IMPREGNOWANA-Z-LAWKAMI-BARDZO-DUZA-160x160cm-Kod-producenta-Piaskownica-160-Zamykana-Impregnowana 1440w,https:\/\/a.allegroimg.com\/original\/114c10\/9189e7a54cdfb68c9e29f2c2e14f\/PIASKOWNICA-ZAMYKANA-DREWNIANA-IMPREGNOWANA-Z-LAWKAMI-BARDZO-DUZA-160x160cm-Kod-producenta-Piaskownica-160-Zamykana-Impregnowana 2560w\" sizes=\"(min-width: 1200px) 560px, (min-width: 992px) 50vw, 100vw\" width=\"2560px\" alt=\"PIASKOWNICA ZAMYKANA DREWNIANA IMPREGNOWANA Z \u0141AWKAMI BARDZO DU\u017bA 160x160cm Kod producenta Piaskownica 160 Zamykana Impregnowana\" style=\"max-width: 100%; height: auto; display: block; margin: 0 auto;\"><\/div>\n<\/div>\n<\/div>\n<\/div>\n<\/div>\n<div style=\"clear: both; display: block; margin: 10px 0;\">\n<div style=\"clear: both; display: block; margin: 10px 0;\">\n<h3 style=\"color: #2c5aa0; font-size: 18px; margin: 30px 0 15px 0; font-weight: bold; clear: both; display: block; width: 100%; float: none; position: static;\">\u2705 \u0141atwy i Szybki Monta\u017c:<\/h3>\n<ul style=\"margin: 15px 0; padding-left: 20px; clear: both; display: block; width: 100%; float: none; position: static;\">\n<li style=\"margin: 5px 0; padding: 2px 0; clear: both; display: list-item; float: none; position: static;\">Prosty monta\u017c, <b>z nawierconymi otworami<\/b>, umo\u017cliwia szybkie korzystanie z produktu. Inwestycja, kt\u00f3ra przynosi liczne korzy\u015bci zar\u00f3wno dla dzieci, jak i rodzic\u00f3w.<\/li>\n<\/ul>\n<h3 style=\"color: #2c5aa0; font-size: 18px; margin: 30px 0 15px 0; font-weight: bold; clear: both; display: block; width: 100%; float: none; position: static;\">\u2705 Wysoka jako\u015b\u0107:<\/h3>\n<ul style=\"margin: 15px 0; padding-left: 20px; clear: both; display: block; width: 100%; float: none; position: static;\">\n<li style=\"margin: 5px 0; padding: 2px 0; clear: both; display: list-item; float: none; position: static;\"><b>Selekcjonowane deski<\/b> zapewniaj\u0105 trwa\u0142o\u015b\u0107. Masz pewno\u015b\u0107 \u017ce ka\u017cda z naszych desek jest dok\u0142adnie obejrzana przed zapakowaniem.<\/li>\n<\/ul>\n<h3 style=\"color: #2c5aa0; font-size: 18px; margin: 30px 0 15px 0; font-weight: bold; clear: both; display: block; width: 100%; float: none; position: static;\">\u2705 <\/p>\n","protected":false},"excerpt":{"rendered":"<p>PIASKOWNICA ZAMYKANA DREWNIANA IMPREGNOWANA Z \u0141AWKAMI BARDZO DU\u017bA 160x160cm<\/p>\n<p>\u27be\u27be\u27beOferta Producenta\u27be\u27be\u27be<\/p>\n<p>\u2b50\ufe0f\u0141atwy monta\u017c dzi\u0119ki NAWIERCONYM OTWOROM\u2b50\ufe0f<\/p>\n<p>\u2b50\ufe0f\u2b50\ufe0f OSZCZ\u0118D\u0179 SOBIE CZAS I NERWY\u2b50\ufe0f\u2b50\ufe0f<\/p>\n<p>\u2757\ufe0f\u2757\ufe0f\u2757\ufe0fNasze Piaskownice to produkt klasy PREMIUM. Dopracowana w ka\u017cdym szczeg\u00f3le tak aby zabawa w niej by\u0142a BEZPIECZNA i sta\u0142a si\u0119 prawdziw\u0105 PRZYJEMNO\u015aCI\u0104.\u2757\ufe0f\u2757\ufe0f\u2757\ufe0f<\/p>\n<p>\u2600\ufe0fPodaruj Swojemu Dziecku U\u015bmiech, Rado\u015b\u0107 i \u015awietn\u0105 Zabaw\u0119 Na \u015awie\u017cym Powietrzu, a Sobie Chwile Wytchnienia i Spokoju\u2600\ufe0f<\/p>\n<p>\u2b50\ufe0fDlaczego warto kupi\u0107 u nas?<\/p>\n","protected":false},"featured_media":15950,"template":"","meta":{"_uag_custom_page_level_css":""},"product_brand":[908],"product_cat":[541,909,894,862],"product_tag":[],"class_list":{"0":"post-15949","1":"product","2":"type-product","3":"status-publish","4":"has-post-thumbnail","6":"product_brand-sunwood","7":"product_cat-ogrod","8":"product_cat-piaskownice","9":"product_cat-piaskownice-i-zabawki-do-piasku","10":"product_cat-zabawki-ogrodowe","12":"first","13":"instock","14":"sale","15":"shipping-taxable","16":"purchasable","17":"product-type-simple"},"uagb_featured_image_src":{"full":["https:\/\/tivrano.shop\/grill\/wp-content\/uploads\/2026\/04\/allegro-image-15949.jpg",2560,2560,false],"thumbnail":["https:\/\/tivrano.shop\/grill\/wp-content\/uploads\/2026\/04\/allegro-image-15949-150x150.jpg",150,150,true],"medium":["https:\/\/tivrano.shop\/grill\/wp-content\/uploads\/2026\/04\/allegro-image-15949-300x300.jpg",300,300,true],"medium_large":["https:\/\/tivrano.shop\/grill\/wp-content\/uploads\/2026\/04\/allegro-image-15949-768x768.jpg",768,768,true],"large":["https:\/\/tivrano.shop\/grill\/wp-content\/uploads\/2026\/04\/allegro-image-15949-1024x1024.jpg",1024,1024,true],"1536x1536":["https:\/\/tivrano.shop\/grill\/wp-content\/uploads\/2026\/04\/allegro-image-15949-1536x1536.jpg",1536,1536,true],"2048x2048":["https:\/\/tivrano.shop\/grill\/wp-content\/uploads\/2026\/04\/allegro-image-15949-2048x2048.jpg",2048,2048,true],"woocommerce_thumbnail":["https:\/\/tivrano.shop\/grill\/wp-content\/uploads\/2026\/04\/allegro-image-15949-300x300.jpg",300,300,true],"woocommerce_single":["https:\/\/tivrano.shop\/grill\/wp-content\/uploads\/2026\/04\/allegro-image-15949-600x600.jpg",600,600,true],"woocommerce_gallery_thumbnail":["https:\/\/tivrano.shop\/grill\/wp-content\/uploads\/2026\/04\/allegro-image-15949-100x100.jpg",100,100,true]},"uagb_author_info":{"display_name":"admin","author_link":"https:\/\/tivrano.shop\/grill\/author\/"},"uagb_comment_info":0,"uagb_excerpt":"PIASKOWNICA ZAMYKANA DREWNIANA IMPREGNOWANA Z \u0141AWKAMI BARDZO DU\u017bA 160x160cm \u27be\u27be\u27beOferta Producenta\u27be\u27be\u27be \u2b50\ufe0f\u0141atwy monta\u017c dzi\u0119ki NAWIERCONYM OTWOROM\u2b50\ufe0f \u2b50\ufe0f\u2b50\ufe0f OSZCZ\u0118D\u0179 SOBIE CZAS I NERWY\u2b50\ufe0f\u2b50\ufe0f \u2757\ufe0f\u2757\ufe0f\u2757\ufe0fNasze Piaskownice to produkt klasy PREMIUM. Dopracowana w ka\u017cdym szczeg\u00f3le tak aby zabawa w niej by\u0142a BEZPIECZNA i sta\u0142a si\u0119 prawdziw\u0105 PRZYJEMNO\u015aCI\u0104.\u2757\ufe0f\u2757\ufe0f\u2757\ufe0f \u2600\ufe0fPodaruj Swojemu Dziecku U\u015bmiech, Rado\u015b\u0107 i \u015awietn\u0105 Zabaw\u0119 Na \u015awie\u017cym Powietrzu,&hellip;","_links":{"self":[{"href":"https:\/\/tivrano.shop\/grill\/wp-json\/wp\/v2\/product\/15949","targetHints":{"allow":["GET"]}}],"collection":[{"href":"https:\/\/tivrano.shop\/grill\/wp-json\/wp\/v2\/product"}],"about":[{"href":"https:\/\/tivrano.shop\/grill\/wp-json\/wp\/v2\/types\/product"}],"wp:featuredmedia":[{"embeddable":true,"href":"https:\/\/tivrano.shop\/grill\/wp-json\/wp\/v2\/media\/15950"}],"wp:attachment":[{"href":"https:\/\/tivrano.shop\/grill\/wp-json\/wp\/v2\/media?parent=15949"}],"wp:term":[{"taxonomy":"product_brand","embeddable":true,"href":"https:\/\/tivrano.shop\/grill\/wp-json\/wp\/v2\/product_brand?post=15949"},{"taxonomy":"product_cat","embeddable":true,"href":"https:\/\/tivrano.shop\/grill\/wp-json\/wp\/v2\/product_cat?post=15949"},{"taxonomy":"product_tag","embeddable":true,"href":"https:\/\/tivrano.shop\/grill\/wp-json\/wp\/v2\/product_tag?post=15949"}],"curies":[{"name":"wp","href":"https:\/\/api.w.org\/{rel}","templated":true}]}}