{"id":15931,"date":"2026-04-06T05:52:42","date_gmt":"2026-04-06T04:52:42","guid":{"rendered":"https:\/\/grillcentrum.shop\/gree\/produkt\/basen-stelazowy-prostokatny-bestway-732-x-366-cm\/"},"modified":"2026-04-11T02:22:30","modified_gmt":"2026-04-11T01:22:30","slug":"basen-stelazowy-prostokatny-bestway-732-x-366-cm","status":"publish","type":"product","link":"https:\/\/tivrano.shop\/grill\/produkt\/basen-stelazowy-prostokatny-bestway-732-x-366-cm\/","title":{"rendered":"Basen stela\u017cowy prostok\u0105tny Bestway 732 x 366 cm"},"content":{"rendered":"<div style=\"font-family: Arial, sans-serif; line-height: 1.6; color: #333; padding: 20px; clear: both; display: block; width: 100%; float: none; position: static; overflow: hidden;\">\n<div style=\"clear: both; display: block; margin: 10px 0;\">\n<div style=\"clear: both; display: block; margin: 10px 0;\">\n<div style=\"clear: both; display: block; margin: 10px 0;\">\n<h1>BASEN STELA\u017bOWY O WYMIARACH 732x366x132cm<\/h1>\n<h1>BESTWAY 561KG model na 2025r<\/h1>\n<p style=\"margin: 15px 0; line-height: 1.8; clear: both; display: block; width: 100%; float: none; position: static;\">Idealny basen dla ca\u0142ej rodziny z najnowszej serii APX365 posiada <b>super wytrzyma\u0142e, odporne na promieniowanie UV oraz niskie temperatury, poszycie<\/b>.<\/p>\n<p style=\"margin: 15px 0; line-height: 1.8; clear: both; display: block; width: 100%; float: none; position: static;\">Dodatkowo <b>odporna na korozj\u0119 rama basenu wykonana z ocynkowanej stali<\/b>, sprawiaj\u0105 \u017ce nie ma konieczno\u015bci chowania basenu po sezonie.<\/p>\n<\/div>\n<\/div>\n<\/div>\n<div style=\"clear: both; display: block; margin: 10px 0;\">\n<div style=\"clear: both; display: block; margin: 10px 0;\">\n<div style=\"clear: both; display: block; margin: 10px 0;\">\n<h2>Marka: BESTWAY<\/h2>\n<h2>Model: 561KG<\/h2>\n<h2>Rozmiar: 732x366x132 cm<\/h2>\n<h2>Pojemno\u015b\u0107: 30045 l<\/h2>\n<h2>Wydajno\u015b\u0107 pompy piaskowej: 6056 l\/h BESTWAY 58497 (nowy model)<\/h2>\n<h2>Wydajno\u015b\u0107 w systemie: 5300 l\/h<\/h2>\n<h2>Rodzaj media filtracyjnego: Piasek kwarcowy 0,45-0,85mm (9kg) lub kulki filtracyjne (250g)<\/h2>\n<h2>Waga: 174,1 kg<\/h2>\n<\/div>\n<\/div>\n<\/div>\n<div style=\"clear: both; display: block; margin: 10px 0;\">\n<div style=\"clear: both; display: block; margin: 10px 0;\">\n<div style=\"clear: both; display: block; margin: 10px 0;\">\n<div  style=\"max-width:2560px;max-height:1932px\">\n<div style=\"clear: both; display: block; margin: 10px 0;\">\n<div style=\"clear: both; width: 100%; display: block; margin: 20px 0; padding: 0; float: none; position: static; text-align: center;\"><img decoding=\"async\"  src=\"https:\/\/a.allegroimg.com\/original\/117c4f\/0291d541434483c0e7661852c108\/Basen-stelazowy-prostokatny-Bestway-732-x-366-cm\" srcset=\"https:\/\/a.allegroimg.com\/original\/117c4f\/0291d541434483c0e7661852c108\/Basen-stelazowy-prostokatny-Bestway-732-x-366-cm 360w,https:\/\/a.allegroimg.com\/original\/117c4f\/0291d541434483c0e7661852c108\/Basen-stelazowy-prostokatny-Bestway-732-x-366-cm 720w,https:\/\/a.allegroimg.com\/original\/117c4f\/0291d541434483c0e7661852c108\/Basen-stelazowy-prostokatny-Bestway-732-x-366-cm 1024w,https:\/\/a.allegroimg.com\/original\/117c4f\/0291d541434483c0e7661852c108\/Basen-stelazowy-prostokatny-Bestway-732-x-366-cm 1440w,https:\/\/a.allegroimg.com\/original\/117c4f\/0291d541434483c0e7661852c108\/Basen-stelazowy-prostokatny-Bestway-732-x-366-cm 2560w\" sizes=\"100vw\" width=\"2560px\" alt=\"Basen stela\u017cowy prostok\u0105tny Bestway 732 x 366 cm\" style=\"max-width: 100%; height: auto; display: block; margin: 0 auto;\"><\/div>\n<\/div>\n<\/div>\n<\/div>\n<\/div>\n<\/div>\n<div style=\"clear: both; display: block; margin: 10px 0;\">\n<div style=\"clear: both; display: block; margin: 10px 0;\">\n<div style=\"clear: both; display: block; margin: 10px 0;\">\n<h2>W SK\u0141AD ZESTAWU WCHODZI:<\/h2>\n<ul style=\"margin: 15px 0; padding-left: 20px; clear: both; display: block; width: 100%; float: none; position: static;\">\n<li style=\"margin: 5px 0; padding: 2px 0; clear: both; display: list-item; float: none; position: static;\">basen ze stela\u017cem<\/li>\n<li style=\"margin: 5px 0; padding: 2px 0; clear: both; display: list-item; float: none; position: static;\">nowa pompa piaskowa Bestway 58497<\/li>\n<li style=\"margin: 5px 0; padding: 2px 0; clear: both; display: list-item; float: none; position: static;\">kulki filtracyjne 250g<\/li>\n<li style=\"margin: 5px 0; padding: 2px 0; clear: both; display: list-item; float: none; position: static;\">komplet przy\u0142\u0105czy z rurami<\/li>\n<li style=\"margin: 5px 0; padding: 2px 0; clear: both; display: list-item; float: none; position: static;\">bezpieczna drabinka z podestem<\/li>\n<li style=\"margin: 5px 0; padding: 2px 0; clear: both; display: list-item; float: none; position: static;\">pokrywa na basen<\/li>\n<li style=\"margin: 5px 0; padding: 2px 0; clear: both; display: list-item; float: none; position: static;\">instrukcja<\/li>\n<li style=\"margin: 5px 0; padding: 2px 0; clear: both; display: list-item; float: none; position: static;\">\u0142atka naprawcza<\/li>\n<\/ul>\n<\/div>\n<\/div>\n<\/div>\n<div style=\"clear: both; display: block; margin: 10px 0;\">\n<div style=\"clear: both; display: block; margin: 10px 0;\">\n<div style=\"clear: both; display: block; margin: 10px 0;\">\n<div  style=\"max-width:2560px;max-height:1705px\">\n<div style=\"clear: both; display: block; margin: 10px 0;\">\n<div style=\"clear: both; width: 100%; display: block; margin: 20px 0; padding: 0; float: none; position: static; text-align: center;\"><img decoding=\"async\"  src=\"https:\/\/a.allegroimg.com\/original\/11592b\/1d63a157463ab9890e419a55e086\/Basen-stelazowy-prostokatny-Bestway-732-x-366-cm-Kod-producenta-561kg\" srcset=\"https:\/\/a.allegroimg.com\/original\/11592b\/1d63a157463ab9890e419a55e086\/Basen-stelazowy-prostokatny-Bestway-732-x-366-cm-Kod-producenta-561kg 360w,https:\/\/a.allegroimg.com\/original\/11592b\/1d63a157463ab9890e419a55e086\/Basen-stelazowy-prostokatny-Bestway-732-x-366-cm-Kod-producenta-561kg 720w,https:\/\/a.allegroimg.com\/original\/11592b\/1d63a157463ab9890e419a55e086\/Basen-stelazowy-prostokatny-Bestway-732-x-366-cm-Kod-producenta-561kg 1024w,https:\/\/a.allegroimg.com\/original\/11592b\/1d63a157463ab9890e419a55e086\/Basen-stelazowy-prostokatny-Bestway-732-x-366-cm-Kod-producenta-561kg 1440w,https:\/\/a.allegroimg.com\/original\/11592b\/1d63a157463ab9890e419a55e086\/Basen-stelazowy-prostokatny-Bestway-732-x-366-cm-Kod-producenta-561kg 2560w\" sizes=\"(min-width: 1200px) 560px, (min-width: 992px) 50vw, 100vw\" width=\"2560px\" alt=\"Basen stela\u017cowy prostok\u0105tny Bestway 732 x 366 cm Kod producenta 561kg\" style=\"max-width: 100%; height: auto; display: block; margin: 0 auto;\"><\/div>\n<\/div>\n<\/div>\n<\/div>\n<\/div>\n<div style=\"clear: both; display: block; margin: 10px 0;\">\n<div style=\"clear: both; display: block; margin: 10px 0;\">\n<div  style=\"max-width:1812px;max-height:1448px\">\n<div style=\"clear: both; display: block; margin: 10px 0;\">\n<div style=\"clear: both; width: 100%; display: block; margin: 20px 0; padding: 0; float: none; position: static; text-align: center;\"><img decoding=\"async\"  src=\"https:\/\/a.allegroimg.com\/original\/112bd0\/813282914246aae7a04ed5e0c438\/Basen-stelazowy-prostokatny-Bestway-732-x-366-cm-Ksztalt-prostokatny\" srcset=\"https:\/\/a.allegroimg.com\/original\/112bd0\/813282914246aae7a04ed5e0c438\/Basen-stelazowy-prostokatny-Bestway-732-x-366-cm-Ksztalt-prostokatny 360w,https:\/\/a.allegroimg.com\/original\/112bd0\/813282914246aae7a04ed5e0c438\/Basen-stelazowy-prostokatny-Bestway-732-x-366-cm-Ksztalt-prostokatny 720w,https:\/\/a.allegroimg.com\/original\/112bd0\/813282914246aae7a04ed5e0c438\/Basen-stelazowy-prostokatny-Bestway-732-x-366-cm-Ksztalt-prostokatny 1024w,https:\/\/a.allegroimg.com\/original\/112bd0\/813282914246aae7a04ed5e0c438\/Basen-stelazowy-prostokatny-Bestway-732-x-366-cm-Ksztalt-prostokatny 1440w,https:\/\/a.allegroimg.com\/original\/112bd0\/813282914246aae7a04ed5e0c438\/Basen-stelazowy-prostokatny-Bestway-732-x-366-cm-Ksztalt-prostokatny 1812w\" sizes=\"(min-width: 1200px) 560px, (min-width: 992px) 50vw, 100vw\" width=\"1812px\" alt=\"Basen stela\u017cowy prostok\u0105tny Bestway 732 x 366 cm Kszta\u0142t prostok\u0105tny\" style=\"max-width: 100%; height: auto; display: block; margin: 0 auto;\"><\/div>\n<\/div>\n<\/div>\n<\/div>\n<\/div>\n<\/div>\n<div style=\"clear: both; display: block; margin: 10px 0;\">\n<div style=\"clear: both; display: block; margin: 10px 0;\">\n<div style=\"clear: both; display: block; margin: 10px 0;\">\n<div  style=\"max-width:1404px;max-height:2259px\">\n<div style=\"clear: both; display: block; margin: 10px 0;\">\n<div style=\"clear: both; width: 100%; display: block; margin: 20px 0; padding: 0; float: none; position: static; text-align: center;\"><img decoding=\"async\"  src=\"https:\/\/a.allegroimg.com\/original\/116a63\/61402fb74770b52b90c14f27d56e\/Basen-stelazowy-prostokatny-Bestway-732-x-366-cm-Marka-Bestway\" srcset=\"https:\/\/a.allegroimg.com\/original\/116a63\/61402fb74770b52b90c14f27d56e\/Basen-stelazowy-prostokatny-Bestway-732-x-366-cm-Marka-Bestway 223w,https:\/\/a.allegroimg.com\/original\/116a63\/61402fb74770b52b90c14f27d56e\/Basen-stelazowy-prostokatny-Bestway-732-x-366-cm-Marka-Bestway 447w,https:\/\/a.allegroimg.com\/original\/116a63\/61402fb74770b52b90c14f27d56e\/Basen-stelazowy-prostokatny-Bestway-732-x-366-cm-Marka-Bestway 636w,https:\/\/a.allegroimg.com\/original\/116a63\/61402fb74770b52b90c14f27d56e\/Basen-stelazowy-prostokatny-Bestway-732-x-366-cm-Marka-Bestway 894w,https:\/\/a.allegroimg.com\/original\/116a63\/61402fb74770b52b90c14f27d56e\/Basen-stelazowy-prostokatny-Bestway-732-x-366-cm-Marka-Bestway 1404w\" sizes=\"100vw\" width=\"1404px\" alt=\"Basen stela\u017cowy prostok\u0105tny Bestway 732 x 366 cm Marka Bestway\" style=\"max-width: 100%; height: auto; display: block; margin: 0 auto;\"><\/div>\n<\/div>\n<\/div>\n<\/div>\n<\/div>\n<\/div>\n<div style=\"clear: both; display: block; margin: 10px 0;\">\n<div style=\"clear: both; display: block; margin: 10px 0;\">\n<div style=\"clear: both; display: block; margin: 10px 0;\">\n<div  style=\"max-width:1500px;max-height:1500px\">\n<div style=\"clear: both; display: block; margin: 10px 0;\">\n<div style=\"clear: both; width: 100%; display: block; margin: 20px 0; padding: 0; float: none; position: static; text-align: center;\"><img decoding=\"async\"  src=\"https:\/\/a.allegroimg.com\/original\/11eaae\/13dba97a40888d2756777d942e62\/Basen-stelazowy-prostokatny-Bestway-732-x-366-cm-Pojemnosc-30045-l\" srcset=\"https:\/\/a.allegroimg.com\/original\/11eaae\/13dba97a40888d2756777d942e62\/Basen-stelazowy-prostokatny-Bestway-732-x-366-cm-Pojemnosc-30045-l 360w,https:\/\/a.allegroimg.com\/original\/11eaae\/13dba97a40888d2756777d942e62\/Basen-stelazowy-prostokatny-Bestway-732-x-366-cm-Pojemnosc-30045-l 720w,https:\/\/a.allegroimg.com\/original\/11eaae\/13dba97a40888d2756777d942e62\/Basen-stelazowy-prostokatny-Bestway-732-x-366-cm-Pojemnosc-30045-l 1024w,https:\/\/a.allegroimg.com\/original\/11eaae\/13dba97a40888d2756777d942e62\/Basen-stelazowy-prostokatny-Bestway-732-x-366-cm-Pojemnosc-30045-l 1440w,https:\/\/a.allegroimg.com\/original\/11eaae\/13dba97a40888d2756777d942e62\/Basen-stelazowy-prostokatny-Bestway-732-x-366-cm-Pojemnosc-30045-l 1500w\" sizes=\"100vw\" width=\"1500px\" alt=\"Basen stela\u017cowy prostok\u0105tny Bestway 732 x 366 cm Pojemno\u015b\u0107 30045 l\" style=\"max-width: 100%; height: auto; display: block; margin: 0 auto;\"><\/div>\n<\/div>\n<\/div>\n<\/div>\n<\/div>\n<\/div>\n<\/div>\n<\/div>\n<\/div>\n<div style=\"clear: both; display: block; margin: 10px 0;\">\n","protected":false},"excerpt":{"rendered":"<p>BASEN STELA\u017bOWY O WYMIARACH 732x366x132cm<\/p>\n<p>BESTWAY 561KG model na 2025r<\/p>\n<p>Idealny basen dla ca\u0142ej rodziny z najnowszej serii APX365 posiada super wytrzyma\u0142e, odporne na promieniowanie UV oraz niskie temperatury, poszycie.<\/p>\n<p>Dodatkowo odporna na korozj\u0119 rama basenu wykonana z ocynkowanej stali, sprawiaj\u0105 \u017ce nie ma konieczno\u015bci chowania basenu po sezonie.<\/p>\n<p>Marka: BESTWAY<\/p>\n<p>Model: 561KG<\/p>\n<p>Rozmiar: 732x366x132 cm<\/p>\n<p>Pojemno\u015b\u0107: 30045 l<\/p>\n","protected":false},"featured_media":15932,"template":"","meta":{"_uag_custom_page_level_css":""},"product_brand":[912],"product_cat":[914,913,541],"product_tag":[],"class_list":{"0":"post-15931","1":"product","2":"type-product","3":"status-publish","4":"has-post-thumbnail","6":"product_brand-bestway","7":"product_cat-baseny","8":"product_cat-baseny-i-akcesoria","9":"product_cat-ogrod","11":"first","12":"instock","13":"sale","14":"shipping-taxable","15":"purchasable","16":"product-type-simple"},"uagb_featured_image_src":{"full":["https:\/\/tivrano.shop\/grill\/wp-content\/uploads\/2026\/04\/allegro-image-15931.jpg",2560,1932,false],"thumbnail":["https:\/\/tivrano.shop\/grill\/wp-content\/uploads\/2026\/04\/allegro-image-15931-150x150.jpg",150,150,true],"medium":["https:\/\/tivrano.shop\/grill\/wp-content\/uploads\/2026\/04\/allegro-image-15931-300x226.jpg",300,226,true],"medium_large":["https:\/\/tivrano.shop\/grill\/wp-content\/uploads\/2026\/04\/allegro-image-15931-768x580.jpg",768,580,true],"large":["https:\/\/tivrano.shop\/grill\/wp-content\/uploads\/2026\/04\/allegro-image-15931-1024x773.jpg",1024,773,true],"1536x1536":["https:\/\/tivrano.shop\/grill\/wp-content\/uploads\/2026\/04\/allegro-image-15931-1536x1159.jpg",1536,1159,true],"2048x2048":["https:\/\/tivrano.shop\/grill\/wp-content\/uploads\/2026\/04\/allegro-image-15931-2048x1546.jpg",2048,1546,true],"woocommerce_thumbnail":["https:\/\/tivrano.shop\/grill\/wp-content\/uploads\/2026\/04\/allegro-image-15931-300x300.jpg",300,300,true],"woocommerce_single":["https:\/\/tivrano.shop\/grill\/wp-content\/uploads\/2026\/04\/allegro-image-15931-600x453.jpg",600,453,true],"woocommerce_gallery_thumbnail":["https:\/\/tivrano.shop\/grill\/wp-content\/uploads\/2026\/04\/allegro-image-15931-100x100.jpg",100,100,true]},"uagb_author_info":{"display_name":"admin","author_link":"https:\/\/tivrano.shop\/grill\/author\/"},"uagb_comment_info":0,"uagb_excerpt":"BASEN STELA\u017bOWY O WYMIARACH 732x366x132cm BESTWAY 561KG model na 2025r Idealny basen dla ca\u0142ej rodziny z najnowszej serii APX365 posiada super wytrzyma\u0142e, odporne na promieniowanie UV oraz niskie temperatury, poszycie. Dodatkowo odporna na korozj\u0119 rama basenu wykonana z ocynkowanej stali, sprawiaj\u0105 \u017ce nie ma konieczno\u015bci chowania basenu po sezonie. Marka: BESTWAY Model: 561KG Rozmiar: 732x366x132&hellip;","_links":{"self":[{"href":"https:\/\/tivrano.shop\/grill\/wp-json\/wp\/v2\/product\/15931","targetHints":{"allow":["GET"]}}],"collection":[{"href":"https:\/\/tivrano.shop\/grill\/wp-json\/wp\/v2\/product"}],"about":[{"href":"https:\/\/tivrano.shop\/grill\/wp-json\/wp\/v2\/types\/product"}],"wp:featuredmedia":[{"embeddable":true,"href":"https:\/\/tivrano.shop\/grill\/wp-json\/wp\/v2\/media\/15932"}],"wp:attachment":[{"href":"https:\/\/tivrano.shop\/grill\/wp-json\/wp\/v2\/media?parent=15931"}],"wp:term":[{"taxonomy":"product_brand","embeddable":true,"href":"https:\/\/tivrano.shop\/grill\/wp-json\/wp\/v2\/product_brand?post=15931"},{"taxonomy":"product_cat","embeddable":true,"href":"https:\/\/tivrano.shop\/grill\/wp-json\/wp\/v2\/product_cat?post=15931"},{"taxonomy":"product_tag","embeddable":true,"href":"https:\/\/tivrano.shop\/grill\/wp-json\/wp\/v2\/product_tag?post=15931"}],"curies":[{"name":"wp","href":"https:\/\/api.w.org\/{rel}","templated":true}]}}