{"id":15919,"date":"2026-04-06T05:52:35","date_gmt":"2026-04-06T04:52:35","guid":{"rendered":"https:\/\/grillcentrum.shop\/gree\/produkt\/aerator-2-rzedowy-lozyskowany-traktorek-kosiarka\/"},"modified":"2026-04-11T02:22:30","modified_gmt":"2026-04-11T01:22:30","slug":"aerator-2-rzedowy-lozyskowany-traktorek-kosiarka","status":"publish","type":"product","link":"https:\/\/tivrano.shop\/grill\/produkt\/aerator-2-rzedowy-lozyskowany-traktorek-kosiarka\/","title":{"rendered":"Aerator 2 Rz\u0119dowy \u0142o\u017cyskowany Traktorek Kosiarka"},"content":{"rendered":"<div style=\"font-family: Arial, sans-serif; line-height: 1.6; color: #333; padding: 20px; clear: both; display: block; width: 100%; float: none; position: static; overflow: hidden;\">\n<div style=\"clear: both; display: block; margin: 10px 0;\">\n<div style=\"clear: both; display: block; margin: 10px 0;\">\n<div style=\"clear: both; display: block; margin: 10px 0;\">\n<p style=\"margin: 15px 0; line-height: 1.8; clear: both; display: block; width: 100%; float: none; position: static;\">Aerator gwiazdkowy to przydatne urz\u0105dzenie w ka\u017cdym ogrodzie. W niezwykle prosty i przyjemny spos\u00f3b mo\u017cna sprawi\u0107 \u017ce trawnik b\u0119dzie ziele\u0144szy, g\u0119stszy, odporniejszy na wysychanie<\/p>\n<p style=\"margin: 15px 0; line-height: 1.8; clear: both; display: block; width: 100%; float: none; position: static;\">Zabieg Aeracji polega na wykonaniu naci\u0119\u0107 w pod\u0142o\u017cu, w strefie rozwoju korzeni traw. s\u0142u\u017cy on do napowietrzania trawnika oraz spulchniania gleby dzi\u0119ki czemu trawa staje si\u0119 silniejsza, g\u0119stsza oraz uzyskuje pi\u0119kny zielony kolor.<\/p>\n<p style=\"margin: 15px 0; line-height: 1.8; clear: both; display: block; width: 100%; float: none; position: static;\">Areator wykonany jest konstrukcyjnie z blachy o gr 3 mm boki i gwiazdki a od g\u00f3ry jest p\u00f3\u0142ka na kt\u00f3rej mo\u017cemy po\u0142o\u017cy\u0107 doci\u0105\u017cenie np,,p\u0142ytk\u0119 betonow\u0105, bloczek<\/p>\n<p style=\"margin: 15px 0; line-height: 1.8; clear: both; display: block; width: 100%; float: none; position: static;\">Co daje u\u017cycie aeratora?:<\/p>\n<p style=\"margin: 15px 0; line-height: 1.8; clear: both; display: block; width: 100%; float: none; position: static;\">&#8211; przyspiesza regeneracj\u0119 trawnika po zimie<\/p>\n<p style=\"margin: 15px 0; line-height: 1.8; clear: both; display: block; width: 100%; float: none; position: static;\">&#8211; poprawia wymian\u0119 powietrza w glebie<\/p>\n<p style=\"margin: 15px 0; line-height: 1.8; clear: both; display: block; width: 100%; float: none; position: static;\">&#8211; efektywniejsze jest wnikanie wody<\/p>\n<p style=\"margin: 15px 0; line-height: 1.8; clear: both; display: block; width: 100%; float: none; position: static;\">&#8211; skuteczniejsze dzia\u0142anie nawoz\u00f3w<\/p>\n<p style=\"margin: 15px 0; line-height: 1.8; clear: both; display: block; width: 100%; float: none; position: static;\">&#8211; aeracja pobudza trawnik do rozwoju<\/p>\n<p style=\"margin: 15px 0; line-height: 1.8; clear: both; display: block; width: 100%; float: none; position: static;\">&#8211; zwi\u0119ksza mas\u0119 korzeni<\/p>\n<p style=\"margin: 15px 0; line-height: 1.8; clear: both; display: block; width: 100%; float: none; position: static;\">&#8211; trawnik staje si\u0119 bardziej elastyczny i odporny na deptanie<\/p>\n<p style=\"margin: 15px 0; line-height: 1.8; clear: both; display: block; width: 100%; float: none; position: static;\">&#8211; zwi\u0119kszaj\u0105 si\u0119 zdolno\u015bci regeneracyjne trawnika&#8217; Nasz aerator ma 2 rz\u0119dy no\u017cy nacinaj\u0105cych i napowietrzaj\u0105cych 21 szt na 1m szeroko\u015bci roboczej areatora , tym urz\u0105dzeniem mo\u017cemy wygrabia\u0107 mech ,zesch\u0142\u0105 traw\u0119 oraz pozosta\u0142o\u015bci ga\u0142\u0119zi ma spr\u0119\u017cyny r\u00f3wnie\u017c w dw\u00f3ch rz\u0119dach i maj\u0105 32 szt palc\u00f3w wyczesuj\u0105cych .To urz\u0105dzenie nie wyrywa trawy z korzeniami!!! Wszystko jest \u0142o\u017cyskowane&nbsp; Posiada d\u017awignie kt\u00f3r\u0105 podnosimy urzadzenie do pozycji transportowej Posiada du\u017ce&nbsp; ko\u0142a&nbsp; transportowe dzi\u0119ki temu mo\u017cemy nim swobodnie przejecha\u0107 z punktu A do punktu B. Jeste\u015bmy producentem wi\u0119c kupujesz z pierwszych r\u0105k<\/p>\n<\/div>\n<\/div>\n<\/div>\n<div style=\"clear: both; display: block; margin: 10px 0;\">\n<div style=\"clear: both; display: block; margin: 10px 0;\">\n<div style=\"clear: both; display: block; margin: 10px 0;\">\n<div  style=\"max-width:2560px;max-height:2560px\">\n<div style=\"clear: both; display: block; margin: 10px 0;\">\n<div style=\"clear: both; width: 100%; display: block; margin: 20px 0; padding: 0; float: none; position: static; text-align: center;\"><img decoding=\"async\"  src=\"https:\/\/a.allegroimg.com\/original\/116536\/c6f585ad4990b0b051f4c937a1ff\/Aerator-2-Rzedowy-lozyskowany-Traktorek-Kosiarka\" srcset=\"https:\/\/a.allegroimg.com\/original\/116536\/c6f585ad4990b0b051f4c937a1ff\/Aerator-2-Rzedowy-lozyskowany-Traktorek-Kosiarka 360w,https:\/\/a.allegroimg.com\/original\/116536\/c6f585ad4990b0b051f4c937a1ff\/Aerator-2-Rzedowy-lozyskowany-Traktorek-Kosiarka 720w,https:\/\/a.allegroimg.com\/original\/116536\/c6f585ad4990b0b051f4c937a1ff\/Aerator-2-Rzedowy-lozyskowany-Traktorek-Kosiarka 1024w,https:\/\/a.allegroimg.com\/original\/116536\/c6f585ad4990b0b051f4c937a1ff\/Aerator-2-Rzedowy-lozyskowany-Traktorek-Kosiarka 1440w,https:\/\/a.allegroimg.com\/original\/116536\/c6f585ad4990b0b051f4c937a1ff\/Aerator-2-Rzedowy-lozyskowany-Traktorek-Kosiarka 2560w\" sizes=\"100vw\" width=\"2560px\" alt=\"Aerator 2 Rz\u0119dowy \u0142o\u017cyskowany Traktorek Kosiarka\" style=\"max-width: 100%; height: auto; display: block; margin: 0 auto;\"><\/div>\n<\/div>\n<\/div>\n<\/div>\n<\/div>\n<\/div>\n<\/div>\n<\/div>\n<\/div>\n<div style=\"clear: both; display: block; margin: 10px 0;\">\n","protected":false},"excerpt":{"rendered":"<p>Aerator gwiazdkowy to przydatne urz\u0105dzenie w ka\u017cdym ogrodzie. W niezwykle prosty i przyjemny spos\u00f3b mo\u017cna sprawi\u0107 \u017ce trawnik b\u0119dzie ziele\u0144szy, g\u0119stszy, odporniejszy na wysychanie<\/p>\n<p>Zabieg Aeracji polega na wykonaniu naci\u0119\u0107 w pod\u0142o\u017cu, w strefie rozwoju korzeni traw. s\u0142u\u017cy on do napowietrzania trawnika oraz spulchniania gleby dzi\u0119ki czemu trawa staje si\u0119 silniejsza, g\u0119stsza oraz uzyskuje pi\u0119kny zielony kolor.<\/p>\n<p>Areator wykonany jest konstrukcyjnie z blachy o gr 3 mm boki i gwiazdki a od g\u00f3ry jest p\u00f3\u0142ka na kt\u00f3rej mo\u017cemy po\u0142o\u017cy\u0107 doci\u0105\u017cenie np,,p\u0142ytk\u0119 betonow\u0105, bloczek<\/p>\n","protected":false},"featured_media":15920,"template":"","meta":{"_uag_custom_page_level_css":""},"product_brand":[945],"product_cat":[866,541,870],"product_tag":[],"class_list":{"0":"post-15919","1":"product","2":"type-product","3":"status-publish","4":"has-post-thumbnail","6":"product_brand-stalmasz","7":"product_cat-narzedzia-ogrodnicze","8":"product_cat-ogrod","9":"product_cat-wertykulatory-i-aeratory","11":"first","12":"instock","13":"sale","14":"shipping-taxable","15":"purchasable","16":"product-type-simple"},"uagb_featured_image_src":{"full":["https:\/\/tivrano.shop\/grill\/wp-content\/uploads\/2026\/04\/allegro-image-15919.jpg",2560,2560,false],"thumbnail":["https:\/\/tivrano.shop\/grill\/wp-content\/uploads\/2026\/04\/allegro-image-15919-150x150.jpg",150,150,true],"medium":["https:\/\/tivrano.shop\/grill\/wp-content\/uploads\/2026\/04\/allegro-image-15919-300x300.jpg",300,300,true],"medium_large":["https:\/\/tivrano.shop\/grill\/wp-content\/uploads\/2026\/04\/allegro-image-15919-768x768.jpg",768,768,true],"large":["https:\/\/tivrano.shop\/grill\/wp-content\/uploads\/2026\/04\/allegro-image-15919-1024x1024.jpg",1024,1024,true],"1536x1536":["https:\/\/tivrano.shop\/grill\/wp-content\/uploads\/2026\/04\/allegro-image-15919-1536x1536.jpg",1536,1536,true],"2048x2048":["https:\/\/tivrano.shop\/grill\/wp-content\/uploads\/2026\/04\/allegro-image-15919-2048x2048.jpg",2048,2048,true],"woocommerce_thumbnail":["https:\/\/tivrano.shop\/grill\/wp-content\/uploads\/2026\/04\/allegro-image-15919-300x300.jpg",300,300,true],"woocommerce_single":["https:\/\/tivrano.shop\/grill\/wp-content\/uploads\/2026\/04\/allegro-image-15919-600x600.jpg",600,600,true],"woocommerce_gallery_thumbnail":["https:\/\/tivrano.shop\/grill\/wp-content\/uploads\/2026\/04\/allegro-image-15919-100x100.jpg",100,100,true]},"uagb_author_info":{"display_name":"admin","author_link":"https:\/\/tivrano.shop\/grill\/author\/"},"uagb_comment_info":0,"uagb_excerpt":"Aerator gwiazdkowy to przydatne urz\u0105dzenie w ka\u017cdym ogrodzie. W niezwykle prosty i przyjemny spos\u00f3b mo\u017cna sprawi\u0107 \u017ce trawnik b\u0119dzie ziele\u0144szy, g\u0119stszy, odporniejszy na wysychanie Zabieg Aeracji polega na wykonaniu naci\u0119\u0107 w pod\u0142o\u017cu, w strefie rozwoju korzeni traw. s\u0142u\u017cy on do napowietrzania trawnika oraz spulchniania gleby dzi\u0119ki czemu trawa staje si\u0119 silniejsza, g\u0119stsza oraz uzyskuje pi\u0119kny&hellip;","_links":{"self":[{"href":"https:\/\/tivrano.shop\/grill\/wp-json\/wp\/v2\/product\/15919","targetHints":{"allow":["GET"]}}],"collection":[{"href":"https:\/\/tivrano.shop\/grill\/wp-json\/wp\/v2\/product"}],"about":[{"href":"https:\/\/tivrano.shop\/grill\/wp-json\/wp\/v2\/types\/product"}],"wp:featuredmedia":[{"embeddable":true,"href":"https:\/\/tivrano.shop\/grill\/wp-json\/wp\/v2\/media\/15920"}],"wp:attachment":[{"href":"https:\/\/tivrano.shop\/grill\/wp-json\/wp\/v2\/media?parent=15919"}],"wp:term":[{"taxonomy":"product_brand","embeddable":true,"href":"https:\/\/tivrano.shop\/grill\/wp-json\/wp\/v2\/product_brand?post=15919"},{"taxonomy":"product_cat","embeddable":true,"href":"https:\/\/tivrano.shop\/grill\/wp-json\/wp\/v2\/product_cat?post=15919"},{"taxonomy":"product_tag","embeddable":true,"href":"https:\/\/tivrano.shop\/grill\/wp-json\/wp\/v2\/product_tag?post=15919"}],"curies":[{"name":"wp","href":"https:\/\/api.w.org\/{rel}","templated":true}]}}