{"id":15889,"date":"2026-04-06T05:52:13","date_gmt":"2026-04-06T04:52:13","guid":{"rendered":"https:\/\/grillcentrum.shop\/gree\/produkt\/fotel-wiszacy-kokon-ogrodowy-kosz-bujany-hustawka-ze-stelazem-xxl-czarny\/"},"modified":"2026-04-11T02:22:29","modified_gmt":"2026-04-11T01:22:29","slug":"fotel-wiszacy-kokon-ogrodowy-kosz-bujany-hustawka-ze-stelazem-xxl-czarny","status":"publish","type":"product","link":"https:\/\/tivrano.shop\/grill\/produkt\/fotel-wiszacy-kokon-ogrodowy-kosz-bujany-hustawka-ze-stelazem-xxl-czarny\/","title":{"rendered":"FOTEL WISZ\u0104CY KOKON OGRODOWY KOSZ BUJANY HU\u015aTAWKA ZE STELA\u017bEM XXL CZARNY"},"content":{"rendered":"<div style=\"font-family: Arial, sans-serif; line-height: 1.6; color: #333; padding: 20px; clear: both; display: block; width: 100%; float: none; position: static; overflow: hidden;\">\n<div style=\"clear: both; display: block; margin: 10px 0;\">\n<div style=\"clear: both; display: block; margin: 10px 0;\">\n<div style=\"clear: both; display: block; margin: 10px 0;\">\n<h1>FOTEL WISZ\u0104CY BUJANY OGRODOWY KOSZ HU\u015aTAWKA JAJO KOKON XL<\/h1>\n<p style=\"margin: 15px 0; line-height: 1.8; clear: both; display: block; width: 100%; float: none; position: static;\">\u2705 <b>Bestseller lata ZAKTUALIZOWANY o OGROMNE PODUSZKI \u2013 idealnie wpasuje si\u0119 w Tw\u00f3j ogr\u00f3d lub wn\u0119trze domu!<\/b><\/p>\n<p style=\"margin: 15px 0; line-height: 1.8; clear: both; display: block; width: 100%; float: none; position: static;\">\u2705 <b>Sprawdzony model \u2013 wersja Premium<\/b><\/p>\n<p style=\"margin: 15px 0; line-height: 1.8; clear: both; display: block; width: 100%; float: none; position: static;\">Zam\u00f3w ju\u017c teraz i ciesz si\u0119 komfortem w swoim ogrodzie!<\/p>\n<\/div>\n<\/div>\n<\/div>\n<div style=\"clear: both; display: block; margin: 10px 0;\">\n<div style=\"clear: both; display: block; margin: 10px 0;\">\n<div style=\"clear: both; display: block; margin: 10px 0;\">\n<div  style=\"max-width:1024px;max-height:1024px\">\n<div style=\"clear: both; display: block; margin: 10px 0;\">\n<div style=\"clear: both; width: 100%; display: block; margin: 20px 0; padding: 0; float: none; position: static; text-align: center;\"><img decoding=\"async\"  src=\"https:\/\/a.allegroimg.com\/original\/11903a\/850400524209812917098c971277\/FOTEL-WISZACY-KOKON-OGRODOWY-KOSZ-BUJANY-HUSTAWKA-ZE-STELAZEM-XXL-CZARNY-Srednica-szerokosc-siedziska-110-cm\" srcset=\"https:\/\/a.allegroimg.com\/original\/11903a\/850400524209812917098c971277\/FOTEL-WISZACY-KOKON-OGRODOWY-KOSZ-BUJANY-HUSTAWKA-ZE-STELAZEM-XXL-CZARNY-Srednica-szerokosc-siedziska-110-cm 360w,https:\/\/a.allegroimg.com\/original\/11903a\/850400524209812917098c971277\/FOTEL-WISZACY-KOKON-OGRODOWY-KOSZ-BUJANY-HUSTAWKA-ZE-STELAZEM-XXL-CZARNY-Srednica-szerokosc-siedziska-110-cm 720w,https:\/\/a.allegroimg.com\/original\/11903a\/850400524209812917098c971277\/FOTEL-WISZACY-KOKON-OGRODOWY-KOSZ-BUJANY-HUSTAWKA-ZE-STELAZEM-XXL-CZARNY-Srednica-szerokosc-siedziska-110-cm 1024w,https:\/\/a.allegroimg.com\/original\/11903a\/850400524209812917098c971277\/FOTEL-WISZACY-KOKON-OGRODOWY-KOSZ-BUJANY-HUSTAWKA-ZE-STELAZEM-XXL-CZARNY-Srednica-szerokosc-siedziska-110-cm 1024w\" sizes=\"(min-width: 1200px) 560px, (min-width: 992px) 50vw, 100vw\" width=\"1024px\" alt=\"FOTEL WISZ\u0104CY KOKON OGRODOWY KOSZ BUJANY HU\u015aTAWKA ZE STELA\u017bEM XXL CZARNY \u015arednica\/szeroko\u015b\u0107 siedziska 110 cm\" style=\"max-width: 100%; height: auto; display: block; margin: 0 auto;\"><\/div>\n<\/div>\n<\/div>\n<\/div>\n<\/div>\n<div style=\"clear: both; display: block; margin: 10px 0;\">\n<div style=\"clear: both; display: block; margin: 10px 0;\">\n<h2>Skr\u00f3cony opis!<\/h2>\n<p style=\"margin: 15px 0; line-height: 1.8; clear: both; display: block; width: 100%; float: none; position: static;\">Podwieszany fotel ogrodowy \ufe0f\ud83c\udfd6\ufe0f z technorattanu i solidnym stela\u017cem stalowym to wygodne miejsce do relaksu zar\u00f3wno w ogrodzie, jak i w domu \ud83c\udfe1. Dzi\u0119ki p\u0142ynnemu ko\u0142ysaniu i kube\u0142kowemu kszta\u0142towi zapewnia wysoki komfort odpoczynku \ud83d\ude0c. W zestawie znajduj\u0105 si\u0119 mi\u0119kkie, wodoodporne poduszki, kt\u00f3re podnosz\u0105 wygod\u0119 u\u017cytkowania \u2601\ufe0f.<\/p>\n<h3 style=\"color: #2c5aa0; font-size: 18px; margin: 30px 0 15px 0; font-weight: bold; clear: both; display: block; width: 100%; float: none; position: static;\">Zestaw zawiera:<\/h3>\n<ul style=\"margin: 15px 0; padding-left: 20px; clear: both; display: block; width: 100%; float: none; position: static;\">\n<li style=\"margin: 5px 0; padding: 2px 0; clear: both; display: list-item; float: none; position: static;\"><b>Kosz<\/b><\/li>\n<li style=\"margin: 5px 0; padding: 2px 0; clear: both; display: list-item; float: none; position: static;\"><b>Podstawa<\/b><\/li>\n<li style=\"margin: 5px 0; padding: 2px 0; clear: both; display: list-item; float: none; position: static;\"><b>Pa\u0142\u0105k<\/b><\/li>\n<li style=\"margin: 5px 0; padding: 2px 0; clear: both; display: list-item; float: none; position: static;\"><b>Elementy monta\u017cowe (\u015bruby itp.)<\/b><\/li>\n<li style=\"margin: 5px 0; padding: 2px 0; clear: both; display: list-item; float: none; position: static;\"><b>WODOODPORN\u0104 PODUSZK\u0118 + zag\u0142\u00f3wek<\/b><b><\/b><\/li>\n<\/ul>\n<\/div>\n<\/div>\n<\/div>\n<div style=\"clear: both; display: block; margin: 10px 0;\">\n<div style=\"clear: both; display: block; margin: 10px 0;\">\n<div style=\"clear: both; display: block; margin: 10px 0;\">\n<h1>Opis zestawu<\/h1>\n<h3 style=\"color: #2c5aa0; font-size: 18px; margin: 30px 0 15px 0; font-weight: bold; clear: both; display: block; width: 100%; float: none; position: static;\">1. WODOODPORNA DU\u017bA PODUSZKA + Zag\u0142\u00f3wek \u2014 maksymalna wygoda \ufffd\u2601\ufe0f\ud83e\ude76<\/h3>\n<p style=\"margin: 15px 0; line-height: 1.8; clear: both; display: block; width: 100%; float: none; position: static;\">Zestaw zawiera <b>du\u017c\u0105, mi\u0119kk\u0105 poduszk\u0119 80 cm x 80 cm<\/b>, kt\u00f3ra zapewnia wysoki komfort siedzenia. Do\u0142\u0105czony <b>zag\u0142\u00f3wek 20 \u00d7 35 cm<\/b> pozwala wygodnie podeprze\u0107 g\u0142ow\u0119 podczas odpoczynku. Poduszki wykonano z <b>wodoodpornego materia\u0142u<\/b>, dzi\u0119ki czemu \u015bwietnie sprawdzaj\u0105 si\u0119 na zewn\u0105trz i s\u0105 wyj\u0105tkowo przyjemne w u\u017cytkowaniu.<\/p>\n<h3 style=\"color: #2c5aa0; font-size: 18px; margin: 30px 0 15px 0; font-weight: bold; clear: both; display: block; width: 100%; float: none; position: static;\">2. Komfortowy wypoczynek w ka\u017cdym miejscu \u200d\ufffd\ud83e\uddd8\u200d\u2642\ufe0f\ud83c\udf3f<\/h3>\n<p style=\"margin: 15px 0; line-height: 1.8; clear: both; display: block; width: 100%; float: none; position: static;\">Podwieszany fotel zapewnia relaks dzi\u0119ki \u0142agodnemu ko\u0142ysaniu, kt\u00f3re dzia\u0142a odpr\u0119\u017caj\u0105co po ca\u0142ym dniu. Kube\u0142kowy kszta\u0142t siedziska otula cia\u0142o i tworzy przytuln\u0105 przestrze\u0144, idealn\u0105 do czytania ksi\u0105\u017cki \ud83d\udcd6, popo\u0142udniowej drzemki lub odpoczynku na \u015bwie\u017cym powietrzu.<\/p>\n<\/div>\n<\/div>\n<\/div>\n<div style=\"clear: both; display: block; margin: 10px 0;\">\n<div style=\"clear: both; display: block; margin: 10px 0;\">\n<div style=\"clear: both; display: block; margin: 10px 0;\">\n<div  style=\"max-width:1024px;max-height:1024px\">\n<div style=\"clear: both; display: block; margin: 10px 0;\">\n<div style=\"clear: both; width: 100%; display: block; margin: 20px 0; padding: 0; float: none; position: static; text-align: center;\"><img decoding=\"async\"  src=\"https:\/\/a.allegroimg.com\/original\/11a3f6\/cafe6261466c9f16a85668c4d4b7\/FOTEL-WISZACY-KOKON-OGRODOWY-KOSZ-BUJANY-HUSTAWKA-ZE-STELAZEM-XXL-CZARNY-Stan-opakowania-oryginalne\" srcset=\"https:\/\/a.allegroimg.com\/original\/11a3f6\/cafe6261466c9f16a85668c4d4b7\/FOTEL-WISZACY-KOKON-OGRODOWY-KOSZ-BUJANY-HUSTAWKA-ZE-STELAZEM-XXL-CZARNY-Stan-opakowania-oryginalne 360w,https:\/\/a.allegroimg.com\/original\/11a3f6\/cafe6261466c9f16a85668c4d4b7\/FOTEL-WISZACY-KOKON-OGRODOWY-KOSZ-BUJANY-HUSTAWKA-ZE-STELAZEM-XXL-CZARNY-Stan-opakowania-oryginalne 720w,https:\/\/a.allegroimg.com\/original\/11a3f6\/cafe6261466c9f16a85668c4d4b7\/FOTEL-WISZACY-KOKON-OGRODOWY-KOSZ-BUJANY-HUSTAWKA-ZE-STELAZEM-XXL-CZARNY-Stan-opakowania-oryginalne 1024w,https:\/\/a.allegroimg.com\/original\/11a3f6\/cafe6261466c9f16a85668c4d4b7\/FOTEL-WISZACY-KOKON-OGRODOWY-KOSZ-BUJANY-HUSTAWKA-ZE-STELAZEM-XXL-CZARNY-Stan-opakowania-oryginalne 1024w\" sizes=\"(min-width: 1200px) 560px, (min-width: 992px) 50vw, 100vw\" width=\"1024px\" alt=\"FOTEL WISZ\u0104CY KOKON OGRODOWY KOSZ BUJANY HU\u015aTAWKA ZE STELA\u017bEM XXL CZARNY Stan opakowania oryginalne\" style=\"max-width: 100%; height: auto; display: block; margin: 0 auto;\"><\/div>\n<\/div>\n<\/div>\n<\/div>\n<\/div>\n<div style=\"clear: both; display: block; margin: 10px 0;\">\n<div style=\"clear: both; display: block; margin: 10px 0;\">\n<h3 style=\"color: #2c5aa0; font-size: 18px; margin: 30px 0 15px 0; font-weight: bold; clear: both; display: block; width: 100%; float: none; position: static;\">3. Stabilna proszkowo malowana konstrukcja stalowa \u2692\ufe0f\ud83e\uddf2<\/h3>\n<p style=\"margin: 15px 0; line-height: 1.8; clear: both; display: block; width: 100%; float: none; position: static;\">Wytrzyma\u0142y stela\u017c ze stali malowanej proszkowo gwarantuje stabilno\u015b\u0107 i bezpiecze\u0144stwo u\u017cytkowania. Konstrukcja jest trwa\u0142a, odporna na uszkodzenia i dobrze radzi sobie z codziennym obci\u0105\u017ceniem. Dzi\u0119ki odpowiedniemu profilowaniu fotel stoi pewnie nawet na mniej idealnych powierzchniach.<\/p>\n<h3 style=\"color: #2c5aa0; font-size: 18px; margin: 30px 0 15px 0; font-weight: bold; clear: both; display: block; width: 100%; float: none; position: static;\">4. Technorattan \u2014 elegancja i funkcjonalno\u015b\u0107 \ud83c\udf1e\ud83e\uddfa<\/h3>\n<p style=\"margin: 15px 0; line-height: 1.8; clear: both; display: block; width: 100%; float: none; position: static;\">Oplot wykonany z technorattanu \u0142\u0105czy lekko\u015b\u0107, wytrzyma\u0142o\u015b\u0107 i stylowy wygl\u0105d. Regularna plecionka nadaje fotelowi estetyczny charakter, pasuj\u0105cy zar\u00f3wno do nowoczesnych taras\u00f3w, jak i klasycznych altan. Materia\u0142 jest \u0142atwy w czyszczeniu, co pozwala utrzyma\u0107 fotel w \u015bwietnym stanie przez ca\u0142y sezon.<\/p>\n<\/div>\n<\/div>\n<\/div>\n<div style=\"clear: both; display: block; margin: 10px 0;\">\n<div style=\"clear: both; display: block; margin: 10px 0;\">\n<div style=\"clear: both; display: block; margin: 10px 0;\">\n<h3 style=\"color: #2c5aa0; font-size: 18px; margin: 30px 0 15px 0; font-weight: bold; clear: both; display: block; width: 100%; float: none; position: static;\">5. Idealny do ogrodu, tarasu i wn\u0119trz \ud83c\udfd6\ufe0f\ud83c\udfe1<\/h3>\n<p style=\"margin: 15px 0; line-height: 1.8; clear: both; display: block; width: 100%; float: none; position: static;\">Fotel doskonale sprawdzi si\u0119 jako element wystroju tarasu, ogrodu czy altany, ale r\u00f3wnie\u017c we wn\u0119trzach \u2014 np. w salonie lub oran\u017cerii. Jego uniwersalna forma i klasyczna kolorystyka sprawiaj\u0105, \u017ce \u0142atwo dopasowa\u0107 go do wybranej aran\u017cacji. Jest lekki, wi\u0119c mo\u017cna go wygodnie przestawia\u0107, zmieniaj\u0105c miejsce odpoczynku zale\u017cnie od potrzeb.<\/p>\n<h3 style=\"color: #2c5aa0; font-size: 18px; margin: 30px 0 15px 0; font-weight: bold; clear: both; display: block; width: 100%; float: none; position: static;\">6. Szybki, intuicyjny monta\u017c \ud83d\udd27\ud83e\udd32<\/h3>\n<p style=\"margin: 15px 0; line-height: 1.8; clear: both; display: block; width: 100%; float: none; position: static;\">Monta\u017c fotela jest prosty, a wszystkie niezb\u0119dne elementy znajduj\u0105 si\u0119 w komplecie. Konstrukcja szybko sk\u0142ada si\u0119 do gotowej formy, co pozwala b\u0142yskawicznie cieszy\u0107 si\u0119 komfortem wypoczynku. Po postawieniu fotel pozostaje stabilny i bezpieczny, a jego obs\u0142uga jest ca\u0142kowicie bezproblemowa.<\/p>\n<\/div>\n<\/div>\n<\/div>\n<div style=\"clear: both; display: block; margin: 10px 0;\">\n<div style=\"clear: both; display: block; margin: 10px 0;\">\n<div style=\"clear: both; display: block; margin: 10px 0;\">\n<div  style=\"max-width:1024px;max-height:1024px\">\n<div style=\"clear: both; display: block; margin: 10px 0;\">\n<div style=\"clear: both; width: 100%; display: block; margin: 20px 0; padding: 0; float: none; position: static; text-align: center;\"><img decoding=\"async\"  src=\"https:\/\/a.allegroimg.com\/original\/11ad18\/0935fdc5412c82e821c720b360d4\/FOTEL-WISZACY-KOKON-OGRODOWY-KOSZ-BUJANY-HUSTAWKA-ZE-STELAZEM-XXL-CZARNY-Obciazenie-maksymalne-130-kg\" srcset=\"https:\/\/a.allegroimg.com\/original\/11ad18\/0935fdc5412c82e821c720b360d4\/FOTEL-WISZACY-KOKON-OGRODOWY-KOSZ-BUJANY-HUSTAWKA-ZE-STELAZEM-XXL-CZARNY-Obciazenie-maksymalne-130-kg 360w,https:\/\/a.allegroimg.com\/original\/11ad18\/0935fdc5412c82e821c720b360d4\/FOTEL-WISZACY-KOKON-OGRODOWY-KOSZ-BUJANY-HUSTAWKA-ZE-STELAZEM-XXL-CZARNY-Obciazenie-maksymalne-130-kg 720w,https:\/\/a.allegroimg.com\/original\/11ad18\/0935fdc5412c82e821c720b360d4\/FOTEL-WISZACY-KOKON-OGRODOWY-KOSZ-BUJANY-HUSTAWKA-ZE-STELAZEM-XXL-CZARNY-Obciazenie-maksymalne-130-kg 1024w,https:\/\/a.allegroimg.com\/original\/11ad18\/0935fdc5412c82e821c720b360d4\/FOTEL-WISZACY-KOKON-OGRODOWY-KOSZ-BUJANY-HUSTAWKA-ZE-STELAZEM-XXL-CZARNY-Obciazenie-maksymalne-130-kg 1024w\" sizes=\"(min-width: 1200px) 560px, (min-width: 992px) 50vw, 100vw\" width=\"1024px\" alt=\"FOTEL WISZ\u0104CY KOKON OGRODOWY KOSZ BUJANY HU\u015aTAWKA ZE STELA\u017bEM XXL CZARNY Obci\u0105\u017cenie maksymalne 130 kg\" style=\"max-width: 100%; height: auto; display: block; margin: 0 auto;\"><\/div>\n<\/div>\n<\/div>\n<\/div>\n<\/div>\n<div style=\"clear: both; display: block; margin: 10px 0;\">\n<div style=\"clear: both; display: block; margin: 10px 0;\">\n<h2>Parametry techniczne<\/h2>\n<ul style=\"margin: 15px 0; padding-left: 20px; clear: both; display: block; width: 100%; float: none; position: static;\">\n<li style=\"margin: 5px 0; padding: 2px 0; clear: both; display: list-item; float: none; position: static;\"><b>\ud83c\udfa8Kolor kosza:<\/b> czarny<\/li>\n<li style=\"margin: 5px 0; padding: 2px 0; clear: both; display: list-item; float: none; position: static;\">\u26ab <b>Kolor podstawy:<\/b> czarny<\/li>\n<li style=\"margin: 5px 0; padding: 2px 0; clear: both; display: list-item; float: none; position: static;\">\ud83e\uddf1 <b>Konstrukcja:<\/b> stal malowana proszkowo<\/li>\n<li style=\"margin: 5px 0; padding: 2px 0; clear: both; display: list-item; float: none; position: static;\">\ud83e\uddf5 <b>Oplot:<\/b> technorattan<\/li>\n<li style=\"margin: 5px 0; padding: 2px 0; clear: both; display: list-item; float: none; position: static;\">\ud83d\udcaa <b>Maksymalne obci\u0105\u017cenie:<\/b> 130 kg<\/li>\n<li style=\"margin: 5px 0; padding: 2px 0; clear: both; display: list-item; float: none; position: static;\">\ud83d\udccf <b>Wysoko\u015b\u0107 fotela:<\/b> 205 cm<\/li>\n<li style=\"margin: 5px 0; padding: 2px 0; clear: both; display: list-item; float: none; position: static;\">\u2194\ufe0f <b>Szeroko\u015b\u0107 fotela:<\/b> 110 cm<\/li>\n<li style=\"margin: 5px 0; padding: 2px 0; clear: both; display: list-item; float: none; position: static;\">\u2195\ufe0f <b>G\u0142\u0119boko\u015b\u0107 fotela:<\/b> 70 cm<\/li>\n<li style=\"margin: 5px 0; padding: 2px 0; clear: both; display: list-item; float: none; position: static;\">\ud83d\udd18 <b>Szeroko\u015b\u0107 podstawy:<\/b> 105 cm<\/li>\n<li style=\"margin: 5px 0; padding: 2px 0; clear: both; display: list-item; float: none; position: static;\">\u2601\ufe0f <b>Poduszka g\u0142\u00f3wna:<\/b> 80 cm x 80 cm, szara<\/li>\n<li style=\"margin: 5px 0; padding: 2px 0; clear: both; display: list-item; float: none; position: static;\">\ud83d\udecf\ufe0f <b>Zag\u0142\u00f3wek:<\/b> 35 \u00d7 20 cm, szary<\/li>\n<li style=\"margin: 5px 0; padding: 2px 0; clear: both; display: list-item; float: none; position: static;\">\ud83d\udce6 <b>Monta\u017c:<\/b> elementy monta\u017cowe wewn\u0105trz otworu podstawy<\/li>\n<\/ul>\n<\/div>\n<\/div>\n<\/div>\n<div style=\"clear: both; display: block; margin: 10px 0;\">\n<div style=\"clear: both; display: block; margin: 10px 0;\">\n<div style=\"clear: both; display: block; margin: 10px 0;\">\n<div  style=\"max-width:1024px;max-height:1024px\">\n<div style=\"clear: both; display: block; margin: 10px 0;\">\n<div style=\"clear: both; width: 100%; display: block; margin: 20px 0; padding: 0; float: none; position: static; text-align: center;\"><img decoding=\"async\"  src=\"https:\/\/a.allegroimg.com\/original\/114cfb\/0578909f4cf9ade570d86f4d2491\/FOTEL-WISZACY-KOKON-OGRODOWY-KOSZ-BUJANY-HUSTAWKA-ZE-STELAZEM-XXL-CZARNY\" srcset=\"https:\/\/a.allegroimg.com\/original\/114cfb\/0578909f4cf9ade570d86f4d2491\/FOTEL-WISZACY-KOKON-OGRODOWY-KOSZ-BUJANY-HUSTAWKA-ZE-STELAZEM-XXL-CZARNY 360w,https:\/\/a.allegroimg.com\/original\/114cfb\/0578909f4cf9ade570d86f4d2491\/FOTEL-WISZACY-KOKON-OGRODOWY-KOSZ-BUJANY-HUSTAWKA-ZE-STELAZEM-XXL-CZARNY 720w,https:\/\/a.allegroimg.com\/original\/114cfb\/0578909f4cf9ade570d86f4d2491\/FOTEL-WISZACY-KOKON-OGRODOWY-KOSZ-BUJANY-HUSTAWKA-ZE-STELAZEM-XXL-CZARNY 1024w,https:\/\/a.allegroimg.com\/original\/114cfb\/0578909f4cf9ade570d86f4d2491\/FOTEL-WISZACY-KOKON-OGRODOWY-KOSZ-BUJANY-HUSTAWKA-ZE-STELAZEM-XXL-CZARNY 1024w\" sizes=\"(min-width: 1200px) 560px, (min-width: 992px) 50vw, 100vw\" width=\"1024px\" alt=\"FOTEL WISZ\u0104CY KOKON OGRODOWY KOSZ BUJANY HU\u015aTAWKA ZE STELA\u017bEM XXL CZARNY\" style=\"max-width: 100%; height: auto; display: block; margin: 0 auto;\"><\/div>\n<\/div>\n<\/div>\n<\/div>\n<\/div>\n<div style=\"clear: both; display: block; margin: 10px 0;\">\n<div style=\"clear: both; display: block; margin: 10px 0;\">\n<h2>FAQ<\/h2>\n<h3 style=\"color: #2c5aa0; font-size: 18px; margin: 30px 0 15px 0; font-weight: bold; clear: both; display: block; width: 100%; float: none; position: static;\">1. Czy poduszki s\u0105 w zestawie?<\/h3>\n<h3 style=\"color: #2c5aa0; font-size: 18px; margin: 30px 0 15px 0; font-weight: bold; clear: both; display: block; width: 100%; float: none; position: static;\">2. Czy poszewki mo\u017cna pra\u0107?<\/h3>\n<p style=\"margin: 15px 0; line-height: 1.8; clear: both; display: block; width: 100%; float: none; position: static;\">Tak, poszewki maj\u0105 zamek b\u0142yskawiczny i mo\u017cna je \u0142atwo zdj\u0105\u0107 do prania \ud83e\uddfa.<\/p>\n<h3 style=\"color: #2c5aa0; font-size: 18px; margin: 30px 0 15px 0; font-weight: bold; clear: both; display: block; width: 100%; float: none; position: static;\">3. Czy stela\u017c jest odporny na rdz\u0119?<\/h3>\n<p style=\"margin: 15px 0; line-height: 1.8; clear: both; display: block; width: 100%; float: none; position: static;\">Stal jest malowana proszkowo, co zapewnia zwi\u0119kszon\u0105 odporno\u015b\u0107 na korozj\u0119 \ud83d\udee1\ufe0f.<\/p>\n<h3 style=\"color: #2c5aa0; font-size: 18px; margin: 30px 0 15px 0; font-weight: bold; clear: both; display: block; width: 100%; float: none; position: static;\">4. Czy fotel nadaje si\u0119 na zewn\u0105trz?<\/h3>\n<p style=\"margin: 15px 0; line-height: 1.8; clear: both; display: block; width: 100%; float: none; position: static;\">Tak, materia\u0142y s\u0105 odporne na standardowe u\u017cytkowanie w ogrodzie \ud83c\udf3f.<\/p>\n<h3 style=\"color: #2c5aa0; font-size: 18px; margin: 30px 0 15px 0; font-weight: bold; clear: both; display: block; width: 100%; float: none; position: static;\">5. Czy fotel trzeba chroni\u0107 przed deszczem i UV?<\/h3>\n<p style=\"margin: 15px 0; line-height: 1.8; clear: both; display: block; width: 100%; float: none; position: static;\">Tak \u2014 <b>nale\u017cy go zabezpiecza\u0107<\/b>, poniewa\u017c:<\/p>\n<ul style=\"margin: 15px 0; padding-left: 20px; clear: both; display: block; width: 100%; float: none; position: static;\">\n<li style=\"margin: 5px 0; padding: 2px 0; clear: both; display: list-item; float: none; position: static;\">d\u0142ugotrwa\u0142e promieniowanie <b>UV<\/b> mo\u017ce powodowa\u0107 degradacj\u0119 oplotu \ud83c\udf1e,<\/li>\n<li style=\"margin: 5px 0; padding: 2px 0; clear: both; display: list-item; float: none; position: static;\">brak ochrony przed <b>deszczem<\/b> mo\u017ce prowadzi\u0107 do korozji stalowych element\u00f3w \ud83c\udf27\ufe0f.\n<p style=\"margin: 15px 0; line-height: 1.8; clear: both; display: block; width: 100%; float: none; position: static;\">Zalecane jest okrywanie lub przechowywanie pod zadaszeniem.<\/p>\n<\/li>\n<\/ul>\n<\/div>\n<\/div>\n<\/div>\n<\/div>\n<\/div>\n<\/div>\n<div style=\"clear: both; display: block; margin: 10px 0;\">\n","protected":false},"excerpt":{"rendered":"<p>FOTEL WISZ\u0104CY BUJANY OGRODOWY KOSZ HU\u015aTAWKA JAJO KOKON XL<\/p>\n<p>\u2705 Bestseller lata ZAKTUALIZOWANY o OGROMNE PODUSZKI \u2013 idealnie wpasuje si\u0119 w Tw\u00f3j ogr\u00f3d lub wn\u0119trze domu!<\/p>\n<p>\u2705 Sprawdzony model \u2013 wersja Premium<\/p>\n<p>Zam\u00f3w ju\u017c teraz i ciesz si\u0119 komfortem w swoim ogrodzie!<\/p>\n<p>Skr\u00f3cony opis!<\/p>\n","protected":false},"featured_media":15890,"template":"","meta":{"_uag_custom_page_level_css":""},"product_brand":[],"product_cat":[549,542,541],"product_tag":[],"class_list":{"0":"post-15889","1":"product","2":"type-product","3":"status-publish","4":"has-post-thumbnail","6":"product_cat-fotele-wiszace","7":"product_cat-meble-ogrodowe","8":"product_cat-ogrod","10":"first","11":"instock","12":"sale","13":"shipping-taxable","14":"purchasable","15":"product-type-simple"},"uagb_featured_image_src":{"full":["https:\/\/tivrano.shop\/grill\/wp-content\/uploads\/2026\/04\/allegro-image-15889.jpg",1024,1024,false],"thumbnail":["https:\/\/tivrano.shop\/grill\/wp-content\/uploads\/2026\/04\/allegro-image-15889-150x150.jpg",150,150,true],"medium":["https:\/\/tivrano.shop\/grill\/wp-content\/uploads\/2026\/04\/allegro-image-15889-300x300.jpg",300,300,true],"medium_large":["https:\/\/tivrano.shop\/grill\/wp-content\/uploads\/2026\/04\/allegro-image-15889-768x768.jpg",768,768,true],"large":["https:\/\/tivrano.shop\/grill\/wp-content\/uploads\/2026\/04\/allegro-image-15889.jpg",1024,1024,false],"1536x1536":["https:\/\/tivrano.shop\/grill\/wp-content\/uploads\/2026\/04\/allegro-image-15889.jpg",1024,1024,false],"2048x2048":["https:\/\/tivrano.shop\/grill\/wp-content\/uploads\/2026\/04\/allegro-image-15889.jpg",1024,1024,false],"woocommerce_thumbnail":["https:\/\/tivrano.shop\/grill\/wp-content\/uploads\/2026\/04\/allegro-image-15889-300x300.jpg",300,300,true],"woocommerce_single":["https:\/\/tivrano.shop\/grill\/wp-content\/uploads\/2026\/04\/allegro-image-15889-600x600.jpg",600,600,true],"woocommerce_gallery_thumbnail":["https:\/\/tivrano.shop\/grill\/wp-content\/uploads\/2026\/04\/allegro-image-15889-100x100.jpg",100,100,true]},"uagb_author_info":{"display_name":"admin","author_link":"https:\/\/tivrano.shop\/grill\/author\/"},"uagb_comment_info":0,"uagb_excerpt":"FOTEL WISZ\u0104CY BUJANY OGRODOWY KOSZ HU\u015aTAWKA JAJO KOKON XL \u2705 Bestseller lata ZAKTUALIZOWANY o OGROMNE PODUSZKI \u2013 idealnie wpasuje si\u0119 w Tw\u00f3j ogr\u00f3d lub wn\u0119trze domu! \u2705 Sprawdzony model \u2013 wersja Premium Zam\u00f3w ju\u017c teraz i ciesz si\u0119 komfortem w swoim ogrodzie! Skr\u00f3cony opis!","_links":{"self":[{"href":"https:\/\/tivrano.shop\/grill\/wp-json\/wp\/v2\/product\/15889","targetHints":{"allow":["GET"]}}],"collection":[{"href":"https:\/\/tivrano.shop\/grill\/wp-json\/wp\/v2\/product"}],"about":[{"href":"https:\/\/tivrano.shop\/grill\/wp-json\/wp\/v2\/types\/product"}],"wp:featuredmedia":[{"embeddable":true,"href":"https:\/\/tivrano.shop\/grill\/wp-json\/wp\/v2\/media\/15890"}],"wp:attachment":[{"href":"https:\/\/tivrano.shop\/grill\/wp-json\/wp\/v2\/media?parent=15889"}],"wp:term":[{"taxonomy":"product_brand","embeddable":true,"href":"https:\/\/tivrano.shop\/grill\/wp-json\/wp\/v2\/product_brand?post=15889"},{"taxonomy":"product_cat","embeddable":true,"href":"https:\/\/tivrano.shop\/grill\/wp-json\/wp\/v2\/product_cat?post=15889"},{"taxonomy":"product_tag","embeddable":true,"href":"https:\/\/tivrano.shop\/grill\/wp-json\/wp\/v2\/product_tag?post=15889"}],"curies":[{"name":"wp","href":"https:\/\/api.w.org\/{rel}","templated":true}]}}