{"id":15871,"date":"2026-04-06T05:52:02","date_gmt":"2026-04-06T04:52:02","guid":{"rendered":"https:\/\/grillcentrum.shop\/gree\/produkt\/makita-dlm330z-kosiarka-do-trawy-18v\/"},"modified":"2026-04-11T02:22:28","modified_gmt":"2026-04-11T01:22:28","slug":"makita-dlm330z-kosiarka-do-trawy-18v","status":"publish","type":"product","link":"https:\/\/tivrano.shop\/grill\/produkt\/makita-dlm330z-kosiarka-do-trawy-18v\/","title":{"rendered":"MAKITA DLM330Z Kosiarka do trawy 18V"},"content":{"rendered":"<div style=\"font-family: Arial, sans-serif; line-height: 1.6; color: #333; padding: 20px; clear: both; display: block; width: 100%; float: none; position: static; overflow: hidden;\">\n<div style=\"clear: both; display: block; margin: 10px 0;\">\n<div style=\"clear: both; display: block; margin: 10px 0;\">\n<div style=\"clear: both; display: block; margin: 10px 0;\">\n<h2>MAKITA DLM330Z Kosiarka do trawy 18V<\/h2>\n<p style=\"margin: 15px 0; line-height: 1.8; clear: both; display: block; width: 100%; float: none; position: static;\">Cechy produktu<\/p>\n<ul style=\"margin: 15px 0; padding-left: 20px; clear: both; display: block; width: 100%; float: none; position: static;\">\n<li style=\"margin: 5px 0; padding: 2px 0; clear: both; display: list-item; float: none; position: static;\">Przyjazna dla \u015brodowiska kosiarka akumulatorowa zasilana 1 akumulatorem 18 V<\/li>\n<li style=\"margin: 5px 0; padding: 2px 0; clear: both; display: list-item; float: none; position: static;\">Pozwala na skoszenie ogrodu o powierzchni do 270 m\u00b2 na jednym na\u0142adowaniu akumulatora BL1840B<\/li>\n<li style=\"margin: 5px 0; padding: 2px 0; clear: both; display: list-item; float: none; position: static;\"><b>Technologia XPT &#8211; podwy\u017cszona odporno\u015b\u0107 na py\u0142 i wilgo\u0107<\/b><\/li>\n<li style=\"margin: 5px 0; padding: 2px 0; clear: both; display: list-item; float: none; position: static;\">8-stopniowa centralna regulacja wysoko\u015bci koszenia ustawiana za pomoc\u0105 d\u017awigni<\/li>\n<li style=\"margin: 5px 0; padding: 2px 0; clear: both; display: list-item; float: none; position: static;\">\u0141agodny rozruch i hamulec elektryczny<\/li>\n<li style=\"margin: 5px 0; padding: 2px 0; clear: both; display: list-item; float: none; position: static;\">Funkcja <b>anty-restart<\/b><\/li>\n<li style=\"margin: 5px 0; padding: 2px 0; clear: both; display: list-item; float: none; position: static;\">Klasa odporno\u015bci na wod\u0119 IPX4<\/li>\n<li style=\"margin: 5px 0; padding: 2px 0; clear: both; display: list-item; float: none; position: static;\">Uchwyt z \u0142atwym dost\u0119pem do panelu sterowania z w\u0142\u0105cznikiem g\u0142\u00f3wnym<\/li>\n<li style=\"margin: 5px 0; padding: 2px 0; clear: both; display: list-item; float: none; position: static;\">2 &#8211; stopniowa regulacja wysoko\u015bci uchwytu<\/li>\n<li style=\"margin: 5px 0; padding: 2px 0; clear: both; display: list-item; float: none; position: static;\">Polipropylenowa obudowa zmniejszaj\u0105ca wag\u0119 kosiarki, jednocze\u015bnie zwi\u0119kszaj\u0105c jej mobilno\u015b\u0107<\/li>\n<li style=\"margin: 5px 0; padding: 2px 0; clear: both; display: list-item; float: none; position: static;\">Szerokie opony u\u0142atwiaj\u0105ce prowadzenie kosiarki po grz\u0105skim lub pag\u00f3rkowatym terenie<\/li>\n<li style=\"margin: 5px 0; padding: 2px 0; clear: both; display: list-item; float: none; position: static;\">Kosz na traw\u0119 ze wska\u017anikiem poziomu zape\u0142nienia<\/li>\n<li style=\"margin: 5px 0; padding: 2px 0; clear: both; display: list-item; float: none; position: static;\">D\u017awignia blokady przed dzie\u0107mi<\/li>\n<li style=\"margin: 5px 0; padding: 2px 0; clear: both; display: list-item; float: none; position: static;\">3 funkcje: ci\u0119cie, zbieranie i mulczowanie<\/li>\n<li style=\"margin: 5px 0; padding: 2px 0; clear: both; display: list-item; float: none; position: static;\">2 z\u0119bne ostrze przeznaczone zar\u00f3wno do ci\u0119cia jak i mulczowania<\/li>\n<li style=\"margin: 5px 0; padding: 2px 0; clear: both; display: list-item; float: none; position: static;\">Mo\u017cliwo\u015b\u0107 przechowywania w pozycji pionowej<\/li>\n<li style=\"margin: 5px 0; padding: 2px 0; clear: both; display: list-item; float: none; position: static;\">Lampka ostrzegaj\u0105ca o niskim poziomie na\u0142adowania akumulatora<\/li>\n<li style=\"margin: 5px 0; padding: 2px 0; clear: both; display: list-item; float: none; position: static;\">Wygodny uchwyt do przenoszenia kosiarki<\/li>\n<li style=\"margin: 5px 0; padding: 2px 0; clear: both; display: list-item; float: none; position: static;\"><b>Nie wsp\u00f3\u0142pracuje z akumulatorami BL1811G, BL1813G, BL1815G (bez elektroniki) oraz akumulatorem BL1815 (18 V \/ 1,3 Ah)<\/b><\/li>\n<\/ul>\n<p style=\"margin: 15px 0; line-height: 1.8; clear: both; display: block; width: 100%; float: none; position: static;\">Specyfikacja techniczna<\/p>\n<ul style=\"margin: 15px 0; padding-left: 20px; clear: both; display: block; width: 100%; float: none; position: static;\">\n<li style=\"margin: 5px 0; padding: 2px 0; clear: both; display: list-item; float: none; position: static;\">Napi\u0119cie zasilania:18 V<\/li>\n<li style=\"margin: 5px 0; padding: 2px 0; clear: both; display: list-item; float: none; position: static;\">Typ akumulator\u00f3w: Li-Ion<\/li>\n<li style=\"margin: 5px 0; padding: 2px 0; clear: both; display: list-item; float: none; position: static;\">Obs\u0142ugiwane akumulatory: 3,0 \/ 4,0 \/ 5,0 \/ 6,0 Ah<\/li>\n<li style=\"margin: 5px 0; padding: 2px 0; clear: both; display: list-item; float: none; position: static;\">Pr\u0119dko\u015b\u0107 obrotowa no\u017ca bez obci\u0105\u017cenia: 4300 obr.\/min<\/li>\n<li style=\"margin: 5px 0; padding: 2px 0; clear: both; display: list-item; float: none; position: static;\">Szeroko\u015b\u0107 koszenia: 33 cm<\/li>\n<li style=\"margin: 5px 0; padding: 2px 0; clear: both; display: list-item; float: none; position: static;\">Wysoko\u015b\u0107 koszenia: 20 &#8211; 75 mm<\/li>\n<li style=\"margin: 5px 0; padding: 2px 0; clear: both; display: list-item; float: none; position: static;\">Regulacja wysoko\u015bci koszenia: 8 &#8211; stopniowa<\/li>\n<li style=\"margin: 5px 0; padding: 2px 0; clear: both; display: list-item; float: none; position: static;\">Pojemno\u015b\u0107 kosza: 30 l<\/li>\n<li style=\"margin: 5px 0; padding: 2px 0; clear: both; display: list-item; float: none; position: static;\">Nap\u0119d: posuw reczny<\/li>\n<li style=\"margin: 5px 0; padding: 2px 0; clear: both; display: list-item; float: none; position: static;\">Obudowa: polipropylenowa<\/li>\n<li style=\"margin: 5px 0; padding: 2px 0; clear: both; display: list-item; float: none; position: static;\">Wymiary (D x S x W): 1285 &#8211; 1350 x 375 x 935 &#8211; 975 mm<\/li>\n<li style=\"margin: 5px 0; padding: 2px 0; clear: both; display: list-item; float: none; position: static;\">Waga (EPTA): 11,6 &#8211; 12,5 kg<\/li>\n<\/ul>\n<h3 style=\"color: #2c5aa0; font-size: 18px; margin: 30px 0 15px 0; font-weight: bold; clear: both; display: block; width: 100%; float: none; position: static;\">Produkt dostarczany bez \u0142adowarki i akumulatora.<\/h3>\n<\/div>\n<\/div>\n<div style=\"clear: both; display: block; margin: 10px 0;\">\n<div style=\"clear: both; display: block; margin: 10px 0;\">\n<div  style=\"max-width:591px;max-height:591px\">\n<div style=\"clear: both; display: block; margin: 10px 0;\">\n<div style=\"clear: both; width: 100%; display: block; margin: 20px 0; padding: 0; float: none; position: static; text-align: center;\"><img decoding=\"async\"  src=\"https:\/\/a.allegroimg.com\/original\/1116c7\/2477b1be4aca986539418876cb77\/MAKITA-DLM330Z-Kosiarka-do-trawy-18V\" srcset=\"https:\/\/a.allegroimg.com\/original\/1116c7\/2477b1be4aca986539418876cb77\/MAKITA-DLM330Z-Kosiarka-do-trawy-18V 360w,https:\/\/a.allegroimg.com\/original\/1116c7\/2477b1be4aca986539418876cb77\/MAKITA-DLM330Z-Kosiarka-do-trawy-18V 591w,https:\/\/a.allegroimg.com\/original\/1116c7\/2477b1be4aca986539418876cb77\/MAKITA-DLM330Z-Kosiarka-do-trawy-18V 591w\" sizes=\"(min-width: 1200px) 560px, (min-width: 992px) 50vw, 100vw\" width=\"591px\" alt=\"MAKITA DLM330Z Kosiarka do trawy 18V\" style=\"max-width: 100%; height: auto; display: block; margin: 0 auto;\"><\/div>\n<\/div>\n<\/div>\n<\/div>\n<\/div>\n<\/div>\n<\/div>\n<\/div>\n<\/div>\n<div style=\"clear: both; display: block; margin: 10px 0;\">\n","protected":false},"excerpt":{"rendered":"<p>MAKITA DLM330Z Kosiarka do trawy 18V<\/p>\n<p>Cechy produktu<\/p>\n<p>Przyjazna dla \u015brodowiska kosiarka akumulatorowa zasilana 1 akumulatorem 18 V<\/p>\n<p>Pozwala na skoszenie ogrodu o powierzchni do 270 m\u00b2 na jednym na\u0142adowaniu akumulatora BL1840B<\/p>\n<p>Technologia XPT &#8211; podwy\u017cszona odporno\u015b\u0107 na py\u0142 i wilgo\u0107<\/p>\n<p>8-stopniowa centralna regulacja wysoko\u015bci koszenia ustawiana za pomoc\u0105 d\u017awigni<\/p>\n<p>\u0141agodny rozruch i hamulec elektryczny<\/p>\n<p>Funkcja anty-restart<\/p>\n","protected":false},"featured_media":15872,"template":"","meta":{"_uag_custom_page_level_css":""},"product_brand":[935],"product_cat":[867,896,866,541],"product_tag":[],"class_list":{"0":"post-15871","1":"product","2":"type-product","3":"status-publish","4":"has-post-thumbnail","6":"product_brand-makita","7":"product_cat-kosiarki","8":"product_cat-kosiarki-akumulatorowe","9":"product_cat-narzedzia-ogrodnicze","10":"product_cat-ogrod","12":"first","13":"instock","14":"sale","15":"shipping-taxable","16":"purchasable","17":"product-type-simple"},"uagb_featured_image_src":{"full":["https:\/\/tivrano.shop\/grill\/wp-content\/uploads\/2026\/04\/allegro-image-15871.jpg",591,591,false],"thumbnail":["https:\/\/tivrano.shop\/grill\/wp-content\/uploads\/2026\/04\/allegro-image-15871-150x150.jpg",150,150,true],"medium":["https:\/\/tivrano.shop\/grill\/wp-content\/uploads\/2026\/04\/allegro-image-15871-300x300.jpg",300,300,true],"medium_large":["https:\/\/tivrano.shop\/grill\/wp-content\/uploads\/2026\/04\/allegro-image-15871.jpg",591,591,false],"large":["https:\/\/tivrano.shop\/grill\/wp-content\/uploads\/2026\/04\/allegro-image-15871.jpg",591,591,false],"1536x1536":["https:\/\/tivrano.shop\/grill\/wp-content\/uploads\/2026\/04\/allegro-image-15871.jpg",591,591,false],"2048x2048":["https:\/\/tivrano.shop\/grill\/wp-content\/uploads\/2026\/04\/allegro-image-15871.jpg",591,591,false],"woocommerce_thumbnail":["https:\/\/tivrano.shop\/grill\/wp-content\/uploads\/2026\/04\/allegro-image-15871-300x300.jpg",300,300,true],"woocommerce_single":["https:\/\/tivrano.shop\/grill\/wp-content\/uploads\/2026\/04\/allegro-image-15871.jpg",591,591,false],"woocommerce_gallery_thumbnail":["https:\/\/tivrano.shop\/grill\/wp-content\/uploads\/2026\/04\/allegro-image-15871-100x100.jpg",100,100,true]},"uagb_author_info":{"display_name":"admin","author_link":"https:\/\/tivrano.shop\/grill\/author\/"},"uagb_comment_info":0,"uagb_excerpt":"MAKITA DLM330Z Kosiarka do trawy 18V Cechy produktu Przyjazna dla \u015brodowiska kosiarka akumulatorowa zasilana 1 akumulatorem 18 V Pozwala na skoszenie ogrodu o powierzchni do 270 m\u00b2 na jednym na\u0142adowaniu akumulatora BL1840B Technologia XPT - podwy\u017cszona odporno\u015b\u0107 na py\u0142 i wilgo\u0107 8-stopniowa centralna regulacja wysoko\u015bci koszenia ustawiana za pomoc\u0105 d\u017awigni \u0141agodny rozruch i hamulec elektryczny&hellip;","_links":{"self":[{"href":"https:\/\/tivrano.shop\/grill\/wp-json\/wp\/v2\/product\/15871","targetHints":{"allow":["GET"]}}],"collection":[{"href":"https:\/\/tivrano.shop\/grill\/wp-json\/wp\/v2\/product"}],"about":[{"href":"https:\/\/tivrano.shop\/grill\/wp-json\/wp\/v2\/types\/product"}],"wp:featuredmedia":[{"embeddable":true,"href":"https:\/\/tivrano.shop\/grill\/wp-json\/wp\/v2\/media\/15872"}],"wp:attachment":[{"href":"https:\/\/tivrano.shop\/grill\/wp-json\/wp\/v2\/media?parent=15871"}],"wp:term":[{"taxonomy":"product_brand","embeddable":true,"href":"https:\/\/tivrano.shop\/grill\/wp-json\/wp\/v2\/product_brand?post=15871"},{"taxonomy":"product_cat","embeddable":true,"href":"https:\/\/tivrano.shop\/grill\/wp-json\/wp\/v2\/product_cat?post=15871"},{"taxonomy":"product_tag","embeddable":true,"href":"https:\/\/tivrano.shop\/grill\/wp-json\/wp\/v2\/product_tag?post=15871"}],"curies":[{"name":"wp","href":"https:\/\/api.w.org\/{rel}","templated":true}]}}