{"id":15867,"date":"2026-04-06T05:52:00","date_gmt":"2026-04-06T04:52:00","guid":{"rendered":"https:\/\/grillcentrum.shop\/gree\/produkt\/2x-drewniany-lezak-ogrodowy-bujak-z-drewna\/"},"modified":"2026-04-11T02:22:28","modified_gmt":"2026-04-11T01:22:28","slug":"2x-drewniany-lezak-ogrodowy-bujak-z-drewna","status":"publish","type":"product","link":"https:\/\/tivrano.shop\/grill\/produkt\/2x-drewniany-lezak-ogrodowy-bujak-z-drewna\/","title":{"rendered":"2x DREWNIANY LE\u017bAK OGRODOWY BUJAK Z DREWNA"},"content":{"rendered":"<div style=\"font-family: Arial, sans-serif; line-height: 1.6; color: #333; padding: 20px; clear: both; display: block; width: 100%; float: none; position: static; overflow: hidden;\">\n<div style=\"clear: both; display: block; margin: 10px 0;\">\n<div style=\"clear: both; display: block; margin: 10px 0;\">\n<div style=\"clear: both; display: block; margin: 10px 0;\">\n<div  style=\"max-width:800px;max-height:800px\">\n<div style=\"clear: both; display: block; margin: 10px 0;\">\n<div style=\"clear: both; width: 100%; display: block; margin: 20px 0; padding: 0; float: none; position: static; text-align: center;\"><img decoding=\"async\"  src=\"https:\/\/a.allegroimg.com\/original\/11d579\/aa3815904694a4bbd751c320cb13\/2x-DREWNIANY-LEZAK-OGRODOWY-BUJAK-Z-DREWNA\" srcset=\"https:\/\/a.allegroimg.com\/original\/11d579\/aa3815904694a4bbd751c320cb13\/2x-DREWNIANY-LEZAK-OGRODOWY-BUJAK-Z-DREWNA 360w,https:\/\/a.allegroimg.com\/original\/11d579\/aa3815904694a4bbd751c320cb13\/2x-DREWNIANY-LEZAK-OGRODOWY-BUJAK-Z-DREWNA 720w,https:\/\/a.allegroimg.com\/original\/11d579\/aa3815904694a4bbd751c320cb13\/2x-DREWNIANY-LEZAK-OGRODOWY-BUJAK-Z-DREWNA 800w,https:\/\/a.allegroimg.com\/original\/11d579\/aa3815904694a4bbd751c320cb13\/2x-DREWNIANY-LEZAK-OGRODOWY-BUJAK-Z-DREWNA 800w\" sizes=\"(min-width: 1200px) 560px, (min-width: 992px) 50vw, 100vw\" width=\"800px\" alt=\"2x DREWNIANY LE\u017bAK OGRODOWY BUJAK Z DREWNA\" style=\"max-width: 100%; height: auto; display: block; margin: 0 auto;\"><\/div>\n<\/div>\n<\/div>\n<\/div>\n<\/div>\n<div style=\"clear: both; display: block; margin: 10px 0;\">\n<div style=\"clear: both; display: block; margin: 10px 0;\">\n<h2> 2x DREWNIANY LE\u017bAK OGRODOWY BUJAK Z DREWNA  <\/h2>\n<p style=\"margin: 15px 0; line-height: 1.8; clear: both; display: block; width: 100%; float: none; position: static;\">Numer katalogowy: <b>ART-2408<\/b><\/p>\n<p style=\"margin: 15px 0; line-height: 1.8; clear: both; display: block; width: 100%; float: none; position: static;\">\n<p style=\"margin: 15px 0; line-height: 1.8; clear: both; display: block; width: 100%; float: none; position: static;\">2 sztuki solidnego Drewnianego Le\u017caka z drewna akacjowego, kt\u00f3re charakteryzuj\u0105 si\u0119 ergonomicznym kszta\u0142tem i wyj\u0105tkow\u0105 funkcj\u0105 przechylania. Relaks na le\u017caku przy basenie, na tarasie, na balkonie lub na pla\u017cy. <\/p>\n<\/div>\n<\/div>\n<\/div>\n<div style=\"clear: both; display: block; margin: 10px 0;\">\n<div style=\"clear: both; display: block; margin: 10px 0;\">\n<div style=\"clear: both; display: block; margin: 10px 0;\">\n<h3 style=\"color: #2c5aa0; font-size: 18px; margin: 30px 0 15px 0; font-weight: bold; clear: both; display: block; width: 100%; float: none; position: static;\">Cechy i Zalety:<\/h3>\n<ul style=\"margin: 15px 0; padding-left: 20px; clear: both; display: block; width: 100%; float: none; position: static;\">\n<li style=\"margin: 5px 0; padding: 2px 0; clear: both; display: list-item; float: none; position: static;\">Zestaw 2 sztuk<\/li>\n<li style=\"margin: 5px 0; padding: 2px 0; clear: both; display: list-item; float: none; position: static;\">Unikalna funkcja ko\u0142ysania<\/li>\n<li style=\"margin: 5px 0; padding: 2px 0; clear: both; display: list-item; float: none; position: static;\">Ergonomiczny kszta\u0142t<\/li>\n<li style=\"margin: 5px 0; padding: 2px 0; clear: both; display: list-item; float: none; position: static;\">Drewno egzotyczne<\/li>\n<li style=\"margin: 5px 0; padding: 2px 0; clear: both; display: list-item; float: none; position: static;\">Do stosowania wewn\u0105trz i na zewn\u0105trz<\/li>\n<li style=\"margin: 5px 0; padding: 2px 0; clear: both; display: list-item; float: none; position: static;\">Stylowy wygl\u0105d<\/li>\n<li style=\"margin: 5px 0; padding: 2px 0; clear: both; display: list-item; float: none; position: static;\">\u0141atwy monta\u017c<\/li>\n<li style=\"margin: 5px 0; padding: 2px 0; clear: both; display: list-item; float: none; position: static;\">Impregnowany wysokiej jako\u015bci olejem lnianym, bez u\u017cycia chemicznego \u015brodka konserwuj\u0105cego drewno<\/li>\n<\/ul>\n<\/div>\n<\/div>\n<div style=\"clear: both; display: block; margin: 10px 0;\">\n<div style=\"clear: both; display: block; margin: 10px 0;\">\n<div  style=\"max-width:800px;max-height:800px\">\n<div style=\"clear: both; display: block; margin: 10px 0;\">\n<div style=\"clear: both; width: 100%; display: block; margin: 20px 0; padding: 0; float: none; position: static; text-align: center;\"><img decoding=\"async\"  src=\"https:\/\/a.allegroimg.com\/original\/116b94\/f0a93f70422e9c971c73a099cf22\/2x-DREWNIANY-LEZAK-OGRODOWY-BUJAK-Z-DREWNA-Kolor-bezowy\" srcset=\"https:\/\/a.allegroimg.com\/original\/116b94\/f0a93f70422e9c971c73a099cf22\/2x-DREWNIANY-LEZAK-OGRODOWY-BUJAK-Z-DREWNA-Kolor-bezowy 360w,https:\/\/a.allegroimg.com\/original\/116b94\/f0a93f70422e9c971c73a099cf22\/2x-DREWNIANY-LEZAK-OGRODOWY-BUJAK-Z-DREWNA-Kolor-bezowy 720w,https:\/\/a.allegroimg.com\/original\/116b94\/f0a93f70422e9c971c73a099cf22\/2x-DREWNIANY-LEZAK-OGRODOWY-BUJAK-Z-DREWNA-Kolor-bezowy 800w,https:\/\/a.allegroimg.com\/original\/116b94\/f0a93f70422e9c971c73a099cf22\/2x-DREWNIANY-LEZAK-OGRODOWY-BUJAK-Z-DREWNA-Kolor-bezowy 800w\" sizes=\"(min-width: 1200px) 560px, (min-width: 992px) 50vw, 100vw\" width=\"800px\" alt=\"2x DREWNIANY LE\u017bAK OGRODOWY BUJAK Z DREWNA Kolor be\u017cowy\" style=\"max-width: 100%; height: auto; display: block; margin: 0 auto;\"><\/div>\n<\/div>\n<\/div>\n<\/div>\n<\/div>\n<\/div>\n<div style=\"clear: both; display: block; margin: 10px 0;\">\n<div style=\"clear: both; display: block; margin: 10px 0;\">\n<div style=\"clear: both; display: block; margin: 10px 0;\">\n<div  style=\"max-width:800px;max-height:800px\">\n<div style=\"clear: both; display: block; margin: 10px 0;\">\n<div style=\"clear: both; width: 100%; display: block; margin: 20px 0; padding: 0; float: none; position: static; text-align: center;\"><img decoding=\"async\"  src=\"https:\/\/a.allegroimg.com\/original\/11e6bc\/5ff51e3749aaa02337048493654f\/2x-DREWNIANY-LEZAK-OGRODOWY-BUJAK-Z-DREWNA-Stan-opakowania-oryginalne\" srcset=\"https:\/\/a.allegroimg.com\/original\/11e6bc\/5ff51e3749aaa02337048493654f\/2x-DREWNIANY-LEZAK-OGRODOWY-BUJAK-Z-DREWNA-Stan-opakowania-oryginalne 360w,https:\/\/a.allegroimg.com\/original\/11e6bc\/5ff51e3749aaa02337048493654f\/2x-DREWNIANY-LEZAK-OGRODOWY-BUJAK-Z-DREWNA-Stan-opakowania-oryginalne 720w,https:\/\/a.allegroimg.com\/original\/11e6bc\/5ff51e3749aaa02337048493654f\/2x-DREWNIANY-LEZAK-OGRODOWY-BUJAK-Z-DREWNA-Stan-opakowania-oryginalne 800w,https:\/\/a.allegroimg.com\/original\/11e6bc\/5ff51e3749aaa02337048493654f\/2x-DREWNIANY-LEZAK-OGRODOWY-BUJAK-Z-DREWNA-Stan-opakowania-oryginalne 800w\" sizes=\"(min-width: 1200px) 560px, (min-width: 992px) 50vw, 100vw\" width=\"800px\" alt=\"2x DREWNIANY LE\u017bAK OGRODOWY BUJAK Z DREWNA Stan opakowania oryginalne\" style=\"max-width: 100%; height: auto; display: block; margin: 0 auto;\"><\/div>\n<\/div>\n<\/div>\n<\/div>\n<\/div>\n<div style=\"clear: both; display: block; margin: 10px 0;\">\n<div style=\"clear: both; display: block; margin: 10px 0;\">\n<h3 style=\"color: #2c5aa0; font-size: 18px; margin: 30px 0 15px 0; font-weight: bold; clear: both; display: block; width: 100%; float: none; position: static;\">Dane Techniczne:<\/h3>\n<ul style=\"margin: 15px 0; padding-left: 20px; clear: both; display: block; width: 100%; float: none; position: static;\">\n<li style=\"margin: 5px 0; padding: 2px 0; clear: both; display: list-item; float: none; position: static;\">Numer Katalogowy: <b>ART-2408<\/b><\/li>\n<li style=\"margin: 5px 0; padding: 2px 0; clear: both; display: list-item; float: none; position: static;\">Wymiary: <b>(D x S x W): 150 x 60 x 93 cm<\/b><\/li>\n<li style=\"margin: 5px 0; padding: 2px 0; clear: both; display: list-item; float: none; position: static;\">Materia\u0142: <b>Drewno Akacji<\/b><\/li>\n<li style=\"margin: 5px 0; padding: 2px 0; clear: both; display: list-item; float: none; position: static;\">Impregnat: <b>Olej Lniany<\/b><\/li>\n<li style=\"margin: 5px 0; padding: 2px 0; clear: both; display: list-item; float: none; position: static;\">Waga jednego le\u017caka: <b>11 kg<\/b><\/li>\n<\/ul>\n<\/div>\n<\/div>\n<\/div>\n<div style=\"clear: both; display: block; margin: 10px 0;\">\n<div style=\"clear: both; display: block; margin: 10px 0;\">\n<div style=\"clear: both; display: block; margin: 10px 0;\">\n<h3 style=\"color: #2c5aa0; font-size: 18px; margin: 30px 0 15px 0; font-weight: bold; clear: both; display: block; width: 100%; float: none; position: static;\">Zawarto\u015b\u0107 Przesy\u0142ki:<\/h3>\n<ul style=\"margin: 15px 0; padding-left: 20px; clear: both; display: block; width: 100%; float: none; position: static;\">\n<li style=\"margin: 5px 0; padding: 2px 0; clear: both; display: list-item; float: none; position: static;\">2x Le\u017cak<\/li>\n<li style=\"margin: 5px 0; padding: 2px 0; clear: both; display: list-item; float: none; position: static;\">Instrukcja<\/li>\n<\/ul>\n<\/div>\n<\/div>\n<div style=\"clear: both; display: block; margin: 10px 0;\">\n<div style=\"clear: both; display: block; margin: 10px 0;\">\n<div  style=\"max-width:800px;max-height:800px\">\n<div style=\"clear: both; display: block; margin: 10px 0;\">\n<div style=\"clear: both; width: 100%; display: block; margin: 20px 0; padding: 0; float: none; position: static; text-align: center;\"><img decoding=\"async\"  src=\"https:\/\/a.allegroimg.com\/original\/116754\/132ba55e4f39b30ef97742f26bbd\/2x-DREWNIANY-LEZAK-OGRODOWY-BUJAK-Z-DREWNA-Marka-Casaria\" srcset=\"https:\/\/a.allegroimg.com\/original\/116754\/132ba55e4f39b30ef97742f26bbd\/2x-DREWNIANY-LEZAK-OGRODOWY-BUJAK-Z-DREWNA-Marka-Casaria 360w,https:\/\/a.allegroimg.com\/original\/116754\/132ba55e4f39b30ef97742f26bbd\/2x-DREWNIANY-LEZAK-OGRODOWY-BUJAK-Z-DREWNA-Marka-Casaria 720w,https:\/\/a.allegroimg.com\/original\/116754\/132ba55e4f39b30ef97742f26bbd\/2x-DREWNIANY-LEZAK-OGRODOWY-BUJAK-Z-DREWNA-Marka-Casaria 800w,https:\/\/a.allegroimg.com\/original\/116754\/132ba55e4f39b30ef97742f26bbd\/2x-DREWNIANY-LEZAK-OGRODOWY-BUJAK-Z-DREWNA-Marka-Casaria 800w\" sizes=\"(min-width: 1200px) 560px, (min-width: 992px) 50vw, 100vw\" width=\"800px\" alt=\"2x DREWNIANY LE\u017bAK OGRODOWY BUJAK Z DREWNA Marka Casaria\" style=\"max-width: 100%; height: auto; display: block; margin: 0 auto;\"><\/div>\n<\/div>\n<\/div>\n<\/div>\n<\/div>\n<\/div>\n<div style=\"clear: both; display: block; margin: 10px 0;\">\n<div style=\"clear: both; display: block; margin: 10px 0;\">\n<div style=\"clear: both; display: block; margin: 10px 0;\">\n<div  style=\"max-width:800px;max-height:800px\">\n<div style=\"clear: both; display: block; margin: 10px 0;\">\n<div style=\"clear: both; width: 100%; display: block; margin: 20px 0; padding: 0; float: none; position: static; text-align: center;\"><img decoding=\"async\"  src=\"https:\/\/a.allegroimg.com\/original\/11d579\/aa3815904694a4bbd751c320cb13\/2x-DREWNIANY-LEZAK-OGRODOWY-BUJAK-Z-DREWNA\" srcset=\"https:\/\/a.allegroimg.com\/original\/11d579\/aa3815904694a4bbd751c320cb13\/2x-DREWNIANY-LEZAK-OGRODOWY-BUJAK-Z-DREWNA 360w,https:\/\/a.allegroimg.com\/original\/11d579\/aa3815904694a4bbd751c320cb13\/2x-DREWNIANY-LEZAK-OGRODOWY-BUJAK-Z-DREWNA 720w,https:\/\/a.allegroimg.com\/original\/11d579\/aa3815904694a4bbd751c320cb13\/2x-DREWNIANY-LEZAK-OGRODOWY-BUJAK-Z-DREWNA 800w,https:\/\/a.allegroimg.com\/original\/11d579\/aa3815904694a4bbd751c320cb13\/2x-DREWNIANY-LEZAK-OGRODOWY-BUJAK-Z-DREWNA 800w\" sizes=\"100vw\" width=\"800px\" alt=\"2x DREWNIANY LE\u017bAK OGRODOWY BUJAK Z DREWNA\" style=\"max-width: 100%; height: auto; display: block; margin: 0 auto;\"><\/div>\n<\/div>\n<\/div>\n<\/div>\n<\/div>\n<\/div>\n<div style=\"clear: both; display: block; margin: 10px 0;\">\n<div style=\"clear: both; display: block; margin: 10px 0;\">\n<div style=\"clear: both; display: block; margin: 10px 0;\">\n<div  style=\"max-width:800px;max-height:800px\">\n<div style=\"clear: both; display: block; margin: 10px 0;\">\n<div style=\"clear: both; width: 100%; display: block; margin: 20px 0; padding: 0; float: none; position: static; text-align: center;\"><img decoding=\"async\"  src=\"https:\/\/a.allegroimg.com\/original\/116b94\/f0a93f70422e9c971c73a099cf22\/2x-DREWNIANY-LEZAK-OGRODOWY-BUJAK-Z-DREWNA-Kolor-bezowy\" srcset=\"https:\/\/a.allegroimg.com\/original\/116b94\/f0a93f70422e9c971c73a099cf22\/2x-DREWNIANY-LEZAK-OGRODOWY-BUJAK-Z-DREWNA-Kolor-bezowy 360w,https:\/\/a.allegroimg.com\/original\/116b94\/f0a93f70422e9c971c73a099cf22\/2x-DREWNIANY-LEZAK-OGRODOWY-BUJAK-Z-DREWNA-Kolor-bezowy 720w,https:\/\/a.allegroimg.com\/original\/116b94\/f0a93f70422e9c971c73a099cf22\/2x-DREWNIANY-LEZAK-OGRODOWY-BUJAK-Z-DREWNA-Kolor-bezowy 800w,https:\/\/a.allegroimg.com\/original\/116b94\/f0a93f70422e9c971c73a099cf22\/2x-DREWNIANY-LEZAK-OGRODOWY-BUJAK-Z-DREWNA-Kolor-bezowy 800w\" sizes=\"100vw\" width=\"800px\" alt=\"2x DREWNIANY LE\u017bAK OGRODOWY BUJAK Z DREWNA Kolor be\u017cowy\" style=\"max-width: 100%; height: auto; display: block; margin: 0 auto;\"><\/div>\n<\/div>\n<\/div>\n<\/div>\n<\/div>\n<\/div>\n<div style=\"clear: both; display: block; margin: 10px 0;\">\n<div style=\"clear: both; display: block; margin: 10px 0;\">\n<div style=\"clear: both; display: block; margin: 10px 0;\">\n<div  style=\"max-width:800px;max-height:800px\">\n<div style=\"clear: both; display: block; margin: 10px 0;\">\n<div style=\"clear: both; width: 100%; display: block; margin: 20px 0; padding: 0; float: none; position: static; text-align: center;\"><img decoding=\"async\"  src=\"https:\/\/a.allegroimg.com\/original\/11e6bc\/5ff51e3749aaa02337048493654f\/2x-DREWNIANY-LEZAK-OGRODOWY-BUJAK-Z-DREWNA-Stan-opakowania-oryginalne\" srcset=\"https:\/\/a.allegroimg.com\/original\/11e6bc\/5ff51e3749aaa02337048493654f\/2x-DREWNIANY-LEZAK-OGRODOWY-BUJAK-Z-DREWNA-Stan-opakowania-oryginalne 360w,https:\/\/a.allegroimg.com\/original\/11e6bc\/5ff51e3749aaa02337048493654f\/2x-DREWNIANY-LEZAK-OGRODOWY-BUJAK-Z-DREWNA-Stan-opakowania-oryginalne 720w,https:\/\/a.allegroimg.com\/original\/11e6bc\/5ff51e3749aaa02337048493654f\/2x-DREWNIANY-LEZAK-OGRODOWY-BUJAK-Z-DREWNA-Stan-opakowania-oryginalne 800w,https:\/\/a.allegroimg.com\/original\/11e6bc\/5ff51e3749aaa02337048493654f\/2x-DREWNIANY-LEZAK-OGRODOWY-BUJAK-Z-DREWNA-Stan-opakowania-oryginalne 800w\" sizes=\"100vw\" width=\"800px\" alt=\"2x DREWNIANY LE\u017bAK OGRODOWY BUJAK Z DREWNA Stan opakowania oryginalne\" style=\"max-width: 100%; height: auto; display: block; margin: 0 auto;\"><\/div>\n<\/div>\n<\/div>\n<\/div>\n<\/div>\n<\/div>\n<div style=\"clear: both; display: block; margin: 10px 0;\">\n<div style=\"clear: both; display: block; margin: 10px 0;\">\n<div style=\"clear: both; display: block; margin: 10px 0;\">\n<div  style=\"max-width:800px;max-height:800px\">\n<div style=\"clear: both; display: block; margin: 10px 0;\">\n<div style=\"clear: both; width: 100%; display: block; margin: 20px 0; padding: 0; float: none; position: static; text-align: center;\"><img decoding=\"async\"  src=\"https:\/\/a.allegroimg.com\/original\/116754\/132ba55e4f39b30ef97742f26bbd\/2x-DREWNIANY-LEZAK-OGRODOWY-BUJAK-Z-DREWNA-Marka-Casaria\" srcset=\"https:\/\/a.allegroimg.com\/original\/116754\/132ba55e4f39b30ef97742f26bbd\/2x-DREWNIANY-LEZAK-OGRODOWY-BUJAK-Z-DREWNA-Marka-Casaria 360w,https:\/\/a.allegroimg.com\/original\/116754\/132ba55e4f39b30ef97742f26bbd\/2x-DREWNIANY-LEZAK-OGRODOWY-BUJAK-Z-DREWNA-Marka-Casaria 720w,https:\/\/a.allegroimg.com\/original\/116754\/132ba55e4f39b30ef97742f26bbd\/2x-DREWNIANY-LEZAK-OGRODOWY-BUJAK-Z-DREWNA-Marka-Casaria 800w,https:\/\/a.allegroimg.com\/original\/116754\/132ba55e4f39b30ef97742f26bbd\/2x-DREWNIANY-LEZAK-OGRODOWY-BUJAK-Z-DREWNA-Marka-Casaria 800w\" sizes=\"100vw\" width=\"800px\" alt=\"2x DREWNIANY LE\u017bAK OGRODOWY BUJAK Z DREWNA Marka Casaria\" style=\"max-width: 100%; height: auto; display: block; margin: 0 auto;\"><\/div>\n<\/div>\n<\/div>\n<\/div>\n<\/div>\n<\/div>\n<div style=\"clear: both; display: block; margin: 10px 0;\">\n<div style=\"clear: both; display: block; margin: 10px 0;\">\n<div style=\"clear: both; display: block; margin: 10px 0;\">\n<div  style=\"max-width:800px;max-height:800px\">\n<div style=\"clear: both; display: block; margin: 10px 0;\">\n<div style=\"clear: both; width: 100%; display: block; margin: 20px 0; padding: 0; float: none; position: static; text-align: center;\"><img decoding=\"async\"  src=\"https:\/\/a.allegroimg.com\/original\/11638e\/c54d3fde43b4ae3767fff7fb96df\/2x-DREWNIANY-LEZAK-OGRODOWY-BUJAK-Z-DREWNA-Material-stelaza-drewno\" srcset=\"https:\/\/a.allegroimg.com\/original\/11638e\/c54d3fde43b4ae3767fff7fb96df\/2x-DREWNIANY-LEZAK-OGRODOWY-BUJAK-Z-DREWNA-Material-stelaza-drewno 360w,https:\/\/a.allegroimg.com\/original\/11638e\/c54d3fde43b4ae3767fff7fb96df\/2x-DREWNIANY-LEZAK-OGRODOWY-BUJAK-Z-DREWNA-Material-stelaza-drewno 720w,https:\/\/a.allegroimg.com\/original\/11638e\/c54d3fde43b4ae3767fff7fb96df\/2x-DREWNIANY-LEZAK-OGRODOWY-BUJAK-Z-DREWNA-Material-stelaza-drewno 800w,https:\/\/a.allegroimg.com\/original\/11638e\/c54d3fde43b4ae3767fff7fb96df\/2x-DREWNIANY-LEZAK-OGRODOWY-BUJAK-Z-DREWNA-Material-stelaza-drewno 800w\" sizes=\"100vw\" width=\"800px\" alt=\"2x DREWNIANY LE\u017bAK OGRODOWY BUJAK Z DREWNA Materia\u0142 stela\u017ca drewno\" style=\"max-width: 100%; height: auto; display: block; margin: 0 auto;\"><\/div>\n<\/div>\n<\/div>\n<\/div>\n<\/div>\n<\/div>\n<div style=\"clear: both; display: block; margin: 10px 0;\">\n<div style=\"clear: both; display: block; margin: 10px 0;\">\n<div style=\"clear: both; display: block; margin: 10px 0;\">\n<div  style=\"max-width:800px;max-height:800px\">\n<div style=\"clear: both; display: block; margin: 10px 0;\">\n<div style=\"clear: both; width: 100%; display: block; margin: 20px 0; padding: 0; float: none; position: static; text-align: center;\"><img decoding=\"async\"  src=\"https:\/\/a.allegroimg.com\/original\/112386\/3a6010fa48a29c209b44c033b3ca\/2x-DREWNIANY-LEZAK-OGRODOWY-BUJAK-Z-DREWNA-Kod-producenta-993936\" srcset=\"https:\/\/a.allegroimg.com\/original\/112386\/3a6010fa48a29c209b44c033b3ca\/2x-DREWNIANY-LEZAK-OGRODOWY-BUJAK-Z-DREWNA-Kod-producenta-993936 360w,https:\/\/a.allegroimg.com\/original\/112386\/3a6010fa48a29c209b44c033b3ca\/2x-DREWNIANY-LEZAK-OGRODOWY-BUJAK-Z-DREWNA-Kod-producenta-993936 720w,https:\/\/a.allegroimg.com\/original\/112386\/3a6010fa48a29c209b44c033b3ca\/2x-DREWNIANY-LEZAK-OGRODOWY-BUJAK-Z-DREWNA-Kod-producenta-993936 800w,https:\/\/a.allegroimg.com\/original\/112386\/3a6010fa48a29c209b44c033b3ca\/2x-DREWNIANY-LEZAK-OGRODOWY-BUJAK-Z-DREWNA-Kod-producenta-993936 800w\" sizes=\"100vw\" width=\"800px\" alt=\"2x DREWNIANY LE\u017bAK OGRODOWY BUJAK Z DREWNA Kod producenta 993936\" style=\"max-width: 100%; height: auto; display: block; margin: 0 auto;\"><\/div>\n<\/div>\n<\/div>\n<\/div>\n<\/div>\n<\/div>\n<div style=\"clear: both; display: block; margin: 10px 0;\">\n<div style=\"clear: both; display: block; margin: 10px 0;\">\n<div style=\"clear: both; display: block; margin: 10px 0;\">\n<div  style=\"max-width:800px;max-height:800px\">\n<div style=\"clear: both; display: block; margin: 10px 0;\">\n<div style=\"clear: both; width: 100%; display: block; margin: 20px 0; padding: 0; float: none; position: static; text-align: center;\"><img decoding=\"async\"  src=\"https:\/\/a.allegroimg.com\/original\/115bfb\/3ce4d9d34c0c95f64d791266d544\/2x-DREWNIANY-LEZAK-OGRODOWY-BUJAK-Z-DREWNA-Rodzaj-lezak\" srcset=\"https:\/\/a.allegroimg.com\/original\/115bfb\/3ce4d9d34c0c95f64d791266d544\/2x-DREWNIANY-LEZAK-OGRODOWY-BUJAK-Z-DREWNA-Rodzaj-lezak 360w,https:\/\/a.allegroimg.com\/original\/115bfb\/3ce4d9d34c0c95f64d791266d544\/2x-DREWNIANY-LEZAK-OGRODOWY-BUJAK-Z-DREWNA-Rodzaj-lezak 720w,https:\/\/a.allegroimg.com\/original\/115bfb\/3ce4d9d34c0c95f64d791266d544\/2x-DREWNIANY-LEZAK-OGRODOWY-BUJAK-Z-DREWNA-Rodzaj-lezak 800w,https:\/\/a.allegroimg.com\/original\/115bfb\/3ce4d9d34c0c95f64d791266d544\/2x-DREWNIANY-LEZAK-OGRODOWY-BUJAK-Z-DREWNA-Rodzaj-lezak 800w\" sizes=\"100vw\" width=\"800px\" alt=\"2x DREWNIANY LE\u017bAK OGRODOWY BUJAK Z DREWNA Rodzaj le\u017cak\" style=\"max-width: 100%; height: auto; display: block; margin: 0 auto;\"><\/div>\n<\/div>\n<\/div>\n<\/div>\n<\/div>\n<\/div>\n<div style=\"clear: both; display: block; margin: 10px 0;\">\n<div style=\"clear: both; display: block; margin: 10px 0;\">\n<div style=\"clear: both; display: block; margin: 10px 0;\">\n<div  style=\"max-width:800px;max-height:800px\">\n<div style=\"clear: both; display: block; margin: 10px 0;\">\n<div style=\"clear: both; width: 100%; display: block; margin: 20px 0; padding: 0; float: none; position: static; text-align: center;\"><img decoding=\"async\"  src=\"https:\/\/a.allegroimg.com\/original\/112a71\/85ad3156449ea22ec598f9ac777a\/2x-DREWNIANY-LEZAK-OGRODOWY-BUJAK-Z-DREWNA-Dlugosc-dluzszy-bok-155-cm\" srcset=\"https:\/\/a.allegroimg.com\/original\/112a71\/85ad3156449ea22ec598f9ac777a\/2x-DREWNIANY-LEZAK-OGRODOWY-BUJAK-Z-DREWNA-Dlugosc-dluzszy-bok-155-cm 360w,https:\/\/a.allegroimg.com\/original\/112a71\/85ad3156449ea22ec598f9ac777a\/2x-DREWNIANY-LEZAK-OGRODOWY-BUJAK-Z-DREWNA-Dlugosc-dluzszy-bok-155-cm 720w,https:\/\/a.allegroimg.com\/original\/112a71\/85ad3156449ea22ec598f9ac777a\/2x-DREWNIANY-LEZAK-OGRODOWY-BUJAK-Z-DREWNA-Dlugosc-dluzszy-bok-155-cm 800w,https:\/\/a.allegroimg.com\/original\/112a71\/85ad3156449ea22ec598f9ac777a\/2x-DREWNIANY-LEZAK-OGRODOWY-BUJAK-Z-DREWNA-Dlugosc-dluzszy-bok-155-cm 800w\" sizes=\"100vw\" width=\"800px\" alt=\"2x DREWNIANY LE\u017bAK OGRODOWY BUJAK Z DREWNA D\u0142ugo\u015b\u0107 (d\u0142u\u017cszy bok) 155 cm\" style=\"max-width: 100%; height: auto; display: block; margin: 0 auto;\"><\/div>\n<\/div>\n<\/div>\n<\/div>\n<\/div>\n<\/div>\n<div style=\"clear: both; display: block; margin: 10px 0;\">\n<div style=\"clear: both; display: block; margin: 10px 0;\">\n<div style=\"clear: both; display: block; margin: 10px 0;\">\n<div  style=\"max-width:800px;max-height:800px\">\n<div style=\"clear: both; display: block; margin: 10px 0;\">\n<div style=\"clear: both; width: 100%; display: block; margin: 20px 0; padding: 0; float: none; position: static; text-align: center;\"><img decoding=\"async\"  src=\"https:\/\/a.allegroimg.com\/original\/116773\/d69d33e244cf9c8507a25a9d9814\/2x-DREWNIANY-LEZAK-OGRODOWY-BUJAK-Z-DREWNA-Maksymalne-obciazenie-160-kg\" srcset=\"https:\/\/a.allegroimg.com\/original\/116773\/d69d33e244cf9c8507a25a9d9814\/2x-DREWNIANY-LEZAK-OGRODOWY-BUJAK-Z-DREWNA-Maksymalne-obciazenie-160-kg 360w,https:\/\/a.allegroimg.com\/original\/116773\/d69d33e244cf9c8507a25a9d9814\/2x-DREWNIANY-LEZAK-OGRODOWY-BUJAK-Z-DREWNA-Maksymalne-obciazenie-160-kg 720w,https:\/\/a.allegroimg.com\/original\/116773\/d69d33e244cf9c8507a25a9d9814\/2x-DREWNIANY-LEZAK-OGRODOWY-BUJAK-Z-DREWNA-Maksymalne-obciazenie-160-kg 800w,https:\/\/a.allegroimg.com\/original\/116773\/d69d33e244cf9c8507a25a9d9814\/2x-DREWNIANY-LEZAK-OGRODOWY-BUJAK-Z-DREWNA-Maksymalne-obciazenie-160-kg 800w\" sizes=\"100vw\" width=\"800px\" alt=\"2x DREWNIANY LE\u017bAK OGRODOWY BUJAK Z DREWNA Maksymalne obci\u0105\u017cenie 160 kg\" style=\"max-width: 100%; height: auto; display: block; margin: 0 auto;\"><\/div>\n<\/div>\n<\/div>\n<\/div>\n<\/div>\n<\/div>\n<\/div>\n<\/div>\n<\/div>\n<div style=\"clear: both; display: block; margin: 10px 0;\">\n","protected":false},"excerpt":{"rendered":"<p>2x DREWNIANY LE\u017bAK OGRODOWY BUJAK Z DREWNA<\/p>\n<p>Numer katalogowy: ART-2408<\/p>\n<p>2 sztuki solidnego Drewnianego Le\u017caka z drewna akacjowego, kt\u00f3re charakteryzuj\u0105 si\u0119 ergonomicznym kszta\u0142tem i wyj\u0105tkow\u0105 funkcj\u0105 przechylania. Relaks na le\u017caku przy basenie, na tarasie, na balkonie lub na pla\u017cy.<\/p>\n<p>Cechy i Zalety:<\/p>\n<p>Zestaw 2 sztuk<\/p>\n<p>Unikalna funkcja ko\u0142ysania<\/p>\n<p>Ergonomiczny kszta\u0142t<\/p>\n<p>Drewno egzotyczne<\/p>\n","protected":false},"featured_media":15868,"template":"","meta":{"_uag_custom_page_level_css":""},"product_brand":[522],"product_cat":[934,542,541],"product_tag":[],"class_list":{"0":"post-15867","1":"product","2":"type-product","3":"status-publish","4":"has-post-thumbnail","6":"product_brand-casaria","7":"product_cat-lezaki-i-lezanki","8":"product_cat-meble-ogrodowe","9":"product_cat-ogrod","11":"first","12":"instock","13":"sale","14":"shipping-taxable","15":"purchasable","16":"product-type-simple"},"uagb_featured_image_src":{"full":["https:\/\/tivrano.shop\/grill\/wp-content\/uploads\/2026\/04\/allegro-image-15867.jpg",800,800,false],"thumbnail":["https:\/\/tivrano.shop\/grill\/wp-content\/uploads\/2026\/04\/allegro-image-15867-150x150.jpg",150,150,true],"medium":["https:\/\/tivrano.shop\/grill\/wp-content\/uploads\/2026\/04\/allegro-image-15867-300x300.jpg",300,300,true],"medium_large":["https:\/\/tivrano.shop\/grill\/wp-content\/uploads\/2026\/04\/allegro-image-15867-768x768.jpg",768,768,true],"large":["https:\/\/tivrano.shop\/grill\/wp-content\/uploads\/2026\/04\/allegro-image-15867.jpg",800,800,false],"1536x1536":["https:\/\/tivrano.shop\/grill\/wp-content\/uploads\/2026\/04\/allegro-image-15867.jpg",800,800,false],"2048x2048":["https:\/\/tivrano.shop\/grill\/wp-content\/uploads\/2026\/04\/allegro-image-15867.jpg",800,800,false],"woocommerce_thumbnail":["https:\/\/tivrano.shop\/grill\/wp-content\/uploads\/2026\/04\/allegro-image-15867-300x300.jpg",300,300,true],"woocommerce_single":["https:\/\/tivrano.shop\/grill\/wp-content\/uploads\/2026\/04\/allegro-image-15867-600x600.jpg",600,600,true],"woocommerce_gallery_thumbnail":["https:\/\/tivrano.shop\/grill\/wp-content\/uploads\/2026\/04\/allegro-image-15867-100x100.jpg",100,100,true]},"uagb_author_info":{"display_name":"admin","author_link":"https:\/\/tivrano.shop\/grill\/author\/"},"uagb_comment_info":0,"uagb_excerpt":"2x DREWNIANY LE\u017bAK OGRODOWY BUJAK Z DREWNA Numer katalogowy: ART-2408 2 sztuki solidnego Drewnianego Le\u017caka z drewna akacjowego, kt\u00f3re charakteryzuj\u0105 si\u0119 ergonomicznym kszta\u0142tem i wyj\u0105tkow\u0105 funkcj\u0105 przechylania. Relaks na le\u017caku przy basenie, na tarasie, na balkonie lub na pla\u017cy. Cechy i Zalety: Zestaw 2 sztuk Unikalna funkcja ko\u0142ysania Ergonomiczny kszta\u0142t Drewno egzotyczne","_links":{"self":[{"href":"https:\/\/tivrano.shop\/grill\/wp-json\/wp\/v2\/product\/15867","targetHints":{"allow":["GET"]}}],"collection":[{"href":"https:\/\/tivrano.shop\/grill\/wp-json\/wp\/v2\/product"}],"about":[{"href":"https:\/\/tivrano.shop\/grill\/wp-json\/wp\/v2\/types\/product"}],"wp:featuredmedia":[{"embeddable":true,"href":"https:\/\/tivrano.shop\/grill\/wp-json\/wp\/v2\/media\/15868"}],"wp:attachment":[{"href":"https:\/\/tivrano.shop\/grill\/wp-json\/wp\/v2\/media?parent=15867"}],"wp:term":[{"taxonomy":"product_brand","embeddable":true,"href":"https:\/\/tivrano.shop\/grill\/wp-json\/wp\/v2\/product_brand?post=15867"},{"taxonomy":"product_cat","embeddable":true,"href":"https:\/\/tivrano.shop\/grill\/wp-json\/wp\/v2\/product_cat?post=15867"},{"taxonomy":"product_tag","embeddable":true,"href":"https:\/\/tivrano.shop\/grill\/wp-json\/wp\/v2\/product_tag?post=15867"}],"curies":[{"name":"wp","href":"https:\/\/api.w.org\/{rel}","templated":true}]}}