{"id":15753,"date":"2026-04-06T05:50:42","date_gmt":"2026-04-06T04:50:42","guid":{"rendered":"https:\/\/grillcentrum.shop\/gree\/produkt\/basen-stelazowy-305x76cm-steel-pro-max-pompa-filtr\/"},"modified":"2026-04-11T02:22:23","modified_gmt":"2026-04-11T01:22:23","slug":"basen-stelazowy-305x76cm-steel-pro-max-pompa-filtr","status":"publish","type":"product","link":"https:\/\/tivrano.shop\/grill\/produkt\/basen-stelazowy-305x76cm-steel-pro-max-pompa-filtr\/","title":{"rendered":"BASEN STELA\u017bOWY 305x76cm STEEL PRO MAX + POMPA + FILTR"},"content":{"rendered":"<div style=\"font-family: Arial, sans-serif; line-height: 1.6; color: #333; padding: 20px; clear: both; display: block; width: 100%; float: none; position: static; overflow: hidden;\">\n<div style=\"clear: both; display: block; margin: 10px 0;\">\n<div style=\"clear: both; display: block; margin: 10px 0;\">\n<div style=\"clear: both; display: block; margin: 10px 0;\">\n<p style=\"margin: 15px 0; line-height: 1.8; clear: both; display: block; width: 100%; float: none; position: static;\"><b>Basen ogrodowy w lepszej dro\u017cszej wersji Steel Pro MAX\u2122<\/b> <b>ze stabilnym, mocnym metalowym stela\u017cem firmy Bestway, jednego z najwi\u0119kszych producent\u00f3w artyku\u0142\u00f3w do rekreacji wodnej na \u015bwiecie. W zestawie elektryczna pompa filtruj\u0105ca z wk\u0142adem filtruj\u0105cym, wszystkie w\u0119\u017ce, sitka, z\u0142\u0105czki i czytelna instrukcja z obrazkami. Z\u0142o\u017cenie i monta\u017c basenu trwa tylko 20 minut bez \u017cadnych narz\u0119dzi i jest dziecinnie proste. Pow\u0142oka basenu jest bardzo wytrzyma\u0142a z najnowszych materia\u0142\u00f3w. Dzi\u0119ki wydajnej pompie filtruj\u0105cej czysta krystaliczna woda przez d\u0142ugi czas. Mo\u017cliwo\u015b\u0107 pod\u0142\u0105czenia wszelkich innych akcesori\u00f3w jak podgrzewacz, skimmer, chlorinator, itp.<\/b><\/p>\n<h1>BASEN na stela\u017cu 305x76cm w lepszej dro\u017cszej wersji Steel Pro MAX\u2122<\/h1>\n<p style=\"margin: 15px 0; line-height: 1.8; clear: both; display: block; width: 100%; float: none; position: static;\">Wykonany z super wytrzyma\u0142ego kilkuwarstwowego materia\u0142u PCV, jest odporny na dzia\u0142anie s\u0142o\u0144ca, oleju, benzyn, s\u0142onej wody, wytrzymuj\u0105cy du\u017ce napr\u0119\u017cenia i ci\u015bnienie kilku tysi\u0119cy litr\u00f3w wody.<\/p>\n<p style=\"margin: 15px 0; line-height: 1.8; clear: both; display: block; width: 100%; float: none; position: static;\">.&nbsp;&nbsp;&nbsp;&nbsp;&nbsp;&nbsp;&nbsp;&nbsp;&nbsp;&nbsp;&nbsp;&nbsp;&nbsp;&nbsp;&nbsp;&nbsp;&nbsp;&nbsp;&nbsp;&nbsp;&nbsp;&nbsp;&nbsp;&nbsp;&nbsp;&nbsp;&nbsp;&nbsp;&nbsp;&nbsp;&nbsp;&nbsp;&nbsp;&nbsp;&nbsp;&nbsp;&nbsp;&nbsp;&nbsp;&nbsp;&nbsp;&nbsp;&nbsp;&nbsp;&nbsp;&nbsp;&nbsp;&nbsp;&nbsp;&nbsp;&nbsp;&nbsp;&nbsp;&nbsp;&nbsp;&nbsp;&nbsp;&nbsp;&nbsp;&nbsp;&nbsp;&nbsp;&nbsp;&nbsp;&nbsp;&nbsp; Licencja Bestway \u00ae Recreation Corp.<\/p>\n<\/div>\n<\/div>\n<\/div>\n<div style=\"clear: both; display: block; margin: 10px 0;\">\n<div style=\"clear: both; display: block; margin: 10px 0;\">\n<div style=\"clear: both; display: block; margin: 10px 0;\">\n<h3 style=\"color: #2c5aa0; font-size: 18px; margin: 30px 0 15px 0; font-weight: bold; clear: both; display: block; width: 100%; float: none; position: static;\">Basen ogrodowy Bestway\u00ae Steel Pro MAX\u2122 jest najnowsz\u0105 najlepsz\u0105 i najdro\u017csz\u0105 wersj\u0105 basen\u00f3w firmy Bestway ze wzgl\u0119du na nowatorski b\u0142yskawiczny system \u0142\u0105czenia element\u00f3w stela\u017ca umo\u017cliwiaj\u0105cy b\u0142yskawiczny monta\u017c i demonta\u017c basenu, wzmocniona konstrukcj\u0119 i malowanie antykorozyjne stalowych element\u00f3w oraz mocniejsz\u0105 i bardziej trwa\u0142\u0105 nieck\u0119 basenow\u0105 Trigret.<\/h3>\n<h3 style=\"color: #2c5aa0; font-size: 18px; margin: 30px 0 15px 0; font-weight: bold; clear: both; display: block; width: 100%; float: none; position: static;\">Basen jest rozstawiany na sztywnym stalowym stela\u017cu zapewniaj\u0105cym ogromn\u0105 stabilno\u015b\u0107 basenu, aby go roz\u0142o\u017cy\u0107 nie potrzebujesz \u017cadnych narz\u0119dzi a monta\u017c zajmuje tylko 10-20 minut.<\/h3>\n<\/div>\n<\/div>\n<div style=\"clear: both; display: block; margin: 10px 0;\">\n<div style=\"clear: both; display: block; margin: 10px 0;\">\n<div  style=\"max-width:1079px;max-height:1078px\">\n<div style=\"clear: both; display: block; margin: 10px 0;\">\n<div style=\"clear: both; width: 100%; display: block; margin: 20px 0; padding: 0; float: none; position: static; text-align: center;\"><img decoding=\"async\"  src=\"https:\/\/a.allegroimg.com\/original\/1174b7\/1d4b49c948ee88b9d4483510002d\/BASEN-STELAZOWY-305x76cm-STEEL-PRO-MAX-POMPA-FILTR\" srcset=\"https:\/\/a.allegroimg.com\/original\/1174b7\/1d4b49c948ee88b9d4483510002d\/BASEN-STELAZOWY-305x76cm-STEEL-PRO-MAX-POMPA-FILTR 360w,https:\/\/a.allegroimg.com\/original\/1174b7\/1d4b49c948ee88b9d4483510002d\/BASEN-STELAZOWY-305x76cm-STEEL-PRO-MAX-POMPA-FILTR 720w,https:\/\/a.allegroimg.com\/original\/1174b7\/1d4b49c948ee88b9d4483510002d\/BASEN-STELAZOWY-305x76cm-STEEL-PRO-MAX-POMPA-FILTR 1024w,https:\/\/a.allegroimg.com\/original\/1174b7\/1d4b49c948ee88b9d4483510002d\/BASEN-STELAZOWY-305x76cm-STEEL-PRO-MAX-POMPA-FILTR 1079w,https:\/\/a.allegroimg.com\/original\/1174b7\/1d4b49c948ee88b9d4483510002d\/BASEN-STELAZOWY-305x76cm-STEEL-PRO-MAX-POMPA-FILTR 1079w\" sizes=\"(min-width: 1200px) 560px, (min-width: 992px) 50vw, 100vw\" width=\"1079px\" alt=\"BASEN STELA\u017bOWY 305x76cm STEEL PRO MAX + POMPA + FILTR\" style=\"max-width: 100%; height: auto; display: block; margin: 0 auto;\"><\/div>\n<\/div>\n<\/div>\n<\/div>\n<\/div>\n<\/div>\n<div style=\"clear: both; display: block; margin: 10px 0;\">\n<div style=\"clear: both; display: block; margin: 10px 0;\">\n<div style=\"clear: both; display: block; margin: 10px 0;\">\n<div  style=\"max-width:512px;max-height:384px\">\n<div style=\"clear: both; display: block; margin: 10px 0;\">\n<div style=\"clear: both; width: 100%; display: block; margin: 20px 0; padding: 0; float: none; position: static; text-align: center;\"><img decoding=\"async\"  src=\"https:\/\/a.allegroimg.com\/original\/11ca12\/4c6c8cd447399a1ba14d36cb1470\/BASEN-STELAZOWY-305x76cm-STEEL-PRO-MAX-POMPA-FILTR-Marka-Bestway\" srcset=\"https:\/\/a.allegroimg.com\/original\/11ca12\/4c6c8cd447399a1ba14d36cb1470\/BASEN-STELAZOWY-305x76cm-STEEL-PRO-MAX-POMPA-FILTR-Marka-Bestway 360w,https:\/\/a.allegroimg.com\/original\/11ca12\/4c6c8cd447399a1ba14d36cb1470\/BASEN-STELAZOWY-305x76cm-STEEL-PRO-MAX-POMPA-FILTR-Marka-Bestway 512w,https:\/\/a.allegroimg.com\/original\/11ca12\/4c6c8cd447399a1ba14d36cb1470\/BASEN-STELAZOWY-305x76cm-STEEL-PRO-MAX-POMPA-FILTR-Marka-Bestway 512w\" sizes=\"(min-width: 1200px) 560px, (min-width: 992px) 50vw, 100vw\" width=\"512px\" alt=\"BASEN STELA\u017bOWY 305x76cm STEEL PRO MAX + POMPA + FILTR Marka Bestway\" style=\"max-width: 100%; height: auto; display: block; margin: 0 auto;\"><\/div>\n<\/div>\n<\/div>\n<\/div>\n<\/div>\n<div style=\"clear: both; display: block; margin: 10px 0;\">\n<div style=\"clear: both; display: block; margin: 10px 0;\">\n<h3 style=\"color: #2c5aa0; font-size: 18px; margin: 30px 0 15px 0; font-weight: bold; clear: both; display: block; width: 100%; float: none; position: static;\">.&nbsp;&nbsp;&nbsp;&nbsp;&nbsp;&nbsp;&nbsp;&nbsp;&nbsp;&nbsp;&nbsp;&nbsp;&nbsp;&nbsp;&nbsp;&nbsp;&nbsp;&nbsp;&nbsp;&nbsp;&nbsp; &nbsp; &nbsp; &nbsp; &nbsp; &nbsp; &nbsp;&nbsp; &nbsp;&nbsp; &nbsp;&nbsp; SUPER OKAZYJNA CENA<\/h3>\n<h3 style=\"color: #2c5aa0; font-size: 18px; margin: 30px 0 15px 0; font-weight: bold; clear: both; display: block; width: 100%; float: none; position: static;\">W zestawie elektryczna pompa filtruj\u0105ca do basen\u00f3w ogrodowych.&nbsp; Prosty monta\u017c, wszystkie w\u0119\u017ce i z\u0142\u0105czki w komplecie. Dzi\u0119ki jej zastosowaniu w basenie, czysta krystaliczna woda przez d\u0142ugi czas.<\/h3>\n<h3 style=\"color: #2c5aa0; font-size: 18px; margin: 30px 0 15px 0; font-weight: bold; clear: both; display: block; width: 100%; float: none; position: static;\">. &nbsp; &nbsp; &nbsp; &nbsp; &nbsp; &nbsp; &nbsp; &nbsp; &nbsp; &nbsp; &nbsp; &nbsp; &nbsp; &nbsp; &nbsp;&nbsp;&nbsp; WK\u0141AD FILTRUJ\u0104CY W ZESTAWIE<\/h3>\n<h3 style=\"color: #2c5aa0; font-size: 18px; margin: 30px 0 15px 0; font-weight: bold; clear: both; display: block; width: 100%; float: none; position: static;\">Zastosowanie: &#8211; do basen\u00f3w firm: Intex, bestway i wszelkich innych. Sitko wlotowe, filtr, w\u0119\u017ce, filtr i wszystkie z\u0142\u0105czki w komplecie.<\/h3>\n<h3 style=\"color: #2c5aa0; font-size: 18px; margin: 30px 0 15px 0; font-weight: bold; clear: both; display: block; width: 100%; float: none; position: static;\">Wykonana z bardzo wytrzyma\u0142ego tworzywa odporna na wszelkie warunki atmosferyczne. Stosuj\u0105c pomp\u0119, oszcz\u0119dzasz na wodzie, chemii basenowej, wolnym czasie i co najwa\u017cniejsze na zdrowiu swoim i Twoich dzieci.<\/h3>\n<\/div>\n<\/div>\n<\/div>\n<div style=\"clear: both; display: block; margin: 10px 0;\">\n<div style=\"clear: both; display: block; margin: 10px 0;\">\n<div style=\"clear: both; display: block; margin: 10px 0;\">\n<p style=\"margin: 15px 0; line-height: 1.8; clear: both; display: block; width: 100%; float: none; position: static;\">. &nbsp; &nbsp; &nbsp; &nbsp; &nbsp; &nbsp; &nbsp; &nbsp;&nbsp; &nbsp; &nbsp; &nbsp; &nbsp;<b>&nbsp; SUPER OKAZYJNA CENA<\/b><\/p>\n<ul style=\"margin: 15px 0; padding-left: 20px; clear: both; display: block; width: 100%; float: none; position: static;\">\n<li style=\"margin: 5px 0; padding: 2px 0; clear: both; display: list-item; float: none; position: static;\"><b>Elegancki efektowny wygl\u0105d<\/b><\/li>\n<li style=\"margin: 5px 0; padding: 2px 0; clear: both; display: list-item; float: none; position: static;\"><b>Stabilny stalowy wytrzyma\u0142y stela\u017c<\/b><\/li>\n<li style=\"margin: 5px 0; padding: 2px 0; clear: both; display: list-item; float: none; position: static;\"><b>\u017badnych ostrych i niebezpiecznych kraw\u0119dzi.<\/b><\/li>\n<li style=\"margin: 5px 0; padding: 2px 0; clear: both; display: list-item; float: none; position: static;\"><b>Wykonany z wytrzyma\u0142ych materia\u0142\u00f3w.<\/b><\/li>\n<li style=\"margin: 5px 0; padding: 2px 0; clear: both; display: list-item; float: none; position: static;\"><b>Wysoko\u015b\u0107 regulowana do 76 centymetr\u00f3w.<\/b><\/li>\n<li style=\"margin: 5px 0; padding: 2px 0; clear: both; display: list-item; float: none; position: static;\"><b>Szeroko\u015b\u0107 a\u017c 305 centymetr\u00f3w<\/b><\/li>\n<li style=\"margin: 5px 0; padding: 2px 0; clear: both; display: list-item; float: none; position: static;\"><b>\u017badnych dziur w ogrodzie i kopania .<\/b><\/li>\n<li style=\"margin: 5px 0; padding: 2px 0; clear: both; display: list-item; float: none; position: static;\"><b>W zestawie pompa filtruj\u0105ca i wk\u0142ad flituj\u0105cy.<\/b><\/li>\n<li style=\"margin: 5px 0; padding: 2px 0; clear: both; display: list-item; float: none; position: static;\"><b>Regulacja wysoko\u015bci zawsze masz dziecko \u201ena oku\u201d<\/b><\/li>\n<li style=\"margin: 5px 0; padding: 2px 0; clear: both; display: list-item; float: none; position: static;\"><b>Specjalny otw\u00f3r szybkiego spustu wody<\/b><\/li>\n<li style=\"margin: 5px 0; padding: 2px 0; clear: both; display: list-item; float: none; position: static;\"><b>B\u0142yskawiczny monta\u017c tylko 20 minut<\/b><\/li>\n<\/ul>\n<h3 style=\"color: #2c5aa0; font-size: 18px; margin: 30px 0 15px 0; font-weight: bold; clear: both; display: block; width: 100%; float: none; position: static;\">W zestawie stalowy stela\u017c, niecka basenowa, pompa filtruj\u0105ca, wk\u0142ad filtruj\u0105cy, w\u0119\u017ce, z\u0142\u0105czki, elementy monta\u017cowe i instrukcja<\/h3>\n<\/div>\n<\/div>\n<div style=\"clear: both; display: block; margin: 10px 0;\">\n<div style=\"clear: both; display: block; margin: 10px 0;\">\n<div  style=\"max-width:1040px;max-height:781px\">\n<div style=\"clear: both; display: block; margin: 10px 0;\">\n<div style=\"clear: both; width: 100%; display: block; margin: 20px 0; padding: 0; float: none; position: static; text-align: center;\"><img decoding=\"async\"  src=\"https:\/\/a.allegroimg.com\/original\/11fd75\/62b8b5a24c3792c23a4e52572cd6\/BASEN-STELAZOWY-305x76cm-STEEL-PRO-MAX-POMPA-FILTR-Wysokosc-76-cm\" srcset=\"https:\/\/a.allegroimg.com\/original\/11fd75\/62b8b5a24c3792c23a4e52572cd6\/BASEN-STELAZOWY-305x76cm-STEEL-PRO-MAX-POMPA-FILTR-Wysokosc-76-cm 360w,https:\/\/a.allegroimg.com\/original\/11fd75\/62b8b5a24c3792c23a4e52572cd6\/BASEN-STELAZOWY-305x76cm-STEEL-PRO-MAX-POMPA-FILTR-Wysokosc-76-cm 720w,https:\/\/a.allegroimg.com\/original\/11fd75\/62b8b5a24c3792c23a4e52572cd6\/BASEN-STELAZOWY-305x76cm-STEEL-PRO-MAX-POMPA-FILTR-Wysokosc-76-cm 1024w,https:\/\/a.allegroimg.com\/original\/11fd75\/62b8b5a24c3792c23a4e52572cd6\/BASEN-STELAZOWY-305x76cm-STEEL-PRO-MAX-POMPA-FILTR-Wysokosc-76-cm 1040w,https:\/\/a.allegroimg.com\/original\/11fd75\/62b8b5a24c3792c23a4e52572cd6\/BASEN-STELAZOWY-305x76cm-STEEL-PRO-MAX-POMPA-FILTR-Wysokosc-76-cm 1040w\" sizes=\"(min-width: 1200px) 560px, (min-width: 992px) 50vw, 100vw\" width=\"1040px\" alt=\"BASEN STELA\u017bOWY 305x76cm STEEL PRO MAX + POMPA + FILTR Wysoko\u015b\u0107 76 cm\" style=\"max-width: 100%; height: auto; display: block; margin: 0 auto;\"><\/div>\n<\/div>\n<\/div>\n<\/div>\n<\/div>\n<\/div>\n<\/div>\n<\/div>\n<\/div>\n<div style=\"clear: both; display: block; margin: 10px 0;\">\n","protected":false},"excerpt":{"rendered":"<p>Basen ogrodowy w lepszej dro\u017cszej wersji Steel Pro MAX\u2122 ze stabilnym, mocnym metalowym stela\u017cem firmy Bestway, jednego z najwi\u0119kszych producent\u00f3w artyku\u0142\u00f3w do rekreacji wodnej na \u015bwiecie. W zestawie elektryczna pompa filtruj\u0105ca z wk\u0142adem filtruj\u0105cym, wszystkie w\u0119\u017ce, sitka, z\u0142\u0105czki i czytelna instrukcja z obrazkami. Z\u0142o\u017cenie i monta\u017c basenu trwa tylko 20 minut bez \u017cadnych narz\u0119dzi i jest dziecinnie proste. Pow\u0142oka basenu jest bardzo wytrzyma\u0142a z najnowszych materia\u0142\u00f3w. Dzi\u0119ki wydajnej pompie filtruj\u0105cej czysta krystaliczna woda przez d\u0142ugi czas. Mo\u017cliwo\u015b\u0107 pod\u0142\u0105czenia wszelkich innych akcesori\u00f3w jak podgrzewacz, skimmer, chlorinator, itp.<\/p>\n","protected":false},"featured_media":15754,"template":"","meta":{"_uag_custom_page_level_css":""},"product_brand":[912],"product_cat":[914,913,541],"product_tag":[],"class_list":{"0":"post-15753","1":"product","2":"type-product","3":"status-publish","4":"has-post-thumbnail","6":"product_brand-bestway","7":"product_cat-baseny","8":"product_cat-baseny-i-akcesoria","9":"product_cat-ogrod","11":"first","12":"instock","13":"sale","14":"shipping-taxable","15":"purchasable","16":"product-type-simple"},"uagb_featured_image_src":{"full":["https:\/\/tivrano.shop\/grill\/wp-content\/uploads\/2026\/04\/allegro-image-15753.jpg",1079,1078,false],"thumbnail":["https:\/\/tivrano.shop\/grill\/wp-content\/uploads\/2026\/04\/allegro-image-15753-150x150.jpg",150,150,true],"medium":["https:\/\/tivrano.shop\/grill\/wp-content\/uploads\/2026\/04\/allegro-image-15753-300x300.jpg",300,300,true],"medium_large":["https:\/\/tivrano.shop\/grill\/wp-content\/uploads\/2026\/04\/allegro-image-15753-768x767.jpg",768,767,true],"large":["https:\/\/tivrano.shop\/grill\/wp-content\/uploads\/2026\/04\/allegro-image-15753-1024x1024.jpg",1024,1024,true],"1536x1536":["https:\/\/tivrano.shop\/grill\/wp-content\/uploads\/2026\/04\/allegro-image-15753.jpg",1079,1078,false],"2048x2048":["https:\/\/tivrano.shop\/grill\/wp-content\/uploads\/2026\/04\/allegro-image-15753.jpg",1079,1078,false],"woocommerce_thumbnail":["https:\/\/tivrano.shop\/grill\/wp-content\/uploads\/2026\/04\/allegro-image-15753-300x300.jpg",300,300,true],"woocommerce_single":["https:\/\/tivrano.shop\/grill\/wp-content\/uploads\/2026\/04\/allegro-image-15753-600x599.jpg",600,599,true],"woocommerce_gallery_thumbnail":["https:\/\/tivrano.shop\/grill\/wp-content\/uploads\/2026\/04\/allegro-image-15753-100x100.jpg",100,100,true]},"uagb_author_info":{"display_name":"admin","author_link":"https:\/\/tivrano.shop\/grill\/author\/"},"uagb_comment_info":0,"uagb_excerpt":"Basen ogrodowy w lepszej dro\u017cszej wersji Steel Pro MAX\u2122 ze stabilnym, mocnym metalowym stela\u017cem firmy Bestway, jednego z najwi\u0119kszych producent\u00f3w artyku\u0142\u00f3w do rekreacji wodnej na \u015bwiecie. W zestawie elektryczna pompa filtruj\u0105ca z wk\u0142adem filtruj\u0105cym, wszystkie w\u0119\u017ce, sitka, z\u0142\u0105czki i czytelna instrukcja z obrazkami. Z\u0142o\u017cenie i monta\u017c basenu trwa tylko 20 minut bez \u017cadnych narz\u0119dzi i&hellip;","_links":{"self":[{"href":"https:\/\/tivrano.shop\/grill\/wp-json\/wp\/v2\/product\/15753","targetHints":{"allow":["GET"]}}],"collection":[{"href":"https:\/\/tivrano.shop\/grill\/wp-json\/wp\/v2\/product"}],"about":[{"href":"https:\/\/tivrano.shop\/grill\/wp-json\/wp\/v2\/types\/product"}],"wp:featuredmedia":[{"embeddable":true,"href":"https:\/\/tivrano.shop\/grill\/wp-json\/wp\/v2\/media\/15754"}],"wp:attachment":[{"href":"https:\/\/tivrano.shop\/grill\/wp-json\/wp\/v2\/media?parent=15753"}],"wp:term":[{"taxonomy":"product_brand","embeddable":true,"href":"https:\/\/tivrano.shop\/grill\/wp-json\/wp\/v2\/product_brand?post=15753"},{"taxonomy":"product_cat","embeddable":true,"href":"https:\/\/tivrano.shop\/grill\/wp-json\/wp\/v2\/product_cat?post=15753"},{"taxonomy":"product_tag","embeddable":true,"href":"https:\/\/tivrano.shop\/grill\/wp-json\/wp\/v2\/product_tag?post=15753"}],"curies":[{"name":"wp","href":"https:\/\/api.w.org\/{rel}","templated":true}]}}