{"id":15727,"date":"2026-04-06T05:50:25","date_gmt":"2026-04-06T04:50:25","guid":{"rendered":"https:\/\/grillcentrum.shop\/gree\/produkt\/ibo-pompa-ctr-1500-wody-brudnej-czystej-szamba-z-plywakiem-rozdrabniacz\/"},"modified":"2026-04-11T02:22:22","modified_gmt":"2026-04-11T01:22:22","slug":"ibo-pompa-ctr-1500-wody-brudnej-czystej-szamba-z-plywakiem-rozdrabniacz","status":"publish","type":"product","link":"https:\/\/tivrano.shop\/grill\/produkt\/ibo-pompa-ctr-1500-wody-brudnej-czystej-szamba-z-plywakiem-rozdrabniacz\/","title":{"rendered":"IBO POMPA CTR 1500 WODY BRUDNEJ CZYSTEJ SZAMBA Z P\u0141YWAKIEM ROZDRABNIACZ"},"content":{"rendered":"<div style=\"font-family: Arial, sans-serif; line-height: 1.6; color: #333; padding: 20px; clear: both; display: block; width: 100%; float: none; position: static; overflow: hidden;\">\n<div style=\"clear: both; display: block; margin: 10px 0;\">\n<div style=\"clear: both; display: block; margin: 10px 0;\">\n<div style=\"clear: both; display: block; margin: 10px 0;\">\n<h1>POMPA ZATAPIALNA DO \u015aCIEK\u00d3W 1500W<\/h1>\n<h1>ROZDRABNIACZ<\/h1>\n<h1>P\u0141YWAK<\/h1>\n<h1>IBO CTR 1500<\/h1>\n<\/div>\n<\/div>\n<div style=\"clear: both; display: block; margin: 10px 0;\">\n<div style=\"clear: both; display: block; margin: 10px 0;\">\n<div  style=\"max-width:2144px;max-height:837px\">\n<div style=\"clear: both; display: block; margin: 10px 0;\">\n<div style=\"clear: both; width: 100%; display: block; margin: 20px 0; padding: 0; float: none; position: static; text-align: center;\"><img decoding=\"async\"  src=\"https:\/\/a.allegroimg.com\/original\/11f1f3\/0252ed824e00b2c4eef954427075\" srcset=\"https:\/\/a.allegroimg.com\/original\/11f1f3\/0252ed824e00b2c4eef954427075 360w,https:\/\/a.allegroimg.com\/original\/11f1f3\/0252ed824e00b2c4eef954427075 720w,https:\/\/a.allegroimg.com\/original\/11f1f3\/0252ed824e00b2c4eef954427075 1024w,https:\/\/a.allegroimg.com\/original\/11f1f3\/0252ed824e00b2c4eef954427075 1440w,https:\/\/a.allegroimg.com\/original\/11f1f3\/0252ed824e00b2c4eef954427075 2144w\" sizes=\"(min-width: 1200px) 560px, (min-width: 992px) 50vw, 100vw\" width=\"2144px\" alt=\"\" style=\"max-width: 100%; height: auto; display: block; margin: 0 auto;\"><\/div>\n<\/div>\n<\/div>\n<\/div>\n<\/div>\n<\/div>\n<div style=\"clear: both; display: block; margin: 10px 0;\">\n<div style=\"clear: both; display: block; margin: 10px 0;\">\n<div style=\"clear: both; display: block; margin: 10px 0;\">\n<p style=\"margin: 15px 0; line-height: 1.8; clear: both; display: block; width: 100%; float: none; position: static;\"><b>CTR 1500 IBO<\/b> z rozdrabniaczem to agregat zasilany silnikiem jednofazowym (<b>230V<\/b>). Praca silnika o mocy <b>1500W<\/b> pozwala na podnoszenie wody na wysoko\u015b\u0107 <b>18m<\/b>. Maksymalna wydajno\u015b\u0107 agregatu wynosi <b>400l\/min<\/b>, ale w g\u0142\u00f3wnej mierze zale\u017cy ona od d\u0142ugo\u015bci i \u015brednicy w\u0119\u017cy. Nale\u017cy jednak pami\u0119ta\u0107, \u017ce pompa powinna pracowa\u0107 w ca\u0142kowitym zanurzeniu, poniewa\u017c w innym przypadku mo\u017ce doj\u015b\u0107 do przegrzania silnika. Pompa wyposa\u017cona jest w p\u0142ywak steruj\u0105cy, dzi\u0119ki kt\u00f3remu nie ma zagro\u017cenia pracy na sucho (p\u0142ywak po zako\u0144czeniu pracy opada i wy\u0142\u0105cza urz\u0105dzenie). Pompa zosta\u0142a przystosowana do wsp\u00f3\u0142pracy z w\u0119\u017cami elastycznymi, dzi\u0119ki odpowiednim zako\u0144czeniom kr\u00f3\u0107c\u00f3w o \u015brednicy 2\u201d (50 mm).<\/p>\n<\/div>\n<\/div>\n<div style=\"clear: both; display: block; margin: 10px 0;\">\n<div style=\"clear: both; display: block; margin: 10px 0;\">\n<div  style=\"max-width:1673px;max-height:2343px\">\n<div style=\"clear: both; display: block; margin: 10px 0;\">\n<div style=\"clear: both; width: 100%; display: block; margin: 20px 0; padding: 0; float: none; position: static; text-align: center;\"><img decoding=\"async\"  src=\"https:\/\/a.allegroimg.com\/original\/117e4f\/046f88dd408482dd73ce011906f2\/IBO-POMPA-CTR-1500-WODY-BRUDNEJ-CZYSTEJ-SZAMBA-Z-PLYWAKIEM-ROZDRABNIACZ-Producent-IBO\" srcset=\"https:\/\/a.allegroimg.com\/original\/117e4f\/046f88dd408482dd73ce011906f2\/IBO-POMPA-CTR-1500-WODY-BRUDNEJ-CZYSTEJ-SZAMBA-Z-PLYWAKIEM-ROZDRABNIACZ-Producent-IBO 257w,https:\/\/a.allegroimg.com\/original\/117e4f\/046f88dd408482dd73ce011906f2\/IBO-POMPA-CTR-1500-WODY-BRUDNEJ-CZYSTEJ-SZAMBA-Z-PLYWAKIEM-ROZDRABNIACZ-Producent-IBO 514w,https:\/\/a.allegroimg.com\/original\/117e4f\/046f88dd408482dd73ce011906f2\/IBO-POMPA-CTR-1500-WODY-BRUDNEJ-CZYSTEJ-SZAMBA-Z-PLYWAKIEM-ROZDRABNIACZ-Producent-IBO 731w,https:\/\/a.allegroimg.com\/original\/117e4f\/046f88dd408482dd73ce011906f2\/IBO-POMPA-CTR-1500-WODY-BRUDNEJ-CZYSTEJ-SZAMBA-Z-PLYWAKIEM-ROZDRABNIACZ-Producent-IBO 1028w,https:\/\/a.allegroimg.com\/original\/117e4f\/046f88dd408482dd73ce011906f2\/IBO-POMPA-CTR-1500-WODY-BRUDNEJ-CZYSTEJ-SZAMBA-Z-PLYWAKIEM-ROZDRABNIACZ-Producent-IBO 1673w\" sizes=\"(min-width: 1200px) 560px, (min-width: 992px) 50vw, 100vw\" width=\"1673px\" alt=\"IBO POMPA CTR 1500 WODY BRUDNEJ CZYSTEJ SZAMBA Z P\u0141YWAKIEM ROZDRABNIACZ Producent IBO\" style=\"max-width: 100%; height: auto; display: block; margin: 0 auto;\"><\/div>\n<\/div>\n<\/div>\n<\/div>\n<\/div>\n<\/div>\n<div style=\"clear: both; display: block; margin: 10px 0;\">\n<div style=\"clear: both; display: block; margin: 10px 0;\">\n<div style=\"clear: both; display: block; margin: 10px 0;\">\n<div  style=\"max-width:1810px;max-height:2376px\">\n<div style=\"clear: both; display: block; margin: 10px 0;\">\n<div style=\"clear: both; width: 100%; display: block; margin: 20px 0; padding: 0; float: none; position: static; text-align: center;\"><img decoding=\"async\"  src=\"https:\/\/a.allegroimg.com\/original\/118532\/ba7a75134510a0d9ede1be912471\/IBO-POMPA-CTR-1500-WODY-BRUDNEJ-CZYSTEJ-SZAMBA-Z-PLYWAKIEM-ROZDRABNIACZ-Kod-producenta-0A2F-1145E\" srcset=\"https:\/\/a.allegroimg.com\/original\/118532\/ba7a75134510a0d9ede1be912471\/IBO-POMPA-CTR-1500-WODY-BRUDNEJ-CZYSTEJ-SZAMBA-Z-PLYWAKIEM-ROZDRABNIACZ-Kod-producenta-0A2F-1145E 274w,https:\/\/a.allegroimg.com\/original\/118532\/ba7a75134510a0d9ede1be912471\/IBO-POMPA-CTR-1500-WODY-BRUDNEJ-CZYSTEJ-SZAMBA-Z-PLYWAKIEM-ROZDRABNIACZ-Kod-producenta-0A2F-1145E 548w,https:\/\/a.allegroimg.com\/original\/118532\/ba7a75134510a0d9ede1be912471\/IBO-POMPA-CTR-1500-WODY-BRUDNEJ-CZYSTEJ-SZAMBA-Z-PLYWAKIEM-ROZDRABNIACZ-Kod-producenta-0A2F-1145E 780w,https:\/\/a.allegroimg.com\/original\/118532\/ba7a75134510a0d9ede1be912471\/IBO-POMPA-CTR-1500-WODY-BRUDNEJ-CZYSTEJ-SZAMBA-Z-PLYWAKIEM-ROZDRABNIACZ-Kod-producenta-0A2F-1145E 1096w,https:\/\/a.allegroimg.com\/original\/118532\/ba7a75134510a0d9ede1be912471\/IBO-POMPA-CTR-1500-WODY-BRUDNEJ-CZYSTEJ-SZAMBA-Z-PLYWAKIEM-ROZDRABNIACZ-Kod-producenta-0A2F-1145E 1810w\" sizes=\"(min-width: 1200px) 560px, (min-width: 992px) 50vw, 100vw\" width=\"1810px\" alt=\"IBO POMPA CTR 1500 WODY BRUDNEJ CZYSTEJ SZAMBA Z P\u0141YWAKIEM ROZDRABNIACZ Kod producenta 0A2F-1145E\" style=\"max-width: 100%; height: auto; display: block; margin: 0 auto;\"><\/div>\n<\/div>\n<\/div>\n<\/div>\n<\/div>\n<div style=\"clear: both; display: block; margin: 10px 0;\">\n<div style=\"clear: both; display: block; margin: 10px 0;\">\n<p style=\"margin: 15px 0; line-height: 1.8; clear: both; display: block; width: 100%; float: none; position: static;\">Posiada \u017celiwne wirniki rozdrabniaj\u0105ce, co wyd\u0142u\u017ca jego \u017cywotno\u015b\u0107, chroni przed korozj\u0105 chemiczn\u0105 oraz umo\u017cliwia prac\u0119 w niesprzyjaj\u0105cych warunkach. Dodatkowym wyposa\u017ceniem urz\u0105dzenia jest zabezpieczenie przeci\u0105\u017ceniowe na kablu, kt\u00f3re gwarantuje bezawaryjno\u015b\u0107 pompy. Niew\u0105tpliw\u0105 zalet\u0105 urz\u0105dzenia jest niski poziom ha\u0142asu&nbsp;w trakcie jego pracy, co uzyskano dzi\u0119ki odpowiednio dobranym materia\u0142om konstrukcyjnym. Ponadto pompa jest \u0142atwa w instalacji i obs\u0142udze.<\/p>\n<\/div>\n<\/div>\n<\/div>\n<div style=\"clear: both; display: block; margin: 10px 0;\">\n<div style=\"clear: both; display: block; margin: 10px 0;\">\n<div style=\"clear: both; display: block; margin: 10px 0;\">\n<h1>Zastosowanie<\/h1>\n<p style=\"margin: 15px 0; line-height: 1.8; clear: both; display: block; width: 100%; float: none; position: static;\">Pompa zatapialna <b>CTR 1500 IBO<\/b>, ze wzgl\u0119du na du\u017c\u0105 tolerancj\u0119 nieczysto\u015bci, znajduje swoje zastosowanie przy pompowaniu wody brudnej i zanieczyszczonej, szczeg\u00f3lnie do przepompowywania \u015bciek\u00f3w, szamba i gnoj\u00f3wki. Maksymalna temperatura pompowanej cieczy nie powinna przekracza\u0107 <b>35\u00b0C<\/b>. Stosowana jest r\u00f3wnie\u017c do r\u00f3\u017cnego rodzaju odwodnie\u0144 (np. w przypadku wyst\u0105pienia podtopie\u0144). Pompy typu CTR nie s\u0105 przystosowane do pracy w zamkni\u0119tych obiegach wodnych (np. oczka wodne), gdzie istnieje mo\u017cliwo\u015b\u0107 powstania zawiesiny z drobnymi elementami szlifuj\u0105cymi, kt\u00f3re mog\u0105 uszkodzi\u0107 urz\u0105dzenie.<\/p>\n<\/div>\n<\/div>\n<div style=\"clear: both; display: block; margin: 10px 0;\">\n<div style=\"clear: both; display: block; margin: 10px 0;\">\n<div  style=\"max-width:1452px;max-height:1431px\">\n<div style=\"clear: both; display: block; margin: 10px 0;\">\n<div style=\"clear: both; width: 100%; display: block; margin: 20px 0; padding: 0; float: none; position: static; text-align: center;\"><img decoding=\"async\"  src=\"https:\/\/a.allegroimg.com\/original\/111b7e\/6aa5c63c4ba6b3c926c9db503adb\/IBO-POMPA-CTR-1500-WODY-BRUDNEJ-CZYSTEJ-SZAMBA-Z-PLYWAKIEM-ROZDRABNIACZ-Certyfikaty-zgodnosci-CE\" srcset=\"https:\/\/a.allegroimg.com\/original\/111b7e\/6aa5c63c4ba6b3c926c9db503adb\/IBO-POMPA-CTR-1500-WODY-BRUDNEJ-CZYSTEJ-SZAMBA-Z-PLYWAKIEM-ROZDRABNIACZ-Certyfikaty-zgodnosci-CE 360w,https:\/\/a.allegroimg.com\/original\/111b7e\/6aa5c63c4ba6b3c926c9db503adb\/IBO-POMPA-CTR-1500-WODY-BRUDNEJ-CZYSTEJ-SZAMBA-Z-PLYWAKIEM-ROZDRABNIACZ-Certyfikaty-zgodnosci-CE 720w,https:\/\/a.allegroimg.com\/original\/111b7e\/6aa5c63c4ba6b3c926c9db503adb\/IBO-POMPA-CTR-1500-WODY-BRUDNEJ-CZYSTEJ-SZAMBA-Z-PLYWAKIEM-ROZDRABNIACZ-Certyfikaty-zgodnosci-CE 1024w,https:\/\/a.allegroimg.com\/original\/111b7e\/6aa5c63c4ba6b3c926c9db503adb\/IBO-POMPA-CTR-1500-WODY-BRUDNEJ-CZYSTEJ-SZAMBA-Z-PLYWAKIEM-ROZDRABNIACZ-Certyfikaty-zgodnosci-CE 1440w,https:\/\/a.allegroimg.com\/original\/111b7e\/6aa5c63c4ba6b3c926c9db503adb\/IBO-POMPA-CTR-1500-WODY-BRUDNEJ-CZYSTEJ-SZAMBA-Z-PLYWAKIEM-ROZDRABNIACZ-Certyfikaty-zgodnosci-CE 1452w\" sizes=\"(min-width: 1200px) 560px, (min-width: 992px) 50vw, 100vw\" width=\"1452px\" alt=\"IBO POMPA CTR 1500 WODY BRUDNEJ CZYSTEJ SZAMBA Z P\u0141YWAKIEM ROZDRABNIACZ Certyfikaty zgodno\u015bci CE\" style=\"max-width: 100%; height: auto; display: block; margin: 0 auto;\"><\/div>\n<\/div>\n<\/div>\n<\/div>\n<\/div>\n<\/div>\n<div style=\"clear: both; display: block; margin: 10px 0;\">\n<div style=\"clear: both; display: block; margin: 10px 0;\">\n<div style=\"clear: both; display: block; margin: 10px 0;\">\n<div  style=\"max-width:2560px;max-height:2198px\">\n<div style=\"clear: both; display: block; margin: 10px 0;\">\n<div style=\"clear: both; width: 100%; display: block; margin: 20px 0; padding: 0; float: none; position: static; text-align: center;\"><img decoding=\"async\"  src=\"https:\/\/a.allegroimg.com\/original\/11457e\/0c56af884e96b1a1ff375029bc83\/IBO-POMPA-CTR-1500-WODY-BRUDNEJ-CZYSTEJ-SZAMBA-Z-PLYWAKIEM-ROZDRABNIACZ-EAN-GTIN-4016590292936\" srcset=\"https:\/\/a.allegroimg.com\/original\/11457e\/0c56af884e96b1a1ff375029bc83\/IBO-POMPA-CTR-1500-WODY-BRUDNEJ-CZYSTEJ-SZAMBA-Z-PLYWAKIEM-ROZDRABNIACZ-EAN-GTIN-4016590292936 360w,https:\/\/a.allegroimg.com\/original\/11457e\/0c56af884e96b1a1ff375029bc83\/IBO-POMPA-CTR-1500-WODY-BRUDNEJ-CZYSTEJ-SZAMBA-Z-PLYWAKIEM-ROZDRABNIACZ-EAN-GTIN-4016590292936 720w,https:\/\/a.allegroimg.com\/original\/11457e\/0c56af884e96b1a1ff375029bc83\/IBO-POMPA-CTR-1500-WODY-BRUDNEJ-CZYSTEJ-SZAMBA-Z-PLYWAKIEM-ROZDRABNIACZ-EAN-GTIN-4016590292936 1024w,https:\/\/a.allegroimg.com\/original\/11457e\/0c56af884e96b1a1ff375029bc83\/IBO-POMPA-CTR-1500-WODY-BRUDNEJ-CZYSTEJ-SZAMBA-Z-PLYWAKIEM-ROZDRABNIACZ-EAN-GTIN-4016590292936 1440w,https:\/\/a.allegroimg.com\/original\/11457e\/0c56af884e96b1a1ff375029bc83\/IBO-POMPA-CTR-1500-WODY-BRUDNEJ-CZYSTEJ-SZAMBA-Z-PLYWAKIEM-ROZDRABNIACZ-EAN-GTIN-4016590292936 2560w\" sizes=\"(min-width: 1200px) 560px, (min-width: 992px) 50vw, 100vw\" width=\"2560px\" alt=\"IBO POMPA CTR 1500 WODY BRUDNEJ CZYSTEJ SZAMBA Z P\u0141YWAKIEM ROZDRABNIACZ EAN (GTIN) 4016590292936\" style=\"max-width: 100%; height: auto; display: block; margin: 0 auto;\"><\/div>\n<\/div>\n<\/div>\n<\/div>\n<\/div>\n<div style=\"clear: both; display: block; margin: 10px 0;\">\n<div style=\"clear: both; display: block; margin: 10px 0;\">\n<h1>SPECYFIKACJA<\/h1>\n<ul style=\"margin: 15px 0; padding-left: 20px; clear: both; display: block; width: 100%; float: none; position: static;\">\n<li style=\"margin: 5px 0; padding: 2px 0; clear: both; display: list-item; float: none; position: static;\">Wydajno\u015b\u0107 maksymalna [l\/min]: 400<\/li>\n<li style=\"margin: 5px 0; padding: 2px 0; clear: both; display: list-item; float: none; position: static;\">Wysoko\u015b\u0107 podnoszenia maksymalna [m]: 18<\/li>\n<li style=\"margin: 5px 0; padding: 2px 0; clear: both; display: list-item; float: none; position: static;\">Moc silnika znamionowa [kW]: 1,5<\/li>\n<li style=\"margin: 5px 0; padding: 2px 0; clear: both; display: list-item; float: none; position: static;\">Napi\u0119cie [V]: 230<\/li>\n<li style=\"margin: 5px 0; padding: 2px 0; clear: both; display: list-item; float: none; position: static;\">Maks. pr\u0105d uzwojenia [A]: 11<\/li>\n<li style=\"margin: 5px 0; padding: 2px 0; clear: both; display: list-item; float: none; position: static;\">Kr\u00f3ciec t\u0142oczny: DN50 (2&#8243;)<\/li>\n<li style=\"margin: 5px 0; padding: 2px 0; clear: both; display: list-item; float: none; position: static;\">Producent: IBO<\/li>\n<li style=\"margin: 5px 0; padding: 2px 0; clear: both; display: list-item; float: none; position: static;\">Rozdrabniacz: tak<\/li>\n<li style=\"margin: 5px 0; padding: 2px 0; clear: both; display: list-item; float: none; position: static;\">Wysoko\u015b\u0107 [cm]: 46<\/li>\n<li style=\"margin: 5px 0; padding: 2px 0; clear: both; display: list-item; float: none; position: static;\">Szeroko\u015b\u0107 [cm]: 26<\/li>\n<li style=\"margin: 5px 0; padding: 2px 0; clear: both; display: list-item; float: none; position: static;\">Waga [kg]: 22<\/li>\n<\/ul>\n<\/div>\n<\/div>\n<\/div>\n<div style=\"clear: both; display: block; margin: 10px 0;\">\n<div style=\"clear: both; display: block; margin: 10px 0;\">\n<div style=\"clear: both; display: block; margin: 10px 0;\">\n<div  style=\"max-width:2560px;max-height:1947px\">\n<div style=\"clear: both; display: block; margin: 10px 0;\">\n<div style=\"clear: both; width: 100%; display: block; margin: 20px 0; padding: 0; float: none; position: static; text-align: center;\"><img decoding=\"async\"  src=\"https:\/\/a.allegroimg.com\/original\/111b67\/ee075a3646a3aa3f65319ac653b6\" srcset=\"https:\/\/a.allegroimg.com\/original\/111b67\/ee075a3646a3aa3f65319ac653b6 360w,https:\/\/a.allegroimg.com\/original\/111b67\/ee075a3646a3aa3f65319ac653b6 720w,https:\/\/a.allegroimg.com\/original\/111b67\/ee075a3646a3aa3f65319ac653b6 1024w,https:\/\/a.allegroimg.com\/original\/111b67\/ee075a3646a3aa3f65319ac653b6 1440w,https:\/\/a.allegroimg.com\/original\/111b67\/ee075a3646a3aa3f65319ac653b6 2560w\" sizes=\"100vw\" width=\"2560px\" alt=\"\" style=\"max-width: 100%; height: auto; display: block; margin: 0 auto;\"><\/div>\n<\/div>\n<\/div>\n<\/div>\n<\/div>\n<\/div>\n<\/div>\n<\/div>\n<\/div>\n<div style=\"clear: both; display: block; margin: 10px 0;\">\n","protected":false},"excerpt":{"rendered":"<p>POMPA ZATAPIALNA DO \u015aCIEK\u00d3W 1500W<\/p>\n<p>ROZDRABNIACZ<\/p>\n<p>P\u0141YWAK<\/p>\n<p>IBO CTR 1500<\/p>\n","protected":false},"featured_media":15728,"template":"","meta":{"_uag_custom_page_level_css":""},"product_brand":[903],"product_cat":[901,541,902],"product_tag":[],"class_list":{"0":"post-15727","1":"product","2":"type-product","3":"status-publish","4":"has-post-thumbnail","6":"product_brand-ibo","7":"product_cat-nawadnianie","8":"product_cat-ogrod","9":"product_cat-pompy-i-hydrofory","11":"first","12":"instock","13":"sale","14":"shipping-taxable","15":"purchasable","16":"product-type-simple"},"uagb_featured_image_src":{"full":["https:\/\/tivrano.shop\/grill\/wp-content\/uploads\/2026\/04\/allegro-image-15727.jpg",2220,2220,false],"thumbnail":["https:\/\/tivrano.shop\/grill\/wp-content\/uploads\/2026\/04\/allegro-image-15727-150x150.jpg",150,150,true],"medium":["https:\/\/tivrano.shop\/grill\/wp-content\/uploads\/2026\/04\/allegro-image-15727-300x300.jpg",300,300,true],"medium_large":["https:\/\/tivrano.shop\/grill\/wp-content\/uploads\/2026\/04\/allegro-image-15727-768x768.jpg",768,768,true],"large":["https:\/\/tivrano.shop\/grill\/wp-content\/uploads\/2026\/04\/allegro-image-15727-1024x1024.jpg",1024,1024,true],"1536x1536":["https:\/\/tivrano.shop\/grill\/wp-content\/uploads\/2026\/04\/allegro-image-15727-1536x1536.jpg",1536,1536,true],"2048x2048":["https:\/\/tivrano.shop\/grill\/wp-content\/uploads\/2026\/04\/allegro-image-15727-2048x2048.jpg",2048,2048,true],"woocommerce_thumbnail":["https:\/\/tivrano.shop\/grill\/wp-content\/uploads\/2026\/04\/allegro-image-15727-300x300.jpg",300,300,true],"woocommerce_single":["https:\/\/tivrano.shop\/grill\/wp-content\/uploads\/2026\/04\/allegro-image-15727-600x600.jpg",600,600,true],"woocommerce_gallery_thumbnail":["https:\/\/tivrano.shop\/grill\/wp-content\/uploads\/2026\/04\/allegro-image-15727-100x100.jpg",100,100,true]},"uagb_author_info":{"display_name":"admin","author_link":"https:\/\/tivrano.shop\/grill\/author\/"},"uagb_comment_info":0,"uagb_excerpt":"POMPA ZATAPIALNA DO \u015aCIEK\u00d3W 1500W ROZDRABNIACZ P\u0141YWAK IBO CTR 1500","_links":{"self":[{"href":"https:\/\/tivrano.shop\/grill\/wp-json\/wp\/v2\/product\/15727","targetHints":{"allow":["GET"]}}],"collection":[{"href":"https:\/\/tivrano.shop\/grill\/wp-json\/wp\/v2\/product"}],"about":[{"href":"https:\/\/tivrano.shop\/grill\/wp-json\/wp\/v2\/types\/product"}],"wp:featuredmedia":[{"embeddable":true,"href":"https:\/\/tivrano.shop\/grill\/wp-json\/wp\/v2\/media\/15728"}],"wp:attachment":[{"href":"https:\/\/tivrano.shop\/grill\/wp-json\/wp\/v2\/media?parent=15727"}],"wp:term":[{"taxonomy":"product_brand","embeddable":true,"href":"https:\/\/tivrano.shop\/grill\/wp-json\/wp\/v2\/product_brand?post=15727"},{"taxonomy":"product_cat","embeddable":true,"href":"https:\/\/tivrano.shop\/grill\/wp-json\/wp\/v2\/product_cat?post=15727"},{"taxonomy":"product_tag","embeddable":true,"href":"https:\/\/tivrano.shop\/grill\/wp-json\/wp\/v2\/product_tag?post=15727"}],"curies":[{"name":"wp","href":"https:\/\/api.w.org\/{rel}","templated":true}]}}