{"id":15725,"date":"2026-04-06T05:50:23","date_gmt":"2026-04-06T04:50:23","guid":{"rendered":"https:\/\/grillcentrum.shop\/gree\/produkt\/pompa-do-wody-brudnej-czystej-szamba-z-rozdrabniaczem-zatapialna-mocna\/"},"modified":"2026-04-11T02:22:22","modified_gmt":"2026-04-11T01:22:22","slug":"pompa-do-wody-brudnej-czystej-szamba-z-rozdrabniaczem-zatapialna-mocna","status":"publish","type":"product","link":"https:\/\/tivrano.shop\/grill\/produkt\/pompa-do-wody-brudnej-czystej-szamba-z-rozdrabniaczem-zatapialna-mocna\/","title":{"rendered":"POMPA DO WODY BRUDNEJ CZYSTEJ SZAMBA Z ROZDRABNIACZEM ZATAPIALNA MOCNA"},"content":{"rendered":"<div style=\"font-family: Arial, sans-serif; line-height: 1.6; color: #333; padding: 20px; clear: both; display: block; width: 100%; float: none; position: static; overflow: hidden;\">\n<div style=\"clear: both; display: block; margin: 10px 0;\">\n<div style=\"clear: both; display: block; margin: 10px 0;\">\n<div style=\"clear: both; display: block; margin: 10px 0;\">\n<h2>POMPA DO WODY SZAMBA Z ROZDRABNIACZ 3750W MOCNA<\/h2>\n<p style=\"margin: 15px 0; line-height: 1.8; clear: both; display: block; width: 100%; float: none; position: static;\">CHAMPION<\/p>\n<\/div>\n<\/div>\n<\/div>\n<div style=\"clear: both; display: block; margin: 10px 0;\">\n<div style=\"clear: both; display: block; margin: 10px 0;\">\n<div style=\"clear: both; display: block; margin: 10px 0;\">\n<h1>Pompa do szamba &#8211; zatapialna pompa do wody czystej, brudnej, \u015bciek\u00f3w z rozdrabniaczem<\/h1>\n<\/div>\n<\/div>\n<\/div>\n<div style=\"clear: both; display: block; margin: 10px 0;\">\n<div style=\"clear: both; display: block; margin: 10px 0;\">\n<div style=\"clear: both; display: block; margin: 10px 0;\">\n<div  style=\"max-width:1440px;max-height:1440px\">\n<div style=\"clear: both; display: block; margin: 10px 0;\">\n<div style=\"clear: both; width: 100%; display: block; margin: 20px 0; padding: 0; float: none; position: static; text-align: center;\"><img decoding=\"async\"  src=\"https:\/\/a.allegroimg.com\/original\/11501b\/afab529f4bea990f39b7738ef2f8\" srcset=\"https:\/\/a.allegroimg.com\/original\/11501b\/afab529f4bea990f39b7738ef2f8 360w,https:\/\/a.allegroimg.com\/original\/11501b\/afab529f4bea990f39b7738ef2f8 720w,https:\/\/a.allegroimg.com\/original\/11501b\/afab529f4bea990f39b7738ef2f8 1024w,https:\/\/a.allegroimg.com\/original\/11501b\/afab529f4bea990f39b7738ef2f8 1440w,https:\/\/a.allegroimg.com\/original\/11501b\/afab529f4bea990f39b7738ef2f8 1440w\" sizes=\"100vw\" width=\"1440px\" alt=\"\" style=\"max-width: 100%; height: auto; display: block; margin: 0 auto;\"><\/div>\n<\/div>\n<\/div>\n<\/div>\n<\/div>\n<\/div>\n<div style=\"clear: both; display: block; margin: 10px 0;\">\n<div style=\"clear: both; display: block; margin: 10px 0;\">\n<div style=\"clear: both; display: block; margin: 10px 0;\">\n<h1>DANE TECHNICZNE:<\/h1>\n<ul style=\"margin: 15px 0; padding-left: 20px; clear: both; display: block; width: 100%; float: none; position: static;\">\n<li style=\"margin: 5px 0; padding: 2px 0; clear: both; display: list-item; float: none; position: static;\"><b>Zasilanie: 230 V<\/b><\/li>\n<li style=\"margin: 5px 0; padding: 2px 0; clear: both; display: list-item; float: none; position: static;\"><b>Moc:&nbsp; 3750W<\/b><\/li>\n<li style=\"margin: 5px 0; padding: 2px 0; clear: both; display: list-item; float: none; position: static;\"><b>Pob\u00f3r pr\u0105du: 3,5 A<\/b><\/li>\n<li style=\"margin: 5px 0; padding: 2px 0; clear: both; display: list-item; float: none; position: static;\"><b>Typ pracy: Manulany<\/b><\/li>\n<li style=\"margin: 5px 0; padding: 2px 0; clear: both; display: list-item; float: none; position: static;\"><b>Max. podnoszenie: 28m<\/b><\/li>\n<li style=\"margin: 5px 0; padding: 2px 0; clear: both; display: list-item; float: none; position: static;\"><b>Max. wydajno\u015b\u0107: 20 M3\/h<\/b><\/li>\n<li style=\"margin: 5px 0; padding: 2px 0; clear: both; display: list-item; float: none; position: static;\"><b>Przelot przez wirnik: 20mm<\/b><\/li>\n<li style=\"margin: 5px 0; padding: 2px 0; clear: both; display: list-item; float: none; position: static;\"><b>Kr\u00f3\u0107ce: 2&#8243;<\/b><\/li>\n<li style=\"margin: 5px 0; padding: 2px 0; clear: both; display: list-item; float: none; position: static;\"><b>Wymiary (\u015br\/wys): 26\/40 cm<\/b><\/li>\n<li style=\"margin: 5px 0; padding: 2px 0; clear: both; display: list-item; float: none; position: static;\"><b>Waga: 15kg<\/b><\/li>\n<\/ul>\n<\/div>\n<\/div>\n<div style=\"clear: both; display: block; margin: 10px 0;\">\n<div style=\"clear: both; display: block; margin: 10px 0;\">\n<div  style=\"max-width:800px;max-height:800px\">\n<div style=\"clear: both; display: block; margin: 10px 0;\">\n<div style=\"clear: both; width: 100%; display: block; margin: 20px 0; padding: 0; float: none; position: static; text-align: center;\"><img decoding=\"async\"  src=\"https:\/\/a.allegroimg.com\/original\/11e751\/2cdaccce4a37811f1f44269a1ba7\" srcset=\"https:\/\/a.allegroimg.com\/original\/11e751\/2cdaccce4a37811f1f44269a1ba7 360w,https:\/\/a.allegroimg.com\/original\/11e751\/2cdaccce4a37811f1f44269a1ba7 720w,https:\/\/a.allegroimg.com\/original\/11e751\/2cdaccce4a37811f1f44269a1ba7 800w,https:\/\/a.allegroimg.com\/original\/11e751\/2cdaccce4a37811f1f44269a1ba7 800w\" sizes=\"(min-width: 1200px) 560px, (min-width: 992px) 50vw, 100vw\" width=\"800px\" alt=\"\" style=\"max-width: 100%; height: auto; display: block; margin: 0 auto;\"><\/div>\n<\/div>\n<\/div>\n<\/div>\n<\/div>\n<\/div>\n<div style=\"clear: both; display: block; margin: 10px 0;\">\n<div style=\"clear: both; display: block; margin: 10px 0;\">\n<div style=\"clear: both; display: block; margin: 10px 0;\">\n<div  style=\"max-width:720px;max-height:720px\">\n<div style=\"clear: both; display: block; margin: 10px 0;\">\n<div style=\"clear: both; width: 100%; display: block; margin: 20px 0; padding: 0; float: none; position: static; text-align: center;\"><img decoding=\"async\"  src=\"https:\/\/a.allegroimg.com\/original\/11ffdc\/60cd7caf474782581a96810c9b32\" srcset=\"https:\/\/a.allegroimg.com\/original\/11ffdc\/60cd7caf474782581a96810c9b32 360w,https:\/\/a.allegroimg.com\/original\/11ffdc\/60cd7caf474782581a96810c9b32 720w,https:\/\/a.allegroimg.com\/original\/11ffdc\/60cd7caf474782581a96810c9b32 720w\" sizes=\"(min-width: 1200px) 560px, (min-width: 992px) 50vw, 100vw\" width=\"720px\" alt=\"\" style=\"max-width: 100%; height: auto; display: block; margin: 0 auto;\"><\/div>\n<\/div>\n<\/div>\n<\/div>\n<\/div>\n<div style=\"clear: both; display: block; margin: 10px 0;\">\n<div style=\"clear: both; display: block; margin: 10px 0;\">\n<p style=\"margin: 15px 0; line-height: 1.8; clear: both; display: block; width: 100%; float: none; position: static;\">Pompa zatapialna do wody brudnej z rozdrabniaczem to profesjonalne urz\u0105dzenie przeznaczone do przepompowywania wody zabrudzonej ze zbiornik\u00f3w w cyklu przerywanym.<\/p>\n<\/div>\n<\/div>\n<\/div>\n<div style=\"clear: both; display: block; margin: 10px 0;\">\n<div style=\"clear: both; display: block; margin: 10px 0;\">\n<div style=\"clear: both; display: block; margin: 10px 0;\">\n<h1>Cechy produktu:<\/h1>\n<p style=\"margin: 15px 0; line-height: 1.8; clear: both; display: block; width: 100%; float: none; position: static;\">&#8211; <\/p>\n","protected":false},"excerpt":{"rendered":"<p>POMPA DO WODY SZAMBA Z ROZDRABNIACZ 3750W MOCNA<\/p>\n<p>CHAMPION<\/p>\n<p>Pompa do szamba &#8211; zatapialna pompa do wody czystej, brudnej, \u015bciek\u00f3w z rozdrabniaczem<\/p>\n<p>DANE TECHNICZNE:<\/p>\n<p>Zasilanie: 230 V<\/p>\n<p>Moc:&nbsp; 3750W<\/p>\n<p>Pob\u00f3r pr\u0105du: 3,5 A<\/p>\n<p>Typ pracy: Manulany<\/p>\n","protected":false},"featured_media":15726,"template":"","meta":{"_uag_custom_page_level_css":""},"product_brand":[771],"product_cat":[901,541,902],"product_tag":[],"class_list":{"0":"post-15725","1":"product","2":"type-product","3":"status-publish","4":"has-post-thumbnail","6":"product_brand-champion","7":"product_cat-nawadnianie","8":"product_cat-ogrod","9":"product_cat-pompy-i-hydrofory","11":"first","12":"instock","13":"sale","14":"shipping-taxable","15":"purchasable","16":"product-type-simple"},"uagb_featured_image_src":{"full":["https:\/\/tivrano.shop\/grill\/wp-content\/uploads\/2026\/04\/allegro-image-15725.jpg",2560,2560,false],"thumbnail":["https:\/\/tivrano.shop\/grill\/wp-content\/uploads\/2026\/04\/allegro-image-15725-150x150.jpg",150,150,true],"medium":["https:\/\/tivrano.shop\/grill\/wp-content\/uploads\/2026\/04\/allegro-image-15725-300x300.jpg",300,300,true],"medium_large":["https:\/\/tivrano.shop\/grill\/wp-content\/uploads\/2026\/04\/allegro-image-15725-768x768.jpg",768,768,true],"large":["https:\/\/tivrano.shop\/grill\/wp-content\/uploads\/2026\/04\/allegro-image-15725-1024x1024.jpg",1024,1024,true],"1536x1536":["https:\/\/tivrano.shop\/grill\/wp-content\/uploads\/2026\/04\/allegro-image-15725-1536x1536.jpg",1536,1536,true],"2048x2048":["https:\/\/tivrano.shop\/grill\/wp-content\/uploads\/2026\/04\/allegro-image-15725-2048x2048.jpg",2048,2048,true],"woocommerce_thumbnail":["https:\/\/tivrano.shop\/grill\/wp-content\/uploads\/2026\/04\/allegro-image-15725-300x300.jpg",300,300,true],"woocommerce_single":["https:\/\/tivrano.shop\/grill\/wp-content\/uploads\/2026\/04\/allegro-image-15725-600x600.jpg",600,600,true],"woocommerce_gallery_thumbnail":["https:\/\/tivrano.shop\/grill\/wp-content\/uploads\/2026\/04\/allegro-image-15725-100x100.jpg",100,100,true]},"uagb_author_info":{"display_name":"admin","author_link":"https:\/\/tivrano.shop\/grill\/author\/"},"uagb_comment_info":0,"uagb_excerpt":"POMPA DO WODY SZAMBA Z ROZDRABNIACZ 3750W MOCNA CHAMPION Pompa do szamba - zatapialna pompa do wody czystej, brudnej, \u015bciek\u00f3w z rozdrabniaczem DANE TECHNICZNE: Zasilanie: 230 V Moc:&nbsp; 3750W Pob\u00f3r pr\u0105du: 3,5 A Typ pracy: Manulany","_links":{"self":[{"href":"https:\/\/tivrano.shop\/grill\/wp-json\/wp\/v2\/product\/15725","targetHints":{"allow":["GET"]}}],"collection":[{"href":"https:\/\/tivrano.shop\/grill\/wp-json\/wp\/v2\/product"}],"about":[{"href":"https:\/\/tivrano.shop\/grill\/wp-json\/wp\/v2\/types\/product"}],"wp:featuredmedia":[{"embeddable":true,"href":"https:\/\/tivrano.shop\/grill\/wp-json\/wp\/v2\/media\/15726"}],"wp:attachment":[{"href":"https:\/\/tivrano.shop\/grill\/wp-json\/wp\/v2\/media?parent=15725"}],"wp:term":[{"taxonomy":"product_brand","embeddable":true,"href":"https:\/\/tivrano.shop\/grill\/wp-json\/wp\/v2\/product_brand?post=15725"},{"taxonomy":"product_cat","embeddable":true,"href":"https:\/\/tivrano.shop\/grill\/wp-json\/wp\/v2\/product_cat?post=15725"},{"taxonomy":"product_tag","embeddable":true,"href":"https:\/\/tivrano.shop\/grill\/wp-json\/wp\/v2\/product_tag?post=15725"}],"curies":[{"name":"wp","href":"https:\/\/api.w.org\/{rel}","templated":true}]}}