{"id":15673,"date":"2026-04-06T05:49:43","date_gmt":"2026-04-06T04:49:43","guid":{"rendered":"https:\/\/grillcentrum.shop\/gree\/produkt\/rozdrabniacz-do-galezi-rebak-elektryczny-duzy-zbiornik-60l-2800w-mocny-deko\/"},"modified":"2026-04-11T02:22:20","modified_gmt":"2026-04-11T01:22:20","slug":"rozdrabniacz-do-galezi-rebak-elektryczny-duzy-zbiornik-60l-2800w-mocny-deko","status":"publish","type":"product","link":"https:\/\/tivrano.shop\/grill\/produkt\/rozdrabniacz-do-galezi-rebak-elektryczny-duzy-zbiornik-60l-2800w-mocny-deko\/","title":{"rendered":"ROZDRABNIACZ DO GA\u0141\u0118ZI R\u0118BAK ELEKTRYCZNY DU\u017bY ZBIORNIK 60L 2800W MOCNY DEKO"},"content":{"rendered":"<div style=\"font-family: Arial, sans-serif; line-height: 1.6; color: #333; padding: 20px; clear: both; display: block; width: 100%; float: none; position: static; overflow: hidden;\">\n<div style=\"clear: both; display: block; margin: 10px 0;\">\n<div style=\"clear: both; display: block; margin: 10px 0;\">\n<div style=\"clear: both; display: block; margin: 10px 0;\">\n<div  style=\"max-width:2121px;max-height:552px\">\n<div style=\"clear: both; display: block; margin: 10px 0;\">\n<div style=\"clear: both; width: 100%; display: block; margin: 20px 0; padding: 0; float: none; position: static; text-align: center;\"><img decoding=\"async\"  src=\"https:\/\/a.allegroimg.com\/original\/11cc3e\/cdee7e8448289870fb529f0a2cd5\/ROZDRABNIACZ-DO-GALEZI-REBAK-ELEKTRYCZNY-DUZY-ZBIORNIK-60L-2800W-MOCNY-DEKO-Max-srednica-galezi-45-mm\" srcset=\"https:\/\/a.allegroimg.com\/original\/11cc3e\/cdee7e8448289870fb529f0a2cd5\/ROZDRABNIACZ-DO-GALEZI-REBAK-ELEKTRYCZNY-DUZY-ZBIORNIK-60L-2800W-MOCNY-DEKO-Max-srednica-galezi-45-mm 360w,https:\/\/a.allegroimg.com\/original\/11cc3e\/cdee7e8448289870fb529f0a2cd5\/ROZDRABNIACZ-DO-GALEZI-REBAK-ELEKTRYCZNY-DUZY-ZBIORNIK-60L-2800W-MOCNY-DEKO-Max-srednica-galezi-45-mm 720w,https:\/\/a.allegroimg.com\/original\/11cc3e\/cdee7e8448289870fb529f0a2cd5\/ROZDRABNIACZ-DO-GALEZI-REBAK-ELEKTRYCZNY-DUZY-ZBIORNIK-60L-2800W-MOCNY-DEKO-Max-srednica-galezi-45-mm 1024w,https:\/\/a.allegroimg.com\/original\/11cc3e\/cdee7e8448289870fb529f0a2cd5\/ROZDRABNIACZ-DO-GALEZI-REBAK-ELEKTRYCZNY-DUZY-ZBIORNIK-60L-2800W-MOCNY-DEKO-Max-srednica-galezi-45-mm 1440w,https:\/\/a.allegroimg.com\/original\/11cc3e\/cdee7e8448289870fb529f0a2cd5\/ROZDRABNIACZ-DO-GALEZI-REBAK-ELEKTRYCZNY-DUZY-ZBIORNIK-60L-2800W-MOCNY-DEKO-Max-srednica-galezi-45-mm 2121w\" sizes=\"100vw\" width=\"2121px\" alt=\"ROZDRABNIACZ DO GA\u0141\u0118ZI R\u0118BAK ELEKTRYCZNY DU\u017bY ZBIORNIK 60L 2800W MOCNY DEKO Max \u015brednica ga\u0142\u0119zi 45 mm\" style=\"max-width: 100%; height: auto; display: block; margin: 0 auto;\"><\/div>\n<\/div>\n<\/div>\n<\/div>\n<\/div>\n<\/div>\n<div style=\"clear: both; display: block; margin: 10px 0;\">\n<div style=\"clear: both; display: block; margin: 10px 0;\">\n<div style=\"clear: both; display: block; margin: 10px 0;\">\n<h1>ROZDRABNIACZ DO GA\u0141\u0118ZI R\u0118BAK ELEKTRYCZNY DU\u017bY ZBIORNIK 60L 2800W MOCNY DEKO<\/h1>\n<\/div>\n<\/div>\n<\/div>\n<div style=\"clear: both; display: block; margin: 10px 0;\">\n<div style=\"clear: both; display: block; margin: 10px 0;\">\n<div style=\"clear: both; display: block; margin: 10px 0;\">\n<div  style=\"max-width:1500px;max-height:1500px\">\n<div style=\"clear: both; display: block; margin: 10px 0;\">\n<div style=\"clear: both; width: 100%; display: block; margin: 20px 0; padding: 0; float: none; position: static; text-align: center;\"><img decoding=\"async\"  src=\"https:\/\/a.allegroimg.com\/original\/1191b2\/df0acb3142b7b81dd5379f906174\/ROZDRABNIACZ-DO-GALEZI-REBAK-ELEKTRYCZNY-DUZY-ZBIORNIK-60L-2800W-MOCNY-DEKO-Zasilanie-elektryczne\" srcset=\"https:\/\/a.allegroimg.com\/original\/1191b2\/df0acb3142b7b81dd5379f906174\/ROZDRABNIACZ-DO-GALEZI-REBAK-ELEKTRYCZNY-DUZY-ZBIORNIK-60L-2800W-MOCNY-DEKO-Zasilanie-elektryczne 360w,https:\/\/a.allegroimg.com\/original\/1191b2\/df0acb3142b7b81dd5379f906174\/ROZDRABNIACZ-DO-GALEZI-REBAK-ELEKTRYCZNY-DUZY-ZBIORNIK-60L-2800W-MOCNY-DEKO-Zasilanie-elektryczne 720w,https:\/\/a.allegroimg.com\/original\/1191b2\/df0acb3142b7b81dd5379f906174\/ROZDRABNIACZ-DO-GALEZI-REBAK-ELEKTRYCZNY-DUZY-ZBIORNIK-60L-2800W-MOCNY-DEKO-Zasilanie-elektryczne 1024w,https:\/\/a.allegroimg.com\/original\/1191b2\/df0acb3142b7b81dd5379f906174\/ROZDRABNIACZ-DO-GALEZI-REBAK-ELEKTRYCZNY-DUZY-ZBIORNIK-60L-2800W-MOCNY-DEKO-Zasilanie-elektryczne 1440w,https:\/\/a.allegroimg.com\/original\/1191b2\/df0acb3142b7b81dd5379f906174\/ROZDRABNIACZ-DO-GALEZI-REBAK-ELEKTRYCZNY-DUZY-ZBIORNIK-60L-2800W-MOCNY-DEKO-Zasilanie-elektryczne 1500w\" sizes=\"100vw\" width=\"1500px\" alt=\"ROZDRABNIACZ DO GA\u0141\u0118ZI R\u0118BAK ELEKTRYCZNY DU\u017bY ZBIORNIK 60L 2800W MOCNY DEKO Zasilanie elektryczne\" style=\"max-width: 100%; height: auto; display: block; margin: 0 auto;\"><\/div>\n<\/div>\n<\/div>\n<\/div>\n<\/div>\n<\/div>\n<div style=\"clear: both; display: block; margin: 10px 0;\">\n<div style=\"clear: both; display: block; margin: 10px 0;\">\n<div style=\"clear: both; display: block; margin: 10px 0;\">\n<h2>\u2705&nbsp;Idealny dla pasjonat\u00f3w ogrodowych porz\u0105dk\u00f3w<\/h2>\n<p style=\"margin: 15px 0; line-height: 1.8; clear: both; display: block; width: 100%; float: none; position: static;\">Posiadanie&nbsp;<b>elektrycznego rozdrabniacza do ga\u0142\u0119zi<\/b>&nbsp;<b>to &#8222;MUST HAVE&#8221;<\/b>&nbsp;dla ka\u017cdego w\u0142a\u015bciciela dzia\u0142ki, ogrodu czy innych teren\u00f3w zielonych.<\/p>\n<p style=\"margin: 15px 0; line-height: 1.8; clear: both; display: block; width: 100%; float: none; position: static;\">Urz\u0105dzenie doskonale sprawdzi si\u0119 w roli narz\u0119dzia&nbsp;<b>do rozdrabniania ogrodowych odpad\u00f3w<\/b>, w tym&nbsp;<b>trawy, winoro\u015bli, krzak\u00f3w, a tak\u017ce grubych ga\u0142\u0119zi<\/b>!<\/p>\n<h2>Jak to dzia\u0142a?<\/h2>\n<ul style=\"margin: 15px 0; padding-left: 20px; clear: both; display: block; width: 100%; float: none; position: static;\">\n<li style=\"margin: 5px 0; padding: 2px 0; clear: both; display: list-item; float: none; position: static;\"><b>To proste<\/b>, do rozdrabniacza wystarczy wrzuci\u0107 ga\u0142\u0119zie drzew, krzew\u00f3w, \u0142odygi czy inne niechciane w Twoim ogrodzie odpady drzewne.<\/li>\n<li style=\"margin: 5px 0; padding: 2px 0; clear: both; display: list-item; float: none; position: static;\">Do<b>&nbsp;60-litrowego kosza<\/b>&nbsp;wypadn\u0105 zr\u0119by, kt\u00f3re z \u0142atwo\u015bci\u0105&nbsp;<b>zutylizujesz, kompostujesz lub u\u017cyjesz jako \u015bci\u00f3\u0142k\u0119 drzewn\u0105<\/b>.<\/li>\n<\/ul>\n<\/div>\n<\/div>\n<\/div>\n<div style=\"clear: both; display: block; margin: 10px 0;\">\n<div style=\"clear: both; display: block; margin: 10px 0;\">\n<div style=\"clear: both; display: block; margin: 10px 0;\">\n<div  style=\"max-width:1014px;max-height:1461px\">\n<div style=\"clear: both; display: block; margin: 10px 0;\">\n<div style=\"clear: both; width: 100%; display: block; margin: 20px 0; padding: 0; float: none; position: static; text-align: center;\"><img decoding=\"async\"  src=\"https:\/\/a.allegroimg.com\/original\/113875\/bdef49464e99a92064489e3208f5\/ROZDRABNIACZ-DO-GALEZI-REBAK-ELEKTRYCZNY-DUZY-ZBIORNIK-60L-2800W-MOCNY-DEKO-Stan-opakowania-oryginalne\" srcset=\"https:\/\/a.allegroimg.com\/original\/113875\/bdef49464e99a92064489e3208f5\/ROZDRABNIACZ-DO-GALEZI-REBAK-ELEKTRYCZNY-DUZY-ZBIORNIK-60L-2800W-MOCNY-DEKO-Stan-opakowania-oryginalne 249w,https:\/\/a.allegroimg.com\/original\/113875\/bdef49464e99a92064489e3208f5\/ROZDRABNIACZ-DO-GALEZI-REBAK-ELEKTRYCZNY-DUZY-ZBIORNIK-60L-2800W-MOCNY-DEKO-Stan-opakowania-oryginalne 499w,https:\/\/a.allegroimg.com\/original\/113875\/bdef49464e99a92064489e3208f5\/ROZDRABNIACZ-DO-GALEZI-REBAK-ELEKTRYCZNY-DUZY-ZBIORNIK-60L-2800W-MOCNY-DEKO-Stan-opakowania-oryginalne 710w,https:\/\/a.allegroimg.com\/original\/113875\/bdef49464e99a92064489e3208f5\/ROZDRABNIACZ-DO-GALEZI-REBAK-ELEKTRYCZNY-DUZY-ZBIORNIK-60L-2800W-MOCNY-DEKO-Stan-opakowania-oryginalne 999w,https:\/\/a.allegroimg.com\/original\/113875\/bdef49464e99a92064489e3208f5\/ROZDRABNIACZ-DO-GALEZI-REBAK-ELEKTRYCZNY-DUZY-ZBIORNIK-60L-2800W-MOCNY-DEKO-Stan-opakowania-oryginalne 1014w\" sizes=\"(min-width: 1200px) 560px, (min-width: 992px) 50vw, 100vw\" width=\"1014px\" alt=\"ROZDRABNIACZ DO GA\u0141\u0118ZI R\u0118BAK ELEKTRYCZNY DU\u017bY ZBIORNIK 60L 2800W MOCNY DEKO Stan opakowania oryginalne\" style=\"max-width: 100%; height: auto; display: block; margin: 0 auto;\"><\/div>\n<\/div>\n<\/div>\n<\/div>\n<\/div>\n<div style=\"clear: both; display: block; margin: 10px 0;\">\n<div style=\"clear: both; display: block; margin: 10px 0;\">\n<h2>DANE TECHNICZNE:<\/h2>\n<ul style=\"margin: 15px 0; padding-left: 20px; clear: both; display: block; width: 100%; float: none; position: static;\">\n<li style=\"margin: 5px 0; padding: 2px 0; clear: both; display: list-item; float: none; position: static;\"><b>Model:<\/b>&nbsp;DKSH45A28<\/li>\n<li style=\"margin: 5px 0; padding: 2px 0; clear: both; display: list-item; float: none; position: static;\"><b>Napi\u0119cie znamionowe:<\/b>&nbsp;220-240V<\/li>\n<li style=\"margin: 5px 0; padding: 2px 0; clear: both; display: list-item; float: none; position: static;\"><b>Wysoko\u015b\u0107 ca\u0142kowita produktu: <\/b>ok. 99 cm<\/li>\n<li style=\"margin: 5px 0; padding: 2px 0; clear: both; display: list-item; float: none; position: static;\"><b>Wymiary kosza na zr\u0119by: <\/b>ok. 49&#215;27 cm<\/li>\n<li style=\"margin: 5px 0; padding: 2px 0; clear: both; display: list-item; float: none; position: static;\"><b>Typ no\u017ca tn\u0105cego:<\/b>&nbsp;frezowy, 6 z\u0119b\u00f3w na frezie<\/li>\n<li style=\"margin: 5px 0; padding: 2px 0; clear: both; display: list-item; float: none; position: static;\"><b>Pr\u0119dko\u015b\u0107 obracania no\u017ca:<\/b>&nbsp;45 obr\/min<\/li>\n<li style=\"margin: 5px 0; padding: 2px 0; clear: both; display: list-item; float: none; position: static;\"><b>Moc znamionowa:<\/b>&nbsp;2800W<\/li>\n<li style=\"margin: 5px 0; padding: 2px 0; clear: both; display: list-item; float: none; position: static;\"><b>Pr\u0119dko\u015b\u0107 bez obci\u0105\u017cenia:<\/b>&nbsp;4500obr.\/min<\/li>\n<li style=\"margin: 5px 0; padding: 2px 0; clear: both; display: list-item; float: none; position: static;\"><b>Pojemno\u015b\u0107 pojemnika na odpady:<\/b>&nbsp;60l<\/li>\n<li style=\"margin: 5px 0; padding: 2px 0; clear: both; display: list-item; float: none; position: static;\"><b>Maksymalna \u015brednica ci\u0119cia:<\/b>&nbsp;45mm<\/li>\n<li style=\"margin: 5px 0; padding: 2px 0; clear: both; display: list-item; float: none; position: static;\"><b>Waga produktu z opakowaniem:<\/b>&nbsp;28.7 kg<\/li>\n<\/ul>\n<\/div>\n<\/div>\n<\/div>\n<div style=\"clear: both; display: block; margin: 10px 0;\">\n<div style=\"clear: both; display: block; margin: 10px 0;\">\n<div style=\"clear: both; display: block; margin: 10px 0;\">\n<div  style=\"max-width:1026px;max-height:1407px\">\n<div style=\"clear: both; display: block; margin: 10px 0;\">\n<div style=\"clear: both; width: 100%; display: block; margin: 20px 0; padding: 0; float: none; position: static; text-align: center;\"><img decoding=\"async\"  src=\"https:\/\/a.allegroimg.com\/original\/11f3b0\/bce7af3a4359a81213fcf37895cc\/ROZDRABNIACZ-DO-GALEZI-REBAK-ELEKTRYCZNY-DUZY-ZBIORNIK-60L-2800W-MOCNY-DEKO-Kod-producenta-DKSH45A28-rozdrabniacz-do-galezi-rebak\" srcset=\"https:\/\/a.allegroimg.com\/original\/11f3b0\/bce7af3a4359a81213fcf37895cc\/ROZDRABNIACZ-DO-GALEZI-REBAK-ELEKTRYCZNY-DUZY-ZBIORNIK-60L-2800W-MOCNY-DEKO-Kod-producenta-DKSH45A28-rozdrabniacz-do-galezi-rebak 262w,https:\/\/a.allegroimg.com\/original\/11f3b0\/bce7af3a4359a81213fcf37895cc\/ROZDRABNIACZ-DO-GALEZI-REBAK-ELEKTRYCZNY-DUZY-ZBIORNIK-60L-2800W-MOCNY-DEKO-Kod-producenta-DKSH45A28-rozdrabniacz-do-galezi-rebak 525w,https:\/\/a.allegroimg.com\/original\/11f3b0\/bce7af3a4359a81213fcf37895cc\/ROZDRABNIACZ-DO-GALEZI-REBAK-ELEKTRYCZNY-DUZY-ZBIORNIK-60L-2800W-MOCNY-DEKO-Kod-producenta-DKSH45A28-rozdrabniacz-do-galezi-rebak 746w,https:\/\/a.allegroimg.com\/original\/11f3b0\/bce7af3a4359a81213fcf37895cc\/ROZDRABNIACZ-DO-GALEZI-REBAK-ELEKTRYCZNY-DUZY-ZBIORNIK-60L-2800W-MOCNY-DEKO-Kod-producenta-DKSH45A28-rozdrabniacz-do-galezi-rebak 1026w,https:\/\/a.allegroimg.com\/original\/11f3b0\/bce7af3a4359a81213fcf37895cc\/ROZDRABNIACZ-DO-GALEZI-REBAK-ELEKTRYCZNY-DUZY-ZBIORNIK-60L-2800W-MOCNY-DEKO-Kod-producenta-DKSH45A28-rozdrabniacz-do-galezi-rebak 1026w\" sizes=\"100vw\" width=\"1026px\" alt=\"ROZDRABNIACZ DO GA\u0141\u0118ZI R\u0118BAK ELEKTRYCZNY DU\u017bY ZBIORNIK 60L 2800W MOCNY DEKO Kod producenta DKSH45A28 rozdrabniacz do ga\u0142\u0119zi r\u0119bak\" style=\"max-width: 100%; height: auto; display: block; margin: 0 auto;\"><\/div>\n<\/div>\n<\/div>\n<\/div>\n<\/div>\n<\/div>\n<div style=\"clear: both; display: block; margin: 10px 0;\">\n<div style=\"clear: both; display: block; margin: 10px 0;\">\n<div style=\"clear: both; display: block; margin: 10px 0;\">\n<h2>\u2705&nbsp;Posprz\u0105taj ogr\u00f3d i zadbaj o gleb\u0119!<\/h2>\n<p style=\"margin: 15px 0; line-height: 1.8; clear: both; display: block; width: 100%; float: none; position: static;\">Rozdrabniacz u\u0142atwia sprz\u0105tanie<b>&nbsp;ga\u0142\u0119zi<\/b>, a tak\u017ce&nbsp;<b>dostarcza spor\u0105 ilo\u015b\u0107 materia\u0142u na \u015bci\u00f3\u0142k\u0119 lub kompost.<\/b><\/p>\n<p style=\"margin: 15px 0; line-height: 1.8; clear: both; display: block; width: 100%; float: none; position: static;\">Dzi\u0119ki niemu zyskasz niewyczerpane \u017ar\u00f3d\u0142o&nbsp;<b>naturalnego nawozu<\/b>&nbsp;dla swoich ro\u015blin.<\/p>\n<p style=\"margin: 15px 0; line-height: 1.8; clear: both; display: block; width: 100%; float: none; position: static;\">Stosowanie \u015bci\u00f3\u0142ki ze zr\u0119b\u00f3w ma<b>&nbsp;wiele korzy\u015bci:<\/b><\/p>\n<h3 style=\"color: #2c5aa0; font-size: 18px; margin: 30px 0 15px 0; font-weight: bold; clear: both; display: block; width: 100%; float: none; position: static;\">\u2714 utrzymuje wilgotno\u015b\u0107 gleby,<\/h3>\n<h3 style=\"color: #2c5aa0; font-size: 18px; margin: 30px 0 15px 0; font-weight: bold; clear: both; display: block; width: 100%; float: none; position: static;\">\u2714&nbsp;wspomaga wzrost ro\u015blin<\/h3>\n<h3 style=\"color: #2c5aa0; font-size: 18px; margin: 30px 0 15px 0; font-weight: bold; clear: both; display: block; width: 100%; float: none; position: static;\">\u2714&nbsp;chroni pod\u0142o\u017ce przed rozwojem chwast\u00f3w,<\/h3>\n<h3 style=\"color: #2c5aa0; font-size: 18px; margin: 30px 0 15px 0; font-weight: bold; clear: both; display: block; width: 100%; float: none; position: static;\">\u2714&nbsp;poprawia walory estetyczne ogrodu<\/h3>\n<h3 style=\"color: #2c5aa0; font-size: 18px; margin: 30px 0 15px 0; font-weight: bold; clear: both; display: block; width: 100%; float: none; position: static;\">\u2714 u\u017cy\u017ania gleb\u0119<\/h3>\n<\/div>\n<\/div>\n<div style=\"clear: both; display: block; margin: 10px 0;\">\n<div style=\"clear: both; display: block; margin: 10px 0;\">\n<div  style=\"max-width:1500px;max-height:1500px\">\n<div style=\"clear: both; display: block; margin: 10px 0;\">\n<div style=\"clear: both; width: 100%; display: block; margin: 20px 0; padding: 0; float: none; position: static; text-align: center;\"><img decoding=\"async\"  src=\"https:\/\/a.allegroimg.com\/original\/1151bf\/76801900437d9a887f849f747ce8\/ROZDRABNIACZ-DO-GALEZI-REBAK-ELEKTRYCZNY-DUZY-ZBIORNIK-60L-2800W-MOCNY-DEKO-Pojemnosc-zbiornika-60-l\" srcset=\"https:\/\/a.allegroimg.com\/original\/1151bf\/76801900437d9a887f849f747ce8\/ROZDRABNIACZ-DO-GALEZI-REBAK-ELEKTRYCZNY-DUZY-ZBIORNIK-60L-2800W-MOCNY-DEKO-Pojemnosc-zbiornika-60-l 360w,https:\/\/a.allegroimg.com\/original\/1151bf\/76801900437d9a887f849f747ce8\/ROZDRABNIACZ-DO-GALEZI-REBAK-ELEKTRYCZNY-DUZY-ZBIORNIK-60L-2800W-MOCNY-DEKO-Pojemnosc-zbiornika-60-l 720w,https:\/\/a.allegroimg.com\/original\/1151bf\/76801900437d9a887f849f747ce8\/ROZDRABNIACZ-DO-GALEZI-REBAK-ELEKTRYCZNY-DUZY-ZBIORNIK-60L-2800W-MOCNY-DEKO-Pojemnosc-zbiornika-60-l 1024w,https:\/\/a.allegroimg.com\/original\/1151bf\/76801900437d9a887f849f747ce8\/ROZDRABNIACZ-DO-GALEZI-REBAK-ELEKTRYCZNY-DUZY-ZBIORNIK-60L-2800W-MOCNY-DEKO-Pojemnosc-zbiornika-60-l 1440w,https:\/\/a.allegroimg.com\/original\/1151bf\/76801900437d9a887f849f747ce8\/ROZDRABNIACZ-DO-GALEZI-REBAK-ELEKTRYCZNY-DUZY-ZBIORNIK-60L-2800W-MOCNY-DEKO-Pojemnosc-zbiornika-60-l 1500w\" sizes=\"(min-width: 1200px) 560px, (min-width: 992px) 50vw, 100vw\" width=\"1500px\" alt=\"ROZDRABNIACZ DO GA\u0141\u0118ZI R\u0118BAK ELEKTRYCZNY DU\u017bY ZBIORNIK 60L 2800W MOCNY DEKO Pojemno\u015b\u0107 zbiornika 60 l\" style=\"max-width: 100%; height: auto; display: block; margin: 0 auto;\"><\/div>\n<\/div>\n<\/div>\n<\/div>\n<\/div>\n<\/div>\n<div style=\"clear: both; display: block; margin: 10px 0;\">\n<div style=\"clear: both; display: block; margin: 10px 0;\">\n<div style=\"clear: both; display: block; margin: 10px 0;\">\n<h2>\u2705&nbsp;Innowacyjny silnik o du\u017cej mocy, gwarantem efektywnej pracy<\/h2>\n<p style=\"margin: 15px 0; line-height: 1.8; clear: both; display: block; width: 100%; float: none; position: static;\"><b>Pot\u0119\u017cny, innowacyjny silnik&nbsp;rozp\u0119dza ostrza do&nbsp;4500<\/b><b>&nbsp;obrot\u00f3w na minut\u0119<\/b>, tn\u0105c ga\u0142\u0119zie na drobne wi\u00f3rki zmniejszaj\u0105c ich obj\u0119to\u015b\u0107 do zaledwie kilku procent.<\/p>\n<p style=\"margin: 15px 0; line-height: 1.8; clear: both; display: block; width: 100%; float: none; position: static;\">Rozdrabniacz mo\u017ce przecina\u0107&nbsp;<b>ga\u0142\u0119zie o maksymalnej \u015brednicy do 45 mm.<\/b><\/p>\n<p style=\"margin: 15px 0; line-height: 1.8; clear: both; display: block; width: 100%; float: none; position: static;\">Bez problemu p<b>ozb\u0119dziesz si\u0119 niechcianych ga\u0142\u0119zi, twardych chaszczy czy ga\u0142\u0105zek krzew\u00f3w ze swojego ogrodu<\/b>, zamieniaj\u0105c je w&nbsp;<b>zr\u0119by idealne do \u015bci\u00f3\u0142kowania<\/b>!<\/p>\n<\/div>\n<\/div>\n<\/div>\n<div style=\"clear: both; display: block; margin: 10px 0;\">\n<div style=\"clear: both; display: block; margin: 10px 0;\">\n<div style=\"clear: both; display: block; margin: 10px 0;\">\n<div  style=\"max-width:1500px;max-height:1500px\">\n<div style=\"clear: both; display: block; margin: 10px 0;\">\n<div style=\"clear: both; width: 100%; display: block; margin: 20px 0; padding: 0; float: none; position: static; text-align: center;\"><img decoding=\"async\"  src=\"https:\/\/a.allegroimg.com\/original\/11f9ff\/782ef95342fda0e87113a98b98b8\/ROZDRABNIACZ-DO-GALEZI-REBAK-ELEKTRYCZNY-DUZY-ZBIORNIK-60L-2800W-MOCNY-DEKO-Waga-produktu-z-opakowaniem-jednostkowym-28-7-kg\" srcset=\"https:\/\/a.allegroimg.com\/original\/11f9ff\/782ef95342fda0e87113a98b98b8\/ROZDRABNIACZ-DO-GALEZI-REBAK-ELEKTRYCZNY-DUZY-ZBIORNIK-60L-2800W-MOCNY-DEKO-Waga-produktu-z-opakowaniem-jednostkowym-28-7-kg 360w,https:\/\/a.allegroimg.com\/original\/11f9ff\/782ef95342fda0e87113a98b98b8\/ROZDRABNIACZ-DO-GALEZI-REBAK-ELEKTRYCZNY-DUZY-ZBIORNIK-60L-2800W-MOCNY-DEKO-Waga-produktu-z-opakowaniem-jednostkowym-28-7-kg 720w,https:\/\/a.allegroimg.com\/original\/11f9ff\/782ef95342fda0e87113a98b98b8\/ROZDRABNIACZ-DO-GALEZI-REBAK-ELEKTRYCZNY-DUZY-ZBIORNIK-60L-2800W-MOCNY-DEKO-Waga-produktu-z-opakowaniem-jednostkowym-28-7-kg 1024w,https:\/\/a.allegroimg.com\/original\/11f9ff\/782ef95342fda0e87113a98b98b8\/ROZDRABNIACZ-DO-GALEZI-REBAK-ELEKTRYCZNY-DUZY-ZBIORNIK-60L-2800W-MOCNY-DEKO-Waga-produktu-z-opakowaniem-jednostkowym-28-7-kg 1440w,https:\/\/a.allegroimg.com\/original\/11f9ff\/782ef95342fda0e87113a98b98b8\/ROZDRABNIACZ-DO-GALEZI-REBAK-ELEKTRYCZNY-DUZY-ZBIORNIK-60L-2800W-MOCNY-DEKO-Waga-produktu-z-opakowaniem-jednostkowym-28-7-kg 1500w\" sizes=\"100vw\" width=\"1500px\" alt=\"ROZDRABNIACZ DO GA\u0141\u0118ZI R\u0118BAK ELEKTRYCZNY DU\u017bY ZBIORNIK 60L 2800W MOCNY DEKO Waga produktu z opakowaniem jednostkowym 28.7 kg\" style=\"max-width: 100%; height: auto; display: block; margin: 0 auto;\"><\/div>\n<\/div>\n<\/div>\n<\/div>\n<\/div>\n<\/div>\n<div style=\"clear: both; display: block; margin: 10px 0;\">\n<div style=\"clear: both; display: block; margin: 10px 0;\">\n<div style=\"clear: both; display: block; margin: 10px 0;\">\n<h2>\u2705 Zaawansowany SYSTEM ROLLER BLADES &#8211; frezy ostre jak brzytwa!<\/h2>\n<p style=\"margin: 15px 0; line-height: 1.8; clear: both; display: block; width: 100%; float: none; position: static;\">Rozdrabniacz zosta\u0142 wyposa\u017cony w&nbsp;<b>zaawansowany system ci\u0119cia ROLLER BLADES<\/b>, kt\u00f3ry rozdrabnia materia\u0142 w mgnieniu oka!<\/p>\n<p style=\"margin: 15px 0; line-height: 1.8; clear: both; display: block; width: 100%; float: none; position: static;\"><b>Bardzo ostre no\u017ce frezowe do rozdrabniacza&nbsp;s\u0105 w stanie ci\u0105\u0107 nawet twarde ga\u0142\u0119zie<\/b>, a dzi\u0119ki ich&nbsp;<b>otwartemu kszta\u0142towi sto\u017ckowemu<\/b>&nbsp;materia\u0142 jest \u0142atwo przemieszczany, po czym rozdrobniony trafia prosto do zbiornika.<\/p>\n<\/div>\n<\/div>\n<\/div>\n<div style=\"clear: both; display: block; margin: 10px 0;\">\n<div style=\"clear: both; display: block; margin: 10px 0;\">\n<div style=\"clear: both; display: block; margin: 10px 0;\">\n<div  style=\"max-width:1500px;max-height:1500px\">\n<div style=\"clear: both; display: block; margin: 10px 0;\">\n<div style=\"clear: both; width: 100%; display: block; margin: 20px 0; padding: 0; float: none; position: static; text-align: center;\"><img decoding=\"async\"  src=\"https:\/\/a.allegroimg.com\/original\/1177bd\/60bc17a9448a82509959257e75cd\/ROZDRABNIACZ-DO-GALEZI-REBAK-ELEKTRYCZNY-DUZY-ZBIORNIK-60L-2800W-MOCNY-DEKO-Marka-DEKO\" srcset=\"https:\/\/a.allegroimg.com\/original\/1177bd\/60bc17a9448a82509959257e75cd\/ROZDRABNIACZ-DO-GALEZI-REBAK-ELEKTRYCZNY-DUZY-ZBIORNIK-60L-2800W-MOCNY-DEKO-Marka-DEKO 360w,https:\/\/a.allegroimg.com\/original\/1177bd\/60bc17a9448a82509959257e75cd\/ROZDRABNIACZ-DO-GALEZI-REBAK-ELEKTRYCZNY-DUZY-ZBIORNIK-60L-2800W-MOCNY-DEKO-Marka-DEKO 720w,https:\/\/a.allegroimg.com\/original\/1177bd\/60bc17a9448a82509959257e75cd\/ROZDRABNIACZ-DO-GALEZI-REBAK-ELEKTRYCZNY-DUZY-ZBIORNIK-60L-2800W-MOCNY-DEKO-Marka-DEKO 1024w,https:\/\/a.allegroimg.com\/original\/1177bd\/60bc17a9448a82509959257e75cd\/ROZDRABNIACZ-DO-GALEZI-REBAK-ELEKTRYCZNY-DUZY-ZBIORNIK-60L-2800W-MOCNY-DEKO-Marka-DEKO 1440w,https:\/\/a.allegroimg.com\/original\/1177bd\/60bc17a9448a82509959257e75cd\/ROZDRABNIACZ-DO-GALEZI-REBAK-ELEKTRYCZNY-DUZY-ZBIORNIK-60L-2800W-MOCNY-DEKO-Marka-DEKO 1500w\" sizes=\"100vw\" width=\"1500px\" alt=\"ROZDRABNIACZ DO GA\u0141\u0118ZI R\u0118BAK ELEKTRYCZNY DU\u017bY ZBIORNIK 60L 2800W MOCNY DEKO Marka DEKO\" style=\"max-width: 100%; height: auto; display: block; margin: 0 auto;\"><\/div>\n<\/div>\n<\/div>\n<\/div>\n<\/div>\n<\/div>\n<div style=\"clear: both; display: block; margin: 10px 0;\">\n<div style=\"clear: both; display: block; margin: 10px 0;\">\n<div style=\"clear: both; display: block; margin: 10px 0;\">\n<h2>\u2705&nbsp;<\/p>\n","protected":false},"excerpt":{"rendered":"<p>ROZDRABNIACZ DO GA\u0141\u0118ZI R\u0118BAK ELEKTRYCZNY DU\u017bY ZBIORNIK 60L 2800W MOCNY DEKO<\/p>\n<p>\u2705&nbsp;Idealny dla pasjonat\u00f3w ogrodowych porz\u0105dk\u00f3w<\/p>\n<p>Posiadanie&nbsp;elektrycznego rozdrabniacza do ga\u0142\u0119zi&nbsp;to &quot;MUST HAVE&quot;&nbsp;dla ka\u017cdego w\u0142a\u015bciciela dzia\u0142ki, ogrodu czy innych teren\u00f3w zielonych.<\/p>\n<p>Urz\u0105dzenie doskonale sprawdzi si\u0119 w roli narz\u0119dzia&nbsp;do rozdrabniania ogrodowych odpad\u00f3w, w tym&nbsp;trawy, winoro\u015bli, krzak\u00f3w, a tak\u017ce grubych ga\u0142\u0119zi!<\/p>\n<p>Jak to dzia\u0142a?<\/p>\n","protected":false},"featured_media":15674,"template":"","meta":{"_uag_custom_page_level_css":""},"product_brand":[880],"product_cat":[866,541,872],"product_tag":[],"class_list":{"0":"post-15673","1":"product","2":"type-product","3":"status-publish","4":"has-post-thumbnail","6":"product_brand-deko","7":"product_cat-narzedzia-ogrodnicze","8":"product_cat-ogrod","9":"product_cat-rozdrabniacze","11":"first","12":"instock","13":"sale","14":"shipping-taxable","15":"purchasable","16":"product-type-simple"},"uagb_featured_image_src":{"full":["https:\/\/tivrano.shop\/grill\/wp-content\/uploads\/2026\/04\/allegro-image-15673.jpg",2500,2500,false],"thumbnail":["https:\/\/tivrano.shop\/grill\/wp-content\/uploads\/2026\/04\/allegro-image-15673-150x150.jpg",150,150,true],"medium":["https:\/\/tivrano.shop\/grill\/wp-content\/uploads\/2026\/04\/allegro-image-15673-300x300.jpg",300,300,true],"medium_large":["https:\/\/tivrano.shop\/grill\/wp-content\/uploads\/2026\/04\/allegro-image-15673-768x768.jpg",768,768,true],"large":["https:\/\/tivrano.shop\/grill\/wp-content\/uploads\/2026\/04\/allegro-image-15673-1024x1024.jpg",1024,1024,true],"1536x1536":["https:\/\/tivrano.shop\/grill\/wp-content\/uploads\/2026\/04\/allegro-image-15673-1536x1536.jpg",1536,1536,true],"2048x2048":["https:\/\/tivrano.shop\/grill\/wp-content\/uploads\/2026\/04\/allegro-image-15673-2048x2048.jpg",2048,2048,true],"woocommerce_thumbnail":["https:\/\/tivrano.shop\/grill\/wp-content\/uploads\/2026\/04\/allegro-image-15673-300x300.jpg",300,300,true],"woocommerce_single":["https:\/\/tivrano.shop\/grill\/wp-content\/uploads\/2026\/04\/allegro-image-15673-600x600.jpg",600,600,true],"woocommerce_gallery_thumbnail":["https:\/\/tivrano.shop\/grill\/wp-content\/uploads\/2026\/04\/allegro-image-15673-100x100.jpg",100,100,true]},"uagb_author_info":{"display_name":"admin","author_link":"https:\/\/tivrano.shop\/grill\/author\/"},"uagb_comment_info":0,"uagb_excerpt":"ROZDRABNIACZ DO GA\u0141\u0118ZI R\u0118BAK ELEKTRYCZNY DU\u017bY ZBIORNIK 60L 2800W MOCNY DEKO \u2705&nbsp;Idealny dla pasjonat\u00f3w ogrodowych porz\u0105dk\u00f3w Posiadanie&nbsp;elektrycznego rozdrabniacza do ga\u0142\u0119zi&nbsp;to &quot;MUST HAVE&quot;&nbsp;dla ka\u017cdego w\u0142a\u015bciciela dzia\u0142ki, ogrodu czy innych teren\u00f3w zielonych. Urz\u0105dzenie doskonale sprawdzi si\u0119 w roli narz\u0119dzia&nbsp;do rozdrabniania ogrodowych odpad\u00f3w, w tym&nbsp;trawy, winoro\u015bli, krzak\u00f3w, a tak\u017ce grubych ga\u0142\u0119zi! Jak to dzia\u0142a?","_links":{"self":[{"href":"https:\/\/tivrano.shop\/grill\/wp-json\/wp\/v2\/product\/15673","targetHints":{"allow":["GET"]}}],"collection":[{"href":"https:\/\/tivrano.shop\/grill\/wp-json\/wp\/v2\/product"}],"about":[{"href":"https:\/\/tivrano.shop\/grill\/wp-json\/wp\/v2\/types\/product"}],"wp:featuredmedia":[{"embeddable":true,"href":"https:\/\/tivrano.shop\/grill\/wp-json\/wp\/v2\/media\/15674"}],"wp:attachment":[{"href":"https:\/\/tivrano.shop\/grill\/wp-json\/wp\/v2\/media?parent=15673"}],"wp:term":[{"taxonomy":"product_brand","embeddable":true,"href":"https:\/\/tivrano.shop\/grill\/wp-json\/wp\/v2\/product_brand?post=15673"},{"taxonomy":"product_cat","embeddable":true,"href":"https:\/\/tivrano.shop\/grill\/wp-json\/wp\/v2\/product_cat?post=15673"},{"taxonomy":"product_tag","embeddable":true,"href":"https:\/\/tivrano.shop\/grill\/wp-json\/wp\/v2\/product_tag?post=15673"}],"curies":[{"name":"wp","href":"https:\/\/api.w.org\/{rel}","templated":true}]}}