{"id":15651,"date":"2026-04-06T05:49:26","date_gmt":"2026-04-06T04:49:26","guid":{"rendered":"https:\/\/grillcentrum.shop\/gree\/produkt\/rozdrabniacz-do-galezi-elektryczny-tokachi-shredwoodx-3500\/"},"modified":"2026-04-11T02:22:19","modified_gmt":"2026-04-11T01:22:19","slug":"rozdrabniacz-do-galezi-elektryczny-tokachi-shredwoodx-3500","status":"publish","type":"product","link":"https:\/\/tivrano.shop\/grill\/produkt\/rozdrabniacz-do-galezi-elektryczny-tokachi-shredwoodx-3500\/","title":{"rendered":"Rozdrabniacz do ga\u0142\u0119zi elektryczny TOKACHI ShredWoodX 3500"},"content":{"rendered":"<div style=\"font-family: Arial, sans-serif; line-height: 1.6; color: #333; padding: 20px; clear: both; display: block; width: 100%; float: none; position: static; overflow: hidden;\">\n<div style=\"clear: both; display: block; margin: 10px 0;\">\n<div style=\"clear: both; display: block; margin: 10px 0;\">\n<div style=\"clear: both; display: block; margin: 10px 0;\">\n<h2>Rozdrabniacz do ga\u0142\u0119zi elektryczny TOKACHI ShredWoodX 3500<\/h2>\n<\/div>\n<\/div>\n<\/div>\n<div style=\"clear: both; display: block; margin: 10px 0;\">\n<div style=\"clear: both; display: block; margin: 10px 0;\">\n<div style=\"clear: both; display: block; margin: 10px 0;\">\n<div  style=\"max-width:800px;max-height:600px\">\n<div style=\"clear: both; display: block; margin: 10px 0;\">\n<div style=\"clear: both; width: 100%; display: block; margin: 20px 0; padding: 0; float: none; position: static; text-align: center;\"><img decoding=\"async\"  src=\"https:\/\/a.allegroimg.com\/original\/1105a8\/a2d7dd9d4995981fafa1f047a69a\/Rozdrabniacz-do-galezi-elektryczny-TOKACHI-ShredWoodX-3500\" srcset=\"https:\/\/a.allegroimg.com\/original\/1105a8\/a2d7dd9d4995981fafa1f047a69a\/Rozdrabniacz-do-galezi-elektryczny-TOKACHI-ShredWoodX-3500 360w,https:\/\/a.allegroimg.com\/original\/1105a8\/a2d7dd9d4995981fafa1f047a69a\/Rozdrabniacz-do-galezi-elektryczny-TOKACHI-ShredWoodX-3500 720w,https:\/\/a.allegroimg.com\/original\/1105a8\/a2d7dd9d4995981fafa1f047a69a\/Rozdrabniacz-do-galezi-elektryczny-TOKACHI-ShredWoodX-3500 800w,https:\/\/a.allegroimg.com\/original\/1105a8\/a2d7dd9d4995981fafa1f047a69a\/Rozdrabniacz-do-galezi-elektryczny-TOKACHI-ShredWoodX-3500 800w\" sizes=\"(min-width: 1200px) 560px, (min-width: 992px) 50vw, 100vw\" width=\"800px\" alt=\"Rozdrabniacz do ga\u0142\u0119zi elektryczny TOKACHI ShredWoodX 3500\" style=\"max-width: 100%; height: auto; display: block; margin: 0 auto;\"><\/div>\n<\/div>\n<\/div>\n<\/div>\n<\/div>\n<div style=\"clear: both; display: block; margin: 10px 0;\">\n<div style=\"clear: both; display: block; margin: 10px 0;\">\n<ul style=\"margin: 15px 0; padding-left: 20px; clear: both; display: block; width: 100%; float: none; position: static;\">\n<li style=\"margin: 5px 0; padding: 2px 0; clear: both; display: list-item; float: none; position: static;\"><b>Funkcje:<\/b>&nbsp;Funkcja biegu wstecznego, Hamulec no\u017ca, K\u00f3\u0142ka transportowe<\/li>\n<li style=\"margin: 5px 0; padding: 2px 0; clear: both; display: list-item; float: none; position: static;\"><b>Moc [W]:<\/b>&nbsp;2800<\/li>\n<li style=\"margin: 5px 0; padding: 2px 0; clear: both; display: list-item; float: none; position: static;\"><b>Moc nominalna urz\u0105dzenia [kW]:<\/b>&nbsp;2.8<\/li>\n<li style=\"margin: 5px 0; padding: 2px 0; clear: both; display: list-item; float: none; position: static;\"><b>Zasilanie:<\/b>&nbsp;Elektryczne<\/li>\n<li style=\"margin: 5px 0; padding: 2px 0; clear: both; display: list-item; float: none; position: static;\"><b>System ci\u0119cia:<\/b>&nbsp;Frezowy<\/li>\n<li style=\"margin: 5px 0; padding: 2px 0; clear: both; display: list-item; float: none; position: static;\"><b>Hamulec no\u017ca:<\/b>&nbsp;Tak<\/li>\n<li style=\"margin: 5px 0; padding: 2px 0; clear: both; display: list-item; float: none; position: static;\"><b>Maksymalna \u015brednica ga\u0142\u0119zi [mm]:<\/b>&nbsp;44<\/li>\n<li style=\"margin: 5px 0; padding: 2px 0; clear: both; display: list-item; float: none; position: static;\"><b>Pojemno\u015b\u0107 silnika [cm3]:<\/b>&nbsp;Nie dotyczy<\/li>\n<li style=\"margin: 5px 0; padding: 2px 0; clear: both; display: list-item; float: none; position: static;\"><b>Funkcja biegu wstecznego:<\/b>&nbsp;Tak<\/li>\n<li style=\"margin: 5px 0; padding: 2px 0; clear: both; display: list-item; float: none; position: static;\"><b>Waga [kg]:<\/b>&nbsp;17.5<\/li>\n<\/ul>\n<ul style=\"margin: 15px 0; padding-left: 20px; clear: both; display: block; width: 100%; float: none; position: static;\">\n<li style=\"margin: 5px 0; padding: 2px 0; clear: both; display: list-item; float: none; position: static;\"><b>Indeks:&nbsp;<\/b>2117662<\/li>\n<\/ul>\n<\/div>\n<\/div>\n<\/div>\n<div style=\"clear: both; display: block; margin: 10px 0;\">\n<div style=\"clear: both; display: block; margin: 10px 0;\">\n<div style=\"clear: both; display: block; margin: 10px 0;\">\n<p style=\"margin: 15px 0; line-height: 1.8; clear: both; display: block; width: 100%; float: none; position: static;\">\n<p style=\"margin: 15px 0; line-height: 1.8; clear: both; display: block; width: 100%; float: none; position: static;\">ShredWoodX 3500 to frezowy rozdrabniacz, kt\u00f3ry \u0142\u0105czy ogromn\u0105 moc, solidn\u0105 konstrukcj\u0119 i funkcjonalno\u015b\u0107 &#8211; idealny do ogrodu i wi\u0119kszych prac porz\u0105dkowych.<\/p>\n<p style=\"margin: 15px 0; line-height: 1.8; clear: both; display: block; width: 100%; float: none; position: static;\">&nbsp;<\/p>\n<p style=\"margin: 15px 0; line-height: 1.8; clear: both; display: block; width: 100%; float: none; position: static;\"><b>Co sprawia, \u017ce nasz rozdrabniacz jest najlepszym wyborem?<\/b>&nbsp;<\/p>\n<p style=\"margin: 15px 0; line-height: 1.8; clear: both; display: block; width: 100%; float: none; position: static;\"> \u2022 Moc, kt\u00f3ra dzia\u0142a&nbsp;&#8211; zapewnia&nbsp;niezr\u00f3wnan\u0105 wydajno\u015b\u0107 i si\u0142\u0119 do radzenia sobie z najgrubszymi ga\u0142\u0119ziami.&nbsp;<\/p>\n<p style=\"margin: 15px 0; line-height: 1.8; clear: both; display: block; width: 100%; float: none; position: static;\"> \u2022 System frezowy (walcowy) o wolnych obrotach&nbsp;&#8211; precyzyjne i efektywne rozdrabnianie bez zb\u0119dnego ha\u0142asu.&nbsp;<\/p>\n<p style=\"margin: 15px 0; line-height: 1.8; clear: both; display: block; width: 100%; float: none; position: static;\"> \u2022 A\u017c dwa worki po 60 litr\u00f3w&nbsp;&#8211; jako jedyni na rynku do\u0142\u0105czamy od razu dwa worki do zestawu!&nbsp;<\/p>\n<p style=\"margin: 15px 0; line-height: 1.8; clear: both; display: block; width: 100%; float: none; position: static;\"> \u2022 Uchwyt na popychacz&nbsp;&#8211; montowany z boku pozwala wygodnie przechowywa\u0107 popychacz, bez konieczno\u015bci ci\u0105g\u0142ego trzymania go w r\u0119ce.&nbsp;<\/p>\n<p style=\"margin: 15px 0; line-height: 1.8; clear: both; display: block; width: 100%; float: none; position: static;\"> \u2022 <\/p>\n","protected":false},"excerpt":{"rendered":"<p>Rozdrabniacz do ga\u0142\u0119zi elektryczny TOKACHI ShredWoodX 3500<\/p>\n<p>Funkcje:&nbsp;Funkcja biegu wstecznego, Hamulec no\u017ca, K\u00f3\u0142ka transportowe<\/p>\n<p>Moc [W]:&nbsp;2800<\/p>\n<p>Moc nominalna urz\u0105dzenia [kW]:&nbsp;2.8<\/p>\n<p>Zasilanie:&nbsp;Elektryczne<\/p>\n<p>System ci\u0119cia:&nbsp;Frezowy<\/p>\n<p>Hamulec no\u017ca:&nbsp;Tak<\/p>\n<p>Maksymalna \u015brednica ga\u0142\u0119zi [mm]:&nbsp;44<\/p>\n","protected":false},"featured_media":15652,"template":"","meta":{"_uag_custom_page_level_css":""},"product_brand":[871],"product_cat":[866,541,872],"product_tag":[],"class_list":{"0":"post-15651","1":"product","2":"type-product","3":"status-publish","4":"has-post-thumbnail","6":"product_brand-tokachi","7":"product_cat-narzedzia-ogrodnicze","8":"product_cat-ogrod","9":"product_cat-rozdrabniacze","11":"first","12":"instock","13":"sale","14":"shipping-taxable","15":"purchasable","16":"product-type-simple"},"uagb_featured_image_src":{"full":["https:\/\/tivrano.shop\/grill\/wp-content\/uploads\/2026\/04\/allegro-image-15651.jpg",800,600,false],"thumbnail":["https:\/\/tivrano.shop\/grill\/wp-content\/uploads\/2026\/04\/allegro-image-15651-150x150.jpg",150,150,true],"medium":["https:\/\/tivrano.shop\/grill\/wp-content\/uploads\/2026\/04\/allegro-image-15651-300x225.jpg",300,225,true],"medium_large":["https:\/\/tivrano.shop\/grill\/wp-content\/uploads\/2026\/04\/allegro-image-15651-768x576.jpg",768,576,true],"large":["https:\/\/tivrano.shop\/grill\/wp-content\/uploads\/2026\/04\/allegro-image-15651.jpg",800,600,false],"1536x1536":["https:\/\/tivrano.shop\/grill\/wp-content\/uploads\/2026\/04\/allegro-image-15651.jpg",800,600,false],"2048x2048":["https:\/\/tivrano.shop\/grill\/wp-content\/uploads\/2026\/04\/allegro-image-15651.jpg",800,600,false],"woocommerce_thumbnail":["https:\/\/tivrano.shop\/grill\/wp-content\/uploads\/2026\/04\/allegro-image-15651-300x300.jpg",300,300,true],"woocommerce_single":["https:\/\/tivrano.shop\/grill\/wp-content\/uploads\/2026\/04\/allegro-image-15651-600x450.jpg",600,450,true],"woocommerce_gallery_thumbnail":["https:\/\/tivrano.shop\/grill\/wp-content\/uploads\/2026\/04\/allegro-image-15651-100x100.jpg",100,100,true]},"uagb_author_info":{"display_name":"admin","author_link":"https:\/\/tivrano.shop\/grill\/author\/"},"uagb_comment_info":0,"uagb_excerpt":"Rozdrabniacz do ga\u0142\u0119zi elektryczny TOKACHI ShredWoodX 3500 Funkcje:&nbsp;Funkcja biegu wstecznego, Hamulec no\u017ca, K\u00f3\u0142ka transportowe Moc [W]:&nbsp;2800 Moc nominalna urz\u0105dzenia [kW]:&nbsp;2.8 Zasilanie:&nbsp;Elektryczne System ci\u0119cia:&nbsp;Frezowy Hamulec no\u017ca:&nbsp;Tak Maksymalna \u015brednica ga\u0142\u0119zi [mm]:&nbsp;44","_links":{"self":[{"href":"https:\/\/tivrano.shop\/grill\/wp-json\/wp\/v2\/product\/15651","targetHints":{"allow":["GET"]}}],"collection":[{"href":"https:\/\/tivrano.shop\/grill\/wp-json\/wp\/v2\/product"}],"about":[{"href":"https:\/\/tivrano.shop\/grill\/wp-json\/wp\/v2\/types\/product"}],"wp:featuredmedia":[{"embeddable":true,"href":"https:\/\/tivrano.shop\/grill\/wp-json\/wp\/v2\/media\/15652"}],"wp:attachment":[{"href":"https:\/\/tivrano.shop\/grill\/wp-json\/wp\/v2\/media?parent=15651"}],"wp:term":[{"taxonomy":"product_brand","embeddable":true,"href":"https:\/\/tivrano.shop\/grill\/wp-json\/wp\/v2\/product_brand?post=15651"},{"taxonomy":"product_cat","embeddable":true,"href":"https:\/\/tivrano.shop\/grill\/wp-json\/wp\/v2\/product_cat?post=15651"},{"taxonomy":"product_tag","embeddable":true,"href":"https:\/\/tivrano.shop\/grill\/wp-json\/wp\/v2\/product_tag?post=15651"}],"curies":[{"name":"wp","href":"https:\/\/api.w.org\/{rel}","templated":true}]}}