{"id":15649,"date":"2026-04-06T05:49:25","date_gmt":"2026-04-06T04:49:25","guid":{"rendered":"https:\/\/grillcentrum.shop\/gree\/produkt\/aerator-wertykulator-elektryczny-2000w-kosz-dwa-walki-2w1-nac-sce200-40-w\/"},"modified":"2026-04-11T02:22:18","modified_gmt":"2026-04-11T01:22:18","slug":"aerator-wertykulator-elektryczny-2000w-kosz-dwa-walki-2w1-nac-sce200-40-w","status":"publish","type":"product","link":"https:\/\/tivrano.shop\/grill\/produkt\/aerator-wertykulator-elektryczny-2000w-kosz-dwa-walki-2w1-nac-sce200-40-w\/","title":{"rendered":"AERATOR WERTYKULATOR ELEKTRYCZNY 2000W KOSZ DWA WA\u0141KI 2w1 NAC SCE200-40-W"},"content":{"rendered":"<div style=\"font-family: Arial, sans-serif; line-height: 1.6; color: #333; padding: 20px; clear: both; display: block; width: 100%; float: none; position: static; overflow: hidden;\">\n<div style=\"clear: both; display: block; margin: 10px 0;\">\n<div style=\"clear: both; display: block; margin: 10px 0;\">\n<div style=\"clear: both; display: block; margin: 10px 0;\">\n<h3 style=\"color: #2c5aa0; font-size: 18px; margin: 30px 0 15px 0; font-weight: bold; clear: both; display: block; width: 100%; float: none; position: static;\">\ufffd Wertykulator Elektryczny NAC SCE200-40-W 2W1 \u2013 Moc 2000W, Szeroko\u015b\u0107 40 cm! \ud83c\udf3f\u26a1<\/h3>\n<p style=\"margin: 15px 0; line-height: 1.8; clear: both; display: block; width: 100%; float: none; position: static;\">Szukasz profesjonalnego narz\u0119dzia do <b>piel\u0119gnacji trawnika<\/b>? \ud83c\udfe1 <b>Wertykulator elektryczny NAC SCE200-40-W<\/b> to urz\u0105dzenie <b>2W1<\/b> \u2013 \u0142\u0105czy funkcje <b>wertykulacji i aeracji<\/b> w jednym! <b>Mocny silnik 2000W<\/b>, <b>szeroko\u015b\u0107 robocza 40 cm<\/b> i <b>5-stopniowa regulacja g\u0142\u0119boko\u015bci<\/b> zapewni\u0105 doskona\u0142e efekty w Twoim ogrodzie. \ud83c\udf31\u2705<\/p>\n<\/div>\n<\/div>\n<\/div>\n<div style=\"clear: both; display: block; margin: 10px 0;\">\n<div style=\"clear: both; display: block; margin: 10px 0;\">\n<div style=\"clear: both; display: block; margin: 10px 0;\">\n<div  style=\"max-width:1500px;max-height:1500px\">\n<div style=\"clear: both; display: block; margin: 10px 0;\">\n<div style=\"clear: both; width: 100%; display: block; margin: 20px 0; padding: 0; float: none; position: static; text-align: center;\"><img decoding=\"async\"  src=\"https:\/\/a.allegroimg.com\/original\/11f248\/028ff9dd4d5e965d6a2245eda568\/AERATOR-WERTYKULATOR-ELEKTRYCZNY-2000W-KOSZ-DWA-WALKI-2w1-NAC-SCE200-40-W-Kod-producenta-SCE200-40-W\" srcset=\"https:\/\/a.allegroimg.com\/original\/11f248\/028ff9dd4d5e965d6a2245eda568\/AERATOR-WERTYKULATOR-ELEKTRYCZNY-2000W-KOSZ-DWA-WALKI-2w1-NAC-SCE200-40-W-Kod-producenta-SCE200-40-W 360w,https:\/\/a.allegroimg.com\/original\/11f248\/028ff9dd4d5e965d6a2245eda568\/AERATOR-WERTYKULATOR-ELEKTRYCZNY-2000W-KOSZ-DWA-WALKI-2w1-NAC-SCE200-40-W-Kod-producenta-SCE200-40-W 720w,https:\/\/a.allegroimg.com\/original\/11f248\/028ff9dd4d5e965d6a2245eda568\/AERATOR-WERTYKULATOR-ELEKTRYCZNY-2000W-KOSZ-DWA-WALKI-2w1-NAC-SCE200-40-W-Kod-producenta-SCE200-40-W 1024w,https:\/\/a.allegroimg.com\/original\/11f248\/028ff9dd4d5e965d6a2245eda568\/AERATOR-WERTYKULATOR-ELEKTRYCZNY-2000W-KOSZ-DWA-WALKI-2w1-NAC-SCE200-40-W-Kod-producenta-SCE200-40-W 1440w,https:\/\/a.allegroimg.com\/original\/11f248\/028ff9dd4d5e965d6a2245eda568\/AERATOR-WERTYKULATOR-ELEKTRYCZNY-2000W-KOSZ-DWA-WALKI-2w1-NAC-SCE200-40-W-Kod-producenta-SCE200-40-W 1500w\" sizes=\"(min-width: 1200px) 560px, (min-width: 992px) 50vw, 100vw\" width=\"1500px\" alt=\"AERATOR WERTYKULATOR ELEKTRYCZNY 2000W KOSZ DWA WA\u0141KI 2w1 NAC SCE200-40-W Kod producenta SCE200-40-W\" style=\"max-width: 100%; height: auto; display: block; margin: 0 auto;\"><\/div>\n<\/div>\n<\/div>\n<\/div>\n<\/div>\n<div style=\"clear: both; display: block; margin: 10px 0;\">\n<div style=\"clear: both; display: block; margin: 10px 0;\">\n<h2>\ufffd PARAMETRY TECHNICZNE \ud83d\udd0d\ud83d\udcca<\/h2>\n<ul style=\"margin: 15px 0; padding-left: 20px; clear: both; display: block; width: 100%; float: none; position: static;\">\n<li style=\"margin: 5px 0; padding: 2px 0; clear: both; display: list-item; float: none; position: static;\">\ud83d\udd39 <b>Model:<\/b> NAC SCE200-40-W<\/li>\n<li style=\"margin: 5px 0; padding: 2px 0; clear: both; display: list-item; float: none; position: static;\">\ud83d\udd39 <b>Typ silnika:<\/b> Elektryczny, indukcyjny (bezszczotkowy)<\/li>\n<li style=\"margin: 5px 0; padding: 2px 0; clear: both; display: list-item; float: none; position: static;\">\ud83d\udd39 <b>Moc:<\/b> 2000W<\/li>\n<li style=\"margin: 5px 0; padding: 2px 0; clear: both; display: list-item; float: none; position: static;\">\ud83d\udd39 <b>Napi\u0119cie:<\/b> 230V ~50Hz<\/li>\n<li style=\"margin: 5px 0; padding: 2px 0; clear: both; display: list-item; float: none; position: static;\">\ud83d\udd39 <b>Szeroko\u015b\u0107 robocza:<\/b> 40 cm<\/li>\n<li style=\"margin: 5px 0; padding: 2px 0; clear: both; display: list-item; float: none; position: static;\">\ud83d\udd39 <b>Regulacja g\u0142\u0119boko\u015bci:<\/b> 5-stopniowa, centralna<\/li>\n<li style=\"margin: 5px 0; padding: 2px 0; clear: both; display: list-item; float: none; position: static;\">\ud83d\udd39 <b>G\u0142\u0119boko\u015b\u0107 pracy aeratora:<\/b> +9 mm do -9 mm<\/li>\n<li style=\"margin: 5px 0; padding: 2px 0; clear: both; display: list-item; float: none; position: static;\">\ud83d\udd39 <b>G\u0142\u0119boko\u015b\u0107 pracy wertykulatora:<\/b> +6 mm do -12 mm<\/li>\n<li style=\"margin: 5px 0; padding: 2px 0; clear: both; display: list-item; float: none; position: static;\">\ud83d\udd39 <b>Pojemno\u015b\u0107 kosza:<\/b> 55L<\/li>\n<li style=\"margin: 5px 0; padding: 2px 0; clear: both; display: list-item; float: none; position: static;\">\ud83d\udd39 <b>Waga:<\/b> 13 kg<\/li>\n<li style=\"margin: 5px 0; padding: 2px 0; clear: both; display: list-item; float: none; position: static;\">\ud83d\udd39 <b>Poziom ha\u0142asu:<\/b> 108 dB<\/li>\n<li style=\"margin: 5px 0; padding: 2px 0; clear: both; display: list-item; float: none; position: static;\">\ud83d\udd39 <b>Gwarancja:<\/b> 24 miesi\u0105ce<\/li>\n<\/ul>\n<\/div>\n<\/div>\n<\/div>\n<div style=\"clear: both; display: block; margin: 10px 0;\">\n<div style=\"clear: both; display: block; margin: 10px 0;\">\n<div style=\"clear: both; display: block; margin: 10px 0;\">\n<div  style=\"max-width:2000px;max-height:1333px\">\n<div style=\"clear: both; display: block; margin: 10px 0;\">\n<div style=\"clear: both; width: 100%; display: block; margin: 20px 0; padding: 0; float: none; position: static; text-align: center;\"><img decoding=\"async\"  src=\"https:\/\/a.allegroimg.com\/original\/115db3\/e6addc8842ca8a52e8e918ad1e40\/AERATOR-WERTYKULATOR-ELEKTRYCZNY-2000W-KOSZ-DWA-WALKI-2w1-NAC-SCE200-40-W-Waga-produktu-z-opakowaniem-jednostkowym-14-kg\" srcset=\"https:\/\/a.allegroimg.com\/original\/115db3\/e6addc8842ca8a52e8e918ad1e40\/AERATOR-WERTYKULATOR-ELEKTRYCZNY-2000W-KOSZ-DWA-WALKI-2w1-NAC-SCE200-40-W-Waga-produktu-z-opakowaniem-jednostkowym-14-kg 360w,https:\/\/a.allegroimg.com\/original\/115db3\/e6addc8842ca8a52e8e918ad1e40\/AERATOR-WERTYKULATOR-ELEKTRYCZNY-2000W-KOSZ-DWA-WALKI-2w1-NAC-SCE200-40-W-Waga-produktu-z-opakowaniem-jednostkowym-14-kg 720w,https:\/\/a.allegroimg.com\/original\/115db3\/e6addc8842ca8a52e8e918ad1e40\/AERATOR-WERTYKULATOR-ELEKTRYCZNY-2000W-KOSZ-DWA-WALKI-2w1-NAC-SCE200-40-W-Waga-produktu-z-opakowaniem-jednostkowym-14-kg 1024w,https:\/\/a.allegroimg.com\/original\/115db3\/e6addc8842ca8a52e8e918ad1e40\/AERATOR-WERTYKULATOR-ELEKTRYCZNY-2000W-KOSZ-DWA-WALKI-2w1-NAC-SCE200-40-W-Waga-produktu-z-opakowaniem-jednostkowym-14-kg 1440w,https:\/\/a.allegroimg.com\/original\/115db3\/e6addc8842ca8a52e8e918ad1e40\/AERATOR-WERTYKULATOR-ELEKTRYCZNY-2000W-KOSZ-DWA-WALKI-2w1-NAC-SCE200-40-W-Waga-produktu-z-opakowaniem-jednostkowym-14-kg 2000w\" sizes=\"(min-width: 1200px) 560px, (min-width: 992px) 50vw, 100vw\" width=\"2000px\" alt=\"AERATOR WERTYKULATOR ELEKTRYCZNY 2000W KOSZ DWA WA\u0141KI 2w1 NAC SCE200-40-W Waga produktu z opakowaniem jednostkowym 14 kg\" style=\"max-width: 100%; height: auto; display: block; margin: 0 auto;\"><\/div>\n<\/div>\n<\/div>\n<\/div>\n<\/div>\n<div style=\"clear: both; display: block; margin: 10px 0;\">\n<div style=\"clear: both; display: block; margin: 10px 0;\">\n<h2>\u26a1 Silnik Elektryczny o Mocy 2000W \u2013 Efektywna Praca! \ufffd\ud83d\udd0b<\/h2>\n<p style=\"margin: 15px 0; line-height: 1.8; clear: both; display: block; width: 100%; float: none; position: static;\">Wertykulator NAC SCE200-40-W wyposa\u017cony jest w <b>wydajny silnik elektryczny o mocy 2000W<\/b>, co gwarantuje <b>stabiln\u0105 i wydajn\u0105 prac\u0119<\/b>. \ud83c\udfc6 Dzi\u0119ki szeroko\u015bci <b>40 cm<\/b>, szybko przygotujesz trawnik do sezonu! \ud83c\udf3f\u2728<\/p>\n<\/div>\n<\/div>\n<\/div>\n<div style=\"clear: both; display: block; margin: 10px 0;\">\n<div style=\"clear: both; display: block; margin: 10px 0;\">\n<div style=\"clear: both; display: block; margin: 10px 0;\">\n<div  style=\"max-width:1704px;max-height:1064px\">\n<div style=\"clear: both; display: block; margin: 10px 0;\">\n<div style=\"clear: both; width: 100%; display: block; margin: 20px 0; padding: 0; float: none; position: static; text-align: center;\"><img decoding=\"async\"  src=\"https:\/\/a.allegroimg.com\/original\/116175\/76d8741d4645bd2db38a52249edf\/AERATOR-WERTYKULATOR-ELEKTRYCZNY-2000W-KOSZ-DWA-WALKI-2w1-NAC-SCE200-40-W-Moc-silnika-2000-W\" srcset=\"https:\/\/a.allegroimg.com\/original\/116175\/76d8741d4645bd2db38a52249edf\/AERATOR-WERTYKULATOR-ELEKTRYCZNY-2000W-KOSZ-DWA-WALKI-2w1-NAC-SCE200-40-W-Moc-silnika-2000-W 360w,https:\/\/a.allegroimg.com\/original\/116175\/76d8741d4645bd2db38a52249edf\/AERATOR-WERTYKULATOR-ELEKTRYCZNY-2000W-KOSZ-DWA-WALKI-2w1-NAC-SCE200-40-W-Moc-silnika-2000-W 720w,https:\/\/a.allegroimg.com\/original\/116175\/76d8741d4645bd2db38a52249edf\/AERATOR-WERTYKULATOR-ELEKTRYCZNY-2000W-KOSZ-DWA-WALKI-2w1-NAC-SCE200-40-W-Moc-silnika-2000-W 1024w,https:\/\/a.allegroimg.com\/original\/116175\/76d8741d4645bd2db38a52249edf\/AERATOR-WERTYKULATOR-ELEKTRYCZNY-2000W-KOSZ-DWA-WALKI-2w1-NAC-SCE200-40-W-Moc-silnika-2000-W 1440w,https:\/\/a.allegroimg.com\/original\/116175\/76d8741d4645bd2db38a52249edf\/AERATOR-WERTYKULATOR-ELEKTRYCZNY-2000W-KOSZ-DWA-WALKI-2w1-NAC-SCE200-40-W-Moc-silnika-2000-W 1704w\" sizes=\"(min-width: 1200px) 560px, (min-width: 992px) 50vw, 100vw\" width=\"1704px\" alt=\"AERATOR WERTYKULATOR ELEKTRYCZNY 2000W KOSZ DWA WA\u0141KI 2w1 NAC SCE200-40-W Moc silnika 2000 W\" style=\"max-width: 100%; height: auto; display: block; margin: 0 auto;\"><\/div>\n<\/div>\n<\/div>\n<\/div>\n<\/div>\n<div style=\"clear: both; display: block; margin: 10px 0;\">\n<div style=\"clear: both; display: block; margin: 10px 0;\">\n<h2>\ufffd 2W1 \u2013 Wertykulacja i Aeracja! \ud83c\udf31\ud83c\udfaf<\/h2>\n<p style=\"margin: 15px 0; line-height: 1.8; clear: both; display: block; width: 100%; float: none; position: static;\">W zestawie znajduj\u0105 si\u0119 <b>dwa wymienne wa\u0142ki<\/b>:<\/p>\n<p style=\"margin: 15px 0; line-height: 1.8; clear: both; display: block; width: 100%; float: none; position: static;\">\u2705 <b>Wa\u0142ek do wertykulacji<\/b> \u2013 usuwa mech, chwasty i filc, <b>poprawiaj\u0105c dost\u0119p powietrza do korzeni<\/b>. \ud83c\udf3e<\/p>\n<p style=\"margin: 15px 0; line-height: 1.8; clear: both; display: block; width: 100%; float: none; position: static;\">\u2705 <b>Wa\u0142ek do aeracji<\/b> \u2013 nak\u0142uwa gleb\u0119, zwi\u0119kszaj\u0105c <b>przepuszczalno\u015b\u0107 wody i sk\u0142adnik\u00f3w od\u017cywczych<\/b>. \ud83d\udca7<\/p>\n<p style=\"margin: 15px 0; line-height: 1.8; clear: both; display: block; width: 100%; float: none; position: static;\">Dzi\u0119ki temu <b>trawa ro\u015bnie g\u0119stsza i zdrowsza<\/b>! \ud83c\udf31\ud83d\udcaa<\/p>\n<\/div>\n<\/div>\n<\/div>\n<div style=\"clear: both; display: block; margin: 10px 0;\">\n<div style=\"clear: both; display: block; margin: 10px 0;\">\n<div style=\"clear: both; display: block; margin: 10px 0;\">\n<div  style=\"max-width:1800px;max-height:1616px\">\n<div style=\"clear: both; display: block; margin: 10px 0;\">\n<div style=\"clear: both; width: 100%; display: block; margin: 20px 0; padding: 0; float: none; position: static; text-align: center;\"><img decoding=\"async\"  src=\"https:\/\/a.allegroimg.com\/original\/11aae3\/9e6bdecb4f5cb849005f7cae288f\/AERATOR-WERTYKULATOR-ELEKTRYCZNY-2000W-KOSZ-DWA-WALKI-2w1-NAC-SCE200-40-W-Informacje-dodatkowe-funkcja-aeracji\" srcset=\"https:\/\/a.allegroimg.com\/original\/11aae3\/9e6bdecb4f5cb849005f7cae288f\/AERATOR-WERTYKULATOR-ELEKTRYCZNY-2000W-KOSZ-DWA-WALKI-2w1-NAC-SCE200-40-W-Informacje-dodatkowe-funkcja-aeracji 360w,https:\/\/a.allegroimg.com\/original\/11aae3\/9e6bdecb4f5cb849005f7cae288f\/AERATOR-WERTYKULATOR-ELEKTRYCZNY-2000W-KOSZ-DWA-WALKI-2w1-NAC-SCE200-40-W-Informacje-dodatkowe-funkcja-aeracji 720w,https:\/\/a.allegroimg.com\/original\/11aae3\/9e6bdecb4f5cb849005f7cae288f\/AERATOR-WERTYKULATOR-ELEKTRYCZNY-2000W-KOSZ-DWA-WALKI-2w1-NAC-SCE200-40-W-Informacje-dodatkowe-funkcja-aeracji 1024w,https:\/\/a.allegroimg.com\/original\/11aae3\/9e6bdecb4f5cb849005f7cae288f\/AERATOR-WERTYKULATOR-ELEKTRYCZNY-2000W-KOSZ-DWA-WALKI-2w1-NAC-SCE200-40-W-Informacje-dodatkowe-funkcja-aeracji 1440w,https:\/\/a.allegroimg.com\/original\/11aae3\/9e6bdecb4f5cb849005f7cae288f\/AERATOR-WERTYKULATOR-ELEKTRYCZNY-2000W-KOSZ-DWA-WALKI-2w1-NAC-SCE200-40-W-Informacje-dodatkowe-funkcja-aeracji 1800w\" sizes=\"(min-width: 1200px) 560px, (min-width: 992px) 50vw, 100vw\" width=\"1800px\" alt=\"AERATOR WERTYKULATOR ELEKTRYCZNY 2000W KOSZ DWA WA\u0141KI 2w1 NAC SCE200-40-W Informacje dodatkowe funkcja aeracji\" style=\"max-width: 100%; height: auto; display: block; margin: 0 auto;\"><\/div>\n<\/div>\n<\/div>\n<\/div>\n<\/div>\n<div style=\"clear: both; display: block; margin: 10px 0;\">\n<div style=\"clear: both; display: block; margin: 10px 0;\">\n<h2>\ufffd 5-Stopniowa Regulacja G\u0142\u0119boko\u015bci Pracy! \ud83d\udd25\u2705<\/h2>\n<p style=\"margin: 15px 0; line-height: 1.8; clear: both; display: block; width: 100%; float: none; position: static;\">Dostosuj prac\u0119 urz\u0105dzenia do potrzeb Twojego trawnika! \ud83c\udf3f<\/p>\n<p style=\"margin: 15px 0; line-height: 1.8; clear: both; display: block; width: 100%; float: none; position: static;\">\ud83d\udd39 <b>Aeracja<\/b>: od <b>+9 mm do -9 mm<\/b><\/p>\n<p style=\"margin: 15px 0; line-height: 1.8; clear: both; display: block; width: 100%; float: none; position: static;\">\ud83d\udd39 <b>Wertykulacja<\/b>: od <b>+6 mm do -12 mm<\/b><\/p>\n<p style=\"margin: 15px 0; line-height: 1.8; clear: both; display: block; width: 100%; float: none; position: static;\">Regulacja jest <b>centralna<\/b>, dzi\u0119ki czemu ustawisz g\u0142\u0119boko\u015b\u0107 jednym ruchem! \ud83c\udfaf<\/p>\n<\/div>\n<\/div>\n<\/div>\n<div style=\"clear: both; display: block; margin: 10px 0;\">\n<div style=\"clear: both; display: block; margin: 10px 0;\">\n<div style=\"clear: both; display: block; margin: 10px 0;\">\n<div  style=\"max-width:1472px;max-height:1560px\">\n<div style=\"clear: both; display: block; margin: 10px 0;\">\n<div style=\"clear: both; width: 100%; display: block; margin: 20px 0; padding: 0; float: none; position: static; text-align: center;\"><img decoding=\"async\"  src=\"https:\/\/a.allegroimg.com\/original\/11937c\/8bde3fe84c84abcf4c1446a6297e\/AERATOR-WERTYKULATOR-ELEKTRYCZNY-2000W-KOSZ-DWA-WALKI-2w1-NAC-SCE200-40-W-Szerokosc-robocza-40-cm\" srcset=\"https:\/\/a.allegroimg.com\/original\/11937c\/8bde3fe84c84abcf4c1446a6297e\/AERATOR-WERTYKULATOR-ELEKTRYCZNY-2000W-KOSZ-DWA-WALKI-2w1-NAC-SCE200-40-W-Szerokosc-robocza-40-cm 339w,https:\/\/a.allegroimg.com\/original\/11937c\/8bde3fe84c84abcf4c1446a6297e\/AERATOR-WERTYKULATOR-ELEKTRYCZNY-2000W-KOSZ-DWA-WALKI-2w1-NAC-SCE200-40-W-Szerokosc-robocza-40-cm 679w,https:\/\/a.allegroimg.com\/original\/11937c\/8bde3fe84c84abcf4c1446a6297e\/AERATOR-WERTYKULATOR-ELEKTRYCZNY-2000W-KOSZ-DWA-WALKI-2w1-NAC-SCE200-40-W-Szerokosc-robocza-40-cm 966w,https:\/\/a.allegroimg.com\/original\/11937c\/8bde3fe84c84abcf4c1446a6297e\/AERATOR-WERTYKULATOR-ELEKTRYCZNY-2000W-KOSZ-DWA-WALKI-2w1-NAC-SCE200-40-W-Szerokosc-robocza-40-cm 1358w,https:\/\/a.allegroimg.com\/original\/11937c\/8bde3fe84c84abcf4c1446a6297e\/AERATOR-WERTYKULATOR-ELEKTRYCZNY-2000W-KOSZ-DWA-WALKI-2w1-NAC-SCE200-40-W-Szerokosc-robocza-40-cm 1472w\" sizes=\"(min-width: 1200px) 560px, (min-width: 992px) 50vw, 100vw\" width=\"1472px\" alt=\"AERATOR WERTYKULATOR ELEKTRYCZNY 2000W KOSZ DWA WA\u0141KI 2w1 NAC SCE200-40-W Szeroko\u015b\u0107 robocza 40 cm\" style=\"max-width: 100%; height: auto; display: block; margin: 0 auto;\"><\/div>\n<\/div>\n<\/div>\n<\/div>\n<\/div>\n<div style=\"clear: both; display: block; margin: 10px 0;\">\n<div style=\"clear: both; display: block; margin: 10px 0;\">\n<h2>\ufffd\ufe0f Lekka i Wytrzyma\u0142a Konstrukcja! \ud83c\udfe1\ud83d\udee0\ufe0f<\/h2>\n<p style=\"margin: 15px 0; line-height: 1.8; clear: both; display: block; width: 100%; float: none; position: static;\"><b>Wertykulator NAC SCE200-40-W<\/b> wa\u017cy <b>tylko 13 kg<\/b>, co zapewnia <b>\u0142atwo\u015b\u0107 manewrowania<\/b>. Ergonomiczna budowa i <b>pojemny kosz 55L<\/b> sprawiaj\u0105, \u017ce praca staje si\u0119 jeszcze wygodniejsza! \u267b\ufe0f<\/p>\n<\/div>\n<\/div>\n<\/div>\n<div style=\"clear: both; display: block; margin: 10px 0;\">\n<div style=\"clear: both; display: block; margin: 10px 0;\">\n<div style=\"clear: both; display: block; margin: 10px 0;\">\n<div  style=\"max-width:1752px;max-height:1765px\">\n<div style=\"clear: both; display: block; margin: 10px 0;\">\n<div style=\"clear: both; width: 100%; display: block; margin: 20px 0; padding: 0; float: none; position: static; text-align: center;\"><img decoding=\"async\"  src=\"https:\/\/a.allegroimg.com\/original\/11dbdc\/52744b494db3859e86f8fd837f6b\/AERATOR-WERTYKULATOR-ELEKTRYCZNY-2000W-KOSZ-DWA-WALKI-2w1-NAC-SCE200-40-W-Glebokosc-robocza-max-12-mm\" srcset=\"https:\/\/a.allegroimg.com\/original\/11dbdc\/52744b494db3859e86f8fd837f6b\/AERATOR-WERTYKULATOR-ELEKTRYCZNY-2000W-KOSZ-DWA-WALKI-2w1-NAC-SCE200-40-W-Glebokosc-robocza-max-12-mm 357w,https:\/\/a.allegroimg.com\/original\/11dbdc\/52744b494db3859e86f8fd837f6b\/AERATOR-WERTYKULATOR-ELEKTRYCZNY-2000W-KOSZ-DWA-WALKI-2w1-NAC-SCE200-40-W-Glebokosc-robocza-max-12-mm 714w,https:\/\/a.allegroimg.com\/original\/11dbdc\/52744b494db3859e86f8fd837f6b\/AERATOR-WERTYKULATOR-ELEKTRYCZNY-2000W-KOSZ-DWA-WALKI-2w1-NAC-SCE200-40-W-Glebokosc-robocza-max-12-mm 1016w,https:\/\/a.allegroimg.com\/original\/11dbdc\/52744b494db3859e86f8fd837f6b\/AERATOR-WERTYKULATOR-ELEKTRYCZNY-2000W-KOSZ-DWA-WALKI-2w1-NAC-SCE200-40-W-Glebokosc-robocza-max-12-mm 1429w,https:\/\/a.allegroimg.com\/original\/11dbdc\/52744b494db3859e86f8fd837f6b\/AERATOR-WERTYKULATOR-ELEKTRYCZNY-2000W-KOSZ-DWA-WALKI-2w1-NAC-SCE200-40-W-Glebokosc-robocza-max-12-mm 1752w\" sizes=\"(min-width: 1200px) 560px, (min-width: 992px) 50vw, 100vw\" width=\"1752px\" alt=\"AERATOR WERTYKULATOR ELEKTRYCZNY 2000W KOSZ DWA WA\u0141KI 2w1 NAC SCE200-40-W G\u0142\u0119boko\u015b\u0107 robocza max 12 mm\" style=\"max-width: 100%; height: auto; display: block; margin: 0 auto;\"><\/div>\n<\/div>\n<\/div>\n<\/div>\n<\/div>\n<div style=\"clear: both; display: block; margin: 10px 0;\">\n<div style=\"clear: both; display: block; margin: 10px 0;\">\n<h3 style=\"color: #2c5aa0; font-size: 18px; margin: 30px 0 15px 0; font-weight: bold; clear: both; display: block; width: 100%; float: none; position: static;\"> Zam\u00f3w Teraz i Ciesz Si\u0119 Pi\u0119knym Trawnikiem! \ud83c\udf31\ud83c\udf1e<\/h3>\n<p style=\"margin: 15px 0; line-height: 1.8; clear: both; display: block; width: 100%; float: none; position: static;\">\ud83d\udcaf <b>2W1 \u2013 Wertykulacja i Aeracja!<\/b><\/p>\n<p style=\"margin: 15px 0; line-height: 1.8; clear: both; display: block; width: 100%; float: none; position: static;\">\ud83d\udcaf <b>Mocny silnik 2000W!<\/b><\/p>\n<p style=\"margin: 15px 0; line-height: 1.8; clear: both; display: block; width: 100%; float: none; position: static;\">\ud83d\udcaf <b>Lekka i ergonomiczna konstrukcja!<\/b><\/p>\n<p style=\"margin: 15px 0; line-height: 1.8; clear: both; display: block; width: 100%; float: none; position: static;\">\ud83d\ude80 <b>Szybka wysy\u0142ka!<\/b><\/p>\n<p style=\"margin: 15px 0; line-height: 1.8; clear: both; display: block; width: 100%; float: none; position: static;\">\ud83d\udcb3 <b>Bezpieczne p\u0142atno\u015bci!<\/b><\/p>\n<p style=\"margin: 15px 0; line-height: 1.8; clear: both; display: block; width: 100%; float: none; position: static;\">\ud83d\udce6 <b>Gwarancja producenta!<\/b><\/p>\n<p style=\"margin: 15px 0; line-height: 1.8; clear: both; display: block; width: 100%; float: none; position: static;\">\ud83c\udf1f <b>Zadbaj o sw\u00f3j trawnik \u2013 wybierz niezawodny wertykulator NAC SCE200-40-W!<\/b> \ud83c\udf1f<\/p>\n<\/div>\n<\/div>\n<\/div>\n<\/div>\n<\/div>\n<\/div>\n<div style=\"clear: both; display: block; margin: 10px 0;\">\n","protected":false},"excerpt":{"rendered":"<p>\ufffd Wertykulator Elektryczny NAC SCE200-40-W 2W1 \u2013 Moc 2000W, Szeroko\u015b\u0107 40 cm! \ud83c\udf3f\u26a1<\/p>\n<p>Szukasz profesjonalnego narz\u0119dzia do piel\u0119gnacji trawnika? \ud83c\udfe1 Wertykulator elektryczny NAC SCE200-40-W to urz\u0105dzenie 2W1 \u2013 \u0142\u0105czy funkcje wertykulacji i aeracji w jednym! Mocny silnik 2000W, szeroko\u015b\u0107 robocza 40 cm i 5-stopniowa regulacja g\u0142\u0119boko\u015bci zapewni\u0105 doskona\u0142e efekty w Twoim ogrodzie. \ud83c\udf31\u2705<\/p>\n<p>\ufffd PARAMETRY TECHNICZNE \ud83d\udd0d\ud83d\udcca<\/p>\n<p>\ud83d\udd39 Model: NAC SCE200-40-W<\/p>\n<p>\ud83d\udd39 Typ silnika: Elektryczny, indukcyjny (bezszczotkowy)<\/p>\n<p>\ud83d\udd39 Moc: 2000W<\/p>\n<p>\ud83d\udd39 Napi\u0119cie: 230V ~50Hz<\/p>\n<p>\ud83d\udd39 Szeroko\u015b\u0107 robocza: 40 cm<\/p>\n","protected":false},"featured_media":15650,"template":"","meta":{"_uag_custom_page_level_css":""},"product_brand":[869],"product_cat":[866,541,870],"product_tag":[],"class_list":{"0":"post-15649","1":"product","2":"type-product","3":"status-publish","4":"has-post-thumbnail","6":"product_brand-nac","7":"product_cat-narzedzia-ogrodnicze","8":"product_cat-ogrod","9":"product_cat-wertykulatory-i-aeratory","11":"first","12":"instock","13":"sale","14":"shipping-taxable","15":"purchasable","16":"product-type-simple"},"uagb_featured_image_src":{"full":["https:\/\/tivrano.shop\/grill\/wp-content\/uploads\/2026\/04\/allegro-image-15649.jpg",1500,1500,false],"thumbnail":["https:\/\/tivrano.shop\/grill\/wp-content\/uploads\/2026\/04\/allegro-image-15649-150x150.jpg",150,150,true],"medium":["https:\/\/tivrano.shop\/grill\/wp-content\/uploads\/2026\/04\/allegro-image-15649-300x300.jpg",300,300,true],"medium_large":["https:\/\/tivrano.shop\/grill\/wp-content\/uploads\/2026\/04\/allegro-image-15649-768x768.jpg",768,768,true],"large":["https:\/\/tivrano.shop\/grill\/wp-content\/uploads\/2026\/04\/allegro-image-15649-1024x1024.jpg",1024,1024,true],"1536x1536":["https:\/\/tivrano.shop\/grill\/wp-content\/uploads\/2026\/04\/allegro-image-15649.jpg",1500,1500,false],"2048x2048":["https:\/\/tivrano.shop\/grill\/wp-content\/uploads\/2026\/04\/allegro-image-15649.jpg",1500,1500,false],"woocommerce_thumbnail":["https:\/\/tivrano.shop\/grill\/wp-content\/uploads\/2026\/04\/allegro-image-15649-300x300.jpg",300,300,true],"woocommerce_single":["https:\/\/tivrano.shop\/grill\/wp-content\/uploads\/2026\/04\/allegro-image-15649-600x600.jpg",600,600,true],"woocommerce_gallery_thumbnail":["https:\/\/tivrano.shop\/grill\/wp-content\/uploads\/2026\/04\/allegro-image-15649-100x100.jpg",100,100,true]},"uagb_author_info":{"display_name":"admin","author_link":"https:\/\/tivrano.shop\/grill\/author\/"},"uagb_comment_info":0,"uagb_excerpt":"\ufffd Wertykulator Elektryczny NAC SCE200-40-W 2W1 \u2013 Moc 2000W, Szeroko\u015b\u0107 40 cm! \ud83c\udf3f\u26a1 Szukasz profesjonalnego narz\u0119dzia do piel\u0119gnacji trawnika? \ud83c\udfe1 Wertykulator elektryczny NAC SCE200-40-W to urz\u0105dzenie 2W1 \u2013 \u0142\u0105czy funkcje wertykulacji i aeracji w jednym! Mocny silnik 2000W, szeroko\u015b\u0107 robocza 40 cm i 5-stopniowa regulacja g\u0142\u0119boko\u015bci zapewni\u0105 doskona\u0142e efekty w Twoim ogrodzie. \ud83c\udf31\u2705 \ufffd PARAMETRY&hellip;","_links":{"self":[{"href":"https:\/\/tivrano.shop\/grill\/wp-json\/wp\/v2\/product\/15649","targetHints":{"allow":["GET"]}}],"collection":[{"href":"https:\/\/tivrano.shop\/grill\/wp-json\/wp\/v2\/product"}],"about":[{"href":"https:\/\/tivrano.shop\/grill\/wp-json\/wp\/v2\/types\/product"}],"wp:featuredmedia":[{"embeddable":true,"href":"https:\/\/tivrano.shop\/grill\/wp-json\/wp\/v2\/media\/15650"}],"wp:attachment":[{"href":"https:\/\/tivrano.shop\/grill\/wp-json\/wp\/v2\/media?parent=15649"}],"wp:term":[{"taxonomy":"product_brand","embeddable":true,"href":"https:\/\/tivrano.shop\/grill\/wp-json\/wp\/v2\/product_brand?post=15649"},{"taxonomy":"product_cat","embeddable":true,"href":"https:\/\/tivrano.shop\/grill\/wp-json\/wp\/v2\/product_cat?post=15649"},{"taxonomy":"product_tag","embeddable":true,"href":"https:\/\/tivrano.shop\/grill\/wp-json\/wp\/v2\/product_tag?post=15649"}],"curies":[{"name":"wp","href":"https:\/\/api.w.org\/{rel}","templated":true}]}}