{"id":15353,"date":"2026-03-27T09:29:39","date_gmt":"2026-03-27T08:29:39","guid":{"rendered":"https:\/\/grill-master.shop\/gree\/produkt\/grill-gril-ogrodowy-weglowy-pokrywa-popielnik-termometr-duzy-xxl-przenosny\/"},"modified":"2026-03-27T09:29:39","modified_gmt":"2026-03-27T08:29:39","slug":"grill-gril-ogrodowy-weglowy-pokrywa-popielnik-termometr-duzy-xxl-przenosny","status":"publish","type":"product","link":"https:\/\/tivrano.shop\/grill\/produkt\/grill-gril-ogrodowy-weglowy-pokrywa-popielnik-termometr-duzy-xxl-przenosny\/","title":{"rendered":"GRILL GRIL OGRODOWY W\u0118GLOWY POKRYWA POPIELNIK TERMOMETR DU\u017bY XXL PRZENO\u015aNY"},"content":{"rendered":"<div style=\"font-family: Arial, sans-serif; line-height: 1.6; color: #333; padding: 20px; clear: both; display: block; width: 100%; float: none; position: static; overflow: hidden;\">\n<div style=\"clear: both; display: block; margin: 10px 0;\">\n<div style=\"clear: both; display: block; margin: 10px 0;\">\n<div style=\"clear: both; display: block; margin: 10px 0;\">\n<h1>GRILL W\u0118GLOWY OGRODOWY NA KO\u0141ACH, P\u00d3\u0141KI, GRIL NA BRYKIET BBQ NA W\u0118GIEL<\/h1>\n<\/div>\n<\/div>\n<\/div>\n<div style=\"clear: both; display: block; margin: 10px 0;\">\n<div style=\"clear: both; display: block; margin: 10px 0;\">\n<div style=\"clear: both; display: block; margin: 10px 0;\">\n<h1>\u2b50\u2b50\u2b50\u2b50\u2b50<\/h1>\n<\/div>\n<\/div>\n<\/div>\n<div style=\"clear: both; display: block; margin: 10px 0;\">\n<div style=\"clear: both; display: block; margin: 10px 0;\">\n<div style=\"clear: both; display: block; margin: 10px 0;\">\n<div  style=\"max-width:1000px;max-height:1000px\">\n<div style=\"clear: both; display: block; margin: 10px 0;\">\n<div style=\"clear: both; width: 100%; display: block; margin: 20px 0; padding: 0; float: none; position: static; text-align: center;\"><img decoding=\"async\"  src=\"https:\/\/a.allegroimg.com\/original\/112697\/2de74af54e32a5f0c7d5b9423d90\/GRILL-GRIL-OGRODOWY-WEGLOWY-POKRYWA-POPIELNIK-TERMOMETR-DUZY-XXL-PRZENOSNY-Wysokosc-grilla-94-cm\" srcset=\"https:\/\/a.allegroimg.com\/original\/112697\/2de74af54e32a5f0c7d5b9423d90\/GRILL-GRIL-OGRODOWY-WEGLOWY-POKRYWA-POPIELNIK-TERMOMETR-DUZY-XXL-PRZENOSNY-Wysokosc-grilla-94-cm 360w,https:\/\/a.allegroimg.com\/original\/112697\/2de74af54e32a5f0c7d5b9423d90\/GRILL-GRIL-OGRODOWY-WEGLOWY-POKRYWA-POPIELNIK-TERMOMETR-DUZY-XXL-PRZENOSNY-Wysokosc-grilla-94-cm 720w,https:\/\/a.allegroimg.com\/original\/112697\/2de74af54e32a5f0c7d5b9423d90\/GRILL-GRIL-OGRODOWY-WEGLOWY-POKRYWA-POPIELNIK-TERMOMETR-DUZY-XXL-PRZENOSNY-Wysokosc-grilla-94-cm 1000w,https:\/\/a.allegroimg.com\/original\/112697\/2de74af54e32a5f0c7d5b9423d90\/GRILL-GRIL-OGRODOWY-WEGLOWY-POKRYWA-POPIELNIK-TERMOMETR-DUZY-XXL-PRZENOSNY-Wysokosc-grilla-94-cm 1000w\" sizes=\"100vw\" width=\"1000px\" alt=\"GRILL GRIL OGRODOWY W\u0118GLOWY POKRYWA POPIELNIK TERMOMETR DU\u017bY XXL PRZENO\u015aNY Wysoko\u015b\u0107 grilla 94 cm\" style=\"max-width: 100%; height: auto; display: block; margin: 0 auto;\"><\/div>\n<\/div>\n<\/div>\n<\/div>\n<\/div>\n<\/div>\n<div style=\"clear: both; display: block; margin: 10px 0;\">\n<div style=\"clear: both; display: block; margin: 10px 0;\">\n<div style=\"clear: both; display: block; margin: 10px 0;\">\n<h1>Specyfikacja:<\/h1>\n<ul style=\"margin: 15px 0; padding-left: 20px; clear: both; display: block; width: 100%; float: none; position: static;\">\n<li style=\"margin: 5px 0; padding: 2px 0; clear: both; display: list-item; float: none; position: static;\">Kod produktu: GG-002<\/li>\n<li style=\"margin: 5px 0; padding: 2px 0; clear: both; display: list-item; float: none; position: static;\">Materia\u0142: stal lakierowana<\/li>\n<li style=\"margin: 5px 0; padding: 2px 0; clear: both; display: list-item; float: none; position: static;\">Kolor: czarny mat<\/li>\n<li style=\"margin: 5px 0; padding: 2px 0; clear: both; display: list-item; float: none; position: static;\">P\u00f3\u0142ki boczne: Tak<\/li>\n<li style=\"margin: 5px 0; padding: 2px 0; clear: both; display: list-item; float: none; position: static;\">Termometr: Tak<\/li>\n<li style=\"margin: 5px 0; padding: 2px 0; clear: both; display: list-item; float: none; position: static;\">K\u00f3\u0142ka: Tak<\/li>\n<li style=\"margin: 5px 0; padding: 2px 0; clear: both; display: list-item; float: none; position: static;\">4 x obrotowe otwory wentylacyjne<\/li>\n<li style=\"margin: 5px 0; padding: 2px 0; clear: both; display: list-item; float: none; position: static;\">Ruszt: 71 \u00d7 35 cm (chromowany z dwoma uchwytami do podnoszenia)<\/li>\n<li style=\"margin: 5px 0; padding: 2px 0; clear: both; display: list-item; float: none; position: static;\">Wymiary zewn\u0119trzne: 115 \u00d7 36 \u00d7 90 cm (d\u0142. x szer. x wys.)<\/li>\n<li style=\"margin: 5px 0; padding: 2px 0; clear: both; display: list-item; float: none; position: static;\">Grubo\u015b\u0107 blachy: ok. 1 mm<\/li>\n<li style=\"margin: 5px 0; padding: 2px 0; clear: both; display: list-item; float: none; position: static;\">Wyjmowany popielnik: Tak<\/li>\n<li style=\"margin: 5px 0; padding: 2px 0; clear: both; display: list-item; float: none; position: static;\">Wymiary opakowania: 78 \u00d7 42 \u00d7 26 cm<\/li>\n<li style=\"margin: 5px 0; padding: 2px 0; clear: both; display: list-item; float: none; position: static;\">Instrukcja obs\u0142ugi w j\u0119zyku PL w zestawie<\/li>\n<\/ul>\n<\/div>\n<\/div>\n<div style=\"clear: both; display: block; margin: 10px 0;\">\n<div style=\"clear: both; display: block; margin: 10px 0;\">\n<div  style=\"max-width:2176px;max-height:2560px\">\n<div style=\"clear: both; display: block; margin: 10px 0;\">\n<div style=\"clear: both; width: 100%; display: block; margin: 20px 0; padding: 0; float: none; position: static; text-align: center;\"><img decoding=\"async\"  src=\"https:\/\/a.allegroimg.com\/original\/11b016\/34eafc434e4a8ed83cdfa1211423\/GRILL-GRIL-OGRODOWY-WEGLOWY-POKRYWA-POPIELNIK-TERMOMETR-DUZY-XXL-PRZENOSNY-Producent-Activa\" srcset=\"https:\/\/a.allegroimg.com\/original\/11b016\/34eafc434e4a8ed83cdfa1211423\/GRILL-GRIL-OGRODOWY-WEGLOWY-POKRYWA-POPIELNIK-TERMOMETR-DUZY-XXL-PRZENOSNY-Producent-Activa 306w,https:\/\/a.allegroimg.com\/original\/11b016\/34eafc434e4a8ed83cdfa1211423\/GRILL-GRIL-OGRODOWY-WEGLOWY-POKRYWA-POPIELNIK-TERMOMETR-DUZY-XXL-PRZENOSNY-Producent-Activa 612w,https:\/\/a.allegroimg.com\/original\/11b016\/34eafc434e4a8ed83cdfa1211423\/GRILL-GRIL-OGRODOWY-WEGLOWY-POKRYWA-POPIELNIK-TERMOMETR-DUZY-XXL-PRZENOSNY-Producent-Activa 870w,https:\/\/a.allegroimg.com\/original\/11b016\/34eafc434e4a8ed83cdfa1211423\/GRILL-GRIL-OGRODOWY-WEGLOWY-POKRYWA-POPIELNIK-TERMOMETR-DUZY-XXL-PRZENOSNY-Producent-Activa 1224w,https:\/\/a.allegroimg.com\/original\/11b016\/34eafc434e4a8ed83cdfa1211423\/GRILL-GRIL-OGRODOWY-WEGLOWY-POKRYWA-POPIELNIK-TERMOMETR-DUZY-XXL-PRZENOSNY-Producent-Activa 2176w\" sizes=\"(min-width: 1200px) 560px, (min-width: 992px) 50vw, 100vw\" width=\"2176px\" alt=\"GRILL GRIL OGRODOWY W\u0118GLOWY POKRYWA POPIELNIK TERMOMETR DU\u017bY XXL PRZENO\u015aNY Producent Activa\" style=\"max-width: 100%; height: auto; display: block; margin: 0 auto;\"><\/div>\n<\/div>\n<\/div>\n<\/div>\n<\/div>\n<\/div>\n<div style=\"clear: both; display: block; margin: 10px 0;\">\n<div style=\"clear: both; display: block; margin: 10px 0;\">\n<div style=\"clear: both; display: block; margin: 10px 0;\">\n<h1>Wyjmowany popielnik<\/h1>\n<p style=\"margin: 15px 0; line-height: 1.8; clear: both; display: block; width: 100%; float: none; position: static;\">Popielnik z uchwytem i przes\u0142onami u\u0142atwia utrzymanie czysto\u015bci w miejscu grillowania.<\/p>\n<h3 style=\"color: #2c5aa0; font-size: 18px; margin: 30px 0 15px 0; font-weight: bold; clear: both; display: block; width: 100%; float: none; position: static;\">Dodatkowo nasz popielnik posiada otwory wentylacyjne.<\/h3>\n<\/div>\n<\/div>\n<div style=\"clear: both; display: block; margin: 10px 0;\">\n<div style=\"clear: both; display: block; margin: 10px 0;\">\n<div  style=\"max-width:2560px;max-height:2560px\">\n<div style=\"clear: both; display: block; margin: 10px 0;\">\n<div style=\"clear: both; width: 100%; display: block; margin: 20px 0; padding: 0; float: none; position: static; text-align: center;\"><img decoding=\"async\"  src=\"https:\/\/a.allegroimg.com\/original\/11bf59\/258303c743b289028b92517e69ee\/GRILL-GRIL-OGRODOWY-WEGLOWY-POKRYWA-POPIELNIK-TERMOMETR-DUZY-XXL-PRZENOSNY-Szerokosc-grilla-115-cm\" srcset=\"https:\/\/a.allegroimg.com\/original\/11bf59\/258303c743b289028b92517e69ee\/GRILL-GRIL-OGRODOWY-WEGLOWY-POKRYWA-POPIELNIK-TERMOMETR-DUZY-XXL-PRZENOSNY-Szerokosc-grilla-115-cm 360w,https:\/\/a.allegroimg.com\/original\/11bf59\/258303c743b289028b92517e69ee\/GRILL-GRIL-OGRODOWY-WEGLOWY-POKRYWA-POPIELNIK-TERMOMETR-DUZY-XXL-PRZENOSNY-Szerokosc-grilla-115-cm 720w,https:\/\/a.allegroimg.com\/original\/11bf59\/258303c743b289028b92517e69ee\/GRILL-GRIL-OGRODOWY-WEGLOWY-POKRYWA-POPIELNIK-TERMOMETR-DUZY-XXL-PRZENOSNY-Szerokosc-grilla-115-cm 1024w,https:\/\/a.allegroimg.com\/original\/11bf59\/258303c743b289028b92517e69ee\/GRILL-GRIL-OGRODOWY-WEGLOWY-POKRYWA-POPIELNIK-TERMOMETR-DUZY-XXL-PRZENOSNY-Szerokosc-grilla-115-cm 1440w,https:\/\/a.allegroimg.com\/original\/11bf59\/258303c743b289028b92517e69ee\/GRILL-GRIL-OGRODOWY-WEGLOWY-POKRYWA-POPIELNIK-TERMOMETR-DUZY-XXL-PRZENOSNY-Szerokosc-grilla-115-cm 2560w\" sizes=\"(min-width: 1200px) 560px, (min-width: 992px) 50vw, 100vw\" width=\"2560px\" alt=\"GRILL GRIL OGRODOWY W\u0118GLOWY POKRYWA POPIELNIK TERMOMETR DU\u017bY XXL PRZENO\u015aNY Szeroko\u015b\u0107 grilla 115 cm\" style=\"max-width: 100%; height: auto; display: block; margin: 0 auto;\"><\/div>\n<\/div>\n<\/div>\n<\/div>\n<\/div>\n<\/div>\n<div style=\"clear: both; display: block; margin: 10px 0;\">\n<div style=\"clear: both; display: block; margin: 10px 0;\">\n<div style=\"clear: both; display: block; margin: 10px 0;\">\n<h1>Sk\u0142adane p\u00f3\u0142ki<\/h1>\n<p style=\"margin: 15px 0; line-height: 1.8; clear: both; display: block; width: 100%; float: none; position: static;\">Dwie praktyczne metalowe p\u00f3\u0142ki u\u0142atwiaj\u0105 przygotowywanie i odk\u0142adanie potraw, a dzi\u0119ki mo\u017cliwo\u015bci ich z\u0142o\u017cenia transport i przechowywanie grilla jest zdecydowanie \u0142atwiejsze.<\/p>\n<\/div>\n<\/div>\n<div style=\"clear: both; display: block; margin: 10px 0;\">\n<div style=\"clear: both; display: block; margin: 10px 0;\">\n<div  style=\"max-width:2560px;max-height:2560px\">\n<div style=\"clear: both; display: block; margin: 10px 0;\">\n<div style=\"clear: both; width: 100%; display: block; margin: 20px 0; padding: 0; float: none; position: static; text-align: center;\"><img decoding=\"async\"  src=\"https:\/\/a.allegroimg.com\/original\/11d771\/fb4a675e4ec999992c4fdf188fa1\/GRILL-GRIL-OGRODOWY-WEGLOWY-POKRYWA-POPIELNIK-TERMOMETR-DUZY-XXL-PRZENOSNY-Kod-producenta-11260\" srcset=\"https:\/\/a.allegroimg.com\/original\/11d771\/fb4a675e4ec999992c4fdf188fa1\/GRILL-GRIL-OGRODOWY-WEGLOWY-POKRYWA-POPIELNIK-TERMOMETR-DUZY-XXL-PRZENOSNY-Kod-producenta-11260 360w,https:\/\/a.allegroimg.com\/original\/11d771\/fb4a675e4ec999992c4fdf188fa1\/GRILL-GRIL-OGRODOWY-WEGLOWY-POKRYWA-POPIELNIK-TERMOMETR-DUZY-XXL-PRZENOSNY-Kod-producenta-11260 720w,https:\/\/a.allegroimg.com\/original\/11d771\/fb4a675e4ec999992c4fdf188fa1\/GRILL-GRIL-OGRODOWY-WEGLOWY-POKRYWA-POPIELNIK-TERMOMETR-DUZY-XXL-PRZENOSNY-Kod-producenta-11260 1024w,https:\/\/a.allegroimg.com\/original\/11d771\/fb4a675e4ec999992c4fdf188fa1\/GRILL-GRIL-OGRODOWY-WEGLOWY-POKRYWA-POPIELNIK-TERMOMETR-DUZY-XXL-PRZENOSNY-Kod-producenta-11260 1440w,https:\/\/a.allegroimg.com\/original\/11d771\/fb4a675e4ec999992c4fdf188fa1\/GRILL-GRIL-OGRODOWY-WEGLOWY-POKRYWA-POPIELNIK-TERMOMETR-DUZY-XXL-PRZENOSNY-Kod-producenta-11260 2560w\" sizes=\"(min-width: 1200px) 560px, (min-width: 992px) 50vw, 100vw\" width=\"2560px\" alt=\"GRILL GRIL OGRODOWY W\u0118GLOWY POKRYWA POPIELNIK TERMOMETR DU\u017bY XXL PRZENO\u015aNY Kod producenta 11260\" style=\"max-width: 100%; height: auto; display: block; margin: 0 auto;\"><\/div>\n<\/div>\n<\/div>\n<\/div>\n<\/div>\n<\/div>\n<div style=\"clear: both; display: block; margin: 10px 0;\">\n<div style=\"clear: both; display: block; margin: 10px 0;\">\n<div style=\"clear: both; display: block; margin: 10px 0;\">\n<div  style=\"max-width:2560px;max-height:2560px\">\n<div style=\"clear: both; display: block; margin: 10px 0;\">\n<div style=\"clear: both; width: 100%; display: block; margin: 20px 0; padding: 0; float: none; position: static; text-align: center;\"><img decoding=\"async\"  src=\"https:\/\/a.allegroimg.com\/original\/111c59\/d42358e148c8b6b2f28b550fb0b7\/GRILL-GRIL-OGRODOWY-WEGLOWY-POKRYWA-POPIELNIK-TERMOMETR-DUZY-XXL-PRZENOSNY-Glebokosc-grilla-68-cm\" srcset=\"https:\/\/a.allegroimg.com\/original\/111c59\/d42358e148c8b6b2f28b550fb0b7\/GRILL-GRIL-OGRODOWY-WEGLOWY-POKRYWA-POPIELNIK-TERMOMETR-DUZY-XXL-PRZENOSNY-Glebokosc-grilla-68-cm 360w,https:\/\/a.allegroimg.com\/original\/111c59\/d42358e148c8b6b2f28b550fb0b7\/GRILL-GRIL-OGRODOWY-WEGLOWY-POKRYWA-POPIELNIK-TERMOMETR-DUZY-XXL-PRZENOSNY-Glebokosc-grilla-68-cm 720w,https:\/\/a.allegroimg.com\/original\/111c59\/d42358e148c8b6b2f28b550fb0b7\/GRILL-GRIL-OGRODOWY-WEGLOWY-POKRYWA-POPIELNIK-TERMOMETR-DUZY-XXL-PRZENOSNY-Glebokosc-grilla-68-cm 1024w,https:\/\/a.allegroimg.com\/original\/111c59\/d42358e148c8b6b2f28b550fb0b7\/GRILL-GRIL-OGRODOWY-WEGLOWY-POKRYWA-POPIELNIK-TERMOMETR-DUZY-XXL-PRZENOSNY-Glebokosc-grilla-68-cm 1440w,https:\/\/a.allegroimg.com\/original\/111c59\/d42358e148c8b6b2f28b550fb0b7\/GRILL-GRIL-OGRODOWY-WEGLOWY-POKRYWA-POPIELNIK-TERMOMETR-DUZY-XXL-PRZENOSNY-Glebokosc-grilla-68-cm 2560w\" sizes=\"100vw\" width=\"2560px\" alt=\"GRILL GRIL OGRODOWY W\u0118GLOWY POKRYWA POPIELNIK TERMOMETR DU\u017bY XXL PRZENO\u015aNY G\u0142\u0119boko\u015b\u0107 grilla 68 cm\" style=\"max-width: 100%; height: auto; display: block; margin: 0 auto;\"><\/div>\n<\/div>\n<\/div>\n<\/div>\n<\/div>\n<\/div>\n<div style=\"clear: both; display: block; margin: 10px 0;\">\n<div style=\"clear: both; display: block; margin: 10px 0;\">\n<div style=\"clear: both; display: block; margin: 10px 0;\">\n<div  style=\"max-width:2560px;max-height:2560px\">\n<div style=\"clear: both; display: block; margin: 10px 0;\">\n<div style=\"clear: both; width: 100%; display: block; margin: 20px 0; padding: 0; float: none; position: static; text-align: center;\"><img decoding=\"async\"  src=\"https:\/\/a.allegroimg.com\/original\/11aecc\/1cf35a674564ba17ab449da6b476\/GRILL-GRIL-OGRODOWY-WEGLOWY-POKRYWA-POPIELNIK-TERMOMETR-DUZY-XXL-PRZENOSNY-Dlugosc-rusztu-71-cm\" srcset=\"https:\/\/a.allegroimg.com\/original\/11aecc\/1cf35a674564ba17ab449da6b476\/GRILL-GRIL-OGRODOWY-WEGLOWY-POKRYWA-POPIELNIK-TERMOMETR-DUZY-XXL-PRZENOSNY-Dlugosc-rusztu-71-cm 360w,https:\/\/a.allegroimg.com\/original\/11aecc\/1cf35a674564ba17ab449da6b476\/GRILL-GRIL-OGRODOWY-WEGLOWY-POKRYWA-POPIELNIK-TERMOMETR-DUZY-XXL-PRZENOSNY-Dlugosc-rusztu-71-cm 720w,https:\/\/a.allegroimg.com\/original\/11aecc\/1cf35a674564ba17ab449da6b476\/GRILL-GRIL-OGRODOWY-WEGLOWY-POKRYWA-POPIELNIK-TERMOMETR-DUZY-XXL-PRZENOSNY-Dlugosc-rusztu-71-cm 1024w,https:\/\/a.allegroimg.com\/original\/11aecc\/1cf35a674564ba17ab449da6b476\/GRILL-GRIL-OGRODOWY-WEGLOWY-POKRYWA-POPIELNIK-TERMOMETR-DUZY-XXL-PRZENOSNY-Dlugosc-rusztu-71-cm 1440w,https:\/\/a.allegroimg.com\/original\/11aecc\/1cf35a674564ba17ab449da6b476\/GRILL-GRIL-OGRODOWY-WEGLOWY-POKRYWA-POPIELNIK-TERMOMETR-DUZY-XXL-PRZENOSNY-Dlugosc-rusztu-71-cm 2560w\" sizes=\"100vw\" width=\"2560px\" alt=\"GRILL GRIL OGRODOWY W\u0118GLOWY POKRYWA POPIELNIK TERMOMETR DU\u017bY XXL PRZENO\u015aNY D\u0142ugo\u015b\u0107 rusztu 71 cm\" style=\"max-width: 100%; height: auto; display: block; margin: 0 auto;\"><\/div>\n<\/div>\n<\/div>\n<\/div>\n<\/div>\n<\/div>\n<\/div>\n<\/div>\n<\/div>\n<div style=\"clear: both; display: block; margin: 10px 0;\">\n","protected":false},"excerpt":{"rendered":"<p>GRILL W\u0118GLOWY OGRODOWY NA KO\u0141ACH, P\u00d3\u0141KI, GRIL NA BRYKIET BBQ NA W\u0118GIEL<\/p>\n<p>\u2b50\u2b50\u2b50\u2b50\u2b50<\/p>\n<p>Specyfikacja:<\/p>\n<p>Kod produktu: GG-002<\/p>\n<p>Materia\u0142: stal lakierowana<\/p>\n<p>Kolor: czarny mat<\/p>\n<p>P\u00f3\u0142ki boczne: Tak<\/p>\n<p>Termometr: Tak<\/p>\n","protected":false},"featured_media":15354,"template":"","meta":{"_uag_custom_page_level_css":""},"product_brand":[816],"product_cat":[796,795,541],"product_tag":[],"class_list":{"0":"post-15353","1":"product","2":"type-product","3":"status-publish","4":"has-post-thumbnail","6":"product_brand-activa","7":"product_cat-grille-weglowe","8":"product_cat-grillowanie","9":"product_cat-ogrod","11":"first","12":"instock","13":"sale","14":"shipping-taxable","15":"purchasable","16":"product-type-simple"},"uagb_featured_image_src":{"full":["https:\/\/tivrano.shop\/grill\/wp-content\/uploads\/2026\/03\/allegro-image-15353.jpg",888,997,false],"thumbnail":["https:\/\/tivrano.shop\/grill\/wp-content\/uploads\/2026\/03\/allegro-image-15353-150x150.jpg",150,150,true],"medium":["https:\/\/tivrano.shop\/grill\/wp-content\/uploads\/2026\/03\/allegro-image-15353-267x300.jpg",267,300,true],"medium_large":["https:\/\/tivrano.shop\/grill\/wp-content\/uploads\/2026\/03\/allegro-image-15353-768x862.jpg",768,862,true],"large":["https:\/\/tivrano.shop\/grill\/wp-content\/uploads\/2026\/03\/allegro-image-15353.jpg",888,997,false],"1536x1536":["https:\/\/tivrano.shop\/grill\/wp-content\/uploads\/2026\/03\/allegro-image-15353.jpg",888,997,false],"2048x2048":["https:\/\/tivrano.shop\/grill\/wp-content\/uploads\/2026\/03\/allegro-image-15353.jpg",888,997,false],"woocommerce_thumbnail":["https:\/\/tivrano.shop\/grill\/wp-content\/uploads\/2026\/03\/allegro-image-15353-300x300.jpg",300,300,true],"woocommerce_single":["https:\/\/tivrano.shop\/grill\/wp-content\/uploads\/2026\/03\/allegro-image-15353-600x674.jpg",600,674,true],"woocommerce_gallery_thumbnail":["https:\/\/tivrano.shop\/grill\/wp-content\/uploads\/2026\/03\/allegro-image-15353-100x100.jpg",100,100,true]},"uagb_author_info":{"display_name":"admin","author_link":"https:\/\/tivrano.shop\/grill\/author\/"},"uagb_comment_info":0,"uagb_excerpt":"GRILL W\u0118GLOWY OGRODOWY NA KO\u0141ACH, P\u00d3\u0141KI, GRIL NA BRYKIET BBQ NA W\u0118GIEL \u2b50\u2b50\u2b50\u2b50\u2b50 Specyfikacja: Kod produktu: GG-002 Materia\u0142: stal lakierowana Kolor: czarny mat P\u00f3\u0142ki boczne: Tak Termometr: Tak","_links":{"self":[{"href":"https:\/\/tivrano.shop\/grill\/wp-json\/wp\/v2\/product\/15353","targetHints":{"allow":["GET"]}}],"collection":[{"href":"https:\/\/tivrano.shop\/grill\/wp-json\/wp\/v2\/product"}],"about":[{"href":"https:\/\/tivrano.shop\/grill\/wp-json\/wp\/v2\/types\/product"}],"wp:featuredmedia":[{"embeddable":true,"href":"https:\/\/tivrano.shop\/grill\/wp-json\/wp\/v2\/media\/15354"}],"wp:attachment":[{"href":"https:\/\/tivrano.shop\/grill\/wp-json\/wp\/v2\/media?parent=15353"}],"wp:term":[{"taxonomy":"product_brand","embeddable":true,"href":"https:\/\/tivrano.shop\/grill\/wp-json\/wp\/v2\/product_brand?post=15353"},{"taxonomy":"product_cat","embeddable":true,"href":"https:\/\/tivrano.shop\/grill\/wp-json\/wp\/v2\/product_cat?post=15353"},{"taxonomy":"product_tag","embeddable":true,"href":"https:\/\/tivrano.shop\/grill\/wp-json\/wp\/v2\/product_tag?post=15353"}],"curies":[{"name":"wp","href":"https:\/\/api.w.org\/{rel}","templated":true}]}}