{"id":15333,"date":"2026-03-27T09:29:33","date_gmt":"2026-03-27T08:29:33","guid":{"rendered":"https:\/\/grill-master.shop\/gree\/produkt\/duzy-grill-weglowy-ogrodowy-zamykany-stolowy-z-pokrywa-polka-beczka-bbq\/"},"modified":"2026-03-27T09:29:33","modified_gmt":"2026-03-27T08:29:33","slug":"duzy-grill-weglowy-ogrodowy-zamykany-stolowy-z-pokrywa-polka-beczka-bbq","status":"publish","type":"product","link":"https:\/\/tivrano.shop\/grill\/produkt\/duzy-grill-weglowy-ogrodowy-zamykany-stolowy-z-pokrywa-polka-beczka-bbq\/","title":{"rendered":"DU\u017bY GRILL W\u0118GLOWY OGRODOWY ZAMYKANY STO\u0141OWY Z POKRYW\u0104 P\u00d3\u0141K\u0104 BECZKA BBQ"},"content":{"rendered":"<div style=\"font-family: Arial, sans-serif; line-height: 1.6; color: #333; padding: 20px; clear: both; display: block; width: 100%; float: none; position: static; overflow: hidden;\">\n<div style=\"clear: both; display: block; margin: 10px 0;\">\n<div style=\"clear: both; display: block; margin: 10px 0;\">\n<div style=\"clear: both; display: block; margin: 10px 0;\">\n<h1>\u2705 STO\u0141OWY GRILL W\u0118GLOWY Z POKRYW\u0104 FIRETUBE \u2705<\/h1>\n<p style=\"margin: 15px 0; line-height: 1.8; clear: both; display: block; width: 100%; float: none; position: static;\">Symbol towaru: <b>#07397<\/b><\/p>\n<\/div>\n<\/div>\n<\/div>\n<div style=\"clear: both; display: block; margin: 10px 0;\">\n<div style=\"clear: both; display: block; margin: 10px 0;\">\n<div style=\"clear: both; display: block; margin: 10px 0;\">\n<div  style=\"max-width:1000px;max-height:1000px\">\n<div style=\"clear: both; display: block; margin: 10px 0;\">\n<div style=\"clear: both; width: 100%; display: block; margin: 20px 0; padding: 0; float: none; position: static; text-align: center;\"><img decoding=\"async\"  src=\"https:\/\/a.allegroimg.com\/original\/11905c\/c0005f42455191212f64df05a355\/DUZY-GRILL-WEGLOWY-OGRODOWY-ZAMYKANY-STOLOWY-Z-POKRYWA-POLKA-BECZKA-BBQ\" srcset=\"https:\/\/a.allegroimg.com\/original\/11905c\/c0005f42455191212f64df05a355\/DUZY-GRILL-WEGLOWY-OGRODOWY-ZAMYKANY-STOLOWY-Z-POKRYWA-POLKA-BECZKA-BBQ 360w,https:\/\/a.allegroimg.com\/original\/11905c\/c0005f42455191212f64df05a355\/DUZY-GRILL-WEGLOWY-OGRODOWY-ZAMYKANY-STOLOWY-Z-POKRYWA-POLKA-BECZKA-BBQ 720w,https:\/\/a.allegroimg.com\/original\/11905c\/c0005f42455191212f64df05a355\/DUZY-GRILL-WEGLOWY-OGRODOWY-ZAMYKANY-STOLOWY-Z-POKRYWA-POLKA-BECZKA-BBQ 1000w,https:\/\/a.allegroimg.com\/original\/11905c\/c0005f42455191212f64df05a355\/DUZY-GRILL-WEGLOWY-OGRODOWY-ZAMYKANY-STOLOWY-Z-POKRYWA-POLKA-BECZKA-BBQ 1000w\" sizes=\"(min-width: 1200px) 560px, (min-width: 992px) 50vw, 100vw\" width=\"1000px\" alt=\"DU\u017bY GRILL W\u0118GLOWY OGRODOWY ZAMYKANY STO\u0141OWY Z POKRYW\u0104 P\u00d3\u0141K\u0104 BECZKA BBQ\" style=\"max-width: 100%; height: auto; display: block; margin: 0 auto;\"><\/div>\n<\/div>\n<\/div>\n<\/div>\n<\/div>\n<div style=\"clear: both; display: block; margin: 10px 0;\">\n<div style=\"clear: both; display: block; margin: 10px 0;\">\n<p style=\"margin: 15px 0; line-height: 1.8; clear: both; display: block; width: 100%; float: none; position: static;\"><b>Sto\u0142owy grill w\u0119glowy z pokryw\u0105 FIRETUBE<\/b> to produkt, kt\u00f3ry doskonale sprawdzi si\u0119 podczas imprez na \u015bwie\u017cym powietrzu. Pojemny, dwucz\u0119\u015bciowy chromowany ruszt pozwala na przyrz\u0105dzenie du\u017cej ilo\u015bci potraw jednocze\u015bnie, zapobiega tak\u017ce przywieraniu \u017cywno\u015bci. Druga cz\u0119\u015b\u0107 rusztu przeznaczona jest do podgrzewania ju\u017c gotowych potraw &#8211; takie rozwi\u0105zanie pozwala cieszy\u0107 si\u0119 ciep\u0142ym i \u015bwie\u017cym jedzeniem przez d\u0142u\u017cszy czas. Grill wyposa\u017cony jest w pokryw\u0119, pozwalaj\u0105c\u0105 na zwi\u0119kszenie temperatury pieczenia i wywietrzniki zapewniaj\u0105ce lepsz\u0105 cyrkulacj\u0119 powietrza. Kompaktowy rozmiar i beczkowy kszta\u0142t sprawi\u0105, \u017ce b\u0119dzie on doskona\u0142ym towarzyszem podczas imprezy w ogrodzie.<\/p>\n<\/div>\n<\/div>\n<\/div>\n<div style=\"clear: both; display: block; margin: 10px 0;\">\n<div style=\"clear: both; display: block; margin: 10px 0;\">\n<div style=\"clear: both; display: block; margin: 10px 0;\">\n<h3 style=\"color: #2c5aa0; font-size: 18px; margin: 30px 0 15px 0; font-weight: bold; clear: both; display: block; width: 100%; float: none; position: static;\">G\u0141\u00d3WNE CECHY PRODUKTU:<\/h3>\n<p style=\"margin: 15px 0; line-height: 1.8; clear: both; display: block; width: 100%; float: none; position: static;\">\u2705 <b>WYSOKA<\/b> JAKO\u015a\u0106<\/p>\n<p style=\"margin: 15px 0; line-height: 1.8; clear: both; display: block; width: 100%; float: none; position: static;\">\u2705 <b>PRECYZYJNE<\/b> WYKONANIE<\/p>\n<p style=\"margin: 15px 0; line-height: 1.8; clear: both; display: block; width: 100%; float: none; position: static;\">\u2705 <b>MOCNY I TRWA\u0141Y<\/b><\/p>\n<p style=\"margin: 15px 0; line-height: 1.8; clear: both; display: block; width: 100%; float: none; position: static;\">\u2705 <b>POKRYWA<\/b> ZWI\u0118KSZAJ\u0104CA TEMPERATUR\u0118<\/p>\n<p style=\"margin: 15px 0; line-height: 1.8; clear: both; display: block; width: 100%; float: none; position: static;\">\u2705 <b>D\u0141UGI<\/b> CZAS GRILLOWANIA<\/p>\n<p style=\"margin: 15px 0; line-height: 1.8; clear: both; display: block; width: 100%; float: none; position: static;\">\u2705 <b>\u0141ATWE<\/b> CZYSZCZENIE<\/p>\n<p style=\"margin: 15px 0; line-height: 1.8; clear: both; display: block; width: 100%; float: none; position: static;\">\u2705 <b>SZYBKIE<\/b> ROZPALANIE<\/p>\n<p style=\"margin: 15px 0; line-height: 1.8; clear: both; display: block; width: 100%; float: none; position: static;\">\u2705 <b>REGULACJA<\/b> TEMPERATURY<\/p>\n<\/div>\n<\/div>\n<div style=\"clear: both; display: block; margin: 10px 0;\">\n<div style=\"clear: both; display: block; margin: 10px 0;\">\n<div  style=\"max-width:1000px;max-height:1000px\">\n<div style=\"clear: both; display: block; margin: 10px 0;\">\n<div style=\"clear: both; width: 100%; display: block; margin: 20px 0; padding: 0; float: none; position: static; text-align: center;\"><img decoding=\"async\"  src=\"https:\/\/a.allegroimg.com\/original\/11af80\/795d95db431c89afac9aec03bd54\/DUZY-GRILL-WEGLOWY-OGRODOWY-ZAMYKANY-STOLOWY-Z-POKRYWA-POLKA-BECZKA-BBQ-Producent-Stazer\" srcset=\"https:\/\/a.allegroimg.com\/original\/11af80\/795d95db431c89afac9aec03bd54\/DUZY-GRILL-WEGLOWY-OGRODOWY-ZAMYKANY-STOLOWY-Z-POKRYWA-POLKA-BECZKA-BBQ-Producent-Stazer 360w,https:\/\/a.allegroimg.com\/original\/11af80\/795d95db431c89afac9aec03bd54\/DUZY-GRILL-WEGLOWY-OGRODOWY-ZAMYKANY-STOLOWY-Z-POKRYWA-POLKA-BECZKA-BBQ-Producent-Stazer 720w,https:\/\/a.allegroimg.com\/original\/11af80\/795d95db431c89afac9aec03bd54\/DUZY-GRILL-WEGLOWY-OGRODOWY-ZAMYKANY-STOLOWY-Z-POKRYWA-POLKA-BECZKA-BBQ-Producent-Stazer 1000w,https:\/\/a.allegroimg.com\/original\/11af80\/795d95db431c89afac9aec03bd54\/DUZY-GRILL-WEGLOWY-OGRODOWY-ZAMYKANY-STOLOWY-Z-POKRYWA-POLKA-BECZKA-BBQ-Producent-Stazer 1000w\" sizes=\"(min-width: 1200px) 560px, (min-width: 992px) 50vw, 100vw\" width=\"1000px\" alt=\"DU\u017bY GRILL W\u0118GLOWY OGRODOWY ZAMYKANY STO\u0141OWY Z POKRYW\u0104 P\u00d3\u0141K\u0104 BECZKA BBQ Producent Stazer\" style=\"max-width: 100%; height: auto; display: block; margin: 0 auto;\"><\/div>\n<\/div>\n<\/div>\n<\/div>\n<\/div>\n<\/div>\n<div style=\"clear: both; display: block; margin: 10px 0;\">\n<div style=\"clear: both; display: block; margin: 10px 0;\">\n<div style=\"clear: both; display: block; margin: 10px 0;\">\n<div  style=\"max-width:1000px;max-height:1000px\">\n<div style=\"clear: both; display: block; margin: 10px 0;\">\n<div style=\"clear: both; width: 100%; display: block; margin: 20px 0; padding: 0; float: none; position: static; text-align: center;\"><img decoding=\"async\"  src=\"https:\/\/a.allegroimg.com\/original\/1129e5\/b98e38fd4088909f399e2d5cd5d2\/DUZY-GRILL-WEGLOWY-OGRODOWY-ZAMYKANY-STOLOWY-Z-POKRYWA-POLKA-BECZKA-BBQ-Kod-producenta-DUZY-RUSZT-PRZENOSNY-DO-OGRODU-BARBECUE\" srcset=\"https:\/\/a.allegroimg.com\/original\/1129e5\/b98e38fd4088909f399e2d5cd5d2\/DUZY-GRILL-WEGLOWY-OGRODOWY-ZAMYKANY-STOLOWY-Z-POKRYWA-POLKA-BECZKA-BBQ-Kod-producenta-DUZY-RUSZT-PRZENOSNY-DO-OGRODU-BARBECUE 360w,https:\/\/a.allegroimg.com\/original\/1129e5\/b98e38fd4088909f399e2d5cd5d2\/DUZY-GRILL-WEGLOWY-OGRODOWY-ZAMYKANY-STOLOWY-Z-POKRYWA-POLKA-BECZKA-BBQ-Kod-producenta-DUZY-RUSZT-PRZENOSNY-DO-OGRODU-BARBECUE 720w,https:\/\/a.allegroimg.com\/original\/1129e5\/b98e38fd4088909f399e2d5cd5d2\/DUZY-GRILL-WEGLOWY-OGRODOWY-ZAMYKANY-STOLOWY-Z-POKRYWA-POLKA-BECZKA-BBQ-Kod-producenta-DUZY-RUSZT-PRZENOSNY-DO-OGRODU-BARBECUE 1000w,https:\/\/a.allegroimg.com\/original\/1129e5\/b98e38fd4088909f399e2d5cd5d2\/DUZY-GRILL-WEGLOWY-OGRODOWY-ZAMYKANY-STOLOWY-Z-POKRYWA-POLKA-BECZKA-BBQ-Kod-producenta-DUZY-RUSZT-PRZENOSNY-DO-OGRODU-BARBECUE 1000w\" sizes=\"(min-width: 1200px) 560px, (min-width: 992px) 50vw, 100vw\" width=\"1000px\" alt=\"DU\u017bY GRILL W\u0118GLOWY OGRODOWY ZAMYKANY STO\u0141OWY Z POKRYW\u0104 P\u00d3\u0141K\u0104 BECZKA BBQ Kod producenta DU\u017bY RUSZT PRZENO\u015aNY DO OGRODU BARBECUE\" style=\"max-width: 100%; height: auto; display: block; margin: 0 auto;\"><\/div>\n<\/div>\n<\/div>\n<\/div>\n<\/div>\n<div style=\"clear: both; display: block; margin: 10px 0;\">\n<div style=\"clear: both; display: block; margin: 10px 0;\">\n<h3 style=\"color: #2c5aa0; font-size: 18px; margin: 30px 0 15px 0; font-weight: bold; clear: both; display: block; width: 100%; float: none; position: static;\">WBUDOWANE WYWIETRZNIKI<\/h3>\n<p style=\"margin: 15px 0; line-height: 1.8; clear: both; display: block; width: 100%; float: none; position: static;\">Grill zosta\u0142 wyposa\u017cony w regulowane wywietrzniki, pozwalaj\u0105ce na utrzymanie odpowiedniej temperatury podczas grillowania. Umo\u017cliwiaj\u0105 one dok\u0142adne kontrolowanie poziomu ciep\u0142a oraz pozwalaj\u0105 na rozprowadzenie ciep\u0142a w r\u00f3\u017cnych cz\u0119\u015bciach rusztu. Takie rozwi\u0105zanie umo\u017cliwia dok\u0142adne dostosowanie grilla do danych potraw i Twoich preferencji smakowych. Wywietrzniki zosta\u0142y umieszczone w \u0142atwodost\u0119pnych miejscach, co znacznie u\u0142atwia ich u\u017cytkowanie w trakcie procesu grillowania.<\/p>\n<\/div>\n<\/div>\n<\/div>\n<div style=\"clear: both; display: block; margin: 10px 0;\">\n<div style=\"clear: both; display: block; margin: 10px 0;\">\n<div style=\"clear: both; display: block; margin: 10px 0;\">\n<h3 style=\"color: #2c5aa0; font-size: 18px; margin: 30px 0 15px 0; font-weight: bold; clear: both; display: block; width: 100%; float: none; position: static;\">WYSOKIEJ JAKO\u015aCI MATERIA\u0141Y<\/h3>\n<p style=\"margin: 15px 0; line-height: 1.8; clear: both; display: block; width: 100%; float: none; position: static;\">Do produkcji grilla wykorzystano najwy\u017cszej jako\u015bci materia\u0142y, dzi\u0119ki czemu jest on niezwykle wytrzyma\u0142y. Cechuje si\u0119 odporno\u015bci\u0105 na wysokie temperatury, warunki atmosferyczne, czy zniekszta\u0142cenia. Dwucz\u0119\u015bciowy ruszt pozwala na przygotowanie kilku potraw r\u00f3wnocze\u015bnie, sprawia te\u017c, \u017ce jedzenie nie przywiera do jego powierzchni. Czyszczenie i utrzymywanie czysto\u015bci jest niezwykle prostel.<\/p>\n<\/div>\n<\/div>\n<div style=\"clear: both; display: block; margin: 10px 0;\">\n<div style=\"clear: both; display: block; margin: 10px 0;\">\n<div  style=\"max-width:1000px;max-height:1000px\">\n<div style=\"clear: both; display: block; margin: 10px 0;\">\n<div style=\"clear: both; width: 100%; display: block; margin: 20px 0; padding: 0; float: none; position: static; text-align: center;\"><img decoding=\"async\"  src=\"https:\/\/a.allegroimg.com\/original\/114449\/a7367f3846e1b2446f75a76cef41\/DUZY-GRILL-WEGLOWY-OGRODOWY-ZAMYKANY-STOLOWY-Z-POKRYWA-POLKA-BECZKA-BBQ-Szerokosc-grilla-65-cm\" srcset=\"https:\/\/a.allegroimg.com\/original\/114449\/a7367f3846e1b2446f75a76cef41\/DUZY-GRILL-WEGLOWY-OGRODOWY-ZAMYKANY-STOLOWY-Z-POKRYWA-POLKA-BECZKA-BBQ-Szerokosc-grilla-65-cm 360w,https:\/\/a.allegroimg.com\/original\/114449\/a7367f3846e1b2446f75a76cef41\/DUZY-GRILL-WEGLOWY-OGRODOWY-ZAMYKANY-STOLOWY-Z-POKRYWA-POLKA-BECZKA-BBQ-Szerokosc-grilla-65-cm 720w,https:\/\/a.allegroimg.com\/original\/114449\/a7367f3846e1b2446f75a76cef41\/DUZY-GRILL-WEGLOWY-OGRODOWY-ZAMYKANY-STOLOWY-Z-POKRYWA-POLKA-BECZKA-BBQ-Szerokosc-grilla-65-cm 1000w,https:\/\/a.allegroimg.com\/original\/114449\/a7367f3846e1b2446f75a76cef41\/DUZY-GRILL-WEGLOWY-OGRODOWY-ZAMYKANY-STOLOWY-Z-POKRYWA-POLKA-BECZKA-BBQ-Szerokosc-grilla-65-cm 1000w\" sizes=\"(min-width: 1200px) 560px, (min-width: 992px) 50vw, 100vw\" width=\"1000px\" alt=\"DU\u017bY GRILL W\u0118GLOWY OGRODOWY ZAMYKANY STO\u0141OWY Z POKRYW\u0104 P\u00d3\u0141K\u0104 BECZKA BBQ Szeroko\u015b\u0107 grilla 65 cm\" style=\"max-width: 100%; height: auto; display: block; margin: 0 auto;\"><\/div>\n<\/div>\n<\/div>\n<\/div>\n<\/div>\n<\/div>\n<div style=\"clear: both; display: block; margin: 10px 0;\">\n<div style=\"clear: both; display: block; margin: 10px 0;\">\n<div style=\"clear: both; display: block; margin: 10px 0;\">\n<div  style=\"max-width:1000px;max-height:1000px\">\n<div style=\"clear: both; display: block; margin: 10px 0;\">\n<div style=\"clear: both; width: 100%; display: block; margin: 20px 0; padding: 0; float: none; position: static; text-align: center;\"><img decoding=\"async\"  src=\"https:\/\/a.allegroimg.com\/original\/11e862\/212a53a3418aa6c16a635ad97f11\/DUZY-GRILL-WEGLOWY-OGRODOWY-ZAMYKANY-STOLOWY-Z-POKRYWA-POLKA-BECZKA-BBQ-Wysokosc-grilla-105-cm\" srcset=\"https:\/\/a.allegroimg.com\/original\/11e862\/212a53a3418aa6c16a635ad97f11\/DUZY-GRILL-WEGLOWY-OGRODOWY-ZAMYKANY-STOLOWY-Z-POKRYWA-POLKA-BECZKA-BBQ-Wysokosc-grilla-105-cm 360w,https:\/\/a.allegroimg.com\/original\/11e862\/212a53a3418aa6c16a635ad97f11\/DUZY-GRILL-WEGLOWY-OGRODOWY-ZAMYKANY-STOLOWY-Z-POKRYWA-POLKA-BECZKA-BBQ-Wysokosc-grilla-105-cm 720w,https:\/\/a.allegroimg.com\/original\/11e862\/212a53a3418aa6c16a635ad97f11\/DUZY-GRILL-WEGLOWY-OGRODOWY-ZAMYKANY-STOLOWY-Z-POKRYWA-POLKA-BECZKA-BBQ-Wysokosc-grilla-105-cm 1000w,https:\/\/a.allegroimg.com\/original\/11e862\/212a53a3418aa6c16a635ad97f11\/DUZY-GRILL-WEGLOWY-OGRODOWY-ZAMYKANY-STOLOWY-Z-POKRYWA-POLKA-BECZKA-BBQ-Wysokosc-grilla-105-cm 1000w\" sizes=\"(min-width: 1200px) 560px, (min-width: 992px) 50vw, 100vw\" width=\"1000px\" alt=\"DU\u017bY GRILL W\u0118GLOWY OGRODOWY ZAMYKANY STO\u0141OWY Z POKRYW\u0104 P\u00d3\u0141K\u0104 BECZKA BBQ Wysoko\u015b\u0107 grilla 105 cm\" style=\"max-width: 100%; height: auto; display: block; margin: 0 auto;\"><\/div>\n<\/div>\n<\/div>\n<\/div>\n<\/div>\n<div style=\"clear: both; display: block; margin: 10px 0;\">\n<div style=\"clear: both; display: block; margin: 10px 0;\">\n<h3 style=\"color: #2c5aa0; font-size: 18px; margin: 30px 0 15px 0; font-weight: bold; clear: both; display: block; width: 100%; float: none; position: static;\">DOSKONA\u0141A ROZRYWKA NA \u015aWIE\u017bYM POWIETRZU<\/h3>\n<p style=\"margin: 15px 0; line-height: 1.8; clear: both; display: block; width: 100%; float: none; position: static;\">Grillowanie stanowi jedn\u0105 z ulubionych metod sp\u0119dzania czasu na \u015bwie\u017cym powietrzu. Rozpal grill w ogrodzie, gdy tylko najdzie Ci\u0119 taka ochota i sp\u0119d\u017a przyjemne chwile ze swoj\u0105 rodzin\u0105, lub znajomymi. Od dzi\u015b z \u0142atwo\u015bci\u0105 urz\u0105dzasz grillow\u0105 imprez\u0119, kiedy tylko chcesz!<\/p>\n<\/div>\n<\/div>\n<\/div>\n<div style=\"clear: both; display: block; margin: 10px 0;\">\n<div style=\"clear: both; display: block; margin: 10px 0;\">\n<div style=\"clear: both; display: block; margin: 10px 0;\">\n<p style=\"margin: 15px 0; line-height: 1.8; clear: both; display: block; width: 100%; float: none; position: static;\">\u2705 <b>SPECYFIKACJA:<\/b> \u2705<\/p>\n<ul style=\"margin: 15px 0; padding-left: 20px; clear: both; display: block; width: 100%; float: none; position: static;\">\n<li style=\"margin: 5px 0; padding: 2px 0; clear: both; display: list-item; float: none; position: static;\"><b>Materia\u0142:<\/b> Stal nierdzewna, tworzywo sztuczne<\/li>\n<li style=\"margin: 5px 0; padding: 2px 0; clear: both; display: list-item; float: none; position: static;\"><b>Powierzchnia grillowania:<\/b> 57.5&#215;29 cm<\/li>\n<li style=\"margin: 5px 0; padding: 2px 0; clear: both; display: list-item; float: none; position: static;\"><b>Wymiary miejsca na w\u0119giel:<\/b> 56,5&#215;24 cm<\/li>\n<li style=\"margin: 5px 0; padding: 2px 0; clear: both; display: list-item; float: none; position: static;\"><b>Wymiary misy:<\/b> 63.5&#215;33.5 cm<\/li>\n<li style=\"margin: 5px 0; padding: 2px 0; clear: both; display: list-item; float: none; position: static;\"><b>Wymiary pokrywy:<\/b> 68,5&#215;35 cm<\/li>\n<li style=\"margin: 5px 0; padding: 2px 0; clear: both; display: list-item; float: none; position: static;\"><b>Kolor:<\/b> Czarny<\/li>\n<\/ul>\n<\/div>\n<\/div>\n<div style=\"clear: both; display: block; margin: 10px 0;\">\n<div style=\"clear: both; display: block; margin: 10px 0;\">\n<div  style=\"max-width:1000px;max-height:1000px\">\n<div style=\"clear: both; display: block; margin: 10px 0;\">\n<div style=\"clear: both; width: 100%; display: block; margin: 20px 0; padding: 0; float: none; position: static; text-align: center;\"><img decoding=\"async\"  src=\"https:\/\/a.allegroimg.com\/original\/114f98\/63054a594264a5d5544ccf08cc16\/DUZY-GRILL-WEGLOWY-OGRODOWY-ZAMYKANY-STOLOWY-Z-POKRYWA-POLKA-BECZKA-BBQ-Glebokosc-grilla-33-cm\" srcset=\"https:\/\/a.allegroimg.com\/original\/114f98\/63054a594264a5d5544ccf08cc16\/DUZY-GRILL-WEGLOWY-OGRODOWY-ZAMYKANY-STOLOWY-Z-POKRYWA-POLKA-BECZKA-BBQ-Glebokosc-grilla-33-cm 360w,https:\/\/a.allegroimg.com\/original\/114f98\/63054a594264a5d5544ccf08cc16\/DUZY-GRILL-WEGLOWY-OGRODOWY-ZAMYKANY-STOLOWY-Z-POKRYWA-POLKA-BECZKA-BBQ-Glebokosc-grilla-33-cm 720w,https:\/\/a.allegroimg.com\/original\/114f98\/63054a594264a5d5544ccf08cc16\/DUZY-GRILL-WEGLOWY-OGRODOWY-ZAMYKANY-STOLOWY-Z-POKRYWA-POLKA-BECZKA-BBQ-Glebokosc-grilla-33-cm 1000w,https:\/\/a.allegroimg.com\/original\/114f98\/63054a594264a5d5544ccf08cc16\/DUZY-GRILL-WEGLOWY-OGRODOWY-ZAMYKANY-STOLOWY-Z-POKRYWA-POLKA-BECZKA-BBQ-Glebokosc-grilla-33-cm 1000w\" sizes=\"(min-width: 1200px) 560px, (min-width: 992px) 50vw, 100vw\" width=\"1000px\" alt=\"DU\u017bY GRILL W\u0118GLOWY OGRODOWY ZAMYKANY STO\u0141OWY Z POKRYW\u0104 P\u00d3\u0141K\u0104 BECZKA BBQ G\u0142\u0119boko\u015b\u0107 grilla 33 cm\" style=\"max-width: 100%; height: auto; display: block; margin: 0 auto;\"><\/div>\n<\/div>\n<\/div>\n<\/div>\n<\/div>\n<\/div>\n<\/div>\n<\/div>\n<\/div>\n<div style=\"clear: both; display: block; margin: 10px 0;\">\n","protected":false},"excerpt":{"rendered":"<p>\u2705 STO\u0141OWY GRILL W\u0118GLOWY Z POKRYW\u0104 FIRETUBE \u2705<\/p>\n<p>Symbol towaru: #07397<\/p>\n","protected":false},"featured_media":15334,"template":"","meta":{"_uag_custom_page_level_css":""},"product_brand":[851],"product_cat":[796,795,541],"product_tag":[],"class_list":{"0":"post-15333","1":"product","2":"type-product","3":"status-publish","4":"has-post-thumbnail","6":"product_brand-stazer","7":"product_cat-grille-weglowe","8":"product_cat-grillowanie","9":"product_cat-ogrod","11":"first","12":"instock","13":"sale","14":"shipping-taxable","15":"purchasable","16":"product-type-simple"},"uagb_featured_image_src":{"full":["https:\/\/tivrano.shop\/grill\/wp-content\/uploads\/2026\/03\/allegro-image-15333.jpg",1000,1000,false],"thumbnail":["https:\/\/tivrano.shop\/grill\/wp-content\/uploads\/2026\/03\/allegro-image-15333-150x150.jpg",150,150,true],"medium":["https:\/\/tivrano.shop\/grill\/wp-content\/uploads\/2026\/03\/allegro-image-15333-300x300.jpg",300,300,true],"medium_large":["https:\/\/tivrano.shop\/grill\/wp-content\/uploads\/2026\/03\/allegro-image-15333-768x768.jpg",768,768,true],"large":["https:\/\/tivrano.shop\/grill\/wp-content\/uploads\/2026\/03\/allegro-image-15333.jpg",1000,1000,false],"1536x1536":["https:\/\/tivrano.shop\/grill\/wp-content\/uploads\/2026\/03\/allegro-image-15333.jpg",1000,1000,false],"2048x2048":["https:\/\/tivrano.shop\/grill\/wp-content\/uploads\/2026\/03\/allegro-image-15333.jpg",1000,1000,false],"woocommerce_thumbnail":["https:\/\/tivrano.shop\/grill\/wp-content\/uploads\/2026\/03\/allegro-image-15333-300x300.jpg",300,300,true],"woocommerce_single":["https:\/\/tivrano.shop\/grill\/wp-content\/uploads\/2026\/03\/allegro-image-15333-600x600.jpg",600,600,true],"woocommerce_gallery_thumbnail":["https:\/\/tivrano.shop\/grill\/wp-content\/uploads\/2026\/03\/allegro-image-15333-100x100.jpg",100,100,true]},"uagb_author_info":{"display_name":"admin","author_link":"https:\/\/tivrano.shop\/grill\/author\/"},"uagb_comment_info":0,"uagb_excerpt":"\u2705 STO\u0141OWY GRILL W\u0118GLOWY Z POKRYW\u0104 FIRETUBE \u2705 Symbol towaru: #07397","_links":{"self":[{"href":"https:\/\/tivrano.shop\/grill\/wp-json\/wp\/v2\/product\/15333","targetHints":{"allow":["GET"]}}],"collection":[{"href":"https:\/\/tivrano.shop\/grill\/wp-json\/wp\/v2\/product"}],"about":[{"href":"https:\/\/tivrano.shop\/grill\/wp-json\/wp\/v2\/types\/product"}],"wp:featuredmedia":[{"embeddable":true,"href":"https:\/\/tivrano.shop\/grill\/wp-json\/wp\/v2\/media\/15334"}],"wp:attachment":[{"href":"https:\/\/tivrano.shop\/grill\/wp-json\/wp\/v2\/media?parent=15333"}],"wp:term":[{"taxonomy":"product_brand","embeddable":true,"href":"https:\/\/tivrano.shop\/grill\/wp-json\/wp\/v2\/product_brand?post=15333"},{"taxonomy":"product_cat","embeddable":true,"href":"https:\/\/tivrano.shop\/grill\/wp-json\/wp\/v2\/product_cat?post=15333"},{"taxonomy":"product_tag","embeddable":true,"href":"https:\/\/tivrano.shop\/grill\/wp-json\/wp\/v2\/product_tag?post=15333"}],"curies":[{"name":"wp","href":"https:\/\/api.w.org\/{rel}","templated":true}]}}