{"id":15319,"date":"2026-03-27T09:29:26","date_gmt":"2026-03-27T08:29:26","guid":{"rendered":"https:\/\/grill-master.shop\/gree\/produkt\/grill-elektryczny-tefal-optigrill-gc7058-czarny-2000-w\/"},"modified":"2026-03-27T09:29:27","modified_gmt":"2026-03-27T08:29:27","slug":"grill-elektryczny-tefal-optigrill-gc7058-czarny-2000-w","status":"publish","type":"product","link":"https:\/\/tivrano.shop\/grill\/produkt\/grill-elektryczny-tefal-optigrill-gc7058-czarny-2000-w\/","title":{"rendered":"Grill elektryczny Tefal OptiGrill GC7058 czarny 2000 W"},"content":{"rendered":"<div style=\"font-family: Arial, sans-serif; line-height: 1.6; color: #333; padding: 20px; clear: both; display: block; width: 100%; float: none; position: static; overflow: hidden;\">\n<div style=\"clear: both; display: block; margin: 10px 0;\">\n<div style=\"clear: both; display: block; margin: 10px 0;\">\n<div style=\"clear: both; display: block; margin: 10px 0;\">\n<h1>Grill elektryczny Tefal OptiGrill<\/h1>\n<ul style=\"margin: 15px 0; padding-left: 20px; clear: both; display: block; width: 100%; float: none; position: static;\">\n<li style=\"margin: 5px 0; padding: 2px 0; clear: both; display: list-item; float: none; position: static;\"><b>OptiGrill<\/b> automatycznie dostosowuje temperatur\u0119 grillowania i cykle grillowania w zale\u017cno\u015bci od grubo\u015bci i rodzaju grillowanej \u017cywno\u015bci, zapewniaj\u0105c doskona\u0142e rezultaty grillowania.&nbsp;Stopie\u0144 wysma\u017cenia mi\u0119sa sygnalizowany jest za pomoc\u0105 wska\u017anika \u015bwietlnego i sygna\u0142\u00f3w akustycznych, co gwarantuje precyzyjny rezultat grillowania, niezale\u017cnie od tego, czy jest wysma\u017cony, \u015brednio wysma\u017cony czy dobrze wysma\u017cony.&nbsp;Dzi\u0119ki 6 zaprogramowanym programom: burgery, dr\u00f3b, kanapki, kie\u0142baski, steki i ryby oraz 2 dodatkowym programom: rozmra\u017canie i r\u0119czny, wszystkie potrawy s\u0105 grillowane do perfekcji.<\/li>\n<\/ul>\n<\/div>\n<\/div>\n<\/div>\n<div style=\"clear: both; display: block; margin: 10px 0;\">\n<div style=\"clear: both; display: block; margin: 10px 0;\">\n<div style=\"clear: both; display: block; margin: 10px 0;\">\n<div  style=\"max-width:721px;max-height:678px\">\n<div style=\"clear: both; display: block; margin: 10px 0;\">\n<div style=\"clear: both; width: 100%; display: block; margin: 20px 0; padding: 0; float: none; position: static; text-align: center;\"><img decoding=\"async\"  src=\"https:\/\/a.allegroimg.com\/original\/111a15\/aecb6bf74a4a865f1ce7fcbf0b21\/Grill-elektryczny-Tefal-OptiGrill-GC7058-czarny-2000-W-Marka-Tefal\" srcset=\"https:\/\/a.allegroimg.com\/original\/111a15\/aecb6bf74a4a865f1ce7fcbf0b21\/Grill-elektryczny-Tefal-OptiGrill-GC7058-czarny-2000-W-Marka-Tefal 360w,https:\/\/a.allegroimg.com\/original\/111a15\/aecb6bf74a4a865f1ce7fcbf0b21\/Grill-elektryczny-Tefal-OptiGrill-GC7058-czarny-2000-W-Marka-Tefal 720w,https:\/\/a.allegroimg.com\/original\/111a15\/aecb6bf74a4a865f1ce7fcbf0b21\/Grill-elektryczny-Tefal-OptiGrill-GC7058-czarny-2000-W-Marka-Tefal 721w,https:\/\/a.allegroimg.com\/original\/111a15\/aecb6bf74a4a865f1ce7fcbf0b21\/Grill-elektryczny-Tefal-OptiGrill-GC7058-czarny-2000-W-Marka-Tefal 721w\" sizes=\"(min-width: 1200px) 560px, (min-width: 992px) 50vw, 100vw\" width=\"721px\" alt=\"Grill elektryczny Tefal OptiGrill GC7058 czarny 2000 W Marka Tefal\" style=\"max-width: 100%; height: auto; display: block; margin: 0 auto;\"><\/div>\n<\/div>\n<\/div>\n<\/div>\n<\/div>\n<div style=\"clear: both; display: block; margin: 10px 0;\">\n<div style=\"clear: both; display: block; margin: 10px 0;\">\n<h2>Dane Techniczne<\/h2>\n<ul style=\"margin: 15px 0; padding-left: 20px; clear: both; display: block; width: 100%; float: none; position: static;\">\n<li style=\"margin: 5px 0; padding: 2px 0; clear: both; display: list-item; float: none; position: static;\"><b>Producent&nbsp;<\/b> &#8211; Tefal<\/li>\n<li style=\"margin: 5px 0; padding: 2px 0; clear: both; display: list-item; float: none; position: static;\"><b>Nazwa<\/b> OptiGrill<\/li>\n<li style=\"margin: 5px 0; padding: 2px 0; clear: both; display: list-item; float: none; position: static;\"><b>Model<\/b> &#8211; GC705816<\/li>\n<li style=\"margin: 5px 0; padding: 2px 0; clear: both; display: list-item; float: none; position: static;\"><b>Kolor<\/b> &#8211; Czarny<\/li>\n<li style=\"margin: 5px 0; padding: 2px 0; clear: both; display: list-item; float: none; position: static;\"><b>Liczba automatycznych program\u00f3w:<\/b>&nbsp;12<\/li>\n<li style=\"margin: 5px 0; padding: 2px 0; clear: both; display: list-item; float: none; position: static;\"><b>Wska\u017anik poziomu wysma\u017cenia:<\/b>&nbsp;Tak<\/li>\n<li style=\"margin: 5px 0; padding: 2px 0; clear: both; display: list-item; float: none; position: static;\"><b>Moc:<\/b>&nbsp;2000W<\/li>\n<li style=\"margin: 5px 0; padding: 2px 0; clear: both; display: list-item; float: none; position: static;\"><b>Powierzchnia grillowania:<\/b>&nbsp;600cm\u00b2<\/li>\n<li style=\"margin: 5px 0; padding: 2px 0; clear: both; display: list-item; float: none; position: static;\"><b>Wymiary:<\/b>&nbsp;36x36x17cm<\/li>\n<\/ul>\n<\/div>\n<\/div>\n<\/div>\n<div style=\"clear: both; display: block; margin: 10px 0;\">\n<div style=\"clear: both; display: block; margin: 10px 0;\">\n<div style=\"clear: both; display: block; margin: 10px 0;\">\n<h2>Funkcje<\/h2>\n<ul style=\"margin: 15px 0; padding-left: 20px; clear: both; display: block; width: 100%; float: none; position: static;\">\n<li style=\"margin: 5px 0; padding: 2px 0; clear: both; display: list-item; float: none; position: static;\">Automatyczna regulacja temperatury grillowania i cykli grillowania w zale\u017cno\u015bci od grubo\u015bci i rodzaju grillowanej \u017cywno\u015bci<\/li>\n<li style=\"margin: 5px 0; padding: 2px 0; clear: both; display: list-item; float: none; position: static;\">Gotowo\u015b\u0107 mi\u0119sa sygnalizuje wska\u017anik \u015bwietlny<\/li>\n<li style=\"margin: 5px 0; padding: 2px 0; clear: both; display: list-item; float: none; position: static;\">Sygna\u0142y akustyczne i wizualne podczas procesu grillowania<\/li>\n<li style=\"margin: 5px 0; padding: 2px 0; clear: both; display: list-item; float: none; position: static;\">Automatyczna funkcja utrzymywania ciep\u0142a na koniec procesu grillowania<\/li>\n<li style=\"margin: 5px 0; padding: 2px 0; clear: both; display: list-item; float: none; position: static;\">6 zaprogramowanych program\u00f3w grillowania: burgery, dr\u00f3b, kanapki, kie\u0142baski, steki i ryby<\/li>\n<li style=\"margin: 5px 0; padding: 2px 0; clear: both; display: list-item; float: none; position: static;\">2 dodatkowe programy: funkcja rozmra\u017cania i r\u0119czny<\/li>\n<li style=\"margin: 5px 0; padding: 2px 0; clear: both; display: list-item; float: none; position: static;\">Funkcja automatycznego wy\u0142\u0105czania<\/li>\n<li style=\"margin: 5px 0; padding: 2px 0; clear: both; display: list-item; float: none; position: static;\">Moc: 2000 W<\/li>\n<li style=\"margin: 5px 0; padding: 2px 0; clear: both; display: list-item; float: none; position: static;\">Powierzchnia grilla pokryta pow\u0142ok\u0105 nieprzywieraj\u0105c\u0105 o powierzchni 600 cm\u00b2<\/li>\n<li style=\"margin: 5px 0; padding: 2px 0; clear: both; display: list-item; float: none; position: static;\">Zdejmowane p\u0142yty grillowe, kt\u00f3re mo\u017cna my\u0107 w zmywarce<\/li>\n<li style=\"margin: 5px 0; padding: 2px 0; clear: both; display: list-item; float: none; position: static;\">Nachylenie p\u0142yty grilla o 7\u00b0 u\u0142atwia odprowadzanie t\u0142uszczu<\/li>\n<li style=\"margin: 5px 0; padding: 2px 0; clear: both; display: list-item; float: none; position: static;\">P\u0142yta grilla i bardzo du\u017cy pojemnik na sok mo\u017cna my\u0107 w zmywarce<\/li>\n<\/ul>\n<\/div>\n<\/div>\n<div style=\"clear: both; display: block; margin: 10px 0;\">\n<div style=\"clear: both; display: block; margin: 10px 0;\">\n<div  style=\"max-width:1500px;max-height:627px\">\n<div style=\"clear: both; display: block; margin: 10px 0;\">\n<div style=\"clear: both; width: 100%; display: block; margin: 20px 0; padding: 0; float: none; position: static; text-align: center;\"><img decoding=\"async\"  src=\"https:\/\/a.allegroimg.com\/original\/116c23\/8fc9b2764fdf8a6a0634115f93ca\/Grill-elektryczny-Tefal-OptiGrill-GC7058-czarny-2000-W-Model-OptiGrill\" srcset=\"https:\/\/a.allegroimg.com\/original\/116c23\/8fc9b2764fdf8a6a0634115f93ca\/Grill-elektryczny-Tefal-OptiGrill-GC7058-czarny-2000-W-Model-OptiGrill 360w,https:\/\/a.allegroimg.com\/original\/116c23\/8fc9b2764fdf8a6a0634115f93ca\/Grill-elektryczny-Tefal-OptiGrill-GC7058-czarny-2000-W-Model-OptiGrill 720w,https:\/\/a.allegroimg.com\/original\/116c23\/8fc9b2764fdf8a6a0634115f93ca\/Grill-elektryczny-Tefal-OptiGrill-GC7058-czarny-2000-W-Model-OptiGrill 1024w,https:\/\/a.allegroimg.com\/original\/116c23\/8fc9b2764fdf8a6a0634115f93ca\/Grill-elektryczny-Tefal-OptiGrill-GC7058-czarny-2000-W-Model-OptiGrill 1440w,https:\/\/a.allegroimg.com\/original\/116c23\/8fc9b2764fdf8a6a0634115f93ca\/Grill-elektryczny-Tefal-OptiGrill-GC7058-czarny-2000-W-Model-OptiGrill 1500w\" sizes=\"(min-width: 1200px) 560px, (min-width: 992px) 50vw, 100vw\" width=\"1500px\" alt=\"Grill elektryczny Tefal OptiGrill GC7058 czarny 2000 W Model OptiGrill\" style=\"max-width: 100%; height: auto; display: block; margin: 0 auto;\"><\/div>\n<\/div>\n<\/div>\n<\/div>\n<\/div>\n<\/div>\n<div style=\"clear: both; display: block; margin: 10px 0;\">\n<div style=\"clear: both; display: block; margin: 10px 0;\">\n<div style=\"clear: both; display: block; margin: 10px 0;\">\n<div  style=\"max-width:979px;max-height:626px\">\n<div style=\"clear: both; display: block; margin: 10px 0;\">\n<div style=\"clear: both; width: 100%; display: block; margin: 20px 0; padding: 0; float: none; position: static; text-align: center;\"><img decoding=\"async\"  src=\"https:\/\/a.allegroimg.com\/original\/113286\/b47ed8a048b7b74c1b5cfd38cbbf\/Grill-elektryczny-Tefal-OptiGrill-GC7058-czarny-2000-W-Moc-2000-W\" srcset=\"https:\/\/a.allegroimg.com\/original\/113286\/b47ed8a048b7b74c1b5cfd38cbbf\/Grill-elektryczny-Tefal-OptiGrill-GC7058-czarny-2000-W-Moc-2000-W 360w,https:\/\/a.allegroimg.com\/original\/113286\/b47ed8a048b7b74c1b5cfd38cbbf\/Grill-elektryczny-Tefal-OptiGrill-GC7058-czarny-2000-W-Moc-2000-W 720w,https:\/\/a.allegroimg.com\/original\/113286\/b47ed8a048b7b74c1b5cfd38cbbf\/Grill-elektryczny-Tefal-OptiGrill-GC7058-czarny-2000-W-Moc-2000-W 979w,https:\/\/a.allegroimg.com\/original\/113286\/b47ed8a048b7b74c1b5cfd38cbbf\/Grill-elektryczny-Tefal-OptiGrill-GC7058-czarny-2000-W-Moc-2000-W 979w\" sizes=\"(min-width: 1200px) 560px, (min-width: 992px) 50vw, 100vw\" width=\"979px\" alt=\"Grill elektryczny Tefal OptiGrill GC7058 czarny 2000 W Moc 2000 W\" style=\"max-width: 100%; height: auto; display: block; margin: 0 auto;\"><\/div>\n<\/div>\n<\/div>\n<\/div>\n<\/div>\n<div style=\"clear: both; display: block; margin: 10px 0;\">\n<div style=\"clear: both; display: block; margin: 10px 0;\">\n<div  style=\"max-width:1500px;max-height:910px\">\n<div style=\"clear: both; display: block; margin: 10px 0;\">\n<div style=\"clear: both; width: 100%; display: block; margin: 20px 0; padding: 0; float: none; position: static; text-align: center;\"><img decoding=\"async\"  src=\"https:\/\/a.allegroimg.com\/original\/11df69\/19ac76a344e49e28113a5a90fed5\/Grill-elektryczny-Tefal-OptiGrill-GC7058-czarny-2000-W-Kod-producenta-GC705816\" srcset=\"https:\/\/a.allegroimg.com\/original\/11df69\/19ac76a344e49e28113a5a90fed5\/Grill-elektryczny-Tefal-OptiGrill-GC7058-czarny-2000-W-Kod-producenta-GC705816 360w,https:\/\/a.allegroimg.com\/original\/11df69\/19ac76a344e49e28113a5a90fed5\/Grill-elektryczny-Tefal-OptiGrill-GC7058-czarny-2000-W-Kod-producenta-GC705816 720w,https:\/\/a.allegroimg.com\/original\/11df69\/19ac76a344e49e28113a5a90fed5\/Grill-elektryczny-Tefal-OptiGrill-GC7058-czarny-2000-W-Kod-producenta-GC705816 1024w,https:\/\/a.allegroimg.com\/original\/11df69\/19ac76a344e49e28113a5a90fed5\/Grill-elektryczny-Tefal-OptiGrill-GC7058-czarny-2000-W-Kod-producenta-GC705816 1440w,https:\/\/a.allegroimg.com\/original\/11df69\/19ac76a344e49e28113a5a90fed5\/Grill-elektryczny-Tefal-OptiGrill-GC7058-czarny-2000-W-Kod-producenta-GC705816 1500w\" sizes=\"(min-width: 1200px) 560px, (min-width: 992px) 50vw, 100vw\" width=\"1500px\" alt=\"Grill elektryczny Tefal OptiGrill GC7058 czarny 2000 W Kod producenta GC705816\" style=\"max-width: 100%; height: auto; display: block; margin: 0 auto;\"><\/div>\n<\/div>\n<\/div>\n<\/div>\n<\/div>\n<\/div>\n<div style=\"clear: both; display: block; margin: 10px 0;\">\n<div style=\"clear: both; display: block; margin: 10px 0;\">\n<div style=\"clear: both; display: block; margin: 10px 0;\">\n<div  style=\"max-width:786px;max-height:668px\">\n<div style=\"clear: both; display: block; margin: 10px 0;\">\n<div style=\"clear: both; width: 100%; display: block; margin: 20px 0; padding: 0; float: none; position: static; text-align: center;\"><img decoding=\"async\"  src=\"https:\/\/a.allegroimg.com\/original\/25dc30\/203406d64efa9401e9f325ee107d\/Grill-elektryczny-Tefal-OptiGrill-GC7058-czarny-2000-W-Szerokosc-grilla-30-cm\" srcset=\"https:\/\/a.allegroimg.com\/original\/25dc30\/203406d64efa9401e9f325ee107d\/Grill-elektryczny-Tefal-OptiGrill-GC7058-czarny-2000-W-Szerokosc-grilla-30-cm 360w,https:\/\/a.allegroimg.com\/original\/25dc30\/203406d64efa9401e9f325ee107d\/Grill-elektryczny-Tefal-OptiGrill-GC7058-czarny-2000-W-Szerokosc-grilla-30-cm 720w,https:\/\/a.allegroimg.com\/original\/25dc30\/203406d64efa9401e9f325ee107d\/Grill-elektryczny-Tefal-OptiGrill-GC7058-czarny-2000-W-Szerokosc-grilla-30-cm 786w,https:\/\/a.allegroimg.com\/original\/25dc30\/203406d64efa9401e9f325ee107d\/Grill-elektryczny-Tefal-OptiGrill-GC7058-czarny-2000-W-Szerokosc-grilla-30-cm 786w\" sizes=\"(min-width: 1200px) 560px, (min-width: 992px) 50vw, 100vw\" width=\"786px\" alt=\"Grill elektryczny Tefal OptiGrill GC7058 czarny 2000 W Szeroko\u015b\u0107 grilla 30 cm\" style=\"max-width: 100%; height: auto; display: block; margin: 0 auto;\"><\/div>\n<\/div>\n<\/div>\n<\/div>\n<\/div>\n<div style=\"clear: both; display: block; margin: 10px 0;\">\n<div style=\"clear: both; display: block; margin: 10px 0;\">\n<div  style=\"max-width:668px;max-height:668px\">\n<div style=\"clear: both; display: block; margin: 10px 0;\">\n<div style=\"clear: both; width: 100%; display: block; margin: 20px 0; padding: 0; float: none; position: static; text-align: center;\"><img decoding=\"async\"  src=\"https:\/\/a.allegroimg.com\/original\/253076\/6056be0c4c3f92e3ec5f03080826\/Grill-elektryczny-Tefal-OptiGrill-GC7058-czarny-2000-W-Wysokosc-grilla-20-cm\" srcset=\"https:\/\/a.allegroimg.com\/original\/253076\/6056be0c4c3f92e3ec5f03080826\/Grill-elektryczny-Tefal-OptiGrill-GC7058-czarny-2000-W-Wysokosc-grilla-20-cm 360w,https:\/\/a.allegroimg.com\/original\/253076\/6056be0c4c3f92e3ec5f03080826\/Grill-elektryczny-Tefal-OptiGrill-GC7058-czarny-2000-W-Wysokosc-grilla-20-cm 668w,https:\/\/a.allegroimg.com\/original\/253076\/6056be0c4c3f92e3ec5f03080826\/Grill-elektryczny-Tefal-OptiGrill-GC7058-czarny-2000-W-Wysokosc-grilla-20-cm 668w\" sizes=\"(min-width: 1200px) 560px, (min-width: 992px) 50vw, 100vw\" width=\"668px\" alt=\"Grill elektryczny Tefal OptiGrill GC7058 czarny 2000 W Wysoko\u015b\u0107 grilla 20 cm\" style=\"max-width: 100%; height: auto; display: block; margin: 0 auto;\"><\/div>\n<\/div>\n<\/div>\n<\/div>\n<\/div>\n<\/div>\n<div style=\"clear: both; display: block; margin: 10px 0;\">\n<div style=\"clear: both; display: block; margin: 10px 0;\">\n<div style=\"clear: both; display: block; margin: 10px 0;\">\n<div  style=\"max-width:890px;max-height:594px\">\n<div style=\"clear: both; display: block; margin: 10px 0;\">\n<div style=\"clear: both; width: 100%; display: block; margin: 20px 0; padding: 0; float: none; position: static; text-align: center;\"><img decoding=\"async\"  src=\"https:\/\/a.allegroimg.com\/original\/254f83\/a02d42a8488dbe302097f09d051c\/Grill-elektryczny-Tefal-OptiGrill-GC7058-czarny-2000-W-Dlugosc-kabla-zasilajacego-0-8-m\" srcset=\"https:\/\/a.allegroimg.com\/original\/254f83\/a02d42a8488dbe302097f09d051c\/Grill-elektryczny-Tefal-OptiGrill-GC7058-czarny-2000-W-Dlugosc-kabla-zasilajacego-0-8-m 360w,https:\/\/a.allegroimg.com\/original\/254f83\/a02d42a8488dbe302097f09d051c\/Grill-elektryczny-Tefal-OptiGrill-GC7058-czarny-2000-W-Dlugosc-kabla-zasilajacego-0-8-m 720w,https:\/\/a.allegroimg.com\/original\/254f83\/a02d42a8488dbe302097f09d051c\/Grill-elektryczny-Tefal-OptiGrill-GC7058-czarny-2000-W-Dlugosc-kabla-zasilajacego-0-8-m 890w,https:\/\/a.allegroimg.com\/original\/254f83\/a02d42a8488dbe302097f09d051c\/Grill-elektryczny-Tefal-OptiGrill-GC7058-czarny-2000-W-Dlugosc-kabla-zasilajacego-0-8-m 890w\" sizes=\"(min-width: 1200px) 560px, (min-width: 992px) 50vw, 100vw\" width=\"890px\" alt=\"Grill elektryczny Tefal OptiGrill GC7058 czarny 2000 W D\u0142ugo\u015b\u0107 kabla zasilaj\u0105cego 0.8 m\" style=\"max-width: 100%; height: auto; display: block; margin: 0 auto;\"><\/div>\n<\/div>\n<\/div>\n<\/div>\n<\/div>\n<div style=\"clear: both; display: block; margin: 10px 0;\">\n<div style=\"clear: both; display: block; margin: 10px 0;\">\n<div  style=\"max-width:757px;max-height:668px\">\n<div style=\"clear: both; display: block; margin: 10px 0;\">\n<div style=\"clear: both; width: 100%; display: block; margin: 20px 0; padding: 0; float: none; position: static; text-align: center;\"><img decoding=\"async\"  src=\"https:\/\/a.allegroimg.com\/original\/25e921\/156d85ce47f49d20b2c5a210b503\/Grill-elektryczny-Tefal-OptiGrill-GC7058-czarny-2000-W-Zasilanie-230-V\" srcset=\"https:\/\/a.allegroimg.com\/original\/25e921\/156d85ce47f49d20b2c5a210b503\/Grill-elektryczny-Tefal-OptiGrill-GC7058-czarny-2000-W-Zasilanie-230-V 360w,https:\/\/a.allegroimg.com\/original\/25e921\/156d85ce47f49d20b2c5a210b503\/Grill-elektryczny-Tefal-OptiGrill-GC7058-czarny-2000-W-Zasilanie-230-V 720w,https:\/\/a.allegroimg.com\/original\/25e921\/156d85ce47f49d20b2c5a210b503\/Grill-elektryczny-Tefal-OptiGrill-GC7058-czarny-2000-W-Zasilanie-230-V 757w,https:\/\/a.allegroimg.com\/original\/25e921\/156d85ce47f49d20b2c5a210b503\/Grill-elektryczny-Tefal-OptiGrill-GC7058-czarny-2000-W-Zasilanie-230-V 757w\" sizes=\"(min-width: 1200px) 560px, (min-width: 992px) 50vw, 100vw\" width=\"757px\" alt=\"Grill elektryczny Tefal OptiGrill GC7058 czarny 2000 W Zasilanie 230 V\" style=\"max-width: 100%; height: auto; display: block; margin: 0 auto;\"><\/div>\n<\/div>\n<\/div>\n<\/div>\n<\/div>\n<\/div>\n<\/div>\n<\/div>\n<\/div>\n<div style=\"clear: both; display: block; margin: 10px 0;\">\n","protected":false},"excerpt":{"rendered":"<p>Grill elektryczny Tefal OptiGrill<\/p>\n","protected":false},"featured_media":15320,"template":"","meta":{"_uag_custom_page_level_css":""},"product_brand":[845],"product_cat":[846,795,541],"product_tag":[],"class_list":{"0":"post-15319","1":"product","2":"type-product","3":"status-publish","4":"has-post-thumbnail","6":"product_brand-tefal","7":"product_cat-grille-elektryczne","8":"product_cat-grillowanie","9":"product_cat-ogrod","11":"first","12":"instock","13":"sale","14":"shipping-taxable","15":"purchasable","16":"product-type-simple"},"uagb_featured_image_src":{"full":["https:\/\/tivrano.shop\/grill\/wp-content\/uploads\/2026\/03\/allegro-image-15319.jpg",1080,1080,false],"thumbnail":["https:\/\/tivrano.shop\/grill\/wp-content\/uploads\/2026\/03\/allegro-image-15319-150x150.jpg",150,150,true],"medium":["https:\/\/tivrano.shop\/grill\/wp-content\/uploads\/2026\/03\/allegro-image-15319-300x300.jpg",300,300,true],"medium_large":["https:\/\/tivrano.shop\/grill\/wp-content\/uploads\/2026\/03\/allegro-image-15319-768x768.jpg",768,768,true],"large":["https:\/\/tivrano.shop\/grill\/wp-content\/uploads\/2026\/03\/allegro-image-15319-1024x1024.jpg",1024,1024,true],"1536x1536":["https:\/\/tivrano.shop\/grill\/wp-content\/uploads\/2026\/03\/allegro-image-15319.jpg",1080,1080,false],"2048x2048":["https:\/\/tivrano.shop\/grill\/wp-content\/uploads\/2026\/03\/allegro-image-15319.jpg",1080,1080,false],"woocommerce_thumbnail":["https:\/\/tivrano.shop\/grill\/wp-content\/uploads\/2026\/03\/allegro-image-15319-300x300.jpg",300,300,true],"woocommerce_single":["https:\/\/tivrano.shop\/grill\/wp-content\/uploads\/2026\/03\/allegro-image-15319-600x600.jpg",600,600,true],"woocommerce_gallery_thumbnail":["https:\/\/tivrano.shop\/grill\/wp-content\/uploads\/2026\/03\/allegro-image-15319-100x100.jpg",100,100,true]},"uagb_author_info":{"display_name":"admin","author_link":"https:\/\/tivrano.shop\/grill\/author\/"},"uagb_comment_info":0,"uagb_excerpt":"Grill elektryczny Tefal OptiGrill","_links":{"self":[{"href":"https:\/\/tivrano.shop\/grill\/wp-json\/wp\/v2\/product\/15319","targetHints":{"allow":["GET"]}}],"collection":[{"href":"https:\/\/tivrano.shop\/grill\/wp-json\/wp\/v2\/product"}],"about":[{"href":"https:\/\/tivrano.shop\/grill\/wp-json\/wp\/v2\/types\/product"}],"wp:featuredmedia":[{"embeddable":true,"href":"https:\/\/tivrano.shop\/grill\/wp-json\/wp\/v2\/media\/15320"}],"wp:attachment":[{"href":"https:\/\/tivrano.shop\/grill\/wp-json\/wp\/v2\/media?parent=15319"}],"wp:term":[{"taxonomy":"product_brand","embeddable":true,"href":"https:\/\/tivrano.shop\/grill\/wp-json\/wp\/v2\/product_brand?post=15319"},{"taxonomy":"product_cat","embeddable":true,"href":"https:\/\/tivrano.shop\/grill\/wp-json\/wp\/v2\/product_cat?post=15319"},{"taxonomy":"product_tag","embeddable":true,"href":"https:\/\/tivrano.shop\/grill\/wp-json\/wp\/v2\/product_tag?post=15319"}],"curies":[{"name":"wp","href":"https:\/\/api.w.org\/{rel}","templated":true}]}}