{"id":15317,"date":"2026-03-27T09:29:25","date_gmt":"2026-03-27T08:29:25","guid":{"rendered":"https:\/\/grill-master.shop\/gree\/produkt\/grill-ogrodowy-ogniskowy-trojnog-194-cm-ruszt-70-cm-nierdzewny-palenisko\/"},"modified":"2026-03-27T09:29:25","modified_gmt":"2026-03-27T08:29:25","slug":"grill-ogrodowy-ogniskowy-trojnog-194-cm-ruszt-70-cm-nierdzewny-palenisko","status":"publish","type":"product","link":"https:\/\/tivrano.shop\/grill\/produkt\/grill-ogrodowy-ogniskowy-trojnog-194-cm-ruszt-70-cm-nierdzewny-palenisko\/","title":{"rendered":"GRILL OGRODOWY OGNISKOWY TR\u00d3JN\u00d3G 194 CM RUSZT 70 CM NIERDZEWNY PALENISKO"},"content":{"rendered":"<div style=\"font-family: Arial, sans-serif; line-height: 1.6; color: #333; padding: 20px; clear: both; display: block; width: 100%; float: none; position: static; overflow: hidden;\">\n<div style=\"clear: both; display: block; margin: 10px 0;\">\n<div style=\"clear: both; display: block; margin: 10px 0;\">\n<div style=\"clear: both; display: block; margin: 10px 0;\">\n<h1>Grill tr\u00f3jn\u00f3g 194 cm<\/h1>\n<ul style=\"margin: 15px 0; padding-left: 20px; clear: both; display: block; width: 100%; float: none; position: static;\">\n<li style=\"margin: 5px 0; padding: 2px 0; clear: both; display: list-item; float: none; position: static;\">ruszt Inox &#8211; 70 cm nierdzewny<\/li>\n<li style=\"margin: 5px 0; padding: 2px 0; clear: both; display: list-item; float: none; position: static;\">tr\u00f3jn\u00f3g 194 cm &#8211; sk\u0142adany<\/li>\n<li style=\"margin: 5px 0; padding: 2px 0; clear: both; display: list-item; float: none; position: static;\">korbka do regulacji wysoko\u015bci rusztu<\/li>\n<li style=\"margin: 5px 0; padding: 2px 0; clear: both; display: list-item; float: none; position: static;\">palenisko 70 cm<\/li>\n<li style=\"margin: 5px 0; padding: 2px 0; clear: both; display: list-item; float: none; position: static;\">nogi 20&#215;20 mm<\/li>\n<\/ul>\n<\/div>\n<\/div>\n<div style=\"clear: both; display: block; margin: 10px 0;\">\n<div style=\"clear: both; display: block; margin: 10px 0;\">\n<div  style=\"max-width:2161px;max-height:2560px\">\n<div style=\"clear: both; display: block; margin: 10px 0;\">\n<div style=\"clear: both; width: 100%; display: block; margin: 20px 0; padding: 0; float: none; position: static; text-align: center;\"><img decoding=\"async\"  src=\"https:\/\/a.allegroimg.com\/original\/113ab2\/50499b3a4188a3dd1950443d5a08\/GRILL-OGRODOWY-OGNISKOWY-TROJNOG-194-CM-RUSZT-70-CM-NIERDZEWNY-PALENISKO\" srcset=\"https:\/\/a.allegroimg.com\/original\/113ab2\/50499b3a4188a3dd1950443d5a08\/GRILL-OGRODOWY-OGNISKOWY-TROJNOG-194-CM-RUSZT-70-CM-NIERDZEWNY-PALENISKO 303w,https:\/\/a.allegroimg.com\/original\/113ab2\/50499b3a4188a3dd1950443d5a08\/GRILL-OGRODOWY-OGNISKOWY-TROJNOG-194-CM-RUSZT-70-CM-NIERDZEWNY-PALENISKO 607w,https:\/\/a.allegroimg.com\/original\/113ab2\/50499b3a4188a3dd1950443d5a08\/GRILL-OGRODOWY-OGNISKOWY-TROJNOG-194-CM-RUSZT-70-CM-NIERDZEWNY-PALENISKO 864w,https:\/\/a.allegroimg.com\/original\/113ab2\/50499b3a4188a3dd1950443d5a08\/GRILL-OGRODOWY-OGNISKOWY-TROJNOG-194-CM-RUSZT-70-CM-NIERDZEWNY-PALENISKO 1215w,https:\/\/a.allegroimg.com\/original\/113ab2\/50499b3a4188a3dd1950443d5a08\/GRILL-OGRODOWY-OGNISKOWY-TROJNOG-194-CM-RUSZT-70-CM-NIERDZEWNY-PALENISKO 2161w\" sizes=\"(min-width: 1200px) 560px, (min-width: 992px) 50vw, 100vw\" width=\"2161px\" alt=\"GRILL OGRODOWY OGNISKOWY TR\u00d3JN\u00d3G 194 CM RUSZT 70 CM NIERDZEWNY PALENISKO\" style=\"max-width: 100%; height: auto; display: block; margin: 0 auto;\"><\/div>\n<\/div>\n<\/div>\n<\/div>\n<\/div>\n<\/div>\n<div style=\"clear: both; display: block; margin: 10px 0;\">\n<div style=\"clear: both; display: block; margin: 10px 0;\">\n<div style=\"clear: both; display: block; margin: 10px 0;\">\n<h2>Ruszt o \u015brednicy 70 cm ze stali nierdzewnej INOX,<\/h2>\n<h2>mo\u017cna grillowa\u0107 bezpo\u015brednio na ruszcie bez u\u017cywania tacek do grillowania.<\/h2>\n<ul style=\"margin: 15px 0; padding-left: 20px; clear: both; display: block; width: 100%; float: none; position: static;\">\n<li style=\"margin: 5px 0; padding: 2px 0; clear: both; display: list-item; float: none; position: static;\">Kwasoodporny, odporny na rdz\u0119 oraz warunki atmosferyczne<\/li>\n<li style=\"margin: 5px 0; padding: 2px 0; clear: both; display: list-item; float: none; position: static;\">Obr\u0119cz dooko\u0142a rusztu grubo\u015b\u0107 3 mm wysoko\u015b\u0107 20 mm<\/li>\n<li style=\"margin: 5px 0; padding: 2px 0; clear: both; display: list-item; float: none; position: static;\">Obr\u0119cz chroni potrawy przed zsuwaniem si\u0119 z rusztu<\/li>\n<li style=\"margin: 5px 0; padding: 2px 0; clear: both; display: list-item; float: none; position: static;\">Pr\u0119t o grubo\u015bci 4 mm<\/li>\n<li style=\"margin: 5px 0; padding: 2px 0; clear: both; display: list-item; float: none; position: static;\">Posiada wzmocnienie przez \u015brodek- nadaje mu wi\u0119kszej sztywno\u015bci oraz wyd\u0142u\u017ca \u017cywotno\u015b\u0107<\/li>\n<li style=\"margin: 5px 0; padding: 2px 0; clear: both; display: list-item; float: none; position: static;\">Kolor rusztu nie zmieni si\u0119 pod wp\u0142ywem \u015brodk\u00f3w czyszcz\u0105cych<\/li>\n<\/ul>\n<\/div>\n<\/div>\n<div style=\"clear: both; display: block; margin: 10px 0;\">\n<div style=\"clear: both; display: block; margin: 10px 0;\">\n<div  style=\"max-width:1511px;max-height:1133px\">\n<div style=\"clear: both; display: block; margin: 10px 0;\">\n<div style=\"clear: both; width: 100%; display: block; margin: 20px 0; padding: 0; float: none; position: static; text-align: center;\"><img decoding=\"async\"  src=\"https:\/\/5.allegroimg.com\/original\/0338e0\/c31a45f5415b8a95e0ac8a14af55\/GRILL-OGRODOWY-OGNISKOWY-TROJNOG-194-CM-RUSZT-70-CM-NIERDZEWNY-PALENISKO-EAN-GTIN-5905265590134\" srcset=\"https:\/\/5.allegroimg.com\/original\/0338e0\/c31a45f5415b8a95e0ac8a14af55\/GRILL-OGRODOWY-OGNISKOWY-TROJNOG-194-CM-RUSZT-70-CM-NIERDZEWNY-PALENISKO-EAN-GTIN-5905265590134 360w,https:\/\/5.allegroimg.com\/original\/0338e0\/c31a45f5415b8a95e0ac8a14af55\/GRILL-OGRODOWY-OGNISKOWY-TROJNOG-194-CM-RUSZT-70-CM-NIERDZEWNY-PALENISKO-EAN-GTIN-5905265590134 720w,https:\/\/5.allegroimg.com\/original\/0338e0\/c31a45f5415b8a95e0ac8a14af55\/GRILL-OGRODOWY-OGNISKOWY-TROJNOG-194-CM-RUSZT-70-CM-NIERDZEWNY-PALENISKO-EAN-GTIN-5905265590134 1024w,https:\/\/5.allegroimg.com\/original\/0338e0\/c31a45f5415b8a95e0ac8a14af55\/GRILL-OGRODOWY-OGNISKOWY-TROJNOG-194-CM-RUSZT-70-CM-NIERDZEWNY-PALENISKO-EAN-GTIN-5905265590134 1440w,https:\/\/5.allegroimg.com\/original\/0338e0\/c31a45f5415b8a95e0ac8a14af55\/GRILL-OGRODOWY-OGNISKOWY-TROJNOG-194-CM-RUSZT-70-CM-NIERDZEWNY-PALENISKO-EAN-GTIN-5905265590134 1511w\" sizes=\"(min-width: 1200px) 560px, (min-width: 992px) 50vw, 100vw\" width=\"1511px\" alt=\"GRILL OGRODOWY OGNISKOWY TR\u00d3JN\u00d3G 194 CM RUSZT 70 CM NIERDZEWNY PALENISKO EAN (GTIN) 5905265590134\" style=\"max-width: 100%; height: auto; display: block; margin: 0 auto;\"><\/div>\n<\/div>\n<\/div>\n<\/div>\n<\/div>\n<\/div>\n<div style=\"clear: both; display: block; margin: 10px 0;\">\n<div style=\"clear: both; display: block; margin: 10px 0;\">\n<div style=\"clear: both; display: block; margin: 10px 0;\">\n<h2>Tr\u00f3jn\u00f3g wykonany jest z mocnego profilu zamkni\u0119tego 20 mm, malowany proszkowo. Grill posiada sk\u0142adane nogi, co u\u0142atwia jego transport i przechowywania. W naszych kompletach stosujemy \u015brubki motylkowe kt\u00f3re umo\u017cliwiaj\u0105 z\u0142o\u017cenie i roz\u0142o\u017cenie grilla bez u\u017cywania narz\u0119dzi.<\/h2>\n<ul style=\"margin: 15px 0; padding-left: 20px; clear: both; display: block; width: 100%; float: none; position: static;\">\n<li style=\"margin: 5px 0; padding: 2px 0; clear: both; display: list-item; float: none; position: static;\">wysoko\u015b\u0107<b> 194 cm<\/b><\/li>\n<li style=\"margin: 5px 0; padding: 2px 0; clear: both; display: list-item; float: none; position: static;\">ko\u0142owrotek z&nbsp;<b>drewnian\u0105 r\u0105czk\u0105 i zapadk\u0105<\/b><\/li>\n<li style=\"margin: 5px 0; padding: 2px 0; clear: both; display: list-item; float: none; position: static;\">linki i \u0142a\u0144cuchy do zawieszenia rusztu<\/li>\n<li style=\"margin: 5px 0; padding: 2px 0; clear: both; display: list-item; float: none; position: static;\">sk\u0142adany,&nbsp;co u\u0142atwia jego przechowywania<\/li>\n<li style=\"margin: 5px 0; padding: 2px 0; clear: both; display: list-item; float: none; position: static;\">\u015brubki motylkowe u\u0142atwiaj\u0105ce sk\u0142adanie i rozk\u0142adanie tr\u00f3jnogu<\/li>\n<li style=\"margin: 5px 0; padding: 2px 0; clear: both; display: list-item; float: none; position: static;\">malowany proszkowo na czarno<\/li>\n<li style=\"margin: 5px 0; padding: 2px 0; clear: both; display: list-item; float: none; position: static;\"><b>sk\u0142ada si\u0119 z trzech n\u00f3g o profilu 20 \u00d7 20 mm<\/b><\/li>\n<li style=\"margin: 5px 0; padding: 2px 0; clear: both; display: list-item; float: none; position: static;\">ozdobne wyko\u0144czenie<\/li>\n<li style=\"margin: 5px 0; padding: 2px 0; clear: both; display: list-item; float: none; position: static;\">karabi\u0144czyki do zawieszania rusztu<\/li>\n<\/ul>\n<h2>Tr\u00f3jn\u00f3g wyposa\u017cony jest w ko\u0142owrotek do regulacji wysoko\u015bci rusztu, link\u0119, ocynkowane \u0142a\u0144cuchy oraz karabi\u0144czyki do zawieszenia rusztu.<\/h2>\n<\/div>\n<\/div>\n<\/div>\n<div style=\"clear: both; display: block; margin: 10px 0;\">\n<div style=\"clear: both; display: block; margin: 10px 0;\">\n<div style=\"clear: both; display: block; margin: 10px 0;\">\n<div  style=\"max-width:620px;max-height:465px\">\n<div style=\"clear: both; display: block; margin: 10px 0;\">\n<div style=\"clear: both; width: 100%; display: block; margin: 20px 0; padding: 0; float: none; position: static; text-align: center;\"><img decoding=\"async\"  src=\"https:\/\/a.allegroimg.com\/original\/11e7f8\/eafee27a4c2380b46590ef0d8e0d\/GRILL-OGRODOWY-OGNISKOWY-TROJNOG-194-CM-RUSZT-70-CM-NIERDZEWNY-PALENISKO-Producent-Talia-met\" srcset=\"https:\/\/a.allegroimg.com\/original\/11e7f8\/eafee27a4c2380b46590ef0d8e0d\/GRILL-OGRODOWY-OGNISKOWY-TROJNOG-194-CM-RUSZT-70-CM-NIERDZEWNY-PALENISKO-Producent-Talia-met 360w,https:\/\/a.allegroimg.com\/original\/11e7f8\/eafee27a4c2380b46590ef0d8e0d\/GRILL-OGRODOWY-OGNISKOWY-TROJNOG-194-CM-RUSZT-70-CM-NIERDZEWNY-PALENISKO-Producent-Talia-met 620w,https:\/\/a.allegroimg.com\/original\/11e7f8\/eafee27a4c2380b46590ef0d8e0d\/GRILL-OGRODOWY-OGNISKOWY-TROJNOG-194-CM-RUSZT-70-CM-NIERDZEWNY-PALENISKO-Producent-Talia-met 620w\" sizes=\"(min-width: 1200px) 560px, (min-width: 992px) 50vw, 100vw\" width=\"620px\" alt=\"GRILL OGRODOWY OGNISKOWY TR\u00d3JN\u00d3G 194 CM RUSZT 70 CM NIERDZEWNY PALENISKO Producent Talia-met\" style=\"max-width: 100%; height: auto; display: block; margin: 0 auto;\"><\/div>\n<\/div>\n<\/div>\n<\/div>\n<\/div>\n<div style=\"clear: both; display: block; margin: 10px 0;\">\n<div style=\"clear: both; display: block; margin: 10px 0;\">\n<div  style=\"max-width:2560px;max-height:1920px\">\n<div style=\"clear: both; display: block; margin: 10px 0;\">\n<div style=\"clear: both; width: 100%; display: block; margin: 20px 0; padding: 0; float: none; position: static; text-align: center;\"><img decoding=\"async\"  src=\"https:\/\/a.allegroimg.com\/original\/11189f\/8232cdf54bbead693a368e5bc04a\/GRILL-OGRODOWY-OGNISKOWY-TROJNOG-194-CM-RUSZT-70-CM-NIERDZEWNY-PALENISKO-Kod-producenta-Grill-70-N-Palenisko\" srcset=\"https:\/\/a.allegroimg.com\/original\/11189f\/8232cdf54bbead693a368e5bc04a\/GRILL-OGRODOWY-OGNISKOWY-TROJNOG-194-CM-RUSZT-70-CM-NIERDZEWNY-PALENISKO-Kod-producenta-Grill-70-N-Palenisko 360w,https:\/\/a.allegroimg.com\/original\/11189f\/8232cdf54bbead693a368e5bc04a\/GRILL-OGRODOWY-OGNISKOWY-TROJNOG-194-CM-RUSZT-70-CM-NIERDZEWNY-PALENISKO-Kod-producenta-Grill-70-N-Palenisko 720w,https:\/\/a.allegroimg.com\/original\/11189f\/8232cdf54bbead693a368e5bc04a\/GRILL-OGRODOWY-OGNISKOWY-TROJNOG-194-CM-RUSZT-70-CM-NIERDZEWNY-PALENISKO-Kod-producenta-Grill-70-N-Palenisko 1024w,https:\/\/a.allegroimg.com\/original\/11189f\/8232cdf54bbead693a368e5bc04a\/GRILL-OGRODOWY-OGNISKOWY-TROJNOG-194-CM-RUSZT-70-CM-NIERDZEWNY-PALENISKO-Kod-producenta-Grill-70-N-Palenisko 1440w,https:\/\/a.allegroimg.com\/original\/11189f\/8232cdf54bbead693a368e5bc04a\/GRILL-OGRODOWY-OGNISKOWY-TROJNOG-194-CM-RUSZT-70-CM-NIERDZEWNY-PALENISKO-Kod-producenta-Grill-70-N-Palenisko 2560w\" sizes=\"(min-width: 1200px) 560px, (min-width: 992px) 50vw, 100vw\" width=\"2560px\" alt=\"GRILL OGRODOWY OGNISKOWY TR\u00d3JN\u00d3G 194 CM RUSZT 70 CM NIERDZEWNY PALENISKO Kod producenta Grill 70 N + Palenisko\" style=\"max-width: 100%; height: auto; display: block; margin: 0 auto;\"><\/div>\n<\/div>\n<\/div>\n<\/div>\n<\/div>\n<\/div>\n<div style=\"clear: both; display: block; margin: 10px 0;\">\n<div style=\"clear: both; display: block; margin: 10px 0;\">\n<div style=\"clear: both; display: block; margin: 10px 0;\">\n<h1>Palenisko<\/h1>\n<ul style=\"margin: 15px 0; padding-left: 20px; clear: both; display: block; width: 100%; float: none; position: static;\">\n<li style=\"margin: 5px 0; padding: 2px 0; clear: both; display: list-item; float: none; position: static;\">\u015arednica 70 cm<\/li>\n<li style=\"margin: 5px 0; padding: 2px 0; clear: both; display: list-item; float: none; position: static;\">G\u0142\u0119boko\u015b\u0107 15 cm<\/li>\n<li style=\"margin: 5px 0; padding: 2px 0; clear: both; display: list-item; float: none; position: static;\">Wysoko\u015b\u0107 25 cm<\/li>\n<li style=\"margin: 5px 0; padding: 2px 0; clear: both; display: list-item; float: none; position: static;\">Grubo\u015b\u0107 blachy 2 mm<\/li>\n<li style=\"margin: 5px 0; padding: 2px 0; clear: both; display: list-item; float: none; position: static;\">Uchwytu u\u0142atwiaj\u0105ce przenoszenie paleniska<\/li>\n<li style=\"margin: 5px 0; padding: 2px 0; clear: both; display: list-item; float: none; position: static;\">Palenisko pomalowane farb\u0105 \u017caroodporn\u0105<\/li>\n<\/ul>\n<h3 style=\"color: #2c5aa0; font-size: 18px; margin: 30px 0 15px 0; font-weight: bold; clear: both; display: block; width: 100%; float: none; position: static;\">Na innym og\u0142oszeniu mo\u017cna kupi\u0107 pokryw\u0119 fi 70 cm kt\u00f3ra pasuj\u0119&nbsp; do paleniska<\/h3>\n<\/div>\n<\/div>\n<div style=\"clear: both; display: block; margin: 10px 0;\">\n<div style=\"clear: both; display: block; margin: 10px 0;\">\n<div  style=\"max-width:2560px;max-height:1151px\">\n<div style=\"clear: both; display: block; margin: 10px 0;\">\n<div style=\"clear: both; width: 100%; display: block; margin: 20px 0; padding: 0; float: none; position: static; text-align: center;\"><img decoding=\"async\"  src=\"https:\/\/a.allegroimg.com\/original\/1176ea\/094eb530434f960d4a3534c878f8\/GRILL-OGRODOWY-OGNISKOWY-TROJNOG-194-CM-RUSZT-70-CM-NIERDZEWNY-PALENISKO-Wysokosc-produktu-194-cm\" srcset=\"https:\/\/a.allegroimg.com\/original\/1176ea\/094eb530434f960d4a3534c878f8\/GRILL-OGRODOWY-OGNISKOWY-TROJNOG-194-CM-RUSZT-70-CM-NIERDZEWNY-PALENISKO-Wysokosc-produktu-194-cm 360w,https:\/\/a.allegroimg.com\/original\/1176ea\/094eb530434f960d4a3534c878f8\/GRILL-OGRODOWY-OGNISKOWY-TROJNOG-194-CM-RUSZT-70-CM-NIERDZEWNY-PALENISKO-Wysokosc-produktu-194-cm 720w,https:\/\/a.allegroimg.com\/original\/1176ea\/094eb530434f960d4a3534c878f8\/GRILL-OGRODOWY-OGNISKOWY-TROJNOG-194-CM-RUSZT-70-CM-NIERDZEWNY-PALENISKO-Wysokosc-produktu-194-cm 1024w,https:\/\/a.allegroimg.com\/original\/1176ea\/094eb530434f960d4a3534c878f8\/GRILL-OGRODOWY-OGNISKOWY-TROJNOG-194-CM-RUSZT-70-CM-NIERDZEWNY-PALENISKO-Wysokosc-produktu-194-cm 1440w,https:\/\/a.allegroimg.com\/original\/1176ea\/094eb530434f960d4a3534c878f8\/GRILL-OGRODOWY-OGNISKOWY-TROJNOG-194-CM-RUSZT-70-CM-NIERDZEWNY-PALENISKO-Wysokosc-produktu-194-cm 2560w\" sizes=\"(min-width: 1200px) 560px, (min-width: 992px) 50vw, 100vw\" width=\"2560px\" alt=\"GRILL OGRODOWY OGNISKOWY TR\u00d3JN\u00d3G 194 CM RUSZT 70 CM NIERDZEWNY PALENISKO Wysoko\u015b\u0107 produktu 194 cm\" style=\"max-width: 100%; height: auto; display: block; margin: 0 auto;\"><\/div>\n<\/div>\n<\/div>\n<\/div>\n<\/div>\n<\/div>\n<\/div>\n<\/div>\n<\/div>\n<div style=\"clear: both; display: block; margin: 10px 0;\">\n","protected":false},"excerpt":{"rendered":"<p>Grill tr\u00f3jn\u00f3g 194 cm<\/p>\n<p>ruszt Inox &#8211; 70 cm nierdzewny<\/p>\n<p>tr\u00f3jn\u00f3g 194 cm &#8211; sk\u0142adany<\/p>\n<p>korbka do regulacji wysoko\u015bci rusztu<\/p>\n<p>palenisko 70 cm<\/p>\n<p>nogi 20&#215;20 mm<\/p>\n<p>Ruszt o \u015brednicy 70 cm ze stali nierdzewnej INOX,<\/p>\n<p>mo\u017cna grillowa\u0107 bezpo\u015brednio na ruszcie bez u\u017cywania tacek do grillowania.<\/p>\n","protected":false},"featured_media":15318,"template":"","meta":{"_uag_custom_page_level_css":""},"product_brand":[842],"product_cat":[795,541,829],"product_tag":[],"class_list":{"0":"post-15317","1":"product","2":"type-product","3":"status-publish","4":"has-post-thumbnail","6":"product_brand-talia-met","7":"product_cat-grillowanie","8":"product_cat-ogrod","9":"product_cat-paleniska-ogrodowe","11":"first","12":"instock","13":"sale","14":"shipping-taxable","15":"purchasable","16":"product-type-simple"},"uagb_featured_image_src":{"full":["https:\/\/tivrano.shop\/grill\/wp-content\/uploads\/2026\/03\/allegro-image-15317.jpg",2161,2560,false],"thumbnail":["https:\/\/tivrano.shop\/grill\/wp-content\/uploads\/2026\/03\/allegro-image-15317-150x150.jpg",150,150,true],"medium":["https:\/\/tivrano.shop\/grill\/wp-content\/uploads\/2026\/03\/allegro-image-15317-253x300.jpg",253,300,true],"medium_large":["https:\/\/tivrano.shop\/grill\/wp-content\/uploads\/2026\/03\/allegro-image-15317-768x910.jpg",768,910,true],"large":["https:\/\/tivrano.shop\/grill\/wp-content\/uploads\/2026\/03\/allegro-image-15317-864x1024.jpg",864,1024,true],"1536x1536":["https:\/\/tivrano.shop\/grill\/wp-content\/uploads\/2026\/03\/allegro-image-15317-1297x1536.jpg",1297,1536,true],"2048x2048":["https:\/\/tivrano.shop\/grill\/wp-content\/uploads\/2026\/03\/allegro-image-15317-1729x2048.jpg",1729,2048,true],"woocommerce_thumbnail":["https:\/\/tivrano.shop\/grill\/wp-content\/uploads\/2026\/03\/allegro-image-15317-300x300.jpg",300,300,true],"woocommerce_single":["https:\/\/tivrano.shop\/grill\/wp-content\/uploads\/2026\/03\/allegro-image-15317-600x711.jpg",600,711,true],"woocommerce_gallery_thumbnail":["https:\/\/tivrano.shop\/grill\/wp-content\/uploads\/2026\/03\/allegro-image-15317-100x100.jpg",100,100,true]},"uagb_author_info":{"display_name":"admin","author_link":"https:\/\/tivrano.shop\/grill\/author\/"},"uagb_comment_info":0,"uagb_excerpt":"Grill tr\u00f3jn\u00f3g 194 cm ruszt Inox - 70 cm nierdzewny tr\u00f3jn\u00f3g 194 cm - sk\u0142adany korbka do regulacji wysoko\u015bci rusztu palenisko 70 cm nogi 20x20 mm Ruszt o \u015brednicy 70 cm ze stali nierdzewnej INOX, mo\u017cna grillowa\u0107 bezpo\u015brednio na ruszcie bez u\u017cywania tacek do grillowania.","_links":{"self":[{"href":"https:\/\/tivrano.shop\/grill\/wp-json\/wp\/v2\/product\/15317","targetHints":{"allow":["GET"]}}],"collection":[{"href":"https:\/\/tivrano.shop\/grill\/wp-json\/wp\/v2\/product"}],"about":[{"href":"https:\/\/tivrano.shop\/grill\/wp-json\/wp\/v2\/types\/product"}],"wp:featuredmedia":[{"embeddable":true,"href":"https:\/\/tivrano.shop\/grill\/wp-json\/wp\/v2\/media\/15318"}],"wp:attachment":[{"href":"https:\/\/tivrano.shop\/grill\/wp-json\/wp\/v2\/media?parent=15317"}],"wp:term":[{"taxonomy":"product_brand","embeddable":true,"href":"https:\/\/tivrano.shop\/grill\/wp-json\/wp\/v2\/product_brand?post=15317"},{"taxonomy":"product_cat","embeddable":true,"href":"https:\/\/tivrano.shop\/grill\/wp-json\/wp\/v2\/product_cat?post=15317"},{"taxonomy":"product_tag","embeddable":true,"href":"https:\/\/tivrano.shop\/grill\/wp-json\/wp\/v2\/product_tag?post=15317"}],"curies":[{"name":"wp","href":"https:\/\/api.w.org\/{rel}","templated":true}]}}