{"id":15301,"date":"2026-03-27T09:29:13","date_gmt":"2026-03-27T08:29:13","guid":{"rendered":"https:\/\/grill-master.shop\/gree\/produkt\/grill-ogrodowy-weglowy-duzy-na-kolach-rozen-2-x-polki-grill-premium-set\/"},"modified":"2026-03-27T09:29:13","modified_gmt":"2026-03-27T08:29:13","slug":"grill-ogrodowy-weglowy-duzy-na-kolach-rozen-2-x-polki-grill-premium-set","status":"publish","type":"product","link":"https:\/\/tivrano.shop\/grill\/produkt\/grill-ogrodowy-weglowy-duzy-na-kolach-rozen-2-x-polki-grill-premium-set\/","title":{"rendered":"Grill Ogrodowy W\u0119glowy Du\u017cy na ko\u0142ach Ro\u017cen 2 x P\u00f3\u0142ki Grill Premium Set"},"content":{"rendered":"<div style=\"font-family: Arial, sans-serif; line-height: 1.6; color: #333; padding: 20px; clear: both; display: block; width: 100%; float: none; position: static; overflow: hidden;\">\n<div style=\"clear: both; display: block; margin: 10px 0;\">\n<div style=\"clear: both; display: block; margin: 10px 0;\">\n<div style=\"clear: both; display: block; margin: 10px 0;\">\n<h1>\u2728Grill Ogrodowy W\u0119glowy Du\u017cy na ko\u0142ach Ro\u017cen 3x P\u00f3\u0142ki Grill Premium Set<\/h1>\n<\/div>\n<\/div>\n<\/div>\n<div style=\"clear: both; display: block; margin: 10px 0;\">\n<div style=\"clear: both; display: block; margin: 10px 0;\">\n<div style=\"clear: both; display: block; margin: 10px 0;\">\n<div  style=\"max-width:2560px;max-height:2560px\">\n<div style=\"clear: both; display: block; margin: 10px 0;\">\n<div style=\"clear: both; width: 100%; display: block; margin: 20px 0; padding: 0; float: none; position: static; text-align: center;\"><img decoding=\"async\"  src=\"https:\/\/a.allegroimg.com\/original\/11578b\/b98a8788428781def328910b1814\/Grill-Ogrodowy-Weglowy-Duzy-na-kolach-Rozen-2-x-Polki-Grill-Premium-Set-Stan-opakowania-oryginalne\" srcset=\"https:\/\/a.allegroimg.com\/original\/11578b\/b98a8788428781def328910b1814\/Grill-Ogrodowy-Weglowy-Duzy-na-kolach-Rozen-2-x-Polki-Grill-Premium-Set-Stan-opakowania-oryginalne 360w,https:\/\/a.allegroimg.com\/original\/11578b\/b98a8788428781def328910b1814\/Grill-Ogrodowy-Weglowy-Duzy-na-kolach-Rozen-2-x-Polki-Grill-Premium-Set-Stan-opakowania-oryginalne 720w,https:\/\/a.allegroimg.com\/original\/11578b\/b98a8788428781def328910b1814\/Grill-Ogrodowy-Weglowy-Duzy-na-kolach-Rozen-2-x-Polki-Grill-Premium-Set-Stan-opakowania-oryginalne 1024w,https:\/\/a.allegroimg.com\/original\/11578b\/b98a8788428781def328910b1814\/Grill-Ogrodowy-Weglowy-Duzy-na-kolach-Rozen-2-x-Polki-Grill-Premium-Set-Stan-opakowania-oryginalne 1440w,https:\/\/a.allegroimg.com\/original\/11578b\/b98a8788428781def328910b1814\/Grill-Ogrodowy-Weglowy-Duzy-na-kolach-Rozen-2-x-Polki-Grill-Premium-Set-Stan-opakowania-oryginalne 2560w\" sizes=\"100vw\" width=\"2560px\" alt=\"Grill Ogrodowy W\u0119glowy Du\u017cy na ko\u0142ach Ro\u017cen 2 x P\u00f3\u0142ki Grill Premium Set Stan opakowania oryginalne\" style=\"max-width: 100%; height: auto; display: block; margin: 0 auto;\"><\/div>\n<\/div>\n<\/div>\n<\/div>\n<\/div>\n<\/div>\n<div style=\"clear: both; display: block; margin: 10px 0;\">\n<div style=\"clear: both; display: block; margin: 10px 0;\">\n<div style=\"clear: both; display: block; margin: 10px 0;\">\n<div  style=\"max-width:1500px;max-height:1125px\">\n<div style=\"clear: both; display: block; margin: 10px 0;\">\n<div style=\"clear: both; width: 100%; display: block; margin: 20px 0; padding: 0; float: none; position: static; text-align: center;\"><img decoding=\"async\"  src=\"https:\/\/a.allegroimg.com\/original\/11c6ed\/8364e63347acbb2aa58a7d778a0c\" srcset=\"https:\/\/a.allegroimg.com\/original\/11c6ed\/8364e63347acbb2aa58a7d778a0c 360w,https:\/\/a.allegroimg.com\/original\/11c6ed\/8364e63347acbb2aa58a7d778a0c 720w,https:\/\/a.allegroimg.com\/original\/11c6ed\/8364e63347acbb2aa58a7d778a0c 1024w,https:\/\/a.allegroimg.com\/original\/11c6ed\/8364e63347acbb2aa58a7d778a0c 1440w,https:\/\/a.allegroimg.com\/original\/11c6ed\/8364e63347acbb2aa58a7d778a0c 1500w\" sizes=\"(min-width: 1200px) 560px, (min-width: 992px) 50vw, 100vw\" width=\"1500px\" alt=\"\" style=\"max-width: 100%; height: auto; display: block; margin: 0 auto;\"><\/div>\n<\/div>\n<\/div>\n<\/div>\n<\/div>\n<div style=\"clear: both; display: block; margin: 10px 0;\">\n<div style=\"clear: both; display: block; margin: 10px 0;\">\n<h1>\u2733\ufe0f Opis:<\/h1>\n<ul style=\"margin: 15px 0; padding-left: 20px; clear: both; display: block; width: 100%; float: none; position: static;\">\n<li style=\"margin: 5px 0; padding: 2px 0; clear: both; display: list-item; float: none; position: static;\"><b>Prostok\u0105tny model grilla z drewnianymi tackami<\/b><\/li>\n<li style=\"margin: 5px 0; padding: 2px 0; clear: both; display: list-item; float: none; position: static;\"><b>Z rusztem do pieczenia i schowkiem<\/b><\/li>\n<li style=\"margin: 5px 0; padding: 2px 0; clear: both; display: list-item; float: none; position: static;\"><b>Na k\u00f3\u0142kach: \u0142atwy do przenoszenia<\/b><\/li>\n<\/ul>\n<p style=\"margin: 15px 0; line-height: 1.8; clear: both; display: block; width: 100%; float: none; position: static;\">Czas rozpocz\u0105\u0107 sezon na grilla! Z grillem na k\u00f3\u0142kach mo\u017cesz spokojnie czeka\u0107 na upalne dni, kiedy mo\u017cna b\u0119dzie je\u015b\u0107 na dworze. U\u0142\u00f3\u017c wszystkie pyszno\u015bci na drewnianych deskach, a nast\u0119pnie z \u0142atwo\u015bci\u0105 upiecz je na grillu. Jest te\u017c miejsce na umieszczenie szpadek nad grillem. Wszystko ju\u017c zjedzone? \u0141atwo wtoczysz grilla do szopy.<\/p>\n<\/div>\n<\/div>\n<\/div>\n<div style=\"clear: both; display: block; margin: 10px 0;\">\n<div style=\"clear: both; display: block; margin: 10px 0;\">\n<div style=\"clear: both; display: block; margin: 10px 0;\">\n<div  style=\"max-width:1485px;max-height:1500px\">\n<div style=\"clear: both; display: block; margin: 10px 0;\">\n<div style=\"clear: both; width: 100%; display: block; margin: 20px 0; padding: 0; float: none; position: static; text-align: center;\"><img decoding=\"async\"  src=\"https:\/\/a.allegroimg.com\/original\/11a950\/c1fb5e58468d8a1ac079b52182e4\/Grill-Ogrodowy-Weglowy-Duzy-na-kolach-Rozen-2-x-Polki-Grill-Premium-Set-Producent-Activa\" srcset=\"https:\/\/a.allegroimg.com\/original\/11a950\/c1fb5e58468d8a1ac079b52182e4\/Grill-Ogrodowy-Weglowy-Duzy-na-kolach-Rozen-2-x-Polki-Grill-Premium-Set-Producent-Activa 356w,https:\/\/a.allegroimg.com\/original\/11a950\/c1fb5e58468d8a1ac079b52182e4\/Grill-Ogrodowy-Weglowy-Duzy-na-kolach-Rozen-2-x-Polki-Grill-Premium-Set-Producent-Activa 712w,https:\/\/a.allegroimg.com\/original\/11a950\/c1fb5e58468d8a1ac079b52182e4\/Grill-Ogrodowy-Weglowy-Duzy-na-kolach-Rozen-2-x-Polki-Grill-Premium-Set-Producent-Activa 1013w,https:\/\/a.allegroimg.com\/original\/11a950\/c1fb5e58468d8a1ac079b52182e4\/Grill-Ogrodowy-Weglowy-Duzy-na-kolach-Rozen-2-x-Polki-Grill-Premium-Set-Producent-Activa 1425w,https:\/\/a.allegroimg.com\/original\/11a950\/c1fb5e58468d8a1ac079b52182e4\/Grill-Ogrodowy-Weglowy-Duzy-na-kolach-Rozen-2-x-Polki-Grill-Premium-Set-Producent-Activa 1485w\" sizes=\"(min-width: 1200px) 560px, (min-width: 992px) 50vw, 100vw\" width=\"1485px\" alt=\"Grill Ogrodowy W\u0119glowy Du\u017cy na ko\u0142ach Ro\u017cen 2 x P\u00f3\u0142ki Grill Premium Set Producent Activa\" style=\"max-width: 100%; height: auto; display: block; margin: 0 auto;\"><\/div>\n<\/div>\n<\/div>\n<\/div>\n<\/div>\n<div style=\"clear: both; display: block; margin: 10px 0;\">\n<div style=\"clear: both; display: block; margin: 10px 0;\">\n<h2>\u2733\ufe0f Dane techniczne:<\/h2>\n<ul style=\"margin: 15px 0; padding-left: 20px; clear: both; display: block; width: 100%; float: none; position: static;\">\n<li style=\"margin: 5px 0; padding: 2px 0; clear: both; display: list-item; float: none; position: static;\">Kolor &#8211; Wielokolorowy<\/li>\n<li style=\"margin: 5px 0; padding: 2px 0; clear: both; display: list-item; float: none; position: static;\">Materia\u0142 &#8211; Metal,Drewno<\/li>\n<li style=\"margin: 5px 0; padding: 2px 0; clear: both; display: list-item; float: none; position: static;\">Kszta\u0142t &#8211; Prostok\u0105tny<\/li>\n<li style=\"margin: 5px 0; padding: 2px 0; clear: both; display: list-item; float: none; position: static;\">Odpowiedni do rodzaju paliwa &#8211; W\u0119giel<\/li>\n<li style=\"margin: 5px 0; padding: 2px 0; clear: both; display: list-item; float: none; position: static;\">Rodzaj grilla &#8211;&nbsp;Ruszt<\/li>\n<li style=\"margin: 5px 0; padding: 2px 0; clear: both; display: list-item; float: none; position: static;\">Z k\u00f3\u0142kami &#8211; Tak<\/li>\n<li style=\"margin: 5px 0; padding: 2px 0; clear: both; display: list-item; float: none; position: static;\">Z os\u0142on\u0105 &#8211; Nie<\/li>\n<li style=\"margin: 5px 0; padding: 2px 0; clear: both; display: list-item; float: none; position: static;\">Z podstaw\u0105 &#8211; Tak<\/li>\n<li style=\"margin: 5px 0; padding: 2px 0; clear: both; display: list-item; float: none; position: static;\">Z uchwytem(-mi) &#8211; Tak<\/li>\n<li style=\"margin: 5px 0; padding: 2px 0; clear: both; display: list-item; float: none; position: static;\">Ze zdejmowan\u0105 kratk\u0105 &#8211; Tak<\/li>\n<\/ul>\n<\/div>\n<\/div>\n<\/div>\n<div style=\"clear: both; display: block; margin: 10px 0;\">\n<div style=\"clear: both; display: block; margin: 10px 0;\">\n<div style=\"clear: both; display: block; margin: 10px 0;\">\n<div  style=\"max-width:1500px;max-height:1125px\">\n<div style=\"clear: both; display: block; margin: 10px 0;\">\n<div style=\"clear: both; width: 100%; display: block; margin: 20px 0; padding: 0; float: none; position: static; text-align: center;\"><img decoding=\"async\"  src=\"https:\/\/a.allegroimg.com\/original\/117df8\/778132c04c009386fbb5cd403b84\/Grill-Ogrodowy-Weglowy-Duzy-na-kolach-Rozen-2-x-Polki-Grill-Premium-Set-Waga-produktu-z-opakowaniem-jednostkowym-5-5-kg\" srcset=\"https:\/\/a.allegroimg.com\/original\/117df8\/778132c04c009386fbb5cd403b84\/Grill-Ogrodowy-Weglowy-Duzy-na-kolach-Rozen-2-x-Polki-Grill-Premium-Set-Waga-produktu-z-opakowaniem-jednostkowym-5-5-kg 360w,https:\/\/a.allegroimg.com\/original\/117df8\/778132c04c009386fbb5cd403b84\/Grill-Ogrodowy-Weglowy-Duzy-na-kolach-Rozen-2-x-Polki-Grill-Premium-Set-Waga-produktu-z-opakowaniem-jednostkowym-5-5-kg 720w,https:\/\/a.allegroimg.com\/original\/117df8\/778132c04c009386fbb5cd403b84\/Grill-Ogrodowy-Weglowy-Duzy-na-kolach-Rozen-2-x-Polki-Grill-Premium-Set-Waga-produktu-z-opakowaniem-jednostkowym-5-5-kg 1024w,https:\/\/a.allegroimg.com\/original\/117df8\/778132c04c009386fbb5cd403b84\/Grill-Ogrodowy-Weglowy-Duzy-na-kolach-Rozen-2-x-Polki-Grill-Premium-Set-Waga-produktu-z-opakowaniem-jednostkowym-5-5-kg 1440w,https:\/\/a.allegroimg.com\/original\/117df8\/778132c04c009386fbb5cd403b84\/Grill-Ogrodowy-Weglowy-Duzy-na-kolach-Rozen-2-x-Polki-Grill-Premium-Set-Waga-produktu-z-opakowaniem-jednostkowym-5-5-kg 1500w\" sizes=\"(min-width: 1200px) 560px, (min-width: 992px) 50vw, 100vw\" width=\"1500px\" alt=\"Grill Ogrodowy W\u0119glowy Du\u017cy na ko\u0142ach Ro\u017cen 2 x P\u00f3\u0142ki Grill Premium Set Waga produktu z opakowaniem jednostkowym 5.5 kg\" style=\"max-width: 100%; height: auto; display: block; margin: 0 auto;\"><\/div>\n<\/div>\n<\/div>\n<\/div>\n<\/div>\n<div style=\"clear: both; display: block; margin: 10px 0;\">\n<div style=\"clear: both; display: block; margin: 10px 0;\">\n<div  style=\"max-width:772px;max-height:579px\">\n<div style=\"clear: both; display: block; margin: 10px 0;\">\n<div style=\"clear: both; width: 100%; display: block; margin: 20px 0; padding: 0; float: none; position: static; text-align: center;\"><img decoding=\"async\"  src=\"https:\/\/a.allegroimg.com\/original\/11195b\/a364b6614898ac8d8af2b58de067\/Grill-Ogrodowy-Weglowy-Duzy-na-kolach-Rozen-2-x-Polki-Grill-Premium-Set-EAN-GTIN-5902688675912\" srcset=\"https:\/\/a.allegroimg.com\/original\/11195b\/a364b6614898ac8d8af2b58de067\/Grill-Ogrodowy-Weglowy-Duzy-na-kolach-Rozen-2-x-Polki-Grill-Premium-Set-EAN-GTIN-5902688675912 360w,https:\/\/a.allegroimg.com\/original\/11195b\/a364b6614898ac8d8af2b58de067\/Grill-Ogrodowy-Weglowy-Duzy-na-kolach-Rozen-2-x-Polki-Grill-Premium-Set-EAN-GTIN-5902688675912 720w,https:\/\/a.allegroimg.com\/original\/11195b\/a364b6614898ac8d8af2b58de067\/Grill-Ogrodowy-Weglowy-Duzy-na-kolach-Rozen-2-x-Polki-Grill-Premium-Set-EAN-GTIN-5902688675912 772w,https:\/\/a.allegroimg.com\/original\/11195b\/a364b6614898ac8d8af2b58de067\/Grill-Ogrodowy-Weglowy-Duzy-na-kolach-Rozen-2-x-Polki-Grill-Premium-Set-EAN-GTIN-5902688675912 772w\" sizes=\"(min-width: 1200px) 560px, (min-width: 992px) 50vw, 100vw\" width=\"772px\" alt=\"Grill Ogrodowy W\u0119glowy Du\u017cy na ko\u0142ach Ro\u017cen 2 x P\u00f3\u0142ki Grill Premium Set EAN (GTIN) 5902688675912\" style=\"max-width: 100%; height: auto; display: block; margin: 0 auto;\"><\/div>\n<\/div>\n<\/div>\n<\/div>\n<\/div>\n<\/div>\n<div style=\"clear: both; display: block; margin: 10px 0;\">\n<div style=\"clear: both; display: block; margin: 10px 0;\">\n<div style=\"clear: both; display: block; margin: 10px 0;\">\n<div  style=\"max-width:1500px;max-height:1125px\">\n<div style=\"clear: both; display: block; margin: 10px 0;\">\n<div style=\"clear: both; width: 100%; display: block; margin: 20px 0; padding: 0; float: none; position: static; text-align: center;\"><img decoding=\"async\"  src=\"https:\/\/a.allegroimg.com\/original\/11c6ed\/8364e63347acbb2aa58a7d778a0c\" srcset=\"https:\/\/a.allegroimg.com\/original\/11c6ed\/8364e63347acbb2aa58a7d778a0c 360w,https:\/\/a.allegroimg.com\/original\/11c6ed\/8364e63347acbb2aa58a7d778a0c 720w,https:\/\/a.allegroimg.com\/original\/11c6ed\/8364e63347acbb2aa58a7d778a0c 1024w,https:\/\/a.allegroimg.com\/original\/11c6ed\/8364e63347acbb2aa58a7d778a0c 1440w,https:\/\/a.allegroimg.com\/original\/11c6ed\/8364e63347acbb2aa58a7d778a0c 1500w\" sizes=\"(min-width: 1200px) 560px, (min-width: 992px) 50vw, 100vw\" width=\"1500px\" alt=\"\" style=\"max-width: 100%; height: auto; display: block; margin: 0 auto;\"><\/div>\n<\/div>\n<\/div>\n<\/div>\n<\/div>\n<div style=\"clear: both; display: block; margin: 10px 0;\">\n<div style=\"clear: both; display: block; margin: 10px 0;\">\n<h1>\u2733\ufe0f Grill w\u0119glowy<\/h1>\n<h3 style=\"color: #2c5aa0; font-size: 18px; margin: 30px 0 15px 0; font-weight: bold; clear: both; display: block; width: 100%; float: none; position: static;\">Powierzchnia do grillowania:&nbsp;ok. 48,5 x 28,5 cm (szer. x g\u0142.)<\/h3>\n<h3 style=\"color: #2c5aa0; font-size: 18px; margin: 30px 0 15px 0; font-weight: bold; clear: both; display: block; width: 100%; float: none; position: static;\">Pojemnik na w\u0119giel:&nbsp;ok. 1 kg<\/h3>\n<ul style=\"margin: 15px 0; padding-left: 20px; clear: both; display: block; width: 100%; float: none; position: static;\">\n<li style=\"margin: 5px 0; padding: 2px 0; clear: both; display: list-item; float: none; position: static;\"><b>\u2713&nbsp;Z wyjmowanym szpikulcem<\/b><\/li>\n<li style=\"margin: 5px 0; padding: 2px 0; clear: both; display: list-item; float: none; position: static;\"><b>\u2713&nbsp;5 stopni regulacji wysoko\u015bci, chromowany ruszt grilla<\/b><\/li>\n<li style=\"margin: 5px 0; padding: 2px 0; clear: both; display: list-item; float: none; position: static;\"><b>\u2713&nbsp;2 ko\u0142a odpowiednie do u\u017cytku w ogrodzie<\/b><\/li>\n<\/ul>\n<h1>Grill na k\u00f3\u0142kach GRILLMEISTER na w\u0119giel drzewny, z wyjmowanym szpikulcem<\/h1>\n<\/div>\n<\/div>\n<\/div>\n<div style=\"clear: both; display: block; margin: 10px 0;\">\n<div style=\"clear: both; display: block; margin: 10px 0;\">\n<div style=\"clear: both; display: block; margin: 10px 0;\">\n<div  style=\"max-width:1500px;max-height:1125px\">\n<div style=\"clear: both; display: block; margin: 10px 0;\">\n<div style=\"clear: both; width: 100%; display: block; margin: 20px 0; padding: 0; float: none; position: static; text-align: center;\"><img decoding=\"async\"  src=\"https:\/\/a.allegroimg.com\/original\/11c6ed\/8364e63347acbb2aa58a7d778a0c\" srcset=\"https:\/\/a.allegroimg.com\/original\/11c6ed\/8364e63347acbb2aa58a7d778a0c 360w,https:\/\/a.allegroimg.com\/original\/11c6ed\/8364e63347acbb2aa58a7d778a0c 720w,https:\/\/a.allegroimg.com\/original\/11c6ed\/8364e63347acbb2aa58a7d778a0c 1024w,https:\/\/a.allegroimg.com\/original\/11c6ed\/8364e63347acbb2aa58a7d778a0c 1440w,https:\/\/a.allegroimg.com\/original\/11c6ed\/8364e63347acbb2aa58a7d778a0c 1500w\" sizes=\"(min-width: 1200px) 560px, (min-width: 992px) 50vw, 100vw\" width=\"1500px\" alt=\"\" style=\"max-width: 100%; height: auto; display: block; margin: 0 auto;\"><\/div>\n<\/div>\n<\/div>\n<\/div>\n<\/div>\n<div style=\"clear: both; display: block; margin: 10px 0;\">\n<div style=\"clear: both; display: block; margin: 10px 0;\">\n<h1>\u2733\ufe0f Opis produktu<\/h1>\n<ul style=\"margin: 15px 0; padding-left: 20px; clear: both; display: block; width: 100%; float: none; position: static;\">\n<li style=\"margin: 5px 0; padding: 2px 0; clear: both; display: list-item; float: none; position: static;\"><b>z wyjmowanym szpikulcem<\/b> \u2013 idealny do grillowania kurczaka lub szasz\u0142yk\u00f3w<\/li>\n<li style=\"margin: 5px 0; padding: 2px 0; clear: both; display: list-item; float: none; position: static;\"><b>solidna,<\/b> emaliowana misa paleniskowa z os\u0142on\u0105 przed wiatrem<\/li>\n<li style=\"margin: 5px 0; padding: 2px 0; clear: both; display: list-item; float: none; position: static;\"><b>wygodna wysoko\u015b\u0107 robocza <\/b>ok. 70\u201385 cm<\/li>\n<li style=\"margin: 5px 0; padding: 2px 0; clear: both; display: list-item; float: none; position: static;\"><b>5 stopni regulacji wysoko\u015bci,<\/b> chromowany ruszt grilla, z wyjmowanymi uchwytami<\/li>\n<li style=\"margin: 5px 0; padding: 2px 0; clear: both; display: list-item; float: none; position: static;\"><b>drewniane uchwyty, stolik boczny i powierzchnia do przechowywania<\/b><\/li>\n<li style=\"margin: 5px 0; padding: 2px 0; clear: both; display: list-item; float: none; position: static;\"><b>z 2 k\u00f3\u0142kami<\/b> odpowiednimi do pracy w ogrodzie i wygodnym uchwytem transportowym<\/li>\n<li style=\"margin: 5px 0; padding: 2px 0; clear: both; display: list-item; float: none; position: static;\"><b>lekki, wytrzyma\u0142y i stabilny<\/b><\/li>\n<li style=\"margin: 5px 0; padding: 2px 0; clear: both; display: list-item; float: none; position: static;\"><b>stabilna rama <\/b>z lakierowanej blachy stalowej<\/li>\n<li style=\"margin: 5px 0; padding: 2px 0; clear: both; display: list-item; float: none; position: static;\">pojemno\u015b\u0107 w\u0119gla drzewnego:<b> ok. 1 kg<\/b><\/li>\n<li style=\"margin: 5px 0; padding: 2px 0; clear: both; display: list-item; float: none; position: static;\"><b>prosty monta\u017c <\/b>\u2013 z materia\u0142em i instrukcj\u0105<\/li>\n<\/ul>\n<\/div>\n<\/div>\n<\/div>\n<div style=\"clear: both; display: block; margin: 10px 0;\">\n<div style=\"clear: both; display: block; margin: 10px 0;\">\n<div style=\"clear: both; display: block; margin: 10px 0;\">\n<div  style=\"max-width:2560px;max-height:2560px\">\n<div style=\"clear: both; display: block; margin: 10px 0;\">\n<div style=\"clear: both; width: 100%; display: block; margin: 20px 0; padding: 0; float: none; position: static; text-align: center;\"><img decoding=\"async\"  src=\"https:\/\/a.allegroimg.com\/original\/11578b\/b98a8788428781def328910b1814\/Grill-Ogrodowy-Weglowy-Duzy-na-kolach-Rozen-2-x-Polki-Grill-Premium-Set-Stan-opakowania-oryginalne\" srcset=\"https:\/\/a.allegroimg.com\/original\/11578b\/b98a8788428781def328910b1814\/Grill-Ogrodowy-Weglowy-Duzy-na-kolach-Rozen-2-x-Polki-Grill-Premium-Set-Stan-opakowania-oryginalne 360w,https:\/\/a.allegroimg.com\/original\/11578b\/b98a8788428781def328910b1814\/Grill-Ogrodowy-Weglowy-Duzy-na-kolach-Rozen-2-x-Polki-Grill-Premium-Set-Stan-opakowania-oryginalne 720w,https:\/\/a.allegroimg.com\/original\/11578b\/b98a8788428781def328910b1814\/Grill-Ogrodowy-Weglowy-Duzy-na-kolach-Rozen-2-x-Polki-Grill-Premium-Set-Stan-opakowania-oryginalne 1024w,https:\/\/a.allegroimg.com\/original\/11578b\/b98a8788428781def328910b1814\/Grill-Ogrodowy-Weglowy-Duzy-na-kolach-Rozen-2-x-Polki-Grill-Premium-Set-Stan-opakowania-oryginalne 1440w,https:\/\/a.allegroimg.com\/original\/11578b\/b98a8788428781def328910b1814\/Grill-Ogrodowy-Weglowy-Duzy-na-kolach-Rozen-2-x-Polki-Grill-Premium-Set-Stan-opakowania-oryginalne 2560w\" sizes=\"(min-width: 1200px) 560px, (min-width: 992px) 50vw, 100vw\" width=\"2560px\" alt=\"Grill Ogrodowy W\u0119glowy Du\u017cy na ko\u0142ach Ro\u017cen 2 x P\u00f3\u0142ki Grill Premium Set Stan opakowania oryginalne\" style=\"max-width: 100%; height: auto; display: block; margin: 0 auto;\"><\/div>\n<\/div>\n<\/div>\n<\/div>\n<\/div>\n<div style=\"clear: both; display: block; margin: 10px 0;\">\n<div style=\"clear: both; display: block; margin: 10px 0;\">\n<h1>\u2733\ufe0f Cechy produktu<\/h1>\n<ul style=\"margin: 15px 0; padding-left: 20px; clear: both; display: block; width: 100%; float: none; position: static;\">\n<li style=\"margin: 5px 0; padding: 2px 0; clear: both; display: list-item; float: none; position: static;\"><b>Rodzaj grilla:<\/b> grill w\u0119glowy<\/li>\n<li style=\"margin: 5px 0; padding: 2px 0; clear: both; display: list-item; float: none; position: static;\"><b>Powierzchnia do grillowania:<\/b> ok. 48,5 x 28,5 cm (szer. x g\u0142.)<\/li>\n<li style=\"margin: 5px 0; padding: 2px 0; clear: both; display: list-item; float: none; position: static;\"><b>Pojemnik na w\u0119giel:<\/b> ok. 1 kg<\/li>\n<li style=\"margin: 5px 0; padding: 2px 0; clear: both; display: list-item; float: none; position: static;\"><b>Wysoko\u015b\u0107 robocza:<\/b> ok. 70-85 cm<\/li>\n<li style=\"margin: 5px 0; padding: 2px 0; clear: both; display: list-item; float: none; position: static;\"><b>K\u00f3\u0142ka:<\/b> tak<\/li>\n<li style=\"margin: 5px 0; padding: 2px 0; clear: both; display: list-item; float: none; position: static;\"><b>Materia\u0142:<\/b> blacha stalowa, drewno, tworzywo sztuczne<\/li>\n<li style=\"margin: 5px 0; padding: 2px 0; clear: both; display: list-item; float: none; position: static;\"><b>Wymiary:<\/b> ok. 84 x 86 x 45 cm<\/li>\n<li style=\"margin: 5px 0; padding: 2px 0; clear: both; display: list-item; float: none; position: static;\"><b>Waga:<\/b> ok. 6,35 kg<\/li>\n<\/ul>\n<\/div>\n<\/div>\n<\/div>\n<div style=\"clear: both; display: block; margin: 10px 0;\">\n<div style=\"clear: both; display: block; margin: 10px 0;\">\n<div style=\"clear: both; display: block; margin: 10px 0;\">\n<h1>\u2728 GOR\u0104CO POLECAM \ud83d\ude09<\/h1>\n<\/div>\n<\/div>\n<\/div>\n<\/div>\n<\/div>\n<\/div>\n<div style=\"clear: both; display: block; margin: 10px 0;\">\n","protected":false},"excerpt":{"rendered":"<p>\u2728Grill Ogrodowy W\u0119glowy Du\u017cy na ko\u0142ach Ro\u017cen 3x P\u00f3\u0142ki Grill Premium Set<\/p>\n<p>\u2733\ufe0f Opis:<\/p>\n<p>Prostok\u0105tny model grilla z drewnianymi tackami<\/p>\n<p>Z rusztem do pieczenia i schowkiem<\/p>\n<p>Na k\u00f3\u0142kach: \u0142atwy do przenoszenia<\/p>\n<p>Czas rozpocz\u0105\u0107 sezon na grilla! Z grillem na k\u00f3\u0142kach mo\u017cesz spokojnie czeka\u0107 na upalne dni, kiedy mo\u017cna b\u0119dzie je\u015b\u0107 na dworze. U\u0142\u00f3\u017c wszystkie pyszno\u015bci na drewnianych deskach, a nast\u0119pnie z \u0142atwo\u015bci\u0105 upiecz je na grillu. Jest te\u017c miejsce na umieszczenie szpadek nad grillem. Wszystko ju\u017c zjedzone? \u0141atwo wtoczysz grilla do szopy.<\/p>\n<p>\u2733\ufe0f Dane techniczne:<\/p>\n","protected":false},"featured_media":15302,"template":"","meta":{"_uag_custom_page_level_css":""},"product_brand":[816],"product_cat":[796,795,541],"product_tag":[],"class_list":{"0":"post-15301","1":"product","2":"type-product","3":"status-publish","4":"has-post-thumbnail","6":"product_brand-activa","7":"product_cat-grille-weglowe","8":"product_cat-grillowanie","9":"product_cat-ogrod","11":"first","12":"instock","13":"sale","14":"shipping-taxable","15":"purchasable","16":"product-type-simple"},"uagb_featured_image_src":{"full":["https:\/\/tivrano.shop\/grill\/wp-content\/uploads\/2026\/03\/allegro-image-15301.jpg",2560,2560,false],"thumbnail":["https:\/\/tivrano.shop\/grill\/wp-content\/uploads\/2026\/03\/allegro-image-15301-150x150.jpg",150,150,true],"medium":["https:\/\/tivrano.shop\/grill\/wp-content\/uploads\/2026\/03\/allegro-image-15301-300x300.jpg",300,300,true],"medium_large":["https:\/\/tivrano.shop\/grill\/wp-content\/uploads\/2026\/03\/allegro-image-15301-768x768.jpg",768,768,true],"large":["https:\/\/tivrano.shop\/grill\/wp-content\/uploads\/2026\/03\/allegro-image-15301-1024x1024.jpg",1024,1024,true],"1536x1536":["https:\/\/tivrano.shop\/grill\/wp-content\/uploads\/2026\/03\/allegro-image-15301-1536x1536.jpg",1536,1536,true],"2048x2048":["https:\/\/tivrano.shop\/grill\/wp-content\/uploads\/2026\/03\/allegro-image-15301-2048x2048.jpg",2048,2048,true],"woocommerce_thumbnail":["https:\/\/tivrano.shop\/grill\/wp-content\/uploads\/2026\/03\/allegro-image-15301-300x300.jpg",300,300,true],"woocommerce_single":["https:\/\/tivrano.shop\/grill\/wp-content\/uploads\/2026\/03\/allegro-image-15301-600x600.jpg",600,600,true],"woocommerce_gallery_thumbnail":["https:\/\/tivrano.shop\/grill\/wp-content\/uploads\/2026\/03\/allegro-image-15301-100x100.jpg",100,100,true]},"uagb_author_info":{"display_name":"admin","author_link":"https:\/\/tivrano.shop\/grill\/author\/"},"uagb_comment_info":0,"uagb_excerpt":"\u2728Grill Ogrodowy W\u0119glowy Du\u017cy na ko\u0142ach Ro\u017cen 3x P\u00f3\u0142ki Grill Premium Set \u2733\ufe0f Opis: Prostok\u0105tny model grilla z drewnianymi tackami Z rusztem do pieczenia i schowkiem Na k\u00f3\u0142kach: \u0142atwy do przenoszenia Czas rozpocz\u0105\u0107 sezon na grilla! Z grillem na k\u00f3\u0142kach mo\u017cesz spokojnie czeka\u0107 na upalne dni, kiedy mo\u017cna b\u0119dzie je\u015b\u0107 na dworze. U\u0142\u00f3\u017c wszystkie pyszno\u015bci&hellip;","_links":{"self":[{"href":"https:\/\/tivrano.shop\/grill\/wp-json\/wp\/v2\/product\/15301","targetHints":{"allow":["GET"]}}],"collection":[{"href":"https:\/\/tivrano.shop\/grill\/wp-json\/wp\/v2\/product"}],"about":[{"href":"https:\/\/tivrano.shop\/grill\/wp-json\/wp\/v2\/types\/product"}],"wp:featuredmedia":[{"embeddable":true,"href":"https:\/\/tivrano.shop\/grill\/wp-json\/wp\/v2\/media\/15302"}],"wp:attachment":[{"href":"https:\/\/tivrano.shop\/grill\/wp-json\/wp\/v2\/media?parent=15301"}],"wp:term":[{"taxonomy":"product_brand","embeddable":true,"href":"https:\/\/tivrano.shop\/grill\/wp-json\/wp\/v2\/product_brand?post=15301"},{"taxonomy":"product_cat","embeddable":true,"href":"https:\/\/tivrano.shop\/grill\/wp-json\/wp\/v2\/product_cat?post=15301"},{"taxonomy":"product_tag","embeddable":true,"href":"https:\/\/tivrano.shop\/grill\/wp-json\/wp\/v2\/product_tag?post=15301"}],"curies":[{"name":"wp","href":"https:\/\/api.w.org\/{rel}","templated":true}]}}