{"id":15245,"date":"2026-03-27T09:28:32","date_gmt":"2026-03-27T08:28:32","guid":{"rendered":"https:\/\/grill-master.shop\/gree\/produkt\/kociolek-zeliwny-na-nozkach-z-pokrywka-na-ognisko-grill-cast-line-8-l\/"},"modified":"2026-03-27T09:28:32","modified_gmt":"2026-03-27T08:28:32","slug":"kociolek-zeliwny-na-nozkach-z-pokrywka-na-ognisko-grill-cast-line-8-l","status":"publish","type":"product","link":"https:\/\/tivrano.shop\/grill\/produkt\/kociolek-zeliwny-na-nozkach-z-pokrywka-na-ognisko-grill-cast-line-8-l\/","title":{"rendered":"Kocio\u0142ek \u017beliwny na N\u00f3\u017ckach z Pokrywk\u0105 na Ognisko Grill CAST LINE 8 l"},"content":{"rendered":"<div style=\"font-family: Arial, sans-serif; line-height: 1.6; color: #333; padding: 20px; clear: both; display: block; width: 100%; float: none; position: static; overflow: hidden;\">\n<div style=\"clear: both; display: block; margin: 10px 0;\">\n<div style=\"clear: both; display: block; margin: 10px 0;\">\n<div style=\"clear: both; display: block; margin: 10px 0;\">\n<h1>Kocio\u0142ek \u017beliwny na N\u00f3\u017ckach z Pokrywk\u0105 na Ognisko Grill CAST LINE 8 l (Ori_199051)<\/h1>\n<p style=\"margin: 15px 0; line-height: 1.8; clear: both; display: block; width: 100%; float: none; position: static;\">Okr\u0105g\u0142y kocio\u0142ek \u017celiwny na n\u00f3\u017ckach z pokrywk\u0105 i uchwytem do zawieszenia. Idealny do gotowania, pieczenia, duszenia oraz sma\u017cenia potraw na ognisku, grillu lub nad otwartym ogniem. Potrawy przygotowane w kocio\u0142ku b\u0119d\u0105 soczyste i aromatyczne. Przydatny w trakcie r\u00f3\u017cnego rodzaju spotka\u0144, uroczysto\u015bci czy imprez organizowanych na \u015bwie\u017cym powietrzu.<\/p>\n<\/div>\n<\/div>\n<div style=\"clear: both; display: block; margin: 10px 0;\">\n<div style=\"clear: both; display: block; margin: 10px 0;\">\n<div  style=\"max-width:1001px;max-height:1001px\">\n<div style=\"clear: both; display: block; margin: 10px 0;\">\n<div style=\"clear: both; width: 100%; display: block; margin: 20px 0; padding: 0; float: none; position: static; text-align: center;\"><img decoding=\"async\"  src=\"https:\/\/a.allegroimg.com\/original\/110b3c\/8adfe2c044a592b2771d8192bae9\/Kociolek-Zeliwny-na-Nozkach-z-Pokrywka-na-Ognisko-Grill-CAST-LINE-8-l\" srcset=\"https:\/\/a.allegroimg.com\/original\/110b3c\/8adfe2c044a592b2771d8192bae9\/Kociolek-Zeliwny-na-Nozkach-z-Pokrywka-na-Ognisko-Grill-CAST-LINE-8-l 360w,https:\/\/a.allegroimg.com\/original\/110b3c\/8adfe2c044a592b2771d8192bae9\/Kociolek-Zeliwny-na-Nozkach-z-Pokrywka-na-Ognisko-Grill-CAST-LINE-8-l 720w,https:\/\/a.allegroimg.com\/original\/110b3c\/8adfe2c044a592b2771d8192bae9\/Kociolek-Zeliwny-na-Nozkach-z-Pokrywka-na-Ognisko-Grill-CAST-LINE-8-l 1001w,https:\/\/a.allegroimg.com\/original\/110b3c\/8adfe2c044a592b2771d8192bae9\/Kociolek-Zeliwny-na-Nozkach-z-Pokrywka-na-Ognisko-Grill-CAST-LINE-8-l 1001w\" sizes=\"(min-width: 1200px) 560px, (min-width: 992px) 50vw, 100vw\" width=\"1001px\" alt=\"Kocio\u0142ek \u017beliwny na N\u00f3\u017ckach z Pokrywk\u0105 na Ognisko Grill CAST LINE 8 l\" style=\"max-width: 100%; height: auto; display: block; margin: 0 auto;\"><\/div>\n<\/div>\n<\/div>\n<\/div>\n<\/div>\n<\/div>\n<div style=\"clear: both; display: block; margin: 10px 0;\">\n<div style=\"clear: both; display: block; margin: 10px 0;\">\n<div style=\"clear: both; display: block; margin: 10px 0;\">\n<h2>Parametry:<\/h2>\n<p style=\"margin: 15px 0; line-height: 1.8; clear: both; display: block; width: 100%; float: none; position: static;\">\u2b50 <b>Materia\u0142<\/b>: \u017celiwo<\/p>\n<p style=\"margin: 15px 0; line-height: 1.8; clear: both; display: block; width: 100%; float: none; position: static;\">\u2b50 <b>D\u0142ugo\u015b\u0107<\/b>: 33 cm<\/p>\n<p style=\"margin: 15px 0; line-height: 1.8; clear: both; display: block; width: 100%; float: none; position: static;\">\u2b50 <b>Szeroko\u015b\u0107<\/b>: 29 cm<\/p>\n<p style=\"margin: 15px 0; line-height: 1.8; clear: both; display: block; width: 100%; float: none; position: static;\">\u2b50 <b>Wysoko\u015b\u0107<\/b>: 35 cm<\/p>\n<p style=\"margin: 15px 0; line-height: 1.8; clear: both; display: block; width: 100%; float: none; position: static;\">\u2b50 <b>Wysoko\u015b\u0107 z pokrywk\u0105<\/b>: 47 cm<\/p>\n<p style=\"margin: 15px 0; line-height: 1.8; clear: both; display: block; width: 100%; float: none; position: static;\">\u2b50 <b>Pojemno\u015b\u0107<\/b>: 8 l<\/p>\n<p style=\"margin: 15px 0; line-height: 1.8; clear: both; display: block; width: 100%; float: none; position: static;\">\u2b50 <b>Waga (g)<\/b>: 10065<\/p>\n<p style=\"margin: 15px 0; line-height: 1.8; clear: both; display: block; width: 100%; float: none; position: static;\">\u2b50 <b>Kolor dominuj\u0105cy<\/b>: czarny<\/p>\n<\/div>\n<\/div>\n<div style=\"clear: both; display: block; margin: 10px 0;\">\n<div style=\"clear: both; display: block; margin: 10px 0;\">\n<div  style=\"max-width:1001px;max-height:1001px\">\n<div style=\"clear: both; display: block; margin: 10px 0;\">\n<div style=\"clear: both; width: 100%; display: block; margin: 20px 0; padding: 0; float: none; position: static; text-align: center;\"><img decoding=\"async\"  src=\"https:\/\/a.allegroimg.com\/original\/11bad3\/0c85e8d247df870839dcb7a4d0f9\/Kociolek-Zeliwny-na-Nozkach-z-Pokrywka-na-Ognisko-Grill-CAST-LINE-8-l-Stan-opakowania-oryginalne\" srcset=\"https:\/\/a.allegroimg.com\/original\/11bad3\/0c85e8d247df870839dcb7a4d0f9\/Kociolek-Zeliwny-na-Nozkach-z-Pokrywka-na-Ognisko-Grill-CAST-LINE-8-l-Stan-opakowania-oryginalne 360w,https:\/\/a.allegroimg.com\/original\/11bad3\/0c85e8d247df870839dcb7a4d0f9\/Kociolek-Zeliwny-na-Nozkach-z-Pokrywka-na-Ognisko-Grill-CAST-LINE-8-l-Stan-opakowania-oryginalne 720w,https:\/\/a.allegroimg.com\/original\/11bad3\/0c85e8d247df870839dcb7a4d0f9\/Kociolek-Zeliwny-na-Nozkach-z-Pokrywka-na-Ognisko-Grill-CAST-LINE-8-l-Stan-opakowania-oryginalne 1001w,https:\/\/a.allegroimg.com\/original\/11bad3\/0c85e8d247df870839dcb7a4d0f9\/Kociolek-Zeliwny-na-Nozkach-z-Pokrywka-na-Ognisko-Grill-CAST-LINE-8-l-Stan-opakowania-oryginalne 1001w\" sizes=\"(min-width: 1200px) 560px, (min-width: 992px) 50vw, 100vw\" width=\"1001px\" alt=\"Kocio\u0142ek \u017beliwny na N\u00f3\u017ckach z Pokrywk\u0105 na Ognisko Grill CAST LINE 8 l Stan opakowania oryginalne\" style=\"max-width: 100%; height: auto; display: block; margin: 0 auto;\"><\/div>\n<\/div>\n<\/div>\n<\/div>\n<\/div>\n<\/div>\n<div style=\"clear: both; display: block; margin: 10px 0;\">\n<div style=\"clear: both; display: block; margin: 10px 0;\">\n<div style=\"clear: both; display: block; margin: 10px 0;\">\n<h2>\u2705 PRAKTYCZNY<\/h2>\n<p style=\"margin: 15px 0; line-height: 1.8; clear: both; display: block; width: 100%; float: none; position: static;\">Kocio\u0142ek \u017celiwny na n\u00f3\u017ckach z pokryw\u0105 oraz uchwytem. Kocio\u0142ek o \u015brednicy 25,5 cm i pojemno\u015bci 8 l. Wymiary zewn\u0119trzne kocio\u0142ka z pokrywk\u0105 i n\u00f3\u017ckami: 33 x 29 x 47 cm, wysoko\u015b\u0107 kocio\u0142ka bez pokrywy wynosi 35 cm. Idealne sprawdzi si\u0119 do przygotowywania da\u0144 w ogrodzie, na kempingu, przy grillu czy te\u017c ognisku.<\/p>\n<h2>\u2705 \u017bELIWNY<\/h2>\n<p style=\"margin: 15px 0; line-height: 1.8; clear: both; display: block; width: 100%; float: none; position: static;\">Garnek i pokrywka wykonane s\u0105 w ca\u0142o\u015bci z odlewu \u017celiwa w czarnym kolorze. Kocio\u0142ek jest ci\u0119\u017cki, wytrzyma\u0142y i odporny na wysokie temperatury. D\u0142ugo utrzymuje temperatur\u0119 oraz r\u00f3wnomiernie j\u0105 rozprowadza, co sprawia, \u017ce potrawy gotuj\u0105 si\u0119 szybciej.<\/p>\n<\/div>\n<\/div>\n<div style=\"clear: both; display: block; margin: 10px 0;\">\n<div style=\"clear: both; display: block; margin: 10px 0;\">\n<div  style=\"max-width:1001px;max-height:1001px\">\n<div style=\"clear: both; display: block; margin: 10px 0;\">\n<div style=\"clear: both; width: 100%; display: block; margin: 20px 0; padding: 0; float: none; position: static; text-align: center;\"><img decoding=\"async\"  src=\"https:\/\/a.allegroimg.com\/original\/11b018\/81872d2140a6ab6ec1738a08e426\/Kociolek-Zeliwny-na-Nozkach-z-Pokrywka-na-Ognisko-Grill-CAST-LINE-8-l-Producent-Vilde\" srcset=\"https:\/\/a.allegroimg.com\/original\/11b018\/81872d2140a6ab6ec1738a08e426\/Kociolek-Zeliwny-na-Nozkach-z-Pokrywka-na-Ognisko-Grill-CAST-LINE-8-l-Producent-Vilde 360w,https:\/\/a.allegroimg.com\/original\/11b018\/81872d2140a6ab6ec1738a08e426\/Kociolek-Zeliwny-na-Nozkach-z-Pokrywka-na-Ognisko-Grill-CAST-LINE-8-l-Producent-Vilde 720w,https:\/\/a.allegroimg.com\/original\/11b018\/81872d2140a6ab6ec1738a08e426\/Kociolek-Zeliwny-na-Nozkach-z-Pokrywka-na-Ognisko-Grill-CAST-LINE-8-l-Producent-Vilde 1001w,https:\/\/a.allegroimg.com\/original\/11b018\/81872d2140a6ab6ec1738a08e426\/Kociolek-Zeliwny-na-Nozkach-z-Pokrywka-na-Ognisko-Grill-CAST-LINE-8-l-Producent-Vilde 1001w\" sizes=\"(min-width: 1200px) 560px, (min-width: 992px) 50vw, 100vw\" width=\"1001px\" alt=\"Kocio\u0142ek \u017beliwny na N\u00f3\u017ckach z Pokrywk\u0105 na Ognisko Grill CAST LINE 8 l Producent Vilde\" style=\"max-width: 100%; height: auto; display: block; margin: 0 auto;\"><\/div>\n<\/div>\n<\/div>\n<\/div>\n<\/div>\n<\/div>\n<div style=\"clear: both; display: block; margin: 10px 0;\">\n<div style=\"clear: both; display: block; margin: 10px 0;\">\n<div style=\"clear: both; display: block; margin: 10px 0;\">\n<h2>\u2705 SOLIDNY<\/h2>\n<p style=\"margin: 15px 0; line-height: 1.8; clear: both; display: block; width: 100%; float: none; position: static;\">Odpowiednio u\u017cytkowany kocio\u0142ek pos\u0142u\u017cy nam d\u0142ugie lata. Po ka\u017cdym u\u017cyciu umy\u0107, wytrze\u0107 such\u0105 szmatk\u0105 do sucha i nat\u0142u\u015bci\u0107. Nie nadaje si\u0119 do mycia w zmywarce do naczy\u0144. Kocio\u0142ek jest stabilny, usadowiony na trzech n\u00f3\u017ckach, kt\u00f3re umo\u017cliwiaj\u0105 bezpieczne ustawienie go na ognisku lub nad paleniskiem.<\/p>\n<h2>\u2705 UNIWERSALNY<\/h2>\n<p style=\"margin: 15px 0; line-height: 1.8; clear: both; display: block; width: 100%; float: none; position: static;\">Kocio\u0142ek idealnie nadaje si\u0119 do przygotowywania wszelkiego rodzaju da\u0144 z mi\u0119sa i warzyw. Dania przygotowane w kocio\u0142ku maj\u0105 wyj\u0105tkowy smak i aromat, praktycznie niemo\u017cliwy do osi\u0105gni\u0119cia w tradycyjnej kuchni.<\/p>\n<\/div>\n<\/div>\n<div style=\"clear: both; display: block; margin: 10px 0;\">\n<div style=\"clear: both; display: block; margin: 10px 0;\">\n<div  style=\"max-width:1001px;max-height:1001px\">\n<div style=\"clear: both; display: block; margin: 10px 0;\">\n<div style=\"clear: both; width: 100%; display: block; margin: 20px 0; padding: 0; float: none; position: static; text-align: center;\"><img decoding=\"async\"  src=\"https:\/\/a.allegroimg.com\/original\/1157e9\/5a9a1bcc4dabb501365edd728dc1\/Kociolek-Zeliwny-na-Nozkach-z-Pokrywka-na-Ognisko-Grill-CAST-LINE-8-l-Pojemnosc-8-l\" srcset=\"https:\/\/a.allegroimg.com\/original\/1157e9\/5a9a1bcc4dabb501365edd728dc1\/Kociolek-Zeliwny-na-Nozkach-z-Pokrywka-na-Ognisko-Grill-CAST-LINE-8-l-Pojemnosc-8-l 360w,https:\/\/a.allegroimg.com\/original\/1157e9\/5a9a1bcc4dabb501365edd728dc1\/Kociolek-Zeliwny-na-Nozkach-z-Pokrywka-na-Ognisko-Grill-CAST-LINE-8-l-Pojemnosc-8-l 720w,https:\/\/a.allegroimg.com\/original\/1157e9\/5a9a1bcc4dabb501365edd728dc1\/Kociolek-Zeliwny-na-Nozkach-z-Pokrywka-na-Ognisko-Grill-CAST-LINE-8-l-Pojemnosc-8-l 1001w,https:\/\/a.allegroimg.com\/original\/1157e9\/5a9a1bcc4dabb501365edd728dc1\/Kociolek-Zeliwny-na-Nozkach-z-Pokrywka-na-Ognisko-Grill-CAST-LINE-8-l-Pojemnosc-8-l 1001w\" sizes=\"(min-width: 1200px) 560px, (min-width: 992px) 50vw, 100vw\" width=\"1001px\" alt=\"Kocio\u0142ek \u017beliwny na N\u00f3\u017ckach z Pokrywk\u0105 na Ognisko Grill CAST LINE 8 l Pojemno\u015b\u0107 8 l\" style=\"max-width: 100%; height: auto; display: block; margin: 0 auto;\"><\/div>\n<\/div>\n<\/div>\n<\/div>\n<\/div>\n<\/div>\n<div style=\"clear: both; display: block; margin: 10px 0;\">\n<div style=\"clear: both; display: block; margin: 10px 0;\">\n<div style=\"clear: both; display: block; margin: 10px 0;\">\n<h2>\u2705 WYGODNY W U\u017bYTKOWANIU<\/h2>\n<p style=\"margin: 15px 0; line-height: 1.8; clear: both; display: block; width: 100%; float: none; position: static;\">Kocio\u0142ek posiada wygodny, masywny uchwyt do przenoszenia. Dodatkowo kocio\u0142ek posiada z boku dwa ma\u0142e uchwyty, kt\u00f3re r\u00f3wnie\u017c zapewni\u0105 komfortowe korzystanie z garnka. Pokrywa posiada otw\u00f3r wentylacyjny oraz dwie \u015bruby dokr\u0119caj\u0105ce pokryw\u0119.<\/p>\n<\/div>\n<\/div>\n<div style=\"clear: both; display: block; margin: 10px 0;\">\n<div style=\"clear: both; display: block; margin: 10px 0;\">\n<div  style=\"max-width:1001px;max-height:1001px\">\n<div style=\"clear: both; display: block; margin: 10px 0;\">\n<div style=\"clear: both; width: 100%; display: block; margin: 20px 0; padding: 0; float: none; position: static; text-align: center;\"><img decoding=\"async\"  src=\"https:\/\/a.allegroimg.com\/original\/11d7b7\/381bf3084a57adbacfcde7c1098d\/Kociolek-Zeliwny-na-Nozkach-z-Pokrywka-na-Ognisko-Grill-CAST-LINE-8-l-Kod-producenta-5904316471897\" srcset=\"https:\/\/a.allegroimg.com\/original\/11d7b7\/381bf3084a57adbacfcde7c1098d\/Kociolek-Zeliwny-na-Nozkach-z-Pokrywka-na-Ognisko-Grill-CAST-LINE-8-l-Kod-producenta-5904316471897 360w,https:\/\/a.allegroimg.com\/original\/11d7b7\/381bf3084a57adbacfcde7c1098d\/Kociolek-Zeliwny-na-Nozkach-z-Pokrywka-na-Ognisko-Grill-CAST-LINE-8-l-Kod-producenta-5904316471897 720w,https:\/\/a.allegroimg.com\/original\/11d7b7\/381bf3084a57adbacfcde7c1098d\/Kociolek-Zeliwny-na-Nozkach-z-Pokrywka-na-Ognisko-Grill-CAST-LINE-8-l-Kod-producenta-5904316471897 1001w,https:\/\/a.allegroimg.com\/original\/11d7b7\/381bf3084a57adbacfcde7c1098d\/Kociolek-Zeliwny-na-Nozkach-z-Pokrywka-na-Ognisko-Grill-CAST-LINE-8-l-Kod-producenta-5904316471897 1001w\" sizes=\"(min-width: 1200px) 560px, (min-width: 992px) 50vw, 100vw\" width=\"1001px\" alt=\"Kocio\u0142ek \u017beliwny na N\u00f3\u017ckach z Pokrywk\u0105 na Ognisko Grill CAST LINE 8 l Kod producenta 5904316471897\" style=\"max-width: 100%; height: auto; display: block; margin: 0 auto;\"><\/div>\n<\/div>\n<\/div>\n<\/div>\n<\/div>\n<\/div>\n<div style=\"clear: both; display: block; margin: 10px 0;\">\n<div style=\"clear: both; display: block; margin: 10px 0;\">\n<div style=\"clear: both; display: block; margin: 10px 0;\">\n<div  style=\"max-width:241px;max-height:99px\">\n<div style=\"clear: both; display: block; margin: 10px 0;\">\n<div style=\"clear: both; width: 100%; display: block; margin: 20px 0; padding: 0; float: none; position: static; text-align: center;\"><img decoding=\"async\"  src=\"https:\/\/a.allegroimg.com\/original\/115cc3\/d4f47cec45459d53c3a0ea5d2808\" srcset=\"https:\/\/a.allegroimg.com\/original\/115cc3\/d4f47cec45459d53c3a0ea5d2808 241w,https:\/\/a.allegroimg.com\/original\/115cc3\/d4f47cec45459d53c3a0ea5d2808 241w\" sizes=\"(min-width: 1200px) 560px, (min-width: 992px) 50vw, 100vw\" width=\"241px\" alt=\"\" style=\"max-width: 100%; height: auto; display: block; margin: 0 auto;\"><\/div>\n<\/div>\n<\/div>\n<\/div>\n<\/div>\n<div style=\"clear: both; display: block; margin: 10px 0;\">\n<div style=\"clear: both; display: block; margin: 10px 0;\">\n<p style=\"margin: 15px 0; line-height: 1.8; clear: both; display: block; width: 100%; float: none; position: static;\">Firma <b>ORION<\/b> to jedno z najwi\u0119kszych przedsi\u0119biorstw dzia\u0142aj\u0105cych w bran\u017cy AGD. Wyr\u00f3\u017cnia si\u0119 produktami wysokiej jako\u015bci, kt\u00f3re pomagaj\u0105 w codziennym funkcjonowaniu gospodarstwa domowego. Zosta\u0142a za\u0142o\u017cona w 1992 roku w Czechach. Od tamtej pory cieszy si\u0119 ogromnym powodzeniem na rynku, oferuj\u0105c rozmaite akcesoria do domu, kuchni, \u0142azienki i ogrodu.<\/p>\n<\/div>\n<\/div>\n<\/div>\n<\/div>\n<\/div>\n<\/div>\n<div style=\"clear: both; display: block; margin: 10px 0;\">\n","protected":false},"excerpt":{"rendered":"<p>Kocio\u0142ek \u017beliwny na N\u00f3\u017ckach z Pokrywk\u0105 na Ognisko Grill CAST LINE 8 l (Ori_199051)<\/p>\n<p>Okr\u0105g\u0142y kocio\u0142ek \u017celiwny na n\u00f3\u017ckach z pokrywk\u0105 i uchwytem do zawieszenia. Idealny do gotowania, pieczenia, duszenia oraz sma\u017cenia potraw na ognisku, grillu lub nad otwartym ogniem. Potrawy przygotowane w kocio\u0142ku b\u0119d\u0105 soczyste i aromatyczne. Przydatny w trakcie r\u00f3\u017cnego rodzaju spotka\u0144, uroczysto\u015bci czy imprez organizowanych na \u015bwie\u017cym powietrzu.<\/p>\n<p>Parametry:<\/p>\n<p>\u2b50 Materia\u0142: \u017celiwo<\/p>\n<p>\u2b50 D\u0142ugo\u015b\u0107: 33 cm<\/p>\n<p>\u2b50 Szeroko\u015b\u0107: 29 cm<\/p>\n<p>\u2b50 Wysoko\u015b\u0107: 35 cm<\/p>\n<p>\u2b50 Wysoko\u015b\u0107 z pokrywk\u0105: 47 cm<\/p>\n","protected":false},"featured_media":15246,"template":"","meta":{"_uag_custom_page_level_css":""},"product_brand":[830],"product_cat":[795,825,541],"product_tag":[],"class_list":{"0":"post-15245","1":"product","2":"type-product","3":"status-publish","4":"has-post-thumbnail","6":"product_brand-vilde","7":"product_cat-grillowanie","8":"product_cat-kociolki","9":"product_cat-ogrod","11":"first","12":"instock","13":"sale","14":"shipping-taxable","15":"purchasable","16":"product-type-simple"},"uagb_featured_image_src":{"full":["https:\/\/tivrano.shop\/grill\/wp-content\/uploads\/2026\/03\/allegro-image-15245.jpg",1001,1001,false],"thumbnail":["https:\/\/tivrano.shop\/grill\/wp-content\/uploads\/2026\/03\/allegro-image-15245-150x150.jpg",150,150,true],"medium":["https:\/\/tivrano.shop\/grill\/wp-content\/uploads\/2026\/03\/allegro-image-15245-300x300.jpg",300,300,true],"medium_large":["https:\/\/tivrano.shop\/grill\/wp-content\/uploads\/2026\/03\/allegro-image-15245-768x768.jpg",768,768,true],"large":["https:\/\/tivrano.shop\/grill\/wp-content\/uploads\/2026\/03\/allegro-image-15245.jpg",1001,1001,false],"1536x1536":["https:\/\/tivrano.shop\/grill\/wp-content\/uploads\/2026\/03\/allegro-image-15245.jpg",1001,1001,false],"2048x2048":["https:\/\/tivrano.shop\/grill\/wp-content\/uploads\/2026\/03\/allegro-image-15245.jpg",1001,1001,false],"woocommerce_thumbnail":["https:\/\/tivrano.shop\/grill\/wp-content\/uploads\/2026\/03\/allegro-image-15245-300x300.jpg",300,300,true],"woocommerce_single":["https:\/\/tivrano.shop\/grill\/wp-content\/uploads\/2026\/03\/allegro-image-15245-600x600.jpg",600,600,true],"woocommerce_gallery_thumbnail":["https:\/\/tivrano.shop\/grill\/wp-content\/uploads\/2026\/03\/allegro-image-15245-100x100.jpg",100,100,true]},"uagb_author_info":{"display_name":"admin","author_link":"https:\/\/tivrano.shop\/grill\/author\/"},"uagb_comment_info":0,"uagb_excerpt":"Kocio\u0142ek \u017beliwny na N\u00f3\u017ckach z Pokrywk\u0105 na Ognisko Grill CAST LINE 8 l (Ori_199051) Okr\u0105g\u0142y kocio\u0142ek \u017celiwny na n\u00f3\u017ckach z pokrywk\u0105 i uchwytem do zawieszenia. Idealny do gotowania, pieczenia, duszenia oraz sma\u017cenia potraw na ognisku, grillu lub nad otwartym ogniem. Potrawy przygotowane w kocio\u0142ku b\u0119d\u0105 soczyste i aromatyczne. Przydatny w trakcie r\u00f3\u017cnego rodzaju spotka\u0144, uroczysto\u015bci&hellip;","_links":{"self":[{"href":"https:\/\/tivrano.shop\/grill\/wp-json\/wp\/v2\/product\/15245","targetHints":{"allow":["GET"]}}],"collection":[{"href":"https:\/\/tivrano.shop\/grill\/wp-json\/wp\/v2\/product"}],"about":[{"href":"https:\/\/tivrano.shop\/grill\/wp-json\/wp\/v2\/types\/product"}],"wp:featuredmedia":[{"embeddable":true,"href":"https:\/\/tivrano.shop\/grill\/wp-json\/wp\/v2\/media\/15246"}],"wp:attachment":[{"href":"https:\/\/tivrano.shop\/grill\/wp-json\/wp\/v2\/media?parent=15245"}],"wp:term":[{"taxonomy":"product_brand","embeddable":true,"href":"https:\/\/tivrano.shop\/grill\/wp-json\/wp\/v2\/product_brand?post=15245"},{"taxonomy":"product_cat","embeddable":true,"href":"https:\/\/tivrano.shop\/grill\/wp-json\/wp\/v2\/product_cat?post=15245"},{"taxonomy":"product_tag","embeddable":true,"href":"https:\/\/tivrano.shop\/grill\/wp-json\/wp\/v2\/product_tag?post=15245"}],"curies":[{"name":"wp","href":"https:\/\/api.w.org\/{rel}","templated":true}]}}